{"id":20988,"date":"2018-01-02T00:59:46","date_gmt":"2018-01-02T00:59:46","guid":{"rendered":"http:\/\/biblian.is\/videy\/fjorda-mosebok-22-kafli\/"},"modified":"2018-01-02T00:59:46","modified_gmt":"2018-01-02T00:59:46","slug":"fjorda-mosebok-22-kafli","status":"publish","type":"page","link":"https:\/\/biblian.is\/videy\/fjorda-mosebok-22-kafli\/","title":{"rendered":"Fj\u00f3r\u00f0a M\u00f3seb\u00f3k 22. kafli"},"content":{"rendered":"<div class=\"fyrirsognVidey\">Balak sendir tvisvar eftir B\u00edleam. Asnan talar.<\/div>\n<p><a name=\"1\"><span class=\"versanumer\">1<\/span><\/a>Eftir \u00feetta h\u00e9ldu \u00cdsraelsb\u00f6rn \u00e1fram og settu herb\u00fa\u00f0ir s\u00ednar \u00e1 M\u00f3ab\u00edtanna hrj\u00f3strugu v\u00f6llum hinumegin J\u00f3rdanar, gegnt Jer\u00edk\u00f3;<a name=\"2\"><span class=\"versanumer\">2<\/span><\/a>og sem Balak sonur Sippors f\u00e9kk a\u00f0 vita allt sem \u00cdsrael haf\u00f0i gj\u00f6rt M\u00f3ab\u00edtunum,<a name=\"3\"><span class=\"versanumer\">3<\/span><\/a>\u00fe\u00e1 \u00f3ttu\u00f0ust M\u00f3ab\u00edtarnir mikillega \u00feennan l\u00fd\u00f0, \u00fev\u00ed hann var fj\u00f6lmennur, og \u00feeim st\u00f3\u00f0 stuggur af \u00cdsraelsb\u00f6rnum.<a name=\"4\"><span class=\"versanumer\">4<\/span><\/a>\u00deess vegna s\u00f6g\u00f0u M\u00f3ab\u00edtarnir vi\u00f0 \u00f6ldunga Mid\u00edan\u00edtanna: n\u00fa mun \u00feessi skari uppeta allt \u00ed kringum oss, eins og uxar uppeta grasi\u00f0 \u00e1 j\u00f6r\u00f0unni! En Balak sonur Sippors var \u00ed \u00feann t\u00edma k\u00f3ngur M\u00f3ab\u00edtanna;<a name=\"5\"><span class=\"versanumer\">5<\/span><\/a>og hann sendi sendimenn til B\u00edleams sonar Beors \u00ed Petor, sem liggur hj\u00e1 Efrat \u00ed hans f\u00f6\u00f0urlandi, a\u00f0 \u00feeir skyldu s\u00e6kja hann, og segja svo: sj\u00e1! l\u00fd\u00f0ur er \u00fatgenginn af Egyptalandi, sem hylur allt landi\u00f0, og hann hefur teki\u00f0 s\u00e9r b\u00f3lfestu gagnvart m\u00e9r.<a name=\"6\"><span class=\"versanumer\">6<\/span><\/a>Kom \u00fear fyrir og l\u00fds fyrir mig \u00f3b\u00e6num yfir \u00feessum l\u00fd\u00f0, \u00fev\u00ed hann er styrkvari en eg; ske kann a\u00f0 eg \u00fe\u00e1 geti sigra\u00f0 hann og reki\u00f0 af landi burt, \u00fev\u00ed eg veit a\u00f0 s\u00e1 er blessa\u00f0ur sem \u00fe\u00fa blessar og s\u00e1 b\u00f6lva\u00f0ur sem \u00fe\u00fa l\u00fdsir \u00f3b\u00e6num yfir!<a name=\"7\"><span class=\"versanumer\">7<\/span><\/a>\u00d6ldungar M\u00f3ab\u00edtanna og Mid\u00edan\u00edtanna f\u00f3ru \u00fe\u00e1 af sta\u00f0, h\u00f6f\u00f0u me\u00f0 s\u00e9r sp\u00e1sagnarlaunin, komu til B\u00edleams, og s\u00f6g\u00f0u honum or\u00f0 Balaks.<a name=\"8\"><span class=\"versanumer\">8<\/span><\/a>En hann sag\u00f0i vi\u00f0 \u00fe\u00e1: veri\u00f0 h\u00e9r \u00ed n\u00f3tt og eg skal svara ykkur eftir \u00fev\u00ed sem Drottinn segir m\u00e9r; og h\u00f6f\u00f0ingjar M\u00f3ab\u00edta v\u00f3ru hj\u00e1 B\u00edleam.<a name=\"9\"><span class=\"versanumer\">9<\/span><\/a>En Gu\u00f0 kom til B\u00edleams og sag\u00f0i: Hva\u00f0a menn eru \u00fea\u00f0 sem eru hj\u00e1 \u00fe\u00e9r?<a name=\"10\"><span class=\"versanumer\">10<\/span><\/a>B\u00edleam svara\u00f0i: Balak sonur Sippors, k\u00f3ngur M\u00f3ab\u00edta, gj\u00f6r\u00f0i m\u00e9r \u00feau bo\u00f0,<a name=\"11\"><span class=\"versanumer\">11<\/span><\/a>sj\u00e1! h\u00e9r er l\u00fd\u00f0ur kominn af Egyptalandi sem hylur allt landi\u00f0, kom og l\u00fds \u00f3b\u00e6num yfir honum fyrir mig, ske kann a\u00f0 eg \u00fe\u00e1 geti barist vi\u00f0 hann og reki\u00f0 \u00e1 burt.<a name=\"12\"><span class=\"versanumer\">12<\/span><\/a>En Gu\u00f0 sag\u00f0i vi\u00f0 B\u00edleam: far \u00fe\u00fa ekki me\u00f0 \u00feeim, og l\u00fds ekki \u00f3b\u00e6num yfir \u00feessum l\u00fd\u00f0, \u00fev\u00ed hann er blessa\u00f0ur!<a name=\"13\"><span class=\"versanumer\">13<\/span><\/a>\u00de\u00e1 reis B\u00edleam \u00e1rla \u00far rekkju og sag\u00f0i vi\u00f0 h\u00f6f\u00f0ingja Balaks: fari\u00f0 \u00ed land y\u00f0ar, \u00fev\u00ed Drottinn vill ekki leyfa m\u00e9r a\u00f0 fara me\u00f0 y\u00f0ur.<a name=\"14\"><span class=\"versanumer\">14<\/span><\/a>H\u00f6f\u00f0ingjar M\u00f3ab\u00edtanna f\u00f3ru \u00fe\u00e1 af sta\u00f0 og komu til Balaks og s\u00f6g\u00f0u: B\u00edleam f\u00e6r\u00f0ist undan a\u00f0 fara me\u00f0 oss.<a name=\"15\"><span class=\"versanumer\">15<\/span><\/a>\u00de\u00e1 sendi Balak \u00ed anna\u00f0 sinn fleiri og \u00e1g\u00e6tari h\u00f6f\u00f0ingja en hinir v\u00f3ru;<a name=\"16\"><span class=\"versanumer\">16<\/span><\/a>og sem \u00feeir komu til B\u00edleams, s\u00f6g\u00f0u \u00feeir vi\u00f0 hann: svo segir Balak, sonur Sippors: skorast ekki undan a\u00f0 koma til m\u00edn!<a name=\"17\"><span class=\"versanumer\">17<\/span><\/a>\u00fev\u00ed eg vil veita \u00fe\u00e9r mikla s\u00e6md, og allt sem \u00fe\u00fa segir m\u00e9r skal eg gj\u00f6ra, kom og l\u00fds fyrir mig \u00f3b\u00e6num yfir \u00feessum l\u00fd\u00f0!<a name=\"18\"><span class=\"versanumer\">18<\/span><\/a>En B\u00edleam svara\u00f0i \u00fej\u00f3num Balaks og sag\u00f0i: jafnvel \u00fe\u00f3 Balak vildi gefa m\u00e9r h\u00fas sitt fullt me\u00f0 gull og silfur, m\u00e6tti eg samt ekki gj\u00f6ra \u00e1 m\u00f3ti bo\u00f0i Drottins, m\u00edns Gu\u00f0s, me\u00f0 \u00fev\u00ed a\u00f0 gj\u00f6ra \u00ed \u00feessu efni miki\u00f0 e\u00f0a l\u00edti\u00f0,<a name=\"19\"><span class=\"versanumer\">19<\/span><\/a>en veri\u00f0 l\u00edka h\u00e9r \u00ed n\u00f3tt a\u00f0 eg megi skynja hva\u00f0 Drottinn enn fremur vill vi\u00f0 mig tala.<a name=\"20\"><span class=\"versanumer\">20<\/span><\/a>\u00de\u00e1 kom Gu\u00f0 um n\u00f3ttina til B\u00edleams og sag\u00f0i vi\u00f0 hann: ef menn \u00feessir eru komnir til a\u00f0 s\u00e6kja \u00feig, \u00fe\u00e1 r\u00eds upp og far me\u00f0 \u00feeim, en samt skaltu gj\u00f6ra \u00fea\u00f0 sem eg segi \u00fe\u00e9r!<a name=\"21\"><span class=\"versanumer\">21<\/span><\/a>B\u00edleam reis \u00fear fyrir \u00e1rla \u00far rekkju, s\u00f6\u00f0la\u00f0i \u00f6snu s\u00edna og f\u00f3r af sta\u00f0 me\u00f0 h\u00f6f\u00f0ingjum M\u00f3ab\u00edtanna.<a name=\"22\"><span class=\"versanumer\">22<\/span><\/a>En Gu\u00f0 reiddist mj\u00f6g af \u00fev\u00ed a\u00f0 hann vildi fara \u00feanga\u00f0, og engill Drottins nam sta\u00f0ar \u00e1 veginum til a\u00f0 standa fyrir honum; en hann rei\u00f0 \u00f6snu sinni og haf\u00f0i tvo \u00fej\u00f3na me\u00f0 s\u00e9r.<a name=\"23\"><span class=\"versanumer\">23<\/span><\/a>Og sem asnan s\u00e1 engil Drottins standa \u00ed g\u00f6tunni me\u00f0 brug\u00f0nu sver\u00f0i \u00ed hendi s\u00e9r, sneri h\u00fan \u00fat af veginum og inn \u00e1 akurlendi\u00f0, en B\u00edleam sl\u00f3 \u00ed hana svo h\u00fan skyldi fara veginn.<a name=\"24\"><span class=\"versanumer\">24<\/span><\/a>\u00de\u00e1 st\u00f3\u00f0 engill Drottins \u00e1 stig einum sem var \u00e1 milli tveggja v\u00edngar\u00f0a og var grj\u00f3tgar\u00f0ur \u00e1 b\u00e1\u00f0ar hli\u00f0ar.<a name=\"25\"><span class=\"versanumer\">25<\/span><\/a>En sem asnan s\u00e1 engil Drottins, \u00ferengdi h\u00fan s\u00e9r upp a\u00f0 gar\u00f0inum og var\u00f0 f\u00f3tur B\u00edleams \u00e1 milli, sl\u00f3 hann \u00fe\u00e1 \u00ed hana aftur.<a name=\"26\"><span class=\"versanumer\">26<\/span><\/a>\u00de\u00e1 gekk engill Drottins enn aftur framhj\u00e1 og nam sta\u00f0ar \u00e1 einst\u00edgi, hvar ekki var m\u00f6gulegt a\u00f0 v\u00edkja til h\u00e6gri e\u00f0a vinstri.<a name=\"27\"><span class=\"versanumer\">27<\/span><\/a>Sem n\u00fa asnan s\u00e1 engil Drottins, lag\u00f0ist h\u00fan undir B\u00edleam, \u00fe\u00e1 reiddist B\u00edleam og sl\u00f3 \u00ed hana me\u00f0 staf s\u00ednum.<a name=\"28\"><span class=\"versanumer\">28<\/span><\/a>N\u00fa upplauk Drottinn \u00f6snunnar munni og h\u00fan sag\u00f0i vi\u00f0 B\u00edleam: hva\u00f0 hefi eg gj\u00f6rt \u00fe\u00e9r, a\u00f0 \u00fe\u00fa n\u00fa hefir slegi\u00f0 mig \u00ferisvar?<a name=\"29\"><span class=\"versanumer\">29<\/span><\/a>En B\u00edleam sag\u00f0i: af \u00fev\u00ed a\u00f0 \u00fe\u00fa hefir skaprauna\u00f0 m\u00e9r! v\u00e6ri svo vel a\u00f0 eg n\u00fa hef\u00f0i sver\u00f0 \u00ed hendi m\u00e9r skyldi eg strax drepa \u00feig!<a name=\"30\"><span class=\"versanumer\">30<\/span><\/a>\u00de\u00e1 sag\u00f0i asnan vi\u00f0 B\u00edleam: er eg ekki \u00fe\u00edn asna, sem \u00fe\u00fa hefur ri\u00f0i\u00f0 \u00fe\u00edna t\u00ed\u00f0 allt til \u00feessa dags, hefi eg nokkurn t\u00edma veri\u00f0 v\u00f6n a\u00f0 gj\u00f6ra \u00fe\u00e9r \u00feetta? en hann svara\u00f0i: nei!<a name=\"31\"><span class=\"versanumer\">31<\/span><\/a>\u00de\u00e1 upplauk Drottinn augum B\u00edleams, svo hann s\u00e1 engil Drottins standa \u00ed g\u00f6tunni me\u00f0 brug\u00f0nu sver\u00f0i \u00ed hendi s\u00e9r, og hann laut honum og f\u00e9ll fram \u00e1 s\u00edna \u00e1sj\u00f3nu.<a name=\"32\"><span class=\"versanumer\">32<\/span><\/a>En engill Drottins sag\u00f0i vi\u00f0 hann: hvar fyrir hefir \u00fe\u00fa n\u00fa slegi\u00f0 \u00f6snu \u00fe\u00edna \u00ferisvar: sj\u00e1! eg er \u00fatgenginn til a\u00f0 standa fyrir \u00fe\u00e9r, \u00fev\u00ed eg veit a\u00f0 \u00feessi fer\u00f0 er \u00fe\u00e9r ska\u00f0v\u00e6nleg;<a name=\"33\"><span class=\"versanumer\">33<\/span><\/a>asnan s\u00e1 mig og v\u00e9k \u00ferisvar \u00far vegi fyrir m\u00e9r, en hef\u00f0i h\u00fan ekki viki\u00f0 fyrir m\u00e9r, mundi eg jafnvel hafa slegi\u00f0 \u00feig \u00ed hel, en l\u00e1ti\u00f0 \u00f6snuna lifa.<a name=\"34\"><span class=\"versanumer\">34<\/span><\/a>\u00de\u00e1 sag\u00f0i B\u00edleam vi\u00f0 engil Drottins: eg hefi misbroti\u00f0, \u00fev\u00ed eg vissi ekki a\u00f0 \u00fe\u00fa st\u00f3\u00f0st fyrir m\u00e9r \u00e1 veginum; en ef \u00fe\u00e9r misl\u00edkar fer\u00f0 m\u00edn, vil eg strax sn\u00faa aftur!<a name=\"35\"><span class=\"versanumer\">35<\/span><\/a>En engill Drottins svara\u00f0i honum: far \u00fe\u00fa me\u00f0 m\u00f6nnum \u00feessum, en ekki m\u00e1ttu tala anna\u00f0 en \u00fea\u00f0, sem eg mun segja \u00fe\u00e9r! Og B\u00edleam f\u00f3r me\u00f0 h\u00f6f\u00f0ingjum Balaks.<a name=\"36\"><span class=\"versanumer\">36<\/span><\/a>\u00deegar Balak heyr\u00f0i a\u00f0 B\u00edleam k\u00e6mi, f\u00f3r hann \u00fat \u00ed m\u00f3ti honum til \u00feeirrar borgar M\u00f3ab\u00edta, sem liggur n\u00e1l\u00e6gt flj\u00f3tinu Arnon, yst \u00ed landi \u00feeirra,<a name=\"37\"><span class=\"versanumer\">37<\/span><\/a>og sag\u00f0i vi\u00f0 B\u00edleam: sendi eg ekki sendibo\u00f0a til \u00fe\u00edn og l\u00e9t kalla \u00e1 \u00feig? \u00fev\u00ed komst\u00fa \u00fe\u00e1 ekki til m\u00edn? heldur\u00f0u m\u00e1ske a\u00f0 eg ekki geti veitt \u00fe\u00e9r s\u00e6md?<a name=\"38\"><span class=\"versanumer\">38<\/span><\/a>B\u00edleam svara\u00f0i: sj\u00e1! n\u00fa er eg kominn til \u00fe\u00edn, en mun eg \u00fe\u00e1 geta tala\u00f0 nokku\u00f0? \u00feau or\u00f0 sem Gu\u00f0 leggur m\u00e9r \u00ed munn mun eg m\u00e6la.<a name=\"39\"><span class=\"versanumer\">39<\/span><\/a>B\u00edleam f\u00f3r \u00fe\u00e1 me\u00f0 Balak og \u00feeir komu til Koriat-K\u00fasot;<a name=\"40\"><span class=\"versanumer\">40<\/span><\/a>h\u00e9r f\u00f3rnf\u00e6r\u00f0i Balak nautum og sau\u00f0um og sendi eftir B\u00edleam og h\u00f6f\u00f0ingjum \u00feeim sem me\u00f0 honum voru;<a name=\"41\"><span class=\"versanumer\">41<\/span><\/a>um morguninn t\u00f3k Balak B\u00edleam me\u00f0 s\u00e9r og leiddi hann til Baalh\u00e6\u00f0a, hva\u00f0an hann s\u00e1 ysta fylkingarbrodd Gy\u00f0inganna.<\/p>\n<div class=\"footnoteVidey\">V. 38. Nl. a\u00f0 \u00feinni vild.  V. 41. \u00de. e. h\u00e6\u00f0ir hvar hof var sem Baal var helga\u00f0.<\/div>\n","protected":false},"excerpt":{"rendered":"<p>Balak sendir tvisvar eftir B\u00edleam. Asnan talar. 1Eftir \u00feetta h\u00e9ldu \u00cdsraelsb\u00f6rn \u00e1fram og settu herb\u00fa\u00f0ir s\u00ednar \u00e1 M\u00f3ab\u00edtanna hrj\u00f3strugu v\u00f6llum hinumegin J\u00f3rdanar, gegnt Jer\u00edk\u00f3;2og sem Balak sonur Sippors f\u00e9kk a\u00f0 vita allt sem \u00cdsrael haf\u00f0i gj\u00f6rt M\u00f3ab\u00edtunum,3\u00fe\u00e1 \u00f3ttu\u00f0ust M\u00f3ab\u00edtarnir mikillega \u00feennan l\u00fd\u00f0, \u00fev\u00ed hann var fj\u00f6lmennur, og \u00feeim st\u00f3\u00f0 stuggur af \u00cdsraelsb\u00f6rnum.4\u00deess vegna s\u00f6g\u00f0u M\u00f3ab\u00edtarnir vi\u00f0 \u00f6ldunga Mid\u00edan\u00edtanna: n\u00fa mun \u00feessi skari uppeta allt \u00ed kringum oss, eins og uxar uppeta grasi\u00f0 \u00e1 j\u00f6r\u00f0unni! En Balak sonur Sippors var \u00ed \u00feann t\u00edma k\u00f3ngur M\u00f3ab\u00edtanna;5og hann sendi sendimenn til B\u00edleams sonar Beors \u00ed Petor, sem liggur hj\u00e1 Efrat \u00ed hans f\u00f6\u00f0urlandi, <a href=\"https:\/\/biblian.is\/videy\/fjorda-mosebok-22-kafli\/\"> [&#8230;]<\/a><\/p>\n","protected":false},"author":1,"featured_media":0,"parent":0,"menu_order":0,"comment_status":"open","ping_status":"open","template":"bibliukaflar.php","meta":{"footnotes":""},"class_list":["post-20988","page","type-page","status-publish","hentry"],"_links":{"self":[{"href":"https:\/\/biblian.is\/videy\/wp-json\/wp\/v2\/pages\/20988","targetHints":{"allow":["GET"]}}],"collection":[{"href":"https:\/\/biblian.is\/videy\/wp-json\/wp\/v2\/pages"}],"about":[{"href":"https:\/\/biblian.is\/videy\/wp-json\/wp\/v2\/types\/page"}],"author":[{"embeddable":true,"href":"https:\/\/biblian.is\/videy\/wp-json\/wp\/v2\/users\/1"}],"replies":[{"embeddable":true,"href":"https:\/\/biblian.is\/videy\/wp-json\/wp\/v2\/comments?post=20988"}],"version-history":[{"count":0,"href":"https:\/\/biblian.is\/videy\/wp-json\/wp\/v2\/pages\/20988\/revisions"}],"wp:attachment":[{"href":"https:\/\/biblian.is\/videy\/wp-json\/wp\/v2\/media?parent=20988"}],"curies":[{"name":"wp","href":"https:\/\/api.w.org\/{rel}","templated":true}]}}