{"id":20987,"date":"2018-01-02T00:59:46","date_gmt":"2018-01-02T00:59:46","guid":{"rendered":"http:\/\/biblian.is\/videy\/fjorda-mosebok-21-kafli\/"},"modified":"2018-01-02T00:59:46","modified_gmt":"2018-01-02T00:59:46","slug":"fjorda-mosebok-21-kafli","status":"publish","type":"page","link":"https:\/\/biblian.is\/videy\/fjorda-mosebok-21-kafli\/","title":{"rendered":"Fj\u00f3r\u00f0a M\u00f3seb\u00f3k 21. kafli"},"content":{"rendered":"<div class=\"fyrirsognVidey\">K\u00f3ngurinn \u00ed Arad er sigra\u00f0ur. H\u00f6ggormabit. Gy\u00f0ingar l\u00e6knast me\u00f0 \u00fev\u00ed a\u00f0 l\u00edta \u00e1 eirorminn. Gy\u00f0ingar halda \u00e1fram fer\u00f0 sinni. S\u00edhon og \u00d3g eru sigra\u00f0ir.<\/div>\n<p><a name=\"1\"><span class=\"versanumer\">1<\/span><\/a>\u00deegar k\u00f3ngur Kanan\u00edtanna \u00ed Arad, sem bj\u00f3 \u00ed su\u00f0urhluta Kanaanslands heyr\u00f0i a\u00f0 \u00cdsrael var \u00e1 lei\u00f0inni til Atarim, r\u00e9\u00f0ist hann \u00e1 \u00fe\u00e1 og t\u00f3k nokkra af \u00feeim til fanga.<a name=\"2\"><span class=\"versanumer\">2<\/span><\/a>\u00de\u00e1 gj\u00f6r\u00f0i \u00cdsrael Drottni heit og sag\u00f0i: ef \u00fe\u00fa \u00f6ldungis ofurgefur \u00feennan l\u00fd\u00f0 \u00e1 mitt vald, skal eg bannf\u00e6ra borgir \u00feeirra.<a name=\"3\"><span class=\"versanumer\">3<\/span><\/a>Og Drottinn heyr\u00f0i raust \u00cdsraelsbarna, ofurgaf \u00feeim Kanan\u00edtana og \u00feeir bannf\u00e6r\u00f0u \u00fe\u00e1 og borgir \u00feeirra, og k\u00f6llu\u00f0u nafn \u00feess sta\u00f0ar Horma. <br \/><a name=\"4\"><span class=\"versanumer\">4<\/span><\/a>Fr\u00e1 fjallinu H\u00f3r l\u00f6g\u00f0u \u00feeir af sta\u00f0 veg \u00feann sem liggur til Rau\u00f0ahafsins, til a\u00f0 fara \u00ed kringum land Ed\u00f3m\u00edta, en l\u00fd\u00f0num f\u00e9llst hugur, \u00e1 lei\u00f0inni,<a name=\"5\"><span class=\"versanumer\">5<\/span><\/a>og \u00feeir m\u00f6glu\u00f0u \u00ed m\u00f3ti Gu\u00f0i og m\u00f3ti M\u00f3ses og s\u00f6g\u00f0u: hvar fyrir leiddu\u00f0 \u00fei\u00f0 oss af Egyptalandi til a\u00f0 deyja h\u00e9r \u00e1 ey\u00f0im\u00f6rku, \u00fev\u00ed h\u00e9r er hv\u00f6rki brau\u00f0 n\u00e9 vatn og oss er fari\u00f0 a\u00f0 lei\u00f0ast \u00feetta l\u00e9ttmeti.<a name=\"6\"><span class=\"versanumer\">6<\/span><\/a>\u00de\u00e1 sendi Drottinn eitra\u00f0a h\u00f6ggorma me\u00f0al l\u00fd\u00f0sins, sem bitu \u00fe\u00e1, svo a\u00f0 margir d\u00f3u af \u00cdsrael.<a name=\"7\"><span class=\"versanumer\">7<\/span><\/a>\u00de\u00e1 gekk l\u00fd\u00f0urinn til M\u00f3ses og sag\u00f0i: v\u00e9r h\u00f6fum syndga\u00f0, \u00fev\u00ed v\u00e9r h\u00f6fum \u00fer\u00e1tta\u00f0 gegn Drottni og gegn \u00fe\u00e9r, bi\u00f0 Drottin a\u00f0 hann taki \u00feessa h\u00f6ggorma fr\u00e1 oss. Og M\u00f3ses ba\u00f0 fyrir l\u00fd\u00f0inn.<a name=\"8\"><span class=\"versanumer\">8<\/span><\/a>En Drottinn sag\u00f0i vi\u00f0 M\u00f3ses: sm\u00ed\u00f0a \u00fe\u00e9r eirorm og set hann \u00e1 st\u00f6ng, og \u00fea\u00f0 skal ske a\u00f0 hv\u00f6r sem bitinn er og l\u00edtur \u00e1 hann, skal l\u00edfi halda.<a name=\"9\"><span class=\"versanumer\">9<\/span><\/a>Og M\u00f3ses tilbj\u00f3 eirorm og setti \u00e1 st\u00f6ng, og \u00fea\u00f0 r\u00e6ttist, a\u00f0 ef h\u00f6ggormurinn beit einhv\u00f6rn og hann leit til eirormsins, \u00fe\u00e1 h\u00e9lt hann l\u00edfi. <br \/><a name=\"10\"><span class=\"versanumer\">10<\/span><\/a>Eftir \u00feetta l\u00f6g\u00f0u \u00cdsraelsb\u00f6rn af sta\u00f0, og l\u00f6g\u00f0ust \u00ed \u00d3bot.<a name=\"11\"><span class=\"versanumer\">11<\/span><\/a>\u00deegar \u00feeir l\u00f6g\u00f0u af sta\u00f0 fr\u00e1 \u00d3bot l\u00f6g\u00f0ust \u00feeir \u00ed hl\u00ed\u00f0um fjallsins Abarim \u00ed ey\u00f0im\u00f6rkinni, sem er r\u00e9tt fyrir austan land M\u00f3ab\u00edtanna.<a name=\"12\"><span class=\"versanumer\">12<\/span><\/a>\u00dea\u00f0an f\u00f3ru \u00feeir og l\u00f6g\u00f0ust \u00ed dalnum Sared.<a name=\"13\"><span class=\"versanumer\">13<\/span><\/a>\u00deegar \u00feeir f\u00f3ru h\u00e9\u00f0an l\u00f6g\u00f0ust \u00feeir \u00ed ey\u00f0im\u00f6rkinni hinumegin vi\u00f0 Arnon, sem kemur fr\u00e1 landamerkjum Amor\u00edtanna, \u00fev\u00ed a\u00f0 Arnon skilur l\u00f6nd M\u00f3ab\u00edtanna og Amor\u00edtanna.<a name=\"14\"><span class=\"versanumer\">14<\/span><\/a>\u00deess vegna er \u00ed b\u00f3kinni um bardaga Drottins minnst \u00e1 Vaheb \u00ed Sufa og Arnonsl\u00e6ki,<a name=\"15\"><span class=\"versanumer\">15<\/span><\/a>og farveg l\u00e6kjanna sem renna \u00feanga\u00f0 sem Ar liggur og snertir l\u00f6nd M\u00f3ab\u00edtanna.<a name=\"16\"><span class=\"versanumer\">16<\/span><\/a>\u00dea\u00f0an s\u00e1u \u00feeir til Beer, \u00fea\u00f0 er s\u00e1 brunnur hj\u00e1 hv\u00f6rjum Drottinn sag\u00f0i vi\u00f0 M\u00f3ses: samansafna l\u00fd\u00f0num og eg vil gefa \u00feeim vatn!<a name=\"17\"><span class=\"versanumer\">17<\/span><\/a>\u00de\u00e1 s\u00f6ng \u00cdsrael \u00feennan s\u00f6ng: lyft \u00fe\u00e9r upp, brunnur! syngi\u00f0 um hann!<a name=\"18\"><span class=\"versanumer\">18<\/span><\/a>h\u00f6f\u00f0ingjarnir gr\u00f3fu hann, \u00feeir yppurstu l\u00fd\u00f0sins bjuggu hann til me\u00f0 st\u00f6fum s\u00ednum a\u00f0 bo\u00f0i l\u00f6ggjafarans. Fr\u00e1 \u00feessari ey\u00f0im\u00f6rku f\u00f3ru \u00feeir til Matana;<a name=\"19\"><span class=\"versanumer\">19<\/span><\/a>fr\u00e1 Matana, til Nahaliel, fr\u00e1 Nahaliel til Bamot,<a name=\"20\"><span class=\"versanumer\">20<\/span><\/a>fr\u00e1 Bam\u00f3t \u00ed dalinn sem liggur \u00ed landi M\u00f3ab\u00edta vi\u00f0 r\u00e6tur fjallsins Pisga sem m\u00e6nir yfir ey\u00f0im\u00f6rkina. <br \/><a name=\"21\"><span class=\"versanumer\">21<\/span><\/a>H\u00e9\u00f0an sendi \u00cdsrael sendibo\u00f0a til S\u00edhons Amor\u00edtak\u00f3ngs, og l\u00e9t segja honum:<a name=\"22\"><span class=\"versanumer\">22<\/span><\/a>leyf m\u00e9r a\u00f0 fara um land \u00feitt, v\u00e9r skulum hv\u00f6rki fara yfir akra n\u00e9 v\u00edngar\u00f0a, ekki drekka vatn \u00far brunnum; \u00fej\u00f3\u00f0g\u00f6tuna skulum v\u00e9r \u00fer\u00e6\u00f0a \u00fear til v\u00e9r erum komnir \u00fat fyrir \u00fe\u00edn landamerki.<a name=\"23\"><span class=\"versanumer\">23<\/span><\/a>En S\u00edhon leyf\u00f0i \u00cdsrael ekki a\u00f0 fara um l\u00f6nd s\u00edn, en safna\u00f0i a\u00f0 s\u00e9r \u00f6llum s\u00ednum l\u00fd\u00f0, og f\u00f3r \u00ed m\u00f3ti \u00cdsrael \u00ed ey\u00f0im\u00f6rkina og komst til Jasa, \u00fear bar\u00f0ist hann vi\u00f0 \u00fe\u00e1.<a name=\"24\"><span class=\"versanumer\">24<\/span><\/a>En \u00cdsrael\u00edtar sl\u00f3gu hann me\u00f0 sver\u00f0i, t\u00f3ku undir sig land hans fr\u00e1 Arnon til Jabok allt a\u00f0 Ammon\u00edtunum, \u00fev\u00ed landamerki Ammon\u00edtanna voru ekki au\u00f0unnin.<a name=\"25\"><span class=\"versanumer\">25<\/span><\/a>Og \u00cdsrael t\u00f3k undir sig allar \u00feessar borgir og bj\u00f3 \u00ed \u00f6llum borgum Amor\u00edtanna, \u00ed Hesbon og \u00f6llum n\u00e6rliggjandi borgum.<a name=\"26\"><span class=\"versanumer\">26<\/span><\/a>\u00dev\u00ed Hesbon var borg S\u00edhons Amor\u00edtak\u00f3ngs, haf\u00f0i hann \u00e1tt str\u00ed\u00f0 vi\u00f0 M\u00f3ab\u00edtanna fyrri k\u00f3ng og teki\u00f0 fr\u00e1 honum allt hans land allt a\u00f0 Arnon.<a name=\"27\"><span class=\"versanumer\">27<\/span><\/a>\u00deess vegna sag\u00f0i sk\u00e1ldi\u00f0: komi\u00f0 til Hesbon! S\u00edhonsborg skal uppbyggjast og gj\u00f6rast rambyggileg!<a name=\"28\"><span class=\"versanumer\">28<\/span><\/a>\u00dev\u00ed eldur mun \u00fatganga fr\u00e1 Hesbon og logi fr\u00e1 S\u00edhonsborg og ey\u00f0a Ar M\u00f3ab\u00edtanna sem b\u00faa \u00e1 h\u00e6\u00f0unum hj\u00e1 Arnon!<a name=\"29\"><span class=\"versanumer\">29<\/span><\/a>Illa ert\u00fa farinn M\u00f3ab, \u00fea\u00f0 er \u00fati um \u00feig, Kamosl\u00fd\u00f0ur! hann leyf\u00f0i a\u00f0 synir s\u00ednir v\u00e6ru \u00e1 fl\u00f3tta reknir, og d\u00e6tur s\u00ednar herteknar til S\u00edhons Amor\u00edtak\u00f3ngs!<a name=\"30\"><span class=\"versanumer\">30<\/span><\/a>Lj\u00f3s \u00feeirra er slokkna\u00f0 fr\u00e1 Hesbon til Dibon, v\u00e9r eyddum landi\u00f0 allt a\u00f0 Nofa, allt til Mediba!<a name=\"31\"><span class=\"versanumer\">31<\/span><\/a>Og \u00cdsrael bj\u00f3 \u00ed landi Amor\u00edtanna,<a name=\"32\"><span class=\"versanumer\">32<\/span><\/a>en M\u00f3ses sendi nj\u00f3snarmenn til Jaeser; og \u00feeir unnu \u00feorpin \u00fear \u00ed kring og r\u00e1ku burt Amor\u00edtana sem \u00fear bjuggu.<a name=\"33\"><span class=\"versanumer\">33<\/span><\/a>Eftir \u00feetta sneru \u00feeir vi\u00f0 og h\u00e9ldu veg \u00feann sem liggur til Basan, en \u00d3g k\u00f3ngur \u00ed Basan gekk \u00fat \u00ed m\u00f3t \u00feeim og allur hans l\u00fd\u00f0ur til a\u00f0 berjast hj\u00e1 Edrei.<a name=\"34\"><span class=\"versanumer\">34<\/span><\/a>\u00de\u00e1 sag\u00f0i Drottinn vi\u00f0 M\u00f3ses: \u00f3ttast hann ekki, \u00fev\u00ed eg hefi gefi\u00f0 hann, allan hans l\u00fd\u00f0 og land \u00e1 \u00feitt vald, og \u00fe\u00fa skalt gj\u00f6ra vi\u00f0 hann \u00fea\u00f0 sem \u00fe\u00fa gj\u00f6r\u00f0ir vi\u00f0 S\u00edhon Amor\u00edtak\u00f3ng, er bj\u00f3 \u00ed Hesbon!<a name=\"35\"><span class=\"versanumer\">35<\/span><\/a>\u00deeir l\u00f6g\u00f0u hann \u00fe\u00e1 a\u00f0 velli, syni hans og allan hans l\u00fd\u00f0, svo a\u00f0 ekki var einn eftir, og l\u00f6g\u00f0u land hans undir sig.<\/p>\n<div class=\"footnoteVidey\">V. 2. \u00de. e. gj\u00f6rsamlega ey\u00f0ileggja.  V. 5. Nl. manna.  V. 14. Hva\u00f0a b\u00f3k \u00feetta s\u00e9 er \u00f3v\u00edst.  V. 18. \u00de. e. M\u00f3ses.  V. 29. \u00de. e. Kamos, sk\u00fargo\u00f0 M\u00f3ab\u00edta og Amor\u00edta, gat ei a\u00f0 \u00fev\u00ed gj\u00f6rt.<\/div>\n","protected":false},"excerpt":{"rendered":"<p>K\u00f3ngurinn \u00ed Arad er sigra\u00f0ur. H\u00f6ggormabit. Gy\u00f0ingar l\u00e6knast me\u00f0 \u00fev\u00ed a\u00f0 l\u00edta \u00e1 eirorminn. Gy\u00f0ingar halda \u00e1fram fer\u00f0 sinni. S\u00edhon og \u00d3g eru sigra\u00f0ir. 1\u00deegar k\u00f3ngur Kanan\u00edtanna \u00ed Arad, sem bj\u00f3 \u00ed su\u00f0urhluta Kanaanslands heyr\u00f0i a\u00f0 \u00cdsrael var \u00e1 lei\u00f0inni til Atarim, r\u00e9\u00f0ist hann \u00e1 \u00fe\u00e1 og t\u00f3k nokkra af \u00feeim til fanga.2\u00de\u00e1 gj\u00f6r\u00f0i \u00cdsrael Drottni heit og sag\u00f0i: ef \u00fe\u00fa \u00f6ldungis ofurgefur \u00feennan l\u00fd\u00f0 \u00e1 mitt vald, skal eg bannf\u00e6ra borgir \u00feeirra.3Og Drottinn heyr\u00f0i raust \u00cdsraelsbarna, ofurgaf \u00feeim Kanan\u00edtana og \u00feeir bannf\u00e6r\u00f0u \u00fe\u00e1 og borgir \u00feeirra, og k\u00f6llu\u00f0u nafn \u00feess sta\u00f0ar Horma. 4Fr\u00e1 fjallinu H\u00f3r l\u00f6g\u00f0u \u00feeir af sta\u00f0 <a href=\"https:\/\/biblian.is\/videy\/fjorda-mosebok-21-kafli\/\"> [&#8230;]<\/a><\/p>\n","protected":false},"author":1,"featured_media":0,"parent":0,"menu_order":0,"comment_status":"open","ping_status":"open","template":"bibliukaflar.php","meta":{"footnotes":""},"class_list":["post-20987","page","type-page","status-publish","hentry"],"_links":{"self":[{"href":"https:\/\/biblian.is\/videy\/wp-json\/wp\/v2\/pages\/20987","targetHints":{"allow":["GET"]}}],"collection":[{"href":"https:\/\/biblian.is\/videy\/wp-json\/wp\/v2\/pages"}],"about":[{"href":"https:\/\/biblian.is\/videy\/wp-json\/wp\/v2\/types\/page"}],"author":[{"embeddable":true,"href":"https:\/\/biblian.is\/videy\/wp-json\/wp\/v2\/users\/1"}],"replies":[{"embeddable":true,"href":"https:\/\/biblian.is\/videy\/wp-json\/wp\/v2\/comments?post=20987"}],"version-history":[{"count":0,"href":"https:\/\/biblian.is\/videy\/wp-json\/wp\/v2\/pages\/20987\/revisions"}],"wp:attachment":[{"href":"https:\/\/biblian.is\/videy\/wp-json\/wp\/v2\/media?parent=20987"}],"curies":[{"name":"wp","href":"https:\/\/api.w.org\/{rel}","templated":true}]}}