{"id":20986,"date":"2018-01-02T00:59:46","date_gmt":"2018-01-02T00:59:46","guid":{"rendered":"http:\/\/biblian.is\/videy\/fjorda-mosebok-20-kafli\/"},"modified":"2018-01-02T00:59:46","modified_gmt":"2018-01-02T00:59:46","slug":"fjorda-mosebok-20-kafli","status":"publish","type":"page","link":"https:\/\/biblian.is\/videy\/fjorda-mosebok-20-kafli\/","title":{"rendered":"Fj\u00f3r\u00f0a M\u00f3seb\u00f3k 20. kafli"},"content":{"rendered":"<div class=\"fyrirsognVidey\">Mar\u00eda deyr. Vatn af hellu. Ed\u00f3m\u00edtar leyfa ei f\u00f3lkinu yfirf\u00f6r. Aron deyr.<\/div>\n<p><a name=\"1\"><span class=\"versanumer\">1<\/span><\/a>Og allur s\u00f6fnu\u00f0ur \u00cdsraelsbarna kom \u00ed ey\u00f0im\u00f6rkina S\u00edn \u00e1 1ta m\u00e1nu\u00f0inum, og l\u00fd\u00f0urinn settist um kyrrt \u00ed Kades, \u00fear d\u00f3 Mar\u00eda og \u00fear var h\u00fan grafin.<a name=\"2\"><span class=\"versanumer\">2<\/span><\/a>Sem n\u00fa s\u00f6fnu\u00f0inn vanta\u00f0i vatn \u00feyrptist hann saman \u00ed m\u00f3ti M\u00f3ses og Aron;<a name=\"3\"><span class=\"versanumer\">3<\/span><\/a>og \u00feeir \u00fer\u00e1ttu\u00f0u vi\u00f0 M\u00f3ses og s\u00f6g\u00f0u: Gu\u00f0 g\u00e6fi a\u00f0 v\u00e9r hef\u00f0um d\u00e1i\u00f0 \u00feegar br\u00e6\u00f0ur vorir d\u00f3u \u00ed augs\u00fdn Drottins!<a name=\"4\"><span class=\"versanumer\">4<\/span><\/a>\u00dev\u00ed leiddu\u00f0 \u00fei\u00f0 s\u00f6fnu\u00f0 Drottins \u00ed \u00feessa ey\u00f0im\u00f6rku til a\u00f0 deyja \u00fear \u00e1samt f\u00e9na\u00f0i vorum;<a name=\"5\"><span class=\"versanumer\">5<\/span><\/a>hv\u00f6rs vegna leiddu\u00f0 \u00fei\u00f0 oss af Egyptalandi hinga\u00f0 \u00e1 \u00feennan lei\u00f0a sta\u00f0 hvar hv\u00f6rgi ver\u00f0ur s\u00e1\u00f0, engin f\u00edkjutr\u00e9 vaxa, enginn v\u00ednvi\u00f0ur, engin kjarnepli, hvar jafnvel ekki er vatn til a\u00f0 drekka.<a name=\"6\"><span class=\"versanumer\">6<\/span><\/a>En M\u00f3ses og Aron gengu burt \u00far augs\u00fdn safna\u00f0arins til dyra samkundutjaldb\u00fa\u00f0arinnar, h\u00e9r f\u00e9llu \u00feeir fram \u00e1 s\u00ednar \u00e1sj\u00f3nur og d\u00fdr\u00f0 Drottins birtist \u00feeim.<a name=\"7\"><span class=\"versanumer\">7<\/span><\/a>\u00de\u00e1 tala\u00f0i Drottinn vi\u00f0 M\u00f3ses og sag\u00f0i:<a name=\"8\"><span class=\"versanumer\">8<\/span><\/a>tak staf \u00feinn, kalla s\u00f6fnu\u00f0inn saman, b\u00e6\u00f0i \u00fe\u00fa og Aron br\u00f3\u00f0ir \u00feinn, og tali\u00f0 til hellunnar \u00ed \u00feeirra \u00e1heyrn og h\u00fan mun vatn veita og \u00fe\u00fa skalt \u00fatlei\u00f0a handa \u00feeim vatn af hellunni og gefa b\u00e6\u00f0i l\u00fd\u00f0num og f\u00e9na\u00f0i hans a\u00f0 drekka.<a name=\"9\"><span class=\"versanumer\">9<\/span><\/a>\u00de\u00e1 t\u00f3k M\u00f3ses stafinn \u00far augs\u00fdn Drottins eins og hann haf\u00f0i bo\u00f0i\u00f0 honum;<a name=\"10\"><span class=\"versanumer\">10<\/span><\/a>og M\u00f3ses og Aron k\u00f6llu\u00f0u l\u00fd\u00f0inn saman til hellunnar og M\u00f3ses m\u00e6lti: heyri\u00f0, \u00fe\u00e9r \u00feverbrotnu menn! munum v\u00e9r geta \u00fatleitt handa y\u00f0ur vatn af hellu \u00feessari?<a name=\"11\"><span class=\"versanumer\">11<\/span><\/a>Og M\u00f3ses upplyfti hendi sinni og laust helluna tvisvar me\u00f0 staf s\u00ednum, streymdi \u00fea\u00f0an \u00fe\u00e1 vatn miki\u00f0 svo a\u00f0 l\u00fd\u00f0urinn drakk og allur hans f\u00e9na\u00f0ur.<a name=\"12\"><span class=\"versanumer\">12<\/span><\/a>\u00de\u00e1 sag\u00f0i Drottinn vi\u00f0 M\u00f3ses og Aron: s\u00f6kum \u00feess a\u00f0 \u00fei\u00f0 treysti\u00f0 m\u00e9r ekki svo, a\u00f0 \u00fe\u00e9r kunna gj\u00f6r\u00f0u\u00f0 \u00cdsraelsb\u00f6rnum m\u00edna d\u00fdr\u00f0, \u00fe\u00e1 skulu\u00f0 \u00fei\u00f0 ekki innlei\u00f0a \u00feennan l\u00fd\u00f0 \u00ed \u00fea\u00f0 land, sem eg hefi \u00feeim gefi\u00f0.<a name=\"13\"><span class=\"versanumer\">13<\/span><\/a>\u00deetta eru Meribasv\u00f6tn, \u00fear sem \u00cdsraelsb\u00f6rn \u00fer\u00e1ttu\u00f0u vi\u00f0 Drottin og hann opinbera\u00f0i s\u00edna d\u00fdr\u00f0 me\u00f0al \u00feeirra. <br \/><a name=\"14\"><span class=\"versanumer\">14<\/span><\/a>Eftir \u00feetta gj\u00f6r\u00f0i M\u00f3ses fr\u00e1 Kades bo\u00f0 k\u00f3ngi Ed\u00f3m\u00edtanna og l\u00e9t segja honum: svo segja br\u00e6\u00f0ur \u00fe\u00ednir, \u00cdsrael\u00edtarnir, \u00fe\u00fa \u00feekkir alla \u00fe\u00e1 m\u00e6\u00f0u sem oss hefir hitt.<a name=\"15\"><span class=\"versanumer\">15<\/span><\/a>Forfe\u00f0ur vorir f\u00f3ru ni\u00f0ur til Egyptalands, og v\u00e9r bjuggum \u00fear lengi, og egypskir f\u00f3ru illa me\u00f0 oss og forfe\u00f0ur vora,<a name=\"16\"><span class=\"versanumer\">16<\/span><\/a>en v\u00e9r \u00e1k\u00f6llu\u00f0um Drottin og hann heyr\u00f0i vora raust, sendi oss sinn engil og leiddi oss af Egyptalandi, og sj\u00e1! n\u00fa erum v\u00e9r \u00ed Kades, hv\u00f6r borg a\u00f0 liggur yst \u00e1 \u00fe\u00ednum landamerkjum;<a name=\"17\"><span class=\"versanumer\">17<\/span><\/a>leyf oss a\u00f0 fara um land \u00feitt, v\u00e9r skulum hv\u00f6rki fara yfir akra n\u00e9 v\u00edngar\u00f0a, ekki drekka vatn \u00far nokkrum brunni, \u00fej\u00f3\u00f0g\u00f6tuna skulum v\u00e9r \u00fer\u00e6\u00f0a, og v\u00edkja hv\u00f6rki til h\u00e6gri n\u00e9 vinstri handar, \u00fear til v\u00e9r erum komnir \u00fat \u00far landi \u00fe\u00ednu.<a name=\"18\"><span class=\"versanumer\">18<\/span><\/a>En Ed\u00f3m\u00edtinn svara\u00f0i honum: \u00fe\u00fa m\u00e1tt ekki fara um mitt land, ella mun eg fara \u00ed m\u00f3ti \u00fe\u00e9r me\u00f0 sver\u00f0i.<a name=\"19\"><span class=\"versanumer\">19<\/span><\/a>\u00de\u00e1 s\u00f6g\u00f0u \u00cdsraelsb\u00f6rn vi\u00f0 hann: v\u00e9r viljum \u00fer\u00e6\u00f0a alfaraveginn, og ef v\u00e9r drekkum af \u00fe\u00ednu vatni, eg og f\u00e9na\u00f0ur minn, vil eg borga \u00fea\u00f0; um \u00fea\u00f0 eina bi\u00f0 eg a\u00f0 eg f\u00f3tgangandi megi fara um land \u00feitt.<a name=\"20\"><span class=\"versanumer\">20<\/span><\/a>En Ed\u00f3m\u00edtinn neita\u00f0i um \u00fea\u00f0 og gekk \u00ed m\u00f3ti honum me\u00f0 miklu li\u00f0i og \u00f6flugum her.<a name=\"21\"><span class=\"versanumer\">21<\/span><\/a>\u00deannig skora\u00f0ist Ed\u00f3m\u00edtinn undan a\u00f0 leyfa \u00cdsrael a\u00f0 fara \u00ed gegnum land sitt, og \u00cdsraelsb\u00f6rn sneru af lei\u00f0 fr\u00e1 honum. <br \/><a name=\"22\"><span class=\"versanumer\">22<\/span><\/a>\u00cdsraelsb\u00f6rn l\u00f6g\u00f0u \u00fe\u00e1 upp fr\u00e1 Kades og allur l\u00fd\u00f0urinn kom til fjallsins H\u00f3r.<a name=\"23\"><span class=\"versanumer\">23<\/span><\/a>\u00c1 \u00fev\u00ed fjalli, hj\u00e1 landamerkjum Ed\u00f3m\u00edta, tala\u00f0i Drottin vi\u00f0 M\u00f3ses og Aron og sag\u00f0i:<a name=\"24\"><span class=\"versanumer\">24<\/span><\/a>Aron mun safnast til fe\u00f0ra sinna, \u00fev\u00ed hann skal ekki koma \u00ed \u00fea\u00f0 land sem eg hefi gefi\u00f0 \u00cdsraelsb\u00f6rnum, af \u00fev\u00ed \u00fe\u00e9r ekki hl\u00fdddu\u00f0 bo\u00f0um m\u00ednum hj\u00e1 Meribav\u00f6tnum.<a name=\"25\"><span class=\"versanumer\">25<\/span><\/a>Tak Aron og Eleasar son hans og lei\u00f0 \u00fe\u00e1 upp \u00e1 fjalli\u00f0 H\u00f3r,<a name=\"26\"><span class=\"versanumer\">26<\/span><\/a>f\u00e6r Aron \u00far kl\u00e6\u00f0um s\u00ednum og l\u00e1t Eleasar son hans fara \u00ed \u00feau, Aron skal \u00fear safnast til fe\u00f0ra sinna og deyja.<a name=\"27\"><span class=\"versanumer\">27<\/span><\/a>Og M\u00f3ses gj\u00f6r\u00f0i eins og Drottinn haf\u00f0i bo\u00f0i\u00f0 honum, gengu \u00feeir upp \u00e1 fjalli\u00f0 H\u00f3r a\u00f0 \u00f6llum l\u00fd\u00f0num \u00e1sj\u00e1andi;<a name=\"28\"><span class=\"versanumer\">28<\/span><\/a>M\u00f3ses f\u00e6r\u00f0i \u00fe\u00e1 Aron \u00far kl\u00e6\u00f0um hans og l\u00e9t Eleasar son hans fara \u00ed \u00feau, anda\u00f0ist Aron \u00fear \u00e1 fjallstindinum, en M\u00f3ses og Eleasar gengu ni\u00f0ur af fjallinu.<a name=\"29\"><span class=\"versanumer\">29<\/span><\/a>\u00deegar allur l\u00fd\u00f0urinn s\u00e1 a\u00f0 Aron var anda\u00f0ur syrg\u00f0u allar \u00cdsraels kynkv\u00edslir hann \u00ed 40 daga.<\/p>\n<div class=\"footnoteVidey\">V. 1. Nl. \u00e1 40ta \u00e1rinu eftir a\u00f0 \u00feeir f\u00f3ru af Egyptalandi, sj\u00e1 33,36\u201338.  V. 8. L\u00edklega sama sem um er tala\u00f0 \u00ed 2 M\u00f3s. b. 17,5.  V. 9. \u00de. e. \u00far helgum sta\u00f0.  V. 12. Sj\u00e1 v. 10. hv\u00f6r or\u00f0 l\u00fdsa \u00fev\u00ed a\u00f0 treysta mest \u00e1 m\u00e1tt sinn og gleymdu \u00fev\u00ed a\u00f0 geta \u00feess a\u00f0 \u00fea\u00f0 var Gu\u00f0 sem \u00ed \u00feeim var m\u00e1ttugur.  V. 13. \u00de. e. \u00der\u00e1ttunarv\u00f6tn.  V. 14. \u00dev\u00ed forfa\u00f0ir Ed\u00f3m\u00edta var Ed\u00f3m, \u00f6\u00f0ru nafni Esa\u00fa, br\u00f3\u00f0ir Jakobs forf\u00f6\u00f0urs Gy\u00f0inga.<\/div>\n","protected":false},"excerpt":{"rendered":"<p>Mar\u00eda deyr. Vatn af hellu. Ed\u00f3m\u00edtar leyfa ei f\u00f3lkinu yfirf\u00f6r. Aron deyr. 1Og allur s\u00f6fnu\u00f0ur \u00cdsraelsbarna kom \u00ed ey\u00f0im\u00f6rkina S\u00edn \u00e1 1ta m\u00e1nu\u00f0inum, og l\u00fd\u00f0urinn settist um kyrrt \u00ed Kades, \u00fear d\u00f3 Mar\u00eda og \u00fear var h\u00fan grafin.2Sem n\u00fa s\u00f6fnu\u00f0inn vanta\u00f0i vatn \u00feyrptist hann saman \u00ed m\u00f3ti M\u00f3ses og Aron;3og \u00feeir \u00fer\u00e1ttu\u00f0u vi\u00f0 M\u00f3ses og s\u00f6g\u00f0u: Gu\u00f0 g\u00e6fi a\u00f0 v\u00e9r hef\u00f0um d\u00e1i\u00f0 \u00feegar br\u00e6\u00f0ur vorir d\u00f3u \u00ed augs\u00fdn Drottins!4\u00dev\u00ed leiddu\u00f0 \u00fei\u00f0 s\u00f6fnu\u00f0 Drottins \u00ed \u00feessa ey\u00f0im\u00f6rku til a\u00f0 deyja \u00fear \u00e1samt f\u00e9na\u00f0i vorum;5hv\u00f6rs vegna leiddu\u00f0 \u00fei\u00f0 oss af Egyptalandi hinga\u00f0 \u00e1 \u00feennan lei\u00f0a sta\u00f0 hvar hv\u00f6rgi ver\u00f0ur s\u00e1\u00f0, engin f\u00edkjutr\u00e9 <a href=\"https:\/\/biblian.is\/videy\/fjorda-mosebok-20-kafli\/\"> [&#8230;]<\/a><\/p>\n","protected":false},"author":1,"featured_media":0,"parent":0,"menu_order":0,"comment_status":"open","ping_status":"open","template":"bibliukaflar.php","meta":{"footnotes":""},"class_list":["post-20986","page","type-page","status-publish","hentry"],"_links":{"self":[{"href":"https:\/\/biblian.is\/videy\/wp-json\/wp\/v2\/pages\/20986","targetHints":{"allow":["GET"]}}],"collection":[{"href":"https:\/\/biblian.is\/videy\/wp-json\/wp\/v2\/pages"}],"about":[{"href":"https:\/\/biblian.is\/videy\/wp-json\/wp\/v2\/types\/page"}],"author":[{"embeddable":true,"href":"https:\/\/biblian.is\/videy\/wp-json\/wp\/v2\/users\/1"}],"replies":[{"embeddable":true,"href":"https:\/\/biblian.is\/videy\/wp-json\/wp\/v2\/comments?post=20986"}],"version-history":[{"count":0,"href":"https:\/\/biblian.is\/videy\/wp-json\/wp\/v2\/pages\/20986\/revisions"}],"wp:attachment":[{"href":"https:\/\/biblian.is\/videy\/wp-json\/wp\/v2\/media?parent=20986"}],"curies":[{"name":"wp","href":"https:\/\/api.w.org\/{rel}","templated":true}]}}