{"id":20985,"date":"2018-01-02T00:59:46","date_gmt":"2018-01-02T00:59:46","guid":{"rendered":"http:\/\/biblian.is\/videy\/fjorda-mosebok-19-kafli\/"},"modified":"2018-01-02T00:59:46","modified_gmt":"2018-01-02T00:59:46","slug":"fjorda-mosebok-19-kafli","status":"publish","type":"page","link":"https:\/\/biblian.is\/videy\/fjorda-mosebok-19-kafli\/","title":{"rendered":"Fj\u00f3r\u00f0a M\u00f3seb\u00f3k 19. kafli"},"content":{"rendered":"<div class=\"fyrirsognVidey\">Um hreinsunarvatni\u00f0.<\/div>\n<p><a name=\"1\"><span class=\"versanumer\">1<\/span><\/a>Og Drottinn tala\u00f0i vi\u00f0 M\u00f3ses og Aron og sag\u00f0i:<a name=\"2\"><span class=\"versanumer\">2<\/span><\/a>\u00deetta er lagabo\u00f0 sem Drottinn hefir gefi\u00f0 og sagt: seg vi\u00f0 \u00cdsraelsb\u00f6rn a\u00f0 \u00feau skuli taka og lei\u00f0a til \u00fe\u00edn rau\u00f0a gallalausa kv\u00edgu, sem engin l\u00fdti hefir og ekki hefir undir ok leidd veri\u00f0,<a name=\"3\"><span class=\"versanumer\">3<\/span><\/a>skulu\u00f0 \u00fe\u00e9r f\u00e1 hana prestinum Eleasar, og skal svo lei\u00f0a hana \u00fat fyrir herb\u00fa\u00f0irnar og sl\u00e1tra henni \u00ed hans augs\u00fdn;<a name=\"4\"><span class=\"versanumer\">4<\/span><\/a>\u00fe\u00e1 skal presturinn Eleasar taka af bl\u00f3\u00f0i hennar \u00e1 fingri s\u00e9r og st\u00f6kkva \u00fev\u00ed sj\u00f6 sinnum m\u00f3t austurhli\u00f0 samkundutjaldb\u00fa\u00f0arinnar,<a name=\"5\"><span class=\"versanumer\">5<\/span><\/a>svo skal brenna kv\u00edguna fyrir hans augum, b\u00e6\u00f0i h\u00fa\u00f0 hennar, hold og bl\u00f3\u00f0 \u00e1samt saurindum hennar;<a name=\"6\"><span class=\"versanumer\">6<\/span><\/a>\u00fe\u00e1 skal presturinn taka sedrustr\u00e9, \u00eds\u00f3p og purpura, og kasta \u00e1 b\u00e1li\u00f0 \u00fear sem kv\u00edgan brennur.<a name=\"7\"><span class=\"versanumer\">7<\/span><\/a>Svo skal presturinn \u00fevo kl\u00e6\u00f0i s\u00edn, lauga l\u00edkama sinn \u00ed vatni og fara svo inn \u00ed herb\u00fa\u00f0irnar; er hann \u00f3hreinn til kv\u00f6lds.<a name=\"8\"><span class=\"versanumer\">8<\/span><\/a>S\u00f6mulei\u00f0is skal s\u00e1 sem brenndi hana \u00fevo kl\u00e6\u00f0i s\u00edn \u00ed vatni, og lauga l\u00edkama sinn; hann er \u00f3hreinn til kv\u00f6lds.<a name=\"9\"><span class=\"versanumer\">9<\/span><\/a>Svo skal ma\u00f0ur, sem er hreinn, safna saman \u00f6skunni af kv\u00edgunni og l\u00e1ta hana \u00e1 hreinan sta\u00f0 fyrir utan herb\u00fa\u00f0irnar, a\u00f0 h\u00fan s\u00e9 geymd handa s\u00f6fnu\u00f0i \u00cdsraelsbarna til hreinsunarvatnsins; \u00feetta er syndaf\u00f3rn.<a name=\"10\"><span class=\"versanumer\">10<\/span><\/a>En s\u00e1 sem safna\u00f0i \u00f6skunni af kv\u00edgunni skal \u00fevo kl\u00e6\u00f0i s\u00edn og vera \u00f3hreinn til kv\u00f6lds. \u00deetta skal vera \u00e6vinleg skikkan fyrir \u00cdsraelsb\u00f6rn og \u00feann \u00fatlenda sem dvelur me\u00f0al \u00feeirra.<a name=\"11\"><span class=\"versanumer\">11<\/span><\/a>S\u00e1 sem snertir l\u00edk dau\u00f0s manns, hann skal vera \u00f3hreinn \u00ed 7 daga;<a name=\"12\"><span class=\"versanumer\">12<\/span><\/a>\u00e1 3ja og 7da degi skal hann hreinsa sig me\u00f0 hreinsunarvatninu og mun hann hreinn ver\u00f0a, en ef hann ekki hreinsar sig \u00e1 3ja og 7da degi mun hann ekki hreinn ver\u00f0a.<a name=\"13\"><span class=\"versanumer\">13<\/span><\/a>Hv\u00f6r sem snertir l\u00edk nokkurs manns og ekki hreinsar sig, hann saurgar b\u00fasta\u00f0 Drottins og skal afm\u00e1\u00f0ur ver\u00f0a \u00far t\u00f6lu \u00cdsraelsbarna; af \u00fev\u00ed hreinsunarvatninu ekki var st\u00f6kkt \u00e1 hann, er hann \u00f3hreinn.<a name=\"14\"><span class=\"versanumer\">14<\/span><\/a>\u00deetta skal vera l\u00f6g \u00feegar ma\u00f0ur deyr \u00ed tjaldi: hv\u00f6r sem inn \u00ed tjaldi\u00f0 gengur og hv\u00f6r sem \u00ed tjaldinu er skal vera \u00f3hreinn \u00ed 7 daga,<a name=\"15\"><span class=\"versanumer\">15<\/span><\/a>og s\u00e9rhv\u00f6rt opi\u00f0 \u00edl\u00e1t yfir hv\u00f6rju ekki er lok n\u00e9 bundi\u00f0 yfir skal vera \u00f3hreint.<a name=\"16\"><span class=\"versanumer\">16<\/span><\/a>Hv\u00f6r sem \u00fati \u00e1 v\u00ed\u00f0avangi snertir nokkurn mann sem fyrir sver\u00f0i er fallinn, e\u00f0a eitthv\u00f6rt l\u00edk e\u00f0a mannsbein e\u00f0a gr\u00f6f, hann skal vera \u00f3hreinn \u00ed 7 daga.<a name=\"17\"><span class=\"versanumer\">17<\/span><\/a>En handa \u00feeim sem \u00f3hreinn er skal hreinn ma\u00f0ur taka nokku\u00f0 af \u00f6skunni af \u00feeirri uppbrenndu syndaf\u00f3rn, l\u00e1ta \u00ed ker og hella \u00fear yfir rennandi vatni;<a name=\"18\"><span class=\"versanumer\">18<\/span><\/a>svo skal hreinn ma\u00f0ur taka \u00eds\u00f3p, d\u00fdfa \u00ed vatni\u00f0 og st\u00f6kkva \u00e1 tjaldi\u00f0 og \u00f6ll \u00edl\u00e1tin og \u00fe\u00e1 menn sem \u00fear voru, og l\u00edka \u00e1 \u00feann sem snert haf\u00f0i mannsbein, e\u00f0a veginn e\u00f0a dau\u00f0an mann e\u00f0a gr\u00f6f;<a name=\"19\"><span class=\"versanumer\">19<\/span><\/a>\u00e1 s\u00e1 hreini a\u00f0 st\u00f6kkva \u00e1 \u00feann \u00f3hreina \u00e1 3ja og 7da degi, og hreinsa hann alveg \u00e1 7da degi, skal hann \u00fe\u00e1 \u00fevo kl\u00e6\u00f0i s\u00edn og lauga sig \u00ed vatni, ver\u00f0ur hann \u00fe\u00e1 hreinn um kv\u00f6ldi\u00f0.<a name=\"20\"><span class=\"versanumer\">20<\/span><\/a>En s\u00e1 sem ver\u00f0ur \u00f3hreinn og ekki vill hreinsa sig, hans nafn skal afm\u00e1\u00f0 ver\u00f0a \u00far s\u00f6fnu\u00f0inum, \u00fev\u00ed hann hefur saurga\u00f0 helgid\u00f3m Drottins; hreinsunarvatninu hefir ekki veri\u00f0 st\u00f6kkt yfir hann, svo hann er \u00f3hreinn.<a name=\"21\"><span class=\"versanumer\">21<\/span><\/a>\u00deetta skal vera \u00e6vinleg skikkan hj\u00e1 \u00feeim; s\u00e1 sem st\u00f6kkvir hreinsunarvatninu skal \u00fevo kl\u00e6\u00f0i s\u00edn, s\u00e1 sem snertir hreinsunarvatni\u00f0 skal vera \u00f3hreinn til kv\u00f6lds;<a name=\"22\"><span class=\"versanumer\">22<\/span><\/a>allt sem s\u00e1 \u00f3hreini snertir ver\u00f0ur \u00f3hreint og hv\u00f6r ma\u00f0ur sem snertir hann, ver\u00f0ur \u00f3hreinn til kv\u00f6lds.<\/p>\n<div class=\"footnoteVidey\"><\/div>\n","protected":false},"excerpt":{"rendered":"<p>Um hreinsunarvatni\u00f0. 1Og Drottinn tala\u00f0i vi\u00f0 M\u00f3ses og Aron og sag\u00f0i:2\u00deetta er lagabo\u00f0 sem Drottinn hefir gefi\u00f0 og sagt: seg vi\u00f0 \u00cdsraelsb\u00f6rn a\u00f0 \u00feau skuli taka og lei\u00f0a til \u00fe\u00edn rau\u00f0a gallalausa kv\u00edgu, sem engin l\u00fdti hefir og ekki hefir undir ok leidd veri\u00f0,3skulu\u00f0 \u00fe\u00e9r f\u00e1 hana prestinum Eleasar, og skal svo lei\u00f0a hana \u00fat fyrir herb\u00fa\u00f0irnar og sl\u00e1tra henni \u00ed hans augs\u00fdn;4\u00fe\u00e1 skal presturinn Eleasar taka af bl\u00f3\u00f0i hennar \u00e1 fingri s\u00e9r og st\u00f6kkva \u00fev\u00ed sj\u00f6 sinnum m\u00f3t austurhli\u00f0 samkundutjaldb\u00fa\u00f0arinnar,5svo skal brenna kv\u00edguna fyrir hans augum, b\u00e6\u00f0i h\u00fa\u00f0 hennar, hold og bl\u00f3\u00f0 \u00e1samt saurindum hennar;6\u00fe\u00e1 skal presturinn taka sedrustr\u00e9, <a href=\"https:\/\/biblian.is\/videy\/fjorda-mosebok-19-kafli\/\"> [&#8230;]<\/a><\/p>\n","protected":false},"author":1,"featured_media":0,"parent":0,"menu_order":0,"comment_status":"open","ping_status":"open","template":"bibliukaflar.php","meta":{"footnotes":""},"class_list":["post-20985","page","type-page","status-publish","hentry"],"_links":{"self":[{"href":"https:\/\/biblian.is\/videy\/wp-json\/wp\/v2\/pages\/20985","targetHints":{"allow":["GET"]}}],"collection":[{"href":"https:\/\/biblian.is\/videy\/wp-json\/wp\/v2\/pages"}],"about":[{"href":"https:\/\/biblian.is\/videy\/wp-json\/wp\/v2\/types\/page"}],"author":[{"embeddable":true,"href":"https:\/\/biblian.is\/videy\/wp-json\/wp\/v2\/users\/1"}],"replies":[{"embeddable":true,"href":"https:\/\/biblian.is\/videy\/wp-json\/wp\/v2\/comments?post=20985"}],"version-history":[{"count":0,"href":"https:\/\/biblian.is\/videy\/wp-json\/wp\/v2\/pages\/20985\/revisions"}],"wp:attachment":[{"href":"https:\/\/biblian.is\/videy\/wp-json\/wp\/v2\/media?parent=20985"}],"curies":[{"name":"wp","href":"https:\/\/api.w.org\/{rel}","templated":true}]}}