{"id":20983,"date":"2018-01-02T00:59:46","date_gmt":"2018-01-02T00:59:46","guid":{"rendered":"http:\/\/biblian.is\/videy\/fjorda-mosebok-17-kafli\/"},"modified":"2018-01-02T00:59:46","modified_gmt":"2018-01-02T00:59:46","slug":"fjorda-mosebok-17-kafli","status":"publish","type":"page","link":"https:\/\/biblian.is\/videy\/fjorda-mosebok-17-kafli\/","title":{"rendered":"Fj\u00f3r\u00f0a M\u00f3seb\u00f3k 17. kafli"},"content":{"rendered":"<div class=\"fyrirsognVidey\">Um staf Arons.<\/div>\n<p><a name=\"1\"><span class=\"versanumer\">1<\/span><\/a>Og Drottinn tala\u00f0i vi\u00f0 M\u00f3ses og sag\u00f0i:<a name=\"2\"><span class=\"versanumer\">2<\/span><\/a>tala vi\u00f0 \u00cdsraelsb\u00f6rn og tak af \u00feeim 12 stafi, einn af hv\u00f6rjum \u00e6ttlegg, einn af hv\u00f6rjum \u00e6ttarh\u00f6f\u00f0ingja, og skrifa nafn hv\u00f6rs eins \u00e1 hans staf;<a name=\"3\"><span class=\"versanumer\">3<\/span><\/a>en nafn Arons skaltu rita \u00e1 staf Lev\u00eds, \u00fev\u00ed sinn stafur skal vera fyrir s\u00e9rhv\u00f6rn \u00e6ttarh\u00f6f\u00f0ingja.<a name=\"4\"><span class=\"versanumer\">4<\/span><\/a>Og \u00fe\u00fa skalt leggja \u00fe\u00e1 ni\u00f0ur \u00ed samkundutjaldb\u00fa\u00f0inni fyrir framan l\u00f6gm\u00e1li\u00f0, hvar eg er vanur a\u00f0 koma \u00e1 fund ykkar,<a name=\"5\"><span class=\"versanumer\">5<\/span><\/a>og \u00fea\u00f0 skal ske a\u00f0 stafur \u00feess manns, sem eg \u00fatvel, skal bl\u00f3mgast, a\u00f0 eg megi hefta m\u00f6glan \u00cdsraelsbarna \u00ed gegn m\u00e9r, er \u00feeir m\u00f6gla \u00ed gegn y\u00f0ur.<a name=\"6\"><span class=\"versanumer\">6<\/span><\/a>Og M\u00f3ses tala\u00f0i vi\u00f0 \u00cdsraelsb\u00f6rn og allir \u00feeirra h\u00f6f\u00f0ingjar fengu honum stafi, hv\u00f6r h\u00f6f\u00f0ingi einn staf fyrir sinn \u00e6ttlegg, t\u00f3lf stafi alls, var Arons stafur me\u00f0al <span class='VideyAth'>(stafa)<\/span> \u00feeirra.<a name=\"7\"><span class=\"versanumer\">7<\/span><\/a>M\u00f3ses lag\u00f0i \u00fe\u00e1 stafina fram fyrir Drottin, \u00ed l\u00f6gm\u00e1lstjaldb\u00fa\u00f0inni;<a name=\"8\"><span class=\"versanumer\">8<\/span><\/a>en \u00feegar M\u00f3ses daginn eftir gekk \u00fear inn, sj\u00e1! \u00fe\u00e1 var fyrir \u00e6tt Lev\u00eds stafur Arons bl\u00f3mga\u00f0ur, svo a\u00f0 hans bl\u00f6\u00f0 voru \u00fatsprungin, bl\u00f3mstur komin, og hann bar fullvaxin aldini.<a name=\"9\"><span class=\"versanumer\">9<\/span><\/a>Bar n\u00fa M\u00f3ses alla stafina \u00fat fr\u00e1 augliti Drottins til \u00cdsraelsbarna, svo \u00feeir s\u00e6ju \u00fe\u00e1, og hv\u00f6r t\u00f3k sinn staf.<a name=\"10\"><span class=\"versanumer\">10<\/span><\/a>\u00de\u00e1 sag\u00f0i Drottinn vi\u00f0 M\u00f3ses: ber aftur staf Arons fram fyrir s\u00e1ttm\u00e1ls\u00f6rkina a\u00f0 hann s\u00e9 \u00fear geymdur til minnismerkis fyrir \u00fe\u00e1 sem \u00f3hl\u00fd\u00f0nir eru, svo a\u00f0 m\u00f6glan \u00feeirra gegn m\u00e9r enda taki og \u00feeir ekki \u00feess vegna deyi.<a name=\"11\"><span class=\"versanumer\">11<\/span><\/a>Og M\u00f3ses gj\u00f6r\u00f0i \u00feannig eins og Drottinn haf\u00f0i bo\u00f0i\u00f0 honum.<a name=\"12\"><span class=\"versanumer\">12<\/span><\/a>En \u00cdsraelsb\u00f6rn s\u00f6g\u00f0u vi\u00f0 M\u00f3ses: sj\u00e1! v\u00e9r l\u00e1tum l\u00edfi\u00f0, v\u00e9r tort\u00fdnustum, allir tort\u00fdnunst v\u00e9r!<a name=\"13\"><span class=\"versanumer\">13<\/span><\/a>Hv\u00f6r sem kemur n\u00e6rri tjaldb\u00fa\u00f0 Drottins, deyr; munum v\u00e9r \u00fe\u00e1 allir tort\u00fdnast?<\/p>\n<div class=\"footnoteVidey\"><\/div>\n","protected":false},"excerpt":{"rendered":"<p>Um staf Arons. 1Og Drottinn tala\u00f0i vi\u00f0 M\u00f3ses og sag\u00f0i:2tala vi\u00f0 \u00cdsraelsb\u00f6rn og tak af \u00feeim 12 stafi, einn af hv\u00f6rjum \u00e6ttlegg, einn af hv\u00f6rjum \u00e6ttarh\u00f6f\u00f0ingja, og skrifa nafn hv\u00f6rs eins \u00e1 hans staf;3en nafn Arons skaltu rita \u00e1 staf Lev\u00eds, \u00fev\u00ed sinn stafur skal vera fyrir s\u00e9rhv\u00f6rn \u00e6ttarh\u00f6f\u00f0ingja.4Og \u00fe\u00fa skalt leggja \u00fe\u00e1 ni\u00f0ur \u00ed samkundutjaldb\u00fa\u00f0inni fyrir framan l\u00f6gm\u00e1li\u00f0, hvar eg er vanur a\u00f0 koma \u00e1 fund ykkar,5og \u00fea\u00f0 skal ske a\u00f0 stafur \u00feess manns, sem eg \u00fatvel, skal bl\u00f3mgast, a\u00f0 eg megi hefta m\u00f6glan \u00cdsraelsbarna \u00ed gegn m\u00e9r, er \u00feeir m\u00f6gla \u00ed gegn y\u00f0ur.6Og M\u00f3ses tala\u00f0i vi\u00f0 \u00cdsraelsb\u00f6rn og <a href=\"https:\/\/biblian.is\/videy\/fjorda-mosebok-17-kafli\/\"> [&#8230;]<\/a><\/p>\n","protected":false},"author":1,"featured_media":0,"parent":0,"menu_order":0,"comment_status":"open","ping_status":"open","template":"bibliukaflar.php","meta":{"footnotes":""},"class_list":["post-20983","page","type-page","status-publish","hentry"],"_links":{"self":[{"href":"https:\/\/biblian.is\/videy\/wp-json\/wp\/v2\/pages\/20983","targetHints":{"allow":["GET"]}}],"collection":[{"href":"https:\/\/biblian.is\/videy\/wp-json\/wp\/v2\/pages"}],"about":[{"href":"https:\/\/biblian.is\/videy\/wp-json\/wp\/v2\/types\/page"}],"author":[{"embeddable":true,"href":"https:\/\/biblian.is\/videy\/wp-json\/wp\/v2\/users\/1"}],"replies":[{"embeddable":true,"href":"https:\/\/biblian.is\/videy\/wp-json\/wp\/v2\/comments?post=20983"}],"version-history":[{"count":0,"href":"https:\/\/biblian.is\/videy\/wp-json\/wp\/v2\/pages\/20983\/revisions"}],"wp:attachment":[{"href":"https:\/\/biblian.is\/videy\/wp-json\/wp\/v2\/media?parent=20983"}],"curies":[{"name":"wp","href":"https:\/\/api.w.org\/{rel}","templated":true}]}}