{"id":20982,"date":"2018-01-02T00:59:46","date_gmt":"2018-01-02T00:59:46","guid":{"rendered":"http:\/\/biblian.is\/videy\/fjorda-mosebok-16-kafli\/"},"modified":"2018-01-02T00:59:46","modified_gmt":"2018-01-02T00:59:46","slug":"fjorda-mosebok-16-kafli","status":"publish","type":"page","link":"https:\/\/biblian.is\/videy\/fjorda-mosebok-16-kafli\/","title":{"rendered":"Fj\u00f3r\u00f0a M\u00f3seb\u00f3k 16. kafli"},"content":{"rendered":"<div class=\"fyrirsognVidey\">K\u00f3ra, Datan og Abiram gj\u00f6ra uppreisn.<\/div>\n<p><a name=\"1\"><span class=\"versanumer\">1<\/span><\/a>K\u00f3ra sonur Jesehars, sonar Kahats, sonar Lev\u00ed, t\u00f3k me\u00f0 s\u00e9r Datan og Abiram syni Eliabs og \u00d3n, son Pelets, b\u00f6rn R\u00fabens,<a name=\"2\"><span class=\"versanumer\">2<\/span><\/a>og \u00feeir risu upp gegn M\u00f3ses \u00e1samt 250 af \u00cdsraelsb\u00f6rnum, sem v\u00f3ru \u00feeir yppurstu l\u00fd\u00f0sins, er kvaddir v\u00f3ru vanalega til a\u00f0 m\u00e6ta \u00e1 \u00feingum, nafnkunnir menn,<a name=\"3\"><span class=\"versanumer\">3<\/span><\/a>\u00feeir t\u00f3ku sig saman gegn M\u00f3ses og Aron, og s\u00f6g\u00f0u vi\u00f0 \u00fe\u00e1: l\u00e1ti\u00f0 b\u00e6rilega! \u00fev\u00ed allur \u00feessi s\u00f6fnu\u00f0ur til samans er heilagur og Drottinn er mitt \u00e1 me\u00f0al \u00feeirra; \u00fev\u00ed upphefji\u00f0 \u00fe\u00e9r y\u00f0ur \u00fear fyrir yfir Gu\u00f0s s\u00f6fnu\u00f0?<a name=\"4\"><span class=\"versanumer\">4<\/span><\/a>\u00deegar M\u00f3ses heyr\u00f0i \u00feetta, f\u00e9ll hann fram \u00e1 s\u00edna \u00e1sj\u00f3nu,<a name=\"5\"><span class=\"versanumer\">5<\/span><\/a>m\u00e6lti vi\u00f0 K\u00f3ra og allan hans flokk og sag\u00f0i: \u00e1 morgun mun Drottinn lei\u00f0a \u00ed lj\u00f3s hv\u00f6r hans er, hv\u00f6r heilagur er, og l\u00e1ta hann koma til s\u00edn;<a name=\"6\"><span class=\"versanumer\">6<\/span><\/a>\u00feann sem hann \u00fatvelur mun hann l\u00e1ta koma til s\u00edn. Gj\u00f6ri\u00f0 \u00fear fyrir \u00feannig: taki\u00f0 y\u00f0ur gl\u00f3\u00f0arker, K\u00f3ra og allur hans flokkur,<a name=\"7\"><span class=\"versanumer\">7<\/span><\/a>leggi\u00f0 \u00ed \u00feau eld og s\u00e1i\u00f0 \u00fear yfir reykelsi fyrir augliti Drottins \u00e1 morgun, og s\u00e1 sem Drottinn \u00fatvelur hann skal vera heilagur. G\u00e6ti\u00f0 y\u00f0ar synir Lev\u00ed!<a name=\"8\"><span class=\"versanumer\">8<\/span><\/a>Og M\u00f3ses sag\u00f0i ennfremur vi\u00f0 K\u00f3ra: heyri\u00f0 synir Lev\u00ed!<a name=\"9\"><span class=\"versanumer\">9<\/span><\/a>\u00deykir y\u00f0ur \u00fea\u00f0 l\u00edti\u00f0 a\u00f0 \u00cdsraels Gu\u00f0 hefir fr\u00e1skili\u00f0 y\u00f0ur fr\u00e1 s\u00f6fnu\u00f0i \u00cdsraelsbarna, til a\u00f0 l\u00e1ta y\u00f0ur koma til s\u00edn til a\u00f0 \u00fej\u00f3na a\u00f0 samkundutjaldb\u00fa\u00f0 Drottins og a\u00f0 standa frammi fyrir s\u00f6fnu\u00f0inum til a\u00f0 \u00fej\u00f3na honum.<a name=\"10\"><span class=\"versanumer\">10<\/span><\/a>Og hann l\u00e9t \u00feig og alla \u00fe\u00edna br\u00e6\u00f0ur, syni Lev\u00ed, me\u00f0 \u00fe\u00e9r, koma n\u00e6r, n\u00fa vilji\u00f0 \u00fe\u00e9r l\u00edka n\u00e1 \u00ed prestsemb\u00e6tti\u00f0!<a name=\"11\"><span class=\"versanumer\">11<\/span><\/a>\u00deess vegna hefir \u00fe\u00fa og allur \u00feinn flokkur gj\u00f6rt uppreisn gegn Drottni. \u00dev\u00ed hva\u00f0 er Aron a\u00f0 \u00fe\u00e9r skulu\u00f0 m\u00f6gla \u00ed gegn honum.<a name=\"12\"><span class=\"versanumer\">12<\/span><\/a>\u00de\u00e1 sendi M\u00f3ses til a\u00f0 kalla \u00e1 Datan og Ab\u00edram, syni Eliabs; en \u00feeir sv\u00f6ru\u00f0u honum: v\u00e9r komum ekki!<a name=\"13\"><span class=\"versanumer\">13<\/span><\/a>Er \u00fea\u00f0 of l\u00edti\u00f0 a\u00f0 \u00fe\u00fa hefir leitt oss \u00far \u00fev\u00ed landi sem fl\u00fdtur \u00ed mj\u00f3lk og hunangi, til a\u00f0 sl\u00e1 oss \u00ed hel \u00ed \u00feessari ey\u00f0im\u00f6rku, a\u00f0 \u00fe\u00fa \u00fear \u00e1 ofan vilt drottna yfir oss?<a name=\"14\"><span class=\"versanumer\">14<\/span><\/a>Illa hefur \u00fe\u00fa leitt oss til \u00feessa lands sem fl\u00fdtur \u00ed mj\u00f3lk og hunangi, og gefi\u00f0 oss til eignar akra og v\u00edngar\u00f0a! \u00e6tlar\u00f0u l\u00edka a\u00f0 blinda menn \u00feessa? v\u00e9r komum ekki!<a name=\"15\"><span class=\"versanumer\">15<\/span><\/a>En M\u00f3ses var\u00f0 mj\u00f6g rei\u00f0ur og sag\u00f0i vi\u00f0 Drottin: l\u00edt ekki vi\u00f0 matf\u00f3rn \u00feeirra! ekki einn asna hefi eg teki\u00f0 fr\u00e1 \u00feeim, ekki gj\u00f6rt nokkrum af \u00feeim mein!<a name=\"16\"><span class=\"versanumer\">16<\/span><\/a>Og vi\u00f0 K\u00f3ra sag\u00f0i hann: vertu og allur \u00feinn flokkur h\u00e9r \u00e1 morgun \u00ed augs\u00fdn Drottins, \u00fe\u00fa og \u00feeir og Aron!<a name=\"17\"><span class=\"versanumer\">17<\/span><\/a>Skal hv\u00f6r taka sitt gl\u00f3\u00f0arker, s\u00e1 reykelsi \u00fear yfir, og koma me\u00f0 \u00fea\u00f0 fram fyrir Drottin, hv\u00f6r me\u00f0 sitt, alls 250 gl\u00f3\u00f0arker; \u00fe\u00fa og Aron skulu l\u00edka taka hv\u00f6r sitt gl\u00f3\u00f0arker.<a name=\"18\"><span class=\"versanumer\">18<\/span><\/a>Hv\u00f6r og einn t\u00f3k \u00fear fyrir sitt gl\u00f3\u00f0arker, l\u00e9t \u00ed \u00fea\u00f0 eld og s\u00e1\u00f0i \u00fear fyrir reykelsi og nam sta\u00f0ar vi\u00f0 innganginn \u00ed samkundutjaldb\u00fa\u00f0ina \u00e1samt me\u00f0 M\u00f3ses og Aron.<a name=\"19\"><span class=\"versanumer\">19<\/span><\/a>En K\u00f3ra samansafna\u00f0i \u00ed m\u00f3ti \u00feeim \u00f6llum s\u00f6fnu\u00f0inum vi\u00f0 innganginn \u00ed samkundutjaldb\u00fa\u00f0ina, og d\u00fdr\u00f0 Drottins birtist \u00f6llum s\u00f6fnu\u00f0inum.<a name=\"20\"><span class=\"versanumer\">20<\/span><\/a>\u00de\u00e1 tala\u00f0i Drottinn vi\u00f0 M\u00f3ses og Aron og sag\u00f0i:<a name=\"21\"><span class=\"versanumer\">21<\/span><\/a>taki\u00f0 y\u00f0ur burt fr\u00e1 \u00feessum s\u00f6fnu\u00f0i og eg mun \u00ed einu augabrag\u00f0i afm\u00e1 \u00fe\u00e1!<a name=\"22\"><span class=\"versanumer\">22<\/span><\/a>En \u00feeir f\u00e9llu fram \u00e1 s\u00ednar \u00e1sj\u00f3nir og s\u00f6g\u00f0u: alvaldi Gu\u00f0! Skapari alls \u00feess sem l\u00edfsanda dregur! \u00feessi eini ma\u00f0ur \u00e6tla\u00f0i a\u00f0 syndga, muntu \u00fear fyrir rei\u00f0ast \u00f6llum s\u00f6fnu\u00f0inum?<a name=\"23\"><span class=\"versanumer\">23<\/span><\/a>\u00de\u00e1 tala\u00f0i Drottinn vi\u00f0 M\u00f3ses og sag\u00f0i:<a name=\"24\"><span class=\"versanumer\">24<\/span><\/a>tala \u00feessum or\u00f0um vi\u00f0 s\u00f6fnu\u00f0inn: v\u00edki\u00f0 fr\u00e1 tj\u00f6ldum K\u00f3ras, Datans og Ab\u00edrams allt um kring.<a name=\"25\"><span class=\"versanumer\">25<\/span><\/a>En M\u00f3ses st\u00f3\u00f0 upp og gekk til Datans og Ab\u00edrams, og \u00f6ldungar \u00cdsraels fylgdu honum,<a name=\"26\"><span class=\"versanumer\">26<\/span><\/a>og hann tala\u00f0i til safna\u00f0arins, og sag\u00f0i: v\u00edki\u00f0 fr\u00e1 tj\u00f6ldum \u00feessara \u00f3gu\u00f0legu manna, og snerti\u00f0 ekki neitt af \u00fev\u00ed sem \u00feeim tilheyrir, a\u00f0 \u00fe\u00e9r ekki fyrirfarist s\u00f6kum \u00feeirra synda.<a name=\"27\"><span class=\"versanumer\">27<\/span><\/a>\u00deeir viku \u00fear fyrir burtu fr\u00e1 K\u00f3ras, Datans og Ab\u00edrams tj\u00f6ldum allt um kring, en Datan og Ab\u00edram gengu \u00fat og st\u00f3\u00f0u vi\u00f0 tjalddyrnar \u00e1samt konum s\u00ednum, sonum og ungb\u00f6rnum.<a name=\"28\"><span class=\"versanumer\">28<\/span><\/a>\u00de\u00e1 sag\u00f0i M\u00f3ses: \u00fear af skulu\u00f0 \u00fe\u00e9r \u00feekkja a\u00f0 Drottinn hefir sent mig til a\u00f0 gj\u00f6ra \u00f6ll \u00feessi verk og a\u00f0 eg ekki gj\u00f6ri \u00feau eftir eigin hug\u00fe\u00f3tta,<a name=\"29\"><span class=\"versanumer\">29<\/span><\/a>ef \u00feessir menn deyja eins og a\u00f0rir menn og ef Drottinn straffar \u00fe\u00e1 upp \u00e1 sama h\u00e1tt og a\u00f0ra menn, \u00fe\u00e1 hefir Drottinn ekki sent mig;<a name=\"30\"><span class=\"versanumer\">30<\/span><\/a>en ef Drottinn l\u00e6tur nokku\u00f0 \u00f3venjulegt ske, svo a\u00f0 j\u00f6r\u00f0in opnar sinn munn og svelgir \u00fe\u00e1 \u00ed sig og allt sem \u00feeim tilheyrir, og \u00feeir fara lifandi ni\u00f0ur til helju, \u00fe\u00e1 hafi\u00f0 \u00fea\u00f0 til merkis um a\u00f0 \u00feessir menn hafa forsm\u00e1\u00f0 Drottin.<a name=\"31\"><span class=\"versanumer\">31<\/span><\/a>Og sj\u00e1! r\u00e9tt \u00ed \u00fev\u00ed hann haf\u00f0i m\u00e6lt \u00feessi or\u00f0, rifna\u00f0i j\u00f6r\u00f0in undir f\u00f3tum \u00feeim,<a name=\"32\"><span class=\"versanumer\">32<\/span><\/a>og h\u00fan opna\u00f0i munn sinn og svelgdi \u00fe\u00e1 og h\u00edb\u00fdli \u00feeirra, og alla \u00fe\u00e1 menn sem voru me\u00f0 K\u00f3ra og alla \u00feeirra fj\u00e1rmuni;<a name=\"33\"><span class=\"versanumer\">33<\/span><\/a>og \u00feeir f\u00f3ru me\u00f0 \u00f6llum s\u00ednum \u00e1hangendum lifandi ni\u00f0ur til helju, j\u00f6r\u00f0in huldi \u00fe\u00e1, og \u00feeir v\u00f3ru \u00feannig afm\u00e1\u00f0ir mitt \u00far s\u00f6fnu\u00f0inum.<a name=\"34\"><span class=\"versanumer\">34<\/span><\/a>En allir \u00cdsrael\u00edtar, sem st\u00f3\u00f0u \u00ed kringum \u00fe\u00e1, fl\u00fd\u00f0u er \u00feeir heyr\u00f0u \u00f3p \u00feeirra, \u00fev\u00ed, \u00feeir hugsu\u00f0u a\u00f0 j\u00f6r\u00f0in annars l\u00edka mundi uppsvelgja sig.<a name=\"35\"><span class=\"versanumer\">35<\/span><\/a>S\u00ed\u00f0an \u00fatgekk eldur fr\u00e1 Drottni, er eyddi \u00feeim 250 m\u00f6nnum, sem reykelsi\u00f0 h\u00f6f\u00f0u upptendra\u00f0.<a name=\"36\"><span class=\"versanumer\">36<\/span><\/a>Og Drottinn tala\u00f0i vi\u00f0 M\u00f3ses og sag\u00f0i:<a name=\"37\"><span class=\"versanumer\">37<\/span><\/a>Seg vi\u00f0 Eleasar son Arons prests, a\u00f0 hann skuli taka gl\u00f3\u00f0arkerin \u00far loganum og dreifa eldinum \u00far \u00feeim v\u00ed\u00f0svegar, \u00fev\u00ed \u00feau hafa veri\u00f0 \u00e6tlu\u00f0 til helgrar br\u00fakunar,<a name=\"38\"><span class=\"versanumer\">38<\/span><\/a>nefnilega gl\u00f3\u00f0arker \u00feeirra, sem me\u00f0 syndum s\u00ednum ollu s\u00e9r dau\u00f0a, skuli fletja \u00feau \u00fat \u00ed \u00feunnar sk\u00edfur og kl\u00e6\u00f0a me\u00f0 \u00feeim altari\u00f0, \u00fev\u00ed \u00feeir komu me\u00f0 \u00feau fram fyrir Drottin og \u00e6tlu\u00f0u \u00feau til helgrar br\u00fakunar, og skulu \u00feau vera \u00cdsraelsm\u00f6nnum til minnismerkis.<a name=\"39\"><span class=\"versanumer\">39<\/span><\/a>Presturinn Eleasar t\u00f3k \u00feess vegna eirgl\u00f3\u00f0arkerin, sem \u00feeir sem brenndir voru h\u00f6f\u00f0u komi\u00f0 me\u00f0, og \u00feegar b\u00fai\u00f0 var a\u00f0 fletja \u00feau \u00fat, kl\u00e6ddu \u00feeir altari\u00f0 me\u00f0 \u00feeim<a name=\"40\"><span class=\"versanumer\">40<\/span><\/a>\u00cdsraelsb\u00f6rnum til minnismerkis, a\u00f0 enginn \u00fatlendur <span class='VideyAth'>(\u00f3vi\u00f0komandi)<\/span> sem ekki v\u00e6ri af Arons \u00e6tt, skyldi gefa sig til a\u00f0 bera reykjarf\u00f3rn fram fyrir Drottin, svo a\u00f0 ekki f\u00e6ri eins fyrir honum og K\u00f3ra og hans f\u00e9l\u00f6gum, eins og Drottinn haf\u00f0i sagt honum, fyrir M\u00f3ses. <br \/><a name=\"41\"><span class=\"versanumer\">41<\/span><\/a>Daginn eftir m\u00f6gla\u00f0i allur l\u00fd\u00f0ur \u00cdsraelsbarna gegn M\u00f3ses og Aron og sag\u00f0i: \u00fei\u00f0 hafi\u00f0 slegi\u00f0 \u00ed hel l\u00fd\u00f0 Drottins.<a name=\"42\"><span class=\"versanumer\">42<\/span><\/a>En sem s\u00f6fnu\u00f0urinn safna\u00f0ist saman gegn M\u00f3ses og Aron og \u00feeir litu til samkundutjaldb\u00fa\u00f0arinnar, sj\u00e1! \u00fe\u00e1 huldi sk\u00fdi\u00f0 hana og d\u00fdr\u00f0 Drottins birtist;<a name=\"43\"><span class=\"versanumer\">43<\/span><\/a>og M\u00f3ses og Aron gengu fram fyrir samkundutjaldb\u00fa\u00f0ina.<a name=\"44\"><span class=\"versanumer\">44<\/span><\/a>\u00de\u00e1 tala\u00f0i Drottinn vi\u00f0 M\u00f3ses og sag\u00f0i:<a name=\"45\"><span class=\"versanumer\">45<\/span><\/a>v\u00edki\u00f0 burt fr\u00e1 l\u00fd\u00f0 \u00feessum, eg vil skj\u00f3tlega afm\u00e1 hann! en \u00feeir f\u00e9llu fram \u00e1 \u00e1sj\u00f3nur s\u00ednar.<a name=\"46\"><span class=\"versanumer\">46<\/span><\/a>Og M\u00f3ses sag\u00f0i vi\u00f0 Aron: tak gl\u00f3\u00f0arker, l\u00e1t eld \u00ed \u00fea\u00f0 af altarinu, s\u00e1 svo reykelsi \u00fear yfir og gakk \u00ed skyndi til safna\u00f0arins og fri\u00f0\u00fe\u00e6g fyrir \u00fe\u00e1, \u00fev\u00ed Gu\u00f0s rei\u00f0i er farin a\u00f0 koma \u00ed lj\u00f3s, pl\u00e1gan byrju\u00f0!<a name=\"47\"><span class=\"versanumer\">47<\/span><\/a>\u00de\u00e1 t\u00f3k Aron, eins og M\u00f3ses haf\u00f0i bo\u00f0i\u00f0 honum, og hlj\u00f3p inn \u00ed mi\u00f0jan s\u00f6fnu\u00f0inn, og sj\u00e1! pl\u00e1gan var byrju\u00f0 me\u00f0al \u00feeirra; og hann str\u00e1\u00f0i reykelsinu, og fri\u00f0\u00fe\u00e6g\u00f0i fyrir \u00fe\u00e1,<a name=\"48\"><span class=\"versanumer\">48<\/span><\/a>\u00fear sem hann st\u00f3\u00f0 \u00e1 milli \u00feeirra dau\u00f0u og lifandi, og pl\u00e1gan h\u00e6tti.<a name=\"49\"><span class=\"versanumer\">49<\/span><\/a>En \u00feeir sem d\u00f3u \u00ed \u00feessari pl\u00e1gu voru 14 \u00fe\u00fasundir og 7 hundru\u00f0, auk \u00feeirra sem d\u00f3u K\u00f3ras vegna.<a name=\"50\"><span class=\"versanumer\">50<\/span><\/a>Og Aron sneri aftur til M\u00f3ses til dyra samkundutjaldb\u00fa\u00f0arinnar, og pl\u00e1gan stilltist.<\/p>\n<div class=\"footnoteVidey\">V. 3. \u00de. e. Gu\u00f0i helga\u00f0ur og hafa \u00fear fyrir allan jafnan r\u00e9tt til a\u00f0 ver\u00f0a prestar.  V. 5. \u00de. e. f\u00e6ra f\u00f3rnir, sem enginn m\u00e1tti gj\u00f6ra nema prestarnir.  V. 9. Sj\u00e1 3,5\u201339, \u00fe. e. hann er innsettur af Drottni, \u00ed \u00fev\u00ed \u00fe\u00e9r m\u00f6gli\u00f0 \u00e1 m\u00f3ti honum, m\u00f6gli\u00f0 \u00fe\u00e9r \u00ed m\u00f3ti Drottni.  V. 14. \u00de. e. stinga \u00far \u00feeim augum svo \u00feeir sj\u00e1i ekki svik \u00fe\u00edn og drottnunargirnd.<\/div>\n","protected":false},"excerpt":{"rendered":"<p>K\u00f3ra, Datan og Abiram gj\u00f6ra uppreisn. 1K\u00f3ra sonur Jesehars, sonar Kahats, sonar Lev\u00ed, t\u00f3k me\u00f0 s\u00e9r Datan og Abiram syni Eliabs og \u00d3n, son Pelets, b\u00f6rn R\u00fabens,2og \u00feeir risu upp gegn M\u00f3ses \u00e1samt 250 af \u00cdsraelsb\u00f6rnum, sem v\u00f3ru \u00feeir yppurstu l\u00fd\u00f0sins, er kvaddir v\u00f3ru vanalega til a\u00f0 m\u00e6ta \u00e1 \u00feingum, nafnkunnir menn,3\u00feeir t\u00f3ku sig saman gegn M\u00f3ses og Aron, og s\u00f6g\u00f0u vi\u00f0 \u00fe\u00e1: l\u00e1ti\u00f0 b\u00e6rilega! \u00fev\u00ed allur \u00feessi s\u00f6fnu\u00f0ur til samans er heilagur og Drottinn er mitt \u00e1 me\u00f0al \u00feeirra; \u00fev\u00ed upphefji\u00f0 \u00fe\u00e9r y\u00f0ur \u00fear fyrir yfir Gu\u00f0s s\u00f6fnu\u00f0?4\u00deegar M\u00f3ses heyr\u00f0i \u00feetta, f\u00e9ll hann fram \u00e1 s\u00edna \u00e1sj\u00f3nu,5m\u00e6lti vi\u00f0 K\u00f3ra <a href=\"https:\/\/biblian.is\/videy\/fjorda-mosebok-16-kafli\/\"> [&#8230;]<\/a><\/p>\n","protected":false},"author":1,"featured_media":0,"parent":0,"menu_order":0,"comment_status":"open","ping_status":"open","template":"bibliukaflar.php","meta":{"footnotes":""},"class_list":["post-20982","page","type-page","status-publish","hentry"],"_links":{"self":[{"href":"https:\/\/biblian.is\/videy\/wp-json\/wp\/v2\/pages\/20982","targetHints":{"allow":["GET"]}}],"collection":[{"href":"https:\/\/biblian.is\/videy\/wp-json\/wp\/v2\/pages"}],"about":[{"href":"https:\/\/biblian.is\/videy\/wp-json\/wp\/v2\/types\/page"}],"author":[{"embeddable":true,"href":"https:\/\/biblian.is\/videy\/wp-json\/wp\/v2\/users\/1"}],"replies":[{"embeddable":true,"href":"https:\/\/biblian.is\/videy\/wp-json\/wp\/v2\/comments?post=20982"}],"version-history":[{"count":0,"href":"https:\/\/biblian.is\/videy\/wp-json\/wp\/v2\/pages\/20982\/revisions"}],"wp:attachment":[{"href":"https:\/\/biblian.is\/videy\/wp-json\/wp\/v2\/media?parent=20982"}],"curies":[{"name":"wp","href":"https:\/\/api.w.org\/{rel}","templated":true}]}}