{"id":20980,"date":"2018-01-02T00:59:46","date_gmt":"2018-01-02T00:59:46","guid":{"rendered":"http:\/\/biblian.is\/videy\/fjorda-mosebok-14-kafli\/"},"modified":"2018-01-02T00:59:46","modified_gmt":"2018-01-02T00:59:46","slug":"fjorda-mosebok-14-kafli","status":"publish","type":"page","link":"https:\/\/biblian.is\/videy\/fjorda-mosebok-14-kafli\/","title":{"rendered":"Fj\u00f3r\u00f0a M\u00f3seb\u00f3k 14. kafli"},"content":{"rendered":"<div class=\"fyrirsognVidey\">F\u00f3lki\u00f0 m\u00f6glar og er straffa\u00f0 \u00fear fyrir.<\/div>\n<p><a name=\"1\"><span class=\"versanumer\">1<\/span><\/a>\u00de\u00e1 \u00e6pti allur s\u00f6fnu\u00f0urinn upp yfir sig, og f\u00f3lki\u00f0 gr\u00e9t \u00fe\u00e1 s\u00f6mu n\u00f3tt.<a name=\"2\"><span class=\"versanumer\">2<\/span><\/a>Og allir \u00cdsraelsmenn m\u00f6glu\u00f0u gegn M\u00f3ses og Aron, og allur s\u00f6fnu\u00f0urinn sag\u00f0i vi\u00f0 \u00fe\u00e1: Gu\u00f0 g\u00e6fi v\u00e9r hef\u00f0um d\u00e1i\u00f0 \u00ed Egyptalandi, e\u00f0a v\u00e9r d\u00e6jum \u00ed \u00feessari ey\u00f0im\u00f6rku!<a name=\"3\"><span class=\"versanumer\">3<\/span><\/a>\u00dev\u00ed lei\u00f0ir Drottinn oss \u00ed \u00feetta land, svo a\u00f0 v\u00e9r f\u00f6llum fyrir sver\u00f0i og vorar konur og b\u00f6rn ver\u00f0i a\u00f0 herfangi? Er ekki betra fyrir oss a\u00f0 hverfa aftur til Egyptalands?<a name=\"4\"><span class=\"versanumer\">4<\/span><\/a>Og \u00feeir s\u00f6g\u00f0u hv\u00f6r vi\u00f0 annan: setjum oss h\u00f6f\u00f0ingja og hverfum aftur til Egyptalands! <br \/><a name=\"5\"><span class=\"versanumer\">5<\/span><\/a>\u00de\u00e1 f\u00e9llu \u00feeir M\u00f3ses og Aron \u00e1 s\u00ednar \u00e1sj\u00f3nur til jar\u00f0ar, fyrir allri samkomu \u00cdsraelssona safna\u00f0ar.<a name=\"6\"><span class=\"versanumer\">6<\/span><\/a>Og J\u00f3sva sonur N\u00fans, og Kaleb sonur Jefunnes, tveir af \u00feeim sem h\u00f6f\u00f0u sko\u00f0a\u00f0 landi\u00f0, rifu s\u00edn kl\u00e6\u00f0i,<a name=\"7\"><span class=\"versanumer\">7<\/span><\/a>og s\u00f6g\u00f0u vi\u00f0 allan s\u00f6fnu\u00f0 \u00cdsraelssona: \u00fea\u00f0 land sem v\u00e9r f\u00f3rum yfir a\u00f0 sko\u00f0a er miki\u00f0, miki\u00f0 gott.<a name=\"8\"><span class=\"versanumer\">8<\/span><\/a>S\u00e9 Drottinn oss hli\u00f0hollur, svo flytur hann oss \u00ed \u00feetta land, og gefur oss \u00fea\u00f0, landi\u00f0 sem fl\u00fdtur \u00ed mj\u00f3lk og hunangi.<a name=\"9\"><span class=\"versanumer\">9<\/span><\/a>Gj\u00f6ri\u00f0 a\u00f0eins ekki uppreisn m\u00f3ti Drottni, og hr\u00e6\u00f0ist ekki landsf\u00f3lki\u00f0, \u00fev\u00ed \u00fea\u00f0 er vort brau\u00f0, vikin er fr\u00e1 \u00feeim \u00feeirra v\u00f6rn, og Drottinn er me\u00f0 oss, veri\u00f0 \u00f3hr\u00e6ddir!<a name=\"10\"><span class=\"versanumer\">10<\/span><\/a>\u00de\u00e1 \u00e6tla\u00f0i allur s\u00f6fnu\u00f0urinn a\u00f0 gr\u00fdta \u00fe\u00e1. En d\u00fdr\u00f0 Drottins opinbera\u00f0ist \u00f6llum \u00cdsraelssonum, \u00ed samkundutjaldb\u00fa\u00f0inni.<a name=\"11\"><span class=\"versanumer\">11<\/span><\/a>Og Drottinn sag\u00f0i vi\u00f0 M\u00f3ses: hv\u00f6rsu lengi vill \u00feetta f\u00f3lk \u00fatsk\u00fafa m\u00e9r, og hv\u00f6rsu lengi ekkert traust \u00e1 m\u00e9r hafa, svo m\u00f6rg undur sem eg hefi gj\u00f6rt me\u00f0al \u00feeirra?<a name=\"12\"><span class=\"versanumer\">12<\/span><\/a>Eg vil senda \u00fev\u00ed dreps\u00f3tt, og afm\u00e1 \u00fea\u00f0, og gj\u00f6ra \u00feig a\u00f0 \u00fej\u00f3\u00f0, st\u00e6rri og sterkari en \u00fea\u00f0 er.<a name=\"13\"><span class=\"versanumer\">13<\/span><\/a>Og M\u00f3ses sag\u00f0i vi\u00f0 Drottin: svo munu egypskir fr\u00e9tta \u00fea\u00f0, \u00fev\u00ed me\u00f0 \u00fe\u00ednum krafti hefir \u00fe\u00fa flutt \u00feetta f\u00f3lk burt fr\u00e1 \u00feeim;<a name=\"14\"><span class=\"versanumer\">14<\/span><\/a>og menn munu segja innb\u00faum \u00feessa lands, sem hafa heyrt, a\u00f0 \u00fe\u00fa, Drottinn, s\u00e9rt me\u00f0 \u00feessu f\u00f3lki, og l\u00e1tir \u00fea\u00f0 sj\u00e1 \u00feig bers\u00fdnilega, og a\u00f0 \u00feitt sk\u00fd, Drottinn, yfir \u00fev\u00ed standi, og \u00fe\u00fa gangir fyrir \u00fev\u00ed \u00ed sk\u00fdst\u00f3lpa \u00e1 daginn og \u00ed eldsk\u00fdi \u00e1 n\u00e6turnar;<a name=\"15\"><span class=\"versanumer\">15<\/span><\/a>og dey\u00f0ir \u00fe\u00fa \u00feetta f\u00f3lk ni\u00f0ur \u00ed str\u00e1, svo munu \u00fej\u00f3\u00f0irnar segja, sem hafa heyrt \u00fe\u00edna fr\u00e6g\u00f0:<a name=\"16\"><span class=\"versanumer\">16<\/span><\/a>af \u00fev\u00ed Drottinn gat ekki komi\u00f0 \u00feessu f\u00f3lki inn \u00ed landi\u00f0, sem hann s\u00f3r \u00feeim, svo sl\u00e1tra\u00f0i hann <span class='VideyAth'>(\u00fev\u00ed)<\/span> \u00ed ey\u00f0im\u00f6rkinni.<a name=\"17\"><span class=\"versanumer\">17<\/span><\/a>Og n\u00fa s\u00fdni Drottins kraftur sig mikinn, eins og \u00fe\u00fa hefir tala\u00f0 og sagt:<a name=\"18\"><span class=\"versanumer\">18<\/span><\/a>Drottinn er \u00feolinm\u00f3\u00f0ur og n\u00e1\u00f0arr\u00edkur, fyrirgefur misgj\u00f6r\u00f0ir og yfirtro\u00f0slur, en sem ei l\u00e6tur allt\u00ed\u00f0 <span class='VideyAth'>(allt)<\/span> \u00f3straffa\u00f0, sem vitjar misgj\u00f6r\u00f0a fe\u00f0ranna \u00e1 sonunum, \u00ed \u00feri\u00f0ja og fj\u00f3r\u00f0a li\u00f0.<a name=\"19\"><span class=\"versanumer\">19<\/span><\/a>Fyrirgef misgj\u00f6r\u00f0ir \u00feessa f\u00f3lks eftir st\u00e6r\u00f0 \u00feinnar n\u00e1\u00f0ar, og eins og \u00fe\u00fa hefir fyrirgefi\u00f0 \u00feessu f\u00f3lki, fr\u00e1 Egyptalandi hinga\u00f0 til.<a name=\"20\"><span class=\"versanumer\">20<\/span><\/a>Og Drottinn svara\u00f0i: eg fyrirgef eins og \u00fe\u00fa segir;<a name=\"21\"><span class=\"versanumer\">21<\/span><\/a>en svo sannarlega sem eg lifi, og Drottins d\u00fdr\u00f0 uppfyllir alla j\u00f6r\u00f0ina:<a name=\"22\"><span class=\"versanumer\">22<\/span><\/a>allir \u00feeir menn, sem hafa s\u00e9\u00f0 m\u00edna d\u00fdr\u00f0 og m\u00edn undur, sem eg gj\u00f6r\u00f0i \u00ed Egyptalandi og \u00ed ey\u00f0im\u00f6rkinni, og n\u00fa hafa freista\u00f0 m\u00edn 10 sinnum, og ekki hl\u00fdtt raustu minni,<a name=\"23\"><span class=\"versanumer\">23<\/span><\/a>\u00feeir skulu ekki sj\u00e1 landi\u00f0 sem eg s\u00f3r fe\u00f0rum \u00feeirra, og engir sem m\u00e9r hafa burtsk\u00fafa\u00f0, skulu sj\u00e1 \u00fea\u00f0.<a name=\"24\"><span class=\"versanumer\">24<\/span><\/a>En minn \u00fe\u00e9nara Kaleb, af \u00fev\u00ed annar andi er yfir honum, og af \u00fev\u00ed hann hefir algj\u00f6rlega fylgt m\u00e9r, hann vil eg lei\u00f0a inn \u00ed \u00fea\u00f0 land, sem hann hefir komi\u00f0 \u00ed, og hans ni\u00f0jar skulu \u00fea\u00f0 eignast.<a name=\"25\"><span class=\"versanumer\">25<\/span><\/a>En Amalek\u00edtar og Kanan\u00edtar b\u00faa \u00ed d\u00f6lunum; sn\u00fai\u00f0 n\u00fa vi\u00f0 \u00e1 morgun og fari\u00f0 \u00ed ey\u00f0im\u00f6rkina \u00e1 lei\u00f0 til Rau\u00f0ahafsins. <br \/><a name=\"26\"><span class=\"versanumer\">26<\/span><\/a>Og Drottinn tala\u00f0i vi\u00f0 M\u00f3ses og Aron og m\u00e6lti:<a name=\"27\"><span class=\"versanumer\">27<\/span><\/a>Hv\u00f6rsu lengi <span class='VideyAth'>(skal eg fyrirgefa)<\/span> \u00feessum vonda s\u00f6fnu\u00f0i sem m\u00f3ti m\u00e9r m\u00f6glar? M\u00f6gl \u00cdsraelssona, hv\u00f6rsu \u00feeir hafa m\u00f6gla\u00f0 m\u00f3ti m\u00e9r, hefi eg heyrt.<a name=\"28\"><span class=\"versanumer\">28<\/span><\/a>Seg \u00fe\u00fa \u00feeim: svo sannarlega sem eg lifi, segir Drottinn, eins og \u00fe\u00e9r hafi\u00f0 tala\u00f0 fyrir m\u00ednum eyrum, svo vil eg vi\u00f0 y\u00f0ur gj\u00f6ra.<a name=\"29\"><span class=\"versanumer\">29<\/span><\/a>\u00cd \u00feessari ey\u00f0im\u00f6rku skulu y\u00f0ar l\u00edkamir falla, allra y\u00f0ar sem taldir eru\u00f0 eftir y\u00f0ar t\u00f6lu, fr\u00e1 tv\u00edtugsaldri og \u00fear yfir, y\u00f0ur sem m\u00f6gla\u00f0 hafi\u00f0 m\u00f3ti m\u00e9r,<a name=\"30\"><span class=\"versanumer\">30<\/span><\/a>\u00fe\u00e9r skulu\u00f0 ekki koma inn \u00ed landi\u00f0, \u00ed hv\u00f6rju a\u00f0 eg me\u00f0 ei\u00f0i lofa\u00f0i \u00fe\u00e9r skyldu\u00f0 b\u00faa, nema Kaleb sonur Jefunnis, og J\u00f3sva sonur N\u00fans.<a name=\"31\"><span class=\"versanumer\">31<\/span><\/a>Og y\u00f0ar b\u00f6rn sem \u00fe\u00e9r t\u00f6lu\u00f0u\u00f0 um, a\u00f0 \u00feau mundu ver\u00f0a a\u00f0 herfangi, \u00feau flyt eg \u00feanga\u00f0, og \u00feau skulu \u00feekkja landi\u00f0, sem \u00fe\u00e9r forsm\u00e1\u00f0u\u00f0;<a name=\"32\"><span class=\"versanumer\">32<\/span><\/a>en y\u00f0ar l\u00edkamir skulu falla \u00ed \u00feessari ey\u00f0im\u00f6rku,<a name=\"33\"><span class=\"versanumer\">33<\/span><\/a>og y\u00f0ar synir skulu vera me\u00f0 hjar\u00f0ir \u00ed ey\u00f0im\u00f6rkinni \u00ed 40 \u00e1r, og gjalda y\u00f0ar fr\u00e1falls, <span class='VideyAth'>(\u00f3tr\u00famennsku)<\/span> \u00feanga\u00f0 til y\u00f0ar l\u00edkamir eru afm\u00e1\u00f0ir \u00ed ey\u00f0im\u00f6rkinni.<a name=\"34\"><span class=\"versanumer\">34<\/span><\/a>Eftir t\u00f6lu \u00feeirra 40 daga, \u00e1 hv\u00f6rjum \u00fe\u00e9r sko\u00f0u\u00f0u\u00f0 landi\u00f0, \u00e1r fyrir hv\u00f6rn dag, skulu\u00f0 \u00fe\u00e9r bera y\u00f0ar misgj\u00f6rning \u00ed 40 \u00e1r, og ver\u00f0a \u00feess varir a\u00f0 eg er horfinn fr\u00e1 y\u00f0ur.<a name=\"35\"><span class=\"versanumer\">35<\/span><\/a>Eg Drottinn hefi \u00fea\u00f0 tala\u00f0: sannarlega vil eg gj\u00f6ra \u00feetta \u00f6llum \u00feeim vonda s\u00f6fnu\u00f0i sem hefir gj\u00f6rt samt\u00f6k m\u00f3ti m\u00e9r, \u00ed \u00feessari ey\u00f0im\u00f6rku skulu \u00feeir afm\u00e1\u00f0ir ver\u00f0a, og \u00fear skulu \u00feeir deyja. <br \/><a name=\"36\"><span class=\"versanumer\">36<\/span><\/a>Og \u00feeir menn, sem M\u00f3ses haf\u00f0i sent til a\u00f0 sko\u00f0a landi\u00f0, og sem aftur komu, og komu \u00f6llum s\u00f6fnu\u00f0inum til a\u00f0 m\u00f6gla m\u00f3ti honum, \u00fev\u00ed \u00feeir l\u00e9tu \u00fatberast illar fr\u00e9ttir af landinu;<a name=\"37\"><span class=\"versanumer\">37<\/span><\/a>\u00feeir menn d\u00f3u sem \u00fatbreiddu illa fr\u00e9tt af landinu \u00ed pl\u00e1gu fr\u00e1 Drottni.<a name=\"38\"><span class=\"versanumer\">38<\/span><\/a>En J\u00f3sva sonur N\u00fans og Kaleb sonur Jefunnis, lif\u00f0u eftir af \u00feeim m\u00f6nnum sem fari\u00f0 h\u00f6f\u00f0u a\u00f0 sko\u00f0a landi\u00f0. <br \/><a name=\"39\"><span class=\"versanumer\">39<\/span><\/a>Og M\u00f3ses tala\u00f0i \u00feessi or\u00f0 til allra \u00cdsraelssona; \u00fe\u00e1 var\u00f0 f\u00f3lki\u00f0 mj\u00f6g sorgbiti\u00f0.<a name=\"40\"><span class=\"versanumer\">40<\/span><\/a>Og \u00feeir t\u00f3ku sig upp um morguninn og f\u00f3ru upp \u00e1 h\u00e6\u00f0 fjallsins, og s\u00f6g\u00f0u: h\u00e9r erum v\u00e9r og viljum fara til \u00feess sta\u00f0ar um hv\u00f6rn Drottinn hefir tala\u00f0; \u00fev\u00ed v\u00e9r h\u00f6fum syndga\u00f0.<a name=\"41\"><span class=\"versanumer\">41<\/span><\/a>\u00de\u00e1 m\u00e6lti M\u00f3ses: \u00fev\u00ed yfirtro\u00f0i\u00f0 \u00fe\u00e9r Drottins bo\u00f0? \u00fea\u00f0 mun ei lukkast!<a name=\"42\"><span class=\"versanumer\">42<\/span><\/a>fari\u00f0 ekki \u00feanga\u00f0; \u00fev\u00ed Drottinn er ekki me\u00f0al y\u00f0ar, a\u00f0 \u00fe\u00e9r falli\u00f0 ei fyrir y\u00f0ar \u00f3vinum.<a name=\"43\"><span class=\"versanumer\">43<\/span><\/a>\u00dev\u00ed Amalek\u00edtar og Kanan\u00edtar eru \u00fear fyrir y\u00f0ur, og \u00fe\u00e9r munu\u00f0 falla fyrir sver\u00f0i; sakir \u00feess \u00fe\u00e9r sneru\u00f0 y\u00f0ur fr\u00e1 Drottni, og Drottinn er ekki me\u00f0 y\u00f0ur.<a name=\"44\"><span class=\"versanumer\">44<\/span><\/a>Og \u00feeir voru einbeittir a\u00f0 fara upp \u00e1 fjallsh\u00e6\u00f0ina; en s\u00e1ttm\u00e1ls\u00f6rk Drottins og M\u00f3ses viku ei \u00far herb\u00fa\u00f0unum.<a name=\"45\"><span class=\"versanumer\">45<\/span><\/a>\u00de\u00e1 komu Amalek\u00edtar og Kanan\u00edtar, sem \u00fe\u00e1 bjuggu \u00e1 sama fjalli, og unnu \u00fe\u00e1 og tv\u00edstru\u00f0u \u00feeim allt til Horma.<\/p>\n<div class=\"footnoteVidey\">V. 9. Vort brau\u00f0: \u00dea\u00f0 er, \u00ed vorum h\u00f6ndum.<\/div>\n","protected":false},"excerpt":{"rendered":"<p>F\u00f3lki\u00f0 m\u00f6glar og er straffa\u00f0 \u00fear fyrir. 1\u00de\u00e1 \u00e6pti allur s\u00f6fnu\u00f0urinn upp yfir sig, og f\u00f3lki\u00f0 gr\u00e9t \u00fe\u00e1 s\u00f6mu n\u00f3tt.2Og allir \u00cdsraelsmenn m\u00f6glu\u00f0u gegn M\u00f3ses og Aron, og allur s\u00f6fnu\u00f0urinn sag\u00f0i vi\u00f0 \u00fe\u00e1: Gu\u00f0 g\u00e6fi v\u00e9r hef\u00f0um d\u00e1i\u00f0 \u00ed Egyptalandi, e\u00f0a v\u00e9r d\u00e6jum \u00ed \u00feessari ey\u00f0im\u00f6rku!3\u00dev\u00ed lei\u00f0ir Drottinn oss \u00ed \u00feetta land, svo a\u00f0 v\u00e9r f\u00f6llum fyrir sver\u00f0i og vorar konur og b\u00f6rn ver\u00f0i a\u00f0 herfangi? Er ekki betra fyrir oss a\u00f0 hverfa aftur til Egyptalands?4Og \u00feeir s\u00f6g\u00f0u hv\u00f6r vi\u00f0 annan: setjum oss h\u00f6f\u00f0ingja og hverfum aftur til Egyptalands! 5\u00de\u00e1 f\u00e9llu \u00feeir M\u00f3ses og Aron \u00e1 s\u00ednar \u00e1sj\u00f3nur til jar\u00f0ar, <a href=\"https:\/\/biblian.is\/videy\/fjorda-mosebok-14-kafli\/\"> [&#8230;]<\/a><\/p>\n","protected":false},"author":1,"featured_media":0,"parent":0,"menu_order":0,"comment_status":"open","ping_status":"open","template":"bibliukaflar.php","meta":{"footnotes":""},"class_list":["post-20980","page","type-page","status-publish","hentry"],"_links":{"self":[{"href":"https:\/\/biblian.is\/videy\/wp-json\/wp\/v2\/pages\/20980","targetHints":{"allow":["GET"]}}],"collection":[{"href":"https:\/\/biblian.is\/videy\/wp-json\/wp\/v2\/pages"}],"about":[{"href":"https:\/\/biblian.is\/videy\/wp-json\/wp\/v2\/types\/page"}],"author":[{"embeddable":true,"href":"https:\/\/biblian.is\/videy\/wp-json\/wp\/v2\/users\/1"}],"replies":[{"embeddable":true,"href":"https:\/\/biblian.is\/videy\/wp-json\/wp\/v2\/comments?post=20980"}],"version-history":[{"count":0,"href":"https:\/\/biblian.is\/videy\/wp-json\/wp\/v2\/pages\/20980\/revisions"}],"wp:attachment":[{"href":"https:\/\/biblian.is\/videy\/wp-json\/wp\/v2\/media?parent=20980"}],"curies":[{"name":"wp","href":"https:\/\/api.w.org\/{rel}","templated":true}]}}