{"id":20979,"date":"2018-01-02T00:59:46","date_gmt":"2018-01-02T00:59:46","guid":{"rendered":"http:\/\/biblian.is\/videy\/fjorda-mosebok-13-kafli\/"},"modified":"2018-01-02T00:59:46","modified_gmt":"2018-01-02T00:59:46","slug":"fjorda-mosebok-13-kafli","status":"publish","type":"page","link":"https:\/\/biblian.is\/videy\/fjorda-mosebok-13-kafli\/","title":{"rendered":"Fj\u00f3r\u00f0a M\u00f3seb\u00f3k 13. kafli"},"content":{"rendered":"<div class=\"fyrirsognVidey\">Nj\u00f3snarmenn sendir til Kanaanslands.<\/div>\n<p><a name=\"1\"><span class=\"versanumer\">1<\/span><\/a>Og \u00fear eftir t\u00f3k f\u00f3lki\u00f0 sig upp fr\u00e1 Hasarot og setti herb\u00fa\u00f0ir s\u00ednar \u00ed ey\u00f0im\u00f6rkinni Paran.<a name=\"2\"><span class=\"versanumer\">2<\/span><\/a>Og Drottinn tala\u00f0i vi\u00f0 M\u00f3ses og m\u00e6lti:<a name=\"3\"><span class=\"versanumer\">3<\/span><\/a>gj\u00f6r \u00fe\u00fa \u00fat menn til a\u00f0 nj\u00f3sna um Kanaansland sem eg gef \u00cdsraelssonum, einn skulu\u00f0 \u00fe\u00e9r senda fyrir hv\u00f6rs eins f\u00f6\u00f0urlega \u00e6tt, eint\u00f3ma yfirmenn me\u00f0al \u00feeirra.<a name=\"4\"><span class=\"versanumer\">4<\/span><\/a>\u00de\u00e1 sendi M\u00f3ses \u00fe\u00e1 \u00far ey\u00f0im\u00f6rkinni Paran eftir Drottins skipun; \u00feeir menn voru eint\u00f3mir h\u00f6fu\u00f0smenn \u00cdsraelssona.<a name=\"5\"><span class=\"versanumer\">5<\/span><\/a>En \u00feetta eru \u00feeirra n\u00f6fn: fyrir R\u00fabens \u00e6ttkv\u00edsl Sammua sonur Sakkurs,<a name=\"6\"><span class=\"versanumer\">6<\/span><\/a>fyrir S\u00edmeons \u00e6ttkv\u00edsl, Safat, sonur H\u00f3ris,<a name=\"7\"><span class=\"versanumer\">7<\/span><\/a>fyrir J\u00fada \u00e6ttkv\u00edsl, Kaleb, sonur Jefunnes;<a name=\"8\"><span class=\"versanumer\">8<\/span><\/a>fyrir \u00cdsaskars \u00e6ttkv\u00edsl, \u00cdgal, sonur J\u00f3seps;<a name=\"9\"><span class=\"versanumer\">9<\/span><\/a>fyrir Efra\u00edms \u00e6ttkv\u00edsl, H\u00f3sea, sonur N\u00fans;<a name=\"10\"><span class=\"versanumer\">10<\/span><\/a>fyrir Benjam\u00edns \u00e6ttkv\u00edsl, Palt\u00ed, sonur Raf\u00fas;<a name=\"11\"><span class=\"versanumer\">11<\/span><\/a>fyrir Seb\u00falons \u00e6ttkv\u00edsl, Gaddiel sonur Sodis;<a name=\"12\"><span class=\"versanumer\">12<\/span><\/a>fyrir J\u00f3seps \u00e6ttkv\u00edsl, af Manassis \u00e6ttlegg, Gaddi, sonur S\u00fasis;<a name=\"13\"><span class=\"versanumer\">13<\/span><\/a>fyrir Dans \u00e6ttkv\u00edsl, Ammiel, sonur Gemallis;<a name=\"14\"><span class=\"versanumer\">14<\/span><\/a>fyrir Assers \u00e6ttkv\u00edsl, Setur, sonur Mikaels;<a name=\"15\"><span class=\"versanumer\">15<\/span><\/a>fyrir Naftal\u00eds \u00e6ttkv\u00edsl, Rakbi, sonur Vafftis;<a name=\"16\"><span class=\"versanumer\">16<\/span><\/a>fyrir Ga\u00f0s \u00e6ttkv\u00edsl, Ge\u00fael, sonur Makis;<a name=\"17\"><span class=\"versanumer\">17<\/span><\/a>\u00feetta eru n\u00f6fn \u00feeirra manna sem M\u00f3ses sendi til a\u00f0 kanna landi\u00f0. En M\u00f3ses kalla\u00f0i H\u00f3sea, son N\u00fans, J\u00f3sva.<a name=\"18\"><span class=\"versanumer\">18<\/span><\/a>Og svo sendi M\u00f3ses \u00fe\u00e1 til a\u00f0 sko\u00f0a Kanaansland og m\u00e6lti til \u00feeirra:<a name=\"19\"><span class=\"versanumer\">19<\/span><\/a>fari\u00f0 h\u00e9rna til su\u00f0urs og fari\u00f0 eftir fj\u00f6llunum, og sko\u00f0i\u00f0 landi\u00f0 hv\u00f6rnig \u00fea\u00f0 er, og f\u00f3lki\u00f0, sem \u00ed \u00fev\u00ed b\u00fdr, hv\u00f6rt \u00fea\u00f0 er styrklegt e\u00f0a veiklegt, f\u00e1tt e\u00f0a margt,<a name=\"20\"><span class=\"versanumer\">20<\/span><\/a>og hv\u00f6rnig landi\u00f0 er, \u00ed hv\u00f6rju \u00fea\u00f0 b\u00fdr, hv\u00f6rt \u00fea\u00f0 er gott e\u00f0a sl\u00e6mt, og hv\u00f6rnig sta\u00f0irnir eru, sem \u00fea\u00f0 b\u00fdr \u00ed, hv\u00f6rt \u00ed tj\u00f6ldum e\u00f0a borgum,<a name=\"21\"><span class=\"versanumer\">21<\/span><\/a>og hv\u00f6rnig landi\u00f0 er, hv\u00f6rt \u00fea\u00f0 er feitt e\u00f0a magurt, hv\u00f6rt \u00fear eru tr\u00e9 <span class='VideyAth'>(sk\u00f3gar)<\/span> e\u00f0a ekki? og veri\u00f0 \u00f6ruggir, og komi\u00f0 me\u00f0 nokku\u00f0 af landsins \u00e1v\u00f6xtum. En \u00feessi t\u00edmi var t\u00edmi \u00feeirra fyrstu v\u00ednberja. <br \/><a name=\"22\"><span class=\"versanumer\">22<\/span><\/a>N\u00fa f\u00f3ru \u00feeir af sta\u00f0 og sko\u00f0u\u00f0u landi\u00f0 fr\u00e1 ey\u00f0im\u00f6rkinni S\u00edn allt til Rehob gagnvart Hemat.<a name=\"23\"><span class=\"versanumer\">23<\/span><\/a>\u00deeir f\u00f3ru svo su\u00f0ur \u00e1 vi\u00f0 og komu til Hebron, \u00fear voru \u00feeir Ahiman, Sesai og Talmai, Enakssynir; en Hebron var bygg\u00f0 sj\u00f6 \u00e1rum fyrr en S\u00f3an \u00ed Egyptalandi.<a name=\"24\"><span class=\"versanumer\">24<\/span><\/a>Og \u00feeir komu \u00ed dalinn Eskol, og sni\u00f0u \u00fear af v\u00ednvi\u00f0argrein og v\u00edn\u00fer\u00fagu, og b\u00e1ru hana tveir \u00e1 st\u00f6ng, \u00fear a\u00f0 auki nokkur granatepli og f\u00edkjur.<a name=\"25\"><span class=\"versanumer\">25<\/span><\/a>\u00deenna sta\u00f0 k\u00f6llu\u00f0u menn Eskolsdal <span class='VideyAth'>(V\u00edn\u00fer\u00fagnadal)<\/span> vegna v\u00edn\u00fer\u00fagnanna, sem \u00cdsraelssynir h\u00f6f\u00f0u \u00fear afsni\u00f0i\u00f0.<a name=\"26\"><span class=\"versanumer\">26<\/span><\/a>Og \u00feeir sneru aftur fr\u00e1 sko\u00f0un landsins, eftir 40 daga.<a name=\"27\"><span class=\"versanumer\">27<\/span><\/a>Og \u00feeir gengu, og hittu aftur M\u00f3ses og Aron og allan s\u00f6fnu\u00f0 \u00cdsraelssona \u00ed ey\u00f0im\u00f6rkinni Paran, gegnt Kades, og f\u00e6r\u00f0u \u00feeim og \u00f6llum s\u00f6fnu\u00f0inum fregn, og l\u00e9tu \u00fe\u00e1 sj\u00e1 landsins \u00e1vexti. <br \/><a name=\"28\"><span class=\"versanumer\">28<\/span><\/a>Og \u00feeir s\u00f6g\u00f0u honum fr\u00e1 og m\u00e6ltu: v\u00e9r komum \u00ed landi\u00f0, hv\u00f6rt \u00fe\u00fa sendir oss, og a\u00f0 s\u00f6nnu fl\u00fdtur \u00fea\u00f0 \u00ed mj\u00f3lk og hunangi, og \u00feetta er \u00feess \u00e1v\u00f6xtur;<a name=\"29\"><span class=\"versanumer\">29<\/span><\/a>en \u00fea\u00f0 er sterkt f\u00f3lk sem \u00ed landinu b\u00fdr, og \u00fe\u00e6r f\u00f6stu borgir miki\u00f0 st\u00f3rar, og l\u00edka s\u00e1um v\u00e9r \u00fear Enakssyni.<a name=\"30\"><span class=\"versanumer\">30<\/span><\/a>Amalek\u00edtar b\u00faa su\u00f0ur \u00ed landinu; og Het\u00edtar og Jeb\u00fas\u00edtar og Amor\u00edtar b\u00faa \u00e1 fj\u00f6llunum, og Kanan\u00edtar b\u00faa vi\u00f0 sj\u00f3inn og vi\u00f0 J\u00f3rdan.<a name=\"31\"><span class=\"versanumer\">31<\/span><\/a>Og Kaleb \u00feagga\u00f0i ni\u00f0ur f\u00f3lki\u00f0 <span class='VideyAth'>(sem tala\u00f0i)<\/span> m\u00f3ti M\u00f3ses og m\u00e6lti: \u00feanga\u00f0 skulum v\u00e9r fara og inntaka landi\u00f0, \u00fev\u00ed vinna munum v\u00e9r \u00fea\u00f0.<a name=\"32\"><span class=\"versanumer\">32<\/span><\/a>En \u00feeir menn, sem me\u00f0 honum h\u00f6f\u00f0u fari\u00f0, s\u00f6g\u00f0u: v\u00e9r getum ekki fari\u00f0 m\u00f3t \u00feessu f\u00f3lki, \u00fev\u00ed \u00fea\u00f0 er sterkara en v\u00e9r.<a name=\"33\"><span class=\"versanumer\">33<\/span><\/a>Og \u00feeir sem h\u00f6f\u00f0u sko\u00f0a\u00f0, komu me\u00f0 illar fr\u00e9ttir af landinu til \u00cdsraelssona og s\u00f6g\u00f0u: \u00fea\u00f0 land sem v\u00e9r f\u00f3rum yfir til a\u00f0 sko\u00f0a, uppetur s\u00edna innb\u00faa, og allt f\u00f3lki\u00f0, sem v\u00e9r \u00fear s\u00e1um, er miki\u00f0 h\u00e1vaxi\u00f0 f\u00f3lk,<a name=\"34\"><span class=\"versanumer\">34<\/span><\/a>og \u00fear s\u00e1um v\u00e9r risa, Enakssyni af risum <span class='VideyAth'>(komna)<\/span>, og v\u00e9r vorum \u00ed eigin augum sem grashoppur, og eins vorum v\u00e9r \u00ed \u00feeirra augum.<\/p>\n<div class=\"footnoteVidey\"><\/div>\n","protected":false},"excerpt":{"rendered":"<p>Nj\u00f3snarmenn sendir til Kanaanslands. 1Og \u00fear eftir t\u00f3k f\u00f3lki\u00f0 sig upp fr\u00e1 Hasarot og setti herb\u00fa\u00f0ir s\u00ednar \u00ed ey\u00f0im\u00f6rkinni Paran.2Og Drottinn tala\u00f0i vi\u00f0 M\u00f3ses og m\u00e6lti:3gj\u00f6r \u00fe\u00fa \u00fat menn til a\u00f0 nj\u00f3sna um Kanaansland sem eg gef \u00cdsraelssonum, einn skulu\u00f0 \u00fe\u00e9r senda fyrir hv\u00f6rs eins f\u00f6\u00f0urlega \u00e6tt, eint\u00f3ma yfirmenn me\u00f0al \u00feeirra.4\u00de\u00e1 sendi M\u00f3ses \u00fe\u00e1 \u00far ey\u00f0im\u00f6rkinni Paran eftir Drottins skipun; \u00feeir menn voru eint\u00f3mir h\u00f6fu\u00f0smenn \u00cdsraelssona.5En \u00feetta eru \u00feeirra n\u00f6fn: fyrir R\u00fabens \u00e6ttkv\u00edsl Sammua sonur Sakkurs,6fyrir S\u00edmeons \u00e6ttkv\u00edsl, Safat, sonur H\u00f3ris,7fyrir J\u00fada \u00e6ttkv\u00edsl, Kaleb, sonur Jefunnes;8fyrir \u00cdsaskars \u00e6ttkv\u00edsl, \u00cdgal, sonur J\u00f3seps;9fyrir Efra\u00edms \u00e6ttkv\u00edsl, H\u00f3sea, sonur N\u00fans;10fyrir Benjam\u00edns \u00e6ttkv\u00edsl, Palt\u00ed, sonur <a href=\"https:\/\/biblian.is\/videy\/fjorda-mosebok-13-kafli\/\"> [&#8230;]<\/a><\/p>\n","protected":false},"author":1,"featured_media":0,"parent":0,"menu_order":0,"comment_status":"open","ping_status":"open","template":"bibliukaflar.php","meta":{"footnotes":""},"class_list":["post-20979","page","type-page","status-publish","hentry"],"_links":{"self":[{"href":"https:\/\/biblian.is\/videy\/wp-json\/wp\/v2\/pages\/20979","targetHints":{"allow":["GET"]}}],"collection":[{"href":"https:\/\/biblian.is\/videy\/wp-json\/wp\/v2\/pages"}],"about":[{"href":"https:\/\/biblian.is\/videy\/wp-json\/wp\/v2\/types\/page"}],"author":[{"embeddable":true,"href":"https:\/\/biblian.is\/videy\/wp-json\/wp\/v2\/users\/1"}],"replies":[{"embeddable":true,"href":"https:\/\/biblian.is\/videy\/wp-json\/wp\/v2\/comments?post=20979"}],"version-history":[{"count":0,"href":"https:\/\/biblian.is\/videy\/wp-json\/wp\/v2\/pages\/20979\/revisions"}],"wp:attachment":[{"href":"https:\/\/biblian.is\/videy\/wp-json\/wp\/v2\/media?parent=20979"}],"curies":[{"name":"wp","href":"https:\/\/api.w.org\/{rel}","templated":true}]}}