{"id":20978,"date":"2018-01-02T00:59:46","date_gmt":"2018-01-02T00:59:46","guid":{"rendered":"http:\/\/biblian.is\/videy\/fjorda-mosebok-12-kafli\/"},"modified":"2018-01-02T00:59:46","modified_gmt":"2018-01-02T00:59:46","slug":"fjorda-mosebok-12-kafli","status":"publish","type":"page","link":"https:\/\/biblian.is\/videy\/fjorda-mosebok-12-kafli\/","title":{"rendered":"Fj\u00f3r\u00f0a M\u00f3seb\u00f3k 12. kafli"},"content":{"rendered":"<div class=\"fyrirsognVidey\">Mar\u00eda ver\u00f0ur l\u00edk\u00fer\u00e1.<\/div>\n<p><a name=\"1\"><span class=\"versanumer\">1<\/span><\/a>Og \u00feegar Mar\u00eda og Aron \u00e1t\u00f6ldu M\u00f3ses sakir \u00feeirrar m\u00f3rlensku konu, sem hann haf\u00f0i teki\u00f0; \u00fev\u00ed m\u00f3rlenska konu haf\u00f0i hann teki\u00f0 s\u00e9r.<a name=\"2\"><span class=\"versanumer\">2<\/span><\/a>Og \u00feau s\u00f6g\u00f0u: talar \u00fe\u00e1 Drottinn a\u00f0eins vi\u00f0 M\u00f3ses? talar hann ei l\u00edka til vor? Og Drottinn heyr\u00f0i \u00fea\u00f0.<a name=\"3\"><span class=\"versanumer\">3<\/span><\/a>En ma\u00f0urinn M\u00f3ses var miki\u00f0 h\u00f3gv\u00e6r, fremur en allir menn \u00e1 allri j\u00f6r\u00f0unni.<a name=\"4\"><span class=\"versanumer\">4<\/span><\/a>\u00de\u00e1 tala\u00f0i Drottinn hastarlega til M\u00f3ses, Arons og Mar\u00edu: fari\u00f0 \u00fei\u00f0 \u00ferj\u00fa til samkundutjaldsins! og \u00feau gengu \u00feanga\u00f0 \u00f6ll \u00ferj\u00fa.<a name=\"5\"><span class=\"versanumer\">5<\/span><\/a>\u00de\u00e1 kom Drottinn ni\u00f0ur \u00ed sk\u00fdst\u00f3lpanum og gekk \u00ed dyr samkundutjaldsins og kalla\u00f0i Aron og Mar\u00edu, og \u00feau gengu b\u00e6\u00f0i \u00fear a\u00f0.<a name=\"6\"><span class=\"versanumer\">6<\/span><\/a>Og hann sag\u00f0i: heyri\u00f0 m\u00edn or\u00f0! \u00feegar sp\u00e1ma\u00f0ur er me\u00f0al y\u00f0ar, svo opinberast eg Drottinn honum \u00ed s\u00fdn; \u00ed draumi tala eg vi\u00f0 hann.<a name=\"7\"><span class=\"versanumer\">7<\/span><\/a>Ekki stendur svo \u00e1 hva\u00f0 minn \u00fe\u00e9nara M\u00f3ses \u00e1hr\u00e6rir, honum er tr\u00faa\u00f0 fyrir \u00f6llu m\u00ednu h\u00fasi.<a name=\"8\"><span class=\"versanumer\">8<\/span><\/a>Eg tala vi\u00f0 hann munnlega, og l\u00e6t hann sko\u00f0a, og ekki \u00ed myndum, hann s\u00e9r Drottins skapna\u00f0. Og \u00fev\u00ed voru\u00f0 \u00fei\u00f0 \u00fe\u00e1 ekki hr\u00e6dd vi\u00f0 a\u00f0 m\u00e6la \u00ed m\u00f3ti m\u00ednum \u00fe\u00e9nara M\u00f3ses.<a name=\"9\"><span class=\"versanumer\">9<\/span><\/a>Og rei\u00f0i Drottins upptendra\u00f0ist gegn \u00feeim, og hann f\u00f3r burt,<a name=\"10\"><span class=\"versanumer\">10<\/span><\/a>og sk\u00fdi\u00f0 f\u00f3r burt fr\u00e1 tjaldinu, og sj\u00e1! Mar\u00eda var l\u00edk\u00fer\u00e1 <span class='VideyAth'>(hv\u00edt)<\/span> sem snj\u00f3r; og Aron leit til Mar\u00edu, og sj\u00e1! h\u00fan var l\u00edk\u00fer\u00e1.<a name=\"11\"><span class=\"versanumer\">11<\/span><\/a>\u00de\u00e1 sag\u00f0i Aron vi\u00f0 M\u00f3ses: \u00e6 minn Herra! tilreikna oss ekki \u00feessa synd, a\u00f0 vi\u00f0 vorum heimsk og a\u00f0 vi\u00f0 h\u00f6fum syndga\u00f0!<a name=\"12\"><span class=\"versanumer\">12<\/span><\/a>l\u00e1ttu hana ekki vera sem andvana f\u00e6tt <span class='VideyAth'>(barn)<\/span> hv\u00f6rs h\u00e1lfa hold \u00fe\u00e1 \u00fea\u00f0 kemur af m\u00f3\u00f0url\u00edfi, er rotna\u00f0!<a name=\"13\"><span class=\"versanumer\">13<\/span><\/a>\u00de\u00e1 hr\u00f3pa\u00f0i M\u00f3ses til Drottins og m\u00e6lti: \u00e6 Drottinn gj\u00f6r hana heilbrig\u00f0a!<a name=\"14\"><span class=\"versanumer\">14<\/span><\/a>Og Drottinn sag\u00f0i vi\u00f0 M\u00f3ses: en hef\u00f0i fa\u00f0ir hennar hr\u00e6kt \u00ed hennar andlit, skyldi h\u00fan \u00fe\u00e1 ei skammast s\u00edn \u00ed 7 daga? h\u00fan skal \u00ed 7 daga vera inniloku\u00f0 utan herb\u00fa\u00f0a, og eftir \u00fea\u00f0 m\u00e1 h\u00fan inntakast aftur.<a name=\"15\"><span class=\"versanumer\">15<\/span><\/a>Og svo var Mar\u00eda inniloku\u00f0 utan herb\u00fa\u00f0a \u00ed 7 daga, og f\u00f3lki\u00f0 t\u00f3k sig ekki upp fyrr en Mar\u00eda var aftur inntekin.<\/p>\n<div class=\"footnoteVidey\"><\/div>\n","protected":false},"excerpt":{"rendered":"<p>Mar\u00eda ver\u00f0ur l\u00edk\u00fer\u00e1. 1Og \u00feegar Mar\u00eda og Aron \u00e1t\u00f6ldu M\u00f3ses sakir \u00feeirrar m\u00f3rlensku konu, sem hann haf\u00f0i teki\u00f0; \u00fev\u00ed m\u00f3rlenska konu haf\u00f0i hann teki\u00f0 s\u00e9r.2Og \u00feau s\u00f6g\u00f0u: talar \u00fe\u00e1 Drottinn a\u00f0eins vi\u00f0 M\u00f3ses? talar hann ei l\u00edka til vor? Og Drottinn heyr\u00f0i \u00fea\u00f0.3En ma\u00f0urinn M\u00f3ses var miki\u00f0 h\u00f3gv\u00e6r, fremur en allir menn \u00e1 allri j\u00f6r\u00f0unni.4\u00de\u00e1 tala\u00f0i Drottinn hastarlega til M\u00f3ses, Arons og Mar\u00edu: fari\u00f0 \u00fei\u00f0 \u00ferj\u00fa til samkundutjaldsins! og \u00feau gengu \u00feanga\u00f0 \u00f6ll \u00ferj\u00fa.5\u00de\u00e1 kom Drottinn ni\u00f0ur \u00ed sk\u00fdst\u00f3lpanum og gekk \u00ed dyr samkundutjaldsins og kalla\u00f0i Aron og Mar\u00edu, og \u00feau gengu b\u00e6\u00f0i \u00fear a\u00f0.6Og hann sag\u00f0i: heyri\u00f0 m\u00edn or\u00f0! <a href=\"https:\/\/biblian.is\/videy\/fjorda-mosebok-12-kafli\/\"> [&#8230;]<\/a><\/p>\n","protected":false},"author":1,"featured_media":0,"parent":0,"menu_order":0,"comment_status":"open","ping_status":"open","template":"bibliukaflar.php","meta":{"footnotes":""},"class_list":["post-20978","page","type-page","status-publish","hentry"],"_links":{"self":[{"href":"https:\/\/biblian.is\/videy\/wp-json\/wp\/v2\/pages\/20978","targetHints":{"allow":["GET"]}}],"collection":[{"href":"https:\/\/biblian.is\/videy\/wp-json\/wp\/v2\/pages"}],"about":[{"href":"https:\/\/biblian.is\/videy\/wp-json\/wp\/v2\/types\/page"}],"author":[{"embeddable":true,"href":"https:\/\/biblian.is\/videy\/wp-json\/wp\/v2\/users\/1"}],"replies":[{"embeddable":true,"href":"https:\/\/biblian.is\/videy\/wp-json\/wp\/v2\/comments?post=20978"}],"version-history":[{"count":0,"href":"https:\/\/biblian.is\/videy\/wp-json\/wp\/v2\/pages\/20978\/revisions"}],"wp:attachment":[{"href":"https:\/\/biblian.is\/videy\/wp-json\/wp\/v2\/media?parent=20978"}],"curies":[{"name":"wp","href":"https:\/\/api.w.org\/{rel}","templated":true}]}}