{"id":20977,"date":"2018-01-02T00:59:46","date_gmt":"2018-01-02T00:59:46","guid":{"rendered":"http:\/\/biblian.is\/videy\/fjorda-mosebok-11-kafli\/"},"modified":"2018-01-02T00:59:46","modified_gmt":"2018-01-02T00:59:46","slug":"fjorda-mosebok-11-kafli","status":"publish","type":"page","link":"https:\/\/biblian.is\/videy\/fjorda-mosebok-11-kafli\/","title":{"rendered":"Fj\u00f3r\u00f0a M\u00f3seb\u00f3k 11. kafli"},"content":{"rendered":"<div class=\"fyrirsognVidey\">Eldsuppkoma \u00ed herb\u00fa\u00f0unum. Girndargrafirnar.<\/div>\n<p><a name=\"1\"><span class=\"versanumer\">1<\/span><\/a>Og f\u00f3lki\u00f0 klaga\u00f0i s\u00edna ney\u00f0 fyrir eyrum Drottins, og Drottinn heyr\u00f0i \u00fea\u00f0, og hans rei\u00f0i upptendra\u00f0ist, og \u00fear kvikna\u00f0i eldur Drottins me\u00f0al \u00feeirra, og eyddi \u00fev\u00ed ysta af herb\u00fa\u00f0unum.<a name=\"2\"><span class=\"versanumer\">2<\/span><\/a>\u00de\u00e1 hr\u00f3pa\u00f0i f\u00f3lki\u00f0 til M\u00f3sis, og M\u00f3ses ba\u00f0 Drottin, \u00fe\u00e1 slokkna\u00f0i eldurinn.<a name=\"3\"><span class=\"versanumer\">3<\/span><\/a>Og menn k\u00f6llu\u00f0u \u00feennan sta\u00f0 Tabera <span class='VideyAth'>(eldsvo\u00f0a)<\/span> \u00fev\u00ed eldur Drottins brann me\u00f0al \u00feeirra. <br \/><a name=\"4\"><span class=\"versanumer\">4<\/span><\/a>Og skr\u00edllinn me\u00f0al \u00feeirra var g\u00edrugur, sneri s\u00e9r undan og gr\u00e9t, og l\u00edka \u00cdsraelssynir, og s\u00f6g\u00f0u: hv\u00f6r gefur oss kj\u00f6t a\u00f0 eta?<a name=\"5\"><span class=\"versanumer\">5<\/span><\/a>v\u00e9r munum til \u00feeirra fiska, sem v\u00e9r \u00e1tum, fyrir ekkert, \u00ed Egyptalandi, ag\u00farkna og mel\u00f3na og lauksins, rau\u00f0a lauksins og hv\u00edta lauksins.<a name=\"6\"><span class=\"versanumer\">6<\/span><\/a>En n\u00fa eru vorar s\u00e1lir upp\u00feorna\u00f0ar; h\u00e9r er ekkert, v\u00e9r sj\u00e1um ekkert nema man.<a name=\"7\"><span class=\"versanumer\">7<\/span><\/a>En man var eins og k\u00f3r\u00edanderfr\u00e6 og korn \u00feess kristalf\u00f6gur <span class='VideyAth'>(\u00feess \u00fatlit eins og \u00fatlit bed\u00f3lans)<\/span>.<a name=\"8\"><span class=\"versanumer\">8<\/span><\/a>Og f\u00f3lki\u00f0 hlj\u00f3p um kring og safna\u00f0i \u00fev\u00ed og mala\u00f0i \u00fea\u00f0 \u00ed myllum, e\u00f0a muldi \u00fea\u00f0 \u00ed mort\u00e9li, og su\u00f0u \u00fea\u00f0 \u00ed pottum og gj\u00f6r\u00f0u \u00far \u00fev\u00ed k\u00f6kur, og \u00feess smekkur var eins og smekkur af vi\u00f0smj\u00f6rsk\u00f6kum.<a name=\"9\"><span class=\"versanumer\">9<\/span><\/a>Og \u00feegar d\u00f6gg f\u00e9ll \u00e1 n\u00f3ttum yfir herb\u00fa\u00f0irnar, svo f\u00e9ll man og \u00fear \u00e1.<a name=\"10\"><span class=\"versanumer\">10<\/span><\/a>Og M\u00f3ses heyr\u00f0i f\u00f3lki\u00f0 gr\u00e1ta, hv\u00f6rn me\u00f0 s\u00ednum \u00e6ttingjum \u00ed dyrum s\u00edns tjalds; \u00fe\u00e1 upptendra\u00f0ist Gu\u00f0s rei\u00f0i \u00e1kaflega, og M\u00f3ses arm\u00e6ddist af \u00fev\u00ed.<a name=\"11\"><span class=\"versanumer\">11<\/span><\/a>Og M\u00f3ses sag\u00f0i vi\u00f0 Drottin: \u00fev\u00ed breytir \u00fe\u00fa svo illa vi\u00f0 \u00feinn \u00fej\u00f3n, og \u00fev\u00ed finn eg ekki n\u00e1\u00f0 \u00ed \u00fe\u00ednum augum, a\u00f0 \u00fe\u00fa skulir leggja \u00e1 mig byr\u00f0i alls \u00feessa f\u00f3lks?<a name=\"12\"><span class=\"versanumer\">12<\/span><\/a>Hefi eg gengi\u00f0 \u00feunga\u00f0ur af \u00f6llu \u00feessu f\u00f3lki, hefi eg bori\u00f0 \u00fea\u00f0 \u00ed heiminn, a\u00f0 \u00fe\u00fa segir vi\u00f0 mig: ber \u00fea\u00f0 \u00ed \u00fe\u00ednum fa\u00f0mi, eins og f\u00f3stri ber brj\u00f3stbarn, inn \u00ed landi\u00f0 sem \u00fe\u00fa s\u00f3rst \u00feeirra fe\u00f0rum.<a name=\"13\"><span class=\"versanumer\">13<\/span><\/a>Hva\u00f0an skal eg taka kj\u00f6t til a\u00f0 gefa \u00f6llu \u00feessu f\u00f3lki? \u00fev\u00ed \u00feeir gr\u00e1ta upp \u00e1 mig og segja: gef oss kj\u00f6t a\u00f0 v\u00e9r etum!<a name=\"14\"><span class=\"versanumer\">14<\/span><\/a>Eg orka ekki a\u00f0 bera allt \u00feetta f\u00f3lk; \u00fev\u00ed \u00fear er of \u00feungt fyrir mig.<a name=\"15\"><span class=\"versanumer\">15<\/span><\/a>Og ef \u00fe\u00fa \u00e6tlar a\u00f0 fara svona me\u00f0 mig, \u00fe\u00e1 s\u00e1lga \u00fe\u00fa m\u00e9r heldur, hafi eg fundi\u00f0 n\u00e1\u00f0 \u00ed \u00fe\u00ednum augum, svo eg ekki sj\u00e1i m\u00edna ney\u00f0! <br \/><a name=\"16\"><span class=\"versanumer\">16<\/span><\/a>\u00de\u00e1 m\u00e6lti Drottinn vi\u00f0 M\u00f3ses: safna \u00fe\u00fa m\u00e9r 70 m\u00f6nnum af \u00feeim elstu \u00ed \u00cdsrael, sem \u00fe\u00fa \u00feekkir a\u00f0 eru \u00feeir elstu me\u00f0al f\u00f3lksins, og \u00feess yfirmenn, og kom \u00fe\u00fa me\u00f0 \u00fe\u00e1 a\u00f0 samkundutjaldinu og l\u00e1ttu \u00fe\u00e1 skipa s\u00e9r \u00fear ni\u00f0ur hj\u00e1 \u00fe\u00e9r.<a name=\"17\"><span class=\"versanumer\">17<\/span><\/a>Og eg vil ni\u00f0urkoma, og tala \u00fear vi\u00f0 \u00feig, og eg vil taka af \u00feeim anda, sem yfir \u00fe\u00e9r er, og leggja yfir \u00fe\u00e1, svo \u00feeir beri me\u00f0 \u00fe\u00e9r f\u00f3lksins \u00feunga, og \u00fe\u00fa berir hann ekki einn.<a name=\"18\"><span class=\"versanumer\">18<\/span><\/a>Og til f\u00f3lksins skaltu segja: helgi\u00f0 y\u00f0ur til morguns, \u00fe\u00e1 skulu\u00f0 \u00fe\u00e9r kj\u00f6t eta; \u00fev\u00ed \u00fe\u00e9r hafi\u00f0 gr\u00e1ti\u00f0 fyrir eyrum Drottins og sagt: hv\u00f6r gefur oss kj\u00f6t a\u00f0 eta! \u00fev\u00ed vel lei\u00f0 oss \u00ed Egyptalandi; og Drottinn mun gefa y\u00f0ur kj\u00f6t a\u00f0 \u00fe\u00e9r eti\u00f0.<a name=\"19\"><span class=\"versanumer\">19<\/span><\/a>\u00de\u00e9r skulu\u00f0 ekki eta <span class='VideyAth'>(kj\u00f6t)<\/span> einn dag, og ekki tvo og ekki 5 daga og ekki 10 daga og ekki 20 daga;<a name=\"20\"><span class=\"versanumer\">20<\/span><\/a>heldur allt a\u00f0 m\u00e1nu\u00f0i; \u00feanga\u00f0 til \u00fea\u00f0 gengur \u00fat af y\u00f0ar n\u00f6sum, og ver\u00f0ur y\u00f0ur a\u00f0 vi\u00f0bj\u00f3\u00f0, af \u00fev\u00ed \u00fe\u00e9r hafi\u00f0 burtsk\u00fafa\u00f0 Drottni sem me\u00f0al y\u00f0ar er, og fyrir honum gr\u00e1ti\u00f0 og sagt: hvar fyrir erum v\u00e9r komnir burt \u00far Egyptalandi?<a name=\"21\"><span class=\"versanumer\">21<\/span><\/a>Og M\u00f3ses sag\u00f0i: f\u00f3lki\u00f0 er 6 hundru\u00f0 \u00fe\u00fasund manns sem eg er me\u00f0, og \u00fe\u00fa segir: kj\u00f6t vil eg \u00feeim gefa a\u00f0 \u00feeir eti \u00ed heilan m\u00e1nu\u00f0.<a name=\"22\"><span class=\"versanumer\">22<\/span><\/a>\u00c1 \u00fe\u00e1 a\u00f0 sl\u00e1tra fyrir \u00fe\u00e1 sm\u00e1f\u00e9na\u00f0i og nautum, a\u00f0 \u00feeim dugi? skulu allir fiskar sj\u00e1varins hinga\u00f0 flytjast, svo n\u00f3g ver\u00f0i fyrir \u00fe\u00e1?<a name=\"23\"><span class=\"versanumer\">23<\/span><\/a>Og Drottinn m\u00e6lti vi\u00f0 M\u00f3ses: er Drottins h\u00f6nd of stutt? N\u00fa skaltu sj\u00e1, hv\u00f6rt m\u00edn or\u00f0, vi\u00f0 \u00feig, r\u00e6tast e\u00f0a ekki. <br \/><a name=\"24\"><span class=\"versanumer\">24<\/span><\/a>Og M\u00f3ses gekk burt og bar f\u00f3lkinu Drottins or\u00f0, og samansafna\u00f0i 70 manns af f\u00f3lksins \u00f6ldungum og skipa\u00f0i \u00feeim ni\u00f0ur allt \u00ed kringum tjaldi\u00f0.<a name=\"25\"><span class=\"versanumer\">25<\/span><\/a>\u00de\u00e1 kom Drottinn ni\u00f0ur \u00ed sk\u00fdinu, og tala\u00f0i vi\u00f0 hann, og t\u00f3k af \u00feeim anda sem yfir honum var, og lag\u00f0i hann \u00e1 \u00fe\u00e1 70 menn, \u00f6ldungana. Og \u00fea\u00f0 ske\u00f0i, \u00fe\u00e1 andinn kom yfir \u00fe\u00e1, svo sp\u00e1\u00f0u \u00feeir, og ekki eftir \u00fea\u00f0.<a name=\"26\"><span class=\"versanumer\">26<\/span><\/a>Og tveir menn voru eftir \u00ed herb\u00fa\u00f0unum, annar h\u00e9t Eldad, en hinn Medad, og andinn kom yfir \u00fe\u00e1 <span class='VideyAth'>(\u00feeir voru me\u00f0al \u00feeirra uppskrifu\u00f0u, en h\u00f6f\u00f0u ekki gengi\u00f0 til tjaldsins)<\/span> og \u00feeir sp\u00e1\u00f0u \u00ed herb\u00fa\u00f0unum.<a name=\"27\"><span class=\"versanumer\">27<\/span><\/a>\u00de\u00e1 kom sm\u00e1sveinn hlaupandi og sag\u00f0i M\u00f3ses fr\u00e1 og m\u00e6lti: Eldad og Medad sp\u00e1 \u00ed herb\u00fa\u00f0unum.<a name=\"28\"><span class=\"versanumer\">28<\/span><\/a>Og J\u00f3sva, sonur N\u00fans, \u00fe\u00e9nari M\u00f3sis fr\u00e1 barnd\u00f3mi, svara\u00f0i og m\u00e6lti: M\u00f3ses, minn herra, banna \u00feeim \u00fea\u00f0!<a name=\"29\"><span class=\"versanumer\">29<\/span><\/a>En M\u00f3ses svara\u00f0i honum: tekur \u00fe\u00fa upp \u00feykkjuna fyrir mig? eg vildi a\u00f0 allt Drottins f\u00f3lk v\u00e6ri sp\u00e1menn, svo Drottinn leg\u00f0i sinn anda yfir \u00fe\u00e1 <span class='VideyAth'>(\u00fea\u00f0)<\/span>. <br \/><a name=\"30\"><span class=\"versanumer\">30<\/span><\/a>Og M\u00f3ses gekk aftur \u00ed herb\u00fa\u00f0irnar, hann og \u00cdsraels \u00f6ldungar.<a name=\"31\"><span class=\"versanumer\">31<\/span><\/a>Og vindur kom fr\u00e1 Drottni, og f\u00e6r\u00f0i vaktelur fr\u00e1 sj\u00f3num, og kasta\u00f0i \u00feeim svo sem eina daglei\u00f0 til herb\u00fa\u00f0anna, og hinga\u00f0 og \u00feanga\u00f0 eina daglei\u00f0 um kring herb\u00fa\u00f0irnar og vi\u00f0 2 \u00e1lnir \u00e1 h\u00e6\u00f0 yfir j\u00f6r\u00f0ina.<a name=\"32\"><span class=\"versanumer\">32<\/span><\/a>Og f\u00f3lki\u00f0 t\u00f3k sig til allan \u00feann dag og alla \u00fe\u00e1 n\u00f3tt og allan daginn eftir og safna\u00f0i vaktelum; s\u00e1 sem safna\u00f0i litlu, hann safna\u00f0i 10 h\u00f3mer, og \u00feeir breiddu \u00fe\u00e6r \u00fat allt \u00ed kringum herb\u00fa\u00f0irnar.<a name=\"33\"><span class=\"versanumer\">33<\/span><\/a>Kj\u00f6ti\u00f0 var enn n\u00fa milli \u00feeirra tanna, enn n\u00fa var \u00fea\u00f0 ekki uppunni\u00f0, \u00feegar rei\u00f0i Drottins upptendra\u00f0ist vi\u00f0 f\u00f3lki\u00f0, og Drottinn l\u00e9t \u00fear ver\u00f0a mj\u00f6g mikinn mannfellir me\u00f0al f\u00f3lksins.<a name=\"34\"><span class=\"versanumer\">34<\/span><\/a>Og menn k\u00f6llu\u00f0u \u00feann sta\u00f0 Girndargrafir, af \u00fev\u00ed a\u00f0 \u00feeir g\u00edrugu me\u00f0al f\u00f3lksins v\u00f3ru \u00fear grafnir.<a name=\"35\"><span class=\"versanumer\">35<\/span><\/a>Fr\u00e1 Girndargr\u00f6funum f\u00f3r f\u00f3lki\u00f0 til Haserot, og \u00feeir sta\u00f0n\u00e6mdust \u00ed Haserot.<\/p>\n<div class=\"footnoteVidey\">V. 25. Andans gj\u00f6f verka\u00f0i svo \u00e1 \u00fe\u00e1, \u00feegar \u00feeir voru kosnir til a\u00f0 hj\u00e1lpa M\u00f3ses, a\u00f0 \u00feeir t\u00f6lu\u00f0u andans m\u00e1li, \u00fe. e. kr\u00f6ftuglega.<\/div>\n","protected":false},"excerpt":{"rendered":"<p>Eldsuppkoma \u00ed herb\u00fa\u00f0unum. Girndargrafirnar. 1Og f\u00f3lki\u00f0 klaga\u00f0i s\u00edna ney\u00f0 fyrir eyrum Drottins, og Drottinn heyr\u00f0i \u00fea\u00f0, og hans rei\u00f0i upptendra\u00f0ist, og \u00fear kvikna\u00f0i eldur Drottins me\u00f0al \u00feeirra, og eyddi \u00fev\u00ed ysta af herb\u00fa\u00f0unum.2\u00de\u00e1 hr\u00f3pa\u00f0i f\u00f3lki\u00f0 til M\u00f3sis, og M\u00f3ses ba\u00f0 Drottin, \u00fe\u00e1 slokkna\u00f0i eldurinn.3Og menn k\u00f6llu\u00f0u \u00feennan sta\u00f0 Tabera (eldsvo\u00f0a) \u00fev\u00ed eldur Drottins brann me\u00f0al \u00feeirra. 4Og skr\u00edllinn me\u00f0al \u00feeirra var g\u00edrugur, sneri s\u00e9r undan og gr\u00e9t, og l\u00edka \u00cdsraelssynir, og s\u00f6g\u00f0u: hv\u00f6r gefur oss kj\u00f6t a\u00f0 eta?5v\u00e9r munum til \u00feeirra fiska, sem v\u00e9r \u00e1tum, fyrir ekkert, \u00ed Egyptalandi, ag\u00farkna og mel\u00f3na og lauksins, rau\u00f0a lauksins og hv\u00edta lauksins.6En n\u00fa <a href=\"https:\/\/biblian.is\/videy\/fjorda-mosebok-11-kafli\/\"> [&#8230;]<\/a><\/p>\n","protected":false},"author":1,"featured_media":0,"parent":0,"menu_order":0,"comment_status":"open","ping_status":"open","template":"bibliukaflar.php","meta":{"footnotes":""},"class_list":["post-20977","page","type-page","status-publish","hentry"],"_links":{"self":[{"href":"https:\/\/biblian.is\/videy\/wp-json\/wp\/v2\/pages\/20977","targetHints":{"allow":["GET"]}}],"collection":[{"href":"https:\/\/biblian.is\/videy\/wp-json\/wp\/v2\/pages"}],"about":[{"href":"https:\/\/biblian.is\/videy\/wp-json\/wp\/v2\/types\/page"}],"author":[{"embeddable":true,"href":"https:\/\/biblian.is\/videy\/wp-json\/wp\/v2\/users\/1"}],"replies":[{"embeddable":true,"href":"https:\/\/biblian.is\/videy\/wp-json\/wp\/v2\/comments?post=20977"}],"version-history":[{"count":0,"href":"https:\/\/biblian.is\/videy\/wp-json\/wp\/v2\/pages\/20977\/revisions"}],"wp:attachment":[{"href":"https:\/\/biblian.is\/videy\/wp-json\/wp\/v2\/media?parent=20977"}],"curies":[{"name":"wp","href":"https:\/\/api.w.org\/{rel}","templated":true}]}}