{"id":20976,"date":"2018-01-02T00:59:46","date_gmt":"2018-01-02T00:59:46","guid":{"rendered":"http:\/\/biblian.is\/videy\/fjorda-mosebok-10-kafli\/"},"modified":"2018-01-02T00:59:46","modified_gmt":"2018-01-02T00:59:46","slug":"fjorda-mosebok-10-kafli","status":"publish","type":"page","link":"https:\/\/biblian.is\/videy\/fjorda-mosebok-10-kafli\/","title":{"rendered":"Fj\u00f3r\u00f0a M\u00f3seb\u00f3k 10. kafli"},"content":{"rendered":"<div class=\"fyrirsognVidey\">Silfurl\u00fa\u00f0rarnir. F\u00f3lki\u00f0 fer fr\u00e1 S\u00edna\u00ed.<\/div>\n<p><a name=\"1\"><span class=\"versanumer\">1<\/span><\/a>Og Drottinn tala\u00f0i vi\u00f0 M\u00f3ses og m\u00e6lti:<a name=\"2\"><span class=\"versanumer\">2<\/span><\/a>gj\u00f6r \u00fe\u00e9r tvo l\u00fa\u00f0ra af silfri, af drifnu verki skulu \u00feeir vera, a\u00f0 \u00fe\u00fa getir br\u00faka\u00f0 \u00fe\u00e1 til a\u00f0 samankalla f\u00f3lki\u00f0, og \u00fe\u00e1 herb\u00fa\u00f0irnar skulu flytjast.<a name=\"3\"><span class=\"versanumer\">3<\/span><\/a>Og s\u00e9 bl\u00e1si\u00f0 \u00ed \u00fe\u00e1 b\u00e1\u00f0a, skal allur s\u00f6fnu\u00f0urinn koma til \u00fe\u00edn a\u00f0 dyrum samkundutjaldsins.<a name=\"4\"><span class=\"versanumer\">4<\/span><\/a>Og \u00feegar a\u00f0eins er bl\u00e1si\u00f0 \u00ed annan, svo skulu h\u00f6fu\u00f0smennirnir koma til \u00fe\u00edn, fyrirmenn \u00cdsraelsflokka,<a name=\"5\"><span class=\"versanumer\">5<\/span><\/a>og s\u00e9 \u00e1kaflega \u00ed \u00fe\u00e1 bl\u00e1si\u00f0, skulu herb\u00fa\u00f0irnar flytjast, \u00fe\u00e6r sem eru m\u00f3t austri;<a name=\"6\"><span class=\"versanumer\">6<\/span><\/a>og s\u00e9 \u00e1kaflega bl\u00e1si\u00f0 \u00ed anna\u00f0 sinn skulu \u00fe\u00e6r herb\u00fa\u00f0ir taka sig upp, sem eru m\u00f3t su\u00f0ri. L\u00fa\u00f0rana skal \u00e1kaflega \u00feeyta, \u00fe\u00e1 \u00fe\u00e9r taki\u00f0 y\u00f0ur upp.<a name=\"7\"><span class=\"versanumer\">7<\/span><\/a>En \u00fe\u00e1 \u00fe\u00e9r samansafni\u00f0 s\u00f6fnu\u00f0inum, skulu\u00f0 \u00fe\u00e9r bl\u00e1sa, en ekki bl\u00e1sa \u00e1kaflega.<a name=\"8\"><span class=\"versanumer\">8<\/span><\/a>Og prestarnir, Aronssynir skulu \u00feeyta l\u00fa\u00f0rana, og \u00feetta skal vera \u00e6varandi regla hj\u00e1 y\u00f0ar eftirkomendum.<a name=\"9\"><span class=\"versanumer\">9<\/span><\/a>Og \u00fe\u00e1 \u00fe\u00e9r fari\u00f0 \u00ed str\u00ed\u00f0 \u00ed y\u00f0ar landi m\u00f3ti y\u00f0ar \u00f3vinum, sem \u00e1 y\u00f0ur herja, svo bl\u00e1si\u00f0 \u00e1kaflega \u00ed l\u00fa\u00f0rana, og y\u00f0ar mun minnst ver\u00f0a hj\u00e1 Drottni, y\u00f0ar Gu\u00f0i, og \u00fe\u00e9r munu\u00f0 ver\u00f0a frelsa\u00f0ir fr\u00e1 y\u00f0ar \u00f3vinum.<a name=\"10\"><span class=\"versanumer\">10<\/span><\/a>Og \u00e1 y\u00f0ar gle\u00f0id\u00f6gum og \u00e1 y\u00f0ar h\u00e1t\u00ed\u00f0um, og \u00e1 y\u00f0ar tunglkomud\u00f6gum, skulu\u00f0 \u00fe\u00e9r bl\u00e1sa \u00ed l\u00fa\u00f0rana vi\u00f0 y\u00f0ar brennif\u00f3rnir og \u00feakkarf\u00f3rnir a\u00f0 \u00feeir s\u00e9u y\u00f0ur til endurminningar fyrir y\u00f0ar Gu\u00f0i. Eg em Drottinn, y\u00f0ar Gu\u00f0. <br \/><a name=\"11\"><span class=\"versanumer\">11<\/span><\/a>Og \u00fea\u00f0 ske\u00f0i \u00e1 \u00f6\u00f0ru \u00e1ri, \u00ed \u00f6\u00f0rum m\u00e1nu\u00f0i \u00e1 20ta degi m\u00e1na\u00f0arins, a\u00f0 sk\u00fdi\u00f0 t\u00f3k sig upp af l\u00f6gm\u00e1lsb\u00fa\u00f0inni.<a name=\"12\"><span class=\"versanumer\">12<\/span><\/a>Og \u00cdsraelssynir t\u00f3ku sig upp, \u00e1 sinni fer\u00f0, \u00far S\u00edna\u00edey\u00f0im\u00f6rku, og sk\u00fdi\u00f0 nam sta\u00f0ar \u00ed ey\u00f0im\u00f6rkinni Paran.<a name=\"13\"><span class=\"versanumer\">13<\/span><\/a>Og \u00feessir t\u00f3ku sig fyrst upp eftir bo\u00f0i Drottins fyrir M\u00f3ses,<a name=\"14\"><span class=\"versanumer\">14<\/span><\/a>merki J\u00fadasona herb\u00fa\u00f0a fyrst, me\u00f0 s\u00ednum her, en fyrir \u00feeirra her var Nahesson sonur Amminadabs;<a name=\"15\"><span class=\"versanumer\">15<\/span><\/a>og yfir her \u00cdsaskarssona \u00e6ttkv\u00edslar Netaneel sonur S\u00faars.<a name=\"16\"><span class=\"versanumer\">16<\/span><\/a>Og yfir her Seb\u00falonssona \u00e6ttkv\u00edslar Eliab sonur Helons.<a name=\"17\"><span class=\"versanumer\">17<\/span><\/a>Og b\u00fa\u00f0in var ofantekin, og synir Gersons t\u00f3ku sig upp og synir Meraris, sem fluttu b\u00fa\u00f0ina.<a name=\"18\"><span class=\"versanumer\">18<\/span><\/a>Og merki R\u00fabens herb\u00fa\u00f0a t\u00f3k sig upp me\u00f0 s\u00ednum her; en yfir \u00feess her var Elisur, sonur Sedeurs.<a name=\"19\"><span class=\"versanumer\">19<\/span><\/a>Og yfir her S\u00edmeonssona \u00e6ttkv\u00edslar var Selumiel sonur S\u00farisadais.<a name=\"20\"><span class=\"versanumer\">20<\/span><\/a>Og yfir her Ga\u00f0ssona \u00e6ttkv\u00edslar Eliasaf, sonur Deg\u00faels.<a name=\"21\"><span class=\"versanumer\">21<\/span><\/a>Og Kahat\u00edtar t\u00f3ku sig upp sem b\u00e1ru helgid\u00f3minn; og hinir settu upp b\u00fa\u00f0ina \u00feanga\u00f0 til \u00feeir komu.<a name=\"22\"><span class=\"versanumer\">22<\/span><\/a>Og merki Efra\u00edmssona t\u00f3k sig upp me\u00f0 s\u00ednum her; en yfir \u00feess her var Elisama sonur Ammihuds;<a name=\"23\"><span class=\"versanumer\">23<\/span><\/a>og yfir her Manassissona \u00e6ttkv\u00edslar var Gamliel sonur Pedasurs;<a name=\"24\"><span class=\"versanumer\">24<\/span><\/a>og yfir her Benjam\u00ednssona \u00e6ttkv\u00edslar Abidan sonur Gideons.<a name=\"25\"><span class=\"versanumer\">25<\/span><\/a>Og merki Danssona herb\u00fa\u00f0a t\u00f3k sig upp me\u00f0 s\u00ednum her, \u00fea\u00f0 f\u00f3r seinast allra herb\u00fa\u00f0anna, yfir \u00feess her var Ahieser sonur Amm\u00edsadais;<a name=\"26\"><span class=\"versanumer\">26<\/span><\/a>og yfir her Asserssona \u00e6ttkv\u00edslar var Pagiel, sonur \u00d3krans;<a name=\"27\"><span class=\"versanumer\">27<\/span><\/a>og yfir her Naftal\u00edssona \u00e6ttkv\u00edslar, Ahira, sonur Enans.<a name=\"28\"><span class=\"versanumer\">28<\/span><\/a>\u00deannig t\u00f3ku \u00cdsraelssynir sig upp me\u00f0 sinn her, og l\u00f6g\u00f0u af sta\u00f0. <br \/><a name=\"29\"><span class=\"versanumer\">29<\/span><\/a>\u00de\u00e1 sag\u00f0i M\u00f3ses vi\u00f0 Hobab, son Reg\u00faels Midian\u00edtans, M\u00f3sis tengdaf\u00f6\u00f0urs: v\u00e9r t\u00f6kum oss n\u00fa upp, <span class='VideyAth'>(og f\u00f6rum)<\/span> til \u00feess sta\u00f0ar, um hv\u00f6rn Drottinn hefur sagt: eg vil gefa y\u00f0ur hann; \u00fev\u00ed Drottinn hefir heiti\u00f0 \u00cdsrael g\u00f3\u00f0u.<a name=\"30\"><span class=\"versanumer\">30<\/span><\/a>Og hann svara\u00f0i honum: eg vil ekki fara me\u00f0, heldur vil eg fara \u00ed mitt land og til m\u00edns heimkynnis.<a name=\"31\"><span class=\"versanumer\">31<\/span><\/a>Og hann <span class='VideyAth'>(M\u00f3ses)<\/span> sag\u00f0i: yfirgef\u00f0u oss ekki! \u00fev\u00ed \u00fe\u00fa veist hvar v\u00e9r eigum a\u00f0 tjalda \u00ed ey\u00f0im\u00f6rkinni, og vertu oss svo auga.<a name=\"32\"><span class=\"versanumer\">32<\/span><\/a>Og farir \u00fe\u00fa me\u00f0 oss, og komi fram vi\u00f0 oss \u00fea\u00f0 g\u00f3\u00f0a, sem Drottinn vill oss veita, \u00fe\u00e1 viljum v\u00e9r launa \u00fe\u00e9r g\u00f3\u00f0u.<a name=\"33\"><span class=\"versanumer\">33<\/span><\/a>Og svo t\u00f3ku \u00feeir sig upp fr\u00e1 fjalli Drottins <span class='VideyAth'>(og f\u00f3ru)<\/span> \u00ferj\u00e1r daglei\u00f0ir, og s\u00e1ttm\u00e1ls\u00f6rk Drottins f\u00f3r undan \u00feeim \u00ferj\u00e1r daglei\u00f0ir, til a\u00f0 v\u00edsa \u00feeim \u00e1 \u00e1fangasta\u00f0.<a name=\"34\"><span class=\"versanumer\">34<\/span><\/a>Og sk\u00fd Drottins var yfir \u00feeim \u00e1 \u00feeim degi sem \u00feeir t\u00f3ku sig upp \u00far herb\u00fa\u00f0unum. <br \/><a name=\"35\"><span class=\"versanumer\">35<\/span><\/a>En er \u00f6rkin var upptekin m\u00e6lti M\u00f3ses: stattu upp, Drottinn, a\u00f0 \u00fe\u00ednir \u00f3vinir tv\u00edstrist, og \u00feeir sem \u00feig hata fl\u00fdi fyrir \u00fe\u00e9r.<a name=\"36\"><span class=\"versanumer\">36<\/span><\/a>Og \u00feegar h\u00fan nam sta\u00f0ar, sag\u00f0i hann: safna \u00fe\u00fa hinga\u00f0, Drottinn, \u00fe\u00fasundum \u00cdsraelsflokka.<\/p>\n<div class=\"footnoteVidey\"><\/div>\n","protected":false},"excerpt":{"rendered":"<p>Silfurl\u00fa\u00f0rarnir. F\u00f3lki\u00f0 fer fr\u00e1 S\u00edna\u00ed. 1Og Drottinn tala\u00f0i vi\u00f0 M\u00f3ses og m\u00e6lti:2gj\u00f6r \u00fe\u00e9r tvo l\u00fa\u00f0ra af silfri, af drifnu verki skulu \u00feeir vera, a\u00f0 \u00fe\u00fa getir br\u00faka\u00f0 \u00fe\u00e1 til a\u00f0 samankalla f\u00f3lki\u00f0, og \u00fe\u00e1 herb\u00fa\u00f0irnar skulu flytjast.3Og s\u00e9 bl\u00e1si\u00f0 \u00ed \u00fe\u00e1 b\u00e1\u00f0a, skal allur s\u00f6fnu\u00f0urinn koma til \u00fe\u00edn a\u00f0 dyrum samkundutjaldsins.4Og \u00feegar a\u00f0eins er bl\u00e1si\u00f0 \u00ed annan, svo skulu h\u00f6fu\u00f0smennirnir koma til \u00fe\u00edn, fyrirmenn \u00cdsraelsflokka,5og s\u00e9 \u00e1kaflega \u00ed \u00fe\u00e1 bl\u00e1si\u00f0, skulu herb\u00fa\u00f0irnar flytjast, \u00fe\u00e6r sem eru m\u00f3t austri;6og s\u00e9 \u00e1kaflega bl\u00e1si\u00f0 \u00ed anna\u00f0 sinn skulu \u00fe\u00e6r herb\u00fa\u00f0ir taka sig upp, sem eru m\u00f3t su\u00f0ri. L\u00fa\u00f0rana skal \u00e1kaflega \u00feeyta, \u00fe\u00e1 \u00fe\u00e9r <a href=\"https:\/\/biblian.is\/videy\/fjorda-mosebok-10-kafli\/\"> [&#8230;]<\/a><\/p>\n","protected":false},"author":1,"featured_media":0,"parent":0,"menu_order":0,"comment_status":"open","ping_status":"open","template":"bibliukaflar.php","meta":{"footnotes":""},"class_list":["post-20976","page","type-page","status-publish","hentry"],"_links":{"self":[{"href":"https:\/\/biblian.is\/videy\/wp-json\/wp\/v2\/pages\/20976","targetHints":{"allow":["GET"]}}],"collection":[{"href":"https:\/\/biblian.is\/videy\/wp-json\/wp\/v2\/pages"}],"about":[{"href":"https:\/\/biblian.is\/videy\/wp-json\/wp\/v2\/types\/page"}],"author":[{"embeddable":true,"href":"https:\/\/biblian.is\/videy\/wp-json\/wp\/v2\/users\/1"}],"replies":[{"embeddable":true,"href":"https:\/\/biblian.is\/videy\/wp-json\/wp\/v2\/comments?post=20976"}],"version-history":[{"count":0,"href":"https:\/\/biblian.is\/videy\/wp-json\/wp\/v2\/pages\/20976\/revisions"}],"wp:attachment":[{"href":"https:\/\/biblian.is\/videy\/wp-json\/wp\/v2\/media?parent=20976"}],"curies":[{"name":"wp","href":"https:\/\/api.w.org\/{rel}","templated":true}]}}