{"id":20974,"date":"2018-01-02T00:59:46","date_gmt":"2018-01-02T00:59:46","guid":{"rendered":"http:\/\/biblian.is\/videy\/fjorda-mosebok-8-kafli\/"},"modified":"2018-01-02T00:59:46","modified_gmt":"2018-01-02T00:59:46","slug":"fjorda-mosebok-8-kafli","status":"publish","type":"page","link":"https:\/\/biblian.is\/videy\/fjorda-mosebok-8-kafli\/","title":{"rendered":"Fj\u00f3r\u00f0a M\u00f3seb\u00f3k 8. kafli"},"content":{"rendered":"<div class=\"fyrirsognVidey\">V\u00edgsla Lev\u00edtanna.<\/div>\n<p><a name=\"1\"><span class=\"versanumer\">1<\/span><\/a>Og Drottinn tala\u00f0i vi\u00f0 M\u00f3ses og m\u00e6lti:<a name=\"2\"><span class=\"versanumer\">2<\/span><\/a>tala \u00fe\u00fa vi\u00f0 Aron og seg til hans: \u00feegar \u00fe\u00fa setur upp lampana, \u00fe\u00e1 skulu \u00feeir 7 lampar loga framan \u00e1 lj\u00f3sahj\u00e1lminum.<a name=\"3\"><span class=\"versanumer\">3<\/span><\/a>Og Aron gj\u00f6r\u00f0i svo: framan \u00e1 lj\u00f3sahj\u00e1lminn hengdi hann lampana eins og Drottinn bau\u00f0 M\u00f3ses.<a name=\"4\"><span class=\"versanumer\">4<\/span><\/a>Og \u00feetta var verki\u00f0 \u00e1 hj\u00e1lminum: drifi\u00f0 verk af gulli, b\u00e6\u00f0i m\u00f6ndullinn og liljurnar voru drifi\u00f0 verk, eftir \u00fev\u00ed munstri sem Drottinn haf\u00f0i s\u00fdnt M\u00f3ses, h\u00f6f\u00f0u menn gj\u00f6rt hj\u00e1lminn.<br \/><a name=\"5\"><span class=\"versanumer\">5<\/span><\/a>Og Drottinn tala\u00f0i vi\u00f0 M\u00f3ses og m\u00e6lti:<a name=\"6\"><span class=\"versanumer\">6<\/span><\/a>tak \u00fe\u00fa Lev\u00edtana fr\u00e1 \u00cdsraelssonum og hreinsa \u00fe\u00e1;<a name=\"7\"><span class=\"versanumer\">7<\/span><\/a>og \u00feetta skalt \u00fe\u00fa vi\u00f0 \u00fe\u00e1 gj\u00f6ra til a\u00f0 hreinsa \u00fe\u00e1: st\u00f6kk \u00fe\u00fa \u00e1 \u00fe\u00e1 syndalausnarvatni, og \u00feeir skulu l\u00e1ta rakhn\u00edf ganga yfir allan sinn l\u00edkama, og \u00fevo s\u00edn kl\u00e6\u00f0i, og hreinsa sig.<a name=\"8\"><span class=\"versanumer\">8<\/span><\/a>Og \u00feeir skulu taka ungneyti, og matoffur a\u00f0 auk, hveitimj\u00f6l, yfird\u00f6ggva\u00f0 me\u00f0 vi\u00f0smj\u00f6ri, og anna\u00f0 ungneyti skalt \u00fe\u00fa taka til syndaf\u00f3rnar.<a name=\"9\"><span class=\"versanumer\">9<\/span><\/a>Og lei\u00f0 svo Lev\u00edtana fram fyrir samkundutjaldi\u00f0, og samansafna \u00f6llum s\u00f6fnu\u00f0i \u00cdsraelssona.<a name=\"10\"><span class=\"versanumer\">10<\/span><\/a>Og lei\u00f0 svo Lev\u00edtana fram fyrir Drottin, og \u00cdsraelssynir skulu leggja s\u00ednar hendur yfir Lev\u00edtana.<a name=\"11\"><span class=\"versanumer\">11<\/span><\/a>Og Aron skal veifa Lev\u00edtunum sem veifun fyrir Drottni, af hendi \u00cdsraelssona, a\u00f0 \u00feeir s\u00e9u til \u00feess <span class='VideyAth'>(kj\u00f6rnir)<\/span> a\u00f0 gegna \u00fej\u00f3nustu helgid\u00f3msins.<a name=\"12\"><span class=\"versanumer\">12<\/span><\/a>Og Lev\u00edtarnir skulu leggja s\u00ednar hendur \u00e1 h\u00f6fu\u00f0 nautanna og offra \u00f6\u00f0ru til syndaf\u00f3rnar, en \u00f6\u00f0ru Drottni til brennif\u00f3rnar, til a\u00f0 fri\u00f0\u00fe\u00e6gja fyrir Lev\u00edtana.<a name=\"13\"><span class=\"versanumer\">13<\/span><\/a>Og lei\u00f0 \u00fe\u00fa Lev\u00edtana fram fyrir Aron og fram fyrir hans syni og veifa \u00feeim sem veifun fyrir Drottni;<a name=\"14\"><span class=\"versanumer\">14<\/span><\/a>og a\u00f0greindu svo Lev\u00edtana fr\u00e1 \u00cdsraelssonum, svo a\u00f0 Lev\u00edtarnir tilheyri m\u00e9r.<a name=\"15\"><span class=\"versanumer\">15<\/span><\/a>Svo skulu \u00feeir koma til a\u00f0 \u00fej\u00f3na vi\u00f0 samkundutjaldi\u00f0 og hreinsa \u00fe\u00fa \u00fe\u00e1 svona, og veifa \u00feeim sem veifun.<a name=\"16\"><span class=\"versanumer\">16<\/span><\/a>\u00dev\u00ed til eignar eru \u00feeir m\u00e9r gefnir af \u00cdsraelssonum; \u00ed sta\u00f0 hv\u00f6rs frumbur\u00f0ar sem opnar m\u00f3\u00f0url\u00edfi\u00f0, me\u00f0al \u00cdsraelssona hefi eg teki\u00f0 m\u00e9r \u00fe\u00e1.<a name=\"17\"><span class=\"versanumer\">17<\/span><\/a>\u00dev\u00ed m\u00e9r tilheyr\u00f0i allt frumbori\u00f0 me\u00f0al \u00cdsraelssona, manna og f\u00e9na\u00f0ar; \u00e1 \u00feeim t\u00edma er eg vann \u00e1 \u00f6llu frumbornu \u00ed Egyptalandi, hefi eg m\u00e9r \u00fea\u00f0 helga\u00f0.<a name=\"18\"><span class=\"versanumer\">18<\/span><\/a>Og eg t\u00f3k Lev\u00edtana \u00ed sta\u00f0 alls frumborins me\u00f0al \u00cdsraelssona.<a name=\"19\"><span class=\"versanumer\">19<\/span><\/a>Og eg gaf Lev\u00edtana Aroni og sonum hans til eignar af \u00cdsraelssonum, a\u00f0 \u00feeir gegni \u00fej\u00f3nustu \u00cdsraelssona vi\u00f0 samkundutjaldi\u00f0, og fri\u00f0\u00fe\u00e6gi fyrir \u00cdsraelssyni, a\u00f0 ekki komi pl\u00e1ga yfir \u00cdsraelssyni, \u00feegar \u00cdsraelssynir ganga inn \u00ed helgid\u00f3minn.<a name=\"20\"><span class=\"versanumer\">20<\/span><\/a>Og \u00feetta gj\u00f6r\u00f0i M\u00f3ses og Aron og allur s\u00f6fnu\u00f0ur \u00cdsraelssona vi\u00f0 Lev\u00edtana; eins og Drottinn haf\u00f0i bo\u00f0i\u00f0 M\u00f3ses vi\u00f0v\u00edkjandi Lev\u00edtunum, svo gj\u00f6r\u00f0u \u00cdsraelssynir vi\u00f0 \u00fe\u00e1.<a name=\"21\"><span class=\"versanumer\">21<\/span><\/a>Og Lev\u00edtarnir hreinsu\u00f0u sig af syndum, og \u00fevo\u00f0u s\u00edn kl\u00e6\u00f0i, og Aron veifa\u00f0i \u00feeim sem veifun fyrir Drottni ,og Aron fri\u00f0\u00fe\u00e6g\u00f0i fyrir \u00fe\u00e1 \u00feeim til hreinsunar.<a name=\"22\"><span class=\"versanumer\">22<\/span><\/a>S\u00ed\u00f0an gengu Lev\u00edtarnir til a\u00f0 gegna sinni \u00fej\u00f3nustu vi\u00f0 samkundutjaldi\u00f0, frammi fyrir Aron og hans sonum; eins og Drottinn haf\u00f0i bo\u00f0i\u00f0 M\u00f3ses vi\u00f0v\u00edkjandi Lev\u00edtunum, svo gj\u00f6r\u00f0u \u00feeir vi\u00f0 \u00fe\u00e1. <br \/><a name=\"23\"><span class=\"versanumer\">23<\/span><\/a>Og Drottinn tala\u00f0i vi\u00f0 M\u00f3ses og m\u00e6lti:<a name=\"24\"><span class=\"versanumer\">24<\/span><\/a>\u00deetta er \u00fea\u00f0 sem gildir um Lev\u00edtana: hv\u00f6r sem er 25 \u00e1ra og \u00fear yfir skal koma til a\u00f0 ganga \u00ed r\u00f6\u00f0ina til a\u00f0 innganga til \u00fej\u00f3nustu vi\u00f0 samkundutjaldi\u00f0.<a name=\"25\"><span class=\"versanumer\">25<\/span><\/a>Og hv\u00f6r sem er fimmtugur skal ganga \u00fat af r\u00f6\u00f0 \u00fej\u00f3nustunnar,r og ekki \u00fej\u00f3na \u00far \u00fev\u00ed.<a name=\"26\"><span class=\"versanumer\">26<\/span><\/a>Hann m\u00e1 \u00fe\u00e9na br\u00f3\u00f0ur s\u00ednum vi\u00f0 samkundutjaldi\u00f0, og annast \u00fea\u00f0 sem er a\u00f0 annast; en emb\u00e6tti\u00f0 m\u00e1 hann ekki hafa. \u00deannig skalt \u00fe\u00fa fara me\u00f0 Lev\u00edtana vi\u00f0v\u00edkjandi \u00feeirra s\u00fdslan.<\/p>\n<div class=\"footnoteVidey\"><\/div>\n","protected":false},"excerpt":{"rendered":"<p>V\u00edgsla Lev\u00edtanna. 1Og Drottinn tala\u00f0i vi\u00f0 M\u00f3ses og m\u00e6lti:2tala \u00fe\u00fa vi\u00f0 Aron og seg til hans: \u00feegar \u00fe\u00fa setur upp lampana, \u00fe\u00e1 skulu \u00feeir 7 lampar loga framan \u00e1 lj\u00f3sahj\u00e1lminum.3Og Aron gj\u00f6r\u00f0i svo: framan \u00e1 lj\u00f3sahj\u00e1lminn hengdi hann lampana eins og Drottinn bau\u00f0 M\u00f3ses.4Og \u00feetta var verki\u00f0 \u00e1 hj\u00e1lminum: drifi\u00f0 verk af gulli, b\u00e6\u00f0i m\u00f6ndullinn og liljurnar voru drifi\u00f0 verk, eftir \u00fev\u00ed munstri sem Drottinn haf\u00f0i s\u00fdnt M\u00f3ses, h\u00f6f\u00f0u menn gj\u00f6rt hj\u00e1lminn.5Og Drottinn tala\u00f0i vi\u00f0 M\u00f3ses og m\u00e6lti:6tak \u00fe\u00fa Lev\u00edtana fr\u00e1 \u00cdsraelssonum og hreinsa \u00fe\u00e1;7og \u00feetta skalt \u00fe\u00fa vi\u00f0 \u00fe\u00e1 gj\u00f6ra til a\u00f0 hreinsa \u00fe\u00e1: st\u00f6kk \u00fe\u00fa \u00e1 \u00fe\u00e1 syndalausnarvatni, <a href=\"https:\/\/biblian.is\/videy\/fjorda-mosebok-8-kafli\/\"> [&#8230;]<\/a><\/p>\n","protected":false},"author":1,"featured_media":0,"parent":0,"menu_order":0,"comment_status":"open","ping_status":"open","template":"bibliukaflar.php","meta":{"footnotes":""},"class_list":["post-20974","page","type-page","status-publish","hentry"],"_links":{"self":[{"href":"https:\/\/biblian.is\/videy\/wp-json\/wp\/v2\/pages\/20974","targetHints":{"allow":["GET"]}}],"collection":[{"href":"https:\/\/biblian.is\/videy\/wp-json\/wp\/v2\/pages"}],"about":[{"href":"https:\/\/biblian.is\/videy\/wp-json\/wp\/v2\/types\/page"}],"author":[{"embeddable":true,"href":"https:\/\/biblian.is\/videy\/wp-json\/wp\/v2\/users\/1"}],"replies":[{"embeddable":true,"href":"https:\/\/biblian.is\/videy\/wp-json\/wp\/v2\/comments?post=20974"}],"version-history":[{"count":0,"href":"https:\/\/biblian.is\/videy\/wp-json\/wp\/v2\/pages\/20974\/revisions"}],"wp:attachment":[{"href":"https:\/\/biblian.is\/videy\/wp-json\/wp\/v2\/media?parent=20974"}],"curies":[{"name":"wp","href":"https:\/\/api.w.org\/{rel}","templated":true}]}}