{"id":20973,"date":"2018-01-02T00:59:46","date_gmt":"2018-01-02T00:59:46","guid":{"rendered":"http:\/\/biblian.is\/videy\/fjorda-mosebok-7-kafli\/"},"modified":"2018-01-02T00:59:46","modified_gmt":"2018-01-02T00:59:46","slug":"fjorda-mosebok-7-kafli","status":"publish","type":"page","link":"https:\/\/biblian.is\/videy\/fjorda-mosebok-7-kafli\/","title":{"rendered":"Fj\u00f3r\u00f0a M\u00f3seb\u00f3k 7. kafli"},"content":{"rendered":"<div class=\"fyrirsognVidey\">V\u00edgslugjafir \u00feeirra 12 h\u00f6fu\u00f0smanna.<\/div>\n<p><a name=\"1\"><span class=\"versanumer\">1<\/span><\/a>\u00de\u00e1 M\u00f3ses reisti b\u00fa\u00f0ina og smur\u00f0i hana og v\u00edg\u00f0i og \u00f6ll hennar \u00e1h\u00f6ld, og altari\u00f0 og \u00f6ll \u00feess \u00e1h\u00f6ld, \u00fe\u00e1 hann smur\u00f0i \u00feetta og v\u00edg\u00f0i<a name=\"2\"><span class=\"versanumer\">2<\/span><\/a>\u00fe\u00e1 komu \u00cdsraels h\u00f6fu\u00f0smenn, h\u00f6f\u00f0ingjar sinna \u00e6tta, yfirmenn \u00e6ttkv\u00edslanna, \u00feeir sem \u00fe\u00e1 voru fyrir \u00feeim t\u00f6ldu,<a name=\"3\"><span class=\"versanumer\">3<\/span><\/a>\u00feeir komu me\u00f0 gjafir fram fyrir Drottin: 6 vagna og 12 naut, einn vagn fyrir hv\u00f6rja tvo h\u00f6fu\u00f0smenn, og naut fyrir hv\u00f6rn \u00feeirra; \u00feeir komu me\u00f0 \u00feetta fram fyrir b\u00fa\u00f0ina.<a name=\"4\"><span class=\"versanumer\">4<\/span><\/a>Og Drottinn sag\u00f0i vi\u00f0 M\u00f3ses:<a name=\"5\"><span class=\"versanumer\">5<\/span><\/a>tak \u00fe\u00fa vi\u00f0 \u00feessu af \u00feeim, og \u00fea\u00f0 s\u00e9 til \u00fe\u00e9nustu vi\u00f0 samkundutjaldi\u00f0, og f\u00e1 \u00fe\u00fa \u00feetta Lev\u00edtunum eftir tilt\u00f6lu \u00feeirra \u00fej\u00f3nustu.<a name=\"6\"><span class=\"versanumer\">6<\/span><\/a>\u00de\u00e1 t\u00f3k M\u00f3ses vagnana og nautin og afhenti Lev\u00edtunum.<a name=\"7\"><span class=\"versanumer\">7<\/span><\/a>Gersonssonum f\u00e9kk hann tvo vagna og 4 naut eftir tilt\u00f6lu \u00feeirra \u00fej\u00f3nustu.<a name=\"8\"><span class=\"versanumer\">8<\/span><\/a>Og 4 vagna og 8 naut f\u00e9kk hann Merarissonum eftir tilt\u00f6lu \u00feeirra \u00fej\u00f3nustu, undir umsj\u00f3n \u00cdtamars sonar Arons prests.<a name=\"9\"><span class=\"versanumer\">9<\/span><\/a>En Kahatssonum f\u00e9kk hann ekkert, \u00fev\u00ed \u00e1 \u00feeim hv\u00edldi \u00fej\u00f3nusta helgid\u00f3msins, \u00e1 s\u00ednum her\u00f0um b\u00e1ru \u00feeir hann.<br \/><a name=\"10\"><span class=\"versanumer\">10<\/span><\/a>Og h\u00f6fu\u00f0smennirnir komu me\u00f0 altarisv\u00edgslug\u00e1fur \u00feann dag sem \u00fea\u00f0 var smurt; og h\u00f6fu\u00f0smennirnir b\u00e1ru s\u00ednar g\u00e1fur fyrir altari\u00f0. <br \/><a name=\"11\"><span class=\"versanumer\">11<\/span><\/a>Og Drottinn sag\u00f0i vi\u00f0 M\u00f3ses: sinn daginn framberi hv\u00f6r af h\u00f6fu\u00f0sm\u00f6nnunum s\u00ednar g\u00e1fur til altarisins v\u00edgslu.<a name=\"12\"><span class=\"versanumer\">12<\/span><\/a>Og \u00fea\u00f0 vildi svo til, a\u00f0 s\u00e1 sem \u00e1 fyrsta deginum frambar s\u00edna g\u00e1fu var Nahesson af J\u00fada \u00e6ttkv\u00edsl.<a name=\"13\"><span class=\"versanumer\">13<\/span><\/a>Og hans g\u00e1fa var silfurfat, 130 siklar a\u00f0 \u00feyngd, silfursk\u00e1l 70 siklar, eftir helgid\u00f3mssikli, hv\u00f6rttveggja fullt me\u00f0 hveitimj\u00f6l, vi\u00f0smj\u00f6ri var hellt yfir, til matoffurs;<a name=\"14\"><span class=\"versanumer\">14<\/span><\/a>bolli, 10 siklar gulls, fullur af reykelsi.<a name=\"15\"><span class=\"versanumer\">15<\/span><\/a>Ungur boli, hr\u00fatur og \u00e1rsgamalt lamb til brennif\u00f3rnar;<a name=\"16\"><span class=\"versanumer\">16<\/span><\/a>einn geithafur til syndaf\u00f3rnar;<a name=\"17\"><span class=\"versanumer\">17<\/span><\/a>og til \u00feakkarf\u00f3rnar 2 naut, 5 hr\u00fatar, 5 kjarnhafrar og 5 l\u00f6mb \u00e1rsg\u00f6mul. \u00deetta var g\u00e1fa Nahessons Amm\u00ednadabssonar. <br \/><a name=\"18\"><span class=\"versanumer\">18<\/span><\/a>\u00c1 \u00f6\u00f0rum degi offra\u00f0i Netaneel sonur S\u00faars, h\u00f6fu\u00f0sma\u00f0ur \u00cdsaskars \u00e6ttkv\u00edslar,<a name=\"19\"><span class=\"versanumer\">19<\/span><\/a>hann kom me\u00f0 s\u00edna g\u00e1fu: silfurfat, \u00fea\u00f0 v\u00f3g 130 sikla silfurs, silfursk\u00e1l, 70 sikla, eftir helgid\u00f3mssikli, hv\u00f6rttveggja fullt me\u00f0 hveitimj\u00f6l, og var vi\u00f0smj\u00f6ri hellt yfir, til matoffurs;<a name=\"20\"><span class=\"versanumer\">20<\/span><\/a>einn bolla, 10 sikla gulls, fullan af reykelsi,<a name=\"21\"><span class=\"versanumer\">21<\/span><\/a>ungan bola, hr\u00fat og \u00e1rsgamalt lamb til brennif\u00f3rnar;<a name=\"22\"><span class=\"versanumer\">22<\/span><\/a>geithafur til syndaf\u00f3rnar;<a name=\"23\"><span class=\"versanumer\">23<\/span><\/a>og til \u00feakkarf\u00f3rnar 2 naut, 5 hr\u00fata, 5 kjarnhafra og 5 l\u00f6mb \u00e1rsg\u00f6mul. \u00deetta var g\u00e1fa Netaneels sonar S\u00faars. <br \/><a name=\"24\"><span class=\"versanumer\">24<\/span><\/a>\u00c1 \u00feri\u00f0ja degi <span class='VideyAth'>(kom)<\/span> Seb\u00falonsssona h\u00f6fu\u00f0sma\u00f0ur, Eliab, sonur Helons.<a name=\"25\"><span class=\"versanumer\">25<\/span><\/a>Hans g\u00e1fa var: silfurfat, sem v\u00f3g 130 sikla silfurs, silfursk\u00e1l, 70 sikla eftir helgid\u00f3mssikli, hv\u00f6rttveggja fullt af hveitimj\u00f6li, vi\u00f0smj\u00f6ri var hellt yfir, til matoffurs;<a name=\"26\"><span class=\"versanumer\">26<\/span><\/a>bolli, 10 sikla gulls, fullur af reykelsi;<a name=\"27\"><span class=\"versanumer\">27<\/span><\/a>ungur boli, hr\u00fatur, \u00e1rsgamalt lamb til brennif\u00f3rnar;<a name=\"28\"><span class=\"versanumer\">28<\/span><\/a>geithafur til syndaf\u00f3rnar;<a name=\"29\"><span class=\"versanumer\">29<\/span><\/a>og til \u00feakkarf\u00f3rnar 2 naut, 5 kjarnhafrar, 5 l\u00f6mb \u00e1rsg\u00f6mul. \u00deetta var g\u00e1fa Eliabs sonar Helons. <br \/><a name=\"30\"><span class=\"versanumer\">30<\/span><\/a>\u00c1 fj\u00f3r\u00f0a degi h\u00f6fu\u00f0sma\u00f0ur R\u00fabenssona Elisur, sonur Sedeurs.<a name=\"31\"><span class=\"versanumer\">31<\/span><\/a>Hans g\u00e1fa var: silfurfat, 130 sikla silfurs v\u00f3g \u00fea\u00f0; silfursk\u00e1l, 70 sikla silfurs, eftir helgid\u00f3mssikli, hv\u00f6rttveggja fullt me\u00f0 hveitimj\u00f6l, vi\u00f0smj\u00f6ri var hellt yfir, til matoffurs;<a name=\"32\"><span class=\"versanumer\">32<\/span><\/a>bolli, 10 siklar gulls, fullur af reykelsi;<a name=\"33\"><span class=\"versanumer\">33<\/span><\/a>ungur boli, hr\u00fatur, \u00e1rsgamalt lamb til brennif\u00f3rnar;<a name=\"34\"><span class=\"versanumer\">34<\/span><\/a>geithafur til syndaf\u00f3rnar,<a name=\"35\"><span class=\"versanumer\">35<\/span><\/a>og til \u00feakkarf\u00f3rnar 2 naut, 5 hr\u00fatar, 5 kjarnhafrar, 5 l\u00f6mb \u00e1rsg\u00f6mul. \u00deetta var g\u00e1fa Elisurs, sonar Sedeurs. <br \/><a name=\"36\"><span class=\"versanumer\">36<\/span><\/a>\u00c1 fimmta degi h\u00f6fu\u00f0sma\u00f0ur S\u00edmeonssona, Selumjel, sonur S\u00far\u00edsadais.<a name=\"37\"><span class=\"versanumer\">37<\/span><\/a>Hans g\u00e1fa var: silfurfat, \u00fea\u00f0 v\u00f3g 130 sikla silfurs; silfursk\u00e1l, 70 sikla, eftir helgid\u00f3mssikli; hv\u00f6rttveggja var fullt me\u00f0 hveitimj\u00f6l, og vi\u00f0smj\u00f6ri var hellt yfir, til matoffurs;<a name=\"38\"><span class=\"versanumer\">38<\/span><\/a>bolli, 10 siklar gulls, fullur af reykelsi;<a name=\"39\"><span class=\"versanumer\">39<\/span><\/a>ungur boli, hr\u00fatur, \u00e1rsgamalt lamb til brennif\u00f3rnar;<a name=\"40\"><span class=\"versanumer\">40<\/span><\/a>geithafur til syndaf\u00f3rnar;<a name=\"41\"><span class=\"versanumer\">41<\/span><\/a>og til \u00feakkarf\u00f3rnar 2 naut, 5 hr\u00fatar, 5 kjarnhafrar, 5 l\u00f6mb \u00e1rsg\u00f6mul. \u00deetta var g\u00e1fa Selumjels, sonar S\u00farisadais. <br \/><a name=\"42\"><span class=\"versanumer\">42<\/span><\/a>\u00c1 sj\u00f6tta degi, Ga\u00f0ssona h\u00f6fu\u00f0sma\u00f0ur, Eliasaf sonur Deguels.<a name=\"43\"><span class=\"versanumer\">43<\/span><\/a>Hans g\u00e1fa var: silfurfat, \u00fea\u00f0 v\u00f3g 130 sikla silfurs; silfursk\u00e1l, 70 sikla eftir helgid\u00f3mssikli, hv\u00f6rttveggja fullt me\u00f0 hveitimj\u00f6l, vi\u00f0smj\u00f6ri var hellt yfir, til matoffurs;<a name=\"44\"><span class=\"versanumer\">44<\/span><\/a>bolli, 10 siklar gulls, fullur me\u00f0 reykelsi;<a name=\"45\"><span class=\"versanumer\">45<\/span><\/a>ungur boli, hr\u00fatur, \u00e1rsgamalt lamb, til brennif\u00f3rnar;<a name=\"46\"><span class=\"versanumer\">46<\/span><\/a>geithafur til syndaf\u00f3rnar.<a name=\"47\"><span class=\"versanumer\">47<\/span><\/a>Og til \u00feakkarf\u00f3rnar 2 naut, 5 hr\u00fatar, 5 kjarnhafrar, 5 l\u00f6mb \u00e1rsg\u00f6mul. \u00dea\u00f0 var g\u00e1fa Eliasafs sonar Deguels. <br \/><a name=\"48\"><span class=\"versanumer\">48<\/span><\/a>\u00c1 sj\u00f6unda degi h\u00f6fu\u00f0sma\u00f0ur Efra\u00edmssona, Elisama, sonur Amihuds.<a name=\"49\"><span class=\"versanumer\">49<\/span><\/a>Hans g\u00e1fa var: silfurfat, sem v\u00f3g 130 sikla silfurs; silfursk\u00e1l, 70 sikla eftir helgid\u00f3mssikli; hv\u00f6rttveggja fullt me\u00f0 hveitimj\u00f6l, vi\u00f0smj\u00f6ri var hellt yfir, til matoffurs;<a name=\"50\"><span class=\"versanumer\">50<\/span><\/a>bolli, 10 siklar gulls, fullur af reykelsi;<a name=\"51\"><span class=\"versanumer\">51<\/span><\/a>ungur boli, hr\u00fatur, \u00e1rsgamalt lamb til syndaf\u00f3rnar;<a name=\"52\"><span class=\"versanumer\">52<\/span><\/a>geithafur til syndaf\u00f3rnar;<a name=\"53\"><span class=\"versanumer\">53<\/span><\/a>og til \u00feakkarf\u00f3rnar 2 naut, 5 hr\u00fatar, 5 kjarnhafrar, 5 l\u00f6mb \u00e1rsg\u00f6mul. \u00deetta var g\u00e1fa Elisama, sonar Amihuds.<a name=\"54\"><span class=\"versanumer\">54<\/span><\/a>\u00c1 \u00e1ttunda degi Manassissona h\u00f6fu\u00f0sma\u00f0ur, Gamliel, sonur Pedasurs.<a name=\"55\"><span class=\"versanumer\">55<\/span><\/a>Hans g\u00e1fa var: silfurfat, sem v\u00f3g 130 sikla silfurs; og silfursk\u00e1l, 70 sikla, eftir helgid\u00f3mssikli, hv\u00f6rttveggja fullt af hveitimj\u00f6li, yfir var hellt vi\u00f0smj\u00f6ri, til matoffurs;<a name=\"56\"><span class=\"versanumer\">56<\/span><\/a>bolli, 10 siklar gulls, fullur af reykelsi;<a name=\"57\"><span class=\"versanumer\">57<\/span><\/a>ungur boli, hr\u00fatur og \u00e1rsgamalt lamb til brennif\u00f3rnar;<a name=\"58\"><span class=\"versanumer\">58<\/span><\/a>geithafur til syndaf\u00f3rnar;<a name=\"59\"><span class=\"versanumer\">59<\/span><\/a>og til \u00feakkarf\u00f3rnar 2 naut, 5 hr\u00fatar, 5 kjarnhafrar, 5 l\u00f6mb \u00e1rsg\u00f6mul. \u00deetta var g\u00e1fa Gamliels sonar Pedasurs. <br \/><a name=\"60\"><span class=\"versanumer\">60<\/span><\/a>\u00c1 9da degi h\u00f6fu\u00f0sma\u00f0ur Benjam\u00ednssona Abidan sonur Gideons.<a name=\"61\"><span class=\"versanumer\">61<\/span><\/a>Hans g\u00e1fa var: silfurfat, sem v\u00f3g 130 sikla silfurs; silfursk\u00e1l, 70 sikla, eftir helgid\u00f3mssikli; hv\u00f6rttveggja fullt me\u00f0 hveitimj\u00f6l, \u00fear yfir var hellt vi\u00f0smj\u00f6ri, til matoffurs;<a name=\"62\"><span class=\"versanumer\">62<\/span><\/a>bolli, 10 siklar gulls, fullur af reykelsi,<a name=\"63\"><span class=\"versanumer\">63<\/span><\/a>ungur boli, hr\u00fatur, \u00e1rsgamalt lamb til brennif\u00f3rnar;<a name=\"64\"><span class=\"versanumer\">64<\/span><\/a>geithafur til syndaf\u00f3rnar;<a name=\"65\"><span class=\"versanumer\">65<\/span><\/a>og til \u00feakkarf\u00f3rnar 2 naut, 5 hr\u00fatar, 5 kjarnhafrar, 5 l\u00f6mb \u00e1rsg\u00f6mul. \u00dea\u00f0 var g\u00e1fa Abidans, sonar Gideons. <br \/><a name=\"66\"><span class=\"versanumer\">66<\/span><\/a>\u00c1 10da degi h\u00f6fu\u00f0sma\u00f0ur Danssona Ah\u00edeser sonur Ammisadais.<a name=\"67\"><span class=\"versanumer\">67<\/span><\/a>Hans g\u00e1fa var: silfurfat, \u00fea\u00f0 v\u00f3g 130 sikla silfurs; silfursk\u00e1l 70 sikla silfurs, eftir helgid\u00f3mssikli, hv\u00f6rttveggja fullt me\u00f0 hveitimj\u00f6l, yfir var hellt vi\u00f0smj\u00f6ri, til matoffurs;<a name=\"68\"><span class=\"versanumer\">68<\/span><\/a>bolli, 10 siklar gulls, fullur af reykelsi;<a name=\"69\"><span class=\"versanumer\">69<\/span><\/a>ungur boli, hr\u00fatur, \u00e1rsgamalt lamb til brennif\u00f3rnar;<a name=\"70\"><span class=\"versanumer\">70<\/span><\/a>geithafur til syndaf\u00f3rnar;<a name=\"71\"><span class=\"versanumer\">71<\/span><\/a>og til \u00feakkarf\u00f3rnar 2 naut, 5 hr\u00fatar, 5 kjarnhafrar, 5 l\u00f6mb \u00e1rsg\u00f6mul. \u00deetta var g\u00e1fa Ahiesers, sonar Ammisadais. <br \/><a name=\"72\"><span class=\"versanumer\">72<\/span><\/a>\u00c1 11ta degi Asserssona h\u00f6fu\u00f0sma\u00f0ur, Pag\u00edel sonur \u00d3krans.<a name=\"73\"><span class=\"versanumer\">73<\/span><\/a>Hans g\u00e1fa var: silfurfat, sem v\u00f3g 130 sikla silfurs; silfursk\u00e1l, 70 sikla silfurs eftir helgid\u00f3mssikli; hv\u00f6rttveggja fullt me\u00f0 hveitimj\u00f6l sem yfir var hellt vi\u00f0smj\u00f6ri, til matoffurs;<a name=\"74\"><span class=\"versanumer\">74<\/span><\/a>bolli, 10 sikla gulls, fullur af reykelsi;<a name=\"75\"><span class=\"versanumer\">75<\/span><\/a>ungur boli, hr\u00fatur, \u00e1rsgamalt lamb, til brennif\u00f3rnar;<a name=\"76\"><span class=\"versanumer\">76<\/span><\/a>geithafur til syndaf\u00f3rnar;<a name=\"77\"><span class=\"versanumer\">77<\/span><\/a>og til \u00feakkarf\u00f3rnar 2 naut, 5 hr\u00fatar, 5 kjarnhafrar, 5 l\u00f6mb \u00e1rsg\u00f6mul. \u00deetta var g\u00e1fa Pag\u00edels sonar \u00d3krans. <br \/><a name=\"78\"><span class=\"versanumer\">78<\/span><\/a>\u00c1 12ta degi h\u00f6fu\u00f0sma\u00f0ur Naftal\u00edsona Ah\u00edra, sonur Enans.<a name=\"79\"><span class=\"versanumer\">79<\/span><\/a>Hans g\u00e1fa var: silfurfat, \u00fea\u00f0 v\u00f3g 130 sikla silfurs; silfursk\u00e1l, 70 sikla silfurs, eftir helgid\u00f3mssikli; hv\u00f6rttveggja fullt me\u00f0 hveitimj\u00f6l, til matoffurs;<a name=\"80\"><span class=\"versanumer\">80<\/span><\/a>bolli, 10 siklar gulls, fullur me\u00f0 reykelsi;<a name=\"81\"><span class=\"versanumer\">81<\/span><\/a>ungur boli, hr\u00fatur, \u00e1rsgamalt lamb, til brennif\u00f3rnar;<a name=\"82\"><span class=\"versanumer\">82<\/span><\/a>geithafur til syndaf\u00f3rnar;<a name=\"83\"><span class=\"versanumer\">83<\/span><\/a>og til \u00feakkarf\u00f3rnar 2 naut, 5 hr\u00fatar, 5 kjarnhafrar, 5 l\u00f6mb \u00e1rsg\u00f6mul. \u00deetta var g\u00e1fa Ah\u00edra, sonar Enans. <br \/><a name=\"84\"><span class=\"versanumer\">84<\/span><\/a>\u00deetta var altarisins v\u00edgslug\u00e1fa, daginn sem \u00fea\u00f0 var smurt, af \u00cdsraels h\u00f6fu\u00f0smanna hendi: 12 silfurf\u00f6t, 12 silfursk\u00e1lar, 12 gullbollar;<a name=\"85\"><span class=\"versanumer\">85<\/span><\/a>130 siklar silfurs hv\u00f6rt fat, og 70 siklar silfurs hv\u00f6r sk\u00e1l; allt silfur \u00e1haldanna 2.400 siklar silfurs eftir helgid\u00f3mssikli.<br \/><a name=\"86\"><span class=\"versanumer\">86<\/span><\/a>12 gullbollar, fullir af reykelsi, hv\u00f6r bolli 10 siklar, eftir helgid\u00f3mssikli; allt gull bollanna 120 siklar.<a name=\"87\"><span class=\"versanumer\">87<\/span><\/a>\u00d6ll naut til brennif\u00f3rnar 12 bolar, 12 hr\u00fatar, 12 l\u00f6mb \u00e1rsg\u00f6mul og matoffri\u00f0 a\u00f0 auk, og 12 geithafrar til syndaf\u00f3rnar.<a name=\"88\"><span class=\"versanumer\">88<\/span><\/a>Og \u00f6ll naut til \u00feakkarf\u00f3rnar 24ir bolar, 60 hr\u00fatar, 60 kjarnhafrar, 60 l\u00f6mb \u00e1rsg\u00f6mul. \u00deetta var v\u00edgslug\u00e1fa altarisins, eftir a\u00f0 \u00fea\u00f0 var smurt <span class='VideyAth'>(v\u00edgt)<\/span>. <br \/><a name=\"89\"><span class=\"versanumer\">89<\/span><\/a>Og \u00feegar M\u00f3ses gekk inn \u00ed samkundutjaldi\u00f0, til a\u00f0 tala vi\u00f0 hann <span class='VideyAth'>(Drottin)<\/span> svo heyr\u00f0i hann raustina sem vi\u00f0 hann tala\u00f0i fr\u00e1 lokinu, er var \u00e1 l\u00f6gm\u00e1ls\u00f6rkinni, milli beggja ker\u00fabanna, og hann tala\u00f0i vi\u00f0 hann. 2 Msb 25,21.22.<\/p>\n<div class=\"footnoteVidey\"><\/div>\n","protected":false},"excerpt":{"rendered":"<p>V\u00edgslugjafir \u00feeirra 12 h\u00f6fu\u00f0smanna. 1\u00de\u00e1 M\u00f3ses reisti b\u00fa\u00f0ina og smur\u00f0i hana og v\u00edg\u00f0i og \u00f6ll hennar \u00e1h\u00f6ld, og altari\u00f0 og \u00f6ll \u00feess \u00e1h\u00f6ld, \u00fe\u00e1 hann smur\u00f0i \u00feetta og v\u00edg\u00f0i2\u00fe\u00e1 komu \u00cdsraels h\u00f6fu\u00f0smenn, h\u00f6f\u00f0ingjar sinna \u00e6tta, yfirmenn \u00e6ttkv\u00edslanna, \u00feeir sem \u00fe\u00e1 voru fyrir \u00feeim t\u00f6ldu,3\u00feeir komu me\u00f0 gjafir fram fyrir Drottin: 6 vagna og 12 naut, einn vagn fyrir hv\u00f6rja tvo h\u00f6fu\u00f0smenn, og naut fyrir hv\u00f6rn \u00feeirra; \u00feeir komu me\u00f0 \u00feetta fram fyrir b\u00fa\u00f0ina.4Og Drottinn sag\u00f0i vi\u00f0 M\u00f3ses:5tak \u00fe\u00fa vi\u00f0 \u00feessu af \u00feeim, og \u00fea\u00f0 s\u00e9 til \u00fe\u00e9nustu vi\u00f0 samkundutjaldi\u00f0, og f\u00e1 \u00fe\u00fa \u00feetta Lev\u00edtunum eftir tilt\u00f6lu \u00feeirra \u00fej\u00f3nustu.6\u00de\u00e1 t\u00f3k M\u00f3ses <a href=\"https:\/\/biblian.is\/videy\/fjorda-mosebok-7-kafli\/\"> [&#8230;]<\/a><\/p>\n","protected":false},"author":1,"featured_media":0,"parent":0,"menu_order":0,"comment_status":"open","ping_status":"open","template":"bibliukaflar.php","meta":{"footnotes":""},"class_list":["post-20973","page","type-page","status-publish","hentry"],"_links":{"self":[{"href":"https:\/\/biblian.is\/videy\/wp-json\/wp\/v2\/pages\/20973","targetHints":{"allow":["GET"]}}],"collection":[{"href":"https:\/\/biblian.is\/videy\/wp-json\/wp\/v2\/pages"}],"about":[{"href":"https:\/\/biblian.is\/videy\/wp-json\/wp\/v2\/types\/page"}],"author":[{"embeddable":true,"href":"https:\/\/biblian.is\/videy\/wp-json\/wp\/v2\/users\/1"}],"replies":[{"embeddable":true,"href":"https:\/\/biblian.is\/videy\/wp-json\/wp\/v2\/comments?post=20973"}],"version-history":[{"count":0,"href":"https:\/\/biblian.is\/videy\/wp-json\/wp\/v2\/pages\/20973\/revisions"}],"wp:attachment":[{"href":"https:\/\/biblian.is\/videy\/wp-json\/wp\/v2\/media?parent=20973"}],"curies":[{"name":"wp","href":"https:\/\/api.w.org\/{rel}","templated":true}]}}