{"id":20972,"date":"2018-01-02T00:59:46","date_gmt":"2018-01-02T00:59:46","guid":{"rendered":"http:\/\/biblian.is\/videy\/fjorda-mosebok-6-kafli\/"},"modified":"2018-01-02T00:59:46","modified_gmt":"2018-01-02T00:59:46","slug":"fjorda-mosebok-6-kafli","status":"publish","type":"page","link":"https:\/\/biblian.is\/videy\/fjorda-mosebok-6-kafli\/","title":{"rendered":"Fj\u00f3r\u00f0a M\u00f3seb\u00f3k 6. kafli"},"content":{"rendered":"<div class=\"fyrirsognVidey\">Um Nasarea. Arons blessan.<\/div>\n<p><a name=\"1\"><span class=\"versanumer\">1<\/span><\/a>Og Drottinn tala\u00f0i vi\u00f0 M\u00f3ses og m\u00e6lti:<a name=\"2\"><span class=\"versanumer\">2<\/span><\/a>tala \u00fe\u00fa vi\u00f0 \u00cdsraelssonu og seg \u00feeim: \u00feegar ma\u00f0ur nokkur e\u00f0a kona gj\u00f6rir Drottni helgunarheit, a\u00f0 helga sig;<a name=\"3\"><span class=\"versanumer\">3<\/span><\/a>svo skal hann varast a\u00f0 drekka v\u00edn og sterkan drykk; hann skal hv\u00f6rki drekka s\u00far af v\u00edni n\u00e9 s\u00far af sterkum drykk, og enga v\u00ednberjasaft m\u00e1 hann drekka, og v\u00ednber fersk og \u00feurr skal hann ekki eta.<a name=\"4\"><span class=\"versanumer\">4<\/span><\/a>Allan t\u00edma sinnar helgunar m\u00e1 hann ekkert eta af \u00f6llu \u00fev\u00ed, sem gj\u00f6rt er af v\u00ednvi\u00f0i, allt fr\u00e1 kjarnanum til h\u00fd\u00f0isins.<a name=\"5\"><span class=\"versanumer\">5<\/span><\/a>Allan t\u00edma s\u00edns helgunarheitis skal enginn rakhn\u00edfur koma \u00e1 hans h\u00f6fu\u00f0; \u00feanga\u00f0 til \u00feeir dagar eru allir, sem hann hefir Drottni heiti\u00f0, skal hann vera helgur, h\u00f6fu\u00f0h\u00e1r sitt l\u00e1ti hann vaxa me\u00f0 frelsi.<a name=\"6\"><span class=\"versanumer\">6<\/span><\/a>Allan \u00feann t\u00edma er hann hefir helga\u00f0 Drottni, skal hann ekki koma a\u00f0 l\u00edki dau\u00f0s manns.<a name=\"7\"><span class=\"versanumer\">7<\/span><\/a>Vegna f\u00f6\u00f0ur s\u00edns, vegna m\u00f3\u00f0ur s\u00edns, vegna br\u00f3\u00f0ur s\u00edns og vegna systur sinnar, \u00feeirra vegna skal hann ekki saurga sig, \u00fe\u00f3 \u00feau deyi, \u00fev\u00ed helgun hans Gu\u00f0s er \u00e1 hans h\u00f6f\u00f0i.<a name=\"8\"><span class=\"versanumer\">8<\/span><\/a>Allan t\u00edma sinnar helgunar er hann Drottni helga\u00f0ur.<a name=\"9\"><span class=\"versanumer\">9<\/span><\/a>Og skyldi einhv\u00f6r ma\u00f0ur ver\u00f0a br\u00e1\u00f0kvaddur hj\u00e1 honum sn\u00f6gglega, svo a\u00f0 hans helga\u00f0a h\u00e1r saurgast, svo skeri hann h\u00e1r sitt \u00e1 s\u00ednum hreinsunardegi; \u00e1 sj\u00f6unda degi skal hann \u00fea\u00f0 skera.<a name=\"10\"><span class=\"versanumer\">10<\/span><\/a>Og \u00e1 8da degi skal hann f\u00e6ra prestinum tv\u00e6r turtild\u00fafur, e\u00f0a tvo d\u00fafuunga, til dyra samkundutjaldsins.<a name=\"11\"><span class=\"versanumer\">11<\/span><\/a>Og presturinn skal offra annarri sem syndaf\u00f3rn og annarri sem brennif\u00f3rn, og fri\u00f0\u00fe\u00e6gja fyrir hann, vegna \u00feess hann hefir syndgast \u00e1 l\u00edki; og svo helgi hann h\u00f6fu\u00f0 sitt \u00e1 \u00feeim sama degi<a name=\"12\"><span class=\"versanumer\">12<\/span><\/a>og helgi Drottni <span class='VideyAth'>(ennframar)<\/span> t\u00edma sinnar helgunar og komi me\u00f0 \u00e1rsgamalt lamb til sektarf\u00f3rnar. S\u00e1 fyrri t\u00edmi er tapa\u00f0ur, \u00fev\u00ed hans helgun er saurgu\u00f0.<a name=\"13\"><span class=\"versanumer\">13<\/span><\/a>\u00deetta er l\u00f6gm\u00e1li\u00f0 um \u00feann helga\u00f0a. \u00deegar dagar hans helgunar eru li\u00f0nir, skulu menn lei\u00f0a hann a\u00f0 dyrum samkundutjaldsins;<a name=\"14\"><span class=\"versanumer\">14<\/span><\/a>og hann f\u00e6ri Drottni s\u00edna f\u00f3rnarg\u00e1fu, \u00e1rsgamalt lamb, l\u00fdtalaust, til brennif\u00f3rnar, \u00e1rsgamla gimbur til syndaf\u00f3rnar og hr\u00fat l\u00fdtalausan til \u00feakkarf\u00f3rnar,<a name=\"15\"><span class=\"versanumer\">15<\/span><\/a>og k\u00f6rfu me\u00f0 \u00f3s\u00fdr\u00f0ar k\u00f6kur \u00far hveitimj\u00f6li, sem vi\u00f0smj\u00f6ri s\u00e9 hellt yfir, og \u00f3s\u00fdr\u00f0 flatbrau\u00f0, smur\u00f0 me\u00f0 vi\u00f0smj\u00f6ri, og \u00fear a\u00f0 auki matoffur og drykkjaroffur.<a name=\"16\"><span class=\"versanumer\">16<\/span><\/a>Og presturinn beri \u00fea\u00f0 fram fyrir Drottin, og starfi a\u00f0 syndaf\u00f3rninni og brennif\u00f3rninni.<a name=\"17\"><span class=\"versanumer\">17<\/span><\/a>Og hr\u00fatinn skal hann f\u00f3rnf\u00e6ra Drottni sem \u00feakkarf\u00f3rn me\u00f0 k\u00f6rfunni af \u00fev\u00ed \u00f3s\u00fdr\u00f0a, og hann skal frambera matoffri\u00f0 og drykkjaroffri\u00f0.<a name=\"18\"><span class=\"versanumer\">18<\/span><\/a>Og s\u00e1 helga\u00f0i skeri sitt helga\u00f0a h\u00e1r, fyrir dyrum samkundutjaldsins, og taki sitt helga\u00f0a h\u00f6fu\u00f0h\u00e1r og leggi \u00fea\u00f0 \u00e1 eldinn, sem logar undir \u00feakkarf\u00f3rninni.<a name=\"19\"><span class=\"versanumer\">19<\/span><\/a>Og presturinn taki \u00feann so\u00f0na b\u00f3g af hr\u00fatnum og eina \u00f3s\u00fdr\u00f0a k\u00f6ku \u00far k\u00f6rfunni og eitt \u00f3s\u00fdrt flatbrau\u00f0, og leggi \u00fea\u00f0 hi\u00f0 sama \u00ed h\u00f6nd \u00feess helga\u00f0a eftir a\u00f0 hann hefir skori\u00f0 sitt hi\u00f0 helga\u00f0a <span class='VideyAth'>(h\u00e1r)<\/span>.<a name=\"20\"><span class=\"versanumer\">20<\/span><\/a>Og presturinn veifi hinu sama sem veifun fyrir Drottni; \u00fea\u00f0 er prestinum heilagt <span class='VideyAth'>(hann \u00e1 \u00fea\u00f0)<\/span> auk veifunarbringunnar og auk veifunarl\u00e6rsins; og eftir \u00fea\u00f0 m\u00e1 s\u00e1 helga\u00f0i drekka v\u00edn.<a name=\"21\"><span class=\"versanumer\">21<\/span><\/a>\u00deetta eru l\u00f6gin um \u00feann helga\u00f0a, sem hefir heiti\u00f0 Drottni f\u00f3rnarg\u00e1fu vegna sinnar helgunar, auk \u00feeirrar hvar til hans eigur hr\u00f6kkva; eftir s\u00ednu heiti, sem hann hefir gj\u00f6rt, \u00fear eftir ver\u00f0ur hann a\u00f0 gj\u00f6ra, fram yfir helgunarl\u00f6gm\u00e1li\u00f0. <br \/><a name=\"22\"><span class=\"versanumer\">22<\/span><\/a>Og Drottinn tala\u00f0i vi\u00f0 M\u00f3ses og m\u00e6lti:<a name=\"23\"><span class=\"versanumer\">23<\/span><\/a>tala \u00fe\u00fa vi\u00f0 Aron og hans syni og seg: svona skulu\u00f0 \u00fe\u00e9r blessa \u00cdsraelssyni: segi\u00f0 til \u00feeirra:<a name=\"24\"><span class=\"versanumer\">24<\/span><\/a>Drottinn blessi \u00feig og var\u00f0veiti \u00feig;<a name=\"25\"><span class=\"versanumer\">25<\/span><\/a>Drottinn l\u00e1ti sitt auglit l\u00fdsa \u00fe\u00e9r, og s\u00e9 \u00fe\u00e9r n\u00e1\u00f0ugur!<a name=\"26\"><span class=\"versanumer\">26<\/span><\/a>Drottinn lyfti s\u00ednu augliti til \u00fe\u00edn og gefi \u00fe\u00e9r fri\u00f0!<a name=\"27\"><span class=\"versanumer\">27<\/span><\/a>Og <span class='VideyAth'>(svona)<\/span> skulu \u00feeir leggja mitt nafn yfir \u00cdsraelssyni, og eg vil blessa \u00fe\u00e1.<\/p>\n<div class=\"footnoteVidey\"><\/div>\n","protected":false},"excerpt":{"rendered":"<p>Um Nasarea. Arons blessan. 1Og Drottinn tala\u00f0i vi\u00f0 M\u00f3ses og m\u00e6lti:2tala \u00fe\u00fa vi\u00f0 \u00cdsraelssonu og seg \u00feeim: \u00feegar ma\u00f0ur nokkur e\u00f0a kona gj\u00f6rir Drottni helgunarheit, a\u00f0 helga sig;3svo skal hann varast a\u00f0 drekka v\u00edn og sterkan drykk; hann skal hv\u00f6rki drekka s\u00far af v\u00edni n\u00e9 s\u00far af sterkum drykk, og enga v\u00ednberjasaft m\u00e1 hann drekka, og v\u00ednber fersk og \u00feurr skal hann ekki eta.4Allan t\u00edma sinnar helgunar m\u00e1 hann ekkert eta af \u00f6llu \u00fev\u00ed, sem gj\u00f6rt er af v\u00ednvi\u00f0i, allt fr\u00e1 kjarnanum til h\u00fd\u00f0isins.5Allan t\u00edma s\u00edns helgunarheitis skal enginn rakhn\u00edfur koma \u00e1 hans h\u00f6fu\u00f0; \u00feanga\u00f0 til \u00feeir dagar eru allir, <a href=\"https:\/\/biblian.is\/videy\/fjorda-mosebok-6-kafli\/\"> [&#8230;]<\/a><\/p>\n","protected":false},"author":1,"featured_media":0,"parent":0,"menu_order":0,"comment_status":"open","ping_status":"open","template":"bibliukaflar.php","meta":{"footnotes":""},"class_list":["post-20972","page","type-page","status-publish","hentry"],"_links":{"self":[{"href":"https:\/\/biblian.is\/videy\/wp-json\/wp\/v2\/pages\/20972","targetHints":{"allow":["GET"]}}],"collection":[{"href":"https:\/\/biblian.is\/videy\/wp-json\/wp\/v2\/pages"}],"about":[{"href":"https:\/\/biblian.is\/videy\/wp-json\/wp\/v2\/types\/page"}],"author":[{"embeddable":true,"href":"https:\/\/biblian.is\/videy\/wp-json\/wp\/v2\/users\/1"}],"replies":[{"embeddable":true,"href":"https:\/\/biblian.is\/videy\/wp-json\/wp\/v2\/comments?post=20972"}],"version-history":[{"count":0,"href":"https:\/\/biblian.is\/videy\/wp-json\/wp\/v2\/pages\/20972\/revisions"}],"wp:attachment":[{"href":"https:\/\/biblian.is\/videy\/wp-json\/wp\/v2\/media?parent=20972"}],"curies":[{"name":"wp","href":"https:\/\/api.w.org\/{rel}","templated":true}]}}