{"id":20970,"date":"2018-01-02T00:59:46","date_gmt":"2018-01-02T00:59:46","guid":{"rendered":"http:\/\/biblian.is\/videy\/fjorda-mosebok-4-kafli\/"},"modified":"2018-01-02T00:59:46","modified_gmt":"2018-01-02T00:59:46","slug":"fjorda-mosebok-4-kafli","status":"publish","type":"page","link":"https:\/\/biblian.is\/videy\/fjorda-mosebok-4-kafli\/","title":{"rendered":"Fj\u00f3r\u00f0a M\u00f3seb\u00f3k 4. kafli"},"content":{"rendered":"<div class=\"fyrirsognVidey\">Tala og emb\u00e6tti Lev\u00edtanna.<\/div>\n<p><a name=\"1\"><span class=\"versanumer\">1<\/span><\/a>Og Drottinn tala\u00f0i vi\u00f0 M\u00f3ses og Aron og m\u00e6lti:<a name=\"2\"><span class=\"versanumer\">2<\/span><\/a>taki\u00f0 t\u00f6lu Kahatssona me\u00f0al Lev\u00edsona, eftir \u00feeirra kyn\u00fe\u00e1ttum og \u00e6ttfe\u00f0rum,<a name=\"3\"><span class=\"versanumer\">3<\/span><\/a>fr\u00e1 \u00fer\u00edtugsaldri og \u00fear yfir allt til fimmtugs, alla sem \u00ed str\u00ed\u00f0 geta gengi\u00f0 <span class='VideyAth'>*)<\/span>, til \u00feess a\u00f0 starfa vi\u00f0 samkundutjaldi\u00f0.<a name=\"4\"><span class=\"versanumer\">4<\/span><\/a>\u00dej\u00f3nusta Kahatssona vi\u00f0 samkundutjaldi\u00f0 er: \u00fea\u00f0 allrahelgasta.<a name=\"5\"><span class=\"versanumer\">5<\/span><\/a>Og \u00feegar herinn tekur sig upp, skulu \u00feeir Aron og synir hans ganga inn og taka ni\u00f0ur fortjaldi\u00f0 og vefja \u00fev\u00ed utan um l\u00f6gm\u00e1ls\u00f6rkina,<a name=\"6\"><span class=\"versanumer\">6<\/span><\/a>og skulu l\u00e1ta \u00fear utan um selskinn, og brei\u00f0a d\u00fak \u00far bl\u00e1um purpura yfir, og festa \u00fear vi\u00f0 stangirnar.<a name=\"7\"><span class=\"versanumer\">7<\/span><\/a>Og yfir sko\u00f0unarbrau\u00f0abor\u00f0i\u00f0 skulu \u00feeir brei\u00f0a d\u00fak \u00far bl\u00e1um purpura, \u00fear \u00e1 skulu \u00feeir leggja f\u00f6tin, bollana og sk\u00e1larnar, og \u00feakkarf\u00f3rnak\u00f6nnuna, og \u00fea\u00f0 \u00e6varandi brau\u00f0 skal vera \u00e1 \u00fev\u00ed.<a name=\"8\"><span class=\"versanumer\">8<\/span><\/a>\u00dear yfir skulu \u00feeir brei\u00f0a rau\u00f0an d\u00fak, og \u00feekja me\u00f0 selskinni, og festa \u00fear vi\u00f0 stangirnar.<a name=\"9\"><span class=\"versanumer\">9<\/span><\/a>Og \u00feeir skulu taka d\u00fak af bl\u00e1um purpura og vefja innan \u00ed hann hj\u00e1lminn, og hans lampa og hans skarb\u00edti, og skarp\u00f6nnur og \u00f6ll vi\u00f0smj\u00f6rskerin me\u00f0 hv\u00f6rjum menn gegna \u00fej\u00f3nustunni, honum vi\u00f0v\u00edkjandi,<a name=\"10\"><span class=\"versanumer\">10<\/span><\/a>og skulu sveipa hann og \u00f6ll hans \u00e1h\u00f6ld me\u00f0 selskinni, og leggja \u00e1 stangirnar.<a name=\"11\"><span class=\"versanumer\">11<\/span><\/a>Og yfir \u00fea\u00f0 gullb\u00fana altari skulu \u00feeir brei\u00f0a bl\u00e1an <span class='VideyAth'>(purpura)<\/span>d\u00fak og \u00feekja \u00fea\u00f0 me\u00f0 selskinnsfeldi, og festa \u00fear vi\u00f0 stangirnar.<a name=\"12\"><span class=\"versanumer\">12<\/span><\/a>Og \u00f6ll t\u00f3l \u00fej\u00f3nustugj\u00f6r\u00f0arinnar, me\u00f0 hv\u00f6rjum menn vinna a\u00f0 \u00fej\u00f3nustugj\u00f6r\u00f0inni \u00ed helgid\u00f3minum, skulu \u00feeir taka, og \u00feeir skulu leggja \u00feau innan \u00ed d\u00fak af bl\u00e1um purpura og \u00feekja me\u00f0 selskinnsfeldi, og leggja \u00e1 stangirnar,<a name=\"13\"><span class=\"versanumer\">13<\/span><\/a>og \u00feeir skulu l\u00edka s\u00f3pa \u00f6skunni af altarinu, og brei\u00f0a yfir \u00fea\u00f0 purpurad\u00fak,<a name=\"14\"><span class=\"versanumer\">14<\/span><\/a>og leggja \u00e1 \u00fea\u00f0 \u00f6ll \u00feess \u00e1h\u00f6ld me\u00f0 hv\u00f6rjum \u00fej\u00f3nustugj\u00f6r\u00f0inni \u00e1 \u00fev\u00ed er gegnt, gl\u00f3\u00f0arkerin, so\u00f0kr\u00f3kana, ausurnar og bollana, \u00f6ll \u00e1h\u00f6ld altarisins, og skulu \u00feeir leggja yfir \u00fea\u00f0 selskinnsfeld og festa \u00fear vi\u00f0 stangirnar;<a name=\"15\"><span class=\"versanumer\">15<\/span><\/a>og \u00feegar Aron og synir hans eru b\u00fanir a\u00f0 b\u00faa um helgid\u00f3minn og \u00f6ll helgid\u00f3msins \u00e1h\u00f6ld, \u00fe\u00e1 herb\u00fa\u00f0irnar skulu flytjast, skulu Kahatssynir koma til a\u00f0 bera \u00feetta; en \u00feeir mega ei snerta helgid\u00f3minn og deyja, <span class='VideyAth'>(a\u00f0 ei deyi \u00feeir)<\/span> \u00fea\u00f0 hafa Kahatssynir a\u00f0 bera af samkundutjaldb\u00fa\u00f0inni.<a name=\"16\"><span class=\"versanumer\">16<\/span><\/a>Og Eleasar sonur Arons prests, hefir umsj\u00f3n yfir ol\u00edunni til lj\u00f3sahj\u00e1lmsins og ilmreykelsinu, \u00fev\u00ed jafna\u00f0arlega matoffri og smurningarvi\u00f0smj\u00f6rinu, og umsj\u00f3n yfir allri b\u00fa\u00f0inni og \u00f6llu sem \u00ed henni er, helgid\u00f3minum og hans \u00e1h\u00f6ldum. <br \/><a name=\"17\"><span class=\"versanumer\">17<\/span><\/a>Og Drottinn tala\u00f0i vi\u00f0 M\u00f3ses og Aron og m\u00e6lti:<a name=\"18\"><span class=\"versanumer\">18<\/span><\/a>L\u00e1ti\u00f0 ekki kyn\u00fe\u00e1tt Kahat\u00edtanna fyrirfarast \u00far Lev\u00edtanna \u00e6ttum,<a name=\"19\"><span class=\"versanumer\">19<\/span><\/a>heldur fari\u00f0 svona me\u00f0 \u00fe\u00e1, a\u00f0 \u00feeir lifi og deyi ekki, ef \u00feeir koma n\u00e6rri \u00fev\u00ed allrahelgasta; Arons og hans synir skulu ganga inn, og skipa s\u00e9rhv\u00f6rjum s\u00edna \u00fej\u00f3nustu og sinn bur\u00f0;<a name=\"20\"><span class=\"versanumer\">20<\/span><\/a>en \u00feeir skulu ekki sj\u00e1lfir ganga inn og ekki eitt augnablik sj\u00e1 helgid\u00f3minn, og deyja, <span class='VideyAth'>(a\u00f0 ei deyi \u00feeir)<\/span>.<a name=\"21\"><span class=\"versanumer\">21<\/span><\/a>Og Drottinn tala\u00f0i vi\u00f0 M\u00f3ses og sag\u00f0i:<a name=\"22\"><span class=\"versanumer\">22<\/span><\/a>tel \u00fe\u00fa l\u00edka Gersonssyni eftir \u00feeirra \u00e6ttfe\u00f0rum og kyn\u00fe\u00e1ttum,<a name=\"23\"><span class=\"versanumer\">23<\/span><\/a>fr\u00e1 \u00fer\u00edtugsaldri og \u00fear yfir, allt til fimmtugs skaltu \u00fe\u00e1 telja, <span class='VideyAth'>(alla sem f\u00e6rir eru til str\u00ed\u00f0s\u00fe\u00e9nustu)<\/span> a\u00f0 \u00feeir gegni <span class='VideyAth'>(\u00fej\u00f3nustugj\u00f6r\u00f0inni)<\/span> vi\u00f0 samkundutjaldb\u00fa\u00f0ina.<a name=\"24\"><span class=\"versanumer\">24<\/span><\/a>\u00deessi er \u00fej\u00f3nustu Gerson\u00edta kyn\u00fe\u00e1ttsins, a\u00f0 gj\u00f6ra og bera:<a name=\"25\"><span class=\"versanumer\">25<\/span><\/a>\u00feeir skulu bera d\u00faka b\u00fa\u00f0arinnar, og samkundutjaldi\u00f0, og hennar \u00feak, og selskinna\u00feaki\u00f0 sem er utan yfir hinu, og d\u00fakinn sem er fyrir dyrum samkundutjaldsins,<a name=\"26\"><span class=\"versanumer\">26<\/span><\/a>og langtj\u00f6ld forgar\u00f0sins, og d\u00fakinn fyrir inngangi forgar\u00f0sins, sem er allt \u00ed kringum b\u00fa\u00f0ina og altari\u00f0, og \u00feeirra st\u00f6g, og \u00f6ll \u00feau \u00e1h\u00f6ld sem h\u00e9r til heyra, og \u00feeir skulu gegna \u00f6llu \u00fev\u00ed sem \u00fear a\u00f0 l\u00fatandi er a\u00f0 gj\u00f6ra.<a name=\"27\"><span class=\"versanumer\">27<\/span><\/a>Eftir bo\u00f0i Arons og hans sona skal \u00f6ll \u00fej\u00f3nusta Gersonssona framfara, allt sem \u00feeir eiga a\u00f0 bera og allt sem \u00feeir eiga a\u00f0 gj\u00f6ra, og \u00fe\u00e9r skulu\u00f0 fela \u00feeim til um\u00f6nnunar \u00fea\u00f0 sem \u00feeir eiga a\u00f0 bera.<a name=\"28\"><span class=\"versanumer\">28<\/span><\/a>\u00deetta er \u00fej\u00f3nusta kyn\u00fe\u00e1tta Gersonssona, vi\u00f0v\u00edkjandi samkundutjaldinu, og \u00feeirra s\u00fdslan s\u00e9 undir umsj\u00f3n \u00cdtamars, sonar Arons prests.<br \/><a name=\"29\"><span class=\"versanumer\">29<\/span><\/a>Sonu Meraris, eftir \u00feeirra kyn\u00fe\u00e1ttum og \u00e6ttfe\u00f0rum, skaltu l\u00edka telja:<a name=\"30\"><span class=\"versanumer\">30<\/span><\/a>fr\u00e1 \u00fer\u00edtugsaldri og \u00fear yfir allt til fimmtugs skaltu \u00fe\u00e1 telja, \u00fe\u00e1 sem ganga a\u00f0 \u00fej\u00f3nustunni til a\u00f0 starfa vi\u00f0 samkundutjaldi\u00f0.<a name=\"31\"><span class=\"versanumer\">31<\/span><\/a>Og \u00feetta hafa \u00feeir a\u00f0 annast og bera, sem er \u00f6ll \u00feeirra \u00fej\u00f3nusta vi\u00f0 samkundutjaldi\u00f0: fjalir b\u00fa\u00f0arinnar og \u00feeirra nagla og \u00feeirra sto\u00f0ir og palla,<br \/><a name=\"32\"><span class=\"versanumer\">32<\/span><\/a>og st\u00f3lpa forgar\u00f0sins allt um kring, og \u00feeirra palla og \u00feeirra h\u00e6la og \u00feeirra st\u00f6g, \u00f6ll \u00feeirra \u00e1h\u00f6ld, og allt \u00feeim tilheyrandi, og me\u00f0 t\u00f6lu <span class='VideyAth'>(nafni)<\/span> skulu\u00f0 \u00fe\u00e9r afhenda \u00feeim \u00feau \u00e1h\u00f6ld sem \u00feeir eiga a\u00f0 annast og bera.<a name=\"33\"><span class=\"versanumer\">33<\/span><\/a>\u00deetta er \u00fej\u00f3nusta Merarissona kyn\u00fe\u00e1tta, \u00f6ll \u00feeirra \u00fej\u00f3nusta vi\u00f0 samkundutjaldi\u00f0, undir umsj\u00f3n \u00cdtamars, sonar Arons prests.<br \/><a name=\"34\"><span class=\"versanumer\">34<\/span><\/a>Og svo k\u00f6nnu\u00f0u \u00feeir M\u00f3ses og Aron og h\u00f6fu\u00f0smenn safna\u00f0arins syni Kahat\u00edtanna eftir \u00feeirra kyn\u00fe\u00e1ttum og \u00e6ttfe\u00f0rum,<a name=\"35\"><span class=\"versanumer\">35<\/span><\/a>\u00fer\u00edtuga og \u00fear yfir allt til fimmtugs, alla sem gengu \u00ed r\u00f6\u00f0ina til \u00fej\u00f3nustu vi\u00f0 samkundutjaldi\u00f0.<a name=\"36\"><span class=\"versanumer\">36<\/span><\/a>Og \u00feeir k\u00f6nnu\u00f0u voru eftir \u00feeirra kyn\u00fe\u00e1ttum 2.750.<a name=\"37\"><span class=\"versanumer\">37<\/span><\/a>\u00dea\u00f0 voru \u00feeir t\u00f6ldu af kyn\u00fe\u00e1ttum Kahat\u00edtanna, allir sem \u00fe\u00e1 \u00fej\u00f3nu\u00f0u vi\u00f0 samkundutjaldi\u00f0, sem \u00feeir M\u00f3ses og Aron t\u00f6ldu, eftir skipun Drottins fyrir <span class='VideyAth'>(millig\u00f6ngu)<\/span> M\u00f3ses.<a name=\"38\"><span class=\"versanumer\">38<\/span><\/a>Og \u00feeir k\u00f6nnu\u00f0u af sonum Gersons eftir \u00feeirra kyn\u00fe\u00e1ttum og eftir \u00feeirra \u00e6ttfe\u00f0rum,<a name=\"39\"><span class=\"versanumer\">39<\/span><\/a>fr\u00e1 \u00fer\u00edtugsaldri og \u00fear yfir, allt til fimmtugs, allir sem gengu \u00ed r\u00f6\u00f0ina til \u00fej\u00f3nustu vi\u00f0 samkundutjaldi\u00f0,<a name=\"40\"><span class=\"versanumer\">40<\/span><\/a>\u00feeir k\u00f6nnu\u00f0u af \u00feeim eftir \u00feeirra kyn\u00fe\u00e1ttum og \u00e6ttfe\u00f0rum, voru 2.630.<a name=\"41\"><span class=\"versanumer\">41<\/span><\/a>\u00dea\u00f0 voru \u00feeir k\u00f6nnu\u00f0u af kyn\u00fe\u00e1ttum Gersonssona, sem \u00fe\u00e1 \u00fej\u00f3nu\u00f0u vi\u00f0 samkundutjaldi\u00f0, sem M\u00f3ses og Aron t\u00f6ldu eftir Drottins bo\u00f0i.<a name=\"42\"><span class=\"versanumer\">42<\/span><\/a>Og \u00feeir k\u00f6nnu\u00f0u af Meraris sonum eftir \u00feeirra kyn\u00fe\u00e1ttum og eftir \u00feeirra \u00e6ttfe\u00f0rum,<a name=\"43\"><span class=\"versanumer\">43<\/span><\/a>fr\u00e1 \u00fer\u00edtugsaldri og \u00fear yfir, allt til fimmtugs, allir sem gengu \u00ed r\u00f6\u00f0ina, til a\u00f0 \u00fej\u00f3na vi\u00f0 samkundutjaldi\u00f0,<a name=\"44\"><span class=\"versanumer\">44<\/span><\/a>\u00feeir t\u00f6ldu af \u00feeim voru, eftir \u00feeirra kyn\u00fe\u00e1ttum og \u00e6ttfe\u00f0rum 3.200. <br \/><a name=\"45\"><span class=\"versanumer\">45<\/span><\/a>\u00dea\u00f0 voru \u00feeir k\u00f6nnu\u00f0u af kyn\u00fe\u00e1ttum Meraris sem M\u00f3ses og Aron t\u00f6ldu eftir bo\u00f0i Drottins fyrir <span class='VideyAth'>(millig\u00f6ngu)<\/span> M\u00f3sis.<a name=\"46\"><span class=\"versanumer\">46<\/span><\/a>Allir \u00feeir k\u00f6nnu\u00f0u, sem M\u00f3ses og Aron og h\u00f6fu\u00f0smenn \u00cdsraelsmanna t\u00f6ldu, Lev\u00edtarnir eftir \u00feeirra kyn\u00fe\u00e1ttum og \u00e6ttfe\u00f0rum,<a name=\"47\"><span class=\"versanumer\">47<\/span><\/a>fr\u00e1 \u00fer\u00edtugsaldri og \u00fear yfir allt til fimmtugs, allir sem \u00fe\u00e1 gengu a\u00f0 \u00fev\u00ed a\u00f0 \u00fej\u00f3na vi\u00f0 samkundutjaldi\u00f0, og bera,<a name=\"48\"><span class=\"versanumer\">48<\/span><\/a>\u00feeir voru 8.580.<a name=\"49\"><span class=\"versanumer\">49<\/span><\/a>Eftir bo\u00f0i Drottins, fyrir millig\u00f6ngu M\u00f3sis, voru \u00feeir taldir, hv\u00f6r einn til sinna starfa og s\u00edns bur\u00f0ar, og \u00feeir voru taldir sem Drottinn bau\u00f0 M\u00f3ses <span class='VideyAth'>(a\u00f0 telja)<\/span>.<\/p>\n<div class=\"footnoteVidey\">*) M\u00e1ske r\u00e9ttara: Alla sem gengu \u00ed r\u00f6\u00f0ina, e\u00f0a geta skipst um, til \u00fej\u00f3nustugj\u00f6r\u00f0ar vi\u00f0 samkundutjaldi\u00f0. Sbr. v. 23.30.35.39.43.<\/div>\n","protected":false},"excerpt":{"rendered":"<p>Tala og emb\u00e6tti Lev\u00edtanna. 1Og Drottinn tala\u00f0i vi\u00f0 M\u00f3ses og Aron og m\u00e6lti:2taki\u00f0 t\u00f6lu Kahatssona me\u00f0al Lev\u00edsona, eftir \u00feeirra kyn\u00fe\u00e1ttum og \u00e6ttfe\u00f0rum,3fr\u00e1 \u00fer\u00edtugsaldri og \u00fear yfir allt til fimmtugs, alla sem \u00ed str\u00ed\u00f0 geta gengi\u00f0 *), til \u00feess a\u00f0 starfa vi\u00f0 samkundutjaldi\u00f0.4\u00dej\u00f3nusta Kahatssona vi\u00f0 samkundutjaldi\u00f0 er: \u00fea\u00f0 allrahelgasta.5Og \u00feegar herinn tekur sig upp, skulu \u00feeir Aron og synir hans ganga inn og taka ni\u00f0ur fortjaldi\u00f0 og vefja \u00fev\u00ed utan um l\u00f6gm\u00e1ls\u00f6rkina,6og skulu l\u00e1ta \u00fear utan um selskinn, og brei\u00f0a d\u00fak \u00far bl\u00e1um purpura yfir, og festa \u00fear vi\u00f0 stangirnar.7Og yfir sko\u00f0unarbrau\u00f0abor\u00f0i\u00f0 skulu \u00feeir brei\u00f0a d\u00fak \u00far bl\u00e1um purpura, \u00fear \u00e1 <a href=\"https:\/\/biblian.is\/videy\/fjorda-mosebok-4-kafli\/\"> [&#8230;]<\/a><\/p>\n","protected":false},"author":1,"featured_media":0,"parent":0,"menu_order":0,"comment_status":"open","ping_status":"open","template":"bibliukaflar.php","meta":{"footnotes":""},"class_list":["post-20970","page","type-page","status-publish","hentry"],"_links":{"self":[{"href":"https:\/\/biblian.is\/videy\/wp-json\/wp\/v2\/pages\/20970","targetHints":{"allow":["GET"]}}],"collection":[{"href":"https:\/\/biblian.is\/videy\/wp-json\/wp\/v2\/pages"}],"about":[{"href":"https:\/\/biblian.is\/videy\/wp-json\/wp\/v2\/types\/page"}],"author":[{"embeddable":true,"href":"https:\/\/biblian.is\/videy\/wp-json\/wp\/v2\/users\/1"}],"replies":[{"embeddable":true,"href":"https:\/\/biblian.is\/videy\/wp-json\/wp\/v2\/comments?post=20970"}],"version-history":[{"count":0,"href":"https:\/\/biblian.is\/videy\/wp-json\/wp\/v2\/pages\/20970\/revisions"}],"wp:attachment":[{"href":"https:\/\/biblian.is\/videy\/wp-json\/wp\/v2\/media?parent=20970"}],"curies":[{"name":"wp","href":"https:\/\/api.w.org\/{rel}","templated":true}]}}