{"id":20969,"date":"2018-01-02T00:59:41","date_gmt":"2018-01-02T00:59:41","guid":{"rendered":"http:\/\/biblian.is\/videy\/fjorda-mosebok-3-kafli\/"},"modified":"2018-01-02T00:59:41","modified_gmt":"2018-01-02T00:59:41","slug":"fjorda-mosebok-3-kafli","status":"publish","type":"page","link":"https:\/\/biblian.is\/videy\/fjorda-mosebok-3-kafli\/","title":{"rendered":"Fj\u00f3r\u00f0a M\u00f3seb\u00f3k 3. kafli"},"content":{"rendered":"<div class=\"fyrirsognVidey\">Tala Lev\u00edtanna og \u00feeirra emb\u00e6tti, lausn frumbur\u00f0anna.<\/div>\n<p><a name=\"1\"><span class=\"versanumer\">1<\/span><\/a>\u00deetta er kyn\u00fe\u00e1ttur Arons og M\u00f3sis, um \u00fea\u00f0 leyti sem Drottinn tala\u00f0i vi\u00f0 M\u00f3ses \u00e1 S\u00edna\u00edfjalli.<a name=\"2\"><span class=\"versanumer\">2<\/span><\/a>\u00deetta eru n\u00f6fn Arons sona: s\u00e1 frumgetni Nadab, og Ab\u00edhu, Eleasar og \u00cdtamar.<a name=\"3\"><span class=\"versanumer\">3<\/span><\/a>\u00deetta eru n\u00f6fn Arons sona, hinna smur\u00f0u presta, sem innsettir voru \u00ed prestd\u00e6mi\u00f0.<a name=\"4\"><span class=\"versanumer\">4<\/span><\/a>En \u00feeir d\u00f3u, Nadab og Ab\u00edhu, frammi fyrir Drottni, \u00ed S\u00edna\u00edey\u00f0im\u00f6rku, \u00fe\u00e1 \u00feeir b\u00e1ru fyrir Drottin annarlegan <span class='VideyAth'>(\u00f3v\u00edg\u00f0an)<\/span> eld, og \u00feeir \u00e1ttu enga syni, og svo ur\u00f0u \u00feeir Eleasar og \u00cdtamar prestar, undir umsj\u00f3n f\u00f6\u00f0ur \u00feeirra, Arons.<br \/><a name=\"5\"><span class=\"versanumer\">5<\/span><\/a>Og Drottinn tala\u00f0i vi\u00f0 M\u00f3ses og m\u00e6lti:<a name=\"6\"><span class=\"versanumer\">6<\/span><\/a>kom \u00fe\u00fa hinga\u00f0 me\u00f0 Lev\u00ed \u00e6ttkv\u00edsl, og lei\u00f0 \u00fe\u00fa hana fyrir prestinn Aron, a\u00f0 \u00feeir \u00fej\u00f3ni honum.<a name=\"7\"><span class=\"versanumer\">7<\/span><\/a>Og \u00feeir skulu annast \u00fea\u00f0 sem er a\u00f0 annast, fyrir hann, og fyrir allan s\u00f6fnu\u00f0 samkundutjaldsins, a\u00f0 \u00feeir gegni \u00fej\u00f3nustunni \u00ed tjaldb\u00fa\u00f0inni.<a name=\"8\"><span class=\"versanumer\">8<\/span><\/a>\u00deeir skulu annast \u00f6ll \u00e1h\u00f6ld samkundutjaldsins, og \u00fea\u00f0 sem er a\u00f0 annast fyrir \u00cdsraelssyni, a\u00f0 \u00fe\u00e9r gegni \u00fej\u00f3nustu tjaldb\u00fa\u00f0arinnar.<a name=\"9\"><span class=\"versanumer\">9<\/span><\/a>\u00de\u00fa skalt gefa Aroni og sonum hans Lev\u00edtana, \u00feeir eru honum gefnir \u00far h\u00f3p \u00cdsraelssona til allrar eignar.<a name=\"10\"><span class=\"versanumer\">10<\/span><\/a>Og Aron og hans syni skaltu setja til \u00feess, a\u00f0 \u00feeir annist \u00feeirra prestd\u00e6mi; en s\u00e1 framandi sem kemur \u00fear n\u00e6rri hann skal dey\u00f0ast.<br \/><a name=\"11\"><span class=\"versanumer\">11<\/span><\/a>Og Drottinn tala\u00f0i vi\u00f0 M\u00f3ses og m\u00e6lti:<a name=\"12\"><span class=\"versanumer\">12<\/span><\/a>sj\u00e1! eg hefi af \u00cdsraelssonum teki\u00f0 handa m\u00e9r Lev\u00edtana, \u00ed sta\u00f0inn fyrir alla frumbur\u00f0i af \u00cdsraelssonum, sem opna m\u00f3\u00f0url\u00edfi\u00f0; og m\u00e9r skulu Lev\u00edtarnir tilheyra.<a name=\"13\"><span class=\"versanumer\">13<\/span><\/a>\u00dev\u00ed eg \u00e1 allt frumbori\u00f0; fr\u00e1 \u00feeim t\u00edma, a\u00f0 eg vann \u00e1 \u00f6llu frumbornu \u00ed Egyptalandi, hefi eg helga\u00f0 m\u00e9r frumbori\u00f0 \u00ed \u00cdsrael, af m\u00f6nnum og f\u00e9na\u00f0i; m\u00e9r skal \u00fea\u00f0 tilheyra, m\u00e9r Drottni.<br \/><a name=\"14\"><span class=\"versanumer\">14<\/span><\/a>Og Drottinn tala\u00f0i vi\u00f0 M\u00f3ses \u00ed S\u00edna\u00edey\u00f0im\u00f6rku og sag\u00f0i:<a name=\"15\"><span class=\"versanumer\">15<\/span><\/a>tel \u00fe\u00fa Lev\u00edsyni, eftir \u00feeirra \u00e6ttfe\u00f0rum og kyn\u00fe\u00e1ttum; alla karlkyns, m\u00e1na\u00f0argamla og \u00fear yfir, skaltu telja \u00fe\u00e1.<a name=\"16\"><span class=\"versanumer\">16<\/span><\/a>Og M\u00f3ses taldi \u00fe\u00e1 eftir bo\u00f0i Drottins, eins og honum var skipa\u00f0.<a name=\"17\"><span class=\"versanumer\">17<\/span><\/a>Og \u00feessir voru Lev\u00edsynir eftir \u00feeirra n\u00f6fnum: Gerson og Kahat og Merar\u00ed.<a name=\"18\"><span class=\"versanumer\">18<\/span><\/a>Og \u00feetta eru n\u00f6fn sona Gersons eftir \u00feeirra kyn\u00fe\u00e1ttum: Libni og Simei.<a name=\"19\"><span class=\"versanumer\">19<\/span><\/a>Og synir Kahats eftir \u00feeirra kyn\u00fe\u00e1ttum: Amram og Jesehar, Hebron og \u00dasiel.<a name=\"20\"><span class=\"versanumer\">20<\/span><\/a>Og synir Merar\u00ed eftir \u00feeirra kyn\u00fe\u00e1ttum: Maheli og M\u00fasi, \u00feetta eru kyn\u00fe\u00e6ttir Lev\u00ed eftir \u00feeirra \u00e6ttfe\u00f0rum.<br \/><a name=\"21\"><span class=\"versanumer\">21<\/span><\/a>Af Gerson er \u00e6tt Libn\u00edta og \u00e6tt Sime\u00edta, \u00fea\u00f0 eru kyn\u00fe\u00e6ttir Gerson\u00edtanna.<a name=\"22\"><span class=\"versanumer\">22<\/span><\/a>\u00deeir sem taldir voru, allir karlkyns m\u00e1na\u00f0argamlir og eldri, \u00feeir t\u00f6ldu af \u00feeim voru 7.500.<a name=\"23\"><span class=\"versanumer\">23<\/span><\/a>Kyn\u00fe\u00e6ttir Gerson\u00edtanna tj\u00f6ldu\u00f0u a\u00f0 baki tjaldb\u00fa\u00f0arinnar, vestan til.<a name=\"24\"><span class=\"versanumer\">24<\/span><\/a>Og h\u00f6fu\u00f0sma\u00f0ur Gersons \u00e6ttleggs var Eliasaf, sonur Laels.<a name=\"25\"><span class=\"versanumer\">25<\/span><\/a>\u00dea\u00f0 var s\u00fdslan Gersons sona vi\u00f0 samkundutjaldi\u00f0 <span class='VideyAth'>(a\u00f0 annast)<\/span> b\u00fa\u00f0ina og tjaldi\u00f0, \u00feaki\u00f0 og d\u00fakinn fyrir dyrum samkundutjaldsins,<a name=\"26\"><span class=\"versanumer\">26<\/span><\/a>og forgar\u00f0sins d\u00faka, og forgar\u00f0sdyrad\u00fakinn, hv\u00f6r <span class='VideyAth'>(forgar\u00f0ur)<\/span> var allt \u00ed kringum b\u00fa\u00f0ina og altari\u00f0, og d\u00fakast\u00f6gin og anna\u00f0 tilheyrandi.<br \/><a name=\"27\"><span class=\"versanumer\">27<\/span><\/a>Og af Kahat er \u00e6tt Amram\u00edta og \u00e6tt Jesehar\u00edta, og \u00e6tt Hebron\u00edta og \u00e6tt \u00dasiel\u00edta. \u00deessir eru kyn\u00fe\u00e6ttir Kahat\u00edta.<a name=\"28\"><span class=\"versanumer\">28<\/span><\/a>Eftir t\u00f6lu allra karlkyns, m\u00e1na\u00f0argamalla og eldri 8.600, \u00feeir \u00f6nnu\u00f0ust helgid\u00f3minn.<a name=\"29\"><span class=\"versanumer\">29<\/span><\/a>\u00c6ttleggir Kahatssona, tj\u00f6ldu\u00f0u fyrir sunnan b\u00fa\u00f0ina.<a name=\"30\"><span class=\"versanumer\">30<\/span><\/a>Og h\u00f6fu\u00f0sma\u00f0ur \u00e6ttleggsins Kahat\u00edta kyn\u00fe\u00e1tta, var Elisafan, sonur \u00dasiels.<a name=\"31\"><span class=\"versanumer\">31<\/span><\/a>\u00deeir skyldu annast \u00f6rkina og bor\u00f0i\u00f0 og hj\u00e1lminn og altari\u00f0 og \u00feau helgu \u00e1h\u00f6ld er \u00feeir br\u00faka vi\u00f0 \u00fej\u00f3nustugj\u00f6r\u00f0ina, og fortjaldi\u00f0, og allt sem \u00fear til heyrir.<a name=\"32\"><span class=\"versanumer\">32<\/span><\/a>En yfirma\u00f0ur Lev\u00edtanna h\u00f6fu\u00f0smanna var Eleasar sonur Arons prests, hann haf\u00f0i umsj\u00f3n yfir \u00feeim sem \u00f6nnu\u00f0ust umsorgun helgid\u00f3msins.<br \/><a name=\"33\"><span class=\"versanumer\">33<\/span><\/a>Af Merar\u00ed er \u00e6tt Mahel\u00edta og \u00e6tt M\u00fas\u00edta, \u00feetta eru kyn\u00fe\u00e6ttir Merar\u00edta.<a name=\"34\"><span class=\"versanumer\">34<\/span><\/a>Og \u00feeir t\u00f6ldu af \u00feeim, eftir t\u00f6lu, allir karlkyns, m\u00e1na\u00f0argamlir og eldri, voru 6.200.<a name=\"35\"><span class=\"versanumer\">35<\/span><\/a>Og h\u00f6fu\u00f0sma\u00f0ur \u00e6ttarinnar, Merar\u00edta kyn\u00fe\u00e1tta, var Sur\u00edel sonur Ab\u00edhails. Og \u00feeir tj\u00f6ldu\u00f0u nor\u00f0anmegin vi\u00f0 b\u00fa\u00f0ina.<a name=\"36\"><span class=\"versanumer\">36<\/span><\/a>Og umsj\u00f3n og umhir\u00f0ing Merarissona voru: fjalir b\u00fa\u00f0arinnar, stangir og st\u00f3lpar og \u00f6ll \u00feau t\u00f3l, og allt sem \u00fear til heyr\u00f0i<a name=\"37\"><span class=\"versanumer\">37<\/span><\/a>og st\u00f3lpar forgar\u00f0sins allt um kring, og \u00feeirra pallar, h\u00e6larnir og st\u00f6gin.<a name=\"38\"><span class=\"versanumer\">38<\/span><\/a>Og fyrir framan b\u00fa\u00f0ina, fyrir framan samkundutjaldi\u00f0 a\u00f0 austanver\u00f0u, tj\u00f6ldu\u00f0u M\u00f3ses og Aron og hans synir, sem \u00f6nnu\u00f0ust helgid\u00f3minn fyrir \u00cdsraelssyni; en s\u00e1 framandi sem kom \u00fear n\u00e6rri skyldi dey\u00f0ast.<br \/><a name=\"39\"><span class=\"versanumer\">39<\/span><\/a>Allir \u00feeir t\u00f6ldu Lev\u00edtar, sem M\u00f3ses og Aron h\u00f6f\u00f0u tali\u00f0 eftir bo\u00f0i Drottins, eftir \u00feeirra kyn\u00fe\u00e1ttum, allir karlkyns, m\u00e1na\u00f0argamlir og eldri, voru 22.000.<br \/><a name=\"40\"><span class=\"versanumer\">40<\/span><\/a>Og Drottinn sag\u00f0i vi\u00f0 M\u00f3ses: tel \u00fe\u00fa alla karlkyns frumbur\u00f0i, me\u00f0al \u00cdsraelssona, m\u00e1na\u00f0argamla og eldri, og tak \u00fe\u00fa t\u00f6lu \u00feeirra nafna.<a name=\"41\"><span class=\"versanumer\">41<\/span><\/a>Og tak \u00fe\u00fa m\u00e9r Lev\u00edtana, m\u00e9r Drottni, \u00ed sta\u00f0 frumbur\u00f0anna me\u00f0al \u00cdsraelssona, og f\u00e9na\u00f0 Lev\u00edtanna, \u00ed sta\u00f0inn fyrir allan frumbur\u00f0 \u00cdsraelssona f\u00e9na\u00f0ar.<a name=\"42\"><span class=\"versanumer\">42<\/span><\/a>Og M\u00f3ses taldi, eins og Drottinn bau\u00f0 honum frumbur\u00f0ina me\u00f0al \u00cdsraelssona.<a name=\"43\"><span class=\"versanumer\">43<\/span><\/a>Og \u00fear voru, allir karlkyns frumbur\u00f0ir, eftir t\u00f6lu nafnanna, m\u00e1na\u00f0argamlir og eldri, allir taldir 22.273. <br \/><a name=\"44\"><span class=\"versanumer\">44<\/span><\/a>Og Drottinn tala\u00f0i vi\u00f0 M\u00f3ses, og m\u00e6lti:<a name=\"45\"><span class=\"versanumer\">45<\/span><\/a>tak \u00fe\u00fa Lev\u00edtana \u00ed sta\u00f0inn fyrir alla frumbur\u00f0ina me\u00f0al \u00cdsraelssona, og f\u00e9na\u00f0 Lev\u00edtanna, \u00ed sta\u00f0 \u00feeirra f\u00e9na\u00f0ar, a\u00f0 Lev\u00edtarnir tilheyri m\u00e9r, m\u00e9r Drottni.<a name=\"46\"><span class=\"versanumer\">46<\/span><\/a>En til innlausnar \u00feeirra 273ja, sem eru fleiri en Lev\u00edtarnir, af frumbur\u00f0um \u00cdsraelssona,<a name=\"47\"><span class=\"versanumer\">47<\/span><\/a>skaltu taka 5 sikla fyrir hv\u00f6rt h\u00f6fu\u00f0; eftir helgid\u00f3mssikli skaltu taka, 20 gera fyrir sikil.<a name=\"48\"><span class=\"versanumer\">48<\/span><\/a>Og f\u00e1 \u00fe\u00fa peningana Aroni og hans sonum, lausnargjald fyrir \u00fe\u00e1 sem umfram voru.<a name=\"49\"><span class=\"versanumer\">49<\/span><\/a>Svo t\u00f3k M\u00f3ses lausnargjaldi\u00f0 af \u00feeim sem umfram voru, innlausn Lev\u00edtanna;<a name=\"50\"><span class=\"versanumer\">50<\/span><\/a>af frumbur\u00f0um \u00cdsraelssona t\u00f3k hann peningana 1.365 sikla, eftir helgid\u00f3mssikli.<a name=\"51\"><span class=\"versanumer\">51<\/span><\/a>Og M\u00f3ses afhenti lausnargjaldi\u00f0 Aroni og sonum hans eftir bo\u00f0i Drottins; eins og Drottinn bau\u00f0 M\u00f3ses.<\/p>\n<div class=\"footnoteVidey\"><\/div>\n","protected":false},"excerpt":{"rendered":"<p>Tala Lev\u00edtanna og \u00feeirra emb\u00e6tti, lausn frumbur\u00f0anna. 1\u00deetta er kyn\u00fe\u00e1ttur Arons og M\u00f3sis, um \u00fea\u00f0 leyti sem Drottinn tala\u00f0i vi\u00f0 M\u00f3ses \u00e1 S\u00edna\u00edfjalli.2\u00deetta eru n\u00f6fn Arons sona: s\u00e1 frumgetni Nadab, og Ab\u00edhu, Eleasar og \u00cdtamar.3\u00deetta eru n\u00f6fn Arons sona, hinna smur\u00f0u presta, sem innsettir voru \u00ed prestd\u00e6mi\u00f0.4En \u00feeir d\u00f3u, Nadab og Ab\u00edhu, frammi fyrir Drottni, \u00ed S\u00edna\u00edey\u00f0im\u00f6rku, \u00fe\u00e1 \u00feeir b\u00e1ru fyrir Drottin annarlegan (\u00f3v\u00edg\u00f0an) eld, og \u00feeir \u00e1ttu enga syni, og svo ur\u00f0u \u00feeir Eleasar og \u00cdtamar prestar, undir umsj\u00f3n f\u00f6\u00f0ur \u00feeirra, Arons.5Og Drottinn tala\u00f0i vi\u00f0 M\u00f3ses og m\u00e6lti:6kom \u00fe\u00fa hinga\u00f0 me\u00f0 Lev\u00ed \u00e6ttkv\u00edsl, og lei\u00f0 \u00fe\u00fa hana fyrir prestinn <a href=\"https:\/\/biblian.is\/videy\/fjorda-mosebok-3-kafli\/\"> [&#8230;]<\/a><\/p>\n","protected":false},"author":1,"featured_media":0,"parent":0,"menu_order":0,"comment_status":"open","ping_status":"open","template":"bibliukaflar.php","meta":{"footnotes":""},"class_list":["post-20969","page","type-page","status-publish","hentry"],"_links":{"self":[{"href":"https:\/\/biblian.is\/videy\/wp-json\/wp\/v2\/pages\/20969","targetHints":{"allow":["GET"]}}],"collection":[{"href":"https:\/\/biblian.is\/videy\/wp-json\/wp\/v2\/pages"}],"about":[{"href":"https:\/\/biblian.is\/videy\/wp-json\/wp\/v2\/types\/page"}],"author":[{"embeddable":true,"href":"https:\/\/biblian.is\/videy\/wp-json\/wp\/v2\/users\/1"}],"replies":[{"embeddable":true,"href":"https:\/\/biblian.is\/videy\/wp-json\/wp\/v2\/comments?post=20969"}],"version-history":[{"count":0,"href":"https:\/\/biblian.is\/videy\/wp-json\/wp\/v2\/pages\/20969\/revisions"}],"wp:attachment":[{"href":"https:\/\/biblian.is\/videy\/wp-json\/wp\/v2\/media?parent=20969"}],"curies":[{"name":"wp","href":"https:\/\/api.w.org\/{rel}","templated":true}]}}