{"id":20968,"date":"2018-01-02T00:59:41","date_gmt":"2018-01-02T00:59:41","guid":{"rendered":"http:\/\/biblian.is\/videy\/fjorda-mosebok-2-kafli\/"},"modified":"2018-01-02T00:59:41","modified_gmt":"2018-01-02T00:59:41","slug":"fjorda-mosebok-2-kafli","status":"publish","type":"page","link":"https:\/\/biblian.is\/videy\/fjorda-mosebok-2-kafli\/","title":{"rendered":"Fj\u00f3r\u00f0a M\u00f3seb\u00f3k 2. kafli"},"content":{"rendered":"<div class=\"fyrirsognVidey\">Ni\u00f0urskipun herb\u00fa\u00f0anna.<\/div>\n<p><a name=\"1\"><span class=\"versanumer\">1<\/span><\/a>Og Drottinn tala\u00f0i vi\u00f0 M\u00f3ses og Aron og sag\u00f0i:<a name=\"2\"><span class=\"versanumer\">2<\/span><\/a>hv\u00f6r og einn af \u00cdsraelssonum skal tjalda hj\u00e1 s\u00ednu merki, hj\u00e1 einkenni sinnar \u00e6ttar; allt \u00ed kringum samkundutjaldi\u00f0 \u00fat fr\u00e1 \u00fev\u00ed.<a name=\"3\"><span class=\"versanumer\">3<\/span><\/a>A\u00f0 austanver\u00f0u vi\u00f0 \u00fea\u00f0, m\u00f3t uppg\u00f6ngu <span class='VideyAth'>(s\u00f3lar)<\/span> tjaldi \u00feessir: \u00fear s\u00e9 J\u00fada merki me\u00f0 sinni sveit og h\u00f6fu\u00f0sma\u00f0ur J\u00fadasona, Nahesson, sonur Amminadabs,<a name=\"4\"><span class=\"versanumer\">4<\/span><\/a>og hans her og hans t\u00f6ldu <span class='VideyAth'>(str\u00ed\u00f0smenn)<\/span> 74.600.<a name=\"5\"><span class=\"versanumer\">5<\/span><\/a>Hj\u00e1 honum tjaldi: \u00cdsaskars \u00e6ttkv\u00edsl, og h\u00f6fu\u00f0sma\u00f0ur \u00cdsaskarssona Netaneel, sonur S\u00faars,<a name=\"6\"><span class=\"versanumer\">6<\/span><\/a>og hans her og hans t\u00f6ldu <span class='VideyAth'>(str\u00ed\u00f0smenn)<\/span> 54.400.<a name=\"7\"><span class=\"versanumer\">7<\/span><\/a>Seb\u00falons \u00e6ttkv\u00edsl og h\u00f6fu\u00f0sma\u00f0ur Seb\u00falonssona, Eliab, sonur Helons,<a name=\"8\"><span class=\"versanumer\">8<\/span><\/a>og hans her, og hans t\u00f6ldu str\u00ed\u00f0smenn 57.400.<a name=\"9\"><span class=\"versanumer\">9<\/span><\/a>Allir \u00feeir t\u00f6ldu \u00ed J\u00fada herb\u00fa\u00f0um 186.400 eftir \u00feeirra her; \u00feeir skulu fyrstir taka sig upp.<a name=\"10\"><span class=\"versanumer\">10<\/span><\/a>Merki R\u00fabens herb\u00fa\u00f0a skal vera m\u00f3t su\u00f0ri me\u00f0 s\u00ednum her, og h\u00f6fu\u00f0sma\u00f0urinn R\u00fabenssona, Elisur sonur Sedeurs,<a name=\"11\"><span class=\"versanumer\">11<\/span><\/a>og hans her og hans t\u00f6ldu str\u00ed\u00f0smenn, 46.500.<a name=\"12\"><span class=\"versanumer\">12<\/span><\/a>Og hj\u00e1 honum skal tjalda S\u00edmeons \u00e6ttkv\u00edsl og h\u00f6fu\u00f0sma\u00f0ur S\u00edmeonssona, Selumjel, sonur Suridais,<a name=\"13\"><span class=\"versanumer\">13<\/span><\/a>og hans her og hans t\u00f6ldu str\u00ed\u00f0smenn 59.300.<a name=\"14\"><span class=\"versanumer\">14<\/span><\/a>Og Ga\u00f0s \u00e6ttkv\u00edsl, og h\u00f6fu\u00f0sma\u00f0ur Ga\u00f0ssona, Eliasaf, sonur Reg\u00faels,<a name=\"15\"><span class=\"versanumer\">15<\/span><\/a>og hans her, og hans t\u00f6ldu str\u00ed\u00f0smenn 45.650.<a name=\"16\"><span class=\"versanumer\">16<\/span><\/a>Allir \u00feeir t\u00f6ldu \u00ed R\u00fabens herb\u00fa\u00f0um eru 151.450, eftir \u00feeirra her; og \u00feeir skulu taka sig upp n\u00e6st \u00feeim fyrstu.<a name=\"17\"><span class=\"versanumer\">17<\/span><\/a>Og svo taki sig upp samkundutjaldi\u00f0, Lev\u00edtanna tjaldb\u00fa\u00f0ir mitt \u00ed herb\u00fa\u00f0unum; eins og \u00feeir taka s\u00e9r tjaldsta\u00f0i, svo skulu \u00feeir taka sig upp, hv\u00f6r \u00e1 s\u00ednum sta\u00f0, eftir \u00feeirra merkjum.<br \/><a name=\"18\"><span class=\"versanumer\">18<\/span><\/a>Merki Efraims herb\u00fa\u00f0a me\u00f0 s\u00ednum her s\u00e9 a\u00f0 vestanver\u00f0u, og h\u00f6fu\u00f0sma\u00f0ur Efraimssona, Elisama, sonur Amm\u00edhuds,<a name=\"19\"><span class=\"versanumer\">19<\/span><\/a>og hans her og hans t\u00f6ldu str\u00ed\u00f0smenn, 40.500.<a name=\"20\"><span class=\"versanumer\">20<\/span><\/a>Og n\u00e6st vi\u00f0 hann Manassis \u00e6ttkv\u00edsl, og h\u00f6fu\u00f0sma\u00f0ur Manassissona, Gaml\u00edel, sonur Pedasurs,<a name=\"21\"><span class=\"versanumer\">21<\/span><\/a>og hans her og hans t\u00f6ldu str\u00ed\u00f0smenn, 32.300.<a name=\"22\"><span class=\"versanumer\">22<\/span><\/a>Og Benjam\u00edns \u00e6ttkv\u00edsl og h\u00f6fu\u00f0sma\u00f0ur Benjam\u00ednssona, Abidan sonur Gideonis,<a name=\"23\"><span class=\"versanumer\">23<\/span><\/a>og hans her og hans t\u00f6ldu str\u00ed\u00f0smenn 35.400.<a name=\"24\"><span class=\"versanumer\">24<\/span><\/a>Allir \u00feeir t\u00f6ldu \u00ed herb\u00fa\u00f0um Efraims 108.100 eftir \u00feeirra her; \u00feeir skulu vera hinir \u00feri\u00f0ju a\u00f0 taka sig upp.<a name=\"25\"><span class=\"versanumer\">25<\/span><\/a>Merki Dans herb\u00fa\u00f0a s\u00e9 a\u00f0 nor\u00f0anver\u00f0u me\u00f0 s\u00ednum her og h\u00f6fu\u00f0sma\u00f0ur Danssona, Ahieser sonur Ammisadais,<a name=\"26\"><span class=\"versanumer\">26<\/span><\/a>og hans her og hans t\u00f6ldu str\u00ed\u00f0smenn 62.700.<a name=\"27\"><span class=\"versanumer\">27<\/span><\/a>N\u00e6st honum tjaldi Assers \u00e6ttkv\u00edsl og h\u00f6fu\u00f0sma\u00f0ur Asserssona Pag\u00edel sonur \u00d3krans,<a name=\"28\"><span class=\"versanumer\">28<\/span><\/a>og hans her og hans t\u00f6ldu str\u00ed\u00f0smenn 41.500.<a name=\"29\"><span class=\"versanumer\">29<\/span><\/a>Og Naftal\u00ed \u00e6ttkv\u00edsl, og h\u00f6fu\u00f0sma\u00f0ur Naftal\u00edssona, Ah\u00edra, sonur Enans,<a name=\"30\"><span class=\"versanumer\">30<\/span><\/a>og hans her, og og hans t\u00f6ldu str\u00ed\u00f0smenn 53.400.<a name=\"31\"><span class=\"versanumer\">31<\/span><\/a>Allir \u00feeir t\u00f6ldu \u00ed Dans herb\u00fa\u00f0um eru 157.600; seinastir skulu \u00feeir taka sig upp eftir \u00feeirra merkjum. <br \/><a name=\"32\"><span class=\"versanumer\">32<\/span><\/a>\u00deessir eru \u00feeir t\u00f6ldu str\u00ed\u00f0smenn \u00cdsraelssona eftir \u00feeirra \u00e6ttfe\u00f0rum; allir \u00feeir t\u00f6ldu \u00ed herb\u00fa\u00f0unum eftir \u00feeirra her voru 603.550.<a name=\"33\"><span class=\"versanumer\">33<\/span><\/a>En Lev\u00edtarnir voru ekki taldir me\u00f0 \u00cdsraelssonum, \u00fev\u00ed svo haf\u00f0i Drottinn bo\u00f0i\u00f0 M\u00f3ses.<a name=\"34\"><span class=\"versanumer\">34<\/span><\/a>Og \u00cdsraelssynir gj\u00f6r\u00f0u svo; r\u00e9tt eins og Drottinn bau\u00f0 M\u00f3ses, svo settu \u00feeir herb\u00fa\u00f0ir s\u00ednar eftir \u00feeirra merkjum og eins t\u00f3ku \u00feeir sig upp, hv\u00f6r eftir sinni \u00e6tt, \u00ed sinni kynkv\u00edsl.<\/p>\n<div class=\"footnoteVidey\"><\/div>\n","protected":false},"excerpt":{"rendered":"<p>Ni\u00f0urskipun herb\u00fa\u00f0anna. 1Og Drottinn tala\u00f0i vi\u00f0 M\u00f3ses og Aron og sag\u00f0i:2hv\u00f6r og einn af \u00cdsraelssonum skal tjalda hj\u00e1 s\u00ednu merki, hj\u00e1 einkenni sinnar \u00e6ttar; allt \u00ed kringum samkundutjaldi\u00f0 \u00fat fr\u00e1 \u00fev\u00ed.3A\u00f0 austanver\u00f0u vi\u00f0 \u00fea\u00f0, m\u00f3t uppg\u00f6ngu (s\u00f3lar) tjaldi \u00feessir: \u00fear s\u00e9 J\u00fada merki me\u00f0 sinni sveit og h\u00f6fu\u00f0sma\u00f0ur J\u00fadasona, Nahesson, sonur Amminadabs,4og hans her og hans t\u00f6ldu (str\u00ed\u00f0smenn) 74.600.5Hj\u00e1 honum tjaldi: \u00cdsaskars \u00e6ttkv\u00edsl, og h\u00f6fu\u00f0sma\u00f0ur \u00cdsaskarssona Netaneel, sonur S\u00faars,6og hans her og hans t\u00f6ldu (str\u00ed\u00f0smenn) 54.400.7Seb\u00falons \u00e6ttkv\u00edsl og h\u00f6fu\u00f0sma\u00f0ur Seb\u00falonssona, Eliab, sonur Helons,8og hans her, og hans t\u00f6ldu str\u00ed\u00f0smenn 57.400.9Allir \u00feeir t\u00f6ldu \u00ed J\u00fada herb\u00fa\u00f0um 186.400 eftir \u00feeirra her; \u00feeir <a href=\"https:\/\/biblian.is\/videy\/fjorda-mosebok-2-kafli\/\"> [&#8230;]<\/a><\/p>\n","protected":false},"author":1,"featured_media":0,"parent":0,"menu_order":0,"comment_status":"open","ping_status":"open","template":"bibliukaflar.php","meta":{"footnotes":""},"class_list":["post-20968","page","type-page","status-publish","hentry"],"_links":{"self":[{"href":"https:\/\/biblian.is\/videy\/wp-json\/wp\/v2\/pages\/20968","targetHints":{"allow":["GET"]}}],"collection":[{"href":"https:\/\/biblian.is\/videy\/wp-json\/wp\/v2\/pages"}],"about":[{"href":"https:\/\/biblian.is\/videy\/wp-json\/wp\/v2\/types\/page"}],"author":[{"embeddable":true,"href":"https:\/\/biblian.is\/videy\/wp-json\/wp\/v2\/users\/1"}],"replies":[{"embeddable":true,"href":"https:\/\/biblian.is\/videy\/wp-json\/wp\/v2\/comments?post=20968"}],"version-history":[{"count":0,"href":"https:\/\/biblian.is\/videy\/wp-json\/wp\/v2\/pages\/20968\/revisions"}],"wp:attachment":[{"href":"https:\/\/biblian.is\/videy\/wp-json\/wp\/v2\/media?parent=20968"}],"curies":[{"name":"wp","href":"https:\/\/api.w.org\/{rel}","templated":true}]}}