{"id":20967,"date":"2018-01-02T00:59:41","date_gmt":"2018-01-02T00:59:41","guid":{"rendered":"http:\/\/biblian.is\/videy\/fjorda-mosebok-1-kafli\/"},"modified":"2018-01-02T00:59:41","modified_gmt":"2018-01-02T00:59:41","slug":"fjorda-mosebok-1-kafli","status":"publish","type":"page","link":"https:\/\/biblian.is\/videy\/fjorda-mosebok-1-kafli\/","title":{"rendered":"Fj\u00f3r\u00f0a M\u00f3seb\u00f3k 1. kafli"},"content":{"rendered":"<div class=\"fyrirsognVidey\">F\u00f3lki\u00f0 tali\u00f0. Lev\u00edtar tilskikka\u00f0ir.<\/div>\n<p><a name=\"1\"><span class=\"versanumer\">1<\/span><\/a>Og Drottinn tala\u00f0i vi\u00f0 M\u00f3ses \u00ed S\u00edna\u00edey\u00f0im\u00f6rk, \u00ed samkundutjaldb\u00fa\u00f0inni, \u00e1 fyrsta degi \u00feess annars m\u00e1na\u00f0ar, \u00e1 \u00f6\u00f0ru \u00e1ri eftir \u00fatg\u00f6nguna \u00far Egyptalandi, og m\u00e6lti:<a name=\"2\"><span class=\"versanumer\">2<\/span><\/a>tak \u00fe\u00fa manntal gj\u00f6rvalls safna\u00f0ar \u00cdsraelssona eftir \u00feeirra kynkv\u00edslum, eftir \u00feeirra \u00e6ttfe\u00f0rum, eftir t\u00f6lu nafnanna, allt af karlkyni eftir \u00feeirra h\u00f6f\u00f0at\u00f6lu;<a name=\"3\"><span class=\"versanumer\">3<\/span><\/a>fr\u00e1 tv\u00edtugsaldri og \u00fear yfir; alla sem str\u00ed\u00f0f\u00e6rir eru \u00ed \u00cdsrael skulu\u00f0 \u00fe\u00e9r telja, \u00fe\u00fa og Aron eftir \u00feeirra herflokkum.<a name=\"4\"><span class=\"versanumer\">4<\/span><\/a>Ma\u00f0ur s\u00e9 me\u00f0 ykkur einn fyrir hv\u00f6rja \u00e6ttkv\u00edsl, s\u00e1 sem er h\u00f6f\u00f0ingi sinnar \u00e6ttar.<a name=\"5\"><span class=\"versanumer\">5<\/span><\/a>Og \u00feessi eru n\u00f6fn \u00feeirra manna sem eiga a\u00f0 styrkja ykkur: fyrir R\u00faben: Elisur, sonur Sedurs;<a name=\"6\"><span class=\"versanumer\">6<\/span><\/a>fyrir S\u00edmeon: Selumjel, sonur Surisadai;<a name=\"7\"><span class=\"versanumer\">7<\/span><\/a>fyrir J\u00fada: Nahesson, sonur Amminadabs;<a name=\"8\"><span class=\"versanumer\">8<\/span><\/a>fyrir \u00cdsaskar: Netaneel, sonur Suars;<a name=\"9\"><span class=\"versanumer\">9<\/span><\/a>fyrir Sab\u00falon: Eliab, sonur Helons;<a name=\"10\"><span class=\"versanumer\">10<\/span><\/a>fyrir syni J\u00f3seps, fyrir Efraim: Elisama, sonur Ammih\u00fads; fyrir Manasse: Gamliel, sonur Pedas\u00fars;<a name=\"11\"><span class=\"versanumer\">11<\/span><\/a>fyrir Benjam\u00edn: Abidan, sonur Gideons;<a name=\"12\"><span class=\"versanumer\">12<\/span><\/a>fyrir Dan: Ahieser, sonur Ammisadais;<a name=\"13\"><span class=\"versanumer\">13<\/span><\/a>fyrir Asser: Pagiel, sonur Okrans;<a name=\"14\"><span class=\"versanumer\">14<\/span><\/a>fyrir Ga\u00f0: Eliasaf, sonur Deguels;<a name=\"15\"><span class=\"versanumer\">15<\/span><\/a>fyrir Naftal\u00ed: Ahira, sonur Enans.<a name=\"16\"><span class=\"versanumer\">16<\/span><\/a>\u00deessir voru \u00feeir af s\u00f6fnu\u00f0inum v\u00f6ldu, h\u00f6fu\u00f0smenn \u00feeirra f\u00f6\u00f0urlegu \u00e6tta; \u00feeir voru h\u00f6f\u00f0ingjar \u00cdsraelsmanna flokka.<a name=\"17\"><span class=\"versanumer\">17<\/span><\/a>Og M\u00f3ses og Aron t\u00f3ku \u00feessa menn, sem nefndir eru n\u00f6fnum,<a name=\"18\"><span class=\"versanumer\">18<\/span><\/a>og \u00feeir samans\u00f6fnu\u00f0u \u00f6llu f\u00f3lkinu \u00e1 fyrsta degi \u00ed \u00feeim \u00f6\u00f0rum m\u00e1nu\u00f0i. Og \u00feeir l\u00e9tu skrifa sig \u00ed \u00e6ttart\u00f6lub\u00e6kurnar, eftir \u00feeirra kyni og \u00e6ttfe\u00f0rum, eftir nafnatalinu, tv\u00edtugir og eldri, hv\u00f6r fyrir sig,<br \/><a name=\"19\"><span class=\"versanumer\">19<\/span><\/a>eins og Drottinn haf\u00f0i bo\u00f0i\u00f0 M\u00f3ses; og svo taldi hann \u00fe\u00e1 \u00ed S\u00edna\u00edey\u00f0im\u00f6rku.<br \/><a name=\"20\"><span class=\"versanumer\">20<\/span><\/a>Synir R\u00fabens, \u00cdsraels frumgetna sonar, allir karlmenn, str\u00ed\u00f0sf\u00e6rir, tv\u00edtugir og eldri, sem uppskrifa\u00f0ir voru eftir \u00feeirra kyni, \u00e6ttfe\u00f0rum og t\u00f6lu \u00feeirra nafna og \u00feeirra h\u00f6f\u00f0a,<a name=\"21\"><span class=\"versanumer\">21<\/span><\/a>\u00feeir af R\u00fabens \u00e6ttkv\u00edsl, t\u00f6ldu <span class='VideyAth'>(k\u00f6nnu\u00f0u)<\/span> voru 46.500.<a name=\"22\"><span class=\"versanumer\">22<\/span><\/a>Synir S\u00edmeons, allir vopnf\u00e6rir karlmenn, tv\u00edtugir og eldri sem uppskrifa\u00f0ir voru, eftir \u00feeirra kyni og \u00e6ttfe\u00f0rum, eftir \u00feeirra nafna og h\u00f6f\u00f0at\u00f6lu kanna\u00f0ir,<a name=\"23\"><span class=\"versanumer\">23<\/span><\/a>\u00feeir t\u00f6ldu af S\u00edmeons \u00e6ttkv\u00edsl 59.300.<a name=\"24\"><span class=\"versanumer\">24<\/span><\/a>Synir Ga\u00f0s, allir vopnf\u00e6rir, tv\u00edtugir og eldri, uppskrifa\u00f0ir eftir \u00feeirra kyni, eftir \u00feeirra \u00e6ttfe\u00f0rum og eftir nafnat\u00f6lu,<a name=\"25\"><span class=\"versanumer\">25<\/span><\/a>\u00feeir k\u00f6nnu\u00f0u af Ga\u00f0s \u00e6ttkv\u00edsl voru 45.650.<a name=\"26\"><span class=\"versanumer\">26<\/span><\/a>J\u00fada synir, tv\u00edtugir og eldri, allir vopnf\u00e6rir, uppskrifa\u00f0ir eftir \u00feeirra kyni, eftir \u00feeirra \u00e6ttfe\u00f0rum, eftir t\u00f6lu nafnanna,<a name=\"27\"><span class=\"versanumer\">27<\/span><\/a>\u00feeir k\u00f6nnu\u00f0u af J\u00fada \u00e6ttkv\u00edsl voru 74.600.<a name=\"28\"><span class=\"versanumer\">28<\/span><\/a>\u00cdsasaskars synir, tv\u00edtugir og eldri, allir vopnf\u00e6rir, uppskrifa\u00f0ir eftir \u00feeirra kyni, eftir \u00feeirra \u00e6ttfe\u00f0rum, eftir t\u00f6lu nafnanna,<a name=\"29\"><span class=\"versanumer\">29<\/span><\/a>\u00feeir k\u00f6nnu\u00f0u af \u00cdsaskars \u00e6ttkv\u00edsl voru 54.400.<a name=\"30\"><span class=\"versanumer\">30<\/span><\/a>Seb\u00falons synir, tv\u00edtugir og eldri, allir vopnf\u00e6rir, uppskrifa\u00f0ir eftir \u00feeirra kyni, eftir \u00feeirra \u00e6ttfe\u00f0rum, eftir t\u00f6lu nafnanna,<a name=\"31\"><span class=\"versanumer\">31<\/span><\/a>\u00feeir k\u00f6nnu\u00f0u af Seb\u00falons \u00e6tt voru 57.400.<a name=\"32\"><span class=\"versanumer\">32<\/span><\/a>Synir J\u00f3seps, af sonum Efraims, tv\u00edtugir og eldri, allir vopnf\u00e6rir, uppskrifa\u00f0ir eftir \u00feeirra kyni, eftir \u00feeirra \u00e6ttfe\u00f0rum, eftir t\u00f6lu nafnanna,<a name=\"33\"><span class=\"versanumer\">33<\/span><\/a>\u00feeir k\u00f6nnu\u00f0u af Efraims \u00e6ttkv\u00edsl voru 40.500.<a name=\"34\"><span class=\"versanumer\">34<\/span><\/a>Af sonum Manasses, tv\u00edtugir og eldri, allir vopnf\u00e6rir, uppskrifa\u00f0ir eftir \u00feeirra kyni, eftir \u00feeirra \u00e6ttfe\u00f0rum, eftir t\u00f6lu nafnanna,<a name=\"35\"><span class=\"versanumer\">35<\/span><\/a>\u00feeir k\u00f6nnu\u00f0u af Manasses \u00e6ttkv\u00edsl voru 32.000.<a name=\"36\"><span class=\"versanumer\">36<\/span><\/a>Synir Benjam\u00edns, tv\u00edtugir og eldri, allir vopnf\u00e6rir, uppskrifa\u00f0ir eftir \u00feeirra kyni, eftir \u00feeirra \u00e6ttfe\u00f0rum, eftir t\u00f6lu nafnanna,<a name=\"37\"><span class=\"versanumer\">37<\/span><\/a>\u00feeir k\u00f6nnu\u00f0u af Benjam\u00edns \u00e6ttkv\u00edsl voru 35.400.<a name=\"38\"><span class=\"versanumer\">38<\/span><\/a>Dans synir, tv\u00edtugir og eldri, allir vopnf\u00e6rir, uppskrifa\u00f0ir eftir \u00feeirra kyni, eftir \u00feeirra \u00e6ttfe\u00f0rum, eftir t\u00f6lu nafnanna,<a name=\"39\"><span class=\"versanumer\">39<\/span><\/a>\u00feeir k\u00f6nnu\u00f0u af Dans \u00e6ttkv\u00edsl voru 62.700.<a name=\"40\"><span class=\"versanumer\">40<\/span><\/a>Assers synir, tv\u00edtugir og eldri, allir vopnf\u00e6rir, uppskrifa\u00f0ir eftir \u00feeirra kyni, eftir \u00feeirra \u00e6ttfe\u00f0rum, eftir t\u00f6lu nafnanna,<a name=\"41\"><span class=\"versanumer\">41<\/span><\/a>\u00feeir k\u00f6nnu\u00f0u af Assers \u00e6ttkv\u00edsl voru 41.500.<a name=\"42\"><span class=\"versanumer\">42<\/span><\/a>Synir Naftal\u00eds, tv\u00edtugir og eldri, allir vopnf\u00e6rir, uppskrifa\u00f0ir eftir \u00feeirra kyni, eftir \u00feeirra \u00e6ttfe\u00f0rum, eftir t\u00f6lu nafnanna,<a name=\"43\"><span class=\"versanumer\">43<\/span><\/a>\u00feeir k\u00f6nnu\u00f0u af Naftal\u00eds \u00e6ttkv\u00edsl voru 53.400.<br \/><a name=\"44\"><span class=\"versanumer\">44<\/span><\/a>\u00deessir eru \u00feeir k\u00f6nnu\u00f0u sem M\u00f3ses og Aron og \u00cdsraels h\u00f6fu\u00f0smenn, \u00feeir <span class='VideyAth'>(tilkosnu)<\/span> 12 menn, t\u00f6ldu; einn ma\u00f0ur var fyrir hv\u00f6rja \u00e6ttkv\u00edsl.<a name=\"45\"><span class=\"versanumer\">45<\/span><\/a>Og allir \u00cdsraelssynir, sem taldir voru, tv\u00edtugir og eldri, allir vopnf\u00e6rir, eftir \u00feeirra \u00e6ttfe\u00f0rum,<a name=\"46\"><span class=\"versanumer\">46<\/span><\/a>reiknu\u00f0ust 603.550.<a name=\"47\"><span class=\"versanumer\">47<\/span><\/a>En Lev\u00edtarnir, eftir \u00feeirra fe\u00f0ra \u00e6tt, voru ekki taldir me\u00f0 \u00feessum.<br \/><a name=\"48\"><span class=\"versanumer\">48<\/span><\/a>Og Drottinn tala\u00f0i vi\u00f0 M\u00f3ses og m\u00e6lti:<a name=\"49\"><span class=\"versanumer\">49<\/span><\/a>Lev\u00ed \u00e6ttkv\u00edsl skaltu ekki kanna, og hennar f\u00f3lkstal skaltu ei taka inn \u00e1 me\u00f0al \u00cdsraelssona;<a name=\"50\"><span class=\"versanumer\">50<\/span><\/a>heldur skaltu setja Lev\u00edtana vi\u00f0 l\u00f6gm\u00e1lstjaldb\u00fa\u00f0ina, <span class='VideyAth'>(a\u00f0 g\u00e6ta)<\/span> allra hennar \u00e1halda, og alls sem \u00fev\u00ed vi\u00f0v\u00edkur, \u00feeir skulu bera tjaldb\u00fa\u00f0ina og \u00f6ll hennar \u00e1h\u00f6ld og henni \u00fej\u00f3na; og hafa s\u00edn tj\u00f6ld allt \u00ed kringum.<a name=\"51\"><span class=\"versanumer\">51<\/span><\/a>Og \u00feegar tjaldb\u00fa\u00f0in tekur sig upp, skulu Lev\u00edtarnir taka hana ni\u00f0ur, og \u00feegar tjaldb\u00fa\u00f0in tekur s\u00e9r sta\u00f0, skulu Lev\u00edtarnir reisa hana; en s\u00e1 framandi, sem n\u00e1l\u00e6gir sig, skal dey\u00f0ast.<a name=\"52\"><span class=\"versanumer\">52<\/span><\/a>Og \u00cdsraelssynir skulu tjalda hv\u00f6r \u00e1 s\u00ednum sta\u00f0 \u00ed herb\u00fa\u00f0unum, hj\u00e1 merki sinnar sveitar.<a name=\"53\"><span class=\"versanumer\">53<\/span><\/a>En Lev\u00edtarnir skulu tjalda <span class='VideyAth'>(legra sig)<\/span> allt \u00ed kring um l\u00f6gm\u00e1lstjaldb\u00fa\u00f0ina, a\u00f0 ekki komi rei\u00f0i yfir s\u00f6fnu\u00f0 \u00cdsraelssona; og Lev\u00edtarnir skulu annast l\u00f6gm\u00e1lstjaldb\u00fa\u00f0ina.<a name=\"54\"><span class=\"versanumer\">54<\/span><\/a>Og \u00cdsraelssynir gj\u00f6r\u00f0u \u00fea\u00f0; algj\u00f6rlega eins og Drottinn bau\u00f0 M\u00f3ses, svo gj\u00f6r\u00f0u \u00feeir.<\/p>\n<div class=\"footnoteVidey\"><\/div>\n","protected":false},"excerpt":{"rendered":"<p>F\u00f3lki\u00f0 tali\u00f0. Lev\u00edtar tilskikka\u00f0ir. 1Og Drottinn tala\u00f0i vi\u00f0 M\u00f3ses \u00ed S\u00edna\u00edey\u00f0im\u00f6rk, \u00ed samkundutjaldb\u00fa\u00f0inni, \u00e1 fyrsta degi \u00feess annars m\u00e1na\u00f0ar, \u00e1 \u00f6\u00f0ru \u00e1ri eftir \u00fatg\u00f6nguna \u00far Egyptalandi, og m\u00e6lti:2tak \u00fe\u00fa manntal gj\u00f6rvalls safna\u00f0ar \u00cdsraelssona eftir \u00feeirra kynkv\u00edslum, eftir \u00feeirra \u00e6ttfe\u00f0rum, eftir t\u00f6lu nafnanna, allt af karlkyni eftir \u00feeirra h\u00f6f\u00f0at\u00f6lu;3fr\u00e1 tv\u00edtugsaldri og \u00fear yfir; alla sem str\u00ed\u00f0f\u00e6rir eru \u00ed \u00cdsrael skulu\u00f0 \u00fe\u00e9r telja, \u00fe\u00fa og Aron eftir \u00feeirra herflokkum.4Ma\u00f0ur s\u00e9 me\u00f0 ykkur einn fyrir hv\u00f6rja \u00e6ttkv\u00edsl, s\u00e1 sem er h\u00f6f\u00f0ingi sinnar \u00e6ttar.5Og \u00feessi eru n\u00f6fn \u00feeirra manna sem eiga a\u00f0 styrkja ykkur: fyrir R\u00faben: Elisur, sonur Sedurs;6fyrir S\u00edmeon: Selumjel, sonur Surisadai;7fyrir J\u00fada: <a href=\"https:\/\/biblian.is\/videy\/fjorda-mosebok-1-kafli\/\"> [&#8230;]<\/a><\/p>\n","protected":false},"author":1,"featured_media":0,"parent":0,"menu_order":0,"comment_status":"open","ping_status":"open","template":"bibliukaflar.php","meta":{"footnotes":""},"class_list":["post-20967","page","type-page","status-publish","hentry"],"_links":{"self":[{"href":"https:\/\/biblian.is\/videy\/wp-json\/wp\/v2\/pages\/20967","targetHints":{"allow":["GET"]}}],"collection":[{"href":"https:\/\/biblian.is\/videy\/wp-json\/wp\/v2\/pages"}],"about":[{"href":"https:\/\/biblian.is\/videy\/wp-json\/wp\/v2\/types\/page"}],"author":[{"embeddable":true,"href":"https:\/\/biblian.is\/videy\/wp-json\/wp\/v2\/users\/1"}],"replies":[{"embeddable":true,"href":"https:\/\/biblian.is\/videy\/wp-json\/wp\/v2\/comments?post=20967"}],"version-history":[{"count":0,"href":"https:\/\/biblian.is\/videy\/wp-json\/wp\/v2\/pages\/20967\/revisions"}],"wp:attachment":[{"href":"https:\/\/biblian.is\/videy\/wp-json\/wp\/v2\/media?parent=20967"}],"curies":[{"name":"wp","href":"https:\/\/api.w.org\/{rel}","templated":true}]}}