{"id":20965,"date":"2018-01-02T00:59:41","date_gmt":"2018-01-02T00:59:41","guid":{"rendered":"http:\/\/biblian.is\/videy\/thridja-mosebok-26-kafli\/"},"modified":"2018-01-02T00:59:41","modified_gmt":"2018-01-02T00:59:41","slug":"thridja-mosebok-26-kafli","status":"publish","type":"page","link":"https:\/\/biblian.is\/videy\/thridja-mosebok-26-kafli\/","title":{"rendered":"\u00deri\u00f0ja M\u00f3seb\u00f3k 26. kafli"},"content":{"rendered":"<div class=\"fyrirsognVidey\">B\u00f6nnu\u00f0 afgu\u00f0ad\u00fdrkun. Fyrirheit um Drottins blessun ef \u00feeir hl\u00fd\u00f0a hans bo\u00f0um en h\u00f3tum alls slags \u00f3hamingju ef \u00feeir yfirtro\u00f0i \u00feau.<\/div>\n<p><a name=\"1\"><span class=\"versanumer\">1<\/span><\/a>\u00de\u00e9r skulu\u00f0 ekki gj\u00f6ra y\u00f0ur afgu\u00f0i n\u00e9 b\u00edl\u00e6ti, og ekki heldur uppreisa y\u00f0ur myndast\u00f3lpa, n\u00e9 tilb\u00faa myndarsteina til a\u00f0 tilbi\u00f0ja \u00feess h\u00e1ttar; \u00fev\u00ed a\u00f0 eg er Drottinn y\u00f0ar Gu\u00f0.<a name=\"2\"><span class=\"versanumer\">2<\/span><\/a>M\u00edna hv\u00edldardaga skulu\u00f0 \u00fe\u00e9r var\u00f0veita, og fyrir m\u00ednum helgid\u00f3m skulu\u00f0 \u00fe\u00e9r vir\u00f0ingu bera. Eg er Drottinn y\u00f0ar Gu\u00f0.<a name=\"3\"><span class=\"versanumer\">3<\/span><\/a>Ef \u00fe\u00e9r breyti\u00f0 eftir m\u00ednum setningum og var\u00f0veiti\u00f0 m\u00edn bo\u00f0or\u00f0 og gj\u00f6ri\u00f0 eftir \u00feeim,<a name=\"4\"><span class=\"versanumer\">4<\/span><\/a>\u00fe\u00e1 vil eg gefa y\u00f0ur regn \u00e1 h\u00e6filegum t\u00edma,  og landi\u00f0 skal gefa y\u00f0ur sinn gr\u00f3\u00f0a og tr\u00e9n \u00e1 m\u00f6rkinni \u00feeirra \u00e1v\u00f6xt.<a name=\"5\"><span class=\"versanumer\">5<\/span><\/a>\u00dereskingart\u00edminn skal \u00fe\u00e1 vara til v\u00ednyrkjunnar, og v\u00ednyrkjan til s\u00e1\u00f0t\u00edmans; \u00fe\u00e9r skulu\u00f0 eta y\u00f0ur metta af y\u00f0ar eigin brau\u00f0i og b\u00faa \u00f3hultir \u00ed y\u00f0ar landi,<a name=\"6\"><span class=\"versanumer\">6<\/span><\/a>eg vil gefa fri\u00f0 \u00ed landinu, svo a\u00f0 \u00fe\u00e9r geti\u00f0 hv\u00edlt y\u00f0ur og enginn skal hr\u00e6\u00f0a y\u00f0ur; \u00f3argad\u00fdrum vil eg halda fr\u00e1 y\u00f0ar landi, og sver\u00f0i\u00f0 skal ekki fara um \u00fea\u00f0.<a name=\"7\"><span class=\"versanumer\">7<\/span><\/a>\u00de\u00e9r skulu\u00f0 elta y\u00f0ar \u00f3vini og \u00feeir falla fyrir sver\u00f0i fyrir y\u00f0ar augliti;<a name=\"8\"><span class=\"versanumer\">8<\/span><\/a>fimm af y\u00f0ur skulu elta hundra\u00f0, og hundra\u00f0 af y\u00f0ur skulu elta t\u00edu \u00fe\u00fasund og \u00f3vinir y\u00f0ar skulu falla fyrir sver\u00f0i fyrir y\u00f0ar augliti.<a name=\"9\"><span class=\"versanumer\">9<\/span><\/a>Eg vil sn\u00faa m\u00ednu augliti til y\u00f0ar, gj\u00f6ra y\u00f0ur \u00e1vaxtarsama og fj\u00f6lmenna, og sta\u00f0festa minn s\u00e1ttm\u00e1la vi\u00f0 y\u00f0ur.<a name=\"10\"><span class=\"versanumer\">10<\/span><\/a>\u00de\u00e9r skulu\u00f0 eta hi\u00f0 fyrnta korn, og bera \u00fat hi\u00f0 fyrnta korn fr\u00e1 \u00fev\u00ed n\u00fdja.<a name=\"11\"><span class=\"versanumer\">11<\/span><\/a>Eg vil setja m\u00edna tjaldb\u00fa\u00f0 mitt \u00e1 me\u00f0al y\u00f0ar, og m\u00edna s\u00e1lu skal ekki stugga vi\u00f0 y\u00f0ur;<a name=\"12\"><span class=\"versanumer\">12<\/span><\/a>eg vil ganga mitt \u00e1 me\u00f0al y\u00f0ar, og vera y\u00f0ar Gu\u00f0, og \u00fe\u00e9r skulu\u00f0 vera mitt f\u00f3lk.<a name=\"13\"><span class=\"versanumer\">13<\/span><\/a>Eg er Drottinn, y\u00f0ar Gu\u00f0, sem leiddi y\u00f0ur \u00fat af Egyptalandi, til \u00feess \u00fe\u00e9r skyldu\u00f0 ekki vera \u00feeirra \u00fer\u00e6lar, og braut af y\u00f0ur \u00fer\u00e6ld\u00f3msoki\u00f0, svo a\u00f0 \u00fe\u00e9r skyldu\u00f0 uppr\u00e9ttir ganga.<br \/><a name=\"14\"><span class=\"versanumer\">14<\/span><\/a>En ef \u00fe\u00e9r hl\u00fd\u00f0i\u00f0 m\u00e9r ekki, og ekki breyti\u00f0 eftir \u00f6llum \u00feessum m\u00ednum bo\u00f0or\u00f0um;<a name=\"15\"><span class=\"versanumer\">15<\/span><\/a>ef \u00fe\u00e9r skeyti\u00f0 ekki m\u00ednum setningum, og y\u00f0ur stuggar vi\u00f0 m\u00ednum r\u00e9ttindum, svo a\u00f0 \u00fe\u00e9r gj\u00f6ri\u00f0 ekki eftir m\u00ednum bo\u00f0or\u00f0um, heldur brj\u00f3ti\u00f0 minn s\u00e1ttm\u00e1la;<a name=\"16\"><span class=\"versanumer\">16<\/span><\/a>\u00fe\u00e1 vil eg l\u00edka gj\u00f6ra \u00feetta vi\u00f0 y\u00f0ur: Eg vil vitja y\u00f0ar til a\u00f0 skelfa y\u00f0ur me\u00f0 uppdr\u00e1ttar- og k\u00f6ldus\u00fdki, hvar vi\u00f0 andliti\u00f0 ver\u00f0ur f\u00f6lt og s\u00e1lin vanmegnast; \u00fe\u00e9r skulu\u00f0 forgefins s\u00e1 y\u00f0ar s\u00e6\u00f0i, \u00fev\u00ed \u00f3vinir y\u00f0ar skulu ey\u00f0a \u00fev\u00ed!<a name=\"17\"><span class=\"versanumer\">17<\/span><\/a>Eg vil setja mitt auglit \u00ed gegn y\u00f0ur, \u00fe\u00e9r skulu\u00f0 ver\u00f0a slegnir af y\u00f0ar \u00f3vinum, fjandmenn y\u00f0ar skulu yfir y\u00f0ur drottna, og \u00fe\u00e9r skulu\u00f0 fl\u00fdja \u00fe\u00f3 a\u00f0 enginn elti y\u00f0ur.<a name=\"18\"><span class=\"versanumer\">18<\/span><\/a>Og ef \u00fe\u00e9r vilji\u00f0 \u00fe\u00e1 enn ekki, \u00fer\u00e1tt fyrir \u00feetta, hl\u00fd\u00f0a m\u00e9r, \u00fe\u00e1 skulu\u00f0 \u00fe\u00e9r sj\u00f6 sinnum \u00feyngri refsingu s\u00e6ta, fyrir y\u00f0ar synda sakir.<a name=\"19\"><span class=\"versanumer\">19<\/span><\/a>Eg vil ni\u00f0urbrj\u00f3ta y\u00f0ar styrkleiksdramb, eg vil gj\u00f6ra himinninn yfir y\u00f0ur sem j\u00e1rn, og y\u00f0ar j\u00f6r\u00f0 sem kopar;<a name=\"20\"><span class=\"versanumer\">20<\/span><\/a>y\u00f0ar kraftar skulu ey\u00f0ast \u00e1rangurslaust, y\u00f0ar land skal ekki gefa sinn gr\u00f3\u00f0a, og tr\u00e9n \u00ed landinu ekki \u00feeirra \u00e1v\u00f6xt.<a name=\"21\"><span class=\"versanumer\">21<\/span><\/a>Og ef \u00fe\u00e9r samt s\u00fdni\u00f0 y\u00f0ur m\u00e9r \u00feverbrotna og vilji\u00f0 ekki hl\u00fd\u00f0a m\u00e9r, \u00fe\u00e1 mun eg auka sj\u00f6falt y\u00f0ar refsingu eftir y\u00f0ar syndast\u00e6r\u00f0.<a name=\"22\"><span class=\"versanumer\">22<\/span><\/a>Eg vil senda villud\u00fdr merkurinnar me\u00f0al y\u00f0ar, \u00feau skulu gj\u00f6ra y\u00f0ur barnlausa, drepa ni\u00f0ur y\u00f0ar f\u00e9na\u00f0, f\u00e6kka sj\u00e1lfum y\u00f0ur, og y\u00f0ar vegir skulu ver\u00f0a au\u00f0ir.<a name=\"23\"><span class=\"versanumer\">23<\/span><\/a>En ef \u00fe\u00e9r enn \u00fe\u00e1 ekki skipist vi\u00f0 tyftanina og breyti\u00f0 \u00feverm\u00f3\u00f0skulega \u00ed gegn m\u00e9r,<a name=\"24\"><span class=\"versanumer\">24<\/span><\/a>\u00fe\u00e1 vil eg sannlega ganga \u00e1 m\u00f3ti y\u00f0ur, og eg sj\u00e1lfur vil sl\u00e1 y\u00f0ur sj\u00f6faldlega fyrir y\u00f0ar synda skuld,<a name=\"25\"><span class=\"versanumer\">25<\/span><\/a>og lei\u00f0a yfir y\u00f0ur sver\u00f0 hefndarinnar, sem hefna skal m\u00edns s\u00e1ttm\u00e1la. \u00de\u00e9r munu\u00f0 \u00fe\u00e1 \u00feyrpast inn \u00ed y\u00f0ar sta\u00f0i, en eg vil senda dreps\u00f3tt \u00e1 me\u00f0al y\u00f0ar, og \u00fe\u00e9r skulu\u00f0 gefast \u00ed hendur y\u00f0ar \u00f3vina.<a name=\"26\"><span class=\"versanumer\">26<\/span><\/a>\u00deegar eg br\u00fdt y\u00f0ar brau\u00f0s staf, \u00fe\u00e1 munu t\u00edu kvinnur baka y\u00f0vart brau\u00f0 \u00ed einum ofni og f\u00e1 y\u00f0ur aftur brau\u00f0 y\u00f0ar eftir vigt, og \u00fe\u00e9r munu\u00f0 eta, en ekki ver\u00f0a mettir.<a name=\"27\"><span class=\"versanumer\">27<\/span><\/a>Og ef \u00fe\u00e9r \u00fer\u00e1tt fyrir \u00feetta, \u00ferj\u00f3skist vi\u00f0 mig og breyti\u00f0 \u00feverm\u00f3\u00f0skulega \u00ed gegn m\u00e9r,<a name=\"28\"><span class=\"versanumer\">28<\/span><\/a>\u00fe\u00e1 vil eg ganga \u00e1 m\u00f3ti y\u00f0ur me\u00f0 rei\u00f0ilegri m\u00f3tg\u00f6ngu, og eg sj\u00e1lfur, vil sl\u00e1 y\u00f0ur sj\u00f6faldlega vegna y\u00f0ar synda,<a name=\"29\"><span class=\"versanumer\">29<\/span><\/a>svo \u00fe\u00e9r skulu\u00f0 eta hold y\u00f0ar sona, hold y\u00f0ar d\u00e6tra skulu\u00f0 \u00fe\u00e9r eta.<a name=\"30\"><span class=\"versanumer\">30<\/span><\/a>Eg vil ey\u00f0ileggja h\u00e6\u00f0ir y\u00f0ar, og afm\u00e1 y\u00f0ar s\u00f3lgu\u00f0ab\u00edl\u00e6ti, og kasta y\u00f0ar hr\u00e6jum ofan \u00e1 sk\u00fargo\u00f0anna skrokka, og s\u00e1lu m\u00edna mun bj\u00f3\u00f0a vi\u00f0 y\u00f0ur!<a name=\"31\"><span class=\"versanumer\">31<\/span><\/a>Y\u00f0ar borgir vil eg gj\u00f6ra a\u00f0 r\u00fastum, og y\u00f0ar helgu sta\u00f0i vil eg ey\u00f0ileggja, og ekki lukta til y\u00f0ar velluktandi f\u00f3rna;<a name=\"32\"><span class=\"versanumer\">32<\/span><\/a>landi\u00f0 vil eg leggja svo \u00ed ey\u00f0i, a\u00f0 \u00f3vini y\u00f0ar, sem b\u00faa \u00ed \u00fev\u00ed, skal hrylla vi\u00f0 \u00fev\u00ed;<a name=\"33\"><span class=\"versanumer\">33<\/span><\/a>en y\u00f0ur vil eg tv\u00edstra \u00e1 me\u00f0al hei\u00f0ingja; eg mun ver\u00f0a me\u00f0 brug\u00f0nu sver\u00f0i \u00e1 bak vi\u00f0 y\u00f0ur, svo a\u00f0 y\u00f0ar land leggist \u00ed au\u00f0n, og y\u00f0ar borgir ver\u00f0i a\u00f0 ey\u00f0im\u00f6rku.\u2014<a name=\"34\"><span class=\"versanumer\">34<\/span><\/a>\u00de\u00e1 skal landi\u00f0 gle\u00f0jast af s\u00ednum hv\u00edldart\u00edmum; alla \u00fe\u00e1 t\u00ed\u00f0, sem \u00fea\u00f0 er \u00ed ey\u00f0i og \u00fe\u00e9r eru\u00f0 \u00ed y\u00f0ar \u00f3vina landi, skal landi\u00f0 hv\u00edla og fagna yfir s\u00ednum hv\u00edldart\u00edmum.<a name=\"35\"><span class=\"versanumer\">35<\/span><\/a>Allan \u00feann t\u00edma, sem \u00fea\u00f0 liggur \u00ed ey\u00f0i, skal \u00fea\u00f0 hv\u00edla, \u00fev\u00ed \u00fea\u00f0 f\u00e9kk ekki hv\u00edld \u00e1 y\u00f0ar hv\u00edldart\u00edmum, \u00e1 me\u00f0an \u00fe\u00e9r bjuggu\u00f0 \u00ed \u00fev\u00ed;<a name=\"36\"><span class=\"versanumer\">36<\/span><\/a>en hj\u00f6rtu \u00feeirra, sem eftir ver\u00f0a, vil eg gj\u00f6ra svo huglaus, \u00ed \u00feeirra \u00f3vina landi, a\u00f0 \u00feytur vindi skekins laufbla\u00f0s reki \u00fe\u00e1 \u00e1 fl\u00f3tta og a\u00f0 \u00feeir fl\u00fdi sem fyrir sver\u00f0i, og falli \u00fe\u00f3 enginn elti,<a name=\"37\"><span class=\"versanumer\">37<\/span><\/a>og hv\u00f6r falli yfir annan \u00feveran \u00fe\u00f3 enginn elti, og hv\u00f6rgi skulu\u00f0 \u00fe\u00e9r geta sta\u00f0ist fyrir y\u00f0ar \u00f3vinum;<a name=\"38\"><span class=\"versanumer\">38<\/span><\/a>\u00fe\u00e9r skulu\u00f0 fyrirfarast \u00e1 me\u00f0al hei\u00f0inna \u00fej\u00f3\u00f0a, og land \u00f3vina y\u00f0ar skal uppeta y\u00f0ur;<a name=\"39\"><span class=\"versanumer\">39<\/span><\/a>en \u00feeir af y\u00f0ur sem eftirlifa skulu veslast upp \u00ed \u00feeirra misgj\u00f6r\u00f0um \u00ed landi y\u00f0ar fjandmanna, j\u00e1 vegna \u00feeirra fe\u00f0ra misgj\u00f6r\u00f0a skulu \u00feeir og uppveslast.<a name=\"40\"><span class=\"versanumer\">40<\/span><\/a>\u00de\u00e1 munu \u00feeir kannast vi\u00f0 s\u00edna misgj\u00f6rninga og sinna fe\u00f0ra misgj\u00f6rninga, \u00fe\u00e1 \u00feeir h\u00f6gu\u00f0u s\u00e9r sviksamlega vi\u00f0 mig, og breyttu \u00feverm\u00f3\u00f0skulega gegn m\u00e9r,<a name=\"41\"><span class=\"versanumer\">41<\/span><\/a>hv\u00f6rs vegna eg ver\u00f0 a\u00f0 ganga \u00e1 m\u00f3ti \u00feeim og reka \u00fe\u00e1 \u00ed \u00feeirra fjandmanna land. En ef \u00feeirra \u00f3umskornu hj\u00f6rtu \u00fe\u00e1 au\u00f0m\u00fdkja sig og l\u00e1ta s\u00e9r \u00fe\u00f3knast \u00feeirra misgj\u00f6r\u00f0a refsing,<a name=\"42\"><span class=\"versanumer\">42<\/span><\/a>\u00fe\u00e1 vil eg minnast m\u00edns s\u00e1ttm\u00e1la vi\u00f0 Jakob og m\u00edns s\u00e1ttm\u00e1la vi\u00f0 \u00cdsaak, j\u00e1 m\u00edns s\u00e1ttm\u00e1la vi\u00f0 Abraham vil eg minnast, og landsins vil eg minnast.<a name=\"43\"><span class=\"versanumer\">43<\/span><\/a>Landi\u00f0 skal yfirgefast af \u00feeim og gle\u00f0ja sig af s\u00ednum hv\u00edldart\u00edmum, \u00e1 me\u00f0an \u00fea\u00f0 liggur \u00ed ey\u00f0i og \u00feeir ekki \u00ed \u00fev\u00ed b\u00faa og \u00fattaka gj\u00f6ld sinna misgj\u00f6r\u00f0a; einmitt fyrir \u00fea\u00f0, a\u00f0 \u00feeir virtu l\u00edtils m\u00edn r\u00e9ttindi og \u00feeirra s\u00e1lu velgdi vi\u00f0 m\u00ednum setningum.<a name=\"44\"><span class=\"versanumer\">44<\/span><\/a>En \u00fer\u00e1tt fyrir \u00feetta hefi eg ekki, jafnvel \u00e1 me\u00f0an \u00feeir enn n\u00fa eru \u00ed \u00feeirra \u00f3vina landi, \u00fatsk\u00fafa\u00f0 \u00feeim, n\u00e9 burtsnara\u00f0 \u00feeim til a\u00f0 gj\u00f6ra \u00fat af vi\u00f0 \u00fe\u00e1, og \u00f3n\u00fdta minn s\u00e1ttm\u00e1la vi\u00f0 \u00fe\u00e1, \u00fev\u00ed eg er Drottinn \u00feeirra Gu\u00f0:<a name=\"45\"><span class=\"versanumer\">45<\/span><\/a>heldur vil eg minnast \u00feeirra, s\u00e1ttm\u00e1lans vi\u00f0 fe\u00f0urnar, sem eg leiddi \u00fat af Egyptalandi fyrir hei\u00f0ingjanna augs\u00fdn, svo a\u00f0 eg skyldi vera \u00feeirra Gu\u00f0. Eg er Drottinn.<br \/><a name=\"46\"><span class=\"versanumer\">46<\/span><\/a>\u00deetta eru \u00feeir setningar, r\u00e9ttindi og l\u00f6gm\u00e1l, sem Drottinn setti \u00e1 milli s\u00edn og \u00cdsraelsbarna \u00e1 fjallinu S\u00edna\u00ed fyrir h\u00f6nd M\u00f3sis.<\/p>\n<div class=\"footnoteVidey\">V. 5. Kornskeran enda\u00f0i seint \u00ed ma\u00ed\u00f3, v\u00ednyrkjan byrja\u00f0i \u00ed september; s\u00e1\u00f0t\u00edminn var \u00ed n\u00f3vember og desember. A\u00f0 \u00fereskingin vara\u00f0i til v\u00ednyrkjunnar og v\u00ednyrkjan til s\u00e1\u00f0t\u00edmans var \u00e1rs\u00e6ldarmerki. S\u00f6mulei\u00f0is var \u00fea\u00f0 n\u00e6gtamerki a\u00f0 korni\u00f0 komst ekki fyrir \u00ed kornhl\u00f6\u00f0unum, sbr. v. 10.  V. 24. Ganga \u00e1 m\u00f3ti y\u00f0ur, nl. sem til bardaga.  V. 26. Brj\u00f3ta brau\u00f0staf, \u00fe. e. svipta atvinnustofni, e\u00f0a svipta f\u00e6\u00f0una krafti til a\u00f0 metta og n\u00e6ra.  V. 30. \u00c1 h\u00e6\u00f0um var venja a\u00f0 f\u00e6ra f\u00f3rnir afgu\u00f0um. Margar \u00fej\u00f3\u00f0ir d\u00fdrku\u00f0u s\u00f3lina, sem \u00feeir h\u00e9ldu vera gu\u00f0.  V. 41. \u00d3umskori\u00f0 hjarta, \u00fe. e. hei\u00f0inglegt, \u00feverbroti\u00f0 hjartalag.<\/div>\n","protected":false},"excerpt":{"rendered":"<p>B\u00f6nnu\u00f0 afgu\u00f0ad\u00fdrkun. Fyrirheit um Drottins blessun ef \u00feeir hl\u00fd\u00f0a hans bo\u00f0um en h\u00f3tum alls slags \u00f3hamingju ef \u00feeir yfirtro\u00f0i \u00feau. 1\u00de\u00e9r skulu\u00f0 ekki gj\u00f6ra y\u00f0ur afgu\u00f0i n\u00e9 b\u00edl\u00e6ti, og ekki heldur uppreisa y\u00f0ur myndast\u00f3lpa, n\u00e9 tilb\u00faa myndarsteina til a\u00f0 tilbi\u00f0ja \u00feess h\u00e1ttar; \u00fev\u00ed a\u00f0 eg er Drottinn y\u00f0ar Gu\u00f0.2M\u00edna hv\u00edldardaga skulu\u00f0 \u00fe\u00e9r var\u00f0veita, og fyrir m\u00ednum helgid\u00f3m skulu\u00f0 \u00fe\u00e9r vir\u00f0ingu bera. Eg er Drottinn y\u00f0ar Gu\u00f0.3Ef \u00fe\u00e9r breyti\u00f0 eftir m\u00ednum setningum og var\u00f0veiti\u00f0 m\u00edn bo\u00f0or\u00f0 og gj\u00f6ri\u00f0 eftir \u00feeim,4\u00fe\u00e1 vil eg gefa y\u00f0ur regn \u00e1 h\u00e6filegum t\u00edma, og landi\u00f0 skal gefa y\u00f0ur sinn gr\u00f3\u00f0a og tr\u00e9n \u00e1 m\u00f6rkinni \u00feeirra \u00e1v\u00f6xt.5\u00dereskingart\u00edminn <a href=\"https:\/\/biblian.is\/videy\/thridja-mosebok-26-kafli\/\"> [&#8230;]<\/a><\/p>\n","protected":false},"author":1,"featured_media":0,"parent":0,"menu_order":0,"comment_status":"open","ping_status":"open","template":"bibliukaflar.php","meta":{"footnotes":""},"class_list":["post-20965","page","type-page","status-publish","hentry"],"_links":{"self":[{"href":"https:\/\/biblian.is\/videy\/wp-json\/wp\/v2\/pages\/20965","targetHints":{"allow":["GET"]}}],"collection":[{"href":"https:\/\/biblian.is\/videy\/wp-json\/wp\/v2\/pages"}],"about":[{"href":"https:\/\/biblian.is\/videy\/wp-json\/wp\/v2\/types\/page"}],"author":[{"embeddable":true,"href":"https:\/\/biblian.is\/videy\/wp-json\/wp\/v2\/users\/1"}],"replies":[{"embeddable":true,"href":"https:\/\/biblian.is\/videy\/wp-json\/wp\/v2\/comments?post=20965"}],"version-history":[{"count":0,"href":"https:\/\/biblian.is\/videy\/wp-json\/wp\/v2\/pages\/20965\/revisions"}],"wp:attachment":[{"href":"https:\/\/biblian.is\/videy\/wp-json\/wp\/v2\/media?parent=20965"}],"curies":[{"name":"wp","href":"https:\/\/api.w.org\/{rel}","templated":true}]}}