{"id":20964,"date":"2018-01-02T00:59:41","date_gmt":"2018-01-02T00:59:41","guid":{"rendered":"http:\/\/biblian.is\/videy\/thridja-mosebok-25-kafli\/"},"modified":"2018-01-02T00:59:41","modified_gmt":"2018-01-02T00:59:41","slug":"thridja-mosebok-25-kafli","status":"publish","type":"page","link":"https:\/\/biblian.is\/videy\/thridja-mosebok-25-kafli\/","title":{"rendered":"\u00deri\u00f0ja M\u00f3seb\u00f3k 25. kafli"},"content":{"rendered":"<div class=\"fyrirsognVidey\">Um hv\u00edldar\u00e1ri\u00f0 og fagna\u00f0ar\u00e1ri\u00f0.<\/div>\n<p><a name=\"1\"><span class=\"versanumer\">1<\/span><\/a>Og Drottinn tala\u00f0i ennframar vi\u00f0 M\u00f3ses \u00e1 fjallinu S\u00edna\u00ed \u00feannig:<a name=\"2\"><span class=\"versanumer\">2<\/span><\/a>Tala \u00fe\u00fa til \u00cdsraelsbarna og seg \u00feeim, a\u00f0 \u00feegar \u00feau koma inn \u00ed landi\u00f0, sem eg gef y\u00f0ur, \u00fe\u00e1 skal landi\u00f0 halda Drottni hv\u00edld.<a name=\"3\"><span class=\"versanumer\">3<\/span><\/a>Sex \u00e1r skaltu s\u00e1 \u00feinn akur og sex \u00e1r klippa \u00feinn v\u00edngar\u00f0 og innsafna hans gr\u00f3\u00f0a;<a name=\"4\"><span class=\"versanumer\">4<\/span><\/a>en \u00e1 sj\u00f6unda \u00e1rinu skal vera h\u00e1t\u00ed\u00f0leg hv\u00edld, hv\u00edld Drottni <span class='VideyAth'>(til d\u00fdr\u00f0ar)<\/span>; akur \u00feinn skaltu \u00fe\u00e1 ekki s\u00e1, og \u00feinn v\u00edngar\u00f0 ekki klippa;<a name=\"5\"><span class=\"versanumer\">5<\/span><\/a>\u00fea\u00f0 korn, sem vex eftir \u00fe\u00edna haustyrkju af sj\u00e1lfu s\u00e9r, skaltu ekki uppskera, og v\u00ednber \u00feess \u00f3klippta v\u00ednvi\u00f0ar skaltu ekki taka; landi\u00f0 skal hafa h\u00e1t\u00ed\u00f0lega hv\u00edld;<a name=\"6\"><span class=\"versanumer\">6<\/span><\/a>\u00fea\u00f0 sem landi\u00f0 \u00ed hv\u00edld sinni <span class='VideyAth'>(gefur)<\/span> y\u00f0ur til f\u00e6\u00f0u, \u00fea\u00f0 skal vera handa \u00fe\u00e9r, \u00fe\u00ednum \u00fer\u00e6li, \u00feinni amb\u00e1tt, \u00fe\u00ednum daglaunamanni, og \u00feeim \u00fatlendu sem b\u00faa hj\u00e1 \u00fe\u00e9r,<a name=\"7\"><span class=\"versanumer\">7<\/span><\/a>og handa \u00fe\u00ednum f\u00e9na\u00f0i og villud\u00fdrunum sem eru \u00ed \u00fe\u00ednu landi; allur gr\u00f3\u00f0inn skal vera \u00feessu til f\u00e6\u00f0u. <br \/><a name=\"8\"><span class=\"versanumer\">8<\/span><\/a>\u00de\u00fa skalt telja sj\u00f6 hv\u00edldar\u00e1r, sj\u00f6 sinnum sj\u00f6 \u00e1r, svo a\u00f0 t\u00edmi \u00feeirrar sj\u00f6 hv\u00edldar\u00e1ra ver\u00f0i n\u00edu \u00e1r og fj\u00f6rut\u00edu,<a name=\"9\"><span class=\"versanumer\">9<\/span><\/a>\u00fe\u00e1 skaltu \u00e1 \u00feeim t\u00edunda degi \u00feess sj\u00f6unda m\u00e1na\u00f0ar l\u00e1ta b\u00e1s\u00fanuna gella, \u00e1 forl\u00edkunardeginum skulu\u00f0 \u00fe\u00e9r l\u00e1ta b\u00e1s\u00fanuna hlj\u00f3ma um allt y\u00f0vart land,<a name=\"10\"><span class=\"versanumer\">10<\/span><\/a>og halda heilagt \u00fea\u00f0 fimmtugasta \u00e1r, og \u00fathr\u00f3pa frelsi \u00ed landinu fyrir alla \u00fe\u00e1, sem b\u00faa \u00ed \u00fev\u00ed; \u00fea\u00f0 skal vera y\u00f0ur fagna\u00f0ar\u00e1r, \u00fev\u00ed \u00fe\u00e1 skal hv\u00f6r koma aftur til s\u00edns \u00f3\u00f0als, og hv\u00f6r sn\u00faa aftur til sinnar \u00e6ttar.<a name=\"11\"><span class=\"versanumer\">11<\/span><\/a>Hi\u00f0 fimmtugasta \u00e1r skal vera y\u00f0ur fagna\u00f0ar\u00e1r; \u00fe\u00e9r skulu\u00f0 ekki s\u00e1 og ekki uppskera \u00fea\u00f0, sem vaxi\u00f0 hefir af \u00fev\u00ed ni\u00f0urfallna s\u00e6\u00f0i, n\u00e9 lesa v\u00ednber af \u00fev\u00ed \u00f3klippta v\u00edntr\u00e9;<a name=\"12\"><span class=\"versanumer\">12<\/span><\/a>\u00fev\u00ed \u00fea\u00f0 er fagna\u00f0ar\u00e1r, \u00fea\u00f0 s\u00e9 y\u00f0ur heilagt; \u00fe\u00e9r skulu\u00f0 eta af merkurinnar gr\u00f3\u00f0a.<a name=\"13\"><span class=\"versanumer\">13<\/span><\/a>\u00c1 \u00feessu fagna\u00f0ar\u00e1ri skal hv\u00f6r koma aftur til s\u00edns \u00f3\u00f0als.<a name=\"14\"><span class=\"versanumer\">14<\/span><\/a>\u00deegar \u00fe\u00e9r selji\u00f0 nokkurn hlut n\u00e1unga y\u00f0ar, e\u00f0a kaupi\u00f0 af honum, \u00fe\u00e1 skal enginn \u00e1s\u00e6last sinn br\u00f3\u00f0ur;<a name=\"15\"><span class=\"versanumer\">15<\/span><\/a>eftir t\u00f6lu \u00e1ranna <span class='VideyAth'>(sem li\u00f0in eru)<\/span> fr\u00e1 fagna\u00f0ar\u00e1rinu skaltu kaupa af \u00fe\u00ednum n\u00e1unga, eftir \u00e1rat\u00f6lu gr\u00f3\u00f0ans skal hann selja \u00fe\u00e9r.<a name=\"16\"><span class=\"versanumer\">16<\/span><\/a>Eftir tilt\u00f6lu, sem \u00e1rin eru fleiri eftir, skaltu l\u00e1ta ver\u00f0i\u00f0 h\u00e6kka, og eftir sem \u00feau eru f\u00e6rri l\u00e6kka, \u00fev\u00ed \u00fea\u00f0 er eftir t\u00f6lu uppskeranna hann selur \u00fe\u00e9r.<a name=\"17\"><span class=\"versanumer\">17<\/span><\/a>Enginn \u00e1s\u00e6list sinn n\u00e1unga, heldur skaltu \u00f3ttast \u00feinn Gu\u00f0, \u00fev\u00ed eg er Drottinn y\u00f0ar Gu\u00f0.<a name=\"18\"><span class=\"versanumer\">18<\/span><\/a>\u00de\u00e9r skulu\u00f0 gj\u00f6ra eftir m\u00ednum setningum og var\u00f0veita m\u00edn bo\u00f0or\u00f0 og breyta eftir \u00feeim; \u00fe\u00e1 skulu\u00f0 \u00fe\u00e9r \u00f3ttalausir b\u00faa \u00ed landinu;<a name=\"19\"><span class=\"versanumer\">19<\/span><\/a>landi\u00f0 skal gefa y\u00f0ur sinn gr\u00f3\u00f0a, og \u00fe\u00e9r skulu\u00f0 hafa gn\u00e6g\u00f0 a\u00f0 eta, og ugglausir b\u00faa \u00ed \u00fev\u00ed.<a name=\"20\"><span class=\"versanumer\">20<\/span><\/a>Og ef \u00fe\u00e9r spyrji\u00f0: hva\u00f0 skulum v\u00e9r eta \u00e1 \u00fev\u00ed sj\u00f6unda \u00e1ri, sj\u00e1! v\u00e9r megum ekki s\u00e1, og ekki safna vorum gr\u00f3\u00f0a?<a name=\"21\"><span class=\"versanumer\">21<\/span><\/a>\u00fe\u00e1 vil eg l\u00e1ta m\u00edna blessun svolei\u00f0is \u00ed t\u00e9 \u00e1 sj\u00f6tta \u00e1rinu, a\u00f0 landi\u00f0 gefi gr\u00f3\u00f0a fyrir \u00ferj\u00fa \u00e1r,<a name=\"22\"><span class=\"versanumer\">22<\/span><\/a>svo a\u00f0 \u00feegar \u00fe\u00e9r s\u00e1i\u00f0 \u00e1 \u00fev\u00ed \u00e1ttunda \u00e1ri, \u00fe\u00e1 skulu\u00f0 \u00fe\u00e9r eta af \u00feeim forna gr\u00f3\u00f0a; allt \u00feanga\u00f0 til gr\u00f3\u00f0i n\u00edunda \u00e1rsins er kominn, skulu\u00f0 \u00fe\u00e9r eta hinn forna <span class='VideyAth'>(gr\u00f3\u00f0a)<\/span>. <br \/><a name=\"23\"><span class=\"versanumer\">23<\/span><\/a>Landi\u00f0 m\u00e1ttu ekki afsala \u00fe\u00e9r a\u00f0 fullu, \u00fev\u00ed a\u00f0 landi\u00f0 er mitt; \u00fe\u00e9r eru\u00f0 framandi, en b\u00fasettir hj\u00e1 m\u00e9r;<a name=\"24\"><span class=\"versanumer\">24<\/span><\/a>en \u00ed \u00f6llu y\u00f0ar eignarlandi skulu\u00f0 \u00fe\u00e9r eftirl\u00e1ta erfingjanum <span class='VideyAth'>(innlausnarr\u00e9tt)<\/span> landsins.<a name=\"25\"><span class=\"versanumer\">25<\/span><\/a>Ef f\u00e9 \u00fer\u00fdtur svo fyrir n\u00e1unga \u00fe\u00ednum, a\u00f0 hann ver\u00f0ur a\u00f0 selja af eign sinni, \u00fe\u00e1 skal erfinginn, n\u00e1fr\u00e6ndi hans, koma og leysa \u00fea\u00f0, sem \u00feinn n\u00e1ungi hefir selt;<a name=\"26\"><span class=\"versanumer\">26<\/span><\/a>en hafi hann engan erfingja, en hann sj\u00e1lfur hefir \u00fatveg til a\u00f0 geta greitt lausnarver\u00f0i\u00f0,<a name=\"27\"><span class=\"versanumer\">27<\/span><\/a>\u00fe\u00e1 skal hann reikna \u00e1rin fr\u00e1 \u00fev\u00ed hann seldi, og gjalda \u00fea\u00f0 sem eftirstendur \u00feeim manni, sem hann seldi og \u00fe\u00e1 kemur hann til \u00f3\u00f0als s\u00edns aftur.<a name=\"28\"><span class=\"versanumer\">28<\/span><\/a>En hafi hann ekki efni til a\u00f0 leysa til s\u00edn \u00f3\u00f0al sitt, \u00fe\u00e1 skal s\u00e1 sem keypt hefir halda \u00fev\u00ed selda til fagna\u00f0ar\u00e1rsins, en \u00fe\u00e1 gengur \u00fea\u00f0 \u00far eigu hans, og hinn skal \u00fe\u00e1 aftur koma til sinnar eignar.<a name=\"29\"><span class=\"versanumer\">29<\/span><\/a>En selji nokkur \u00edb\u00fa\u00f0arh\u00fas \u00ed m\u00fargirtri borg, skal hann hafa heils \u00e1rs frest til a\u00f0 leysa \u00fea\u00f0 aftur, svo lengi hefir hann innlausnarr\u00e9tt;<a name=\"30\"><span class=\"versanumer\">30<\/span><\/a>en leysi hann \u00fea\u00f0 ekki aftur fyrr en allt \u00e1ri\u00f0 er li\u00f0i\u00f0, \u00fe\u00e1 haldi kaupandinn og hans eftirkomendur h\u00fasinu \u00ed \u00feeirri m\u00fargirtu borg me\u00f0 fullum afsalsr\u00e9tti, \u00fea\u00f0 gangi ekki \u00far kaupandans eign \u00e1 fagna\u00f0ar\u00e1rinu.<a name=\"31\"><span class=\"versanumer\">31<\/span><\/a>En h\u00fas \u00ed \u00feorpum sem ekki eru m\u00fari girt, \u00feau skulu menn reikna til akurlendis; \u00feau skulu standa til lausnar, \u00e1 fagna\u00f0ar\u00e1rinu skulu \u00feau fara \u00far kaupandans eign.<a name=\"32\"><span class=\"versanumer\">32<\/span><\/a>En sta\u00f0ir Lev\u00edtanna og h\u00fas \u00ed \u00feeim st\u00f6\u00f0um sem \u00feeir eiga, standa til \u00e6varandi lausnar fyrir Lev\u00edtana.<a name=\"33\"><span class=\"versanumer\">33<\/span><\/a>Brig\u00f0i ma\u00f0ur af Lev\u00edta eftir brig\u00f0ar\u00e9tti, \u00fe\u00e1 gengur hi\u00f0 selda h\u00fas \u00ed hans eignarborg <span class='VideyAth'>(til baka)<\/span> \u00far eigu hans \u00e1 fagna\u00f0ar\u00e1rinu; \u00fev\u00ed a\u00f0 h\u00fasin \u00ed Lev\u00edtanna borgum eru \u00feeirra eign \u00e1 me\u00f0al \u00cdsraelsbarna.<a name=\"34\"><span class=\"versanumer\">34<\/span><\/a>En m\u00f6rkin, beitiland borgar \u00feeirra, m\u00e1 ekki seljast, h\u00fan er \u00feeirra \u00e6varandi eign.<br \/><a name=\"35\"><span class=\"versanumer\">35<\/span><\/a>Ef \u00feinn br\u00f3\u00f0ir kemst \u00ed f\u00e1t\u00e6kt og f\u00e9 hans gengur til \u00feurr\u00f0ar hj\u00e1 \u00fe\u00e9r, \u00fe\u00e1 skaltu a\u00f0sto\u00f0a hann, \u00fe\u00f3 hann s\u00e9 \u00fatlendur og framandi, svo a\u00f0 hann geti lifa\u00f0 hj\u00e1 \u00fe\u00e9r;<a name=\"36\"><span class=\"versanumer\">36<\/span><\/a>\u00fe\u00fa skalt ekki taka af honum rentu e\u00f0ur aukagj\u00f6ld, heldur skaltu \u00f3ttast \u00feinn Gu\u00f0, svo a\u00f0 \u00feinn br\u00f3\u00f0ir megi lifa hj\u00e1 \u00fe\u00e9r.<a name=\"37\"><span class=\"versanumer\">37<\/span><\/a>\u00de\u00fa skalt ekki f\u00e1 honum f\u00e9 \u00feitt \u00e1 rentu e\u00f0a hj\u00e1lpa honum um matv\u00e6li me\u00f0 okri.<a name=\"38\"><span class=\"versanumer\">38<\/span><\/a>Eg er Drottinn y\u00f0ar Gu\u00f0, sem leiddi y\u00f0ur \u00fat af Egyptalandi til \u00feess a\u00f0 eg g\u00e6fi y\u00f0ur Kanaansland, svo a\u00f0 eg v\u00e6ri y\u00f0ar Gu\u00f0. <br \/><a name=\"39\"><span class=\"versanumer\">39<\/span><\/a>Ef a\u00f0 br\u00f3\u00f0ir \u00feinn kemur \u00ed f\u00e1t\u00e6kt hj\u00e1 \u00fe\u00e9r og selur sig \u00fe\u00e9r, \u00fe\u00e1 skaltu ekki leggja \u00e1 hann <span class='VideyAth'>(\u00e1nau\u00f0ugs)<\/span> \u00fer\u00e6ls vinnu;<a name=\"40\"><span class=\"versanumer\">40<\/span><\/a>hann skal vera hj\u00e1 \u00fe\u00e9r sem daglaunama\u00f0ur, og framandi; til fagna\u00f0ar\u00e1rsins skal hann \u00fej\u00f3na \u00fe\u00e9r,<a name=\"41\"><span class=\"versanumer\">41<\/span><\/a>en \u00fe\u00e1 skal hann fara fr\u00e1 \u00fe\u00e9r og synir hans me\u00f0 honum, og hverfa til sinnar \u00e6ttar, til eignar fe\u00f0ra hans skal hann aftur hverfa;<a name=\"42\"><span class=\"versanumer\">42<\/span><\/a>\u00feeir eru m\u00ednir \u00fej\u00f3nar, sem eg hefi \u00fatleitt af Egyptalandi, \u00feeir mega ekki seljast, sem \u00e1nau\u00f0ugir \u00fer\u00e6lar;<a name=\"43\"><span class=\"versanumer\">43<\/span><\/a>og \u00fe\u00fa m\u00e1tt ekki \u00f3miskunnsamlega drottna yfir \u00feeim, heldur skaltu \u00f3ttast \u00feinn Gu\u00f0.<a name=\"44\"><span class=\"versanumer\">44<\/span><\/a>En ef \u00fe\u00fa vilt f\u00e1 \u00fe\u00e9r \u00e1nau\u00f0uga \u00fer\u00e6la og amb\u00e1ttir, \u00fe\u00e1 skulu\u00f0 \u00fe\u00e9r kaupa y\u00f0ur \u00fer\u00e6la og amb\u00e1ttir af \u00fej\u00f3\u00f0um \u00feeim, sem \u00ed kringum y\u00f0ur b\u00faa;<a name=\"45\"><span class=\"versanumer\">45<\/span><\/a>l\u00edka b\u00f6rn \u00feeirra framandi og \u00fatlendu, sem b\u00faa hj\u00e1 y\u00f0ur, og b\u00f6rn af \u00e6tt \u00feeirra, sem eru hj\u00e1 y\u00f0ur, er \u00feeir hafa \u00e1tt \u00ed y\u00f0ar landi, \u00feau mega vera y\u00f0ar eign;<a name=\"46\"><span class=\"versanumer\">46<\/span><\/a>\u00feau megi\u00f0 \u00fe\u00e9r l\u00e1ta eftir y\u00f0ur \u00ed arf b\u00f6rnum y\u00f0ar til eignar og hafa \u00feau sem \u00e6vinlega \u00fer\u00e6la; en yfir y\u00f0ar br\u00e6\u00f0rum, \u00cdsraelsb\u00f6rnum, m\u00e1 enginn har\u00f0lega drottna.<a name=\"47\"><span class=\"versanumer\">47<\/span><\/a>En ef s\u00e1 \u00fatlendi, s\u00e1 framandi sem b\u00fdr hj\u00e1 \u00fe\u00e9r, au\u00f0gast, og br\u00f3\u00f0ir \u00feinn kemst \u00ed f\u00e1t\u00e6kt hj\u00e1 \u00fe\u00e9r og selur sig til \u00feess \u00fatlenda, sem er b\u00fasettur hj\u00e1 \u00fe\u00e9r, ellegar til nokkurs af \u00fatlendri \u00e6tt sem hefir fengi\u00f0 b\u00f3lfestu,<a name=\"48\"><span class=\"versanumer\">48<\/span><\/a>\u00fe\u00e1 skal hann hafa lausnarr\u00e9tt eftir \u00fea\u00f0 a\u00f0 hann er seldur, einhv\u00f6r af \u00e6ttingjum hans skal leysa hann,<a name=\"49\"><span class=\"versanumer\">49<\/span><\/a>anna\u00f0hv\u00f6rt f\u00f6\u00f0urbr\u00f3\u00f0ir e\u00f0a br\u00e6\u00f0rungur, e\u00f0a einhv\u00f6r n\u00e1fr\u00e6ndi, af hans \u00e6tt, e\u00f0a ef hann sj\u00e1lfur f\u00e6r efni \u00e1 \u00fev\u00ed, \u00fe\u00e1 hefir hann r\u00e9tt til lausnar,<a name=\"50\"><span class=\"versanumer\">50<\/span><\/a>og hann skal \u00fe\u00e1 reikna vi\u00f0 \u00feann, sem keypti hann, fr\u00e1 \u00fev\u00ed \u00e1ri \u00e1 hv\u00f6rju hann var seldur til fagna\u00f0ar\u00e1rsins, og ver\u00f0i\u00f0 sem hann var seldur fyrir skal skiptast \u00e1 \u00e1rin, en hann skal \u00e1l\u00edtast eins og hann hef\u00f0i veri\u00f0 daglaunama\u00f0ur hj\u00e1 honum.<a name=\"51\"><span class=\"versanumer\">51<\/span><\/a>S\u00e9u m\u00f6rg \u00e1r eftir, skal hann eftir tilt\u00f6lu gjalda fyrir lausn s\u00edna meira af ver\u00f0inu, sem hann var keyptur fyrir;<a name=\"52\"><span class=\"versanumer\">52<\/span><\/a>en s\u00e9u f\u00e1 \u00e1r eftir til fagna\u00f0ar\u00e1rsins, skal hann reikna honum \u00fea\u00f0; eftir \u00e1rat\u00f6lunni skal hann gjalda fyrir s\u00edna lausn.<a name=\"53\"><span class=\"versanumer\">53<\/span><\/a>\u00c1r fr\u00e1 \u00e1ri skal hann me\u00f0farast sem daglaunama\u00f0ur hj\u00e1 honum, og ekki skal hann me\u00f0 har\u00f0\u00fd\u00f0gi drottna yfir honum fyrir \u00fe\u00ednum augum.<a name=\"54\"><span class=\"versanumer\">54<\/span><\/a>En ef hann ekki leysist me\u00f0 \u00feessum h\u00e6tti, fari hann samt \u00far <span class='VideyAth'>(\u00fer\u00e6ld\u00f3mnum)<\/span> \u00e1 fagna\u00f0ar\u00e1rinu, og b\u00f6rn hans me\u00f0 honum;<a name=\"55\"><span class=\"versanumer\">55<\/span><\/a>\u00fev\u00ed \u00cdsraelsb\u00f6rn eru m\u00ednir \u00fej\u00f3nar, m\u00ednir \u00fej\u00f3nar eru \u00feeir, sem eg leiddi \u00fat af Egyptalandi. Eg er Drottinn y\u00f0ar Gu\u00f0.<\/p>\n<div class=\"footnoteVidey\">V. 3. Klippa: menn burtsnei\u00f0a kvistu af aldintrj\u00e1m og toppa greina, \u00fe\u00f3 s\u00e9rdeilis af v\u00ednvi\u00f0, svo v\u00f6xturinn leggist til \u00e1vaxtarins.  V. 5. A\u00f0 hv\u00edla akurinn gj\u00f6rir hann ar\u00f0meiri. \u00dear a\u00f0 auki \u00e1tti hv\u00edldar\u00e1ri\u00f0 a\u00f0 minna \u00e1 sk\u00f6punarverki\u00f0 eins og hv\u00edldardagurinn. 1 M\u00f3s. 1,1\u20133. 2 M\u00f3s. 20,11.  V. 6. Gefur: sj\u00e1lfkrafa.  V. 10. Fagna\u00f0ar\u00e1ri\u00f0 var hv\u00f6rt 50ta \u00e1r; hv\u00edldar\u00e1ri\u00f0 hv\u00f6rt sj\u00f6unda, \u00fev\u00ed sj\u00f6 sinnum sj\u00f6unda var sleppt, e\u00f0a 49da. \u00c1 fagna\u00f0ar\u00e1rinu f\u00e9kk hv\u00f6r j\u00f6r\u00f0 s\u00edna aftur kauplaust, sem hann haf\u00f0i selt, e\u00f0a hans erfingjar, \u00fev\u00ed ar\u00f0ur hennar var b\u00fainn a\u00f0 betala hennar ver\u00f0. \u00deeir sem \u00ed \u00fer\u00e6ld\u00f3m h\u00f6f\u00f0u komist af Gy\u00f0ingum vegna einhv\u00f6rra orsaka (sj\u00e1 2 M\u00f3s. 22,3. 2 K\u00f3ngb. 4,1. Matt. 15,25) ur\u00f0u lausir \u00e1 \u00fev\u00ed (2 M\u00f3s. 21,2\u201311) eins og \u00e1 hv\u00f6rju \u00f6\u00f0ru hv\u00edldar\u00e1ri.  V. 16. \u00c1rin fleiri: til fagna\u00f0ar\u00e1rsins.  V. 34. Sbr. 4 M\u00f3s. 35,1\u20138.  V. 39. Me\u00f0 \u00fer\u00e6la var \u00ed forn\u00f6ld fari\u00f0 sem gripi, og er enn \u00fear sem \u00fer\u00e6ld\u00f3mur vi\u00f0helst. M\u00f3sisl\u00f6g s\u00fdndu nokkra v\u00e6g\u00f0 (2 M\u00f3s. 20,10. 21,20.21. 5 M\u00f3s. 5,14\u201315. 12,17.18) \u00fatlendum \u00fer\u00e6lum; me\u00f0 hebreska \u00fer\u00e6la skipa \u00feau a\u00f0 fara sem daglaunamenn. Sj\u00e1 ennfremur skgr. til v. 10.<\/div>\n","protected":false},"excerpt":{"rendered":"<p>Um hv\u00edldar\u00e1ri\u00f0 og fagna\u00f0ar\u00e1ri\u00f0. 1Og Drottinn tala\u00f0i ennframar vi\u00f0 M\u00f3ses \u00e1 fjallinu S\u00edna\u00ed \u00feannig:2Tala \u00fe\u00fa til \u00cdsraelsbarna og seg \u00feeim, a\u00f0 \u00feegar \u00feau koma inn \u00ed landi\u00f0, sem eg gef y\u00f0ur, \u00fe\u00e1 skal landi\u00f0 halda Drottni hv\u00edld.3Sex \u00e1r skaltu s\u00e1 \u00feinn akur og sex \u00e1r klippa \u00feinn v\u00edngar\u00f0 og innsafna hans gr\u00f3\u00f0a;4en \u00e1 sj\u00f6unda \u00e1rinu skal vera h\u00e1t\u00ed\u00f0leg hv\u00edld, hv\u00edld Drottni (til d\u00fdr\u00f0ar); akur \u00feinn skaltu \u00fe\u00e1 ekki s\u00e1, og \u00feinn v\u00edngar\u00f0 ekki klippa;5\u00fea\u00f0 korn, sem vex eftir \u00fe\u00edna haustyrkju af sj\u00e1lfu s\u00e9r, skaltu ekki uppskera, og v\u00ednber \u00feess \u00f3klippta v\u00ednvi\u00f0ar skaltu ekki taka; landi\u00f0 skal hafa h\u00e1t\u00ed\u00f0lega hv\u00edld;6\u00fea\u00f0 sem <a href=\"https:\/\/biblian.is\/videy\/thridja-mosebok-25-kafli\/\"> [&#8230;]<\/a><\/p>\n","protected":false},"author":1,"featured_media":0,"parent":0,"menu_order":0,"comment_status":"open","ping_status":"open","template":"bibliukaflar.php","meta":{"footnotes":""},"class_list":["post-20964","page","type-page","status-publish","hentry"],"_links":{"self":[{"href":"https:\/\/biblian.is\/videy\/wp-json\/wp\/v2\/pages\/20964","targetHints":{"allow":["GET"]}}],"collection":[{"href":"https:\/\/biblian.is\/videy\/wp-json\/wp\/v2\/pages"}],"about":[{"href":"https:\/\/biblian.is\/videy\/wp-json\/wp\/v2\/types\/page"}],"author":[{"embeddable":true,"href":"https:\/\/biblian.is\/videy\/wp-json\/wp\/v2\/users\/1"}],"replies":[{"embeddable":true,"href":"https:\/\/biblian.is\/videy\/wp-json\/wp\/v2\/comments?post=20964"}],"version-history":[{"count":0,"href":"https:\/\/biblian.is\/videy\/wp-json\/wp\/v2\/pages\/20964\/revisions"}],"wp:attachment":[{"href":"https:\/\/biblian.is\/videy\/wp-json\/wp\/v2\/media?parent=20964"}],"curies":[{"name":"wp","href":"https:\/\/api.w.org\/{rel}","templated":true}]}}