{"id":20963,"date":"2018-01-02T00:59:41","date_gmt":"2018-01-02T00:59:41","guid":{"rendered":"http:\/\/biblian.is\/videy\/thridja-mosebok-24-kafli\/"},"modified":"2018-01-02T00:59:41","modified_gmt":"2018-01-02T00:59:41","slug":"thridja-mosebok-24-kafli","status":"publish","type":"page","link":"https:\/\/biblian.is\/videy\/thridja-mosebok-24-kafli\/","title":{"rendered":"\u00deri\u00f0ja M\u00f3seb\u00f3k 24. kafli"},"content":{"rendered":"<div class=\"fyrirsognVidey\">L\u00f6gm\u00e1l um lj\u00f3sastjakana og sko\u00f0unarbrau\u00f0in. Gu\u00f0last, manndr\u00e1p og s. frv.<\/div>\n<p><a name=\"1\"><span class=\"versanumer\">1<\/span><\/a>Ennframar tala\u00f0i Drottinn vi\u00f0 M\u00f3ses og sag\u00f0i:<a name=\"2\"><span class=\"versanumer\">2<\/span><\/a>Bj\u00f3\u00f0 \u00fe\u00fa sonum \u00cdsraels a\u00f0 \u00feeir f\u00e6ri \u00fe\u00e9r t\u00e6rt vi\u00f0smj\u00f6rsvi\u00f0arsmj\u00f6r af sprengdum vi\u00f0smj\u00f6rsvi\u00f0arberjum til lj\u00f3sastjakanna, svo \u00e1 l\u00f6mpunum \u00e6t\u00ed\u00f0 logi;<a name=\"3\"><span class=\"versanumer\">3<\/span><\/a>fyrir framan fortjald l\u00f6gm\u00e1lsins \u00ed samkundutjaldb\u00fa\u00f0inni skal Aron sj\u00e1 um a\u00f0 lj\u00f3sin \u00e1 \u00feeim \u00e6t\u00ed\u00f0 logi fyrir augliti Drottins, fr\u00e1 kv\u00f6ldi til morguns. \u00deetta skal vera \u00e6varandi l\u00f6gm\u00e1l hj\u00e1 y\u00f0ar eftirkomendum.<a name=\"4\"><span class=\"versanumer\">4<\/span><\/a>Daglega skal hann ra\u00f0a lj\u00f3sunum, sem eru fyrir augliti Drottins ofan \u00e1 \u00fe\u00e1 f\u00f6gru lj\u00f3sastjaka. <br \/><a name=\"5\"><span class=\"versanumer\">5<\/span><\/a>S\u00f6mulei\u00f0is skaltu taka hveitimj\u00f6l, og baka af \u00fev\u00ed t\u00f3lf k\u00f6kur, tveir t\u00edundupartar <span class='VideyAth'>(efa)<\/span> skulu vera \u00ed hv\u00f6rri k\u00f6ku,<a name=\"6\"><span class=\"versanumer\">6<\/span><\/a>og \u00fe\u00e6r skaltu leggja \u00ed tv\u00e6r ra\u00f0ir, sex \u00ed r\u00f6\u00f0ina, \u00e1 \u00fea\u00f0 fagra bor\u00f0 fyrir augliti Drottins<a name=\"7\"><span class=\"versanumer\">7<\/span><\/a>og l\u00e1ta hj\u00e1 hv\u00f6rri r\u00f6\u00f0 hreint reykelsi, til f\u00e6\u00f0u, minningarf\u00f3rnar, eldf\u00f3rnar fyrir Drottin.<a name=\"8\"><span class=\"versanumer\">8<\/span><\/a>\u00c1 hv\u00f6rjum hv\u00edldardegi skal <span class='VideyAth'>(\u00e6\u00f0sti presturinn)<\/span> \u00feannig \u00e6vinlega ra\u00f0a fyrir augliti Drottins \u00feessum <span class='VideyAth'>(k\u00f6kum)<\/span>, sem \u00cdsraelsb\u00f6rn skulu tilleggja. \u00deetta er eil\u00edft l\u00f6gm\u00e1l;<a name=\"9\"><span class=\"versanumer\">9<\/span><\/a>og \u00fe\u00e6r s\u00e9u fyrir Aron og syni hans, er eti \u00fe\u00e6r \u00e1 helgum sta\u00f0, \u00fev\u00ed \u00fe\u00e6r eru h\u00e1heilagar me\u00f0al eldf\u00f3rna Drottins. \u00deetta er \u00e6varandi l\u00f6gm\u00e1l. <br \/><a name=\"10\"><span class=\"versanumer\">10<\/span><\/a>En \u00fea\u00f0 ske\u00f0i, a\u00f0 ma\u00f0ur nokkur, sonur \u00edsrael\u00edskrar kvinnu, en a\u00f0 fa\u00f0erni egypskur, er bj\u00f3 \u00e1 me\u00f0al \u00cdsraelsbarna, gekk \u00fat, og a\u00f0 \u00feessi sonur \u00feeirrar \u00edsrael\u00edt\u00edsku kvinnu og einn af \u00cdsraelsm\u00f6nnum komu \u00ed \u00fer\u00e6tu \u00ed herb\u00fa\u00f0unum,<a name=\"11\"><span class=\"versanumer\">11<\/span><\/a>og a\u00f0 sonur \u00feeirrar \u00edsrael\u00edt\u00edsku kvinnu form\u00e6lti Nafninu og lasta\u00f0i \u00fea\u00f0. Nafn m\u00f3\u00f0ur hans var Skelomit, og var d\u00f3ttir Dibr\u00ed af Dans \u00e6ttkv\u00edsl. Menn leiddu hann \u00fev\u00ed til M\u00f3ses,<a name=\"12\"><span class=\"versanumer\">12<\/span><\/a>og settu \u00ed var\u00f0hald, \u00fear til munnur Drottins \u00farskur\u00f0a\u00f0i um \u00fe\u00e1;<a name=\"13\"><span class=\"versanumer\">13<\/span><\/a>en Drottinn gaf M\u00f3sis \u00feennan \u00farskur\u00f0:<a name=\"14\"><span class=\"versanumer\">14<\/span><\/a>lei\u00f0 \u00fe\u00fa lastarann \u00fat fyrir herb\u00fa\u00f0irnar, og leggi allir \u00feeir, sem \u00e1heyrsla hafa veri\u00f0, hendur s\u00ednar \u00e1 h\u00f6fu\u00f0 honum og allur s\u00f6fnu\u00f0urinn lemji hann grj\u00f3ti.<a name=\"15\"><span class=\"versanumer\">15<\/span><\/a>En \u00f6llum \u00cdsraelsb\u00f6rnum skaltu kunngj\u00f6ra: a\u00f0 hv\u00f6r s\u00e1 ma\u00f0ur, sem form\u00e6lir Gu\u00f0i s\u00ednum, skuli bera s\u00edna misgj\u00f6r\u00f0,<a name=\"16\"><span class=\"versanumer\">16<\/span><\/a>s\u00e1 sem form\u00e6lir nafni Drottins skuli fortakslaust deyja, allur s\u00f6fnu\u00f0urinn skuli fortakslaust lemja hann grj\u00f3ti; svo vel s\u00e1 \u00fatlendi sem innlendi skulu, ef hann form\u00e6lir Nafninu, deyja. <br \/><a name=\"17\"><span class=\"versanumer\">17<\/span><\/a>Hv\u00f6r sem sl\u00e6r nokkurn mann \u00ed hel, skal v\u00e6g\u00f0arlaust deyja;<a name=\"18\"><span class=\"versanumer\">18<\/span><\/a>en ef hann drepur skepnu skal hann b\u00e6ta a\u00f0 fullu, grip fyrir grip;<a name=\"19\"><span class=\"versanumer\">19<\/span><\/a>en s\u00e1 sem gj\u00f6rir n\u00e1unga s\u00ednum \u00e1verka honum skal ske sama, sem hann hefir hinum gj\u00f6rt:<a name=\"20\"><span class=\"versanumer\">20<\/span><\/a>mei\u00f0sli fyrir mei\u00f0sli, auga fyrir auga, t\u00f6nn fyrir t\u00f6nn, s\u00e1 sami \u00e1verki sem hann hefir gj\u00f6rt \u00f6\u00f0rum manni, skal honum aftur \u00e1 m\u00f3t gj\u00f6rast sj\u00e1lfum.<a name=\"21\"><span class=\"versanumer\">21<\/span><\/a>S\u00e1 sem drepur grip, skal b\u00e6ta hann a\u00f0 fullu, en s\u00e1 sem drepur mann skal deyja.<a name=\"22\"><span class=\"versanumer\">22<\/span><\/a>Sama l\u00f6gm\u00e1l skal vera hj\u00e1 y\u00f0ur gildandi fyrir \u00feann \u00fatlenda sem \u00feann innlenda, \u00fev\u00ed a\u00f0 eg er Drottinn, y\u00f0ar Gu\u00f0.<a name=\"23\"><span class=\"versanumer\">23<\/span><\/a>Og M\u00f3ses kunngj\u00f6r\u00f0i \u00feetta \u00cdsraelsb\u00f6rnum, og menn f\u00f3ru me\u00f0 \u00feann, sem form\u00e6lt haf\u00f0i, \u00fat fyrir herb\u00fa\u00f0irnar svo a\u00f0 menn lemdu hann grj\u00f3ti; og \u00cdsraelsb\u00f6rn gj\u00f6r\u00f0u eins og Drottinn haf\u00f0i bo\u00f0i\u00f0 M\u00f3ses.<\/p>\n<div class=\"footnoteVidey\">V. 2. Um lj\u00f3sastjakana, sj\u00e1 2 M\u00f3s. 25,31\u201340. 40,24.  V. 3. Fortjald l\u00f6gm\u00e1lsins var \u00e1 milli \u00feess helgasta og allrahelgasta. 2 M\u00f3s. 25,10\u201321. 40,20.21. Fr\u00e1 s\u00e1ttm\u00e1lsarkarlokinu tala\u00f0i Gu\u00f0 vi\u00f0 M\u00f3ses. 2 M\u00f3s. 25,22. 4 M\u00f3s. 7,89.  V. 6. 2 M\u00f3s. 25,23\u201330. 40,22.23. Brau\u00f0in tilheyr\u00f0u prestunum \u00feegar \u00feau h\u00f6f\u00f0u legi\u00f0 \u00ed viku \u00e1 bor\u00f0inu og n\u00fd v\u00f3ru komin \u00ed sta\u00f0inn.  V. 11. Nafninu, \u00fe. e. Drottins nafni.  V. 17. 2 M\u00f3s. 21,12. ff.<\/div>\n","protected":false},"excerpt":{"rendered":"<p>L\u00f6gm\u00e1l um lj\u00f3sastjakana og sko\u00f0unarbrau\u00f0in. Gu\u00f0last, manndr\u00e1p og s. frv. 1Ennframar tala\u00f0i Drottinn vi\u00f0 M\u00f3ses og sag\u00f0i:2Bj\u00f3\u00f0 \u00fe\u00fa sonum \u00cdsraels a\u00f0 \u00feeir f\u00e6ri \u00fe\u00e9r t\u00e6rt vi\u00f0smj\u00f6rsvi\u00f0arsmj\u00f6r af sprengdum vi\u00f0smj\u00f6rsvi\u00f0arberjum til lj\u00f3sastjakanna, svo \u00e1 l\u00f6mpunum \u00e6t\u00ed\u00f0 logi;3fyrir framan fortjald l\u00f6gm\u00e1lsins \u00ed samkundutjaldb\u00fa\u00f0inni skal Aron sj\u00e1 um a\u00f0 lj\u00f3sin \u00e1 \u00feeim \u00e6t\u00ed\u00f0 logi fyrir augliti Drottins, fr\u00e1 kv\u00f6ldi til morguns. \u00deetta skal vera \u00e6varandi l\u00f6gm\u00e1l hj\u00e1 y\u00f0ar eftirkomendum.4Daglega skal hann ra\u00f0a lj\u00f3sunum, sem eru fyrir augliti Drottins ofan \u00e1 \u00fe\u00e1 f\u00f6gru lj\u00f3sastjaka. 5S\u00f6mulei\u00f0is skaltu taka hveitimj\u00f6l, og baka af \u00fev\u00ed t\u00f3lf k\u00f6kur, tveir t\u00edundupartar (efa) skulu vera \u00ed hv\u00f6rri k\u00f6ku,6og \u00fe\u00e6r skaltu <a href=\"https:\/\/biblian.is\/videy\/thridja-mosebok-24-kafli\/\"> [&#8230;]<\/a><\/p>\n","protected":false},"author":1,"featured_media":0,"parent":0,"menu_order":0,"comment_status":"open","ping_status":"open","template":"bibliukaflar.php","meta":{"footnotes":""},"class_list":["post-20963","page","type-page","status-publish","hentry"],"_links":{"self":[{"href":"https:\/\/biblian.is\/videy\/wp-json\/wp\/v2\/pages\/20963","targetHints":{"allow":["GET"]}}],"collection":[{"href":"https:\/\/biblian.is\/videy\/wp-json\/wp\/v2\/pages"}],"about":[{"href":"https:\/\/biblian.is\/videy\/wp-json\/wp\/v2\/types\/page"}],"author":[{"embeddable":true,"href":"https:\/\/biblian.is\/videy\/wp-json\/wp\/v2\/users\/1"}],"replies":[{"embeddable":true,"href":"https:\/\/biblian.is\/videy\/wp-json\/wp\/v2\/comments?post=20963"}],"version-history":[{"count":0,"href":"https:\/\/biblian.is\/videy\/wp-json\/wp\/v2\/pages\/20963\/revisions"}],"wp:attachment":[{"href":"https:\/\/biblian.is\/videy\/wp-json\/wp\/v2\/media?parent=20963"}],"curies":[{"name":"wp","href":"https:\/\/api.w.org\/{rel}","templated":true}]}}