{"id":20961,"date":"2018-01-02T00:59:41","date_gmt":"2018-01-02T00:59:41","guid":{"rendered":"http:\/\/biblian.is\/videy\/thridja-mosebok-22-kafli\/"},"modified":"2018-01-02T00:59:41","modified_gmt":"2018-01-02T00:59:41","slug":"thridja-mosebok-22-kafli","status":"publish","type":"page","link":"https:\/\/biblian.is\/videy\/thridja-mosebok-22-kafli\/","title":{"rendered":"\u00deri\u00f0ja M\u00f3seb\u00f3k 22. kafli"},"content":{"rendered":"<div class=\"fyrirsognVidey\">Prestal\u00f6g. Hv\u00f6rnig f\u00f3rnad\u00fdrin \u00e6ttu a\u00f0 vera.<\/div>\n<p><a name=\"1\"><span class=\"versanumer\">1<\/span><\/a>Ennframar tala\u00f0i Drottinn \u00feannig vi\u00f0 M\u00f3ses:<a name=\"2\"><span class=\"versanumer\">2<\/span><\/a>Bj\u00f3\u00f0 \u00fe\u00fa Aron og sonum hans, a\u00f0 \u00feeir haldi s\u00e9r fr\u00e1 \u00fev\u00ed, sem \u00cdsraelsb\u00f6rn hafa helga\u00f0, \u00fev\u00ed sem \u00feeir helga m\u00e9r, og vanhelgi ekki mitt heilaga nafn. Eg er Drottinn.<a name=\"3\"><span class=\"versanumer\">3<\/span><\/a>Nefnilega, seg \u00fe\u00fa \u00feeim: hv\u00f6r ma\u00f0ur \u00ed y\u00f0ar \u00e6tt, af y\u00f0ar afkomendum, sem, \u00e1 me\u00f0an hann er \u00f3hreinn, n\u00e1l\u00e6gir sig \u00fev\u00ed sem heilagt er, sem \u00cdsraelsb\u00f6rn hafa helga\u00f0 Drottni, hann skal uppr\u00e6tast fr\u00e1 m\u00ednu augliti. Eg er Drottinn.<a name=\"4\"><span class=\"versanumer\">4<\/span><\/a>Hv\u00f6r af afkomendum Arons, sem hefir l\u00edk\u00fer\u00e1, ellegar s\u00e1\u00f0fall, m\u00e1 ekki eta af \u00fev\u00ed, sem heilagt er, \u00feanga\u00f0 til hann er or\u00f0inn hreinn, og ekki heldur s\u00e1 sem snert hefir \u00fea\u00f0 sem af l\u00edki er saurga\u00f0;<a name=\"5\"><span class=\"versanumer\">5<\/span><\/a>n\u00e9 s\u00e1 sem snert hefir skri\u00f0kvikindi, sem gat saurga\u00f0 hann, e\u00f0a mann sem saurgar hann, af hv\u00f6rju helst sem hann er or\u00f0inn \u00f3hreinn.<a name=\"6\"><span class=\"versanumer\">6<\/span><\/a>S\u00e1 sem snertir \u00fev\u00edl\u00edkt er \u00f3hreinn til kv\u00f6lds, og m\u00e1 ekki eta af \u00fev\u00ed, sem heilagt er, nema hann laugi l\u00edkama sinn \u00ed vatni.<a name=\"7\"><span class=\"versanumer\">7<\/span><\/a>\u00deegar s\u00f3lin er undirgengin \u00fe\u00e1 er hann hreinn, og eftir \u00fea\u00f0 m\u00e1 hann eta af \u00fev\u00ed heilaga, \u00fev\u00ed \u00fea\u00f0 er hans f\u00e6\u00f0a.<a name=\"8\"><span class=\"versanumer\">8<\/span><\/a>\u00dea\u00f0 sem sj\u00e1lfdautt er, e\u00f0a d\u00fdrbiti\u00f0 m\u00e1 hann ekki eta, a\u00f0 hann ekki saurgist af \u00fev\u00ed. Eg er Drottinn.<a name=\"9\"><span class=\"versanumer\">9<\/span><\/a>\u00deeir skulu halda \u00fea\u00f0 sem eg hefi bo\u00f0i\u00f0 \u00feeim a\u00f0 halda, a\u00f0 \u00feeir ekki hla\u00f0i sig syndum og deyi \u00ed \u00feeim, vegna \u00feess a\u00f0 \u00feeir hafa vanhelga\u00f0 sig. Eg er Drottinn sem helga \u00fe\u00e1. <br \/><a name=\"10\"><span class=\"versanumer\">10<\/span><\/a>Enginn \u00fatlendur ma\u00f0ur m\u00e1 eta hi\u00f0 heilaga; s\u00e1 sem hefir h\u00fasn\u00e6\u00f0i hj\u00e1 prestinum e\u00f0a er daglaunama\u00f0ur hans, m\u00e1 ekki eta \u00fea\u00f0 sem heilagt er;<a name=\"11\"><span class=\"versanumer\">11<\/span><\/a>en s\u00e1 sem hann hefir fyrir s\u00edna peninga keypt, m\u00e1 eta \u00fear af, og eins s\u00e1 heimaf\u00e6ddi <span class='VideyAth'>(\u00fer\u00e6ll)<\/span>, \u00feeir mega eta f\u00e6\u00f0u prestsins.<a name=\"12\"><span class=\"versanumer\">12<\/span><\/a>En prestsd\u00f3ttirin, ef h\u00fan giftist \u00fatlendum manni, h\u00fan m\u00e1 ekki eta af \u00feeim helgu upplyftingarf\u00f3rnum.<a name=\"13\"><span class=\"versanumer\">13<\/span><\/a>En ef prestsd\u00f3ttirin ver\u00f0ur ekkja, e\u00f0a rekin burt af manni s\u00ednum, \u00e1 ekkert afkv\u00e6mi, og sn\u00fdr aftur \u00ed h\u00fas f\u00f6\u00f0ur s\u00edns, og er \u00fear eins og h\u00fan var \u00ed \u00e6sku sinni, \u00fe\u00e1 m\u00e1 h\u00fan eta af f\u00e6\u00f0u f\u00f6\u00f0ur s\u00edns; en enginn framandi m\u00e1 af henni eta.<a name=\"14\"><span class=\"versanumer\">14<\/span><\/a>Ef einhv\u00f6r af vang\u00e1 etur \u00fea\u00f0 sem heilagt er, \u00fe\u00e1 skal hann aftur b\u00e6ta prestinum \u00fea\u00f0 og fimmtung fram yfir;<a name=\"15\"><span class=\"versanumer\">15<\/span><\/a>svo a\u00f0 \u00cdsraelsb\u00f6rn vanhelgi ekki \u00fea\u00f0 sem \u00feau hafa helga\u00f0, \u00fea\u00f0 sem <span class='VideyAth'>(prestarnir)<\/span> hafa upplyft fyrir Drottin,<a name=\"16\"><span class=\"versanumer\">16<\/span><\/a>og ekki of\u00feyngi sig sj\u00e1lf me\u00f0 misgj\u00f6r\u00f0um og sekt me\u00f0 \u00fev\u00ed a\u00f0 eta \u00fea\u00f0 sem \u00feau hafa helga\u00f0, \u00fev\u00ed eg er Drottinn sem helgar \u00feau. <br \/><a name=\"17\"><span class=\"versanumer\">17<\/span><\/a>Ennframar tala\u00f0i Drottinn \u00feannig vi\u00f0 M\u00f3ses:<a name=\"18\"><span class=\"versanumer\">18<\/span><\/a>Tala \u00fe\u00fa til Arons, sona hans og allra \u00cdsraelsbarna og seg \u00feeim: Hv\u00f6r helst af h\u00fasi \u00cdsraels e\u00f0a \u00fatlendum \u00e1 me\u00f0al \u00cdsraels, sem vill frambera f\u00f3rnarg\u00e1fu, anna\u00f0hv\u00f6rt eftir heiti e\u00f0a af lostugum vilja til \u00feess menn f\u00e6ri \u00fea\u00f0 Drottni sem brennif\u00f3rnir,<a name=\"19\"><span class=\"versanumer\">19<\/span><\/a>til \u00feess a\u00f0 \u00fe\u00e9r ver\u00f0i\u00f0 honum vel\u00fe\u00f3knanlegir, \u00fe\u00e1 s\u00e9 \u00fea\u00f0 <span class='VideyAth'>(hann kemur me\u00f0)<\/span> karlkyns og l\u00fdtalaust, af nautum, sau\u00f0f\u00e9 e\u00f0a geitf\u00e9.<a name=\"20\"><span class=\"versanumer\">20<\/span><\/a>\u00dea\u00f0 sem nokkur l\u00fdti eru \u00e1 skulu \u00fe\u00e9r ekki koma me\u00f0, \u00fev\u00ed \u00fea\u00f0 aflar y\u00f0ur ekki vel\u00fe\u00f3knunar.<a name=\"21\"><span class=\"versanumer\">21<\/span><\/a>S\u00f6mulei\u00f0is, hv\u00f6r sem vill f\u00e6ra Drottni \u00feakkl\u00e6tisf\u00f3rn til a\u00f0 efna heit sitt, e\u00f0a af lostugum vilja, hv\u00f6rt \u00fea\u00f0 er af nautum e\u00f0a sm\u00e1f\u00e9na\u00f0i, \u00fe\u00e1 s\u00e9 \u00fea\u00f0 l\u00fdtalaust til \u00feess \u00fea\u00f0 ver\u00f0i vel\u00fe\u00f3knanlegt; engin l\u00fdti s\u00e9u \u00e1 \u00fev\u00ed.<a name=\"22\"><span class=\"versanumer\">22<\/span><\/a>\u00dea\u00f0 sem er blint, beinbroti\u00f0, s\u00e6rt, me\u00f0 \u00fatbrotum, skurfum e\u00f0a kl\u00e1\u00f0a, \u00fev\u00edl\u00edkt skulu\u00f0 \u00fe\u00e9r ekki f\u00e6ra Drottni, e\u00f0a l\u00e1ta nokku\u00f0 \u00fev\u00edl\u00edkt \u00e1 hans altari.<a name=\"23\"><span class=\"versanumer\">23<\/span><\/a>Nautkind e\u00f0a sau\u00f0kind, sem hefir einhv\u00f6rn lim \u00ed lengra e\u00f0a styttra lagi, m\u00e1ttu koma me\u00f0 sem f\u00f3rnf\u00e6r\u00f0a af lostugum vilja, en sem heitf\u00f3rn aflar \u00fev\u00edl\u00edkt ekki hylli.<a name=\"24\"><span class=\"versanumer\">24<\/span><\/a>\u00de\u00e9r skulu\u00f0 ekki f\u00e6ra Drottni \u00fea\u00f0 <span class='VideyAth'>(d\u00fdr)<\/span> sem vana\u00f0 er, hv\u00f6rt heldur \u00fea\u00f0 hefir gj\u00f6rt veri\u00f0 me\u00f0 kramningi, marningi, burttekt e\u00f0a skur\u00f0i; \u00ed y\u00f0ar landi megi\u00f0 \u00fe\u00e9r ei \u00feetta gj\u00f6ra.<a name=\"25\"><span class=\"versanumer\">25<\/span><\/a>Ekki skulu\u00f0 \u00fe\u00e9r taka vi\u00f0 nokkru \u00fev\u00edl\u00edku af hendi \u00feess \u00fatlenda og frambera sem f\u00e6\u00f0u y\u00f0vars Gu\u00f0s, \u00fev\u00ed \u00fea\u00f0 hefir skemmd \u00ed s\u00e9r og l\u00fdti og aflar y\u00f0ur engrar hylli.<br \/><a name=\"26\"><span class=\"versanumer\">26<\/span><\/a>Ennframar tala\u00f0i Drottinn \u00feannig til M\u00f3ses:<a name=\"27\"><span class=\"versanumer\">27<\/span><\/a>\u00deegar k\u00e1lfur, lamb, e\u00f0a ki\u00f0 f\u00e6\u00f0ist, \u00fe\u00e1 skal \u00fea\u00f0 vera \u00ed sj\u00f6 daga hj\u00e1 m\u00f3\u00f0ur sinni, en \u00e1 \u00e1ttunda degi og eftir \u00fea\u00f0, er \u00fea\u00f0 \u00feakkn\u00e6m f\u00f3rnarg\u00e1fa, eldf\u00f3rn Drottni.<a name=\"28\"><span class=\"versanumer\">28<\/span><\/a>Nautkind e\u00f0a sau\u00f0kind \u00e1samt afkv\u00e6mi \u00feess, skulu\u00f0 \u00fe\u00e9r ekki sl\u00e1tra \u00e1 sama degi.<a name=\"29\"><span class=\"versanumer\">29<\/span><\/a>Ef \u00fe\u00e9r vilji\u00f0 sl\u00e1tra lofgj\u00f6r\u00f0arf\u00f3rn, svo sl\u00e1tri\u00f0 \u00fev\u00ed sem gj\u00f6rir y\u00f0ur vel\u00fe\u00f3knanlega;<a name=\"30\"><span class=\"versanumer\">30<\/span><\/a>\u00e1 sama degi skal h\u00fan etast og ekkert skulu\u00f0 \u00fe\u00e9r leifa af henni til morguns. Eg er Drottinn!<a name=\"31\"><span class=\"versanumer\">31<\/span><\/a>Var\u00f0veiti\u00f0 m\u00edn bo\u00f0or\u00f0 og hl\u00fd\u00f0i\u00f0 \u00feeim. Eg er Drottinn!<a name=\"32\"><span class=\"versanumer\">32<\/span><\/a>Vanhelgi\u00f0 eigi mitt heilaga nafn, svo a\u00f0 eg haldist heilagur \u00e1 me\u00f0al \u00cdsraelsbarna. Eg er Drottinn sem y\u00f0ur helgar,<a name=\"33\"><span class=\"versanumer\">33<\/span><\/a>og hefi leitt y\u00f0ur \u00fat \u00far Egyptalandi til \u00feess eg vera skyldi y\u00f0ar Gu\u00f0. Eg er Drottinn!<\/p>\n<div class=\"footnoteVidey\">V. 3. \u00de. e. af presta\u00e6tt.  V. 27.28. Fleiri lagabo\u00f0 bj\u00f3\u00f0a v\u00e6g\u00f0 vi\u00f0 skepnur. 2 M\u00f3s. 23,5.12. 5 M\u00f3s. 22,4\u20137. \u00d3miskunnsemi vi\u00f0 d\u00fdr kennir \u00f3miskunnsemi vi\u00f0 menn.<\/div>\n","protected":false},"excerpt":{"rendered":"<p>Prestal\u00f6g. Hv\u00f6rnig f\u00f3rnad\u00fdrin \u00e6ttu a\u00f0 vera. 1Ennframar tala\u00f0i Drottinn \u00feannig vi\u00f0 M\u00f3ses:2Bj\u00f3\u00f0 \u00fe\u00fa Aron og sonum hans, a\u00f0 \u00feeir haldi s\u00e9r fr\u00e1 \u00fev\u00ed, sem \u00cdsraelsb\u00f6rn hafa helga\u00f0, \u00fev\u00ed sem \u00feeir helga m\u00e9r, og vanhelgi ekki mitt heilaga nafn. Eg er Drottinn.3Nefnilega, seg \u00fe\u00fa \u00feeim: hv\u00f6r ma\u00f0ur \u00ed y\u00f0ar \u00e6tt, af y\u00f0ar afkomendum, sem, \u00e1 me\u00f0an hann er \u00f3hreinn, n\u00e1l\u00e6gir sig \u00fev\u00ed sem heilagt er, sem \u00cdsraelsb\u00f6rn hafa helga\u00f0 Drottni, hann skal uppr\u00e6tast fr\u00e1 m\u00ednu augliti. Eg er Drottinn.4Hv\u00f6r af afkomendum Arons, sem hefir l\u00edk\u00fer\u00e1, ellegar s\u00e1\u00f0fall, m\u00e1 ekki eta af \u00fev\u00ed, sem heilagt er, \u00feanga\u00f0 til hann er or\u00f0inn hreinn, <a href=\"https:\/\/biblian.is\/videy\/thridja-mosebok-22-kafli\/\"> [&#8230;]<\/a><\/p>\n","protected":false},"author":1,"featured_media":0,"parent":0,"menu_order":0,"comment_status":"open","ping_status":"open","template":"bibliukaflar.php","meta":{"footnotes":""},"class_list":["post-20961","page","type-page","status-publish","hentry"],"_links":{"self":[{"href":"https:\/\/biblian.is\/videy\/wp-json\/wp\/v2\/pages\/20961","targetHints":{"allow":["GET"]}}],"collection":[{"href":"https:\/\/biblian.is\/videy\/wp-json\/wp\/v2\/pages"}],"about":[{"href":"https:\/\/biblian.is\/videy\/wp-json\/wp\/v2\/types\/page"}],"author":[{"embeddable":true,"href":"https:\/\/biblian.is\/videy\/wp-json\/wp\/v2\/users\/1"}],"replies":[{"embeddable":true,"href":"https:\/\/biblian.is\/videy\/wp-json\/wp\/v2\/comments?post=20961"}],"version-history":[{"count":0,"href":"https:\/\/biblian.is\/videy\/wp-json\/wp\/v2\/pages\/20961\/revisions"}],"wp:attachment":[{"href":"https:\/\/biblian.is\/videy\/wp-json\/wp\/v2\/media?parent=20961"}],"curies":[{"name":"wp","href":"https:\/\/api.w.org\/{rel}","templated":true}]}}