{"id":20960,"date":"2018-01-02T00:59:41","date_gmt":"2018-01-02T00:59:41","guid":{"rendered":"http:\/\/biblian.is\/videy\/thridja-mosebok-21-kafli\/"},"modified":"2018-01-02T00:59:41","modified_gmt":"2018-01-02T00:59:41","slug":"thridja-mosebok-21-kafli","status":"publish","type":"page","link":"https:\/\/biblian.is\/videy\/thridja-mosebok-21-kafli\/","title":{"rendered":"\u00deri\u00f0ja M\u00f3seb\u00f3k 21. kafli"},"content":{"rendered":"<div class=\"fyrirsognVidey\">\u00ddmisleg bo\u00f0or\u00f0 til a\u00f0g\u00e6slu prestum og hv\u00f6rjir megi prestar vera.<\/div>\n<p><a name=\"1\"><span class=\"versanumer\">1<\/span><\/a>Ennframar sag\u00f0i Drottinn til M\u00f3ses: seg \u00fe\u00fa til prestanna, sona Arons: \u00e1 l\u00edki skal enginn y\u00f0ar saurga sig \u00e1 me\u00f0al s\u00edns f\u00f3lks,<a name=\"2\"><span class=\"versanumer\">2<\/span><\/a>nema n\u00e1nasta n\u00e1unga, m\u00f3\u00f0ur, f\u00f6\u00f0ur, sonar, d\u00f3ttur, e\u00f0a br\u00f3\u00f0ur,<a name=\"3\"><span class=\"versanumer\">3<\/span><\/a>e\u00f0a systur, sem er mey og \u00ed h\u00fasi hj\u00e1 honum, og ekki manni gefin; \u00e1 \u00fev\u00ed m\u00e1 hann saurga sig;<a name=\"4\"><span class=\"versanumer\">4<\/span><\/a>annars m\u00e1 s\u00e1, sem er h\u00f6f\u00f0ingi s\u00edns f\u00f3lks, ekki saurga sig svo hann vanhelgi sig;<a name=\"5\"><span class=\"versanumer\">5<\/span><\/a>ekki skulu \u00feeir kr\u00fanuraka sig, e\u00f0a raka sitt vangaskegg, e\u00f0a skera skur\u00f0 \u00ed sitt hold.<a name=\"6\"><span class=\"versanumer\">6<\/span><\/a>\u00deeir skulu vera helgir fyrir \u00feeirra Drottni og ekki vanhelga nafn Gu\u00f0s \u00feeirra, \u00fev\u00ed \u00feeir frambera eldf\u00f3rnir Drottins, f\u00e6\u00f0u Gu\u00f0s \u00feeirra; \u00fear fyrir skulu \u00feeir vera heilagir.<a name=\"7\"><span class=\"versanumer\">7<\/span><\/a>Ekki skulu \u00feeir taka s\u00e9r portkonu til ektakvinnu, e\u00f0a \u00fe\u00e1 sem er spj\u00f6llu\u00f0, e\u00f0a fr\u00e1 manni skilin, \u00fev\u00ed presturinn er heilagur fyrir s\u00ednum Gu\u00f0i.<a name=\"8\"><span class=\"versanumer\">8<\/span><\/a>\u00dear fyrir skaltu halda hann heilagan, \u00fev\u00ed hann framber f\u00e6\u00f0u Gu\u00f0s \u00fe\u00edns, \u00fear fyrir er hann heilagur; eg er Drottinn sem helgar y\u00f0ur.<a name=\"9\"><span class=\"versanumer\">9<\/span><\/a>Ef nokkur prestsd\u00f3ttir tekur a\u00f0 fremja saurlifna\u00f0, vanhelgar h\u00fan f\u00f6\u00f0ur sinn; h\u00fan skal \u00ed eldi brennast. <br \/><a name=\"10\"><span class=\"versanumer\">10<\/span><\/a>En s\u00e1 prestur, sem elstur er br\u00e6\u00f0ra sinna, yfir hv\u00f6rs h\u00f6fu\u00f0 smurningarvi\u00f0smj\u00f6rinu hefir veri\u00f0 hellt, og sem hefir teki\u00f0 v\u00edgslu svo hann \u00edkl\u00e6ddist \u00feeim helga skr\u00fa\u00f0a, hann m\u00e1 hv\u00f6rki bera h\u00f6fu\u00f0 sitt, n\u00e9 r\u00edfa s\u00edn kl\u00e6\u00f0i<a name=\"11\"><span class=\"versanumer\">11<\/span><\/a>og ekki m\u00e1 hann koma til nokkurs dau\u00f0s manns l\u00edks. Hann m\u00e1 ekki vegna f\u00f6\u00f0ur s\u00edns e\u00f0a m\u00f3\u00f0ur sinnar saurga sig<a name=\"12\"><span class=\"versanumer\">12<\/span><\/a>og ekki m\u00e1 hann \u00fat \u00far helgid\u00f3minum ganga, a\u00f0 hann ekki vanhelgi helgid\u00f3m Gu\u00f0s s\u00edns, \u00fev\u00ed hann ber kr\u00f3nu v\u00edgsluvi\u00f0smj\u00f6rs Gu\u00f0s s\u00edns. Eg er Drottinn.<a name=\"13\"><span class=\"versanumer\">13<\/span><\/a>Hann skal taka s\u00e9r mey til eiginkonu;<a name=\"14\"><span class=\"versanumer\">14<\/span><\/a>hv\u00f6rki ekkju e\u00f0a \u00fe\u00e1 sem er fr\u00e1 manni skilin, n\u00e9 spjalla\u00f0a e\u00f0a portkonu, engar \u00feessar m\u00e1 hann taka s\u00e9r til eiginkonu, heldur skal hann taka s\u00e9r til eiginkonu mey af s\u00ednu f\u00f3lki,<a name=\"15\"><span class=\"versanumer\">15<\/span><\/a>a\u00f0 hann ekki vanhelgi \u00e6tt s\u00edna me\u00f0al f\u00f3lks s\u00edns, \u00fev\u00ed eg er Drottinn, sem helga hann.<br \/><a name=\"16\"><span class=\"versanumer\">16<\/span><\/a>Ennframar tala\u00f0i Drottinn vi\u00f0 M\u00f3ses \u00feannig:<a name=\"17\"><span class=\"versanumer\">17<\/span><\/a>Tala \u00fe\u00fa \u00feetta til Arons: ef nokkur ma\u00f0ur af \u00fe\u00ednum afkomendum, \u00ed \u00feeirra kynkv\u00edslum, hefir einhv\u00f6r l\u00fdti \u00e1 s\u00e9r, hann m\u00e1 ekki n\u00e1l\u00e6gja sig til a\u00f0 frambera f\u00f3rnir s\u00edns Gu\u00f0s;<a name=\"18\"><span class=\"versanumer\">18<\/span><\/a>enginn ma\u00f0ur, sem hefir \u00e1 s\u00e9r nokkur l\u00fdti m\u00e1 n\u00e1l\u00e6gja sig, sem er blindur, e\u00f0a haltur, flatnefja\u00f0ur, langeyr\u00f0ur,<a name=\"19\"><span class=\"versanumer\">19<\/span><\/a>sem hefir galla \u00e1 hendi e\u00f0a f\u00e6ti,<a name=\"20\"><span class=\"versanumer\">20<\/span><\/a>e\u00f0a er kenghryggja\u00f0ur, tenglulega grannur, hefir vagl \u00e1 auga, e\u00f0a \u00feurra e\u00f0a vota kl\u00e1\u00f0a, e\u00f0a misst hefir mannd\u00f3m sinn.<a name=\"21\"><span class=\"versanumer\">21<\/span><\/a>Enginn prestur af Arons afkomendum, sem hefir <span class='VideyAth'>(\u00fev\u00edl\u00edk)<\/span> l\u00fdti, m\u00e1 frambera eldf\u00f3rnir Drottins; \u00fea\u00f0 eru l\u00fdti \u00e1 honum, \u00feess vegna m\u00e1 hann ekki n\u00e1l\u00e6gja sig til a\u00f0 frambera f\u00e6\u00f0u s\u00edns Gu\u00f0s;<a name=\"22\"><span class=\"versanumer\">22<\/span><\/a>\u00fe\u00f3 m\u00e1 hann eta af f\u00e6\u00f0u s\u00edns Gu\u00f0s, b\u00e6\u00f0i \u00feeirri h\u00e1heil\u00f6gu og heil\u00f6gu;<a name=\"23\"><span class=\"versanumer\">23<\/span><\/a>en ekki m\u00e1 hann koma inn til fortjaldsins, n\u00e9 n\u00e1l\u00e6gja sig altarinu af \u00fev\u00ed \u00e1 honum eru l\u00fdti, a\u00f0 hann eigi vanhelgi m\u00edna helga d\u00f3ma; eg Drottinn er s\u00e1 sem helga \u00fe\u00e1. <br \/><a name=\"24\"><span class=\"versanumer\">24<\/span><\/a>Og M\u00f3ses tala\u00f0i allt \u00feetta til Arons, sona hans, og allra \u00cdsraelsbarna.<\/p>\n<div class=\"footnoteVidey\">V. 5. Allt sorgarmerki. 19,27.28.  V. 9. 5 M\u00f3s. 22,21.24. J\u00f3h. 8,5. L\u00edklega \u00e1tti a\u00f0 brennast eftir a\u00f0 h\u00fan var gr\u00fdtt (J\u00f3h. 7,25) henni til meiri vanvir\u00f0u. Sumir \u00feannig l\u00edfl\u00e1tnir v\u00f3ru hengdir \u00e1 tr\u00e9. 5 M\u00f3s. 21,22.23. Gal. 3,13.  V. 12. Ekki ganga \u00fat \u00far helgid\u00f3minum, \u00fe. e. yfirgefa \u00fej\u00f3nustu s\u00edna fyrir sorgarsakir.  V. 14. \u00deetta skuldbindandi fyrir alla presta eftir Esek. 44,22.  V. 18. N\u00e1l\u00e6gja sig, \u00fe. e. helgid\u00f3mnum.  V. 22. \u00de\u00f3 hann m\u00e6tti ekki vera prestur, m\u00e1tti hann hafa hlutdeild \u00ed \u00fev\u00ed, sem prestunum bar af f\u00f3rnunum s\u00e9r til uppeldis.<\/div>\n","protected":false},"excerpt":{"rendered":"<p>\u00ddmisleg bo\u00f0or\u00f0 til a\u00f0g\u00e6slu prestum og hv\u00f6rjir megi prestar vera. 1Ennframar sag\u00f0i Drottinn til M\u00f3ses: seg \u00fe\u00fa til prestanna, sona Arons: \u00e1 l\u00edki skal enginn y\u00f0ar saurga sig \u00e1 me\u00f0al s\u00edns f\u00f3lks,2nema n\u00e1nasta n\u00e1unga, m\u00f3\u00f0ur, f\u00f6\u00f0ur, sonar, d\u00f3ttur, e\u00f0a br\u00f3\u00f0ur,3e\u00f0a systur, sem er mey og \u00ed h\u00fasi hj\u00e1 honum, og ekki manni gefin; \u00e1 \u00fev\u00ed m\u00e1 hann saurga sig;4annars m\u00e1 s\u00e1, sem er h\u00f6f\u00f0ingi s\u00edns f\u00f3lks, ekki saurga sig svo hann vanhelgi sig;5ekki skulu \u00feeir kr\u00fanuraka sig, e\u00f0a raka sitt vangaskegg, e\u00f0a skera skur\u00f0 \u00ed sitt hold.6\u00deeir skulu vera helgir fyrir \u00feeirra Drottni og ekki vanhelga nafn Gu\u00f0s \u00feeirra, \u00fev\u00ed <a href=\"https:\/\/biblian.is\/videy\/thridja-mosebok-21-kafli\/\"> [&#8230;]<\/a><\/p>\n","protected":false},"author":1,"featured_media":0,"parent":0,"menu_order":0,"comment_status":"open","ping_status":"open","template":"bibliukaflar.php","meta":{"footnotes":""},"class_list":["post-20960","page","type-page","status-publish","hentry"],"_links":{"self":[{"href":"https:\/\/biblian.is\/videy\/wp-json\/wp\/v2\/pages\/20960","targetHints":{"allow":["GET"]}}],"collection":[{"href":"https:\/\/biblian.is\/videy\/wp-json\/wp\/v2\/pages"}],"about":[{"href":"https:\/\/biblian.is\/videy\/wp-json\/wp\/v2\/types\/page"}],"author":[{"embeddable":true,"href":"https:\/\/biblian.is\/videy\/wp-json\/wp\/v2\/users\/1"}],"replies":[{"embeddable":true,"href":"https:\/\/biblian.is\/videy\/wp-json\/wp\/v2\/comments?post=20960"}],"version-history":[{"count":0,"href":"https:\/\/biblian.is\/videy\/wp-json\/wp\/v2\/pages\/20960\/revisions"}],"wp:attachment":[{"href":"https:\/\/biblian.is\/videy\/wp-json\/wp\/v2\/media?parent=20960"}],"curies":[{"name":"wp","href":"https:\/\/api.w.org\/{rel}","templated":true}]}}