{"id":20959,"date":"2018-01-02T00:59:41","date_gmt":"2018-01-02T00:59:41","guid":{"rendered":"http:\/\/biblian.is\/videy\/thridja-mosebok-20-kafli\/"},"modified":"2018-01-02T00:59:41","modified_gmt":"2018-01-02T00:59:41","slug":"thridja-mosebok-20-kafli","status":"publish","type":"page","link":"https:\/\/biblian.is\/videy\/thridja-mosebok-20-kafli\/","title":{"rendered":"\u00deri\u00f0ja M\u00f3seb\u00f3k 20. kafli"},"content":{"rendered":"<div class=\"fyrirsognVidey\">Um straff fyrir \u00fdmsar syndir. Fyrirheit um eign Kanaanslands, ef Gy\u00f0ingar halda Gu\u00f0s bo\u00f0.<\/div>\n<p><a name=\"1\"><span class=\"versanumer\">1<\/span><\/a>Ennframar tala\u00f0i Drottinn vi\u00f0 M\u00f3ses \u00feannig:<a name=\"2\"><span class=\"versanumer\">2<\/span><\/a>Tala \u00fe\u00fa \u00feetta til \u00cdsraelsbarna: Hv\u00f6r ma\u00f0ur, sem \u00fea\u00f0 er af \u00cdsraelsb\u00f6rnum, e\u00f0a \u00fatlendur, er b\u00fdr \u00ed \u00cdsrael, er f\u00f3rnf\u00e6rir M\u00f3lok afkv\u00e6mi s\u00ednu, hann skal dau\u00f0a deyja, f\u00f3lki\u00f0 \u00ed landinu skal lemja hann grj\u00f3ti;<a name=\"3\"><span class=\"versanumer\">3<\/span><\/a>eg vil sn\u00faa m\u00ednu andliti gegn \u00fev\u00edl\u00edkum manni og uppr\u00e6ta hann fr\u00e1 s\u00ednu f\u00f3lki, fyrir \u00fea\u00f0 a\u00f0 hann hefir gefi\u00f0 M\u00f3lok sitt afkv\u00e6mi, til \u00feess a\u00f0 hann saurga\u00f0i minn helgid\u00f3m og vanhelga\u00f0i mitt heilaga nafn.<a name=\"4\"><span class=\"versanumer\">4<\/span><\/a>En ef f\u00f3lk landsins s\u00e9r \u00ed gegnum fingur vi\u00f0 \u00fev\u00edl\u00edkan mann, sem gefur M\u00f3lok afkv\u00e6mi sitt og vill ekki sl\u00e1 hann \u00ed hel,<a name=\"5\"><span class=\"versanumer\">5<\/span><\/a>\u00fe\u00e1 vil eg setja mitt andlit gegn \u00fev\u00edl\u00edkum manni og gegn hans \u00e6tt og eg mun uppr\u00e6ta hann fr\u00e1 hans f\u00f3lki og alla \u00fe\u00e1, sem hafa, eftir hans d\u00e6mi, elt M\u00f3lok me\u00f0 h\u00f3rlegum h\u00e6tti.<br \/><a name=\"6\"><span class=\"versanumer\">6<\/span><\/a>Ef nokkur ma\u00f0ur sn\u00fdr s\u00e9r til \u00feeirra sem leita fr\u00e9tta af dau\u00f0um e\u00f0a sp\u00e1sagnarmanna, og elta \u00fe\u00e1 til a\u00f0 flekast af \u00feeim, \u00fe\u00e1 vil eg setja mitt andlit gegn \u00fev\u00edl\u00edkum og uppr\u00e6ta hann fr\u00e1 s\u00ednu f\u00f3lki.<a name=\"7\"><span class=\"versanumer\">7<\/span><\/a>\u00de\u00e9r skulu\u00f0 helga y\u00f0ur og vera heilagir, \u00fev\u00ed eg er Drottinn y\u00f0ar Gu\u00f0.<a name=\"8\"><span class=\"versanumer\">8<\/span><\/a>Var\u00f0veiti\u00f0 m\u00edna setninga og hl\u00fd\u00f0i\u00f0 \u00feeim, \u00fev\u00ed a\u00f0 eg er Drottinn, y\u00f0ar Gu\u00f0. <br \/><a name=\"9\"><span class=\"versanumer\">9<\/span><\/a>Sannlega ef nokkur er s\u00e1, sem b\u00f6lvar f\u00f6\u00f0ur s\u00ednum e\u00f0a m\u00f3\u00f0ur, hann skal dau\u00f0a deyja. F\u00f6\u00f0ur s\u00ednum e\u00f0a m\u00f3\u00f0ur sinni hefir hann b\u00f6lva\u00f0; hans bl\u00f3\u00f0 s\u00e9 yfir honum!<br \/><a name=\"10\"><span class=\"versanumer\">10<\/span><\/a>Hv\u00f6r sem dr\u00fdgir h\u00f3r me\u00f0 annars manns ektakvinnu, fyrir \u00fea\u00f0, a\u00f0 hann h\u00f3ra\u00f0ist me\u00f0 ektakvinnu n\u00e1unga s\u00edns, skal hann dau\u00f0a deyja, b\u00e6\u00f0i h\u00f3rkarlinn og h\u00f3rkonan.<a name=\"11\"><span class=\"versanumer\">11<\/span><\/a>Hv\u00f6r s\u00e1 ma\u00f0ur, sem leggst me\u00f0 ektakvinnu f\u00f6\u00f0ur s\u00edns, hefir bera\u00f0 blyg\u00f0an f\u00f6\u00f0ur s\u00edns; b\u00e6\u00f0i skulu \u00feau dau\u00f0a deyja, bl\u00f3\u00f0 \u00feeirra s\u00e9 yfir \u00feeim!<a name=\"12\"><span class=\"versanumer\">12<\/span><\/a>S\u00e9 nokkur s\u00e1, sem leggst me\u00f0 sonarkonu sinni; sv\u00edvir\u00f0ing hafa \u00feau dr\u00fdgt, \u00feeirra bl\u00f3\u00f0 s\u00e9 yfir \u00feeim!<a name=\"13\"><span class=\"versanumer\">13<\/span><\/a>Leggist nokkur hj\u00e1 karlmanni, sem kona v\u00e6ri, dr\u00fdgja \u00feeir b\u00e1\u00f0ir vi\u00f0urstygg\u00f0, \u00feeir skulu dau\u00f0a deyja, bl\u00f3\u00f0 \u00feeirra s\u00e9 yfir \u00feeim!<a name=\"14\"><span class=\"versanumer\">14<\/span><\/a>Taki nokkur konu og m\u00f3\u00f0ur hennar l\u00edka, \u00fea\u00f0 er bl\u00f3\u00f0sk\u00f6mm; menn skulu brenna hann \u00ed eldi \u00e1samt me\u00f0 \u00feeim, svo a\u00f0 \u00fev\u00edl\u00edkur gl\u00e6pur vi\u00f0gangist eigi me\u00f0al y\u00f0ar.<a name=\"15\"><span class=\"versanumer\">15<\/span><\/a>S\u00e1 ma\u00f0ur sem samlagar sig f\u00e9na\u00f0i skal dau\u00f0a deyja, og gripinn skulu menn drepa;<a name=\"16\"><span class=\"versanumer\">16<\/span><\/a>og ef kona n\u00e1l\u00e6gir sig skepnu til a\u00f0 samlaga sig henni, \u00fe\u00e1 skaltu drepa b\u00e6\u00f0i konuna og gripinn, \u00feau skulu dau\u00f0a deyja, bl\u00f3\u00f0 \u00feeirra s\u00e9 yfir \u00feeim!<a name=\"17\"><span class=\"versanumer\">17<\/span><\/a>Hv\u00f6r sem tekur s\u00edna systur, d\u00f3ttur f\u00f6\u00f0ur s\u00edns e\u00f0a m\u00f3\u00f0ur sinnar og s\u00e9r hennar blyg\u00f0an e\u00f0a h\u00fan hans; \u00fea\u00f0 er sv\u00edvir\u00f0ing, \u00feau skulu uppr\u00e6tast fyrir s\u00edns f\u00f3lks augs\u00fdn, \u00fev\u00ed hann bera\u00f0i blyg\u00f0an systur sinnar, og \u00fattaka straff fyrir sinn misgj\u00f6rning.<a name=\"18\"><span class=\"versanumer\">18<\/span><\/a>Hv\u00f6r s\u00e1 ma\u00f0ur sem leggst me\u00f0 konu \u00e1 me\u00f0an h\u00fan hefir s\u00ednar t\u00ed\u00f0ir, og berar hennar blyg\u00f0an, berar hennar bl\u00f3\u00f0l\u00e1tsbrunn, \u00feau skulu b\u00e6\u00f0i uppr\u00e6tast \u00far t\u00f6lu s\u00edns f\u00f3lks.<a name=\"19\"><span class=\"versanumer\">19<\/span><\/a>Ekki skaltu bera blyg\u00f0an m\u00f3\u00f0ursystur \u00feinnar n\u00e9 f\u00f6\u00f0ursystur, \u00fev\u00ed ef nokkur berar svo n\u00e1skylda skulu \u00feau bera s\u00edna misgj\u00f6r\u00f0.<a name=\"20\"><span class=\"versanumer\">20<\/span><\/a>S\u00e1 sem leggst me\u00f0 konu f\u00f6\u00f0urbr\u00f3\u00f0ur s\u00edns, hann berar blyg\u00f0an s\u00edns f\u00f6\u00f0urbr\u00f3\u00f0urs, og skulu \u00feau \u00fattaka \u00feeirra syndastraff; \u00feau skulu deyja barnlaus.<a name=\"21\"><span class=\"versanumer\">21<\/span><\/a>Hv\u00f6r sem tekur konu br\u00f3\u00f0ur s\u00edns, \u00fea\u00f0 er skemmdarverk, hann berar blyg\u00f0an br\u00f3\u00f0ur s\u00edns; \u00feau skulu vera barnlaus. <br \/><a name=\"22\"><span class=\"versanumer\">22<\/span><\/a>Var\u00f0veiti\u00f0 alla m\u00edna setninga og hl\u00fd\u00f0i\u00f0 \u00f6llum m\u00ednum bo\u00f0or\u00f0um, svo a\u00f0 landi\u00f0, \u00ed hv\u00f6rt eg vil innlei\u00f0a y\u00f0ur til a\u00f0 b\u00faa \u00ed, ekki skyrpi y\u00f0ur fr\u00e1 s\u00e9r;<a name=\"23\"><span class=\"versanumer\">23<\/span><\/a>en \u00fea\u00f0 segi eg y\u00f0ur a\u00f0 \u00fe\u00e9r megi\u00f0 ekki breyta eftir vi\u00f0tektum \u00feeirra \u00fej\u00f3\u00f0a er eg mun reka \u00fat fr\u00e1 y\u00f0ur, \u00fev\u00ed \u00fe\u00e6r dr\u00fdg\u00f0u \u00feetta allt, hv\u00f6rs vegna m\u00e9r b\u00fd\u00f0ur vi\u00f0 \u00feeim;<a name=\"24\"><span class=\"versanumer\">24<\/span><\/a>\u00fear fyrir sag\u00f0a eg y\u00f0ur: \u00fe\u00e9r skulu\u00f0 eignast \u00feeirra land, og a\u00f0 eg vil gefa y\u00f0ur \u00fea\u00f0 til erf\u00f0a, land \u00fea\u00f0 sem fl\u00fdtur af mj\u00f3lk og hunangi. Eg er Drottinn, y\u00f0ar Gu\u00f0, sem hefi skili\u00f0 y\u00f0ur fr\u00e1 \u00f6\u00f0rum \u00fej\u00f3\u00f0um.<a name=\"25\"><span class=\"versanumer\">25<\/span><\/a>En gj\u00f6ri\u00f0 og greinarmun \u00e1 f\u00e9na\u00f0i, sem er hreinn og \u00f3hreinn, og fuglum sem eru hreinir og \u00f3hreinir og saurgi\u00f0 y\u00f0ur ekki \u00e1 f\u00e9na\u00f0i n\u00e9 fuglum, n\u00e9 nokkru \u00fev\u00ed sem skr\u00ed\u00f0ur \u00e1 j\u00f6r\u00f0unni, sem eg a\u00f0greindi fyrir y\u00f0ur sem \u00f3hreint.<a name=\"26\"><span class=\"versanumer\">26<\/span><\/a>\u00de\u00e9r skulu\u00f0 vera heilagir fyrir m\u00e9r, \u00fev\u00ed eg Drottinn er heilagur, og eg hefi a\u00f0skili\u00f0 y\u00f0ur fr\u00e1 \u00f6\u00f0rum \u00fej\u00f3\u00f0um, til \u00feess a\u00f0 \u00fe\u00e9r skulu\u00f0 vera m\u00ednir.<a name=\"27\"><span class=\"versanumer\">27<\/span><\/a>En ef ma\u00f0ur e\u00f0a kona skyldu vera \u00e1 me\u00f0al \u00feeirra, er s\u00e6rir dau\u00f0a e\u00f0a er t\u00e1kna\u00fatleggjari, \u00fe\u00e1 skulu \u00feau dau\u00f0a deyja; menn skulu lemja \u00feau grj\u00f3ti, \u00feeirra bl\u00f3\u00f0 skal vera yfir \u00feeim!<\/p>\n<div class=\"footnoteVidey\">V. 5. Amm\u00f3n\u00edtar brenndu afkv\u00e6mi s\u00edn lifandi M\u00f3lok afgu\u00f0i s\u00ednum til \u00fe\u00f3knunar. Sj\u00e1 1 Kgb. 11,7. 2 Kgb. 23,10. Jerem. 32,35.  V. 9. Hans bl\u00f3\u00f0 s\u00e9 yfir honum, \u00fe. e. hann er dau\u00f0a sekur.  V. 15. Dau\u00f0a deyja: oftast n\u00e6r vera dr\u00e6pur. 2 M\u00f3s. 21,12.15. f.  V. 21. A\u00f0 deyja barnlaus: Var \u00e1 G. t. t\u00edmum \u00e1liti\u00f0 \u00feungt m\u00f3tl\u00e6ti. 1 M\u00f3s. 15,2.3. 30,22.23. 1 Sam. 1,20.27. \u00deess vegna bu\u00f0u M\u00f3sisl\u00f6g (5 M\u00f3s. 25,5\u201310. Matt. 22,24\u201326) a\u00f0 br\u00f3\u00f0ir skuli taka ekkju br\u00f3\u00f0ur s\u00edns til ekta. H\u00e9r hl\u00fdtur \u00feess vegna a\u00f0 vera meint \u00f3leyfileg umgengni utan hj\u00f3nabands vi\u00f0 ekkju br\u00f3\u00f0ur s\u00edns, \u00fev\u00ed ef \u00fea\u00f0 ske\u00f0i \u00e1 me\u00f0an hann lif\u00f0i var \u00fea\u00f0 dau\u00f0as\u00f6k.<\/div>\n","protected":false},"excerpt":{"rendered":"<p>Um straff fyrir \u00fdmsar syndir. Fyrirheit um eign Kanaanslands, ef Gy\u00f0ingar halda Gu\u00f0s bo\u00f0. 1Ennframar tala\u00f0i Drottinn vi\u00f0 M\u00f3ses \u00feannig:2Tala \u00fe\u00fa \u00feetta til \u00cdsraelsbarna: Hv\u00f6r ma\u00f0ur, sem \u00fea\u00f0 er af \u00cdsraelsb\u00f6rnum, e\u00f0a \u00fatlendur, er b\u00fdr \u00ed \u00cdsrael, er f\u00f3rnf\u00e6rir M\u00f3lok afkv\u00e6mi s\u00ednu, hann skal dau\u00f0a deyja, f\u00f3lki\u00f0 \u00ed landinu skal lemja hann grj\u00f3ti;3eg vil sn\u00faa m\u00ednu andliti gegn \u00fev\u00edl\u00edkum manni og uppr\u00e6ta hann fr\u00e1 s\u00ednu f\u00f3lki, fyrir \u00fea\u00f0 a\u00f0 hann hefir gefi\u00f0 M\u00f3lok sitt afkv\u00e6mi, til \u00feess a\u00f0 hann saurga\u00f0i minn helgid\u00f3m og vanhelga\u00f0i mitt heilaga nafn.4En ef f\u00f3lk landsins s\u00e9r \u00ed gegnum fingur vi\u00f0 \u00fev\u00edl\u00edkan mann, sem gefur M\u00f3lok <a href=\"https:\/\/biblian.is\/videy\/thridja-mosebok-20-kafli\/\"> [&#8230;]<\/a><\/p>\n","protected":false},"author":1,"featured_media":0,"parent":0,"menu_order":0,"comment_status":"open","ping_status":"open","template":"bibliukaflar.php","meta":{"footnotes":""},"class_list":["post-20959","page","type-page","status-publish","hentry"],"_links":{"self":[{"href":"https:\/\/biblian.is\/videy\/wp-json\/wp\/v2\/pages\/20959","targetHints":{"allow":["GET"]}}],"collection":[{"href":"https:\/\/biblian.is\/videy\/wp-json\/wp\/v2\/pages"}],"about":[{"href":"https:\/\/biblian.is\/videy\/wp-json\/wp\/v2\/types\/page"}],"author":[{"embeddable":true,"href":"https:\/\/biblian.is\/videy\/wp-json\/wp\/v2\/users\/1"}],"replies":[{"embeddable":true,"href":"https:\/\/biblian.is\/videy\/wp-json\/wp\/v2\/comments?post=20959"}],"version-history":[{"count":0,"href":"https:\/\/biblian.is\/videy\/wp-json\/wp\/v2\/pages\/20959\/revisions"}],"wp:attachment":[{"href":"https:\/\/biblian.is\/videy\/wp-json\/wp\/v2\/media?parent=20959"}],"curies":[{"name":"wp","href":"https:\/\/api.w.org\/{rel}","templated":true}]}}