{"id":20958,"date":"2018-01-02T00:59:41","date_gmt":"2018-01-02T00:59:41","guid":{"rendered":"http:\/\/biblian.is\/videy\/thridja-mosebok-19-kafli\/"},"modified":"2018-01-02T00:59:41","modified_gmt":"2018-01-02T00:59:41","slug":"thridja-mosebok-19-kafli","status":"publish","type":"page","link":"https:\/\/biblian.is\/videy\/thridja-mosebok-19-kafli\/","title":{"rendered":"\u00deri\u00f0ja M\u00f3seb\u00f3k 19. kafli"},"content":{"rendered":"<div class=\"fyrirsognVidey\">\u00ddmisleg bo\u00f0or\u00f0 si\u00f0a- og helgihaldal\u00f6gm\u00e1li vi\u00f0komandi.<\/div>\n<p><a name=\"1\"><span class=\"versanumer\">1<\/span><\/a>Enn tala\u00f0i Drottinn vi\u00f0 M\u00f3ses \u00feannig:<a name=\"2\"><span class=\"versanumer\">2<\/span><\/a>Tala \u00fe\u00fa til alls safna\u00f0ar \u00cdsraelsbarna og seg \u00feeim: veri\u00f0 heilagir, \u00fev\u00ed a\u00f0 eg Drottinn, y\u00f0ar Gu\u00f0 er heilagur.<a name=\"3\"><span class=\"versanumer\">3<\/span><\/a>S\u00e9rhv\u00f6r \u00f3ttist m\u00f3\u00f0ur s\u00edna og f\u00f6\u00f0ur sinn og haldi m\u00edna hv\u00edldardaga. Eg er Drottinn y\u00f0ar Gu\u00f0.<a name=\"4\"><span class=\"versanumer\">4<\/span><\/a>Sn\u00fai\u00f0 y\u00f0ur eigi til h\u00e9g\u00f3mlegra afgu\u00f0a og gj\u00f6ri\u00f0 y\u00f0ur ekki steypta gu\u00f0i. Eg er Drottinn y\u00f0ar Gu\u00f0.<br \/><a name=\"5\"><span class=\"versanumer\">5<\/span><\/a>\u00deegar \u00fe\u00e9r sl\u00e1tri\u00f0 Drottni \u00feakkl\u00e6tisf\u00f3rn, \u00fe\u00e1 sl\u00e1tri\u00f0 henni \u00feannig a\u00f0 \u00fe\u00e9r ver\u00f0i\u00f0 <span class='VideyAth'>(Drottni)<\/span> vel\u00fe\u00f3knanlegir:<a name=\"6\"><span class=\"versanumer\">6<\/span><\/a>F\u00f3rnin skal etast sama dag og daginn eftir, en \u00fea\u00f0 sem eftir ver\u00f0ur til \u00feri\u00f0ja dags, skal \u00e1 eldi brennast.<a name=\"7\"><span class=\"versanumer\">7<\/span><\/a>Ef \u00fear af er eti\u00f0 hinn \u00feri\u00f0ja dag, er f\u00f3rnin Drottni vi\u00f0urstyggileg og \u00fe\u00f3knast honum ekki;<a name=\"8\"><span class=\"versanumer\">8<\/span><\/a>og s\u00e1 sem etur \u00fear af, hann skal bera sinn misgj\u00f6rning; hann hefir vanhelga\u00f0 Drottins helgid\u00f3m og skal uppr\u00e6tast fr\u00e1 s\u00ednu f\u00f3lki.<br \/><a name=\"9\"><span class=\"versanumer\">9<\/span><\/a>\u00deegar \u00fe\u00e9r uppskeri\u00f0 y\u00f0ar lands gr\u00f3\u00f0a, \u00fe\u00e1 skaltu ekki grannt uppskera \u00fat \u00ed hv\u00f6rt horn akur \u00feinn, og ekki uppt\u00edna \u00fea\u00f0 sem ni\u00f0ur dettur \u00ed uppskerunni;<a name=\"10\"><span class=\"versanumer\">10<\/span><\/a>n\u00e9 \u00feegar \u00fe\u00fa samanles v\u00ednberin \u00ed v\u00edngar\u00f0i \u00fe\u00ednum, \u00fe\u00e1 skaltu ekki t\u00edna upp \u00fe\u00e1 \u00e1 stangli <span class='VideyAth'>(ni\u00f0urdottnu)<\/span> v\u00ednberjaklasa \u00ed honum. Skil \u00feau eftir handa \u00feeim f\u00e1t\u00e6ka og \u00fatlenda. Eg er Drottinn y\u00f0ar Gu\u00f0.<br \/><a name=\"11\"><span class=\"versanumer\">11<\/span><\/a>\u00de\u00e9r skulu\u00f0 ekki stela, lj\u00faga, e\u00f0a draga svik hv\u00f6r a\u00f0 \u00f6\u00f0rum;<a name=\"12\"><span class=\"versanumer\">12<\/span><\/a>n\u00e9 sviksamlega sverja vi\u00f0 mitt nafn, a\u00f0 \u00fe\u00fa vanhelgir nafn Gu\u00f0s \u00fe\u00edns. Eg er Drottinn.<a name=\"13\"><span class=\"versanumer\">13<\/span><\/a>\u00de\u00fa skalt ekki me\u00f0 har\u00f0\u00fd\u00f0gi hafa af \u00fe\u00ednum n\u00e1unga, ekki r\u00e6na, ekki halda inni hj\u00e1 \u00fe\u00e9r n\u00e1ttlangt til n\u00e6sta morguns daglaunamannsins kaupi.<a name=\"14\"><span class=\"versanumer\">14<\/span><\/a>\u00de\u00fa skalt ekki b\u00f6lva \u00feeim heyrnarlausa, n\u00e9 leggja f\u00f3takefli fyrir \u00feann blinda, heldur skaltu \u00f3ttast \u00feinn Gu\u00f0. Eg er Drottinn.<a name=\"15\"><span class=\"versanumer\">15<\/span><\/a>\u00de\u00e9r skulu\u00f0 ekki vera \u00f3r\u00e1\u00f0vandir \u00ed d\u00f3mi, ekki l\u00edta \u00e1 \u00e1stand l\u00edtilmagnans, n\u00e9 hei\u00f0ra veldi \u00feess volduga, heldur skaltu d\u00e6ma \u00feinn n\u00e1unga me\u00f0 r\u00e9ttv\u00edsi.<a name=\"16\"><span class=\"versanumer\">16<\/span><\/a>\u00de\u00fa skalt ei ganga um kring me\u00f0 r\u00f3gbur\u00f0 me\u00f0al \u00fe\u00edns f\u00f3lks, og ekki s\u00e6kjast eftir l\u00edfi n\u00e1unga \u00fe\u00edns. Eg er Drottinn.<a name=\"17\"><span class=\"versanumer\">17<\/span><\/a>\u00de\u00fa skalt ekki bera hatur til br\u00f3\u00f0ur \u00fe\u00edns \u00ed hjarta \u00fe\u00ednu, heldur har\u00f0lega straffa n\u00e1unga \u00feinn, svo \u00fe\u00fa ver\u00f0ir ekki sekur \u00ed synd hans vegna.<a name=\"18\"><span class=\"versanumer\">18<\/span><\/a>\u00de\u00fa skalt ekki hefna \u00fe\u00edn sj\u00e1lfur, ekki heldur geyma rei\u00f0ina me\u00f0 \u00fe\u00e9r til barna \u00fe\u00edns f\u00f3lks, heldur skaltu elska n\u00e1unga \u00feinn sem sj\u00e1lfan \u00feig. Eg er Drottinn.<br \/><a name=\"19\"><span class=\"versanumer\">19<\/span><\/a>M\u00edna setninga skulu\u00f0 \u00fe\u00e9r var\u00f0veita; ekki skaltu l\u00e1ta \u00fdmislega tegund \u00fe\u00edns f\u00e9na\u00f0ar samblandast; akur \u00feinn skaltu ekki s\u00e1 me\u00f0 \u00fdmislegri s\u00e6\u00f0istegund, og eigi skaltu bera \u00e1 \u00fe\u00e9r kl\u00e6\u00f0i \u00far \u00fdmislegu efni.<br \/><a name=\"20\"><span class=\"versanumer\">20<\/span><\/a>Ef nokkur liggur hj\u00e1 konu, og hefir holdlegt samr\u00e6\u00f0i vi\u00f0 hana en h\u00fan er amb\u00e1tt manni f\u00f6stnu\u00f0, en hv\u00f6rki keypt \u00far \u00fer\u00e6ld\u00f3mi e\u00f0a frelsi, gefi\u00f0 \u00fe\u00e1 liggur \u00fear vi\u00f0 refsing, en \u00feau skulu ekki deyja, \u00fev\u00ed h\u00fan er ekki frj\u00e1ls.<a name=\"21\"><span class=\"versanumer\">21<\/span><\/a>Ma\u00f0urinn skal koma me\u00f0 s\u00edna syndaf\u00f3rn fyrir Drottin, til dyra samkundutjaldb\u00fa\u00f0arinnar <span class='VideyAth'>(skal hann koma me\u00f0)<\/span> hr\u00fat til syndaf\u00f3rnar,<a name=\"22\"><span class=\"versanumer\">22<\/span><\/a>og presturinn skal me\u00f0 syndaf\u00f3rnarhr\u00fatnum forl\u00edka hann vi\u00f0 Gu\u00f0 fyrir \u00fe\u00e1 synd, sem hann dr\u00fdg\u00f0i, og honum mun fyrirgefin ver\u00f0a s\u00fa synd, sem hann dr\u00fdg\u00f0i.<br \/><a name=\"23\"><span class=\"versanumer\">23<\/span><\/a>\u00deegar \u00fe\u00e9r komi\u00f0 inn \u00ed landi\u00f0 og gr\u00f3\u00f0ursetji\u00f0 \u00fear alls lags aldintr\u00e9, \u00fe\u00e1 skulu\u00f0 \u00fe\u00e9r burtsnei\u00f0a aldin \u00feess sem yfirh\u00fa\u00f0; \u00ed \u00ferj\u00fa \u00e1r skulu\u00f0 \u00fe\u00e9r \u00e1l\u00edta \u00feau sem \u00f3umskorin, ekki eta af \u00feeim;<a name=\"24\"><span class=\"versanumer\">24<\/span><\/a>en \u00e1 fj\u00f3r\u00f0a \u00e1rinu skal allur \u00e1v\u00f6xtur trj\u00e1nna vera helga\u00f0ur gle\u00f0ih\u00e1t\u00ed\u00f0 fyrir Drottni;<a name=\"25\"><span class=\"versanumer\">25<\/span><\/a>en \u00e1 fimmta \u00e1rinu megi\u00f0 \u00fe\u00e9r sj\u00e1lfir nj\u00f3ta \u00feeirra \u00e1vaxta og safna handa sj\u00e1lfum y\u00f0ur gr\u00f3\u00f0a \u00feeirra. Eg er Drottinn y\u00f0ar Gu\u00f0. <br \/><a name=\"26\"><span class=\"versanumer\">26<\/span><\/a>Ekkert skulu\u00f0 \u00fe\u00e9r eta me\u00f0 bl\u00f3\u00f0i \u00feess. Ekki skaltu vera teikna\u00fatleggjari e\u00f0a br\u00faka t\u00f6fra.<a name=\"27\"><span class=\"versanumer\">27<\/span><\/a>Eigi skaltu kringskera \u00feitt h\u00f6fu\u00f0h\u00e1r, n\u00e9 skemma \u00feitt vangaskegg.<a name=\"28\"><span class=\"versanumer\">28<\/span><\/a>\u00de\u00e9r skulu\u00f0 ekki gj\u00f6ra skur\u00f0 \u00ed hold y\u00f0ar fyrir dau\u00f0s manns sakir, n\u00e9 brenna merki \u00e1 y\u00f0ar l\u00edkami. Eg er Drottinn.<a name=\"29\"><span class=\"versanumer\">29<\/span><\/a>Ekki skaltu vanhelga d\u00f3ttur \u00fe\u00edna me\u00f0 \u00fev\u00ed a\u00f0 gefa hana til saurlifna\u00f0ar, svo a\u00f0 landi\u00f0 h\u00f3rist ei og ver\u00f0i fullt af gl\u00e6pum.<a name=\"30\"><span class=\"versanumer\">30<\/span><\/a>M\u00edna hv\u00edldardaga skulu\u00f0 \u00fe\u00e9r halda, og hafa \u00ed hei\u00f0ri minn helgid\u00f3m. Eg er Drottinn.<a name=\"31\"><span class=\"versanumer\">31<\/span><\/a>Fari\u00f0 ekki til \u00feeirra, sem svara til fr\u00e9tta af dau\u00f0um, e\u00f0a sp\u00e1sagnarmanna; fari\u00f0 ei til fr\u00e9tta vi\u00f0 \u00fe\u00e1, a\u00f0 \u00fe\u00e9r saurgist ekki af \u00feeim. Eg er Drottinn y\u00f0ar Gu\u00f0. <br \/><a name=\"32\"><span class=\"versanumer\">32<\/span><\/a>\u00de\u00fa skalt standa upp fyrir \u00feeim gr\u00e1h\u00e6r\u00f0a og hei\u00f0ra hinn gamla og \u00f3ttast \u00feinn Gu\u00f0. Eg er Drottinn.<br \/><a name=\"33\"><span class=\"versanumer\">33<\/span><\/a>Ef \u00fatlendur ma\u00f0ur b\u00fdr hj\u00e1 \u00fe\u00e9r \u00ed landi y\u00f0ar, \u00fe\u00e1 s\u00fdni\u00f0 honum engan \u00f3j\u00f6fnu\u00f0;<a name=\"34\"><span class=\"versanumer\">34<\/span><\/a>heldur far me\u00f0 \u00feann \u00fatlenda, sem hj\u00e1 y\u00f0ur b\u00fdr, eins og v\u00e6ri hann \u00fe\u00e9r samlendur; \u00fe\u00fa skalt elska hann sem sj\u00e1lfan \u00feig, \u00fev\u00ed a\u00f0 \u00fe\u00e9r v\u00f3ru\u00f0 l\u00edka framandi \u00ed Egyptalandi. Eg er Drottinn y\u00f0ar Gu\u00f0. <br \/><a name=\"35\"><span class=\"versanumer\">35<\/span><\/a>\u00de\u00e9r skulu\u00f0 engum \u00f3r\u00e9tt gj\u00f6ra \u00ed d\u00f3mi, vigt og m\u00e6lir,<a name=\"36\"><span class=\"versanumer\">36<\/span><\/a>r\u00e9ttar vogir, r\u00e9tt l\u00f3\u00f0, r\u00e9tt m\u00e6likerh\u00f6ld og r\u00e9ttar k\u00f6nnur skulu vera hj\u00e1 y\u00f0ur. Eg er Drottinn y\u00f0ar Gu\u00f0, sem leiddi y\u00f0ur \u00fat \u00far Egyptalandi;<a name=\"37\"><span class=\"versanumer\">37<\/span><\/a>\u00fear fyrir var\u00f0veiti\u00f0 alla m\u00edna setninga og \u00f6ll m\u00edn bo\u00f0or\u00f0 og haldi\u00f0 \u00feau. Eg er Drottinn.<\/p>\n<div class=\"footnoteVidey\">V. 8. Bera misgj\u00f6rning: vera straffs sekur.  V. 17. Svo a\u00f0 \u00fe\u00fa me\u00f0 a\u00f0finningarleysinu ekki skulir l\u00edka sem samsinna hans breytni. Matt. 18,15. f. 1 T\u00edm. 5,22.  V. 19. A\u00f0alaugnami\u00f0 \u00feessara bo\u00f0or\u00f0a mun vera, a\u00f0 vi\u00f0halda me\u00f0al Gy\u00f0inga n\u00e1tt\u00farlegum, einf\u00f6ldum og hreinum si\u00f0um.  \u00cd vv. 26\u201331 eru nefndir \u00fdmsir lestir, \u00f3si\u00f0ir og d\u00e1raskapur sem t\u00ed\u00f0ka\u00f0ist me\u00f0al hei\u00f0inna \u00fej\u00f3\u00f0a.<\/div>\n","protected":false},"excerpt":{"rendered":"<p>\u00ddmisleg bo\u00f0or\u00f0 si\u00f0a- og helgihaldal\u00f6gm\u00e1li vi\u00f0komandi. 1Enn tala\u00f0i Drottinn vi\u00f0 M\u00f3ses \u00feannig:2Tala \u00fe\u00fa til alls safna\u00f0ar \u00cdsraelsbarna og seg \u00feeim: veri\u00f0 heilagir, \u00fev\u00ed a\u00f0 eg Drottinn, y\u00f0ar Gu\u00f0 er heilagur.3S\u00e9rhv\u00f6r \u00f3ttist m\u00f3\u00f0ur s\u00edna og f\u00f6\u00f0ur sinn og haldi m\u00edna hv\u00edldardaga. Eg er Drottinn y\u00f0ar Gu\u00f0.4Sn\u00fai\u00f0 y\u00f0ur eigi til h\u00e9g\u00f3mlegra afgu\u00f0a og gj\u00f6ri\u00f0 y\u00f0ur ekki steypta gu\u00f0i. Eg er Drottinn y\u00f0ar Gu\u00f0.5\u00deegar \u00fe\u00e9r sl\u00e1tri\u00f0 Drottni \u00feakkl\u00e6tisf\u00f3rn, \u00fe\u00e1 sl\u00e1tri\u00f0 henni \u00feannig a\u00f0 \u00fe\u00e9r ver\u00f0i\u00f0 (Drottni) vel\u00fe\u00f3knanlegir:6F\u00f3rnin skal etast sama dag og daginn eftir, en \u00fea\u00f0 sem eftir ver\u00f0ur til \u00feri\u00f0ja dags, skal \u00e1 eldi brennast.7Ef \u00fear af er eti\u00f0 hinn \u00feri\u00f0ja dag, <a href=\"https:\/\/biblian.is\/videy\/thridja-mosebok-19-kafli\/\"> [&#8230;]<\/a><\/p>\n","protected":false},"author":1,"featured_media":0,"parent":0,"menu_order":0,"comment_status":"open","ping_status":"open","template":"bibliukaflar.php","meta":{"footnotes":""},"class_list":["post-20958","page","type-page","status-publish","hentry"],"_links":{"self":[{"href":"https:\/\/biblian.is\/videy\/wp-json\/wp\/v2\/pages\/20958","targetHints":{"allow":["GET"]}}],"collection":[{"href":"https:\/\/biblian.is\/videy\/wp-json\/wp\/v2\/pages"}],"about":[{"href":"https:\/\/biblian.is\/videy\/wp-json\/wp\/v2\/types\/page"}],"author":[{"embeddable":true,"href":"https:\/\/biblian.is\/videy\/wp-json\/wp\/v2\/users\/1"}],"replies":[{"embeddable":true,"href":"https:\/\/biblian.is\/videy\/wp-json\/wp\/v2\/comments?post=20958"}],"version-history":[{"count":0,"href":"https:\/\/biblian.is\/videy\/wp-json\/wp\/v2\/pages\/20958\/revisions"}],"wp:attachment":[{"href":"https:\/\/biblian.is\/videy\/wp-json\/wp\/v2\/media?parent=20958"}],"curies":[{"name":"wp","href":"https:\/\/api.w.org\/{rel}","templated":true}]}}