{"id":20957,"date":"2018-01-02T00:59:41","date_gmt":"2018-01-02T00:59:41","guid":{"rendered":"http:\/\/biblian.is\/videy\/thridja-mosebok-18-kafli\/"},"modified":"2018-01-02T00:59:41","modified_gmt":"2018-01-02T00:59:41","slug":"thridja-mosebok-18-kafli","status":"publish","type":"page","link":"https:\/\/biblian.is\/videy\/thridja-mosebok-18-kafli\/","title":{"rendered":"\u00deri\u00f0ja M\u00f3seb\u00f3k 18. kafli"},"content":{"rendered":"<div class=\"fyrirsognVidey\">Banna\u00f0 hj\u00f3naband og samr\u00e6\u00f0i vi\u00f0 n\u00e1skylda og \u00fdmislegur annar saurlifna\u00f0ur.<\/div>\n<p><a name=\"1\"><span class=\"versanumer\">1<\/span><\/a>Ennframar tala\u00f0i Drottinn \u00feannig vi\u00f0 M\u00f3ses:<a name=\"2\"><span class=\"versanumer\">2<\/span><\/a>Tala \u00fe\u00fa vi\u00f0 \u00cdsraelsb\u00f6rn og seg\u00f0u til \u00feeirra: eg er Drottinn y\u00f0ar Gu\u00f0.<a name=\"3\"><span class=\"versanumer\">3<\/span><\/a>\u00de\u00e9r skulu\u00f0 ekki breyta eftir h\u00e1ttum Egyptalands, hvar \u00fe\u00e9r \u00e1\u00f0ur bjuggu\u00f0, n\u00e9 h\u00e1ttum Kanaanslands \u00ed hv\u00f6rt eg mun innlei\u00f0a y\u00f0ur og ekki skulu\u00f0 \u00fe\u00e9r fylgja \u00feeirra si\u00f0venjum,<a name=\"4\"><span class=\"versanumer\">4<\/span><\/a>heldur skulu\u00f0 \u00fe\u00e9r breyta eftir m\u00ednum bo\u00f0or\u00f0um, og var\u00f0veita m\u00edna setninga, svo \u00fe\u00e9r gj\u00f6ri\u00f0 eftir \u00feeim. Eg em Drottinn y\u00f0ar Gu\u00f0.<a name=\"5\"><span class=\"versanumer\">5<\/span><\/a>\u00de\u00e9r skulu\u00f0 var\u00f0veita m\u00edna setninga og bo\u00f0or\u00f0; hv\u00f6r s\u00e1 ma\u00f0ur sem \u00fea\u00f0 gj\u00f6rir, mun \u00fear fyrir lifa. Eg er Drottinn.<br \/><a name=\"6\"><span class=\"versanumer\">6<\/span><\/a>Enginn n\u00e1l\u00e6gi sig nokkurri n\u00e1skyldri konu til a\u00f0 bera hennar blyg\u00f0an. Eg er Drottinn.<a name=\"7\"><span class=\"versanumer\">7<\/span><\/a>Hv\u00f6rki berir \u00fe\u00fa blyg\u00f0an f\u00f6\u00f0ur \u00fe\u00edns, \u00fea\u00f0 er m\u00f3\u00f0ur \u00feinnar; vegna \u00feess a\u00f0 h\u00fan er \u00fe\u00edn m\u00f3\u00f0ir, skaltu ekki bera hennar blyg\u00f0an;<a name=\"8\"><span class=\"versanumer\">8<\/span><\/a>\u00fe\u00fa skalt ei bera blyg\u00f0an stj\u00fapm\u00f3\u00f0ur \u00feinnar, \u00fev\u00ed a\u00f0 \u00fea\u00f0 er blyg\u00f0an f\u00f6\u00f0ur \u00fe\u00edns.<a name=\"9\"><span class=\"versanumer\">9<\/span><\/a>Ekki heldur skaltu bera blyg\u00f0an systur \u00feinnar, hv\u00f6rt heldur \u00fea\u00f0 er d\u00f3ttir f\u00f6\u00f0ur \u00fe\u00edns e\u00f0a m\u00f3\u00f0ur \u00feinnar, hv\u00f6rt heldur h\u00fan er f\u00e6dd heima e\u00f0a utan h\u00fass.<a name=\"10\"><span class=\"versanumer\">10<\/span><\/a>Ekki skaltu bera blyg\u00f0an \u00feinnar sonard\u00f3ttur e\u00f0a d\u00f3tturd\u00f3ttur, \u00fev\u00ed \u00fea\u00f0 er \u00fe\u00edn eigin blyg\u00f0an.<a name=\"11\"><span class=\"versanumer\">11<\/span><\/a>Blyg\u00f0an d\u00f3ttur stj\u00fapm\u00f3\u00f0ur \u00feinnar, sem h\u00fan hefir f\u00e6tt f\u00f6\u00f0ur \u00fe\u00ednum, m\u00e1ttu ekki bera, \u00fev\u00ed a\u00f0 h\u00fan er systir \u00fe\u00edn.<a name=\"12\"><span class=\"versanumer\">12<\/span><\/a>Ekki heldur m\u00e1ttu bera blyg\u00f0an \u00feinnar f\u00f6\u00f0ursystur, vegna n\u00e1skyldugleika hennar vi\u00f0 f\u00f6\u00f0ur \u00feinn;<a name=\"13\"><span class=\"versanumer\">13<\/span><\/a>n\u00e9 bera blyg\u00f0an \u00feinnar m\u00f3\u00f0ursystur, vegna hennar n\u00e1skyldugleika vi\u00f0 m\u00f3\u00f0ur \u00fe\u00edna.<a name=\"14\"><span class=\"versanumer\">14<\/span><\/a>Ekki heldur skaltu bera blyg\u00f0an f\u00f6\u00f0urbr\u00f3\u00f0ur \u00fe\u00edns, n\u00e1l\u00e6gja \u00feig konu hans, \u00fev\u00ed a\u00f0 h\u00fan er f\u00f6\u00f0ursystir \u00fe\u00edn.<a name=\"15\"><span class=\"versanumer\">15<\/span><\/a>Ekki skaltu bera blyg\u00f0an tengdad\u00f3ttur \u00feinnar, vegna \u00feess a\u00f0 h\u00fan er kona sonar \u00fe\u00edns skaltu eigi bera hennar blyg\u00f0an.<a name=\"16\"><span class=\"versanumer\">16<\/span><\/a>Ekki skaltu bera blyg\u00f0an tengdasystur \u00feinnar, \u00fev\u00ed a\u00f0 \u00fea\u00f0 er blyg\u00f0an br\u00f3\u00f0ur \u00fe\u00edns.<a name=\"17\"><span class=\"versanumer\">17<\/span><\/a>Ei m\u00e1ttu bera blyg\u00f0an nokkurar konu og d\u00f3ttur hennar <span class='VideyAth'>(l\u00edka)<\/span>, n\u00e9 taka hennar sonard\u00f3ttur e\u00f0a d\u00f3tturd\u00f3ttur til a\u00f0 bera blyg\u00f0an \u00feeirra, \u00fev\u00ed a\u00f0 \u00fe\u00e6r eru henni n\u00e1tengdar; \u00fea\u00f0 er skammarverk!<a name=\"18\"><span class=\"versanumer\">18<\/span><\/a>Ekki skaltu heldur \u00e1 me\u00f0an konan lifir, \u00e1samt konunni l\u00edka taka systur hennar til a\u00f0 bera hennar blyg\u00f0an, konunni til eljur\u00edgs. <br \/><a name=\"19\"><span class=\"versanumer\">19<\/span><\/a>\u00de\u00fa skalt ekki n\u00e1l\u00e6gja \u00feig konu til a\u00f0 bera blyg\u00f0an hennar \u00e1 me\u00f0an h\u00fan er \u00f3hrein af s\u00ednum t\u00ed\u00f0um.<a name=\"20\"><span class=\"versanumer\">20<\/span><\/a>Ekki heldur skaltu hafa holdlegt samr\u00e6\u00f0i vi\u00f0 konu n\u00e1unga \u00fe\u00edns, svo \u00fe\u00fa ei saurgist af henni.<br \/><a name=\"21\"><span class=\"versanumer\">21<\/span><\/a>Ekki skaltu gefa M\u00f3lok til f\u00f3rnar nokkurn af ni\u00f0jum \u00fe\u00ednum, svo a\u00f0 \u00fe\u00fa ekki vanhelgir nafn \u00fe\u00edns Gu\u00f0s. Eg er Drottinn.<a name=\"22\"><span class=\"versanumer\">22<\/span><\/a>\u00de\u00fa skalt ekki liggja hj\u00e1 karlmanni, sem kona v\u00e6ri; \u00fea\u00f0 er vi\u00f0urstygg\u00f0!<a name=\"23\"><span class=\"versanumer\">23<\/span><\/a>\u00de\u00fa skalt ekki samlaga \u00feig nokkrum f\u00e9na\u00f0i, svo a\u00f0 \u00fe\u00fa saurgist eigi af honum, og ekki heldur kona liggja hj\u00e1 f\u00e9na\u00f0i; \u00fea\u00f0 er sv\u00edvir\u00f0ileg saurgan!<br \/><a name=\"24\"><span class=\"versanumer\">24<\/span><\/a>Saurgi\u00f0 y\u00f0ur ekki me\u00f0 nokkru \u00fev\u00edl\u00edku, \u00fev\u00ed me\u00f0 \u00feessh\u00e1ttar hafa saurga\u00f0 sig hei\u00f0nar \u00fej\u00f3\u00f0ir, sem eg vil reka burt fr\u00e1 y\u00f0ur.<a name=\"25\"><span class=\"versanumer\">25<\/span><\/a>Landi\u00f0 er saurga\u00f0, eg vil vitja \u00feess misgj\u00f6r\u00f0a; og \u00fea\u00f0 hefir \u00feegar \u00fatskyrpt s\u00ednum innbyggjurum fr\u00e1 s\u00e9r.<a name=\"26\"><span class=\"versanumer\">26<\/span><\/a>En \u00fe\u00e9r skulu\u00f0 var\u00f0veita m\u00edna setninga og bo\u00f0or\u00f0, svo a\u00f0 hv\u00f6rki s\u00e1 innlendi n\u00e9 \u00fatlendi, sem b\u00fdr \u00e1 me\u00f0al y\u00f0ar, dr\u00fdgi nokkura \u00fev\u00edl\u00edka vi\u00f0urstygg\u00f0.<a name=\"27\"><span class=\"versanumer\">27<\/span><\/a>\u00dev\u00ed allar \u00feessar sv\u00edvir\u00f0ingar hafa \u00feeir sem bygg\u00f0u landi\u00f0 \u00e1 undan y\u00f0ur dr\u00fdgt, og saurga\u00f0 \u00fear me\u00f0 landi\u00f0,<a name=\"28\"><span class=\"versanumer\">28<\/span><\/a>svo a\u00f0 landi\u00f0 ekki skyrpi y\u00f0ur fr\u00e1 s\u00e9r vegna \u00feess a\u00f0 \u00fe\u00e9r saurgi\u00f0 \u00fea\u00f0, eins og \u00fea\u00f0 skyrpti fr\u00e1 s\u00e9r \u00feeim \u00fej\u00f3\u00f0um sem \u00e1 undan y\u00f0ur v\u00f3ru;<a name=\"29\"><span class=\"versanumer\">29<\/span><\/a>\u00fev\u00ed a\u00f0 hv\u00f6r s\u00e1 sem dr\u00fdgir nokkra af \u00feessum vi\u00f0urstygg\u00f0um, s\u00fa s\u00e1l, sem \u00fea\u00f0 gj\u00f6rir, skal uppr\u00e6tast fr\u00e1 s\u00ednu f\u00f3lki.<a name=\"30\"><span class=\"versanumer\">30<\/span><\/a>Var\u00f0veiti\u00f0 \u00fear fyrir \u00feau bo\u00f0or\u00f0, sem eg hefi fengi\u00f0 y\u00f0ur til var\u00f0veislu, svo a\u00f0 \u00fe\u00e9r fylgi\u00f0 engum af \u00feeim vi\u00f0urstyggilegu h\u00e1ttum, er \u00feeir fylgdu, sem \u00e1 undan y\u00f0ur v\u00f3ru og saurgi\u00f0 y\u00f0ur \u00fear vi\u00f0. Eg er Drottinn y\u00f0ar Gu\u00f0!<\/p>\n<div class=\"footnoteVidey\">V. 4. \u00deegar vi\u00f0 l\u00f6gggj\u00f6f e\u00f0a fyrirheit er b\u00e6tt \u00feessum or\u00f0um: Eg er Drottinn, e\u00f0a, Eg er Drottinn y\u00f0ar Gu\u00f0, gefur \u00fea\u00f0 hv\u00f6rutveggju enn meiri helgi; nefnil. a\u00f0 Gu\u00f0 vafalaust straffi yfirtro\u00f0sluna, efni fyrirheiti\u00f0.  V. 6. Bera blyg\u00f0an, \u00fe. e. hafa holdl. samr\u00e6\u00f0i vi\u00f0.  V. 9. F\u00e6dd h. e\u00f0a utan h. l\u00edklegast: ekta e\u00f0a \u00f3ekta.  V. 25. Gu\u00f0 segist vitja mannanna \u00feegar hann anna\u00f0hv\u00f6rt sendir \u00feeim straff e\u00f0a l\u00edkn.<\/div>\n","protected":false},"excerpt":{"rendered":"<p>Banna\u00f0 hj\u00f3naband og samr\u00e6\u00f0i vi\u00f0 n\u00e1skylda og \u00fdmislegur annar saurlifna\u00f0ur. 1Ennframar tala\u00f0i Drottinn \u00feannig vi\u00f0 M\u00f3ses:2Tala \u00fe\u00fa vi\u00f0 \u00cdsraelsb\u00f6rn og seg\u00f0u til \u00feeirra: eg er Drottinn y\u00f0ar Gu\u00f0.3\u00de\u00e9r skulu\u00f0 ekki breyta eftir h\u00e1ttum Egyptalands, hvar \u00fe\u00e9r \u00e1\u00f0ur bjuggu\u00f0, n\u00e9 h\u00e1ttum Kanaanslands \u00ed hv\u00f6rt eg mun innlei\u00f0a y\u00f0ur og ekki skulu\u00f0 \u00fe\u00e9r fylgja \u00feeirra si\u00f0venjum,4heldur skulu\u00f0 \u00fe\u00e9r breyta eftir m\u00ednum bo\u00f0or\u00f0um, og var\u00f0veita m\u00edna setninga, svo \u00fe\u00e9r gj\u00f6ri\u00f0 eftir \u00feeim. Eg em Drottinn y\u00f0ar Gu\u00f0.5\u00de\u00e9r skulu\u00f0 var\u00f0veita m\u00edna setninga og bo\u00f0or\u00f0; hv\u00f6r s\u00e1 ma\u00f0ur sem \u00fea\u00f0 gj\u00f6rir, mun \u00fear fyrir lifa. Eg er Drottinn.6Enginn n\u00e1l\u00e6gi sig nokkurri n\u00e1skyldri konu til a\u00f0 <a href=\"https:\/\/biblian.is\/videy\/thridja-mosebok-18-kafli\/\"> [&#8230;]<\/a><\/p>\n","protected":false},"author":1,"featured_media":0,"parent":0,"menu_order":0,"comment_status":"open","ping_status":"open","template":"bibliukaflar.php","meta":{"footnotes":""},"class_list":["post-20957","page","type-page","status-publish","hentry"],"_links":{"self":[{"href":"https:\/\/biblian.is\/videy\/wp-json\/wp\/v2\/pages\/20957","targetHints":{"allow":["GET"]}}],"collection":[{"href":"https:\/\/biblian.is\/videy\/wp-json\/wp\/v2\/pages"}],"about":[{"href":"https:\/\/biblian.is\/videy\/wp-json\/wp\/v2\/types\/page"}],"author":[{"embeddable":true,"href":"https:\/\/biblian.is\/videy\/wp-json\/wp\/v2\/users\/1"}],"replies":[{"embeddable":true,"href":"https:\/\/biblian.is\/videy\/wp-json\/wp\/v2\/comments?post=20957"}],"version-history":[{"count":0,"href":"https:\/\/biblian.is\/videy\/wp-json\/wp\/v2\/pages\/20957\/revisions"}],"wp:attachment":[{"href":"https:\/\/biblian.is\/videy\/wp-json\/wp\/v2\/media?parent=20957"}],"curies":[{"name":"wp","href":"https:\/\/api.w.org\/{rel}","templated":true}]}}