{"id":20955,"date":"2018-01-02T00:59:41","date_gmt":"2018-01-02T00:59:41","guid":{"rendered":"http:\/\/biblian.is\/videy\/thridja-mosebok-16-kafli\/"},"modified":"2018-01-02T00:59:41","modified_gmt":"2018-01-02T00:59:41","slug":"thridja-mosebok-16-kafli","status":"publish","type":"page","link":"https:\/\/biblian.is\/videy\/thridja-mosebok-16-kafli\/","title":{"rendered":"\u00deri\u00f0ja M\u00f3seb\u00f3k 16. kafli"},"content":{"rendered":"<div class=\"fyrirsognVidey\">Um \u00fe\u00e1 miklu forl\u00edkunarh\u00e1t\u00ed\u00f0.<\/div>\n<p><a name=\"1\"><span class=\"versanumer\">1<\/span><\/a>Ennframar tala\u00f0i Drottinn \u00feannig vi\u00f0 M\u00f3ses eftir dau\u00f0a tveggja Arons sona, sem d\u00f3u \u00fe\u00e1 \u00feeir n\u00e1l\u00e6g\u00f0u sig augliti Drottins.<a name=\"2\"><span class=\"versanumer\">2<\/span><\/a>Drottinn sag\u00f0i: seg \u00fe\u00fa Aron br\u00f3\u00f0ur \u00fe\u00ednum, a\u00f0 hann megi ekki \u00e1 hv\u00f6rjum helst t\u00edma ganga inn \u00ed helgid\u00f3minn, inn fyrir fortjaldi\u00f0 fram fyrir loki\u00f0 <span class='VideyAth'>(n\u00e1\u00f0arst\u00f3linn)<\/span>, sem er yfir \u00f6rkinni, a\u00f0 hann ekki skuli deyja, \u00fev\u00ed \u00ed sk\u00fdinu, sem er yfir arkarlokinu mun eg birtast.<a name=\"3\"><span class=\"versanumer\">3<\/span><\/a>\u00deegar Aron kemur inn \u00ed helgid\u00f3minn, skal hann framkoma me\u00f0 ungneyti til syndaf\u00f3rnar og hr\u00fat til brennif\u00f3rnar.<a name=\"4\"><span class=\"versanumer\">4<\/span><\/a>Hann skal einungis \u00edf\u00e6ra sig \u00feeim helga serki og l\u00ednbr\u00f3kunum yfir bert h\u00f6rund og gir\u00f0a sig l\u00ednbeltinu og vefja prestad\u00faknum um h\u00f6fu\u00f0 sitt. \u00deetta eru hin helgu kl\u00e6\u00f0i; en \u00e1\u00f0ur en hann f\u00e6rir sig \u00ed \u00feau, skal hann lauga sinn l\u00edkama \u00ed vatni;<a name=\"5\"><span class=\"versanumer\">5<\/span><\/a>og af \u00cdsraelsbarna s\u00f6fnu\u00f0i skal hann taka \u00e1 m\u00f3ti tveimur kjarnh\u00f6frum til syndaf\u00f3rnar og einum hr\u00fat til brennif\u00f3rnar.<a name=\"6\"><span class=\"versanumer\">6<\/span><\/a>\u00dear \u00e1 eftir skal Aron framlei\u00f0a s\u00edna eigin syndaf\u00f3rn, ungneyti\u00f0, og forl\u00edka fyrir sig og sitt h\u00fas;<a name=\"7\"><span class=\"versanumer\">7<\/span><\/a>og s\u00ed\u00f0an skal hann taka \u00fe\u00e1 tvo kjarnhafra og lei\u00f0a \u00fe\u00e1 fram fyrir Drottin, fyrir dyr samkundutjaldb\u00fa\u00f0arinnar,<a name=\"8\"><span class=\"versanumer\">8<\/span><\/a>og kasta hlutkesti um b\u00e1\u00f0a hafrana, \u00f6\u00f0ru fyrir Drottin en \u00f6\u00f0ru fyrir Asasel.<a name=\"9\"><span class=\"versanumer\">9<\/span><\/a>S\u00ed\u00f0an skal Aron framlei\u00f0a \u00feann kjarnhafurinn \u00e1 hv\u00f6rn hlutur Drottins f\u00e9ll, og fara me\u00f0 hann sem syndaf\u00f3rn;<a name=\"10\"><span class=\"versanumer\">10<\/span><\/a>en hinn hafurinn, sem hlotna\u00f0ist Asasel, skal hann lei\u00f0a lifandi fram fyrir Drottin, svo hann gj\u00f6ri forl\u00edkun me\u00f0 honum og sendi hann burt til Asasels \u00ed ey\u00f0im\u00f6rkina.<a name=\"11\"><span class=\"versanumer\">11<\/span><\/a>S\u00ed\u00f0an skal Aron framlei\u00f0a uxann, syndaf\u00f3rn sj\u00e1lfs s\u00edns, og forl\u00edka fyrir sig og h\u00fas sitt, og sl\u00e1tra uxanum, syndaf\u00f3rn sj\u00e1lfs s\u00edns.<a name=\"12\"><span class=\"versanumer\">12<\/span><\/a>\u00dear eftir skal hann taka fullt gl\u00f3\u00f0arker me\u00f0 gl\u00f3andi kolum fr\u00e1 altarinu, sem stendur fyrir Drottins augs\u00fdn, og knefa s\u00edna fulla me\u00f0 sm\u00e1muli\u00f0 ilmandi reykelsi og fara me\u00f0 \u00fea\u00f0 inn fyrir fortjaldi\u00f0,<a name=\"13\"><span class=\"versanumer\">13<\/span><\/a>l\u00e1ta reykelsi\u00f0 \u00e1 eldinn fyrir augliti Drottins, svo a\u00f0 sk\u00fd reykelsisins hylji arkarloki\u00f0, sem er yfir l\u00f6gm\u00e1ls\u00f6rkinni, svo a\u00f0 hann ekki deyi,<a name=\"14\"><span class=\"versanumer\">14<\/span><\/a>og hann skal taka nokku\u00f0 af uxans bl\u00f3\u00f0i, og st\u00f6kkva \u00fev\u00ed me\u00f0 fingri s\u00ednum yfir arkarloki\u00f0 gegn austri, sj\u00f6 sinnum skal hann st\u00f6kkva bl\u00f3\u00f0inu af fingri s\u00ednum fyrir framan arkarloki\u00f0.<a name=\"15\"><span class=\"versanumer\">15<\/span><\/a>\u00dear eftir skal hann sl\u00e1tra hafrinum sem er syndaf\u00f3rn fyrir f\u00f3lki\u00f0, og bera bl\u00f3\u00f0 hans inn fyrir fortjaldi\u00f0 og fara me\u00f0 \u00fea\u00f0 \u00e1 sama h\u00e1tt, eins og hann f\u00f3r me\u00f0 bl\u00f3\u00f0 uxans, st\u00f6kkva \u00fev\u00ed yfir arkarloki\u00f0 og fyrir framan \u00fea\u00f0;<a name=\"16\"><span class=\"versanumer\">16<\/span><\/a>og \u00feannig skal hann hreinsa helgid\u00f3minn fr\u00e1 \u00cdsraelsbarna saurugleika, fr\u00e1 \u00feeirra yfirtro\u00f0slum og allri \u00feeirra synd; og sama skal hann gj\u00f6ra vi\u00f0 samkundutjaldb\u00fa\u00f0ina, sem stendur me\u00f0al \u00feeirra mitt \u00ed \u00feeirra \u00f3hreinleika.<a name=\"17\"><span class=\"versanumer\">17<\/span><\/a>Enginn ma\u00f0ur m\u00e1 vera \u00ed samkundutjaldb\u00fa\u00f0inni fr\u00e1 \u00fev\u00ed \u00e6\u00f0sti presturinn, gengur \u00fear inn, til \u00feess a\u00f0 hreinsa helgid\u00f3minn, \u00feanga\u00f0 til hann fer \u00fea\u00f0an \u00fat aftur\u2014og hann skal gj\u00f6ra forl\u00edkun fyrir sj\u00e1lfan sig, sitt h\u00fas og allan \u00cdsraelss\u00f6fnu\u00f0.<a name=\"18\"><span class=\"versanumer\">18<\/span><\/a>\u00dear eftir skal hann ganga \u00fat til \u00feess altaris, sem stendur fyrir augliti Drottins og hreinsa \u00fea\u00f0; hann skal taka nokku\u00f0 af bl\u00f3\u00f0i uxans og bl\u00f3\u00f0i hafursins og rj\u00f3\u00f0a \u00e1 horn altarisins umhverfis,<a name=\"19\"><span class=\"versanumer\">19<\/span><\/a>og 7 sinnum st\u00f6kkva bl\u00f3\u00f0inu af fingri s\u00ednum yfir \u00fea\u00f0, og hreinsa \u00fea\u00f0 af \u00cdsraelsbarna saurugleika, og helga \u00fea\u00f0. <br \/><a name=\"20\"><span class=\"versanumer\">20<\/span><\/a>\u00deegar Aron hefir fullkomna\u00f0 forl\u00edkunargj\u00f6r\u00f0 helgid\u00f3msins, samkundutjaldb\u00fa\u00f0arinnar og altarisins, \u00fe\u00e1 skal hann framlei\u00f0a \u00feann lifandi kjarnhafur,<a name=\"21\"><span class=\"versanumer\">21<\/span><\/a>leggja b\u00e1\u00f0ar s\u00ednar hendur \u00e1 hans h\u00f6fu\u00f0 og me\u00f0kenna yfir honum alla \u00cdsraelsbarna misgj\u00f6rninga, yfirtro\u00f0slur og syndir og leggja \u00fe\u00e6r \u00e1 h\u00f6fu\u00f0 kjarnhafursins, og senda hann burt \u00ed ey\u00f0im\u00f6rku me\u00f0 manni, sem \u00fear til er fer\u00f0b\u00fainn,<a name=\"22\"><span class=\"versanumer\">22<\/span><\/a>svo hafurinn burtberi \u00e1 sj\u00e1lfum s\u00e9r alla \u00feeirra misgj\u00f6rninga til \u00e1vaxtalauss lands, og \u00ed ey\u00f0im\u00f6rkinni skal ma\u00f0urinn sleppa hafrinum.<a name=\"23\"><span class=\"versanumer\">23<\/span><\/a>A\u00f0 \u00fev\u00ed b\u00fanu skal Aron fara inn \u00ed samkundutjaldb\u00fa\u00f0ina og afkl\u00e6\u00f0a sig l\u00ednkl\u00e6\u00f0unum, sem hann f\u00f3r \u00ed \u00feegar hann gekk inn \u00ed helgid\u00f3minn, og skilja \u00feau \u00fear eftir.<a name=\"24\"><span class=\"versanumer\">24<\/span><\/a>S\u00ed\u00f0an skal hann lauga l\u00edkama sinn \u00ed vatni \u00e1 helgum sta\u00f0, f\u00e6ra sig \u00ed s\u00edn eigin kl\u00e6\u00f0i og ganga svo \u00fat og f\u00f3rnf\u00e6ra sj\u00e1lfs s\u00edns brennif\u00f3rn, og f\u00f3lksins brennif\u00f3rn, og forl\u00edka \u00feannig fyrir sig og f\u00f3lki\u00f0.<a name=\"25\"><span class=\"versanumer\">25<\/span><\/a>\u00dea\u00f0 feita af brennif\u00f3rninni skal hann upptendra \u00e1 altarinu.<br \/><a name=\"26\"><span class=\"versanumer\">26<\/span><\/a>S\u00e1 sem f\u00f3r burt me\u00f0 hafurinn til Asasels, skal \u00fevo kl\u00e6\u00f0i s\u00edn og lauga l\u00edkama sinn \u00ed vatni, en a\u00f0 \u00fev\u00ed b\u00fanu m\u00e1 hann koma inn \u00ed herb\u00fa\u00f0irnar. <br \/><a name=\"27\"><span class=\"versanumer\">27<\/span><\/a>Syndaf\u00f3rnaruxann og syndaf\u00f3rnarhafurinn, hv\u00f6rra bl\u00f3\u00f0 var innbori\u00f0 \u00ed helgid\u00f3minn til forl\u00edkunar, skulu menn bera \u00fat fyrir herb\u00fa\u00f0irnar og brenna \u00fear skinn \u00feeirra, kj\u00f6t og saur;<a name=\"28\"><span class=\"versanumer\">28<\/span><\/a>en s\u00e1 sem \u00fea\u00f0 brennir skal \u00fevo s\u00edn kl\u00e6\u00f0i og lauga l\u00edkama sinn \u00ed vatni, a\u00f0 \u00fev\u00ed gj\u00f6r\u00f0u m\u00e1 hann koma inn \u00ed herb\u00fa\u00f0irnar. <br \/><a name=\"29\"><span class=\"versanumer\">29<\/span><\/a>\u00dea\u00f0 skal vera y\u00f0ur eil\u00edf skikkan: a\u00f0 \u00fe\u00e9r \u00e1 10da degi \u00feess sj\u00f6unda m\u00e1na\u00f0ar au\u00f0m\u00fdki\u00f0 y\u00f0ur og enga vinnu vinni\u00f0, hv\u00f6rki s\u00e1 innlendi, n\u00e9 s\u00e1 \u00fatlendi sem er sem framandi, \u00e1 me\u00f0al y\u00f0ar;<a name=\"30\"><span class=\"versanumer\">30<\/span><\/a>\u00fev\u00ed \u00e1 \u00feessum degi skal presturinn gj\u00f6ra forl\u00edkun fyrir y\u00f0ur; af \u00f6llum y\u00f0ar syndum skulu\u00f0 \u00fe\u00e9r hreinir vera fyrir Drottins augliti.<a name=\"31\"><span class=\"versanumer\">31<\/span><\/a>\u00deessi dagur skal vera y\u00f0ur <span class='VideyAth'>(inn h\u00e1t\u00ed\u00f0legasti)<\/span> hv\u00edldardagur, og \u00e1 honum skulu\u00f0 \u00fe\u00e9r au\u00f0m\u00fdkja y\u00f0ar s\u00e1lir.\u2014\u00deetta skal vera eil\u00edf skikkan.<br \/><a name=\"32\"><span class=\"versanumer\">32<\/span><\/a>S\u00e1 prestur skal gj\u00f6ra forl\u00edkunina, sem smur\u00f0ur hefir veri\u00f0 og v\u00edg\u00f0ur til prests \u00ed f\u00f6\u00f0ur s\u00edns sta\u00f0, og skal hann \u00fe\u00e1 f\u00e6ra sig \u00ed l\u00ednkl\u00e6\u00f0in, \u00feann helga skr\u00fa\u00f0a,<a name=\"33\"><span class=\"versanumer\">33<\/span><\/a>og hann skal gj\u00f6ra forl\u00edkun fyrir hi\u00f0 allrahelgasta, samkundutjaldb\u00fa\u00f0ina og altari\u00f0, s\u00f6mulei\u00f0is forl\u00edka fyrir prestana og allt f\u00f3lki\u00f0 safna\u00f0arins.<a name=\"34\"><span class=\"versanumer\">34<\/span><\/a>\u00dea\u00f0 skal vera y\u00f0ur ein eil\u00edf skikkan, a\u00f0 \u00cdsraelsb\u00f6rn einu sinni \u00e1 \u00e1ri hv\u00f6rju hreinsist fr\u00e1 \u00f6llum \u00feeirra syndum. Og M\u00f3ses gj\u00f6r\u00f0i eins og Drottinn haf\u00f0i bo\u00f0i\u00f0 honum.<\/p>\n<div class=\"footnoteVidey\">V. 1. Sbr. Kap. 10,1.2.  V. 2. \u00dea\u00f0 fortjald sem h\u00e9r talast um er \u00fea\u00f0 sem var \u00e1 milli \u00feess helgasta og allrahelgasta. Sj\u00e1 kap. 4, v. 6. sk\u00fdrgr.  V. 4. \u00deetta er allra presta si\u00f0vanlegi skr\u00fa\u00f0i (sj\u00e1 2 M\u00f3s. 28,40\u201343), en ekki \u00e6\u00f0sta prestsins h\u00e1t\u00ed\u00f0askr\u00fa\u00f0i; \u00fev\u00ed \u00e1 \u00feeirri st\u00f3ru forl\u00edkunarh\u00e1t\u00ed\u00f0 \u00e1ttu menn a\u00f0 koma me\u00f0 au\u00f0m\u00fdkt fyrir Gu\u00f0.  V. 8. Asasel, sumir halda h\u00e9r me\u00f0 meinist dj\u00f6fullinn, honum skuli allar syndir framvegis tilheyra; a\u00f0rir a\u00f0 h\u00e9r me\u00f0 meinist einhv\u00f6r ey\u00f0im\u00f6rk.  V. 12. Nefnil. fr\u00e1 brennif\u00f3rnaaltarinu, \u00e1 hv\u00f6rju eldurinn m\u00e1tti hv\u00f6rki n\u00f3tt n\u00e9 dag sl\u00f6kkna.  V. 13. Sj\u00e1 2 M\u00f3s. 25,10\u201322. 40,20.21.  V. 16. Sj\u00e1 skgr. vi\u00f0 kap. 8. v. 10. Musteri\u00f0 var\u00f0 a\u00f0 hreinsast til a\u00f0 ver\u00f0a h\u00e6filegur b\u00fasta\u00f0ur fyrir Gu\u00f0, n\u00e1l\u00e6gt hv\u00f6rjum ekkert saurugt m\u00e1 koma.  V. 17. H\u00e9r er meint til reykelsisaltarisins sem st\u00f3\u00f0 inn \u00ed \u00fev\u00ed helgasta. Sj\u00e1 kap. 4,18. skgr.  V. 24. \u00cd s\u00edn eigin kl\u00e6\u00f0i, \u00fe. e. sinn \u00e6\u00f0sta prests skr\u00fa\u00f0a.  V. 29. S\u00e1 7di m\u00e1nu\u00f0ur kalla\u00f0ist t\u00edsr\u00ed, svarar til seinni parts septbr og fyrra parts okt\u00f3br. \u00deessi m\u00e1nu\u00f0ur var s\u00e1 7di \u00ed kirkju\u00e1ri Gy\u00f0inga, en s\u00e1 fyrsti \u00ed \u00fev\u00ed borgaralega \u00e1ri, eftir sem menn halda.  V. 32. \u00c6\u00f0sti presturinn. Hebr. 9.<\/div>\n","protected":false},"excerpt":{"rendered":"<p>Um \u00fe\u00e1 miklu forl\u00edkunarh\u00e1t\u00ed\u00f0. 1Ennframar tala\u00f0i Drottinn \u00feannig vi\u00f0 M\u00f3ses eftir dau\u00f0a tveggja Arons sona, sem d\u00f3u \u00fe\u00e1 \u00feeir n\u00e1l\u00e6g\u00f0u sig augliti Drottins.2Drottinn sag\u00f0i: seg \u00fe\u00fa Aron br\u00f3\u00f0ur \u00fe\u00ednum, a\u00f0 hann megi ekki \u00e1 hv\u00f6rjum helst t\u00edma ganga inn \u00ed helgid\u00f3minn, inn fyrir fortjaldi\u00f0 fram fyrir loki\u00f0 (n\u00e1\u00f0arst\u00f3linn), sem er yfir \u00f6rkinni, a\u00f0 hann ekki skuli deyja, \u00fev\u00ed \u00ed sk\u00fdinu, sem er yfir arkarlokinu mun eg birtast.3\u00deegar Aron kemur inn \u00ed helgid\u00f3minn, skal hann framkoma me\u00f0 ungneyti til syndaf\u00f3rnar og hr\u00fat til brennif\u00f3rnar.4Hann skal einungis \u00edf\u00e6ra sig \u00feeim helga serki og l\u00ednbr\u00f3kunum yfir bert h\u00f6rund og gir\u00f0a sig l\u00ednbeltinu og <a href=\"https:\/\/biblian.is\/videy\/thridja-mosebok-16-kafli\/\"> [&#8230;]<\/a><\/p>\n","protected":false},"author":1,"featured_media":0,"parent":0,"menu_order":0,"comment_status":"open","ping_status":"open","template":"bibliukaflar.php","meta":{"footnotes":""},"class_list":["post-20955","page","type-page","status-publish","hentry"],"_links":{"self":[{"href":"https:\/\/biblian.is\/videy\/wp-json\/wp\/v2\/pages\/20955","targetHints":{"allow":["GET"]}}],"collection":[{"href":"https:\/\/biblian.is\/videy\/wp-json\/wp\/v2\/pages"}],"about":[{"href":"https:\/\/biblian.is\/videy\/wp-json\/wp\/v2\/types\/page"}],"author":[{"embeddable":true,"href":"https:\/\/biblian.is\/videy\/wp-json\/wp\/v2\/users\/1"}],"replies":[{"embeddable":true,"href":"https:\/\/biblian.is\/videy\/wp-json\/wp\/v2\/comments?post=20955"}],"version-history":[{"count":0,"href":"https:\/\/biblian.is\/videy\/wp-json\/wp\/v2\/pages\/20955\/revisions"}],"wp:attachment":[{"href":"https:\/\/biblian.is\/videy\/wp-json\/wp\/v2\/media?parent=20955"}],"curies":[{"name":"wp","href":"https:\/\/api.w.org\/{rel}","templated":true}]}}