{"id":20954,"date":"2018-01-02T00:59:41","date_gmt":"2018-01-02T00:59:41","guid":{"rendered":"http:\/\/biblian.is\/videy\/thridja-mosebok-15-kafli\/"},"modified":"2018-01-02T00:59:41","modified_gmt":"2018-01-02T00:59:41","slug":"thridja-mosebok-15-kafli","status":"publish","type":"page","link":"https:\/\/biblian.is\/videy\/thridja-mosebok-15-kafli\/","title":{"rendered":"\u00deri\u00f0ja M\u00f3seb\u00f3k 15. kafli"},"content":{"rendered":"<div class=\"fyrirsognVidey\">Um s\u00e6\u00f0isfall karlmanna og t\u00ed\u00f0ir kvenna, og hv\u00f6rnig \u00feau hreinsast skuli.<\/div>\n<p><a name=\"1\"><span class=\"versanumer\">1<\/span><\/a>Ennframar tala\u00f0i Drottinn \u00feannig vi\u00f0 M\u00f3ses og Aron:<a name=\"2\"><span class=\"versanumer\">2<\/span><\/a>Tali\u00f0 til \u00cdsraelsbarna og segi\u00f0 \u00feeim: Hv\u00f6r ma\u00f0ur sem \u00fea\u00f0 er sem af s\u00e1\u00f0falli er sj\u00fakur, er \u00f3hreinn vegna \u00feess,<a name=\"3\"><span class=\"versanumer\">3<\/span><\/a>og hann er \u00f3hreinn vegna s\u00e1\u00f0fallsins; hv\u00f6rt heldur s\u00e6\u00f0i\u00f0 fer fr\u00e1 honum, e\u00f0a \u00fea\u00f0 innibyrgist \u00ed l\u00edkamanum, er hann \u00f3hreinn.<a name=\"4\"><span class=\"versanumer\">4<\/span><\/a>S\u00e9rhv\u00f6rt legur\u00fam er s\u00e1 liggur \u00e1, sem s\u00e1\u00f0fall hefir, er a\u00f0 \u00e1l\u00edta \u00f3hreint, og s\u00e9rhva\u00f0 anna\u00f0 sem hann situr \u00e1 er a\u00f0 \u00e1l\u00edta \u00f3hreint.<a name=\"5\"><span class=\"versanumer\">5<\/span><\/a>Hv\u00f6r sem snertir hans legur\u00fam skal \u00fevo s\u00edn kl\u00e6\u00f0i og lauga sig \u00ed vatni, og er \u00f3hreinn allt til kv\u00f6lds.<a name=\"6\"><span class=\"versanumer\">6<\/span><\/a>Og s\u00e1 sem sest \u00e1 \u00fea\u00f0, sem s\u00e1 hefir seti\u00f0 \u00e1, er s\u00e1\u00f0fall hefir, skal \u00fevo s\u00edn kl\u00e6\u00f0i og lauga sig \u00ed vatni og vera \u00f3hreinn allt til kv\u00f6lds.<a name=\"7\"><span class=\"versanumer\">7<\/span><\/a>S\u00e1 sem snertir hold \u00fev\u00edl\u00edks, hann skal \u00fevo kl\u00e6\u00f0i s\u00edn og lauga sig \u00ed vatni og vera \u00f3hreinn allt til kv\u00f6lds.<a name=\"8\"><span class=\"versanumer\">8<\/span><\/a>Ef s\u00e1 sem s\u00e1\u00f0fall hefir sp\u00fdtir \u00e1 \u00feann sem hreinn er, skal \u00feessi \u00fevo kl\u00e6\u00f0i s\u00edn og lauga sig \u00ed vatni og er \u00f3hreinn allt til kv\u00f6lds.<a name=\"9\"><span class=\"versanumer\">9<\/span><\/a>Vagns\u00e6ti \u00fea\u00f0, sem s\u00e1 situr \u00e1 er s\u00e1\u00f0fall hefir ver\u00f0ur <span class='VideyAth'>(af honum)<\/span> \u00f3hreint.<a name=\"10\"><span class=\"versanumer\">10<\/span><\/a>S\u00e1 sem snertir nokku\u00f0 \u00fea\u00f0, sem undir honum hefir legi\u00f0, ver\u00f0ur \u00f3hreinn allt til kv\u00f6lds, og s\u00e1 sem ber \u00fea\u00f0 burt, skal \u00fevo kl\u00e6\u00f0i s\u00edn og vera \u00f3hreinn allt til kv\u00f6lds;<a name=\"11\"><span class=\"versanumer\">11<\/span><\/a>og hv\u00f6r sem hinn sj\u00faki snertir, \u00e1n \u00feess a\u00f0 hafa \u00fevegi\u00f0 h\u00f6ndur s\u00ednar \u00ed vatni, skal \u00fevo kl\u00e6\u00f0i s\u00edn og lauga sig \u00ed vatni og vera \u00f3hreinn allt til kv\u00f6lds.<a name=\"12\"><span class=\"versanumer\">12<\/span><\/a>Hv\u00f6rt leirker, sem s\u00e1 snertir, er s\u00e1\u00f0fall hefir, skal brj\u00f3tast \u00ed sundur og s\u00e9rhv\u00f6rt tr\u00e9ker \u00fevost \u00ed vatni.<a name=\"13\"><span class=\"versanumer\">13<\/span><\/a>\u00deegar hinn sj\u00faki er hreinn or\u00f0inn af s\u00e1\u00f0falli s\u00ednu, skal hann telja sj\u00f6 daga fr\u00e1 \u00fev\u00ed hann var\u00f0 hreinn, og a\u00f0 \u00feeim li\u00f0num skal hann \u00fevo kl\u00e6\u00f0i s\u00edn og lauga sig \u00ed lifandi vatni, svo ver\u00f0ur hann hreinn.<a name=\"14\"><span class=\"versanumer\">14<\/span><\/a>En \u00e1 8da deginum skal hann taka tv\u00e6r turtild\u00fafur e\u00f0a 2 d\u00fafuunga, koma fyrir auglit Drottins til samkundutjaldb\u00fa\u00f0ardyranna, og f\u00e1 \u00fe\u00e1 prestinum,<a name=\"15\"><span class=\"versanumer\">15<\/span><\/a>sem skal tilrei\u00f0a \u00fe\u00e1, annan til syndaf\u00f3rnar en hinn til brennif\u00f3rnar, og \u00feannig forl\u00edka \u00feann, fyrir augliti Drottins, sem af s\u00e1\u00f0falli hefir veri\u00f0 sj\u00fakur. <br \/><a name=\"16\"><span class=\"versanumer\">16<\/span><\/a>S\u00e1 fr\u00e1 hv\u00f6rjum s\u00e6\u00f0i hefir \u00fatfari\u00f0 skal \u00fevo allan sinn l\u00edkama \u00ed vatni og vera \u00f3hreinn allt til kv\u00f6lds,<a name=\"17\"><span class=\"versanumer\">17<\/span><\/a>og s\u00e9rhv\u00f6rt kl\u00e6\u00f0i e\u00f0a skinn, sem s\u00e6\u00f0i\u00f0 hefir komi\u00f0 \u00e1, skal \u00fevost \u00ed vatni og er \u00f3hreint til kv\u00f6lds.<a name=\"18\"><span class=\"versanumer\">18<\/span><\/a>Ef ma\u00f0ur hefir samr\u00e6\u00f0i vi\u00f0 konu, skulu \u00feau b\u00e6\u00f0i lauga sig \u00ed vatni og eru \u00f3hrein til kv\u00f6lds. <br \/><a name=\"19\"><span class=\"versanumer\">19<\/span><\/a>\u00deegar kona f\u00e6r s\u00ednar t\u00ed\u00f0ir, skal h\u00fan vera sj\u00f6 daga \u00ed s\u00ednum \u00f3hreinleika, og hv\u00f6r sem snertir hana er \u00f3hreinn til kv\u00f6lds.<a name=\"20\"><span class=\"versanumer\">20<\/span><\/a>Allt \u00fea\u00f0 sem h\u00fan liggur \u00e1 \u00e1 me\u00f0an h\u00fan hefir t\u00ed\u00f0irnar ver\u00f0ur \u00f3hreint, og allt sem h\u00fan situr \u00e1 ver\u00f0ur \u00f3hreint.<a name=\"21\"><span class=\"versanumer\">21<\/span><\/a>S\u00e1 sem snertir s\u00e6ng hennar, skal \u00fevo s\u00edn kl\u00e6\u00f0i og lauga sig \u00ed vatni, og er \u00f3hreinn allt til kv\u00f6lds;<a name=\"22\"><span class=\"versanumer\">22<\/span><\/a>og s\u00e9rhv\u00f6r sem snertir nokku\u00f0 \u00fea\u00f0, sem h\u00fan hefir seti\u00f0 \u00e1, skal \u00fevo kl\u00e6\u00f0i s\u00edn, lauga sig \u00ed vatni og vera \u00f3hreinn til kv\u00f6lds.<a name=\"23\"><span class=\"versanumer\">23<\/span><\/a>S\u00e6ng hennar og \u00fea\u00f0 sem h\u00fan hefir seti\u00f0 \u00e1, \u00fea\u00f0 saurgar allt til kv\u00f6lds, ef ma\u00f0ur snertir \u00fea\u00f0.<a name=\"24\"><span class=\"versanumer\">24<\/span><\/a>Ef nokkur s\u00e6ngar hj\u00e1 henni og t\u00ed\u00f0abl\u00f3\u00f0 hennar kemur \u00e1 hann, \u00fe\u00e1 er hann \u00f3hreinn \u00ed sj\u00f6 daga, og hv\u00f6r s\u00fa s\u00e6ng sem hann liggur \u00e1 ver\u00f0ur \u00f3hrein.<br \/><a name=\"25\"><span class=\"versanumer\">25<\/span><\/a>\u00deegar kona hefir bl\u00f3\u00f0l\u00e1t marga daga, anna\u00f0hv\u00f6rt ekki \u00e1 venjulegum t\u00edma, e\u00f0a fram yfir <span class='VideyAth'>(venjulegan)<\/span> t\u00ed\u00f0at\u00edma, \u00fe\u00e1 er h\u00fan \u00f3hrein \u00e1 me\u00f0an hennar t\u00ed\u00f0a\u00f3hreinleiki varir, eins og h\u00fan hef\u00f0i s\u00ednar venjulegu t\u00ed\u00f0ir.<a name=\"26\"><span class=\"versanumer\">26<\/span><\/a>Hv\u00f6r s\u00e6ng sem h\u00fan hefir hv\u00edlt \u00e1 og s\u00e9rhva\u00f0 \u00fea\u00f0 sem h\u00fan hefir seti\u00f0 \u00e1, \u00e1 me\u00f0an h\u00fan haf\u00f0i bl\u00f3\u00f0l\u00e1tin, ver\u00f0ur \u00f3hreint, eins og s\u00e6ng s\u00fa og s\u00e6ti, sem h\u00fan br\u00fakar, \u00feegar h\u00fan hefir s\u00ednar reglulegu t\u00ed\u00f0ir.<a name=\"27\"><span class=\"versanumer\">27<\/span><\/a>Hv\u00f6r sem snertir nokku\u00f0 af \u00fev\u00ed, ver\u00f0ur \u00f3hreinn, skal \u00fevo kl\u00e6\u00f0i s\u00edn og lauga sig \u00ed vatni, og er \u00f3hreinn til kv\u00f6lds.<a name=\"28\"><span class=\"versanumer\">28<\/span><\/a>En \u00feegar h\u00fan ver\u00f0ur hrein af bl\u00f3\u00f0l\u00e1tunum, \u00fe\u00e1 skal h\u00fan telja sj\u00f6 daga, og \u00fe\u00e1 er h\u00fan or\u00f0in hrein.<a name=\"29\"><span class=\"versanumer\">29<\/span><\/a>En \u00e1 8da deginum skal h\u00fan taka tv\u00e6r turtild\u00fafur e\u00f0a tvo d\u00fafuunga, og f\u00e6ra \u00fe\u00e1 prestinum fyrir samkundutjaldb\u00fa\u00f0ardyrnar;<a name=\"30\"><span class=\"versanumer\">30<\/span><\/a>og presturinn skal tilrei\u00f0a annan til syndaf\u00f3rnar og hinn til brennif\u00f3rnar, og forl\u00edka \u00feannig fyrir Drottins augliti, fyrir \u00fe\u00e1 <span class='VideyAth'>(konu)<\/span>, sem vegna bl\u00f3\u00f0l\u00e1ts hefir veri\u00f0 \u00f3hrein.<br \/><a name=\"31\"><span class=\"versanumer\">31<\/span><\/a>L\u00e1ti\u00f0 \u00cdsraelsb\u00f6rn halda s\u00e9r fr\u00e1 \u00fev\u00ed sem \u00f3hreint er, a\u00f0 \u00feeir ekki skuli deyja vegna \u00feeirra \u00f3hreinleika, undir eins og \u00feeir saurga minn b\u00fasta\u00f0, sem er mitt \u00e1 me\u00f0al \u00feeirra.<a name=\"32\"><span class=\"versanumer\">32<\/span><\/a>Svona hlj\u00f3\u00f0a l\u00f6gin um \u00feann sem s\u00e1\u00f0fall hefir, og \u00feann sem saurgast hefir af samr\u00e6\u00f0i vi\u00f0 konu,<a name=\"33\"><span class=\"versanumer\">33<\/span><\/a>og um \u00fe\u00e1 <span class='VideyAth'>(konu)<\/span> sem sj\u00fak er af s\u00ednum t\u00ed\u00f0um, um karlmann sem hefir s\u00e1\u00f0fall og konu sem bl\u00f3\u00f0l\u00e1t hefir, og um karlmann sem s\u00e6ngar hj\u00e1 \u00feeirri konu, sem er \u00f3hrein.<\/p>\n<div class=\"footnoteVidey\">V. 7. S\u00e1 sem snertir, o.s.frv. nefnil. konan e\u00f0a l\u00e6knirinn.<\/div>\n","protected":false},"excerpt":{"rendered":"<p>Um s\u00e6\u00f0isfall karlmanna og t\u00ed\u00f0ir kvenna, og hv\u00f6rnig \u00feau hreinsast skuli. 1Ennframar tala\u00f0i Drottinn \u00feannig vi\u00f0 M\u00f3ses og Aron:2Tali\u00f0 til \u00cdsraelsbarna og segi\u00f0 \u00feeim: Hv\u00f6r ma\u00f0ur sem \u00fea\u00f0 er sem af s\u00e1\u00f0falli er sj\u00fakur, er \u00f3hreinn vegna \u00feess,3og hann er \u00f3hreinn vegna s\u00e1\u00f0fallsins; hv\u00f6rt heldur s\u00e6\u00f0i\u00f0 fer fr\u00e1 honum, e\u00f0a \u00fea\u00f0 innibyrgist \u00ed l\u00edkamanum, er hann \u00f3hreinn.4S\u00e9rhv\u00f6rt legur\u00fam er s\u00e1 liggur \u00e1, sem s\u00e1\u00f0fall hefir, er a\u00f0 \u00e1l\u00edta \u00f3hreint, og s\u00e9rhva\u00f0 anna\u00f0 sem hann situr \u00e1 er a\u00f0 \u00e1l\u00edta \u00f3hreint.5Hv\u00f6r sem snertir hans legur\u00fam skal \u00fevo s\u00edn kl\u00e6\u00f0i og lauga sig \u00ed vatni, og er \u00f3hreinn allt til kv\u00f6lds.6Og s\u00e1 <a href=\"https:\/\/biblian.is\/videy\/thridja-mosebok-15-kafli\/\"> [&#8230;]<\/a><\/p>\n","protected":false},"author":1,"featured_media":0,"parent":0,"menu_order":0,"comment_status":"open","ping_status":"open","template":"bibliukaflar.php","meta":{"footnotes":""},"class_list":["post-20954","page","type-page","status-publish","hentry"],"_links":{"self":[{"href":"https:\/\/biblian.is\/videy\/wp-json\/wp\/v2\/pages\/20954","targetHints":{"allow":["GET"]}}],"collection":[{"href":"https:\/\/biblian.is\/videy\/wp-json\/wp\/v2\/pages"}],"about":[{"href":"https:\/\/biblian.is\/videy\/wp-json\/wp\/v2\/types\/page"}],"author":[{"embeddable":true,"href":"https:\/\/biblian.is\/videy\/wp-json\/wp\/v2\/users\/1"}],"replies":[{"embeddable":true,"href":"https:\/\/biblian.is\/videy\/wp-json\/wp\/v2\/comments?post=20954"}],"version-history":[{"count":0,"href":"https:\/\/biblian.is\/videy\/wp-json\/wp\/v2\/pages\/20954\/revisions"}],"wp:attachment":[{"href":"https:\/\/biblian.is\/videy\/wp-json\/wp\/v2\/media?parent=20954"}],"curies":[{"name":"wp","href":"https:\/\/api.w.org\/{rel}","templated":true}]}}