{"id":20953,"date":"2018-01-02T00:59:41","date_gmt":"2018-01-02T00:59:41","guid":{"rendered":"http:\/\/biblian.is\/videy\/thridja-mosebok-14-kafli\/"},"modified":"2018-01-02T00:59:41","modified_gmt":"2018-01-02T00:59:41","slug":"thridja-mosebok-14-kafli","status":"publish","type":"page","link":"https:\/\/biblian.is\/videy\/thridja-mosebok-14-kafli\/","title":{"rendered":"\u00deri\u00f0ja M\u00f3seb\u00f3k 14. kafli"},"content":{"rendered":"<div class=\"fyrirsognVidey\">Hv\u00f6rnig l\u00edk\u00fer\u00e1 skuli hreinsast \u00e1 m\u00f6nnum og h\u00fasum.<\/div>\n<p><a name=\"1\"><span class=\"versanumer\">1<\/span><\/a>Ennframar tala\u00f0i Drottinn vi\u00f0 M\u00f3ses \u00feannig:<a name=\"2\"><span class=\"versanumer\">2<\/span><\/a>\u00deetta skal vera l\u00f6gm\u00e1l \u00e1hr\u00e6randi \u00feann l\u00edk\u00fer\u00e1a, \u00e1 \u00feeim degi sem hann hreinsast. Hann skal f\u00e6rast til prestsins,<a name=\"3\"><span class=\"versanumer\">3<\/span><\/a>og presturinn skal ganga \u00fat fyrir herb\u00fa\u00f0irnar og sko\u00f0a hann, og \u00feegar hann s\u00e9r a\u00f0 l\u00edk\u00fer\u00e1arpl\u00e1gan er l\u00e6knu\u00f0 \u00e1 honum,<a name=\"4\"><span class=\"versanumer\">4<\/span><\/a>\u00fe\u00e1 skal presturinn bj\u00f3\u00f0a, a\u00f0 teknir s\u00e9u, fyrir \u00feann sem hreinsast \u00e1, 2 hreinir l\u00edflegir sm\u00e1fuglar, sedrusvi\u00f0ur, purpuri og \u00fds\u00f3p,<a name=\"5\"><span class=\"versanumer\">5<\/span><\/a>s\u00ed\u00f0an skal hann bj\u00f3\u00f0a a\u00f0 \u00f6\u00f0rum sm\u00e1fuglinum s\u00e9 sl\u00e1tra\u00f0 \u00ed leirker yfir vatni.<a name=\"6\"><span class=\"versanumer\">6<\/span><\/a>\u00dear eftir skal hann taka lifandi fuglinn, sedrusvi\u00f0inn, purpurann og \u00fds\u00f3pi\u00f0, og d\u00fdfa \u00fev\u00ed \u00e1samt lifandi fuglinum \u00ed bl\u00f3\u00f0 hins fuglsins, sem sl\u00e1tra\u00f0 var yfir lifandi vatninu,<a name=\"7\"><span class=\"versanumer\">7<\/span><\/a>og st\u00f6kkva sj\u00f6 sinnum \u00e1 \u00feann, sem er a\u00f0 hreinsa sig af l\u00edk\u00fer\u00e1nni og \u00farskur\u00f0a hann hreinan, og sleppa s\u00ed\u00f0an \u00feeim lifandi fugli lausum \u00fat \u00e1 m\u00f6rkina.<a name=\"8\"><span class=\"versanumer\">8<\/span><\/a>\u00dear eftir skal s\u00e1 sem er a\u00f0 hreinsa sig, \u00fevo s\u00edn kl\u00e6\u00f0i, raka burt allt sitt h\u00e1r, og lauga sig \u00ed vatni, \u00fe\u00e1 er hann hreinn og m\u00e1 a\u00f0 \u00fev\u00ed b\u00fanu koma inn \u00ed herb\u00fa\u00f0irnar, \u00fe\u00f3 skal hann \u00ed 7 daga halda sig fyrir utan s\u00edna tjaldb\u00fa\u00f0;<a name=\"9\"><span class=\"versanumer\">9<\/span><\/a>og \u00e1 sj\u00f6unda deginum skal hann burtraka allt sitt h\u00e1r, b\u00e6\u00f0i h\u00f6fu\u00f0h\u00e1r, skegg og \u00fea\u00f0 sem er \u00e1 hans augabr\u00fam, allt h\u00e1r sem \u00e1 honum er skal hann afraka, \u00fevo kl\u00e6\u00f0i s\u00edn og lauga l\u00edkama sinn \u00ed vatni; \u00fe\u00e1 er hann fyrst hreinn.<a name=\"10\"><span class=\"versanumer\">10<\/span><\/a>\u00c1 8da deginum skal hann taka tvo \u00e1rsgamla l\u00fdtalausa hr\u00fata og eina \u00e1rsgamla l\u00fdtalausa gimbur og \u00ferj\u00e1 t\u00edundaparta <span class='VideyAth'>(efa)<\/span> hveitimj\u00f6ls, yfir hv\u00f6rt vi\u00f0smj\u00f6ri er ausi\u00f0 til matf\u00f3rnar, og einn l\u00f3g vi\u00f0smj\u00f6rs.<a name=\"11\"><span class=\"versanumer\">11<\/span><\/a>S\u00ed\u00f0an skal presturinn, sem er a\u00f0 hreinsa, f\u00e6ra \u00feann mann, sem veri\u00f0 er a\u00f0 hreinsa, og \u00feetta allt fyrir auglit Drottins, vi\u00f0 dyr samkundutjaldb\u00fa\u00f0arinnar,<a name=\"12\"><span class=\"versanumer\">12<\/span><\/a>taka anna\u00f0 hr\u00fatlambi\u00f0 og frambera \u00fea\u00f0 sem sektaf\u00f3rn, \u00e1samt vi\u00f0smj\u00f6rsl\u00f3ginum, og veifa hv\u00f6rutveggju sem veifingarf\u00f3rn, fyrir augliti Drottins;<a name=\"13\"><span class=\"versanumer\">13<\/span><\/a>og sl\u00e1tra hr\u00fatlambinu \u00e1 sama sta\u00f0, sem vant er a\u00f0 sl\u00e1tra syndaf\u00f3rnum og brennif\u00f3rnum, \u00e1 helgum sta\u00f0, \u00fev\u00ed a\u00f0 \u00feessi syndaf\u00f3rn tilheyrir prestinum eins og sektaf\u00f3rnin, og er h\u00e1heil\u00f6g.<a name=\"14\"><span class=\"versanumer\">14<\/span><\/a>\u00dear n\u00e6st skal presturinn taka nokku\u00f0 af bl\u00f3\u00f0i sektaf\u00f3rnarinnar og rj\u00f3\u00f0a \u00fev\u00ed \u00e1 h\u00e6gra eyrnasnepil \u00feess, sem er a\u00f0 hreinsa sig og \u00e1 hans h\u00e6gra \u00feumalfingur og st\u00f3rut\u00e1 \u00e1 h\u00e6gra f\u00e6ti.<a name=\"15\"><span class=\"versanumer\">15<\/span><\/a>\u00dear eftir skal presturinn taka nokku\u00f0 \u00far vi\u00f0smj\u00f6rsl\u00f3ginum og hella \u00ed s\u00edna vinstri handar l\u00faku,<a name=\"16\"><span class=\"versanumer\">16<\/span><\/a>og drepa s\u00ednum h\u00e6gri handar fingri \u00ed vi\u00f0smj\u00f6ri\u00f0, sem er \u00ed hans vinstri handar l\u00faku og sj\u00f6 sinnum st\u00f6kkva af fingrinum vi\u00f0smj\u00f6rinu frammi fyrir Drottni;<a name=\"17\"><span class=\"versanumer\">17<\/span><\/a>en me\u00f0 \u00fev\u00ed sem eftir er af vi\u00f0smj\u00f6rinu \u00ed l\u00faku hans, skal presturinn smyrja h\u00e6gra eyrnasnepil \u00feess, sem er a\u00f0 hreinsa sig, \u00feumalfingur hans \u00e1 h\u00e6gri hendi og st\u00f3rut\u00e1 \u00e1 h\u00e6gra f\u00e6ti, ofan \u00e1 sektaf\u00f3rnarbl\u00f3\u00f0i\u00f0.<a name=\"18\"><span class=\"versanumer\">18<\/span><\/a>En \u00fea\u00f0 sem enn \u00fe\u00e1 er eftir af vi\u00f0smj\u00f6rinu \u00ed l\u00f3fa hans skal presturinn l\u00e1ta \u00e1 h\u00f6fu\u00f0 \u00feess sem er a\u00f0 hreinsa sig,<a name=\"19\"><span class=\"versanumer\">19<\/span><\/a>og \u00feannig forl\u00edka fyrir hann fyrir augliti Drottins. S\u00ed\u00f0an skal presturinn tilrei\u00f0a syndaf\u00f3rnina og forl\u00edka fyrir \u00feann sem er a\u00f0 hreinsa sig af s\u00ednum \u00f3hreinleika,<a name=\"20\"><span class=\"versanumer\">20<\/span><\/a>og loksins sl\u00e1tra brennif\u00f3rninni, og leggja upp \u00e1 altari\u00f0 brennif\u00f3rnina og matf\u00f3rnina. A\u00f0 \u00feessu gj\u00f6r\u00f0u hefir presturinn forl\u00edka\u00f0 fyrir hann og hann er hreinn.<br \/><a name=\"21\"><span class=\"versanumer\">21<\/span><\/a>En ef ma\u00f0urinn er f\u00e1t\u00e6kur og hefir ekki efni \u00e1 a\u00f0 grei\u00f0a \u00feetta, \u00fe\u00e1 skal hann taka veturgamla kind til sektaf\u00f3rnar til veifingar, svo forl\u00edkun skei fyrir hann, og til matf\u00f3rnar t\u00edundapart <span class='VideyAth'>(efa)<\/span> hveitimj\u00f6ls, sem d\u00f6ggva\u00f0 s\u00e9 vi\u00f0smj\u00f6ri, og l\u00f3g vi\u00f0smj\u00f6rs,<a name=\"22\"><span class=\"versanumer\">22<\/span><\/a>og 2 turtild\u00fafur e\u00f0a tvo d\u00fafuunga, eftir sem efni hans leyfa, skal annar \u00feessara vera syndaf\u00f3rn, en hinn brennif\u00f3rn;<a name=\"23\"><span class=\"versanumer\">23<\/span><\/a>\u00feetta skal hann \u00e1 \u00e1ttunda degi f\u00e6ra prestinum s\u00e9r til hreinsunar, til dyra samkundutjaldb\u00fa\u00f0arinnar, fyrir auglit Drottins,<a name=\"24\"><span class=\"versanumer\">24<\/span><\/a>og presturinn skal taka sektaf\u00f3rnarlambi\u00f0 og vi\u00f0smj\u00f6rsl\u00f3ginn, og veifa \u00fev\u00ed, sem veifingarf\u00f3rn, fyrir augliti Drottins,<a name=\"25\"><span class=\"versanumer\">25<\/span><\/a>s\u00ed\u00f0an skal presturinn sl\u00e1tra sektaf\u00f3rnarlambinu, taka nokku\u00f0 af bl\u00f3\u00f0i sektaf\u00f3rnarinnar og rj\u00f3\u00f0a \u00e1 h\u00e6gra eyrnasnepil \u00feess, sem er a\u00f0 hreinsa sig, \u00e1 hans \u00feumalfingur \u00e1 h\u00e6gri hendi og st\u00f3rut\u00e1 \u00e1 h\u00e6gra f\u00e6ti;<a name=\"26\"><span class=\"versanumer\">26<\/span><\/a>en hella nokkru af vi\u00f0smj\u00f6rinu \u00ed s\u00edna vinstri handar l\u00faku,<a name=\"27\"><span class=\"versanumer\">27<\/span><\/a>og sj\u00f6 sinnum st\u00f6kkva frammi fyrir Drottni me\u00f0 s\u00ednum h\u00e6gri handar fingri af \u00fev\u00ed vi\u00f0smj\u00f6ri, sem er \u00ed hans vinstri handar l\u00f3fa.<a name=\"28\"><span class=\"versanumer\">28<\/span><\/a>En s\u00ed\u00f0an skal presturinn smyrja af vi\u00f0smj\u00f6rinu, sem eftir er \u00ed l\u00f3fa hans, \u00e1 h\u00e6gra eyrnasnepil \u00feess, sem er a\u00f0 hreinsa sig, \u00e1 hans h\u00e6gri \u00feumalfingur og hans h\u00e6gri st\u00f3rut\u00e1, \u00e1 sama sta\u00f0 og sektaf\u00f3rnarbl\u00f3\u00f0i\u00f0 er.<a name=\"29\"><span class=\"versanumer\">29<\/span><\/a>En \u00fea\u00f0 sem eftir er af vi\u00f0smj\u00f6rinu \u00ed l\u00f3fa hans, skal hann l\u00e1ta \u00e1 h\u00f6fu\u00f0 \u00feess, sem er a\u00f0 hreinsa sig, og \u00feannig forl\u00edka fyrir hann fyrir augliti Drottins;<a name=\"30\"><span class=\"versanumer\">30<\/span><\/a>\u00fear \u00e1 eftir skal hann tilrei\u00f0a a\u00f0ra turtild\u00fafuna e\u00f0a d\u00fafuungann, sem ma\u00f0urinn eftir s\u00ednum efnum greiddi,<a name=\"31\"><span class=\"versanumer\">31<\/span><\/a>sem syndaf\u00f3rn, en hina sem brennif\u00f3rn \u00e1samt me\u00f0 matf\u00f3rninni, og forl\u00edkar presturinn \u00feannig fyrir \u00feann, sem er a\u00f0 hreinsa sig, fyrir augliti Drottins.<a name=\"32\"><span class=\"versanumer\">32<\/span><\/a>\u00deetta er n\u00fa l\u00f6gm\u00e1li\u00f0 \u00e1hr\u00e6randi \u00feann, sem l\u00edk\u00fer\u00e1r hefir veri\u00f0, en ekki \u00e1 fyrir hreinsun sinni.<br \/><a name=\"33\"><span class=\"versanumer\">33<\/span><\/a>Ennframar tala\u00f0i Drottinn \u00feannig vi\u00f0 M\u00f3ses og Aron:<a name=\"34\"><span class=\"versanumer\">34<\/span><\/a>\u00feegar \u00fe\u00e9r komi\u00f0 til Kanaanslands, sem eg gaf y\u00f0ur til eignar, og eg sendi l\u00edk\u00fer\u00e1arpl\u00e1guna \u00ed nokkurt h\u00fas \u00feessarar y\u00f0ar eignar,<a name=\"35\"><span class=\"versanumer\">35<\/span><\/a>\u00fe\u00e1 skal s\u00e1 fara, sem h\u00fasi\u00f0 \u00e1, og segja prestinum til, a\u00f0 honum s\u00fdnist eitthva\u00f0 l\u00edkt l\u00edk\u00fer\u00e1arpl\u00e1gunni \u00ed h\u00fasinu,<a name=\"36\"><span class=\"versanumer\">36<\/span><\/a>og presturinn skal \u00fe\u00e1 bj\u00f3\u00f0a honum a\u00f0 ry\u00f0ja h\u00fasi\u00f0 \u00e1\u00f0ur en hann kemur til a\u00f0 sko\u00f0a gallann, svo a\u00f0 ekki ver\u00f0i allt \u00f3hreint sem \u00ed h\u00fasinu er. S\u00ed\u00f0an skal presturinn koma og sko\u00f0a h\u00fasi\u00f0.<a name=\"37\"><span class=\"versanumer\">37<\/span><\/a>Ef hann s\u00e9r, \u00feegar hann sko\u00f0ar gallann, a\u00f0 d\u00e6ldir eru inn \u00ed veggi h\u00fassins gr\u00e6nleitar e\u00f0a rau\u00f0leitar, sem ber l\u00e6gra \u00e1 en veggnum annars sta\u00f0ar,<a name=\"38\"><span class=\"versanumer\">38<\/span><\/a>\u00fe\u00e1 skal hann ganga til dyra h\u00fassins, \u00fat \u00far \u00fev\u00ed, og halda \u00fev\u00ed l\u00e6stu \u00ed sj\u00f6 daga.<a name=\"39\"><span class=\"versanumer\">39<\/span><\/a>\u00c1 sj\u00f6unda degi skal hann koma aftur til sko\u00f0unar, og ef hann s\u00e9 a\u00f0 gallinn hefir breytt sig v\u00ed\u00f0ar \u00fat \u00e1 veggjum h\u00fassins,<a name=\"40\"><span class=\"versanumer\">40<\/span><\/a>\u00fe\u00e1 skal hann bj\u00f3\u00f0a a\u00f0 steinarnir, sem gallinn er \u00e1, s\u00e9u burtteknir og \u00feeim kasta\u00f0 \u00e1 \u00f3hreinan sta\u00f0 fyrir utan borgina,<a name=\"41\"><span class=\"versanumer\">41<\/span><\/a>en h\u00fasi\u00f0 skal hann l\u00e1ta skafa innan allt \u00ed kring, og bera rusli\u00f0 sem afskafi\u00f0 er, \u00fat \u00far borginni \u00e1 \u00f3hreinan sta\u00f0;<a name=\"42\"><span class=\"versanumer\">42<\/span><\/a>og menn skulu taka a\u00f0ra steina og innsetja \u00fe\u00e1 \u00ed hinna sta\u00f0, og kalka h\u00fasi\u00f0 aftur me\u00f0 \u00f6\u00f0ru kalki;<a name=\"43\"><span class=\"versanumer\">43<\/span><\/a>en ef bletturinn kemur aftur og br\u00fdst \u00fat \u00e1 n\u00fd \u00ed h\u00fasinu eftir \u00fea\u00f0 a\u00f0 menn hafa \u00fatteki\u00f0 steinana, skafi\u00f0 h\u00fasi\u00f0 og l\u00edmkasta\u00f0,<a name=\"44\"><span class=\"versanumer\">44<\/span><\/a>\u00fe\u00e1 skal presturinn fara inn og sko\u00f0a; og ef hann \u00fe\u00e1 s\u00e9r a\u00f0 bletturinn hefir eti\u00f0 sig v\u00ed\u00f0ar \u00fat \u00ed h\u00fasinu, \u00fe\u00e1 er illa kynju\u00f0 l\u00edk\u00fer\u00e1 \u00ed h\u00fasinu og \u00fea\u00f0 \u00f3hreint.<a name=\"45\"><span class=\"versanumer\">45<\/span><\/a>H\u00fasi\u00f0 skal \u00fe\u00e1 ni\u00f0urbrj\u00f3tast, og steinar, vi\u00f0ir og kalk \u00feess h\u00fass berast \u00fat \u00far sta\u00f0num \u00e1 \u00f3hreinan sta\u00f0.<a name=\"46\"><span class=\"versanumer\">46<\/span><\/a>Hv\u00f6r sem gengur inn \u00ed \u00fea\u00f0 h\u00fas, alla \u00fe\u00e1 daga sem \u00fea\u00f0 er l\u00e6st, hann er \u00f3hreinn allt til kv\u00f6lds,<a name=\"47\"><span class=\"versanumer\">47<\/span><\/a>og s\u00e1 sem sefur \u00ed \u00fev\u00ed skal \u00fevo s\u00edn kl\u00e6\u00f0i, og s\u00f6mulei\u00f0is skal s\u00e1 sem etur \u00fear inni \u00fevo s\u00edn kl\u00e6\u00f0i.<a name=\"48\"><span class=\"versanumer\">48<\/span><\/a>En ef presturinn, \u00feegar hann kemur aftur og sko\u00f0ar h\u00fasi\u00f0, s\u00e9r a\u00f0 bletturinn hefir ekki eti\u00f0 sig v\u00ed\u00f0ar \u00fat eftir a\u00f0 \u00fea\u00f0 var l\u00edmkasta\u00f0, \u00fe\u00e1 skal hann \u00farskur\u00f0a h\u00fasi\u00f0 hreint, \u00fev\u00ed gallinn er l\u00e6kna\u00f0ur,<a name=\"49\"><span class=\"versanumer\">49<\/span><\/a>og taka til syndaf\u00f3rnar fyrir h\u00fasi\u00f0 tvo sm\u00e1fugla, sedrusvi\u00f0, purpura og \u00fds\u00f3p,<a name=\"50\"><span class=\"versanumer\">50<\/span><\/a>og sl\u00e1tra \u00f6\u00f0rum fuglinum \u00ed leirker yfir lifandi vatni.<a name=\"51\"><span class=\"versanumer\">51<\/span><\/a>S\u00ed\u00f0an skal hann taka sedrusvi\u00f0inn, \u00fds\u00f3pi\u00f0, purpurann og lifandi fuglinn og d\u00fdfa \u00fev\u00ed \u00f6llu ofan \u00ed bl\u00f3\u00f0 sl\u00e1tra\u00f0a fuglsins og lifandi vatni\u00f0, og st\u00f6kkva \u00e1 h\u00fasi\u00f0 sj\u00f6 sinnum;<a name=\"52\"><span class=\"versanumer\">52<\/span><\/a>og \u00feannig hreinsa h\u00fasi\u00f0 fr\u00e1 synd me\u00f0 bl\u00f3\u00f0i sm\u00e1fuglsins, vatninu, \u00feeim lifandi tittling, sedrusvi\u00f0num, \u00fds\u00f3pinu og purpuranum.<a name=\"53\"><span class=\"versanumer\">53<\/span><\/a>\u00dear eftir skal hann sleppa \u00feeim lifandi fugli frj\u00e1lsum og fr\u00edum \u00fat \u00far borginni, \u00fat \u00e1 m\u00f6rkina og hefir hann \u00fe\u00e1 forl\u00edka\u00f0 fyrir h\u00fasi\u00f0, svo a\u00f0 \u00fea\u00f0 er hreint.<a name=\"54\"><span class=\"versanumer\">54<\/span><\/a>\u00deetta eru l\u00f6gin um alls konar l\u00edk\u00fer\u00e1arpl\u00e1gu og \u00fatbrot,<a name=\"55\"><span class=\"versanumer\">55<\/span><\/a>og l\u00edk\u00fer\u00e1 kl\u00e6\u00f0a og h\u00fasa, um \u00ferota, \u00fatbrot \u00e1 h\u00f6f\u00f0i og hv\u00edtro\u00f0a\u00e1komur,<a name=\"56\"><span class=\"versanumer\">56<\/span><\/a>svo menn geti strax \u00feekkt hva\u00f0 er \u00f3hreint, og hva\u00f0 er hreint.<a name=\"57\"><span class=\"versanumer\">57<\/span><\/a>Svo l\u00f6ng eru l\u00f6gin um l\u00edk\u00fer\u00e1na.<\/p>\n<div class=\"footnoteVidey\">V. 7. Fuglinn hv\u00f6rjum sl\u00e1tra\u00f0 var \u00e1tti a\u00f0 t\u00e1kna forl\u00edkunargj\u00f6r\u00f0, s\u00e1 sem sleppt var, a\u00f0 s\u00e1 hreinsa\u00f0i m\u00e6tti n\u00fa koma \u00ed heilbrig\u00f0ra manna f\u00e9lag.  V. 10. L\u00f3gur t\u00f3k vi\u00f0l\u00edka miki\u00f0 og 6 h\u00e6nuegg.  V. 51. Lifandi vatn er sama sem uppsprettu- e\u00f0a rennandi vatn. H\u00e9r er meint vatn n\u00fds\u00f3tt \u00ed uppsprettu e\u00f0a rennandi vatn, sama sem: besta vatn.  V. 55. Hva\u00f0 s\u00fa umtala\u00f0a l\u00edk\u00fer\u00e1 \u00e1 h\u00fasum e\u00f0a f\u00f6tum hefir veri\u00f0 vita menn ekki.<\/div>\n","protected":false},"excerpt":{"rendered":"<p>Hv\u00f6rnig l\u00edk\u00fer\u00e1 skuli hreinsast \u00e1 m\u00f6nnum og h\u00fasum. 1Ennframar tala\u00f0i Drottinn vi\u00f0 M\u00f3ses \u00feannig:2\u00deetta skal vera l\u00f6gm\u00e1l \u00e1hr\u00e6randi \u00feann l\u00edk\u00fer\u00e1a, \u00e1 \u00feeim degi sem hann hreinsast. Hann skal f\u00e6rast til prestsins,3og presturinn skal ganga \u00fat fyrir herb\u00fa\u00f0irnar og sko\u00f0a hann, og \u00feegar hann s\u00e9r a\u00f0 l\u00edk\u00fer\u00e1arpl\u00e1gan er l\u00e6knu\u00f0 \u00e1 honum,4\u00fe\u00e1 skal presturinn bj\u00f3\u00f0a, a\u00f0 teknir s\u00e9u, fyrir \u00feann sem hreinsast \u00e1, 2 hreinir l\u00edflegir sm\u00e1fuglar, sedrusvi\u00f0ur, purpuri og \u00fds\u00f3p,5s\u00ed\u00f0an skal hann bj\u00f3\u00f0a a\u00f0 \u00f6\u00f0rum sm\u00e1fuglinum s\u00e9 sl\u00e1tra\u00f0 \u00ed leirker yfir vatni.6\u00dear eftir skal hann taka lifandi fuglinn, sedrusvi\u00f0inn, purpurann og \u00fds\u00f3pi\u00f0, og d\u00fdfa \u00fev\u00ed \u00e1samt lifandi fuglinum \u00ed bl\u00f3\u00f0 hins <a href=\"https:\/\/biblian.is\/videy\/thridja-mosebok-14-kafli\/\"> [&#8230;]<\/a><\/p>\n","protected":false},"author":1,"featured_media":0,"parent":0,"menu_order":0,"comment_status":"open","ping_status":"open","template":"bibliukaflar.php","meta":{"footnotes":""},"class_list":["post-20953","page","type-page","status-publish","hentry"],"_links":{"self":[{"href":"https:\/\/biblian.is\/videy\/wp-json\/wp\/v2\/pages\/20953","targetHints":{"allow":["GET"]}}],"collection":[{"href":"https:\/\/biblian.is\/videy\/wp-json\/wp\/v2\/pages"}],"about":[{"href":"https:\/\/biblian.is\/videy\/wp-json\/wp\/v2\/types\/page"}],"author":[{"embeddable":true,"href":"https:\/\/biblian.is\/videy\/wp-json\/wp\/v2\/users\/1"}],"replies":[{"embeddable":true,"href":"https:\/\/biblian.is\/videy\/wp-json\/wp\/v2\/comments?post=20953"}],"version-history":[{"count":0,"href":"https:\/\/biblian.is\/videy\/wp-json\/wp\/v2\/pages\/20953\/revisions"}],"wp:attachment":[{"href":"https:\/\/biblian.is\/videy\/wp-json\/wp\/v2\/media?parent=20953"}],"curies":[{"name":"wp","href":"https:\/\/api.w.org\/{rel}","templated":true}]}}