{"id":20952,"date":"2018-01-02T00:59:41","date_gmt":"2018-01-02T00:59:41","guid":{"rendered":"http:\/\/biblian.is\/videy\/thridja-mosebok-13-kafli\/"},"modified":"2018-01-02T00:59:41","modified_gmt":"2018-01-02T00:59:41","slug":"thridja-mosebok-13-kafli","status":"publish","type":"page","link":"https:\/\/biblian.is\/videy\/thridja-mosebok-13-kafli\/","title":{"rendered":"\u00deri\u00f0ja M\u00f3seb\u00f3k 13. kafli"},"content":{"rendered":"<div class=\"fyrirsognVidey\">L\u00edk\u00fer\u00e1areinkenni \u00e1 m\u00f6nnum og kl\u00e6\u00f0um.<\/div>\n<p><a name=\"1\"><span class=\"versanumer\">1<\/span><\/a>Ennframar tala\u00f0i Drottinn til M\u00f3ses og Arons \u00feannig:<a name=\"2\"><span class=\"versanumer\">2<\/span><\/a>Ef a\u00f0 kemur \u00ed h\u00f6rund manns \u00feroti, skurfa, e\u00f0a blettur sem glj\u00e1ir \u00e1, svo a\u00f0 \u00fea\u00f0 gefur grun um l\u00edk\u00fer\u00e1arinnar pl\u00e1gu, \u00fe\u00e1 skal hann f\u00e6rast prestinum Aron e\u00f0a einhv\u00f6rjum \u00f6\u00f0rum af prestunum, sonum hans,<a name=\"3\"><span class=\"versanumer\">3<\/span><\/a>\u00feegar presturinn hefir sko\u00f0a\u00f0 blettinn \u00e1 h\u00f6rundinu, og h\u00e1ri\u00f0 \u00ed blettinum er or\u00f0i\u00f0 hv\u00edtt, og holdi\u00f0 er \u00fear l\u00e6gra en h\u00f6rundi\u00f0 annars sta\u00f0ar, \u00fe\u00e1 er \u00fea\u00f0 l\u00edk\u00fer\u00e1rmerki, og \u00feegar presturinn hefir sko\u00f0a\u00f0 hann, skal hann d\u00e6ma hann \u00f3hreinan.<a name=\"4\"><span class=\"versanumer\">4<\/span><\/a>En ef hv\u00edtleitur blettur er <span class='VideyAth'>(a\u00f0 s\u00f6nnu)<\/span> \u00e1 h\u00f6rundinu, en liggur \u00fe\u00f3 tils\u00fdndar ekki d\u00fdpra inn \u00ed holdi\u00f0 en h\u00f6rundi\u00f0 annars sta\u00f0ar, og h\u00e1ri\u00f0 \u00ed blettinum er ekki or\u00f0i\u00f0 hv\u00edtt, \u00fe\u00e1 skal presturinn halda \u00feeim, sem blettinn hefir, inniloku\u00f0um \u00ed sj\u00f6 daga.<a name=\"5\"><span class=\"versanumer\">5<\/span><\/a>\u00c1 sj\u00f6unda degi skal presturinn sko\u00f0a hann aftur. Ef honum s\u00fdnist \u00fe\u00e1 bletturinn vera eins, og ekki hafa st\u00e6kka\u00f0, skal hann aftur halda honum inniloku\u00f0um \u00ed sj\u00f6 daga;<a name=\"6\"><span class=\"versanumer\">6<\/span><\/a>og \u00feegar presturinn \u00e1 sj\u00f6unda deginum hefir \u00e1 n\u00fd sko\u00f0a\u00f0 hann, og s\u00e9r a\u00f0 bletturinn er or\u00f0inn bleikari og hefir ekki eti\u00f0 sig v\u00ed\u00f0ar \u00fat, \u00fe\u00e1 skal presturinn \u00farskur\u00f0a manninn hreinan; \u00fea\u00f0 er \u00fe\u00e1 kl\u00e1\u00f0i; ma\u00f0urinn skal \u00fevo kl\u00e6\u00f0i s\u00edn, og \u00fe\u00e1 er hann hreinn.<a name=\"7\"><span class=\"versanumer\">7<\/span><\/a>En ef bletturinn brei\u00f0ir sig v\u00ed\u00f0ar \u00fat um h\u00f6rundi\u00f0, eftir \u00fea\u00f0 a\u00f0 hann var sko\u00f0a\u00f0ur af prestinum og \u00e1litinn hreinn, \u00fe\u00e1 skal hann aftur sko\u00f0ast af prestinum,<a name=\"8\"><span class=\"versanumer\">8<\/span><\/a>og \u00feegar hann \u00fe\u00e1 sko\u00f0ar hann og \u00fea\u00f0 s\u00e9st, a\u00f0 bletturinn hefir eti\u00f0 sig \u00fat, \u00fe\u00e1 skal presturinn \u00farskur\u00f0a hann \u00f3hreinan; \u00fea\u00f0 er \u00fe\u00e1 l\u00edk\u00fer\u00e1. <br \/><a name=\"9\"><span class=\"versanumer\">9<\/span><\/a>Ef l\u00edk\u00fer\u00e1rblettir eru \u00e1 nokkrum manni, \u00fe\u00e1 skal hann lei\u00f0ast til prestsins;<a name=\"10\"><span class=\"versanumer\">10<\/span><\/a>sj\u00e1i hann \u00feegar hann sko\u00f0ar manninn, a\u00f0 hv\u00edtur \u00feroti er \u00ed h\u00f6rundinu, sem hefir gj\u00f6rt h\u00e1rin hv\u00edt, og sk\u00edn inn \u00ed lifandi hold \u00fear sem \u00ferotinn er,<a name=\"11\"><span class=\"versanumer\">11<\/span><\/a>\u00fe\u00e1 er l\u00edk\u00fer\u00e1 r\u00f3tgr\u00f3in \u00ed hans holdi, og presturinn skal \u00farskur\u00f0a hann \u00f3hreinan og ekki inniloka hann, \u00fev\u00ed hann er \u00f3hreinn.<a name=\"12\"><span class=\"versanumer\">12<\/span><\/a>En ef l\u00edk\u00fer\u00e1in skyldi sterklega hafa brotist \u00fat \u00far h\u00f6rundinu, og l\u00edk\u00fer\u00e1in hylur allt h\u00f6rundi\u00f0 fr\u00e1 h\u00f6f\u00f0i til f\u00f3ta, svo miki\u00f0 sem presturinn getur s\u00e9\u00f0;<a name=\"13\"><span class=\"versanumer\">13<\/span><\/a>\u00feegar presturinn hefir sko\u00f0a\u00f0 hann og s\u00e9r a\u00f0 a\u00f0 l\u00edk\u00fer\u00e1in hylur allt h\u00f6rundi\u00f0, \u00fe\u00e1 skal hann \u00farskur\u00f0a l\u00edk\u00fer\u00e1na hreina, \u00feegar hinn l\u00edk\u00fer\u00e1i er allur or\u00f0inn hv\u00edtur, \u00fe\u00e1 er hann hreinn;<a name=\"14\"><span class=\"versanumer\">14<\/span><\/a>en \u00feann dag sem s\u00e9st \u00ed kvikt hold \u00e1 honum, er hann \u00f3hreinn;<a name=\"15\"><span class=\"versanumer\">15<\/span><\/a>og \u00feegar presturinn s\u00e9r \u00ed kvikt hold, \u00fe\u00e1 skal hann d\u00e6ma hinn \u00f3hreinan. Hi\u00f0 kvika hold er \u00f3hreint; \u00fea\u00f0 er l\u00edk\u00fer\u00e1r<span class='VideyAth'>(merki)<\/span>.<a name=\"16\"><span class=\"versanumer\">16<\/span><\/a>En ef hi\u00f0 kvika hold aftur hverfur og \u00fea\u00f0 ver\u00f0ur hv\u00edtt, \u00fe\u00e1 skal hann fara til prestsins.<a name=\"17\"><span class=\"versanumer\">17<\/span><\/a>\u00deegar presturinn er b\u00fainn a\u00f0 sko\u00f0a hann; ef hann \u00fe\u00e1 s\u00e9r a\u00f0 \u00fatbrotin eru or\u00f0in hv\u00edt, \u00fe\u00e1 skal hann \u00farskur\u00f0a hann hreinan; hann er hreinn.<br \/><a name=\"18\"><span class=\"versanumer\">18<\/span><\/a>Komi k\u00fdli \u00e1 nokkurs manns h\u00f6rund, og \u00fea\u00f0 gr\u00e6r,<a name=\"19\"><span class=\"versanumer\">19<\/span><\/a>en \u00fear sem \u00fea\u00f0 st\u00f3\u00f0, ver\u00f0ur eftir hv\u00edtur \u00feroti, e\u00f0a bleikrau\u00f0ur blettur, \u00fe\u00e1 skal hann sko\u00f0ast af prestinum.<a name=\"20\"><span class=\"versanumer\">20<\/span><\/a>S\u00fdnist \u00fe\u00e1 prestinum, \u00feegar hann er b\u00fainn a\u00f0 sko\u00f0a hann, a\u00f0 \u00fear s\u00e9 d\u00e6ld \u00ed h\u00f6rundinu, og a\u00f0 h\u00e1rin \u00ed henni s\u00e9u or\u00f0in hv\u00edt, skal hann d\u00e6ma manninn \u00f3hreinan, vegna \u00feess \u00fea\u00f0 er l\u00edk\u00fer\u00e1rblettur; l\u00edk\u00fer\u00e1in hefir brotist \u00fat \u00ed k\u00fdlinu.<a name=\"21\"><span class=\"versanumer\">21<\/span><\/a>En \u00feegar presturinn er b\u00fainn a\u00f0 sko\u00f0a hann, ef hann s\u00e9r, a\u00f0 \u00fear eru engi hv\u00edt h\u00e1r, og h\u00f6rundi\u00f0 ekki \u00fear l\u00e6gra en annars sta\u00f0ar og bletturinn bleikleitur, \u00fe\u00e1 skal presturinn halda honum inniloku\u00f0um \u00ed sj\u00f6 daga.<a name=\"22\"><span class=\"versanumer\">22<\/span><\/a>Ef bletturinn skyldi st\u00e6kka t\u00f6luvert, \u00fe\u00e1 skal presturinn \u00farskur\u00f0a hann \u00f3hreinan, \u00fea\u00f0 er \u00fe\u00e1 l\u00edk\u00fer\u00e1rblettur.<a name=\"23\"><span class=\"versanumer\">23<\/span><\/a>En ef bletturinn er kyrr og ekki etur sig \u00fat, \u00fe\u00e1 er \u00fea\u00f0 k\u00fdlis\u00f6r og presturinn skal \u00farskur\u00f0a manninn hreinan. <br \/><a name=\"24\"><span class=\"versanumer\">24<\/span><\/a>Ef nokkur hefir brunablett \u00e1 h\u00f6rundinu og hv\u00edtt merki s\u00e9st eftir brunann e\u00f0a blettur rau\u00f0leitur e\u00f0a hv\u00edtur;<a name=\"25\"><span class=\"versanumer\">25<\/span><\/a>\u00fe\u00e1 skal presturinn sko\u00f0a blettinn, og ef hann s\u00e9r a\u00f0 h\u00e1rin \u00ed blettinum eru or\u00f0in hv\u00edt, og d\u00e6ld s\u00fdnist \u00fear vera \u00ed h\u00f6rundinu, \u00fe\u00e1 hefur l\u00edk\u00fer\u00e1 brotist \u00fat \u00ed h\u00f6rundinu eftir brunann, og presturinn skal d\u00e6ma manninn \u00f3hreinan; l\u00edk\u00fer\u00e1arpl\u00e1gan er \u00fea\u00f0.<a name=\"26\"><span class=\"versanumer\">26<\/span><\/a>En ef presturinn, \u00feegar hann er b\u00fainn a\u00f0 sko\u00f0a hann, s\u00e9r a\u00f0 h\u00e1rin eru ekki or\u00f0in hv\u00edt og \u00fear er engi l\u00e6g\u00f0 \u00ed h\u00f6rundinu, heldur einungis bleikari h\u00f6rundsliturinn, \u00fe\u00e1 skal presturinn inniloka hann \u00ed sj\u00f6 daga,<a name=\"27\"><span class=\"versanumer\">27<\/span><\/a>og hann skal \u00fe\u00e1 sko\u00f0a hann \u00e1 sj\u00f6unda deginum, og ef a\u00f0 hann \u00fe\u00e1 s\u00e9r a\u00f0 hann hefir breytt sig \u00fat \u00ed h\u00f6rundinu, \u00fe\u00e1 skal hann \u00farskur\u00f0a manninn \u00f3hreinan, \u00fev\u00ed \u00fea\u00f0 er l\u00edk\u00fer\u00e1arinnar pl\u00e1ga.<a name=\"28\"><span class=\"versanumer\">28<\/span><\/a>En ef bletturinn er \u00e1 sama sta\u00f0 <span class='VideyAth'>(\u00f3umbreyttur)<\/span> og hefir ekki l\u00e6st sig v\u00ed\u00f0ar \u00fat, en er bleikleitur, \u00fe\u00e1 er \u00fea\u00f0 \u00feroti eftir brunann, og presturinn skal \u00farskur\u00f0a hann hreinan, \u00fev\u00ed \u00fea\u00f0 er bruna\u00f6r. <br \/><a name=\"29\"><span class=\"versanumer\">29<\/span><\/a>F\u00e1i ma\u00f0ur e\u00f0a kona blett \u00ed h\u00f6fu\u00f0 e\u00f0a skegg,<a name=\"30\"><span class=\"versanumer\">30<\/span><\/a>\u00fe\u00e1 skal presturinn sko\u00f0a hann; s\u00e9 \u00fear, eftir \u00fatliti, d\u00e6ld \u00ed h\u00f6rundinu og h\u00e1ri\u00f0 \u00fear rau\u00f0gult og \u00feunnt, \u00fe\u00e1 d\u00e6mi hann \u00fe\u00e1 skurfu \u00f3hreina, \u00fea\u00f0 er l\u00edk\u00fer\u00e1 \u00ed h\u00f6f\u00f0i e\u00f0a \u00ed skeggi.<a name=\"31\"><span class=\"versanumer\">31<\/span><\/a>En ef a\u00f0 presturinn s\u00e9r, \u00feegar hann hefir sko\u00f0a\u00f0 \u00feessa meinsemdarskurfu og h\u00fan eftir \u00fatliti stendur ekki d\u00fdpra en h\u00f6rundi\u00f0, en h\u00e1rin \u00ed henni eru <span class='VideyAth'>(samt)<\/span> ekki sv\u00f6rt, \u00fe\u00e1 skal presturinn inniloka \u00feann, sem pl\u00e1guna hefir, \u00ed sj\u00f6 daga,<a name=\"32\"><span class=\"versanumer\">32<\/span><\/a>en \u00feegar presturinn hefir sko\u00f0a\u00f0 hann \u00e1 \u00feeim sj\u00f6unda degi og s\u00e9r a\u00f0 skurfan hefir ekki eti\u00f0 sig \u00fat lengra og h\u00e1ri\u00f0 \u00ed henni ekki er or\u00f0i\u00f0 rau\u00f0gult, og ekki l\u00edtur \u00fat a\u00f0 h\u00fan standi d\u00fdpra en h\u00f6rundi\u00f0 annars sta\u00f0ar,<a name=\"33\"><span class=\"versanumer\">33<\/span><\/a>\u00fe\u00e1 skal hann raka sig, en blettinn skal hann samt ekki raka, og presturinn skal aftur inniloka \u00feann, sem skurfuna hefir, \u00ed sj\u00f6 daga;<a name=\"34\"><span class=\"versanumer\">34<\/span><\/a>en \u00feegar presturinn sko\u00f0ar hana aftur \u00e1 sj\u00f6unda degi og s\u00e9r a\u00f0 h\u00fan hefir ekki v\u00ed\u00f0ar eti\u00f0 sig \u00fat \u00ed h\u00f6rundi\u00f0, og til a\u00f0 sj\u00e1, er engi d\u00e6ld \u00ed h\u00f6rundi\u00f0 <span class='VideyAth'>(\u00fear sem h\u00fan er)<\/span>, \u00fe\u00e1 skal presturinn \u00farskur\u00f0a manninn hreinan; hann skal \u00fevo s\u00edn kl\u00e6\u00f0i, og svo er hann hreinn.<a name=\"35\"><span class=\"versanumer\">35<\/span><\/a>En ef a\u00f0 skurfan etur sig v\u00ed\u00f0ar \u00fat, eftir \u00fea\u00f0 a\u00f0 hann er \u00farskur\u00f0a\u00f0ur hreinn,<a name=\"36\"><span class=\"versanumer\">36<\/span><\/a>og presturinn, \u00feegar hann sko\u00f0ar hann, s\u00e9r a\u00f0 skurfan hefir eti\u00f0 sig v\u00ed\u00f0ar, \u00fe\u00e1 \u00fearf hann ekki a\u00f0 rannsaka \u00fea\u00f0 n\u00e1kv\u00e6mlega hv\u00f6rt h\u00e1ri\u00f0 er or\u00f0i\u00f0 rau\u00f0gult; ma\u00f0urinn er \u00f3hreinn,<a name=\"37\"><span class=\"versanumer\">37<\/span><\/a>en ef honum s\u00fdnist a\u00f0 skurfan s\u00e9 vi\u00f0 hi\u00f0 sama, og svart h\u00e1r sprettur \u00ed blettinum, \u00fe\u00e1 er skurfan l\u00e6knu\u00f0; hann er hreinn og presturinn skal d\u00e6ma hann hreinan.<a name=\"38\"><span class=\"versanumer\">38<\/span><\/a>Ef \u00e1 h\u00f6rund manns e\u00f0a konu koma margir hv\u00edtir blettir,<a name=\"39\"><span class=\"versanumer\">39<\/span><\/a>og presturinn s\u00e9r, \u00feegar hann sko\u00f0ar \u00fe\u00e1, a\u00f0 \u00feeir eru bleikhv\u00edtir, \u00fe\u00e1 er \u00fea\u00f0 hv\u00edta veikin, er brotist hefir \u00fat \u00ed h\u00f6rundinu, en ma\u00f0urinn er hreinn.\u2014<a name=\"40\"><span class=\"versanumer\">40<\/span><\/a>\u00de\u00f3 a\u00f0 h\u00e1r detti af nokkurs manns h\u00f6f\u00f0i baka til ver\u00f0ur hann <span class='VideyAth'>(a\u00f0 s\u00f6nnu)<\/span> sk\u00f6ll\u00f3ttur, en er <span class='VideyAth'>(samt)<\/span> hreinn.<a name=\"41\"><span class=\"versanumer\">41<\/span><\/a>Detti h\u00e1r af framh\u00f6f\u00f0i hans, f\u00e6r hann kr\u00fanuskalla, en er samt hreinn.<a name=\"42\"><span class=\"versanumer\">42<\/span><\/a>En ef bleikrau\u00f0 skurfa kemur \u00fear \u00e1 sem hann hefir skallann \u00ed hnakkanum e\u00f0a kr\u00fanunni, er \u00fea\u00f0 l\u00edk\u00fer\u00e1 sem er a\u00f0 brj\u00f3tast \u00fat \u00e1 hnakkanum e\u00f0a kr\u00fanunni, \u00fear sem skallinn er;<a name=\"43\"><span class=\"versanumer\">43<\/span><\/a>og \u00feegar presturinn \u00fe\u00e1 sko\u00f0ar hann, og s\u00e9r bleikrau\u00f0a \u00ferotameinsemd \u00ed skallanum, sem er a\u00f0 framan e\u00f0a aftanver\u00f0u \u00e1 h\u00f6f\u00f0inu, er l\u00edtur \u00fat eins og h\u00f6rundsl\u00edk\u00fer\u00e1,<a name=\"44\"><span class=\"versanumer\">44<\/span><\/a>\u00fe\u00e1 er ma\u00f0urinn l\u00edk\u00fer\u00e1r og \u00f3hreinn, og presturinn skal \u00farskur\u00f0a hann \u00f3hreinan; l\u00edk\u00fer\u00e1arpl\u00e1gan er \u00ed h\u00f6f\u00f0i hans. <br \/><a name=\"45\"><span class=\"versanumer\">45<\/span><\/a>S\u00e1 sem af l\u00edk\u00fer\u00e1nni er pl\u00e1ga\u00f0ur, hann skal ganga \u00ed sundurrifnum kl\u00e6\u00f0um, vera me\u00f0 bert h\u00f6fu\u00f0, hylja skegg sitt og hr\u00f3pa: \u00f3hreinn, \u00f3hreinn!<a name=\"46\"><span class=\"versanumer\">46<\/span><\/a>\u00c1 me\u00f0an hann hefir \u00feessa sj\u00fakd\u00f3mspl\u00e1gu, skal hann \u00e1l\u00edtast \u00f3hreinn, b\u00faa s\u00e9r, og b\u00fasta\u00f0ur hans skal vera fyrir utan herb\u00fa\u00f0irnar.<br \/><a name=\"47\"><span class=\"versanumer\">47<\/span><\/a>Ef l\u00edk\u00fer\u00e1rblettir s\u00fdna sig \u00e1 nokkru fati, hv\u00f6rt \u00fea\u00f0 heldur er af ull e\u00f0a l\u00edni,<a name=\"48\"><span class=\"versanumer\">48<\/span><\/a>hv\u00f6rt heldur \u00fea\u00f0 er \u00e1 uppist\u00f6\u00f0unni e\u00f0a fyrirvafinu \u00e1 l\u00edninu e\u00f0a ullinni, e\u00f0a \u00e1 skinni, e\u00f0a nokkru \u00fev\u00ed sem gj\u00f6rt er af skinni;<a name=\"49\"><span class=\"versanumer\">49<\/span><\/a>nefnilega ef gr\u00e6nleitur e\u00f0a rau\u00f0leitur blettur kemur \u00e1 fat, skinn, uppist\u00f6\u00f0u e\u00f0a fyrirvaf e\u00f0a nokku\u00f0 \u00fea\u00f0, sem af skinni er gj\u00f6rt, \u00fe\u00e1 er \u00fea\u00f0 l\u00edk\u00fer\u00e1rgalli, og skal presturinn sko\u00f0a hann.<a name=\"50\"><span class=\"versanumer\">50<\/span><\/a>\u00deegar presturinn hefir sko\u00f0a\u00f0 blettinn, skal hann inniloka \u00fea\u00f0, sem bletturinn er \u00e1 \u00ed sj\u00f6 daga;<a name=\"51\"><span class=\"versanumer\">51<\/span><\/a>og \u00e1 sj\u00f6unda deginum skal hann aftur sko\u00f0a hann; sj\u00e1i hann a\u00f0 bletturinn hefir eti\u00f0 sig \u00fat \u00ed fati\u00f0, uppist\u00f6\u00f0una, fyrirvafi\u00f0, skinni\u00f0, e\u00f0a \u00feann hlut, sem af \u00fev\u00ed var tilb\u00fainn; \u00fe\u00e1 er \u00fea\u00f0 illa kynju\u00f0 l\u00edk\u00fer\u00e1, hluturinn er \u00f3hreinn.<a name=\"52\"><span class=\"versanumer\">52<\/span><\/a>Hann skal brenna fati\u00f0, hv\u00f6rt sem gallinn er \u00ed uppist\u00f6\u00f0unni e\u00f0a fyrirvafinu, \u00ed ullu e\u00f0a l\u00edni, og s\u00e9rhv\u00f6rn hlut \u00far skinni tilb\u00fainn, sem \u00feessi galli er \u00e1, \u00fev\u00ed hann er illa kynja\u00f0rar l\u00edk\u00fer\u00e1r merki og skal \u00fev\u00ed s\u00e1 hlutur \u00ed eldi brennast.<a name=\"53\"><span class=\"versanumer\">53<\/span><\/a>En ef presturinn s\u00e9r a\u00f0 gallinn ekki hefir l\u00e6st sig v\u00ed\u00f0ar \u00fat \u00ed fati\u00f0, uppist\u00f6\u00f0una e\u00f0a fyrirvafi\u00f0, e\u00f0a \u00feann hlut, sem \u00far skinni er tilb\u00fainn,<a name=\"54\"><span class=\"versanumer\">54<\/span><\/a>\u00fe\u00e1 bj\u00f3\u00f0i presturinn a\u00f0 menn \u00fevoi \u00fea\u00f0 sem gallinn er \u00e1 og l\u00e6si \u00fea\u00f0 inni aftur \u00ed sj\u00f6 daga.<a name=\"55\"><span class=\"versanumer\">55<\/span><\/a>En ef hann s\u00e9r \u00feegar hann sko\u00f0ar \u00fea\u00f0 eftir a\u00f0 \u00fea\u00f0 er \u00fevegi\u00f0, a\u00f0 gallinn l\u00edtur \u00fat til a\u00f0 vera vi\u00f0 hi\u00f0 sama, \u00fe\u00f3 hann hafi ekki eti\u00f0 sig v\u00ed\u00f0ar \u00fat, \u00fe\u00e1 er hluturinn samt \u00f3hreinn og skal brennast; \u00fear er skemmd komin, \u00fear sem sno\u00f0i\u00f0 er \u00e1 r\u00e9tthverfunni e\u00f0a \u00fathverfunni.<a name=\"56\"><span class=\"versanumer\">56<\/span><\/a>En ef presturinn s\u00e9r, \u00feegar hann er b\u00fainn a\u00f0 sko\u00f0a hlutinn a\u00f0 gallinn hefir minnka\u00f0, eftir a\u00f0 hann var \u00feveginn, \u00fe\u00e1 skal hann r\u00edfa blettinn burt af fatinu e\u00f0a skinninu \u00far uppist\u00f6\u00f0unni e\u00f0a fyrirvafinu.<a name=\"57\"><span class=\"versanumer\">57<\/span><\/a>En s\u00fdni hann sig aftur \u00e1 fatinu, uppist\u00f6\u00f0unni e\u00f0a fyrirvafinu, e\u00f0a \u00feeim hlut, sem af skinni er gj\u00f6r, \u00fe\u00e1 er \u00fea\u00f0 l\u00edk\u00fer\u00e1 sem er a\u00f0 brj\u00f3tast \u00fat, og hluturinn, sem gallinn er \u00e1 skal uppbrennast \u00ed eldi.<a name=\"58\"><span class=\"versanumer\">58<\/span><\/a>En ef s\u00e1 lj\u00f3ti galli fer burt af kl\u00e6\u00f0inu, uppist\u00f6\u00f0unni e\u00f0a fyrirvafinu, e\u00f0a \u00fev\u00ed sem af skinni er gj\u00f6rt, er \u00fe\u00fa \u00e1ttir a\u00f0 \u00fevo, \u00fe\u00e1 skal \u00fevo \u00feetta \u00e1 n\u00fd, og \u00fe\u00e1 er \u00fea\u00f0 hreint.<a name=\"59\"><span class=\"versanumer\">59<\/span><\/a>\u00deetta er l\u00f6gm\u00e1li\u00f0 um l\u00edk\u00fer\u00e1argalla \u00e1 fatna\u00f0i af ullu e\u00f0a l\u00edni \u00ed uppist\u00f6\u00f0u e\u00f0a fyrirvafi, og hv\u00f6rju \u00fev\u00ed, sem af skinni er gj\u00f6rt, eftir hv\u00f6rju \u00fea\u00f0 \u00e1 a\u00f0 \u00farskur\u00f0ast hreint e\u00f0a \u00f3hreint.<\/p>\n<div class=\"footnoteVidey\">V. 2. Prestar hj\u00e1 Gy\u00f0ingum h\u00f6f\u00f0u eins og hj\u00e1 egypskum nokkra ver\u00f0slega makt og voru l\u00edka l\u00e6knirar. Sbr. L\u00fak. 17,14. Matt. 8,5.  V. 14. \u00darskur\u00f0a l\u00edk\u00fer\u00e1na hreina, nefnil. \u00fea\u00f0 s\u00e9 ei sakn\u00e6mt fyrir a\u00f0ra a\u00f0 hafa umgengni vi\u00f0 \u00feann, sem hana haf\u00f0i.  V. 25. \u00cd Egyptalandi og hj\u00e1 Gy\u00f0ingum var svo l\u00edk\u00fer\u00e1rh\u00e6tt, a\u00f0 \u00fear var\u00f0 a\u00f0 br\u00faka allan varhuga vi\u00f0 ef h\u00fan \u00e1tti ekki til meins a\u00f0 koma, ekki einungis fyrir \u00feann sem hana f\u00e9kk heldur og svo a\u00f0 a\u00f0rir \u00fat \u00ed fr\u00e1 ekki skyldu f\u00e1 hana af honum.  V. 34. Svo er hann hreinn, \u00fe. e. hann m\u00e1 koma til musterisins og vera \u00ed samb\u00fa\u00f0 vi\u00f0 a\u00f0ra menn. Sj\u00e1 skgr. v. 25.  V. 39. Hv\u00edta veikin (\u00e1 hebr. b\u00f3kaka), \u00fe. e. ekki fyrir a\u00f0ra sakn\u00e6m l\u00edk\u00fer\u00e1artegund.  V. 45. Hylja skegg sitt, var sorgarmerki, hr\u00f3pa \u00f3hr. \u00f3hreinn! \u00e1tti s\u00e1 l\u00edk\u00fer\u00e1i hr\u00f3pa til \u00feeirra sem honum m\u00e6ttu, svo \u00feeir v\u00f6ru\u00f0ust a\u00f0 koma n\u00e6rri honum, \u00fev\u00ed \u00ed heitu l\u00f6ndunum eru sj\u00fakd\u00f3mar miklu n\u00e6mari en hj\u00e1 oss. Sj\u00e1 skgr. v. 25.  V. 58. \u00de\u00e1 er \u00fea\u00f0 hreint, \u00fe. e. m\u00e1 af m\u00f6nnum br\u00fakast og hagn\u00fdtast.<\/div>\n","protected":false},"excerpt":{"rendered":"<p>L\u00edk\u00fer\u00e1areinkenni \u00e1 m\u00f6nnum og kl\u00e6\u00f0um. 1Ennframar tala\u00f0i Drottinn til M\u00f3ses og Arons \u00feannig:2Ef a\u00f0 kemur \u00ed h\u00f6rund manns \u00feroti, skurfa, e\u00f0a blettur sem glj\u00e1ir \u00e1, svo a\u00f0 \u00fea\u00f0 gefur grun um l\u00edk\u00fer\u00e1arinnar pl\u00e1gu, \u00fe\u00e1 skal hann f\u00e6rast prestinum Aron e\u00f0a einhv\u00f6rjum \u00f6\u00f0rum af prestunum, sonum hans,3\u00feegar presturinn hefir sko\u00f0a\u00f0 blettinn \u00e1 h\u00f6rundinu, og h\u00e1ri\u00f0 \u00ed blettinum er or\u00f0i\u00f0 hv\u00edtt, og holdi\u00f0 er \u00fear l\u00e6gra en h\u00f6rundi\u00f0 annars sta\u00f0ar, \u00fe\u00e1 er \u00fea\u00f0 l\u00edk\u00fer\u00e1rmerki, og \u00feegar presturinn hefir sko\u00f0a\u00f0 hann, skal hann d\u00e6ma hann \u00f3hreinan.4En ef hv\u00edtleitur blettur er (a\u00f0 s\u00f6nnu) \u00e1 h\u00f6rundinu, en liggur \u00fe\u00f3 tils\u00fdndar ekki d\u00fdpra inn \u00ed holdi\u00f0 <a href=\"https:\/\/biblian.is\/videy\/thridja-mosebok-13-kafli\/\"> [&#8230;]<\/a><\/p>\n","protected":false},"author":1,"featured_media":0,"parent":0,"menu_order":0,"comment_status":"open","ping_status":"open","template":"bibliukaflar.php","meta":{"footnotes":""},"class_list":["post-20952","page","type-page","status-publish","hentry"],"_links":{"self":[{"href":"https:\/\/biblian.is\/videy\/wp-json\/wp\/v2\/pages\/20952","targetHints":{"allow":["GET"]}}],"collection":[{"href":"https:\/\/biblian.is\/videy\/wp-json\/wp\/v2\/pages"}],"about":[{"href":"https:\/\/biblian.is\/videy\/wp-json\/wp\/v2\/types\/page"}],"author":[{"embeddable":true,"href":"https:\/\/biblian.is\/videy\/wp-json\/wp\/v2\/users\/1"}],"replies":[{"embeddable":true,"href":"https:\/\/biblian.is\/videy\/wp-json\/wp\/v2\/comments?post=20952"}],"version-history":[{"count":0,"href":"https:\/\/biblian.is\/videy\/wp-json\/wp\/v2\/pages\/20952\/revisions"}],"wp:attachment":[{"href":"https:\/\/biblian.is\/videy\/wp-json\/wp\/v2\/media?parent=20952"}],"curies":[{"name":"wp","href":"https:\/\/api.w.org\/{rel}","templated":true}]}}