{"id":20951,"date":"2018-01-02T00:59:41","date_gmt":"2018-01-02T00:59:41","guid":{"rendered":"http:\/\/biblian.is\/videy\/thridja-mosebok-12-kafli\/"},"modified":"2018-01-02T00:59:41","modified_gmt":"2018-01-02T00:59:41","slug":"thridja-mosebok-12-kafli","status":"publish","type":"page","link":"https:\/\/biblian.is\/videy\/thridja-mosebok-12-kafli\/","title":{"rendered":"\u00deri\u00f0ja M\u00f3seb\u00f3k 12. kafli"},"content":{"rendered":"<div class=\"fyrirsognVidey\">Um s\u00e6ngurkonur.<\/div>\n<p><a name=\"1\"><span class=\"versanumer\">1<\/span><\/a>Ennframar tala\u00f0i Drottinn vi\u00f0 M\u00f3ses og sag\u00f0i:<a name=\"2\"><span class=\"versanumer\">2<\/span><\/a>Tala \u00fe\u00fa \u00feannig til \u00cdsraelsbarna: \u00feegar kona ver\u00f0ur barnshafandi og f\u00e6\u00f0ir sveinbarn, \u00fe\u00e1 skal h\u00fan \u00f3hrein \u00e1l\u00edtast sj\u00f6 daga;  daga \u00fe\u00e1 sem h\u00fan hefur bl\u00f3\u00f0l\u00e1t er h\u00fan \u00f3hrein;<a name=\"3\"><span class=\"versanumer\">3<\/span><\/a>og \u00e1 \u00e1ttunda degi skal barni\u00f0 umskerast;<a name=\"4\"><span class=\"versanumer\">4<\/span><\/a>en konan skal halda sig heima \u00ed \u00ferj\u00e1 og \u00ferj\u00e1tygir daga \u00e1 me\u00f0an h\u00fan er a\u00f0 hreinsast af s\u00ednum bl\u00f3\u00f0l\u00e1tum, og \u00e1 me\u00f0an m\u00e1 h\u00fan ekkert heilagt snerta og ei til helgid\u00f3msins koma, \u00fear til hennar hreinsunardagar eru li\u00f0nir.<a name=\"5\"><span class=\"versanumer\">5<\/span><\/a>En ef h\u00fan f\u00e6\u00f0ir meybarn, \u00fe\u00e1 skal h\u00fan \u00e1l\u00edtast \u00f3hrein tv\u00e6r vikur, \u00e1 me\u00f0an bl\u00f3\u00f0l\u00e1t hennar vara, og \u00fear a\u00f0 auk skal h\u00fan halda sig heima \u00ed sex og sext\u00edu daga til hreinsunar fr\u00e1 s\u00ednum bl\u00f3\u00f0l\u00e1tum.<a name=\"6\"><span class=\"versanumer\">6<\/span><\/a>En \u00feegar hennar hreinsunardagar eru \u00fati, hv\u00f6rt sem \u00fea\u00f0 er eftir son e\u00f0a d\u00f3ttur, \u00fe\u00e1 skal h\u00fan koma me\u00f0 \u00e1rsgamlan hr\u00fat til brennif\u00f3rnar, og d\u00fafuunga, e\u00f0a turtild\u00fafu til syndaf\u00f3rnar, til dyra samkundutjaldb\u00fa\u00f0arinnar til prestsins;<a name=\"7\"><span class=\"versanumer\">7<\/span><\/a>en presturinn skal f\u00e6ra f\u00f3rnina fyrir augliti Drottins og forl\u00edka fyrir konuna. \u00de\u00e1 ver\u00f0ur h\u00fan hrein eftir s\u00edn bl\u00f3\u00f0l\u00e1t. \u00deannig hlj\u00f3\u00f0ar l\u00f6gm\u00e1li\u00f0 um \u00fe\u00e1 konu, sem f\u00e6tt hefir son e\u00f0a d\u00f3ttur.<a name=\"8\"><span class=\"versanumer\">8<\/span><\/a>En ef h\u00fan \u00e1 ekki fyrir veturgamallri sau\u00f0kind, \u00fe\u00e1 komi h\u00fan me\u00f0 tv\u00e6r turtild\u00fafur, e\u00f0a tvo d\u00fafuunga, annan til brennif\u00f3rnar, en hinn til syndaf\u00f3rnar, og presturinn skal \u00fe\u00e1 forl\u00edka hana, svo a\u00f0 h\u00fan hrein ver\u00f0i.<\/p>\n<div class=\"footnoteVidey\">V. 2. ff. Menn og hlutir, sem snertu s\u00e6ngurkonu fyrstu viku eftir barnsbur\u00f0, m\u00e1ttu ekki koma til musterisins, n\u00e9 n\u00e6rri nokkru \u00fev\u00ed sem Gu\u00f0i var helga\u00f0, nema \u00feeir v\u00e6ru \u00e1\u00f0ur hreinsa\u00f0ir. H\u00fan sj\u00e1lf m\u00e1tti ekki koma til musterisins fyrri en 33 e\u00f0a 66 d\u00f6gum eftir barnsbur\u00f0inn. Kap. 13.<\/div>\n","protected":false},"excerpt":{"rendered":"<p>Um s\u00e6ngurkonur. 1Ennframar tala\u00f0i Drottinn vi\u00f0 M\u00f3ses og sag\u00f0i:2Tala \u00fe\u00fa \u00feannig til \u00cdsraelsbarna: \u00feegar kona ver\u00f0ur barnshafandi og f\u00e6\u00f0ir sveinbarn, \u00fe\u00e1 skal h\u00fan \u00f3hrein \u00e1l\u00edtast sj\u00f6 daga; daga \u00fe\u00e1 sem h\u00fan hefur bl\u00f3\u00f0l\u00e1t er h\u00fan \u00f3hrein;3og \u00e1 \u00e1ttunda degi skal barni\u00f0 umskerast;4en konan skal halda sig heima \u00ed \u00ferj\u00e1 og \u00ferj\u00e1tygir daga \u00e1 me\u00f0an h\u00fan er a\u00f0 hreinsast af s\u00ednum bl\u00f3\u00f0l\u00e1tum, og \u00e1 me\u00f0an m\u00e1 h\u00fan ekkert heilagt snerta og ei til helgid\u00f3msins koma, \u00fear til hennar hreinsunardagar eru li\u00f0nir.5En ef h\u00fan f\u00e6\u00f0ir meybarn, \u00fe\u00e1 skal h\u00fan \u00e1l\u00edtast \u00f3hrein tv\u00e6r vikur, \u00e1 me\u00f0an bl\u00f3\u00f0l\u00e1t hennar vara, og \u00fear a\u00f0 auk <a href=\"https:\/\/biblian.is\/videy\/thridja-mosebok-12-kafli\/\"> [&#8230;]<\/a><\/p>\n","protected":false},"author":1,"featured_media":0,"parent":0,"menu_order":0,"comment_status":"open","ping_status":"open","template":"bibliukaflar.php","meta":{"footnotes":""},"class_list":["post-20951","page","type-page","status-publish","hentry"],"_links":{"self":[{"href":"https:\/\/biblian.is\/videy\/wp-json\/wp\/v2\/pages\/20951","targetHints":{"allow":["GET"]}}],"collection":[{"href":"https:\/\/biblian.is\/videy\/wp-json\/wp\/v2\/pages"}],"about":[{"href":"https:\/\/biblian.is\/videy\/wp-json\/wp\/v2\/types\/page"}],"author":[{"embeddable":true,"href":"https:\/\/biblian.is\/videy\/wp-json\/wp\/v2\/users\/1"}],"replies":[{"embeddable":true,"href":"https:\/\/biblian.is\/videy\/wp-json\/wp\/v2\/comments?post=20951"}],"version-history":[{"count":0,"href":"https:\/\/biblian.is\/videy\/wp-json\/wp\/v2\/pages\/20951\/revisions"}],"wp:attachment":[{"href":"https:\/\/biblian.is\/videy\/wp-json\/wp\/v2\/media?parent=20951"}],"curies":[{"name":"wp","href":"https:\/\/api.w.org\/{rel}","templated":true}]}}