{"id":20950,"date":"2018-01-02T00:59:41","date_gmt":"2018-01-02T00:59:41","guid":{"rendered":"http:\/\/biblian.is\/videy\/thridja-mosebok-11-kafli\/"},"modified":"2018-01-02T00:59:41","modified_gmt":"2018-01-02T00:59:41","slug":"thridja-mosebok-11-kafli","status":"publish","type":"page","link":"https:\/\/biblian.is\/videy\/thridja-mosebok-11-kafli\/","title":{"rendered":"\u00deri\u00f0ja M\u00f3seb\u00f3k 11. kafli"},"content":{"rendered":"<div class=\"fyrirsognVidey\">Um hrein og \u00f3hrein d\u00fdr.<\/div>\n<p><a name=\"1\"><span class=\"versanumer\">1<\/span><\/a>Eftir \u00feetta tala\u00f0i Drottinn vi\u00f0 M\u00f3ses og Aron svofelldum or\u00f0um:<a name=\"2\"><span class=\"versanumer\">2<\/span><\/a>Segi\u00f0 \u00feetta ni\u00f0jum \u00cdsraels: \u00feetta eru \u00feau af ferf\u00e6ttum d\u00fdrum jar\u00f0arinnar, sem \u00fe\u00e9r megi\u00f0 eta.<a name=\"3\"><span class=\"versanumer\">3<\/span><\/a>S\u00e9rhv\u00f6rt \u00fea\u00f0 d\u00fdr sem hefur klaufir fullkomlega klofnar og j\u00f3rtrar, \u00fea\u00f0 megi\u00f0 \u00fe\u00e9r eta. Samt megi\u00f0 \u00fe\u00e9r ekki eta \u00feessi d\u00fdr, sem j\u00f3rtra og hafa klaufir:<a name=\"4\"><span class=\"versanumer\">4<\/span><\/a>\u00falfaldann, \u00fev\u00ed a\u00f0 hann j\u00f3rtrar a\u00f0 s\u00f6nnu, en hefir ekki klaufir alklofnar; hann s\u00e9 y\u00f0ur \u00fev\u00ed \u00f3hreinn;<a name=\"5\"><span class=\"versanumer\">5<\/span><\/a>st\u00f6kkh\u00e9rann, \u00fev\u00ed hann j\u00f3rtrar a\u00f0 s\u00f6nnu, en hefir eigi klaufir, hann s\u00e9 y\u00f0ur \u00fev\u00ed \u00f3hreinn.<a name=\"6\"><span class=\"versanumer\">6<\/span><\/a>S\u00f6mulei\u00f0is h\u00e9rann, \u00fev\u00ed \u00fe\u00f3tt hann j\u00f3rtri hefir hann ekki klaufir, hann s\u00e9 y\u00f0ur \u00fev\u00ed \u00f3hreinn.<a name=\"7\"><span class=\"versanumer\">7<\/span><\/a>S\u00f6mulei\u00f0is skal sv\u00edni\u00f0 vera y\u00f0ur \u00f3hreint, \u00fev\u00ed a\u00f0 \u00fea\u00f0 hefir a\u00f0 s\u00f6nnu klaufir og \u00fea\u00f0 alklofnar, en j\u00f3rtrar ekki.<a name=\"8\"><span class=\"versanumer\">8<\/span><\/a>\u00de\u00e9r skulu\u00f0 ekki eta af \u00feessara d\u00fdra kj\u00f6ti, e\u00f0a snerta \u00feeirra hr\u00e6, \u00fev\u00ed \u00feau eru y\u00f0ur \u00f3hrein.<br \/><a name=\"9\"><span class=\"versanumer\">9<\/span><\/a>En \u00feetta megi\u00f0 \u00fe\u00e9r eta af \u00fev\u00ed sem \u00ed vatni er. Allt \u00fea\u00f0 sem \u00ed vatni, sj\u00f3 og \u00e1m hefir sundugga og hreistur megi\u00f0 \u00fe\u00e9r eta.<a name=\"10\"><span class=\"versanumer\">10<\/span><\/a>En s\u00e9rhva\u00f0 \u00fea\u00f0 \u00ed sj\u00f3 e\u00f0a \u00e1m, s\u00e9rhv\u00f6rt kvikindi e\u00f0a lifandi skepna sem \u00ed vatni er og eigi hefir sundugga e\u00f0a hreistur, \u00fea\u00f0 s\u00e9 y\u00f0ur vi\u00f0urstygg\u00f0.<a name=\"11\"><span class=\"versanumer\">11<\/span><\/a>Andstygg\u00f0 skal \u00fea\u00f0 allt vera y\u00f0ur, ekki skulu\u00f0 \u00fe\u00e9r eta \u00feessara skepna kj\u00f6t, og vi\u00f0 hr\u00e6jum \u00feeirra skal y\u00f0ur stugga.<a name=\"12\"><span class=\"versanumer\">12<\/span><\/a>S\u00e9rhva\u00f0 \u00fea\u00f0 \u00ed vatni er, og ekki hefir sundugga og hreistur, \u00fea\u00f0 skal vera y\u00f0ur vi\u00f0urstygg\u00f0.<br \/><a name=\"13\"><span class=\"versanumer\">13<\/span><\/a>Vi\u00f0 \u00feessum fuglum, sem ekki mega etast, skal y\u00f0ur l\u00edka stugga, \u00fev\u00ed a\u00f0 \u00feeir eru vi\u00f0urstygg\u00f0: \u00f6rnin, beinbrj\u00f3turinn og sj\u00e1var\u00f6rnin;<a name=\"14\"><span class=\"versanumer\">14<\/span><\/a>gle\u00f0an, gj\u00f3\u00f0urinn og \u00feeir sem eru s\u00f6mu tegundar,<a name=\"15\"><span class=\"versanumer\">15<\/span><\/a>allar hrafnategundir,<a name=\"16\"><span class=\"versanumer\">16<\/span><\/a>str\u00fatsfuglinn hv\u00f6rt hann er karlkyns e\u00f0a kvenkyns, hornuglan og allar valategundir,<a name=\"17\"><span class=\"versanumer\">17<\/span><\/a>n\u00e1ttuglan, pelikaninn og n\u00e1tthrafninn,<a name=\"18\"><span class=\"versanumer\">18<\/span><\/a>svanurinn, m\u00fasarbr\u00f3\u00f0irinn, hr\u00e6gripurinn,<a name=\"19\"><span class=\"versanumer\">19<\/span><\/a>storkurinn, og allar hegrategundir, akurh\u00e6nan og le\u00f0urblakan.<a name=\"20\"><span class=\"versanumer\">20<\/span><\/a>\u00d6ll fleyg skri\u00f0kvikindi, sem \u00e1 fj\u00f3rum f\u00f3tum ganga skulu vera y\u00f0ur vi\u00f0urstygg\u00f0:<a name=\"21\"><span class=\"versanumer\">21<\/span><\/a>\u00fe\u00f3 megi\u00f0 \u00fe\u00e9r eta \u00feau fleyg skri\u00f0kvikindi, sem ganga \u00e1 fj\u00f3rum f\u00f3tum, sem ekki hafa leggi upp af f\u00f3tunum til a\u00f0 st\u00f6kkva me\u00f0 \u00e1 j\u00f6r\u00f0unni;<a name=\"22\"><span class=\"versanumer\">22<\/span><\/a>af \u00feeim megi\u00f0 \u00fe\u00e9r eta \u00feessi: engisprettuna og hennar tegundir; nagarann me\u00f0 hans tegundum, \u00fe\u00e6r \u00fdmsu hoppu- og jar\u00f0\u00feekjutegundir;<a name=\"23\"><span class=\"versanumer\">23<\/span><\/a>en \u00f6ll \u00f6nnur fleyg skri\u00f0kvikindi, sem hafa fj\u00f3rar f\u00e6tur, skulu vera y\u00f0ur vi\u00f0urstygg\u00f0.<a name=\"24\"><span class=\"versanumer\">24<\/span><\/a>\u00de\u00e9r ver\u00f0i\u00f0 \u00f3hreinir af \u00feeim; hv\u00f6r sem snertir hr\u00e6 \u00feessara skepna, er \u00f3hreinn til kv\u00f6lds;<a name=\"25\"><span class=\"versanumer\">25<\/span><\/a>en hv\u00f6r s\u00e1 sem ber hr\u00e6 \u00feeirra burt, hann skal \u00fevo s\u00edn kl\u00e6\u00f0i og er \u00f3hreinn til kv\u00f6lds.<a name=\"26\"><span class=\"versanumer\">26<\/span><\/a>S\u00e9rhv\u00f6rt d\u00fdr sem hefir \u00f3klofinn h\u00f3f og ekki j\u00f3rtrar, er y\u00f0ur \u00feess vegna \u00f3hreint, og hv\u00f6r sem \u00fea\u00f0 snertir ver\u00f0ur \u00f3hreinn;<a name=\"27\"><span class=\"versanumer\">27<\/span><\/a>og s\u00e9rhv\u00f6rt ferf\u00e6tt d\u00fdr me\u00f0al lifandi skepna, sem \u00e1 l\u00f6ppum gengur, skal vera y\u00f0ur \u00f3hreint. Hv\u00f6r sem snertir hr\u00e6 \u00feess er \u00f3hreinn til kv\u00f6lds;<a name=\"28\"><span class=\"versanumer\">28<\/span><\/a>og s\u00e1 sem burtber hr\u00e6 \u00feess, skal \u00fevo kl\u00e6\u00f0i s\u00edn og er \u00f3hreinn til kv\u00f6lds. \u00deess h\u00e1ttar skepnur skulu vera y\u00f0ur \u00f3hreinar. <br \/><a name=\"29\"><span class=\"versanumer\">29<\/span><\/a>Af \u00feessum skepnum, sem \u00e1 j\u00f6r\u00f0u skr\u00ed\u00f0, skulu \u00feessar y\u00f0ur \u00f3hreinar vera: hreisiv\u00edslan, m\u00fasin, og allar illyrmistegundir,<a name=\"30\"><span class=\"versanumer\">30<\/span><\/a>kveinna\u00f0ran, aflna\u00f0ran, stj\u00f6rnuna\u00f0ran, na\u00f0ran og moldvarpan.<a name=\"31\"><span class=\"versanumer\">31<\/span><\/a>\u00deessi kvikindi skulu y\u00f0ur vera \u00f3hrein, hv\u00f6r sem snertir \u00feau, \u00feegar \u00feau eru dau\u00f0, hann er \u00f3hreinn allt til kv\u00f6lds,<a name=\"32\"><span class=\"versanumer\">32<\/span><\/a>og ofan \u00e1 hva\u00f0 sem \u00fea\u00f0 dettur, \u00feegar \u00fea\u00f0 er dautt, ver\u00f0ur \u00f3hreint, hv\u00f6rt sem \u00fea\u00f0 er tr\u00e9ker, kl\u00e6\u00f0i, skinn e\u00f0a sekkur; e\u00f0a \u00fea\u00f0 er verkf\u00e6ri, sem til einhv\u00f6rs gagns er haft, skal \u00fea\u00f0 \u00ed vatn leggjast og er \u00f3hreint til kv\u00f6lds, en \u00fe\u00e1 er \u00fea\u00f0 l\u00edka hreint. <br \/><a name=\"33\"><span class=\"versanumer\">33<\/span><\/a>Ef eitthva\u00f0 \u00fev\u00edl\u00edkt dettur ofan \u00ed leirker, \u00fe\u00e1 ver\u00f0ur allt, sem \u00ed \u00fev\u00ed er, \u00f3hreint, og \u00fe\u00e9r skulu\u00f0 brj\u00f3ta keri\u00f0.<a name=\"34\"><span class=\"versanumer\">34<\/span><\/a>Komi \u00fev\u00edl\u00edkt vatn \u00ed nokkurn mat, sem etinn er, \u00fe\u00e1 er hann \u00f3hreinn, og allur s\u00e1 drykkur, sem drukkinn er af hv\u00f6rskonar \u00fev\u00edl\u00edku keri, er \u00f3hreinn.<a name=\"35\"><span class=\"versanumer\">35<\/span><\/a>S\u00e9rhva\u00f0, sem \u00feessara kvikinda hr\u00e6 fellur \u00e1, ver\u00f0ur \u00f3hreint; hv\u00f6rt heldur \u00fea\u00f0 er ofn e\u00f0a eldsgagn, skal \u00fea\u00f0 ey\u00f0ileggjast, \u00fev\u00ed \u00fea\u00f0 er \u00f3hreint, og skal vera y\u00f0ur \u00f3hreint \u00far \u00fev\u00ed.<a name=\"36\"><span class=\"versanumer\">36<\/span><\/a>Einungis uppsprettur, grafnir brunnar og pollar eru hreinir; en s\u00e1 sem snertir hr\u00e6 \u00feessara kvikinda, hann ver\u00f0ur \u00f3hreinn.<a name=\"37\"><span class=\"versanumer\">37<\/span><\/a>\u00de\u00f3 a\u00f0 af hr\u00e6i \u00feessara kvikinda falli \u00e1 s\u00e6\u00f0i, sem \u00e6tla\u00f0 er til \u00fats\u00e1\u00f0s, er \u00fea\u00f0 <span class='VideyAth'>(samt)<\/span> hreint;<a name=\"38\"><span class=\"versanumer\">38<\/span><\/a>en ef vatn er \u00e1l\u00e1ti\u00f0, og detti s\u00ed\u00f0an nokku\u00f0 af \u00feessum hr\u00e6jum \u00e1 \u00fea\u00f0, \u00fe\u00e1 er \u00fea\u00f0 y\u00f0ur \u00f3hreint. <br \/><a name=\"39\"><span class=\"versanumer\">39<\/span><\/a>En ef nokkur skepna deyr, sem y\u00f0ur er \u00e6t, \u00fe\u00e1 er samt s\u00e1 \u00f3hreinn til kv\u00f6lds er hana snertir,<a name=\"40\"><span class=\"versanumer\">40<\/span><\/a>og s\u00e1 sem etur af hr\u00e6inu, hann skal \u00fevo kl\u00e6\u00f0i s\u00edn, og er \u00f3hreinn til kv\u00f6lds,  s\u00f6mulei\u00f0is skal s\u00e1, sem ber hr\u00e6i\u00f0 burt \u00fevo kl\u00e6\u00f0i s\u00edn og vera \u00f3hreinn til kv\u00f6lds. <br \/><a name=\"41\"><span class=\"versanumer\">41<\/span><\/a>Allt \u00fea\u00f0 sem \u00e1 j\u00f6r\u00f0u skr\u00ed\u00f0ur skal vera y\u00f0ur vi\u00f0urstygg\u00f0, og ekki skulu menn eta \u00fea\u00f0;<a name=\"42\"><span class=\"versanumer\">42<\/span><\/a>\u00fe\u00e9r skulu\u00f0 ekkert \u00fea\u00f0 eta, sem skr\u00ed\u00f0ur \u00e1 kvi\u00f0num um j\u00f6r\u00f0ina, e\u00f0a skr\u00ed\u00f0ur \u00e1 fj\u00f3rum f\u00f3tum e\u00f0a fleirum f\u00f3tum, af \u00f6llum \u00feeim d\u00fdrum sem skr\u00ed\u00f0a \u00e1 j\u00f6r\u00f0unni, \u00fev\u00ed \u00fea\u00f0 er allt vi\u00f0urstygg\u00f0,<a name=\"43\"><span class=\"versanumer\">43<\/span><\/a>svo a\u00f0 \u00fe\u00e9r gj\u00f6ri\u00f0 eigi sj\u00e1lfa y\u00f0ur vi\u00f0urstyggilega af nokkru kvikindi, er skr\u00ed\u00f0ur, og ekki saurgist af \u00fev\u00ed, svo a\u00f0 \u00fe\u00e9r \u00f3hreinir ver\u00f0i\u00f0;<a name=\"44\"><span class=\"versanumer\">44<\/span><\/a>\u00fev\u00ed a\u00f0 eg er Gu\u00f0 y\u00f0ar Drottinn; \u00fear fyrir skulu\u00f0 \u00fe\u00e9r var\u00f0veita y\u00f0ur heilaga, \u00fev\u00ed eg em heilagur, \u00feess vegna skulu\u00f0 \u00fe\u00e9r ekki saurga sj\u00e1lfa y\u00f0ur \u00e1 nokkru kvikindi, sem \u00e1 j\u00f6r\u00f0unni er;<a name=\"45\"><span class=\"versanumer\">45<\/span><\/a>\u00fev\u00ed a\u00f0 eg er Drottinn sem leiddi y\u00f0ur upp fr\u00e1 Egyptalandi, svo a\u00f0 eg v\u00e6ri y\u00f0ar Gu\u00f0. \u00de\u00e9r skulu\u00f0 vera heilagir, \u00fev\u00ed eg em heilagur. <br \/><a name=\"46\"><span class=\"versanumer\">46<\/span><\/a>\u00deessi eru l\u00f6gin um d\u00fdr og fugla og allsh\u00e1ttar skepnur sem \u00ed vatni sveima, og um alls konar skepnur sem \u00e1 j\u00f6r\u00f0unni skr\u00ed\u00f0a,<br \/><a name=\"47\"><span class=\"versanumer\">47<\/span><\/a>svo a\u00f0 \u00fe\u00e9r geti\u00f0 a\u00f0greint \u00f3hreint fr\u00e1 hreinu, \u00e6tar skepnur fr\u00e1 \u00f3\u00e6tum.<\/p>\n<div class=\"footnoteVidey\">\u00d3v\u00edst er hv\u00f6rt n\u00f6fn allra \u00feeirra fugla sem \u00ed vv. 13\u201319 eru upptaldir eru r\u00e9tt. L\u00e6r\u00f0ir menn eru h\u00e9r um \u00ed vafa.  V. 22. Nagarinn o.s.frv. eru \u00fdmsar engisprettutegundir, hafa fj\u00f3rar f\u00e6tur, jafnvel fleiri sumar, til a\u00f0 skr\u00ed\u00f0a me\u00f0, en \u00fear a\u00f0 auki 2 langar, sem \u00fe\u00e6r br\u00faka, \u00feegar \u00fe\u00e6r vilja st\u00f6kkva. Sumar af \u00feessum eru \u00e6tar, sj\u00e1 Matt. 3,4.  V. 26. Nefnil. \u00deegar \u00fea\u00f0 er dautt, \u00fev\u00ed snerta m\u00e1tti \u00feessi d\u00fdr lifandi.  V. 37. \u00dea\u00f0 korn sem \u00e6tla\u00f0 var til \u00fats\u00e6\u00f0is var bleytt \u00ed vatni til flj\u00f3tari frj\u00f3vgunar.<\/div>\n","protected":false},"excerpt":{"rendered":"<p>Um hrein og \u00f3hrein d\u00fdr. 1Eftir \u00feetta tala\u00f0i Drottinn vi\u00f0 M\u00f3ses og Aron svofelldum or\u00f0um:2Segi\u00f0 \u00feetta ni\u00f0jum \u00cdsraels: \u00feetta eru \u00feau af ferf\u00e6ttum d\u00fdrum jar\u00f0arinnar, sem \u00fe\u00e9r megi\u00f0 eta.3S\u00e9rhv\u00f6rt \u00fea\u00f0 d\u00fdr sem hefur klaufir fullkomlega klofnar og j\u00f3rtrar, \u00fea\u00f0 megi\u00f0 \u00fe\u00e9r eta. Samt megi\u00f0 \u00fe\u00e9r ekki eta \u00feessi d\u00fdr, sem j\u00f3rtra og hafa klaufir:4\u00falfaldann, \u00fev\u00ed a\u00f0 hann j\u00f3rtrar a\u00f0 s\u00f6nnu, en hefir ekki klaufir alklofnar; hann s\u00e9 y\u00f0ur \u00fev\u00ed \u00f3hreinn;5st\u00f6kkh\u00e9rann, \u00fev\u00ed hann j\u00f3rtrar a\u00f0 s\u00f6nnu, en hefir eigi klaufir, hann s\u00e9 y\u00f0ur \u00fev\u00ed \u00f3hreinn.6S\u00f6mulei\u00f0is h\u00e9rann, \u00fev\u00ed \u00fe\u00f3tt hann j\u00f3rtri hefir hann ekki klaufir, hann s\u00e9 y\u00f0ur \u00fev\u00ed \u00f3hreinn.7S\u00f6mulei\u00f0is skal sv\u00edni\u00f0 <a href=\"https:\/\/biblian.is\/videy\/thridja-mosebok-11-kafli\/\"> [&#8230;]<\/a><\/p>\n","protected":false},"author":1,"featured_media":0,"parent":0,"menu_order":0,"comment_status":"open","ping_status":"open","template":"bibliukaflar.php","meta":{"footnotes":""},"class_list":["post-20950","page","type-page","status-publish","hentry"],"_links":{"self":[{"href":"https:\/\/biblian.is\/videy\/wp-json\/wp\/v2\/pages\/20950","targetHints":{"allow":["GET"]}}],"collection":[{"href":"https:\/\/biblian.is\/videy\/wp-json\/wp\/v2\/pages"}],"about":[{"href":"https:\/\/biblian.is\/videy\/wp-json\/wp\/v2\/types\/page"}],"author":[{"embeddable":true,"href":"https:\/\/biblian.is\/videy\/wp-json\/wp\/v2\/users\/1"}],"replies":[{"embeddable":true,"href":"https:\/\/biblian.is\/videy\/wp-json\/wp\/v2\/comments?post=20950"}],"version-history":[{"count":0,"href":"https:\/\/biblian.is\/videy\/wp-json\/wp\/v2\/pages\/20950\/revisions"}],"wp:attachment":[{"href":"https:\/\/biblian.is\/videy\/wp-json\/wp\/v2\/media?parent=20950"}],"curies":[{"name":"wp","href":"https:\/\/api.w.org\/{rel}","templated":true}]}}