{"id":20949,"date":"2018-01-02T00:59:35","date_gmt":"2018-01-02T00:59:35","guid":{"rendered":"http:\/\/biblian.is\/videy\/thridja-mosebok-10-kafli\/"},"modified":"2018-01-02T00:59:35","modified_gmt":"2018-01-02T00:59:35","slug":"thridja-mosebok-10-kafli","status":"publish","type":"page","link":"https:\/\/biblian.is\/videy\/thridja-mosebok-10-kafli\/","title":{"rendered":"\u00deri\u00f0ja M\u00f3seb\u00f3k 10. kafli"},"content":{"rendered":"<div class=\"fyrirsognVidey\">Nadab og Ab\u00edh\u00fa fyrirfarast af eldi fr\u00e1 Drottni.<\/div>\n<p><a name=\"1\"><span class=\"versanumer\">1<\/span><\/a>En synir Arons, Nadab og Ab\u00edh\u00fa, t\u00f3ku hv\u00f6r sitt gl\u00f3\u00f0arker og l\u00e9tu \u00fear \u00ed eld og \u00fear ofan \u00e1 reykelsi. \u00deeir b\u00e1ru fyrir Drottin annarlegan eld, \u00fevert \u00e1 m\u00f3ti \u00fev\u00ed, sem Drottinn haf\u00f0i \u00feeim bo\u00f0i\u00f0.<a name=\"2\"><span class=\"versanumer\">2<\/span><\/a>En \u00fe\u00e1 \u00fatf\u00f3r eldur fr\u00e1 augliti Drottins og eyddi \u00feeim, svo \u00feeir d\u00f3u fyrir augliti Drottins.<a name=\"3\"><span class=\"versanumer\">3<\/span><\/a>\u00de\u00e1 segir M\u00f3ses til Arons, \u00feetta hefir Drottinn tala\u00f0: eg vil haldinn vera heilagur af \u00feeim sem n\u00e1l\u00e6gja sig til m\u00edn. En Aron m\u00e6lti ekki or\u00f0 fr\u00e1 munni.<a name=\"4\"><span class=\"versanumer\">4<\/span><\/a>M\u00f3ses kalla\u00f0i \u00fe\u00e1 \u00e1 Mikael og Elsason, syni \u00dass\u00edels f\u00f6\u00f0urbr\u00f3\u00f0ur Arons, og sag\u00f0i til \u00feeirra: komi\u00f0 og beri\u00f0 burt \u00far helgid\u00f3minum fr\u00e6ndur ykkar \u00fat fyrir herb\u00fa\u00f0irnar.<a name=\"5\"><span class=\"versanumer\">5<\/span><\/a>\u00deeir komu og b\u00e1ru \u00fe\u00e1 burt, \u00edkl\u00e6dda \u00feeirra serkjum, \u00fat fyrir herb\u00fa\u00f0irnar.<a name=\"6\"><span class=\"versanumer\">6<\/span><\/a>S\u00ed\u00f0an segir M\u00f3ses til Arons og sona hans Eleasar og \u00cdthamar: \u00fe\u00e9r skulu\u00f0 ekki hafa bert h\u00f6fu\u00f0 y\u00f0ar e\u00f0ur r\u00edfa \u00ed sundur kl\u00e6\u00f0i y\u00f0ar, svo a\u00f0 \u00fe\u00e9r ekki deyi\u00f0, og Drottinn rei\u00f0ist ekki \u00f6llum s\u00f6fnu\u00f0inum, en br\u00e6\u00f0ur y\u00f0ar, allur \u00cdsraelsl\u00fd\u00f0ur, m\u00e1 gr\u00e1ta yfir \u00feeim eldi sem Drottinn hefir kveikt.<a name=\"7\"><span class=\"versanumer\">7<\/span><\/a>Ekki skulu\u00f0 \u00fe\u00e9r fara \u00fat fyrir dyr samkundutjaldb\u00fa\u00f0arinnar til \u00feess \u00fe\u00e9r ekki deyi\u00f0, \u00fear e\u00f0 smurningarvi\u00f0smj\u00f6r Drottins er \u00e1 y\u00f0ar h\u00f6f\u00f0um. \u00deeir hl\u00fdddu bo\u00f0um M\u00f3ses.<a name=\"8\"><span class=\"versanumer\">8<\/span><\/a>En til Arons tala\u00f0i hann \u00feessum or\u00f0um:<a name=\"9\"><span class=\"versanumer\">9<\/span><\/a>\u00de\u00fa skalt hv\u00f6rki n\u00e9 synir \u00fe\u00ednir drekka v\u00edn n\u00e9 \u00e1fengan drykk, \u00feegar \u00fe\u00e9r gangi\u00f0 inn \u00ed samkundutjaldb\u00fa\u00f0ina, svo a\u00f0 \u00fe\u00e9r ekki deyi\u00f0. \u00deetta er \u00f3raskanlegt l\u00f6gm\u00e1l fyrir y\u00f0ar \u00e6tt;<a name=\"10\"><span class=\"versanumer\">10<\/span><\/a>svo a\u00f0 \u00fe\u00e9r gj\u00f6ri\u00f0 greinarmun \u00e1 \u00fev\u00ed sem er heilagt og vanheilagt, \u00fev\u00ed sem er hreint og \u00f3hreint,<a name=\"11\"><span class=\"versanumer\">11<\/span><\/a>og geti\u00f0 fr\u00e6tt \u00cdsraelsb\u00f6rn um \u00f6ll \u00feau l\u00f6g er Drottinn hefir \u00feeim sett fyrir me\u00f0alg\u00f6ngu M\u00f3ses. <br \/><a name=\"12\"><span class=\"versanumer\">12<\/span><\/a>\u00dear \u00e1 eftir segir M\u00f3ses til Arons og til Eleasar og \u00cdtamars, sona hans, sem eftir v\u00f3ru: taki\u00f0 \u00fe\u00e1 matf\u00f3rn sem eftir er af eldf\u00f3rn Drottins og eti\u00f0 hana \u00e1n s\u00fardeigs hj\u00e1 altarinu, \u00fev\u00ed h\u00fan er h\u00e1heil\u00f6g,<a name=\"13\"><span class=\"versanumer\">13<\/span><\/a>\u00fe\u00e9r skulu\u00f0 eta hana \u00e1 helgum sta\u00f0, \u00fev\u00ed \u00feetta er skerfur \u00feinn og sona \u00feinna af eldf\u00f3rnum Drottins. Svo er m\u00e9r bo\u00f0i\u00f0.<a name=\"14\"><span class=\"versanumer\">14<\/span><\/a>En veifingarbringuna og upplyftingarb\u00f3ginn skulu\u00f0 \u00fe\u00e9r eta \u00e1 hreinum sta\u00f0, \u00fe\u00fa og synir \u00fe\u00ednir og d\u00e6tur me\u00f0 \u00fe\u00e9r, \u00fev\u00ed \u00fea\u00f0 er skerfur gefinn \u00fe\u00e9r og ni\u00f0jum \u00fe\u00ednum af \u00feakkl\u00e6tisf\u00f3rnum \u00cdsraelsbarna.<a name=\"15\"><span class=\"versanumer\">15<\/span><\/a>Upplyftingarb\u00f3ginn og veifingarbringuna skulu\u00f0 \u00fe\u00e9r \u00e1samt feiti eldf\u00f3rnarinnar frambera svo \u00fev\u00ed s\u00e9 veifa\u00f0 sem veifingarf\u00f3rn fyrir augliti Drottins, en \u00fear \u00e1 eftir skal \u00fea\u00f0 tilheyra \u00fe\u00e9r og sonum \u00fe\u00ednum me\u00f0 \u00fe\u00e9r, og vera y\u00f0ar \u00e6vinlegur skerfur; eins og Drottinn hefir bo\u00f0i\u00f0. <br \/><a name=\"16\"><span class=\"versanumer\">16<\/span><\/a>En sem M\u00f3ses haf\u00f0i vandlega leita\u00f0 a\u00f0 syndaf\u00f3rnarhafrinum, var hann uppbrenndur, \u00fe\u00e1 reiddist hann Eleasar og \u00cdthamar, sonum Arons sem eftir voru, og sag\u00f0i til \u00feeirra:<a name=\"17\"><span class=\"versanumer\">17<\/span><\/a>Hvar fyrir \u00e1tu\u00f0 \u00fe\u00e9r ekki syndaf\u00f3rnina \u00e1 helgum sta\u00f0? h\u00fan er h\u00e1heil\u00f6g, og Drottinn hefir gefi\u00f0 y\u00f0ur hana til \u00feess \u00fe\u00e9r skuli\u00f0 burttaka safna\u00f0arins misgj\u00f6r\u00f0 og gj\u00f6ra forl\u00edkum fyrir hann fyrir Drottni.<a name=\"18\"><span class=\"versanumer\">18<\/span><\/a>Sj\u00e1! bl\u00f3\u00f0 \u00feessarar f\u00f3rnar er ekki komi\u00f0 inn \u00ed helgid\u00f3minn; \u00fe\u00e9r \u00e1ttu\u00f0 \u00fe\u00f3 a\u00f0 bor\u00f0a hana \u00ed helgid\u00f3minum, eins og eg bau\u00f0 y\u00f0ur.<a name=\"19\"><span class=\"versanumer\">19<\/span><\/a>Aron svarar: sj\u00e1! \u00ed dag hafa menn frambori\u00f0 s\u00ednar syndaf\u00f3rnir og brennif\u00f3rnir fyrir auglit Drottins, en mig hefir sl\u00edkt hent. Hef\u00f0i eg n\u00fa \u00ed dag eti\u00f0 syndaf\u00f3rnina, mundi Drottni hafa \u00fe\u00f3knast \u00fea\u00f0?<a name=\"20\"><span class=\"versanumer\">20<\/span><\/a>\u00deegar M\u00f3ses heyr\u00f0i \u00feetta, l\u00e9t hann s\u00e9r \u00fea\u00f0 lynda.<\/p>\n<div class=\"footnoteVidey\">V. 6. A\u00f0 \u00fer\u00edfa af s\u00e9r h\u00f6fu\u00f0fati\u00f0 og r\u00edfa rifu ofan \u00ed kyrtil sinn var sorgarmerki hj\u00e1 Gy\u00f0ingum. Eftir kap. 21,10.12. m\u00e1ttu prestar\u2014a\u00f0 minnsta kosti ekki \u00e6\u00f0sti presturinn\u2014nein \u00fev\u00edl\u00edk sorgarmerki s\u00fdna, svo sem Gu\u00f0i helga\u00f0ir menn.  V. 14. \u00e1 hreinum sta\u00f0, \u00fe. e. sem ekki var \u00f3hreinn or\u00f0inn t.d. af l\u00edki e\u00f0a \u00f6\u00f0ru sem gj\u00f6r\u00f0i \u00f3hreinan (sj\u00e1 kap. 11,10. ff), m\u00e1tti \u00fev\u00ed bor\u00f0ast \u00ed heimah\u00fasum prestanna, \u00feurfti ekki a\u00f0 bor\u00f0ast \u00e1 helgum sta\u00f0, \u00fe. e. innan musterisins v\u00e9banda.  V. 19. Aron, sem var innvortis syrgjandi, \u00fe\u00f3 hann \u00fatvortis m\u00e6tti ekki s\u00fdna \u00fea\u00f0, afsaka\u00f0i sig me\u00f0 sonamissirnum, a\u00f0 hann ekki hef\u00f0i geta\u00f0 haft allan hugann \u00e1 s\u00ednum emb\u00e6ttisverkum, og M\u00f3ses t\u00f3k \u00fe\u00e1 afs\u00f6kun gilda.<\/div>\n","protected":false},"excerpt":{"rendered":"<p>Nadab og Ab\u00edh\u00fa fyrirfarast af eldi fr\u00e1 Drottni. 1En synir Arons, Nadab og Ab\u00edh\u00fa, t\u00f3ku hv\u00f6r sitt gl\u00f3\u00f0arker og l\u00e9tu \u00fear \u00ed eld og \u00fear ofan \u00e1 reykelsi. \u00deeir b\u00e1ru fyrir Drottin annarlegan eld, \u00fevert \u00e1 m\u00f3ti \u00fev\u00ed, sem Drottinn haf\u00f0i \u00feeim bo\u00f0i\u00f0.2En \u00fe\u00e1 \u00fatf\u00f3r eldur fr\u00e1 augliti Drottins og eyddi \u00feeim, svo \u00feeir d\u00f3u fyrir augliti Drottins.3\u00de\u00e1 segir M\u00f3ses til Arons, \u00feetta hefir Drottinn tala\u00f0: eg vil haldinn vera heilagur af \u00feeim sem n\u00e1l\u00e6gja sig til m\u00edn. En Aron m\u00e6lti ekki or\u00f0 fr\u00e1 munni.4M\u00f3ses kalla\u00f0i \u00fe\u00e1 \u00e1 Mikael og Elsason, syni \u00dass\u00edels f\u00f6\u00f0urbr\u00f3\u00f0ur Arons, og sag\u00f0i til \u00feeirra: komi\u00f0 <a href=\"https:\/\/biblian.is\/videy\/thridja-mosebok-10-kafli\/\"> [&#8230;]<\/a><\/p>\n","protected":false},"author":1,"featured_media":0,"parent":0,"menu_order":0,"comment_status":"open","ping_status":"open","template":"bibliukaflar.php","meta":{"footnotes":""},"class_list":["post-20949","page","type-page","status-publish","hentry"],"_links":{"self":[{"href":"https:\/\/biblian.is\/videy\/wp-json\/wp\/v2\/pages\/20949","targetHints":{"allow":["GET"]}}],"collection":[{"href":"https:\/\/biblian.is\/videy\/wp-json\/wp\/v2\/pages"}],"about":[{"href":"https:\/\/biblian.is\/videy\/wp-json\/wp\/v2\/types\/page"}],"author":[{"embeddable":true,"href":"https:\/\/biblian.is\/videy\/wp-json\/wp\/v2\/users\/1"}],"replies":[{"embeddable":true,"href":"https:\/\/biblian.is\/videy\/wp-json\/wp\/v2\/comments?post=20949"}],"version-history":[{"count":0,"href":"https:\/\/biblian.is\/videy\/wp-json\/wp\/v2\/pages\/20949\/revisions"}],"wp:attachment":[{"href":"https:\/\/biblian.is\/videy\/wp-json\/wp\/v2\/media?parent=20949"}],"curies":[{"name":"wp","href":"https:\/\/api.w.org\/{rel}","templated":true}]}}