{"id":20947,"date":"2018-01-02T00:59:35","date_gmt":"2018-01-02T00:59:35","guid":{"rendered":"http:\/\/biblian.is\/videy\/thridja-mosebok-8-kafli\/"},"modified":"2018-01-02T00:59:35","modified_gmt":"2018-01-02T00:59:35","slug":"thridja-mosebok-8-kafli","status":"publish","type":"page","link":"https:\/\/biblian.is\/videy\/thridja-mosebok-8-kafli\/","title":{"rendered":"\u00deri\u00f0ja M\u00f3seb\u00f3k 8. kafli"},"content":{"rendered":"<div class=\"fyrirsognVidey\">Um v\u00edgslu prestanna og helgid\u00f3msins.<\/div>\n<p><a name=\"1\"><span class=\"versanumer\">1<\/span><\/a>Eftir \u00feetta tala\u00f0i Drottinn vi\u00f0 M\u00f3ses og sag\u00f0i:<a name=\"2\"><span class=\"versanumer\">2<\/span><\/a>Tak Aron og sonu hans me\u00f0 honum, kl\u00e6\u00f0in og v\u00edgsluvi\u00f0smj\u00f6ri\u00f0, syndaf\u00f3rnaruxann, b\u00e1\u00f0a hr\u00fatana og k\u00f6rfuna me\u00f0 \u00f3s\u00fdr\u00f0u brau\u00f0unum,<a name=\"3\"><span class=\"versanumer\">3<\/span><\/a>og samansafna\u00f0u \u00f6llum s\u00f6fnu\u00f0inum a\u00f0 dyrum samkundutjaldb\u00fa\u00f0arinnar.<a name=\"4\"><span class=\"versanumer\">4<\/span><\/a>M\u00f3ses gj\u00f6r\u00f0i eins og Drottinn haf\u00f0i skipa\u00f0 honum; samankalla\u00f0i s\u00f6fnu\u00f0inn a\u00f0 dyrum samkundutjaldb\u00fa\u00f0arinnar,<a name=\"5\"><span class=\"versanumer\">5<\/span><\/a>og sag\u00f0i: \u00feetta er \u00fea\u00f0 sem Drottinn hefir skipa\u00f0 m\u00e9r a\u00f0 gj\u00f6ra.<a name=\"6\"><span class=\"versanumer\">6<\/span><\/a>S\u00ed\u00f0an framleiddi M\u00f3ses Aron og sonu hans, \u00fevo\u00f0i \u00fe\u00e1 \u00ed vatni og<a name=\"7\"><span class=\"versanumer\">7<\/span><\/a>f\u00e6r\u00f0i hann \u00ed serkinn, girti hann beltinu og f\u00e6r\u00f0i hann \u00ed h\u00f6kulkyrtilinn, lag\u00f0i yfir hann h\u00f6kulinn og girti hann \u00feeim r\u00f3sum ofna h\u00f6kullinda, og skr\u00fdddi hann \u00feannig.<a name=\"8\"><span class=\"versanumer\">8<\/span><\/a>\u00dear \u00e1 festi hann brj\u00f3stskj\u00f6ldinn, og l\u00e9t \u00ed hann \u201elj\u00f3si\u00f0 og sannleikann\u201c;<a name=\"9\"><span class=\"versanumer\">9<\/span><\/a>vaf\u00f0i ennisd\u00faknum um h\u00f6fu\u00f0 hans, og setti gullsp\u00f6ngina, \u00fea\u00f0 helga merki, framan \u00e1, allt eins og Drottinn haf\u00f0i bo\u00f0i\u00f0 honum.<a name=\"10\"><span class=\"versanumer\">10<\/span><\/a>S\u00ed\u00f0an t\u00f3k M\u00f3ses v\u00edgsluvi\u00f0smj\u00f6ri\u00f0 og smur\u00f0i me\u00f0 \u00fev\u00ed tjaldb\u00fa\u00f0ina og allt \u00fea\u00f0 sem \u00ed henni var, og v\u00edg\u00f0i \u00fea\u00f0 allt,<a name=\"11\"><span class=\"versanumer\">11<\/span><\/a>og st\u00f6kkti af \u00fev\u00ed sj\u00f6 sinnum \u00e1 altari\u00f0, og smur\u00f0i altari\u00f0 og \u00f6ll \u00feess verkf\u00e6ri, \u00fevottakeri\u00f0 og st\u00e9tt \u00feess, til a\u00f0 helga \u00fea\u00f0.<a name=\"12\"><span class=\"versanumer\">12<\/span><\/a>S\u00f6mulei\u00f0is hellti hann v\u00edgsluvi\u00f0smj\u00f6rinu yfir h\u00f6fu\u00f0 Arons og smur\u00f0i hann, svo a\u00f0 hann helga\u00f0i hann.<a name=\"13\"><span class=\"versanumer\">13<\/span><\/a>\u00dear eftir framleiddi M\u00f3ses syni Arons, f\u00e6r\u00f0i \u00fe\u00e1 \u00ed serkina og girti \u00fe\u00e1 beltum, og batt \u00e1 \u00fe\u00e1 h\u00f6fu\u00f0d\u00fakana, eins og Drottinn haf\u00f0i bo\u00f0i\u00f0 honum.<a name=\"14\"><span class=\"versanumer\">14<\/span><\/a>A\u00f0 \u00feessu b\u00fanu framleiddi hann uxann, sem til syndaf\u00f3rnar var \u00e6tla\u00f0ur og Aron og synir hans l\u00f6g\u00f0u hendur s\u00ednar \u00e1 h\u00f6fu\u00f0 syndaf\u00f3rnaruxans;<a name=\"15\"><span class=\"versanumer\">15<\/span><\/a>en M\u00f3ses sl\u00e1tra\u00f0i honum, t\u00f3k bl\u00f3\u00f0i\u00f0 og rj\u00f3\u00f0a\u00f0i \u00fev\u00ed me\u00f0 fingri s\u00ednum \u00e1 horn altarisins allt \u00ed kring, og hreinsa\u00f0i \u00fear me\u00f0 altari\u00f0 fr\u00e1 synd, en \u00fev\u00ed sem eftir var af bl\u00f3\u00f0inu hellti hann vi\u00f0 f\u00f3t altarisins, og helga\u00f0i altari\u00f0, svo a\u00f0 forl\u00edkun m\u00e6tti gj\u00f6ra \u00e1 \u00fev\u00ed.<a name=\"16\"><span class=\"versanumer\">16<\/span><\/a>S\u00ed\u00f0an t\u00f3k M\u00f3ses m\u00f6rinn sem innyflin eru vafin \u00ed, st\u00e6rra lifrarbla\u00f0i\u00f0, b\u00e6\u00f0i n\u00fdrun og n\u00fdrm\u00f6rinn, og upptendra\u00f0i \u00fea\u00f0 \u00e1 altarinu;<a name=\"17\"><span class=\"versanumer\">17<\/span><\/a>en uxann sj\u00e1lfan, b\u00e6\u00f0i skinn hans, kj\u00f6ti\u00f0 og saurinn, brenndi M\u00f3ses \u00ed eldi fyrir utan herb\u00fa\u00f0irnar, eins og Drottinn haf\u00f0i bo\u00f0i\u00f0 honum.<a name=\"18\"><span class=\"versanumer\">18<\/span><\/a>\u00dear \u00e1 eftir framleiddi M\u00f3ses brennif\u00f3rnarhr\u00fatinn, og Aron og synir hans l\u00f6g\u00f0u hendur s\u00ednar \u00e1 h\u00f6fu\u00f0 hans;<a name=\"19\"><span class=\"versanumer\">19<\/span><\/a>M\u00f3ses sl\u00e1tra\u00f0i honum og st\u00f6kkti bl\u00f3\u00f0inu allt \u00ed kring \u00e1 altari\u00f0,<a name=\"20\"><span class=\"versanumer\">20<\/span><\/a>hluta\u00f0i \u00fear eftir hr\u00fatinn sundur \u00ed parta og gj\u00f6r\u00f0i upptendran af h\u00f6f\u00f0inu, stykkjunum og m\u00f6rnum;<a name=\"21\"><span class=\"versanumer\">21<\/span><\/a>en innyflin og f\u00e6turnar \u00fevo\u00f0i hann \u00ed vatni og brenndi s\u00ed\u00f0an allan hr\u00fatinn sem upptendran \u00e1 altarinu, brennif\u00f3rn til s\u00e6tleiksilms, eldf\u00f3rn Drottni til d\u00fdr\u00f0ar, eins og Drottinn haf\u00f0i bo\u00f0i\u00f0 M\u00f3ses.<a name=\"22\"><span class=\"versanumer\">22<\/span><\/a>A\u00f0 \u00feessu b\u00fanu framleiddi M\u00f3ses hinn hr\u00fatinn, nefnilega v\u00edgsluhr\u00fatinn, og \u00fe\u00e1 Aron og synir hans h\u00f6f\u00f0u lagt hendur \u00e1 h\u00f6fu\u00f0 hans,<a name=\"23\"><span class=\"versanumer\">23<\/span><\/a>sl\u00e1tra\u00f0i hann honum, t\u00f3k nokku\u00f0 af bl\u00f3\u00f0inu, og rj\u00f3\u00f0a\u00f0i \u00fear me\u00f0 Arons h\u00e6gra eyrnasnepil, \u00feumalfingurinn \u00e1 hans h\u00e6gri hendi og \u00feumalt\u00e1na \u00e1 hans h\u00e6gra f\u00e6ti.<a name=\"24\"><span class=\"versanumer\">24<\/span><\/a>\u00dear \u00e1 eftir framleiddi M\u00f3ses syni Arons og rj\u00f3\u00f0a\u00f0i bl\u00f3\u00f0inu \u00e1 h\u00e6gra eyrnasnepil \u00feeirra og \u00feumalfingur \u00feeirra og \u00feumalt\u00e6r h\u00e6gramegin, en \u00fev\u00ed sem eftir var af bl\u00f3\u00f0inu st\u00f6kkti hann allt \u00ed kring \u00e1 altari\u00f0.<a name=\"25\"><span class=\"versanumer\">25<\/span><\/a>S\u00ed\u00f0an t\u00f3k hann fituna, nefnilega: r\u00f3funa, m\u00f6rinn sem innyflin eru vafin \u00ed, st\u00e6rra lifrarbla\u00f0i\u00f0, b\u00e6\u00f0i n\u00fdrun og n\u00fdrm\u00f6rinn og h\u00e6gra b\u00f3ginn;<a name=\"26\"><span class=\"versanumer\">26<\/span><\/a>s\u00f6mulei\u00f0is t\u00f3k hann \u00far k\u00f6rfu hinna \u00f3s\u00fdr\u00f0u brau\u00f0anna, sem st\u00f3\u00f0 fyrir augliti Drottins, eina \u00f3s\u00fdr\u00f0a k\u00f6ku, og eina vi\u00f0smj\u00f6rsbrau\u00f0k\u00f6ku og einn leif og lag\u00f0i \u00fea\u00f0 ofan \u00e1 feitina og h\u00e6gra b\u00f3ginn, og<a name=\"27\"><span class=\"versanumer\">27<\/span><\/a>og lag\u00f0i \u00fea\u00f0 allt \u00ed l\u00f3fa Arons og sona hans, og veifa\u00f0i \u00fev\u00ed sem veifingarf\u00f3rn fyrir Drottni.<a name=\"28\"><span class=\"versanumer\">28<\/span><\/a>S\u00ed\u00f0an t\u00f3k M\u00f3ses vi\u00f0 \u00fev\u00ed aftur \u00far h\u00f6ndum \u00feeirra og upptendra\u00f0i \u00fea\u00f0 \u00e1 altarinu \u00e1samt me\u00f0 brennif\u00f3rninni. \u00deetta var v\u00edgsluf\u00f3rn til s\u00e6tleiksilms, eldf\u00f3rn fyrir Drottin.<a name=\"29\"><span class=\"versanumer\">29<\/span><\/a>\u00dear eftir t\u00f3k M\u00f3ses bringuna, veifa\u00f0i henni sem veifingarf\u00f3rn fyrir Drottni. Af v\u00edgsluhr\u00fatnum f\u00e9kk M\u00f3ses hana \u00ed sinn hluta, \u00fev\u00ed svo haf\u00f0i Drottinn bo\u00f0i\u00f0 honum.<a name=\"30\"><span class=\"versanumer\">30<\/span><\/a>\u00dear n\u00e6st t\u00f3k M\u00f3ses nokku\u00f0 af smurningarvi\u00f0smj\u00f6rinu og bl\u00f3\u00f0inu sem var \u00e1 altarinu og st\u00f6kkti \u00fev\u00ed \u00e1 Aron og kl\u00e6\u00f0i hans, s\u00f6mulei\u00f0is \u00e1 syni hans og \u00feeirra kl\u00e6\u00f0i, og helga\u00f0i \u00feannig Aron og hans kl\u00e6\u00f0i og syni hans og \u00feeirra kl\u00e6\u00f0i.<br \/><a name=\"31\"><span class=\"versanumer\">31<\/span><\/a>\u00dear eftir sag\u00f0i M\u00f3ses til Aron og sona hans: matrei\u00f0i\u00f0 \u00fe\u00e9r kj\u00f6ti\u00f0 fyrir utan dyr samkundutjaldb\u00fa\u00f0arinnar og eti\u00f0 \u00fea\u00f0 \u00fear, me\u00f0 \u00fev\u00ed brau\u00f0i sem er \u00ed v\u00edgsluf\u00f3rnak\u00f6rfunni; eins og eg bau\u00f0, \u00feegar eg sag\u00f0i: Aron og synir hans skulu \u00fea\u00f0 eta;<a name=\"32\"><span class=\"versanumer\">32<\/span><\/a>en \u00fea\u00f0 sem eftir ver\u00f0ur af kj\u00f6tinu og brau\u00f0inu skulu\u00f0 \u00fe\u00e9r brenna \u00ed eldi.<a name=\"33\"><span class=\"versanumer\">33<\/span><\/a>\u00cd sj\u00f6 daga skulu\u00f0 \u00fe\u00e9r ekki ganga \u00fat \u00far dyrum samkundutjaldb\u00fa\u00f0arinnar, ekki fyrr en y\u00f0ar v\u00edgsludagar eru \u00e1 enda, \u00fev\u00ed \u00ed sj\u00f6 daga munu menn fylla y\u00f0ar hendur <span class='VideyAth'>(me\u00f0 f\u00f3rnum)<\/span>.<a name=\"34\"><span class=\"versanumer\">34<\/span><\/a>En eins og menn gj\u00f6rt hafa \u00e1 \u00feessum degi, \u00fev\u00ed sama hefir Drottinn bo\u00f0i\u00f0 a\u00f0 menn skuli fara fram <span class='VideyAth'>(\u00e1 hinum)<\/span>, y\u00f0ur til forl\u00edkunar.<a name=\"35\"><span class=\"versanumer\">35<\/span><\/a>\u00cd sj\u00f6 daga skulu\u00f0 \u00fe\u00e9r halda kyrru fyrir hj\u00e1 dyrum samkundutjaldb\u00fa\u00f0arinnar, b\u00e6\u00f0i dag og n\u00f3tt, og halda v\u00f6r\u00f0 hj\u00e1 Drottni, svo \u00fe\u00e9r deyi\u00f0 ei, \u00fev\u00ed svo er m\u00e9r bo\u00f0i\u00f0.<a name=\"36\"><span class=\"versanumer\">36<\/span><\/a>Og Aron og synir hans gj\u00f6r\u00f0u \u00fea\u00f0 allt, sem Drottinn haf\u00f0i l\u00e1ti\u00f0 M\u00f3ses bj\u00f3\u00f0a \u00feeim.<\/p>\n<div class=\"footnoteVidey\">V. 5. \u00dea\u00f0 var \u00fea\u00f0 sem Drottinn skipa\u00f0i M\u00f3ses: A\u00f0 skr\u00fd\u00f0a prestana og v\u00edgja \u00fe\u00e1 og musteri\u00f0. Um allt \u00feetta sbr. 2 M\u00f3s. kap. 28da til 30ta.  V. 10. Vegna \u00feess musteri\u00f0 og allt \u00fea\u00f0 sem \u00ed \u00fev\u00ed var st\u00f3\u00f0 \u00e1 me\u00f0al syndugra manna (4 M\u00f3s. 2,2) var\u00f0 \u00fea\u00f0 a\u00f0 hreinsast af \u00fev\u00ed syndak\u00e1mi sem vi\u00f0 \u00fea\u00f0 loddi \u00e1\u00f0ur en nokkur Gu\u00f0s d\u00fdrkun \u00fear framf\u00f3r, \u00fear fyrir v\u00edgt. S\u00f6mulei\u00f0is brennif\u00f3rnaraltari\u00f0 (sj\u00e1 2 M\u00f3s. 27,1. ff.) sem st\u00f3\u00f0 fyrir framan samkundutjaldb\u00fa\u00f0ardyrnar, \u00e1\u00f0ur en nokkur f\u00f3rn m\u00e1tti \u00fear \u00e1 leggjast.  V. 33. \u00dear e\u00f0 prestarnir m\u00e1ttu hv\u00f6rki sitja n\u00e9 sofa \u00ed samkundutjaldb\u00fa\u00f0inni sj\u00e1lfri en enginn m\u00e1 missa hv\u00edld og svefn \u00ed heila viku \u00fe\u00e1 er \u00fea\u00f0 au\u00f0skili\u00f0 a\u00f0 h\u00e9r er meint: a\u00f0 prestarnir m\u00e1ttu ekki v\u00edgsluvikuna ganga \u00fat fyrir forgar\u00f0a samkundutjaldb\u00fa\u00f0arinnar (sbr. 2 M\u00f3s. 27,9. ff.) sem reiknast me\u00f0 samkundutjaldb\u00fa\u00f0inni. \u00deannig er oft sagt \u00ed N. t. A\u00f0 Kristur hafi kennt \u00ed musterinu, \u00fe. e. forg\u00f6r\u00f0um \u00feess, \u00fev\u00ed engir m\u00e1ttu inn \u00ed musteri\u00f0 koma nema prestarnir.<\/div>\n","protected":false},"excerpt":{"rendered":"<p>Um v\u00edgslu prestanna og helgid\u00f3msins. 1Eftir \u00feetta tala\u00f0i Drottinn vi\u00f0 M\u00f3ses og sag\u00f0i:2Tak Aron og sonu hans me\u00f0 honum, kl\u00e6\u00f0in og v\u00edgsluvi\u00f0smj\u00f6ri\u00f0, syndaf\u00f3rnaruxann, b\u00e1\u00f0a hr\u00fatana og k\u00f6rfuna me\u00f0 \u00f3s\u00fdr\u00f0u brau\u00f0unum,3og samansafna\u00f0u \u00f6llum s\u00f6fnu\u00f0inum a\u00f0 dyrum samkundutjaldb\u00fa\u00f0arinnar.4M\u00f3ses gj\u00f6r\u00f0i eins og Drottinn haf\u00f0i skipa\u00f0 honum; samankalla\u00f0i s\u00f6fnu\u00f0inn a\u00f0 dyrum samkundutjaldb\u00fa\u00f0arinnar,5og sag\u00f0i: \u00feetta er \u00fea\u00f0 sem Drottinn hefir skipa\u00f0 m\u00e9r a\u00f0 gj\u00f6ra.6S\u00ed\u00f0an framleiddi M\u00f3ses Aron og sonu hans, \u00fevo\u00f0i \u00fe\u00e1 \u00ed vatni og7f\u00e6r\u00f0i hann \u00ed serkinn, girti hann beltinu og f\u00e6r\u00f0i hann \u00ed h\u00f6kulkyrtilinn, lag\u00f0i yfir hann h\u00f6kulinn og girti hann \u00feeim r\u00f3sum ofna h\u00f6kullinda, og skr\u00fdddi hann \u00feannig.8\u00dear \u00e1 festi hann brj\u00f3stskj\u00f6ldinn, <a href=\"https:\/\/biblian.is\/videy\/thridja-mosebok-8-kafli\/\"> [&#8230;]<\/a><\/p>\n","protected":false},"author":1,"featured_media":0,"parent":0,"menu_order":0,"comment_status":"open","ping_status":"open","template":"bibliukaflar.php","meta":{"footnotes":""},"class_list":["post-20947","page","type-page","status-publish","hentry"],"_links":{"self":[{"href":"https:\/\/biblian.is\/videy\/wp-json\/wp\/v2\/pages\/20947","targetHints":{"allow":["GET"]}}],"collection":[{"href":"https:\/\/biblian.is\/videy\/wp-json\/wp\/v2\/pages"}],"about":[{"href":"https:\/\/biblian.is\/videy\/wp-json\/wp\/v2\/types\/page"}],"author":[{"embeddable":true,"href":"https:\/\/biblian.is\/videy\/wp-json\/wp\/v2\/users\/1"}],"replies":[{"embeddable":true,"href":"https:\/\/biblian.is\/videy\/wp-json\/wp\/v2\/comments?post=20947"}],"version-history":[{"count":0,"href":"https:\/\/biblian.is\/videy\/wp-json\/wp\/v2\/pages\/20947\/revisions"}],"wp:attachment":[{"href":"https:\/\/biblian.is\/videy\/wp-json\/wp\/v2\/media?parent=20947"}],"curies":[{"name":"wp","href":"https:\/\/api.w.org\/{rel}","templated":true}]}}