{"id":20946,"date":"2018-01-02T00:59:35","date_gmt":"2018-01-02T00:59:35","guid":{"rendered":"http:\/\/biblian.is\/videy\/thridja-mosebok-7-kafli\/"},"modified":"2018-01-02T00:59:35","modified_gmt":"2018-01-02T00:59:35","slug":"thridja-mosebok-7-kafli","status":"publish","type":"page","link":"https:\/\/biblian.is\/videy\/thridja-mosebok-7-kafli\/","title":{"rendered":"\u00deri\u00f0ja M\u00f3seb\u00f3k 7. kafli"},"content":{"rendered":"<div class=\"fyrirsognVidey\">N\u00e1kv\u00e6mari reglugj\u00f6r\u00f0ir um \u00fdmsar f\u00f3rnir.<\/div>\n<p><a name=\"1\"><span class=\"versanumer\">1<\/span><\/a>\u00deannig hlj\u00f3mar l\u00f6gm\u00e1li\u00f0 um sektaf\u00f3rnina, og er h\u00fan h\u00e1heil\u00f6g: <br \/><a name=\"2\"><span class=\"versanumer\">2<\/span><\/a>\u00c1 sama sta\u00f0 sem menn sl\u00e1tra brennif\u00f3rnum eiga sektaf\u00f3rnir a\u00f0 sl\u00e1trast og bl\u00f3\u00f0inu \u00e1 a\u00f0 st\u00f6kkva allt \u00ed kring \u00e1 altari\u00f0.<a name=\"3\"><span class=\"versanumer\">3<\/span><\/a>Alla feitina af \u00feeim \u00e1 hann a\u00f0 frambera, nefnilega r\u00f3funa og m\u00f6rinn sem innyflin eru vafin \u00ed,<a name=\"4\"><span class=\"versanumer\">4<\/span><\/a>b\u00e6\u00f0i n\u00fdrun, og n\u00fdrm\u00f6rinn allan sem er \u00ed grennd vi\u00f0 ristilinn og st\u00e6rra lifrarbla\u00f0i\u00f0 er snei\u00f0ist burt me\u00f0 n\u00fdrunum.<a name=\"5\"><span class=\"versanumer\">5<\/span><\/a>\u00cd \u00feessu skal presturinn kveikja \u00e1 altarinu, sem eldf\u00f3rn fyrir Drottin; \u00feetta er sektaf\u00f3rn.<a name=\"6\"><span class=\"versanumer\">6<\/span><\/a>S\u00e9rhv\u00f6r karlkyns af prestunum m\u00e1 eta \u00fear af; \u00e1 helgum sta\u00f0 \u00e1 \u00fea\u00f0 a\u00f0 etast, \u00fev\u00ed f\u00f3rnin er h\u00e1heil\u00f6g. <br \/><a name=\"7\"><span class=\"versanumer\">7<\/span><\/a>Um syndaf\u00f3rnir gildir sama l\u00f6gm\u00e1l sem sektaf\u00f3rnir; hv\u00f6rutveggja tilheyrir prestinum, sem forl\u00edkar me\u00f0 \u00feeim,<a name=\"8\"><span class=\"versanumer\">8<\/span><\/a>og \u00feeim presti, sem framber nokkurs manns brennif\u00f3rn, honum skal tilheyra skinni\u00f0 af \u00feeirri brennif\u00f3rn sem hann frambar.<a name=\"9\"><span class=\"versanumer\">9<\/span><\/a>S\u00f6mulei\u00f0is skal s\u00e9rhv\u00f6r matf\u00f3rn, hv\u00f6rt heldur h\u00fan er b\u00f6ku\u00f0 \u00ed ofni, ellegar tilb\u00fain \u00ed potti e\u00f0a p\u00f6nnu vera prestsins sem frambar hana;<a name=\"10\"><span class=\"versanumer\">10<\/span><\/a>en s\u00e9rhv\u00f6r <span class='VideyAth'>(\u00f6nnur)<\/span> matf\u00f3rn, hv\u00f6rt heldur h\u00fan er \u00e1dreif\u00f0 vi\u00f0smj\u00f6ri e\u00f0a \u00feurr, skal tilheyra \u00f6llum sonum Arons, einum ekki framar en \u00f6\u00f0rum. <br \/><a name=\"11\"><span class=\"versanumer\">11<\/span><\/a>En \u00feannig hlj\u00f3\u00f0ar l\u00f6gm\u00e1li\u00f0 um \u00feakkl\u00e6tisf\u00f3rnir er menn f\u00e6ra kunna Drottni:<a name=\"12\"><span class=\"versanumer\">12<\/span><\/a>Ef menn vilja til lofgj\u00f6r\u00f0ar frambera f\u00f3rn, \u00fe\u00e1 skulu menn \u00e1samt lofgj\u00f6r\u00f0arf\u00f3rninni frambera \u00f3s\u00fdr\u00f0ar k\u00f6kur d\u00f6ggva\u00f0ar vi\u00f0smj\u00f6ri og \u00f3s\u00fdr\u00f0a leifa smur\u00f0a me\u00f0 vi\u00f0smj\u00f6ri og hveitimj\u00f6lsk\u00f6kur baka\u00f0ar \u00e1 rist d\u00f6ggva\u00f0ar vi\u00f0smj\u00f6ri.<a name=\"13\"><span class=\"versanumer\">13<\/span><\/a>\u00c1samt me\u00f0 k\u00f6kunum skal hann frambera sem f\u00f3rnarg\u00e1fu s\u00fdrt brau\u00f0, er fylgja skal lofgj\u00f6r\u00f0arf\u00f3rn hans.<a name=\"14\"><span class=\"versanumer\">14<\/span><\/a>Hann skal frambera af allri g\u00e1funni eina k\u00f6ku til upplyftingar fyrir Drottni; en hitt skal vera prestsins sem st\u00f6kkt hefir \u00feakkl\u00e6tisf\u00f3rnarbl\u00f3\u00f0inu;<a name=\"15\"><span class=\"versanumer\">15<\/span><\/a>en kj\u00f6t hans lofgj\u00f6r\u00f0ar- og \u00feakkl\u00e6tisf\u00f3rnar skal etast \u00e1 \u00feeim sama degi, sem hann kom me\u00f0 g\u00e1funa og m\u00e1 ekkert af \u00fev\u00ed geyma til morguns.<a name=\"16\"><span class=\"versanumer\">16<\/span><\/a>En ef f\u00f3rnarg\u00e1fa hans er heitgj\u00f6f, e\u00f0a fr\u00edviljug g\u00e1fa, \u00fe\u00e1 skal h\u00fan etast sama dag sem komi\u00f0 var me\u00f0 hana, \u00fe\u00f3 m\u00e1 \u00fea\u00f0 sem leifist etast daginn eftir;<a name=\"17\"><span class=\"versanumer\">17<\/span><\/a>en \u00fea\u00f0 sem \u00fe\u00e1 ver\u00f0ur eftir af f\u00f3rnarkj\u00f6tinu skal brennast \u00ed eldi \u00e1 \u00feri\u00f0ja degi.<a name=\"18\"><span class=\"versanumer\">18<\/span><\/a>En ef \u00e1 \u00feri\u00f0ja degi er eti\u00f0 af kj\u00f6ti \u00feakkl\u00e6tisf\u00f3rnarinnar, \u00fe\u00e1 mun s\u00e1 sem frambar hana ekki \u00fe\u00f3knast Drottni, h\u00fan mun ekki tilreiknast honum, h\u00fan ver\u00f0ur illa luktandi, og hv\u00f6r s\u00e1 sem etur \u00fear af, ber s\u00edna misgj\u00f6r\u00f0.<a name=\"19\"><span class=\"versanumer\">19<\/span><\/a>Kj\u00f6t sem snertir nokku\u00f0 \u00f3hreint, m\u00e1 ekki etast, heldur \u00e1 a\u00f0 brennast \u00ed eldi; annars m\u00e1 s\u00e9rhv\u00f6r sem hreinn er eta kj\u00f6ti\u00f0.<a name=\"20\"><span class=\"versanumer\">20<\/span><\/a>En hv\u00f6r s\u00e1 sem etur af \u00feakkl\u00e6tisf\u00f3rnakj\u00f6ti \u00fev\u00ed, sem Drottni tilheyrir, \u00e1 me\u00f0an hann er \u00f3hreinn, hann skal uppr\u00e6tast fr\u00e1 s\u00ednu f\u00f3lki;<a name=\"21\"><span class=\"versanumer\">21<\/span><\/a>og hv\u00f6r sem snertir nokku\u00f0 \u00f3hreint, hv\u00f6rt heldur \u00fea\u00f0 er \u00f3hreinn ma\u00f0ur, e\u00f0a \u00f3hrein skepna, e\u00f0a hv\u00f6r helst vi\u00f0urstygg\u00f0 sem \u00fea\u00f0 er, og samt etur af \u00feakkl\u00e6tisf\u00f3rnarkj\u00f6ti \u00fev\u00ed, sem Drottni tilheyrir, hann skal uppr\u00e6tast fr\u00e1 s\u00ednu f\u00f3lki.<br \/><a name=\"22\"><span class=\"versanumer\">22<\/span><\/a>Ennframar tala\u00f0i Drottinn vi\u00f0 M\u00f3ses og sag\u00f0i:<a name=\"23\"><span class=\"versanumer\">23<\/span><\/a>Seg \u00fe\u00fa \u00cdsraelsb\u00f6rnum: Enga feiti nauta, sau\u00f0a n\u00e9 geita megi\u00f0 \u00fe\u00e9r eta.<a name=\"24\"><span class=\"versanumer\">24<\/span><\/a>En feiti af hr\u00e6jum og af \u00fev\u00ed sem af villid\u00fdrum er sundurrifi\u00f0, m\u00e1 br\u00faka til alls sem me\u00f0 \u00fearf, en ekki skulu\u00f0 \u00fe\u00e9r hana eta.<a name=\"25\"><span class=\"versanumer\">25<\/span><\/a>Ef nokkur etur feiti af f\u00e9na\u00f0i er menn f\u00e6ra Drottni sem eldf\u00f3rn, s\u00e1 sem etur \u00fear af, hann skal uppr\u00e6tast fr\u00e1 s\u00ednu f\u00f3lki.<a name=\"26\"><span class=\"versanumer\">26<\/span><\/a>Ei skulu\u00f0 \u00fe\u00e9r heldur bl\u00f3\u00f0 eta, hvar helst sem y\u00f0ar b\u00fasta\u00f0ur ver\u00f0ur, hv\u00f6rki fugla n\u00e9 f\u00e9na\u00f0ar;<a name=\"27\"><span class=\"versanumer\">27<\/span><\/a>hv\u00f6r sem nokkurt bl\u00f3\u00f0 etur, hann skal uppr\u00e6tast fr\u00e1 s\u00ednu f\u00f3lki.<br \/><a name=\"28\"><span class=\"versanumer\">28<\/span><\/a>Ennframar tala\u00f0i Drottinn vi\u00f0 M\u00f3ses og sag\u00f0i:<a name=\"29\"><span class=\"versanumer\">29<\/span><\/a>Bj\u00f3\u00f0 \u00fe\u00fa \u00cdsraelsb\u00f6rnum, a\u00f0 s\u00e1 sem f\u00e6rir Drottni \u00feakkl\u00e6tisf\u00f3rn, hann skuli <span class='VideyAth'>(sj\u00e1lfur)<\/span> frambera af \u00feakkarf\u00f3rn sinni \u00fea\u00f0, sem hann gefur Drottni;<a name=\"30\"><span class=\"versanumer\">30<\/span><\/a>me\u00f0 s\u00ednum eigin h\u00f6ndum skal hann frambera eldf\u00f3rnir Drottins; feitina \u00e1 bringunni skal hann frambera \u00e1samt bringustykkinu sj\u00e1lfu, til \u00feess \u00fev\u00ed ver\u00f0i veifa\u00f0, sem veifingarf\u00f3rn fyrir Drottni.<a name=\"31\"><span class=\"versanumer\">31<\/span><\/a>Feitina skal presturinn upptendra \u00e1 altarinu, en bringustykki\u00f0 skal tilheyra Aron og hans sonum;<a name=\"32\"><span class=\"versanumer\">32<\/span><\/a>og h\u00e6gra b\u00f3ginn skulu\u00f0 \u00fe\u00e9r og svo gefa prestinum af y\u00f0ar \u00feakkl\u00e6tisf\u00f3rnum, svo sem upplyftingarf\u00f3rn.<a name=\"33\"><span class=\"versanumer\">33<\/span><\/a>H\u00e6gri b\u00f3gurinn <span class='VideyAth'>*)<\/span> skal vera hluti \u00feess af sonum Arons sem framber bl\u00f3\u00f0i\u00f0 og fituna af \u00feakkl\u00e6tisf\u00f3rninni;<a name=\"34\"><span class=\"versanumer\">34<\/span><\/a>\u00fev\u00ed af \u00cdsraelsbarna \u00feakkl\u00e6tisf\u00f3rnum tek eg vi\u00f0 bringustykkinu svo sem veifingarf\u00f3rn og h\u00e6gri b\u00f3gnum svo sem upplyftingarf\u00f3rn; og gef \u00fea\u00f0 prestinum Aron og hans sonum svo sem st\u00f6\u00f0uga tekju af \u00cdsraelsb\u00f6rnum.<a name=\"35\"><span class=\"versanumer\">35<\/span><\/a>\u00deetta er skerfur Arons og skerfur sona hans af eldf\u00f3rnum Drottins fr\u00e1 \u00feeim degi hann framleiddi \u00fe\u00e1 til a\u00f0 gegna prestsverkum frammi fyrir Drottni;<a name=\"36\"><span class=\"versanumer\">36<\/span><\/a>hv\u00f6r skerfur Drottinn skipa\u00f0i a\u00f0 skyldi gefast \u00feeim, og skyldi \u00fea\u00f0 vera eil\u00edf reglugj\u00f6r\u00f0 fyrir eftirkomandi \u00e6ttir. <br \/><a name=\"37\"><span class=\"versanumer\">37<\/span><\/a>\u00deetta eru \u00feau l\u00f6gm\u00e1l um brennif\u00f3rnir, matf\u00f3rnir, synda- og sektaf\u00f3rnir, um v\u00edgslu- og \u00feakkl\u00e6tisf\u00f3rnir,<a name=\"38\"><span class=\"versanumer\">38<\/span><\/a>sem Drottinn gaf M\u00f3ses \u00e1 fjallinu S\u00edna\u00ed, \u00fe\u00e1 hann bau\u00f0 \u00cdsraelsb\u00f6rnum a\u00f0 f\u00e6ra Drottni g\u00e1fur s\u00ednar \u00ed S\u00edna\u00edey\u00f0im\u00f6rku.<\/p>\n<div class=\"footnoteVidey\">V. 11. \u00deakkl\u00e6tisf\u00f3rn er s\u00fa f\u00f3rn er framberst sem \u00feakkl\u00e6tismerki fyrir af Gu\u00f0i \u00fe\u00e1\u00f0a velgj\u00f6rninga.  V. 13. \u00dea\u00f0 m\u00e1tti s\u00fdrt vera sem \u00ed f\u00f3rnarveislu br\u00faka\u00f0ist en ekkert s\u00fart m\u00e1tti vera \u00ed \u00fev\u00ed sem \u00e1 altari\u00f0 var l\u00e1ti\u00f0.  V. 18. Illa luktandi gagnst\u00e6tt: til s\u00e6tleiksilms, \u00fe.er vel\u00fe\u00f3knanlegt.  V. 19. Kj\u00f6t sem snertir \u00f3hreint, nefnil. eftir a\u00f0 b\u00fai\u00f0 er a\u00f0 f\u00e6ra \u00fea\u00f0 til altarisins.  V. 20. Uppr\u00e6tast fr\u00e1 s\u00ednu f\u00f3lki, \u00fe. e. anna\u00f0hv\u00f6rt: vera dr\u00e6pur kap. 17,4, ellegar \u00fatl\u00e6gur, l\u00edklegast hi\u00f0 fyrrtalda.  V. 21. Vi\u00f0urstygg\u00f0 k\u00f6llu\u00f0ust afgu\u00f0ir og sk\u00fargo\u00f0 og allt sem \u00feessara d\u00fdrkun vi\u00f0kom.  V. 30. Upplyftingarf\u00f3rn og veifingarf\u00f3rn kalla\u00f0ist allt \u00fea\u00f0 sem \u00e1 loft var hafi\u00f0 e\u00f0a veifa\u00f0 af f\u00f3rnum fyrir dyrum tjaldb\u00fa\u00f0arinnar e\u00f0a leitt til og fr\u00e1, svo sem til a\u00f0 s\u00fdna \u00fea\u00f0 Drottni.  V. 33. *) A\u00f0r. l\u00e6ri.<\/div>\n","protected":false},"excerpt":{"rendered":"<p>N\u00e1kv\u00e6mari reglugj\u00f6r\u00f0ir um \u00fdmsar f\u00f3rnir. 1\u00deannig hlj\u00f3mar l\u00f6gm\u00e1li\u00f0 um sektaf\u00f3rnina, og er h\u00fan h\u00e1heil\u00f6g: 2\u00c1 sama sta\u00f0 sem menn sl\u00e1tra brennif\u00f3rnum eiga sektaf\u00f3rnir a\u00f0 sl\u00e1trast og bl\u00f3\u00f0inu \u00e1 a\u00f0 st\u00f6kkva allt \u00ed kring \u00e1 altari\u00f0.3Alla feitina af \u00feeim \u00e1 hann a\u00f0 frambera, nefnilega r\u00f3funa og m\u00f6rinn sem innyflin eru vafin \u00ed,4b\u00e6\u00f0i n\u00fdrun, og n\u00fdrm\u00f6rinn allan sem er \u00ed grennd vi\u00f0 ristilinn og st\u00e6rra lifrarbla\u00f0i\u00f0 er snei\u00f0ist burt me\u00f0 n\u00fdrunum.5\u00cd \u00feessu skal presturinn kveikja \u00e1 altarinu, sem eldf\u00f3rn fyrir Drottin; \u00feetta er sektaf\u00f3rn.6S\u00e9rhv\u00f6r karlkyns af prestunum m\u00e1 eta \u00fear af; \u00e1 helgum sta\u00f0 \u00e1 \u00fea\u00f0 a\u00f0 etast, \u00fev\u00ed f\u00f3rnin er h\u00e1heil\u00f6g. <a href=\"https:\/\/biblian.is\/videy\/thridja-mosebok-7-kafli\/\"> [&#8230;]<\/a><\/p>\n","protected":false},"author":1,"featured_media":0,"parent":0,"menu_order":0,"comment_status":"open","ping_status":"open","template":"bibliukaflar.php","meta":{"footnotes":""},"class_list":["post-20946","page","type-page","status-publish","hentry"],"_links":{"self":[{"href":"https:\/\/biblian.is\/videy\/wp-json\/wp\/v2\/pages\/20946","targetHints":{"allow":["GET"]}}],"collection":[{"href":"https:\/\/biblian.is\/videy\/wp-json\/wp\/v2\/pages"}],"about":[{"href":"https:\/\/biblian.is\/videy\/wp-json\/wp\/v2\/types\/page"}],"author":[{"embeddable":true,"href":"https:\/\/biblian.is\/videy\/wp-json\/wp\/v2\/users\/1"}],"replies":[{"embeddable":true,"href":"https:\/\/biblian.is\/videy\/wp-json\/wp\/v2\/comments?post=20946"}],"version-history":[{"count":0,"href":"https:\/\/biblian.is\/videy\/wp-json\/wp\/v2\/pages\/20946\/revisions"}],"wp:attachment":[{"href":"https:\/\/biblian.is\/videy\/wp-json\/wp\/v2\/media?parent=20946"}],"curies":[{"name":"wp","href":"https:\/\/api.w.org\/{rel}","templated":true}]}}