{"id":20945,"date":"2018-01-02T00:59:35","date_gmt":"2018-01-02T00:59:35","guid":{"rendered":"http:\/\/biblian.is\/videy\/thridja-mosebok-6-kafli\/"},"modified":"2018-01-02T00:59:35","modified_gmt":"2018-01-02T00:59:35","slug":"thridja-mosebok-6-kafli","status":"publish","type":"page","link":"https:\/\/biblian.is\/videy\/thridja-mosebok-6-kafli\/","title":{"rendered":"\u00deri\u00f0ja M\u00f3seb\u00f3k 6. kafli"},"content":{"rendered":"<div class=\"fyrirsognVidey\">Um \u00fe\u00e6r daglegu brennif\u00f3rnir og eldinn \u00e1 altarinu er aldrei m\u00e1tti slokkna. Matf\u00f3rnir prestanna. Forl\u00edkunarf\u00f3rnir er etast mega af prestunum.<\/div>\n<p><a name=\"1\"><span class=\"versanumer\">1<\/span><\/a>Ennframar tala\u00f0i Drottinn vi\u00f0 M\u00f3ses og sag\u00f0i:<a name=\"2\"><span class=\"versanumer\">2<\/span><\/a>Gef \u00fe\u00fa Aron og sonum hans \u00feetta l\u00f6gm\u00e1l um brennif\u00f3rnir: Brennif\u00f3rnin skal vera alla n\u00f3ttina til birtingar yfir eldi \u00feeim sem \u00e1 altarinu brennur, er skal haldast lifandi \u00e1 \u00fev\u00ed.<a name=\"3\"><span class=\"versanumer\">3<\/span><\/a>Presturinn skal \u00fe\u00e1 f\u00e6ra sig \u00ed s\u00edn l\u00ednkl\u00e6\u00f0i og draga s\u00ednar l\u00ednbr\u00e6kur \u00e1 sig til a\u00f0 hylja s\u00edna blyg\u00f0an; s\u00ed\u00f0an skal hann upptaka \u00f6skuna, sem er eftir brennif\u00f3rnina er eldurinn hefir eytt \u00e1 altarinu, og steypa henni ni\u00f0ur vi\u00f0 hli\u00f0 altarisins.<a name=\"4\"><span class=\"versanumer\">4<\/span><\/a>\u00dear eftir skal hann afkl\u00e6\u00f0ast \u00feessum kl\u00e6\u00f0um og \u00edkl\u00e6\u00f0ast \u00f6\u00f0rum og bera \u00f6skuna \u00fat fyrir herb\u00fa\u00f0irnar \u00e1 hreinan sta\u00f0.<a name=\"5\"><span class=\"versanumer\">5<\/span><\/a>En eldurinn skal \u00e1 altarinu brenna og aldrei sl\u00f6kkna, og presturinn skal \u00e1rla \u00e1 s\u00e9rhv\u00f6rs dags morgni leggja vi\u00f0 a\u00f0 eldinum og ra\u00f0a brennif\u00f3rninni ofan \u00e1 vi\u00f0inn og \u00fear yfir upptendra feiti \u00feakkl\u00e6tisf\u00f3rnanna.<a name=\"6\"><span class=\"versanumer\">6<\/span><\/a>Eldurinn skal s\u00edfellt brenna \u00e1 altarinu, og aldrei sl\u00f6kkna. <br \/><a name=\"7\"><span class=\"versanumer\">7<\/span><\/a>En \u00feannig hlj\u00f3\u00f0ar l\u00f6gm\u00e1li\u00f0 um matf\u00f3rnir: synir Arons skulu bera \u00fea\u00f0 fram fyrir auglit Drottins fyrir altari\u00f0,<a name=\"8\"><span class=\"versanumer\">8<\/span><\/a>og einn \u00feeirra skal taka knefa fullan af hveitimj\u00f6li og vi\u00f0smj\u00f6ri matf\u00f3rnarinnar, og allt reykelsi\u00f0, sem fylgir henni, og upptendra \u00e1 altarinu Drottni til s\u00e6tleiksilms, til minningarf\u00f3rnar fyrir Drottin;<a name=\"9\"><span class=\"versanumer\">9<\/span><\/a>en \u00fea\u00f0 sem eftir er af matf\u00f3rninni skal Aron og synir hans eta. \u00d3s\u00fdrt skal \u00fea\u00f0 etast \u00e1 helgum sta\u00f0; \u00ed forgar\u00f0i samkundutjaldb\u00fa\u00f0arinnar skulu \u00feeir eta \u00fea\u00f0;<a name=\"10\"><span class=\"versanumer\">10<\/span><\/a>\u00fea\u00f0 m\u00e1 ekki bakast me\u00f0 s\u00fardeigi; \u00fea\u00f0 er \u00feeirra hluti sem eg gef \u00feeim af \u00fev\u00ed, er brennast \u00e1tti \u00ed m\u00ednum eldi; \u00fea\u00f0 er h\u00e1heilagt, eins heilagt og syndaf\u00f3rnir og sektaf\u00f3rnir.<a name=\"11\"><span class=\"versanumer\">11<\/span><\/a>Allt karlkyns af Aronssonum m\u00e1 eta \u00fear af; \u00fea\u00f0 er s\u00e1 hluti af Drottins f\u00f3rnum, sem eil\u00edflega er \u00e1nafna\u00f0ur y\u00f0ar \u00e6tt; en s\u00e1 ver\u00f0ur a\u00f0 vera v\u00edg\u00f0ur sem snertir hann.<br \/><a name=\"12\"><span class=\"versanumer\">12<\/span><\/a>Ennframar tala\u00f0i Drottinn til M\u00f3ses og sag\u00f0i:<a name=\"13\"><span class=\"versanumer\">13<\/span><\/a>S\u00fa f\u00f3rnarg\u00e1fa sem Aron og hans synir skulu bera Drottni \u00e1 v\u00edgsludeginum, er: t\u00edundi partur efa af hveitimj\u00f6li, helmingurinn skal framberast \u00e1rla morguns, en hinn helmingurinn a\u00f0 kv\u00f6ldi dags. \u00deetta skal vera <span class='VideyAth'>(\u00feeirra)<\/span> st\u00f6\u00f0uga f\u00f3rnarg\u00e1fa.<a name=\"14\"><span class=\"versanumer\">14<\/span><\/a>H\u00fan skal matrei\u00f0ast, eltast og sn\u00faast \u00ed vi\u00f0smj\u00f6ri \u00e1 steikarap\u00f6nnu og \u00feannig baka\u00f0a \u00ed molum skaltu framkoma me\u00f0 \u00fe\u00edna matf\u00f3rn, f\u00e6ra hana Drottni til s\u00e6tleiksilms.<a name=\"15\"><span class=\"versanumer\">15<\/span><\/a>S\u00e1 af sonum Arons sem v\u00edg\u00f0ur ver\u00f0ur til prests \u00ed hans sta\u00f0, skal tilb\u00faa hana. \u00dea\u00f0 er \u00e6gildandi reglugj\u00f6r\u00f0 Drottins a\u00f0 h\u00fan \u00f6llsaman brennist.<a name=\"16\"><span class=\"versanumer\">16<\/span><\/a>S\u00e9rhv\u00f6rs prests matf\u00f3rn skal \u00feannig me\u00f0farast; h\u00fan m\u00e1 ekki etast. <br \/><a name=\"17\"><span class=\"versanumer\">17<\/span><\/a>Ennframar sag\u00f0i Drottinn til M\u00f3ses:<a name=\"18\"><span class=\"versanumer\">18<\/span><\/a>\u00deetta bo\u00f0or\u00f0 skaltu gefa Aron og sonum hans um syndaf\u00f3rnina: a\u00f0 \u00e1 \u00e1 \u00feeim sta\u00f0 sem brennif\u00f3rnin sl\u00e1trast skuli og syndaf\u00f3rnin sl\u00e1trast fyrir augliti Drottins, og er h\u00fan h\u00e1heil\u00f6g f\u00f3rn.<a name=\"19\"><span class=\"versanumer\">19<\/span><\/a>Presturinn sem framber syndaf\u00f3rnina skal eta hana; \u00e1 h\u00e1helgum sta\u00f0 \u00e1 h\u00fan a\u00f0 etast, \u00ed forgar\u00f0i samkundutjaldb\u00fa\u00f0arinnar;<a name=\"20\"><span class=\"versanumer\">20<\/span><\/a>og hv\u00f6r s\u00e1 sem snertir kj\u00f6t hennar \u00e1 a\u00f0 vera v\u00edg\u00f0ur. En ef nokku\u00f0 af bl\u00f3\u00f0i syndaf\u00f3rnarinnar sp\u00fdtist \u00e1 kl\u00e6\u00f0i hans, \u00fe\u00e1 skal hann \u00fevo \u00fea\u00f0 burt \u00e1 helgum sta\u00f0;<a name=\"21\"><span class=\"versanumer\">21<\/span><\/a>en leirkeri\u00f0 sem h\u00fan hefir veri\u00f0 so\u00f0in \u00ed, skal brj\u00f3tast, en ef h\u00fan hefur veri\u00f0 so\u00f0in \u00ed koparpotti, skal potturinn f\u00e6gjast og s\u00ed\u00f0an \u00fevost \u00ed vatni.<a name=\"22\"><span class=\"versanumer\">22<\/span><\/a>S\u00e9rhv\u00f6rt karlkyns af presta\u00e6tt m\u00e1 eta \u00fear af, \u00fe\u00f3 \u00fea\u00f0 s\u00e9 kj\u00f6t h\u00e1heilagt.<a name=\"23\"><span class=\"versanumer\">23<\/span><\/a>En engi syndaf\u00f3rn, af hverrar bl\u00f3\u00f0i nokku\u00f0 er innbori\u00f0 \u00ed samkundutjaldb\u00fa\u00f0ina til forl\u00edkunar \u00ed helgid\u00f3minum, m\u00e1 etast, heldur \u00e1 a\u00f0 uppbrennast \u00ed eldi.<\/p>\n<div class=\"footnoteVidey\">V. 9. Eta \u00fe. e. \u00fea\u00f0 skal vera prestanna tekja \u00feeim til uppeldis; a\u00f0rir en prestarnir m\u00e1ttu ekki snerta \u00fea\u00f0, \u00fev\u00ed s\u00ed\u00f0ur eta. Sj\u00e1 sk\u00fdr. vi\u00f0 k. 2. v. 10.  V. 19. Eftir a\u00f0 musteri\u00f0 var byggt af Salom\u00f3ni k\u00f3ngi v\u00f3ru \u00feessar veislur haldnar \u00ed s\u00f6lum er bygg\u00f0ir v\u00f3ru \u00ed musterisins forgar\u00f0i.<\/div>\n","protected":false},"excerpt":{"rendered":"<p>Um \u00fe\u00e6r daglegu brennif\u00f3rnir og eldinn \u00e1 altarinu er aldrei m\u00e1tti slokkna. Matf\u00f3rnir prestanna. Forl\u00edkunarf\u00f3rnir er etast mega af prestunum. 1Ennframar tala\u00f0i Drottinn vi\u00f0 M\u00f3ses og sag\u00f0i:2Gef \u00fe\u00fa Aron og sonum hans \u00feetta l\u00f6gm\u00e1l um brennif\u00f3rnir: Brennif\u00f3rnin skal vera alla n\u00f3ttina til birtingar yfir eldi \u00feeim sem \u00e1 altarinu brennur, er skal haldast lifandi \u00e1 \u00fev\u00ed.3Presturinn skal \u00fe\u00e1 f\u00e6ra sig \u00ed s\u00edn l\u00ednkl\u00e6\u00f0i og draga s\u00ednar l\u00ednbr\u00e6kur \u00e1 sig til a\u00f0 hylja s\u00edna blyg\u00f0an; s\u00ed\u00f0an skal hann upptaka \u00f6skuna, sem er eftir brennif\u00f3rnina er eldurinn hefir eytt \u00e1 altarinu, og steypa henni ni\u00f0ur vi\u00f0 hli\u00f0 altarisins.4\u00dear eftir skal hann afkl\u00e6\u00f0ast <a href=\"https:\/\/biblian.is\/videy\/thridja-mosebok-6-kafli\/\"> [&#8230;]<\/a><\/p>\n","protected":false},"author":1,"featured_media":0,"parent":0,"menu_order":0,"comment_status":"open","ping_status":"open","template":"bibliukaflar.php","meta":{"footnotes":""},"class_list":["post-20945","page","type-page","status-publish","hentry"],"_links":{"self":[{"href":"https:\/\/biblian.is\/videy\/wp-json\/wp\/v2\/pages\/20945","targetHints":{"allow":["GET"]}}],"collection":[{"href":"https:\/\/biblian.is\/videy\/wp-json\/wp\/v2\/pages"}],"about":[{"href":"https:\/\/biblian.is\/videy\/wp-json\/wp\/v2\/types\/page"}],"author":[{"embeddable":true,"href":"https:\/\/biblian.is\/videy\/wp-json\/wp\/v2\/users\/1"}],"replies":[{"embeddable":true,"href":"https:\/\/biblian.is\/videy\/wp-json\/wp\/v2\/comments?post=20945"}],"version-history":[{"count":0,"href":"https:\/\/biblian.is\/videy\/wp-json\/wp\/v2\/pages\/20945\/revisions"}],"wp:attachment":[{"href":"https:\/\/biblian.is\/videy\/wp-json\/wp\/v2\/media?parent=20945"}],"curies":[{"name":"wp","href":"https:\/\/api.w.org\/{rel}","templated":true}]}}