{"id":20944,"date":"2018-01-02T00:59:35","date_gmt":"2018-01-02T00:59:35","guid":{"rendered":"http:\/\/biblian.is\/videy\/thridja-mosebok-5-kafli\/"},"modified":"2018-01-02T00:59:35","modified_gmt":"2018-01-02T00:59:35","slug":"thridja-mosebok-5-kafli","status":"publish","type":"page","link":"https:\/\/biblian.is\/videy\/thridja-mosebok-5-kafli\/","title":{"rendered":"\u00deri\u00f0ja M\u00f3seb\u00f3k 5. kafli"},"content":{"rendered":"<div class=\"fyrirsognVidey\">Um sektaf\u00f3rnir<\/div>\n<p><a name=\"1\"><span class=\"versanumer\">1<\/span><\/a>Syndgi nokkur \u00ed \u00fev\u00ed, a\u00f0 \u00fe\u00f3 hann heyrt hafi \u00fea\u00f0 sem form\u00e6ling er vi\u00f0 l\u00f6g\u00f0, og hann er vitni, hann samt ekki vill opinbera \u00fea\u00f0, sem hann hefir s\u00e9\u00f0 e\u00f0a veit, \u00fe\u00e1 skal hann \u00fear fyrir bera s\u00edna misgj\u00f6r\u00f0;<a name=\"2\"><span class=\"versanumer\">2<\/span><\/a>ellegar ef nokkur snertir einhv\u00f6rn \u00f3hreinan hlut, e\u00f0a hr\u00e6 \u00f3hreins sk\u00f3gard\u00fdrs e\u00f0a hr\u00e6 \u00f3hreins f\u00e9na\u00f0ar e\u00f0a skri\u00f0kvikindis, \u00fe\u00f3 \u00fea\u00f0 s\u00e9 honum huli\u00f0, \u00fe\u00e1 er hann or\u00f0inn \u00f3hreinn og sekur;<a name=\"3\"><span class=\"versanumer\">3<\/span><\/a>e\u00f0a ef hann snertir \u00f3hreinan mann, hverrar tegundar sem \u00f3hreinleikinn er, sem menn ver\u00f0a \u00f3hreinir af, \u00fe\u00e1, \u00feegar hann kemst a\u00f0 \u00fev\u00ed, \u00fe\u00e1 er hann or\u00f0inn sekur;<a name=\"4\"><span class=\"versanumer\">4<\/span><\/a>e\u00f0a l\u00e1ti nokkur \u00ed br\u00e1\u00f0r\u00e6\u00f0i falla s\u00e9r ei\u00f0 af munni <span class='VideyAth'>(eins og m\u00f6rgum er tamt a\u00f0 \u00feeir flapra \u00fat ei\u00f0um)<\/span> hv\u00f6rt heldur hann mi\u00f0ar til ills e\u00f0a g\u00f3\u00f0s, og \u00fea\u00f0 var honum \u00f3vitanlegt, en f\u00e6r \u00fea\u00f0 s\u00ed\u00f0an a\u00f0 vita, \u00fe\u00e1 er hann or\u00f0inn sekur;\u2014<a name=\"5\"><span class=\"versanumer\">5<\/span><\/a>ver\u00f0i nokkur sekur fyrir eitthva\u00f0 \u00feessh\u00e1ttar, \u00fe\u00e1 skal hann vi\u00f0urkenna a\u00f0 hann hafi syndga\u00f0 \u00fear me\u00f0,<a name=\"6\"><span class=\"versanumer\">6<\/span><\/a>og fyrir \u00fe\u00e1 synd, sem hann hefir dr\u00fdgt, skal hann framkoma me\u00f0 sektarf\u00f3rn fyrir Drottin; h\u00fan skal vera kvenkyns af sm\u00e1f\u00e9na\u00f0i, gimbur e\u00f0a geit til syndaforl\u00edkunar, og skal presturinn \u00fear me\u00f0 afpl\u00e1na hans synd.<a name=\"7\"><span class=\"versanumer\">7<\/span><\/a>En ef hann \u00e1 ekki fyrir kind, \u00fe\u00e1 skal hann til sektarf\u00f3rnar fyrir \u00fe\u00e1 synd, sem hann hefir dr\u00fdgt, koma fram fyrir Drottin me\u00f0 tv\u00e6r turtild\u00fafur e\u00f0a tvo d\u00fafuunga, annan til syndaf\u00f3rnar en hinn til brennif\u00f3rnar.<a name=\"8\"><span class=\"versanumer\">8<\/span><\/a>Hann skal f\u00e1 fuglana prestinum, sem fyrst framberi \u00feann er til syndaf\u00f3rnar er \u00e6tla\u00f0ur, sn\u00fai hann \u00far h\u00e1lsli\u00f0num en sl\u00edti \u00fe\u00f3 ekki h\u00f6fu\u00f0i\u00f0 fr\u00e1 b\u00faknum;<a name=\"9\"><span class=\"versanumer\">9<\/span><\/a>st\u00f6kkvi nokkru af bl\u00f3\u00f0i syndaf\u00f3rnarinnar \u00e1 hli\u00f0 altarisins, en \u00fea\u00f0 sem eftir er af \u00fev\u00ed, kreisti hann \u00fat og l\u00e1ti drj\u00fapa ni\u00f0ur hj\u00e1 altarinu. \u00deetta er syndaf\u00f3rn.<a name=\"10\"><span class=\"versanumer\">10<\/span><\/a>En hann skal fara me\u00f0 hinn fuglinn sem brennif\u00f3rn <span class='VideyAth'>(1,14. fylg.)<\/span>, og \u00feannig forl\u00edka fyrir synd \u00feess, sem hefir misbroti\u00f0 og h\u00fan ver\u00f0i honum fyrirgefin.<a name=\"11\"><span class=\"versanumer\">11<\/span><\/a>En ef \u00feessi ekki \u00e1 fyrir 2 turtild\u00fafum e\u00f0a d\u00fafuungum, \u00fe\u00e1 skal hann samt, vegna \u00feess a\u00f0 hann hefir syndga\u00f0, frambera sem g\u00e1fu til syndaafpl\u00e1nunar t\u00edunda part af efa af hveitimj\u00f6li en hv\u00f6rki b\u00e6ta \u00fear vi\u00f0 vi\u00f0smj\u00f6ri n\u00e9 reykelsi; \u00fev\u00ed \u00fea\u00f0 er syndaf\u00f3rn.<a name=\"12\"><span class=\"versanumer\">12<\/span><\/a>Hann skal f\u00e6ra mj\u00f6li\u00f0 prestinum, sem taka skal af \u00fev\u00ed knefa sinn fullan til minningarf\u00f3rnar og gj\u00f6ra \u00fear af upptendran \u00e1 altarinu \u00ed eldi Drottins. \u00deetta er r\u00e9tt syndaf\u00f3rn:<a name=\"13\"><span class=\"versanumer\">13<\/span><\/a>Og presturinn skal \u00feannig forl\u00edka fyrir \u00fe\u00e1 synd, sem hann einhv\u00f6rnveginn \u00feannig hefir dr\u00fdgt, a\u00f0 h\u00fan ver\u00f0i honum fyrirgefin. En \u00fea\u00f0 sem eftir er tilheyrir prestinum svo sem \u00f6nnur matf\u00f3rn.<br \/><a name=\"14\"><span class=\"versanumer\">14<\/span><\/a>Ennframar sag\u00f0i Drottinn til M\u00f3ses:<a name=\"15\"><span class=\"versanumer\">15<\/span><\/a>Ef nokkur st\u00f3rlega misbr\u00fdtur og syndgar af vang\u00e6slu gegn helgid\u00f3mi Drottins, hann skal f\u00e6ra Drottni \u00ed sektaf\u00f3rn l\u00fdtalausan hr\u00fat, tekinn af hj\u00f6r\u00f0inni, eins margra silfursikla vir\u00f0i, eftir helgid\u00f3mssiklagildi, eins og \u00fe\u00fa metur \u00ed sektina,<a name=\"16\"><span class=\"versanumer\">16<\/span><\/a>og \u00fea\u00f0 sem hann hefir dregi\u00f0 undir sig af helgum hlutum, skal hann a\u00f0 fullu b\u00e6ta, og gjalda einn fimmta part a\u00f0 auk. \u00deetta skal hann f\u00e6ra prestinum, og hann skal afpl\u00e1na syndasekt hans me\u00f0 hr\u00fatnum, a\u00f0 h\u00fan ver\u00f0i honum fyrirgefin.<br \/><a name=\"17\"><span class=\"versanumer\">17<\/span><\/a>Ef nokkur misbr\u00fdtur og gj\u00f6rir eitthva\u00f0 \u00fea\u00f0, sem banna\u00f0 er \u00ed einhv\u00f6rju Drottins bo\u00f0or\u00f0i og veit ekki af \u00fev\u00ed a\u00f0 hann ver\u00f0ur <span class='VideyAth'>(\u00fear vi\u00f0)<\/span> sekur, og \u00feannig ber s\u00edna misgj\u00f6r\u00f0,<a name=\"18\"><span class=\"versanumer\">18<\/span><\/a>\u00fe\u00e1 skal hann taka l\u00fdtalausan hr\u00fat af hj\u00f6r\u00f0inni, sem \u00fe\u00fa ver\u00f0leggur, og f\u00e6ra hann prestinum til sektaf\u00f3rnar, og presturinn skal afpl\u00e1na yfirsj\u00f3n \u00fe\u00e1, er hann \u00ed vanvisku gj\u00f6r\u00f0i sig sekan \u00ed, og h\u00fan mun \u00fe\u00e1 ver\u00f0a honum fyrirgefin.<a name=\"19\"><span class=\"versanumer\">19<\/span><\/a>\u00deetta er sektaf\u00f3rn; <span class='VideyAth'>(\u00fev\u00ed)<\/span> hann var fallinn \u00ed fulla sekt vi\u00f0 Drottin. <br \/><a name=\"20\"><span class=\"versanumer\">20<\/span><\/a>Ennframar sag\u00f0i Drottinn vi\u00f0 M\u00f3ses:<a name=\"21\"><span class=\"versanumer\">21<\/span><\/a>Ef nokkur syndgar og st\u00f3rlega misbr\u00fdtur \u00e1 m\u00f3ti Drottni, me\u00f0 \u00fev\u00ed a\u00f0 hann vi\u00f0 sinn n\u00e1unga gengur \u00e1 m\u00f3ti \u00fev\u00ed sem honum hefir veri\u00f0 tr\u00faa\u00f0 fyrir, e\u00f0a honum hefir veri\u00f0 fengi\u00f0 til geymslu, e\u00f0a hann hefir r\u00e6nt, e\u00f0a hann \u00e1 annan h\u00e1tt hefir haft af \u00f6\u00f0rum,<a name=\"22\"><span class=\"versanumer\">22<\/span><\/a>ellegar hann hefir fundi\u00f0 \u00fea\u00f0, sem hinn haf\u00f0i misst og hefir logi\u00f0 \u00ed tilliti til \u00feess, og sta\u00f0fest me\u00f0 ei\u00f0i lygina, vi\u00f0v\u00edkjandi einhv\u00f6rju \u00feessh\u00e1ttar sem menn gj\u00f6ra og syndga sig \u00e1,<a name=\"23\"><span class=\"versanumer\">23<\/span><\/a>\u00fe\u00e1 skal s\u00e1 sem syndgar og ver\u00f0ur sekur \u00e1 \u00feenna h\u00e1tt, skila \u00fev\u00ed aftur, sem hann hefir r\u00e6nt, e\u00f0a haft af \u00f6\u00f0rum, e\u00f0a hefir haft til geymslu, og \u00fev\u00ed t\u00fdnda, sem hann hefir fundi\u00f0,<a name=\"24\"><span class=\"versanumer\">24<\/span><\/a>og \u00f6llu \u00fev\u00ed um hva\u00f0 hann hefir ranglega svari\u00f0, og hann skal b\u00e6ta \u00fea\u00f0 a\u00f0 fullu, skila aftur \u00feeim sem \u00e1tti fullu ver\u00f0i og leggja fimmta part yfir, og \u00fea\u00f0 samd\u00e6gris, sem hann framber s\u00edna sektaf\u00f3rn.<a name=\"25\"><span class=\"versanumer\">25<\/span><\/a>En s\u00fa sektaf\u00f3rn, sem hann skal f\u00e6ra Drottni er hr\u00fatur l\u00fdtalaus, tekinn af hj\u00f6r\u00f0inni, sem skal f\u00e6rast til prestsins \u00feegar \u00fe\u00fa ert b\u00fainn a\u00f0 meta hann;<a name=\"26\"><span class=\"versanumer\">26<\/span><\/a>og presturinn skal \u00fe\u00e1 forl\u00edka fyrir synd hans fyrir augliti Drottins, og \u00fe\u00e1 mun h\u00fan fyrirgefast honum, hva\u00f0 helst \u00feessa sem hann hefir frami\u00f0 s\u00e9r til sekta.<\/p>\n<div class=\"footnoteVidey\">V. 1. sbr. Sal. Or\u00f0skv. 29,24. bera misgj\u00f6r\u00f0 \u00fe. e. vera straffsekur \u00fear til hann hefir me\u00f0 sektaf\u00f3rn afpl\u00e1na\u00f0 synd s\u00edna.  V. 10. Sj\u00e1 k. 1. v. 14. ff.  V. 11. Efa, h\u00e9r um bil h\u00e1lft kvartil. 2 M\u00f3s. 16,36. Vi\u00f0smj\u00f6r og reykelsi var d\u00fdrt en mj\u00f6l \u00f3d\u00fdrt, \u00feess vegna f\u00e1t\u00e6kum h\u00e6gast a\u00f0 gjalda mj\u00f6l.  V. 12. Minningarf\u00f3rn sj\u00e1 k. 2,3 sk\u00fdr:  V. 15. Syndgar af vang\u00e6slu t.d. fors\u00f3mar a\u00f0 koma me\u00f0 frumgr\u00f3\u00f0af\u00f3rn, dregur af t\u00edund o.s.frv.  V. 25. M\u00f3ses \u00e1tti a\u00f0 meta hv\u00f6rt f\u00f3rnin v\u00e6ri \u00ed lagi, \u00e1\u00f0ur en h\u00fan til musterisins var f\u00e6r\u00f0.<\/div>\n","protected":false},"excerpt":{"rendered":"<p>Um sektaf\u00f3rnir 1Syndgi nokkur \u00ed \u00fev\u00ed, a\u00f0 \u00fe\u00f3 hann heyrt hafi \u00fea\u00f0 sem form\u00e6ling er vi\u00f0 l\u00f6g\u00f0, og hann er vitni, hann samt ekki vill opinbera \u00fea\u00f0, sem hann hefir s\u00e9\u00f0 e\u00f0a veit, \u00fe\u00e1 skal hann \u00fear fyrir bera s\u00edna misgj\u00f6r\u00f0;2ellegar ef nokkur snertir einhv\u00f6rn \u00f3hreinan hlut, e\u00f0a hr\u00e6 \u00f3hreins sk\u00f3gard\u00fdrs e\u00f0a hr\u00e6 \u00f3hreins f\u00e9na\u00f0ar e\u00f0a skri\u00f0kvikindis, \u00fe\u00f3 \u00fea\u00f0 s\u00e9 honum huli\u00f0, \u00fe\u00e1 er hann or\u00f0inn \u00f3hreinn og sekur;3e\u00f0a ef hann snertir \u00f3hreinan mann, hverrar tegundar sem \u00f3hreinleikinn er, sem menn ver\u00f0a \u00f3hreinir af, \u00fe\u00e1, \u00feegar hann kemst a\u00f0 \u00fev\u00ed, \u00fe\u00e1 er hann or\u00f0inn sekur;4e\u00f0a l\u00e1ti nokkur \u00ed br\u00e1\u00f0r\u00e6\u00f0i falla <a href=\"https:\/\/biblian.is\/videy\/thridja-mosebok-5-kafli\/\"> [&#8230;]<\/a><\/p>\n","protected":false},"author":1,"featured_media":0,"parent":0,"menu_order":0,"comment_status":"open","ping_status":"open","template":"bibliukaflar.php","meta":{"footnotes":""},"class_list":["post-20944","page","type-page","status-publish","hentry"],"_links":{"self":[{"href":"https:\/\/biblian.is\/videy\/wp-json\/wp\/v2\/pages\/20944","targetHints":{"allow":["GET"]}}],"collection":[{"href":"https:\/\/biblian.is\/videy\/wp-json\/wp\/v2\/pages"}],"about":[{"href":"https:\/\/biblian.is\/videy\/wp-json\/wp\/v2\/types\/page"}],"author":[{"embeddable":true,"href":"https:\/\/biblian.is\/videy\/wp-json\/wp\/v2\/users\/1"}],"replies":[{"embeddable":true,"href":"https:\/\/biblian.is\/videy\/wp-json\/wp\/v2\/comments?post=20944"}],"version-history":[{"count":0,"href":"https:\/\/biblian.is\/videy\/wp-json\/wp\/v2\/pages\/20944\/revisions"}],"wp:attachment":[{"href":"https:\/\/biblian.is\/videy\/wp-json\/wp\/v2\/media?parent=20944"}],"curies":[{"name":"wp","href":"https:\/\/api.w.org\/{rel}","templated":true}]}}