{"id":20943,"date":"2018-01-02T00:59:35","date_gmt":"2018-01-02T00:59:35","guid":{"rendered":"http:\/\/biblian.is\/videy\/thridja-mosebok-4-kafli\/"},"modified":"2018-01-02T00:59:35","modified_gmt":"2018-01-02T00:59:35","slug":"thridja-mosebok-4-kafli","status":"publish","type":"page","link":"https:\/\/biblian.is\/videy\/thridja-mosebok-4-kafli\/","title":{"rendered":"\u00deri\u00f0ja M\u00f3seb\u00f3k 4. kafli"},"content":{"rendered":"<div class=\"fyrirsognVidey\">Um syndaf\u00f3rnir.<\/div>\n<p><a name=\"1\"><span class=\"versanumer\">1<\/span><\/a>Ennframar tala\u00f0i Drottinn \u00feannig til M\u00f3ses:<a name=\"2\"><span class=\"versanumer\">2<\/span><\/a>Seg \u00fe\u00fa \u00cdsraelsni\u00f0jum, a\u00f0 ef nokkur af vang\u00e6slu syndgar \u00ed gegn nokkru bo\u00f0or\u00f0i Drottins og gj\u00f6rir eitthva\u00f0, sem hann ekki m\u00e1 gj\u00f6ra.<a name=\"3\"><span class=\"versanumer\">3<\/span><\/a>Ef a\u00f0 s\u00e1 smur\u00f0i prestur syndgar f\u00f3lkinu til syndasektar, \u00fe\u00e1 skal hann vegna \u00feeirrar syndar, sem hann hefir dr\u00fdgt, framkoma fyrir Drottin me\u00f0 l\u00fdtalaust ungneyti;<a name=\"4\"><span class=\"versanumer\">4<\/span><\/a>me\u00f0 \u00feetta ungneyti skal hann koma til dyra samkundutjaldb\u00fa\u00f0arinnar, fyrir auglit Drottins, og leggja h\u00f6nd s\u00edna \u00e1 h\u00f6fu\u00f0 ungneytisins og sl\u00e1tra \u00fev\u00ed fyrir augliti Drottins,<a name=\"5\"><span class=\"versanumer\">5<\/span><\/a>og enn smur\u00f0i prestur skal taka nokku\u00f0 af bl\u00f3\u00f0i ungneytisins og fara me\u00f0 \u00fea\u00f0 til samkundutjaldb\u00fa\u00f0arinnar<a name=\"6\"><span class=\"versanumer\">6<\/span><\/a>og d\u00fdfa v\u00edsifingur s\u00ednum \u00ed bl\u00f3\u00f0i\u00f0 og st\u00f6kkva \u00fev\u00ed sj\u00f6 sinnum frammi fyrir Drottni, andsp\u00e6nis fortjaldi helgid\u00f3msins;<a name=\"7\"><span class=\"versanumer\">7<\/span><\/a>og presturinn skal rj\u00f3\u00f0a nokkru af bl\u00f3\u00f0i ungneytisins \u00e1 h\u00fana \u00feess s\u00e6tt ilmandi reykelsisaltaris, sem er frammi fyrir Drottni \u00ed samkundutjaldb\u00fa\u00f0inni, en \u00f6llu hinu bl\u00f3\u00f0i ungneytisins skal hann hella ni\u00f0ur hj\u00e1 brennif\u00f3rnaraltarinu, sem er fyrir framan samkundutjaldb\u00fa\u00f0ardyrnar;<a name=\"8\"><span class=\"versanumer\">8<\/span><\/a>\u00fear \u00e1 eftir skal hann nema burt, og upplyfta \u00f6llum m\u00f6r syndaf\u00f3rnaruxans, b\u00e6\u00f0i netjunni og \u00f6llum garnm\u00f6rnum,<a name=\"9\"><span class=\"versanumer\">9<\/span><\/a>hv\u00f6rutveggju n\u00fdrunum og n\u00fdrm\u00f6rnum \u00f6llum sem er \u00ed grennd vi\u00f0 ristilinn, og st\u00e6rra lifrarbla\u00f0inu sem afnsnei\u00f0ist me\u00f0 n\u00fdrunum,<a name=\"10\"><span class=\"versanumer\">10<\/span><\/a>allt eins og gj\u00f6rt var vi\u00f0 \u00feakkl\u00e6tisf\u00f3rnarnauti\u00f0, a\u00f0 \u00fev\u00ed b\u00fanu skal presturinn gj\u00f6ra \u00fear af upptendran \u00e1 brennif\u00f3rnaraltarinu.<a name=\"11\"><span class=\"versanumer\">11<\/span><\/a>En skinn ungneytisins og allt kj\u00f6ti\u00f0 \u00e1samt h\u00f6f\u00f0inu og f\u00f3tunum, innyflunum og saurindunum,<a name=\"12\"><span class=\"versanumer\">12<\/span><\/a>og allt anna\u00f0 af nautinu, skal hann bera \u00fat fyrir herb\u00fa\u00f0irnar, \u00e1 hreinan sta\u00f0, \u00fear sem menn plaga a\u00f0 l\u00e1ta \u00f6skuna, og uppbrenna \u00fea\u00f0 \u00e1 vi\u00f0i \u00ed eldi; ofan \u00e1 \u00f6skuhaugnum \u00e1 \u00fea\u00f0 a\u00f0 brennast.<br \/><a name=\"13\"><span class=\"versanumer\">13<\/span><\/a>En ef allur \u00cdsraelsl\u00fd\u00f0ur skyldi missj\u00e1 sig, og \u00fea\u00f0 er huli\u00f0 fyrir s\u00f6fnu\u00f0inum a\u00f0 menn hafa gj\u00f6rt eitthva\u00f0 \u00e1 m\u00f3ti Drottins bo\u00f0um og or\u00f0i\u00f0 \u00fear vi\u00f0 sekur,<a name=\"14\"><span class=\"versanumer\">14<\/span><\/a>\u00fe\u00e1 skal s\u00f6fnu\u00f0urinn, \u00feegar syndin er or\u00f0in uppv\u00eds framlei\u00f0a ungneyti til syndaf\u00f3rnar og lei\u00f0a \u00fea\u00f0 fram fyrir samkundutjaldb\u00fa\u00f0ina;<a name=\"15\"><span class=\"versanumer\">15<\/span><\/a>og \u00f6ldungar safna\u00f0arins skulu leggja hendur s\u00ednar \u00e1 h\u00f6fu\u00f0 ungneytisins frammi fyrir Drottni og sl\u00e1tra ungneytinu fyrir hans augs\u00fdn,<a name=\"16\"><span class=\"versanumer\">16<\/span><\/a>og hinn smur\u00f0i prestur skal bera nokku\u00f0 af bl\u00f3\u00f0inu inn \u00ed samkundutjaldb\u00fa\u00f0ina,<a name=\"17\"><span class=\"versanumer\">17<\/span><\/a>og d\u00fdfa v\u00edsifingri s\u00ednum \u00ed \u00feetta bl\u00f3\u00f0 og st\u00f6kkva \u00fev\u00ed sj\u00f6 sinnum fram fyrir Drottni, andsp\u00e6nis fortjaldi helgid\u00f3msins;<a name=\"18\"><span class=\"versanumer\">18<\/span><\/a>s\u00f6mulei\u00f0is skal hann rj\u00f3\u00f0a h\u00fana \u00feess altaris, sem er fyrir augliti Drottins \u00ed \u00fev\u00ed helga musterisins, en \u00f6llu \u00fev\u00ed sem eftir er af bl\u00f3\u00f0inu skal hann hella ni\u00f0ur hj\u00e1 brennif\u00f3rnaraltarinu, sem er fyrir framan samkundutjaldb\u00fa\u00f0ardyrnar;<a name=\"19\"><span class=\"versanumer\">19<\/span><\/a>en allri feitinni skal hann upplyfta og upptendra \u00e1 altarinu,<a name=\"20\"><span class=\"versanumer\">20<\/span><\/a>og a\u00f0 \u00f6llu leyti fara eins me\u00f0 \u00feetta naut, eins og fara \u00e1tti me\u00f0 hitt syndaf\u00f3rnarnauti\u00f0. \u00deannig skal presturinn forl\u00edka fyrir f\u00f3lki\u00f0, og \u00fea\u00f0 mun f\u00e1 fyrirgefningu.<a name=\"21\"><span class=\"versanumer\">21<\/span><\/a>\u00dear \u00e1 eftir skal hann bera uxann \u00fat fyrir herb\u00fa\u00f0irnar og uppbrenna hann, eins og hann uppbrenndi \u00feann fyrrumgetna uxa. \u00deetta er r\u00e9tt syndaf\u00f3rn fyrir s\u00f6fnu\u00f0inn. <br \/><a name=\"22\"><span class=\"versanumer\">22<\/span><\/a>En ef einhv\u00f6r h\u00f6f\u00f0ingi syndgar og gj\u00f6rir eitthva\u00f0, sem Gu\u00f0 Drottinn hefir \u00ed s\u00ednum l\u00f6gum banna\u00f0, og ekki \u00e1tti a\u00f0 gj\u00f6rast og af vang\u00e6slu er or\u00f0inn sekur,<a name=\"23\"><span class=\"versanumer\">23<\/span><\/a>\u00fe\u00e1 ef einhv\u00f6r minnir hann \u00e1 synd hans, sem hann hefir dr\u00fdgt, skal hann framkoma me\u00f0 g\u00e1fu, kjarnhafur, sem er \u00e1n l\u00fdta,<a name=\"24\"><span class=\"versanumer\">24<\/span><\/a>leggja s\u00edna h\u00f6nd \u00e1 h\u00f6fu\u00f0 hafursins og sl\u00e1tra honum \u00e1 \u00feeim sta\u00f0, hvar sl\u00e1trast eiga brennif\u00f3rnir fyrir augliti Drottins. \u00deetta er r\u00e9tt forl\u00edkunarf\u00f3rn.<a name=\"25\"><span class=\"versanumer\">25<\/span><\/a>S\u00ed\u00f0an skal presturinn taka nokku\u00f0 af bl\u00f3\u00f0i syndaf\u00f3rnarinnar og me\u00f0 v\u00edsifingri s\u00ednum rj\u00f3\u00f0a me\u00f0 \u00fev\u00ed h\u00fana brennif\u00f3rnaaltarisins, en hella \u00fev\u00ed sem eftir er af bl\u00f3\u00f0inu vi\u00f0 hli\u00f0 \u00feess;<a name=\"26\"><span class=\"versanumer\">26<\/span><\/a>en alla feitina skal hann upptendra \u00e1 altarinu, eins og feiti \u00feakkl\u00e6tisf\u00f3rnarinnar. \u00deannig skal presturinn afpl\u00e1na synd hans og h\u00fan mun honum fyrirgefast.<br \/><a name=\"27\"><span class=\"versanumer\">27<\/span><\/a>En ef einhv\u00f6r alm\u00fagama\u00f0ur landsins syndgar af vang\u00e6slu og gj\u00f6rir eitthva\u00f0 sem banna\u00f0 er \u00ed Drottins bo\u00f0or\u00f0um, og ekki \u00e1tti a\u00f0 gj\u00f6rast, og ver\u00f0ur \u00fear vi\u00f0 sekur,<a name=\"28\"><span class=\"versanumer\">28<\/span><\/a>\u00fe\u00e1 skal hann, \u00fe\u00e1 hann f\u00e6r \u00feekkta \u00fe\u00e1 synd, er hann hefir dr\u00fdgt, framkoma me\u00f0 s\u00edna g\u00e1fu fyrir \u00fe\u00e1 synd, sem hann hefir dr\u00fdgt, nefnilega: me\u00f0 geit, sem er \u00e1n l\u00fdta.<a name=\"29\"><span class=\"versanumer\">29<\/span><\/a>Hann skal leggja h\u00f6nd s\u00edna \u00e1 h\u00f6fu\u00f0 syndaf\u00f3rnarinnar og sl\u00e1tra henni \u00fear sem brennif\u00f3rnum er sl\u00e1tra\u00f0.<a name=\"30\"><span class=\"versanumer\">30<\/span><\/a>S\u00ed\u00f0an skal presturinn taka nokku\u00f0 af bl\u00f3\u00f0inu \u00e1 s\u00ednum v\u00edsifingri og rj\u00f3\u00f0a \u00fev\u00ed \u00e1 h\u00fana brennif\u00f3rnaaltarisins, en bl\u00f3\u00f0inu, sem eftir er, skal hann hella vi\u00f0 hli\u00f0 \u00feess;<a name=\"31\"><span class=\"versanumer\">31<\/span><\/a>en alla feiti skal hann burtnema, l\u00edka sem h\u00fan burtnumin var af \u00feakkl\u00e6tisf\u00f3rninni, og presturinn skal uppbrenna hana til s\u00e6tleiksilms fyrir Drottni. \u00deannig skal presturinn afpl\u00e1na synd hans, og h\u00fan mun fyrirgefast honum.<a name=\"32\"><span class=\"versanumer\">32<\/span><\/a>Ef hann vill frambera sau\u00f0kind til syndaf\u00f3rnar, \u00fe\u00e1 s\u00e9 \u00fea\u00f0 l\u00fdtalaus gimbur, sem hann kemur me\u00f0.<a name=\"33\"><span class=\"versanumer\">33<\/span><\/a>Hann leggi h\u00f6nd s\u00edna \u00e1 h\u00f6fu\u00f0 syndaf\u00f3rnarinnar og sl\u00e1tri henni sem syndaf\u00f3rn \u00e1 \u00feeim sta\u00f0, hvar menn sl\u00e1tra brennif\u00f3rnum.<a name=\"34\"><span class=\"versanumer\">34<\/span><\/a>\u00dear eftir skal presturinn taka nokku\u00f0 af bl\u00f3\u00f0inu \u00e1 v\u00edsifingri s\u00ednum og rj\u00f3\u00f0a me\u00f0 \u00fev\u00ed h\u00fana brennif\u00f3rnaaltarisins, en \u00f6llu hinu bl\u00f3\u00f0inu skal hann hella ni\u00f0ur vi\u00f0 hli\u00f0 \u00feess.<a name=\"35\"><span class=\"versanumer\">35<\/span><\/a>En alla feiti skal hann burtnema l\u00edka sem burtnumin var feiti gimbrar \u00feeirrar er til \u00feakkl\u00e6tisf\u00f3rnar var h\u00f6f\u00f0 og skal presturinn upptendra hana \u00e1 altarinu \u00ed Drottins eldi og \u00feannig afpl\u00e1na synd \u00fe\u00e1 sem hann hefir dr\u00fdgt og mun h\u00fan fyrirgefast honum.<\/p>\n<div class=\"footnoteVidey\">\u00c1 milli 2 og 3 vers undirskilst: \u00de\u00e1 ber honum a\u00f0 afpl\u00e1na synd s\u00edna me\u00f0 f\u00f3rn.  V. 6. Fortjaldi\u00f0 a\u00f0greindi \u00fea\u00f0 helgasta fr\u00e1 \u00fev\u00ed allrahelgasta \u00ed samkundutjaldb\u00fa\u00f0inni. 2. M\u00f3s. 26,31. Fyrir innan \u00feetta fortjald var s\u00e1ttm\u00e1ls\u00f6rkin, yfir hv\u00f6rs loki (n\u00e1\u00f0arst\u00f3lnum) Drottinn einkanlegast \u00feenktist a\u00f0 b\u00faa, og l\u00edka sem horfa \u00e1 allt \u00fea\u00f0 sem framf\u00f3r \u00ed samkundutjaldb\u00fa\u00f0inni sj\u00e1lfri og fyrir utan dyr hennar; \u00fea\u00f0 ske\u00f0i \u00fev\u00ed fyrir hans augliti.  V. 14. Sbr. 1. Sam. 14, v. 23. ff.  V. 18. \u00dea\u00f0 altari sem h\u00e9r er meint til, er reykelsisaltari\u00f0 (2 M\u00f3s. 30,1\u20136. 40,5. 26,27) sem st\u00f3\u00f0 \u00ed \u00fev\u00ed helgasta musterisins.  V. 22. H\u00f6f\u00f0ingi nefnil: \u00e6ttkv\u00edslanna (\u00f6ldungur); m\u00e1ske h\u00f6f\u00f0ingi innibindi h\u00e9r \u00ed s\u00e9r l\u00edka a\u00f0ra emb\u00e6ttismenn, a\u00f0 undanteknum prestum.<\/div>\n","protected":false},"excerpt":{"rendered":"<p>Um syndaf\u00f3rnir. 1Ennframar tala\u00f0i Drottinn \u00feannig til M\u00f3ses:2Seg \u00fe\u00fa \u00cdsraelsni\u00f0jum, a\u00f0 ef nokkur af vang\u00e6slu syndgar \u00ed gegn nokkru bo\u00f0or\u00f0i Drottins og gj\u00f6rir eitthva\u00f0, sem hann ekki m\u00e1 gj\u00f6ra.3Ef a\u00f0 s\u00e1 smur\u00f0i prestur syndgar f\u00f3lkinu til syndasektar, \u00fe\u00e1 skal hann vegna \u00feeirrar syndar, sem hann hefir dr\u00fdgt, framkoma fyrir Drottin me\u00f0 l\u00fdtalaust ungneyti;4me\u00f0 \u00feetta ungneyti skal hann koma til dyra samkundutjaldb\u00fa\u00f0arinnar, fyrir auglit Drottins, og leggja h\u00f6nd s\u00edna \u00e1 h\u00f6fu\u00f0 ungneytisins og sl\u00e1tra \u00fev\u00ed fyrir augliti Drottins,5og enn smur\u00f0i prestur skal taka nokku\u00f0 af bl\u00f3\u00f0i ungneytisins og fara me\u00f0 \u00fea\u00f0 til samkundutjaldb\u00fa\u00f0arinnar6og d\u00fdfa v\u00edsifingur s\u00ednum \u00ed bl\u00f3\u00f0i\u00f0 og st\u00f6kkva \u00fev\u00ed <a href=\"https:\/\/biblian.is\/videy\/thridja-mosebok-4-kafli\/\"> [&#8230;]<\/a><\/p>\n","protected":false},"author":1,"featured_media":0,"parent":0,"menu_order":0,"comment_status":"open","ping_status":"open","template":"bibliukaflar.php","meta":{"footnotes":""},"class_list":["post-20943","page","type-page","status-publish","hentry"],"_links":{"self":[{"href":"https:\/\/biblian.is\/videy\/wp-json\/wp\/v2\/pages\/20943","targetHints":{"allow":["GET"]}}],"collection":[{"href":"https:\/\/biblian.is\/videy\/wp-json\/wp\/v2\/pages"}],"about":[{"href":"https:\/\/biblian.is\/videy\/wp-json\/wp\/v2\/types\/page"}],"author":[{"embeddable":true,"href":"https:\/\/biblian.is\/videy\/wp-json\/wp\/v2\/users\/1"}],"replies":[{"embeddable":true,"href":"https:\/\/biblian.is\/videy\/wp-json\/wp\/v2\/comments?post=20943"}],"version-history":[{"count":0,"href":"https:\/\/biblian.is\/videy\/wp-json\/wp\/v2\/pages\/20943\/revisions"}],"wp:attachment":[{"href":"https:\/\/biblian.is\/videy\/wp-json\/wp\/v2\/media?parent=20943"}],"curies":[{"name":"wp","href":"https:\/\/api.w.org\/{rel}","templated":true}]}}