{"id":20942,"date":"2018-01-02T00:59:35","date_gmt":"2018-01-02T00:59:35","guid":{"rendered":"http:\/\/biblian.is\/videy\/thridja-mosebok-3-kafli\/"},"modified":"2018-01-02T00:59:35","modified_gmt":"2018-01-02T00:59:35","slug":"thridja-mosebok-3-kafli","status":"publish","type":"page","link":"https:\/\/biblian.is\/videy\/thridja-mosebok-3-kafli\/","title":{"rendered":"\u00deri\u00f0ja M\u00f3seb\u00f3k 3. kafli"},"content":{"rendered":"<div class=\"fyrirsognVidey\">Um \u00feakkl\u00e6tisf\u00f3rnir.<\/div>\n<p><a name=\"1\"><span class=\"versanumer\">1<\/span><\/a>En ef nokkur framber \u00feakkl\u00e6tisf\u00f3rn og \u00fea\u00f0 er af nautpeningi, hv\u00f6rt sem \u00fea\u00f0 er karlkyns e\u00f0a kvenkyns, \u00fe\u00e1 s\u00e9 \u00fea\u00f0 l\u00fdtalaust, sem hann framlei\u00f0ir fyrir Drottin.<a name=\"2\"><span class=\"versanumer\">2<\/span><\/a>Hann leggi h\u00f6nd s\u00edna \u00e1 h\u00f6fu\u00f0 f\u00f3rnarinnar og sl\u00e1tri henni fyrir framan dyr samkundutjaldb\u00fa\u00f0arinnar, en prestarnir, synir Arons, st\u00f6kkvi bl\u00f3\u00f0inu \u00ed kring \u00e1 altari\u00f0.<a name=\"3\"><span class=\"versanumer\">3<\/span><\/a>Hann l\u00e1ti \u00fear \u00e1 eftir \u00feakkl\u00e6tisf\u00f3rnina, sem eldf\u00f3rn koma \u00e1 altari\u00f0 fyrir Drottin, alla netjuna og allan m\u00f6rinn, sem innyflin eru vafin \u00ed,<a name=\"4\"><span class=\"versanumer\">4<\/span><\/a>b\u00e6\u00f0i n\u00fdrun og n\u00fdrm\u00f6rinn allan, sem er yfir ristlinum, og st\u00e6rra lifrarbla\u00f0i\u00f0, snei\u00f0i hann burt me\u00f0 n\u00fdrunum.<a name=\"5\"><span class=\"versanumer\">5<\/span><\/a>Synir Arons skulu upptendra \u00feetta \u00e1 altarinu, ofan \u00e1 brennif\u00f3rninni, sem liggur yfir \u00feeim vi\u00f0, er lag\u00f0ur er a\u00f0 eldinum, og er \u00feetta eldf\u00f3rn s\u00e6tleiksilms fyrir Drottni.<br \/><a name=\"6\"><span class=\"versanumer\">6<\/span><\/a>En ef g\u00e1fa nokkur til \u00feakkl\u00e6tisf\u00f3rnar Drottni er af sm\u00e1f\u00e9na\u00f0i, hv\u00f6rt sem h\u00fan er af karlkyni e\u00f0a kvenkyni, \u00fe\u00e1 skal \u00fea\u00f0, sem hann framkemur me\u00f0, vera l\u00fdtalaust.<a name=\"7\"><span class=\"versanumer\">7<\/span><\/a>S\u00e9 \u00fea\u00f0 ung sau\u00f0kind, sem hann kemur me\u00f0 sem g\u00e1fu, \u00fe\u00e1 lei\u00f0i hann hana fram fyrir Drottin,<a name=\"8\"><span class=\"versanumer\">8<\/span><\/a>leggi h\u00f6nd s\u00edna \u00e1 h\u00f6fu\u00f0 f\u00f3rnard\u00fdrsins, sl\u00e1tri \u00fev\u00ed fyrir framan samkundutjaldb\u00fa\u00f0ina, en synir Arons st\u00f6kkvi bl\u00f3\u00f0inu um kring \u00e1 altari\u00f0;<a name=\"9\"><span class=\"versanumer\">9<\/span><\/a>\u00fear n\u00e6st skal hann af \u00feakkl\u00e6tisf\u00f3rninni framkoma fyrir Drottin me\u00f0 m\u00f6rinn, r\u00f3funa alla upp undir hryggjarli\u00f0i, alla netjuna og allan m\u00f6rinn, sem innyflin eru vafin \u00ed,<a name=\"10\"><span class=\"versanumer\">10<\/span><\/a>b\u00e6\u00f0i n\u00fdrun og n\u00fdrm\u00f6rinn allan sem er \u00ed grennd vi\u00f0 ristilinn og st\u00e6rra lifrarbla\u00f0i\u00f0 er hann snei\u00f0i burt me\u00f0 n\u00fdrunum.<a name=\"11\"><span class=\"versanumer\">11<\/span><\/a>\u00deetta skal presturinn upptendra \u00e1 altarinu, svo sem f\u00e6\u00f0u, eldf\u00f3rn fyrir Drottin.<br \/><a name=\"12\"><span class=\"versanumer\">12<\/span><\/a>En ef nokkurs f\u00f3rnarg\u00e1fa er af geitf\u00e9na\u00f0i, skal hann framkoma me\u00f0 hana fyrir Drottin,<a name=\"13\"><span class=\"versanumer\">13<\/span><\/a>leggja h\u00f6nd s\u00edna \u00e1 h\u00f6fu\u00f0 f\u00f3rnard\u00fdrsins og sl\u00e1tra \u00fev\u00ed fyrir framan samkundutjaldb\u00fa\u00f0ina, en synir Arons skulu st\u00f6kkva bl\u00f3\u00f0inu um kring \u00e1 altari\u00f0.<a name=\"14\"><span class=\"versanumer\">14<\/span><\/a>\u00dear eftir skal hann af f\u00f3rnarg\u00e1fu sinni fram koma fyrir Drottin me\u00f0 alla netjuna og allan m\u00f6rinn \u00ed hv\u00f6rjum innyflin eru vafin,<a name=\"15\"><span class=\"versanumer\">15<\/span><\/a>b\u00e6\u00f0i n\u00fdrun og n\u00fdrm\u00f6rinn allan sem er yfir ristlinum, og st\u00e6rra lifrarbla\u00f0i\u00f0, sem burtsnei\u00f0ist me\u00f0 n\u00fdrunum;<a name=\"16\"><span class=\"versanumer\">16<\/span><\/a>en presturinn skal uppbrenna \u00feetta \u00e1 altarinu svo sem f\u00e6\u00f0u, eldf\u00f3rn til s\u00e6tleiksilms, \u00fev\u00ed \u00f6ll feiti tilheyrir Drottni.<a name=\"17\"><span class=\"versanumer\">17<\/span><\/a>\u00deetta skal vera \u00e6varandi l\u00f6gm\u00e1l hj\u00e1 y\u00f0ar kynsl\u00f3\u00f0, hvar helst sem \u00fe\u00e9r ver\u00f0i\u00f0, a\u00f0 \u00fe\u00e9r hv\u00f6rki skulu\u00f0 eta feiti n\u00e9 bl\u00f3\u00f0.<\/p>\n<div class=\"footnoteVidey\">V. 9. R\u00f3funa: \u00cd Austurl\u00f6ndum hefir viss tegund sau\u00f0f\u00e9na\u00f0ar langa og digra r\u00f3fu, sem er t\u00f3m fita, og vegur stundum jafnvel 2 fj\u00f3r\u00f0unga. \u00dea\u00f0 feitasta af f\u00f3rnard\u00fdrum var \u00e6t\u00ed\u00f0 brennt \u00e1 altarinu.<\/div>\n","protected":false},"excerpt":{"rendered":"<p>Um \u00feakkl\u00e6tisf\u00f3rnir. 1En ef nokkur framber \u00feakkl\u00e6tisf\u00f3rn og \u00fea\u00f0 er af nautpeningi, hv\u00f6rt sem \u00fea\u00f0 er karlkyns e\u00f0a kvenkyns, \u00fe\u00e1 s\u00e9 \u00fea\u00f0 l\u00fdtalaust, sem hann framlei\u00f0ir fyrir Drottin.2Hann leggi h\u00f6nd s\u00edna \u00e1 h\u00f6fu\u00f0 f\u00f3rnarinnar og sl\u00e1tri henni fyrir framan dyr samkundutjaldb\u00fa\u00f0arinnar, en prestarnir, synir Arons, st\u00f6kkvi bl\u00f3\u00f0inu \u00ed kring \u00e1 altari\u00f0.3Hann l\u00e1ti \u00fear \u00e1 eftir \u00feakkl\u00e6tisf\u00f3rnina, sem eldf\u00f3rn koma \u00e1 altari\u00f0 fyrir Drottin, alla netjuna og allan m\u00f6rinn, sem innyflin eru vafin \u00ed,4b\u00e6\u00f0i n\u00fdrun og n\u00fdrm\u00f6rinn allan, sem er yfir ristlinum, og st\u00e6rra lifrarbla\u00f0i\u00f0, snei\u00f0i hann burt me\u00f0 n\u00fdrunum.5Synir Arons skulu upptendra \u00feetta \u00e1 altarinu, ofan \u00e1 brennif\u00f3rninni, sem liggur <a href=\"https:\/\/biblian.is\/videy\/thridja-mosebok-3-kafli\/\"> [&#8230;]<\/a><\/p>\n","protected":false},"author":1,"featured_media":0,"parent":0,"menu_order":0,"comment_status":"open","ping_status":"open","template":"bibliukaflar.php","meta":{"footnotes":""},"class_list":["post-20942","page","type-page","status-publish","hentry"],"_links":{"self":[{"href":"https:\/\/biblian.is\/videy\/wp-json\/wp\/v2\/pages\/20942","targetHints":{"allow":["GET"]}}],"collection":[{"href":"https:\/\/biblian.is\/videy\/wp-json\/wp\/v2\/pages"}],"about":[{"href":"https:\/\/biblian.is\/videy\/wp-json\/wp\/v2\/types\/page"}],"author":[{"embeddable":true,"href":"https:\/\/biblian.is\/videy\/wp-json\/wp\/v2\/users\/1"}],"replies":[{"embeddable":true,"href":"https:\/\/biblian.is\/videy\/wp-json\/wp\/v2\/comments?post=20942"}],"version-history":[{"count":0,"href":"https:\/\/biblian.is\/videy\/wp-json\/wp\/v2\/pages\/20942\/revisions"}],"wp:attachment":[{"href":"https:\/\/biblian.is\/videy\/wp-json\/wp\/v2\/media?parent=20942"}],"curies":[{"name":"wp","href":"https:\/\/api.w.org\/{rel}","templated":true}]}}