{"id":20941,"date":"2018-01-02T00:59:35","date_gmt":"2018-01-02T00:59:35","guid":{"rendered":"http:\/\/biblian.is\/videy\/thridja-mosebok-2-kafli\/"},"modified":"2018-01-02T00:59:35","modified_gmt":"2018-01-02T00:59:35","slug":"thridja-mosebok-2-kafli","status":"publish","type":"page","link":"https:\/\/biblian.is\/videy\/thridja-mosebok-2-kafli\/","title":{"rendered":"\u00deri\u00f0ja M\u00f3seb\u00f3k 2. kafli"},"content":{"rendered":"<div class=\"fyrirsognVidey\">Um matf\u00f3rnir.<\/div>\n<p><a name=\"1\"><span class=\"versanumer\">1<\/span><\/a>Ef nokkur er, sem f\u00e6ra vill Drottni matf\u00f3rn \u00fe\u00e1 skal s\u00fa f\u00f3rnarg\u00e1fa vera af hveitimj\u00f6li, og skal hann hella \u00fear yfir vi\u00f0smj\u00f6ri, og leggja \u00fear ofan \u00e1 reykelsi,<a name=\"2\"><span class=\"versanumer\">2<\/span><\/a>f\u00e6ra \u00fea\u00f0 svo prestunum, sonum Arons; en presturinn skal taka fullan knefa sinn af hveitinu og vi\u00f0smj\u00f6rinu \u00e1samt me\u00f0 \u00f6llu reykelsinu, og gj\u00f6ra \u00fear af upptendran, minningarf\u00f3rn \u00e1 altarinu. \u00dev\u00edl\u00edk f\u00f3rn er eldf\u00f3rn s\u00e6tleiksilms fyrir Drottni.<a name=\"3\"><span class=\"versanumer\">3<\/span><\/a>Leifar f\u00f3rnarinnar tilheyra Aron og sonum hans, og eru \u00fe\u00e6r h\u00e1heilagar \u00e1 me\u00f0al eldf\u00f3rna Drottni f\u00e6r\u00f0ra.<br \/><a name=\"4\"><span class=\"versanumer\">4<\/span><\/a>En viljir \u00fe\u00fa f\u00e6ra Drottni matf\u00f3rn af \u00fev\u00ed sem baka\u00f0 er \u00ed ofni, \u00fe\u00e1 s\u00e9u \u00fea\u00f0 \u00f3s\u00fdr\u00f0ar hveitimj\u00f6lsk\u00f6kur, smur\u00f0ar me\u00f0 vi\u00f0smj\u00f6ri og \u00feunnir \u00f3s\u00fdr\u00f0ir leifar d\u00f6ggva\u00f0ir me\u00f0 vi\u00f0smj\u00f6ri.<a name=\"5\"><span class=\"versanumer\">5<\/span><\/a>En ef matf\u00f3rn \u00fe\u00edn er af \u00fev\u00ed, sem baka\u00f0 er \u00e1 p\u00f6nnu, \u00fe\u00e1 skal \u00fea\u00f0 vera \u00f3s\u00fdrt af hveitimj\u00f6li, d\u00f6ggva\u00f0 me\u00f0 vi\u00f0smj\u00f6ri.<a name=\"6\"><span class=\"versanumer\">6<\/span><\/a>\u00de\u00fa skalt brj\u00f3ta k\u00f6kuna \u00ed mola og hella yfir vi\u00f0smj\u00f6ri, \u00fe\u00e1 er \u00fea\u00f0 matf\u00f3rn.<a name=\"7\"><span class=\"versanumer\">7<\/span><\/a>En ef a\u00f0 \u00fe\u00edn f\u00f3rnarg\u00e1fa er tilb\u00fain af \u00fev\u00ed, sem \u00ed katli er so\u00f0i\u00f0, \u00fe\u00e1 s\u00e9 \u00fea\u00f0 af hveitimj\u00f6li mengu\u00f0u me\u00f0 vi\u00f0smj\u00f6ri,<a name=\"8\"><span class=\"versanumer\">8<\/span><\/a>og \u00fe\u00e1 g\u00e1fu, sem af \u00feessu er tilb\u00fain handa Drottni skaltu frambera og f\u00e6ra prestinum; en hann skal bera hana til altarisins,<a name=\"9\"><span class=\"versanumer\">9<\/span><\/a>og upplyfta nokkrum parti hennar til minningarf\u00f3rnar og upptendra \u00e1 altarinu. \u00dev\u00edl\u00edk eldf\u00f3rn er f\u00f3rn s\u00e6tleiksilms fyrir Drottni.<a name=\"10\"><span class=\"versanumer\">10<\/span><\/a>Leifarnar tilheyra Aron og sonum hans, og eru \u00fe\u00e6r h\u00e1heilagar af Drottins eldf\u00f3rnum.<br \/><a name=\"11\"><span class=\"versanumer\">11<\/span><\/a>Enga matf\u00f3rn sem \u00fe\u00e9r f\u00e6ri\u00f0 Drottni skulu\u00f0 \u00fe\u00e9r s\u00fdra, \u00fev\u00ed ekkert s\u00fardeig e\u00f0a hunang skal vera \u00ed \u00feeirri eldf\u00f3rn, sem \u00fe\u00e9r Drottni f\u00e6ri\u00f0.<a name=\"12\"><span class=\"versanumer\">12<\/span><\/a>En \u00ed frumgr\u00f3\u00f0af\u00f3rnum megi\u00f0 \u00fe\u00e9r f\u00e6ra \u00fea\u00f0 Drottni, en \u00e1 altari\u00f0 m\u00e1 \u00feetta ekki koma til s\u00e6tleiksilms. <br \/><a name=\"13\"><span class=\"versanumer\">13<\/span><\/a>S\u00e9rhv\u00f6r matf\u00f3rn skal me\u00f0 salti saltast. \u00de\u00fa skalt ekki l\u00e1ta vanta a\u00f0 str\u00e1 salti s\u00e1ttm\u00e1lans vi\u00f0 \u00feinn Drottin yfir \u00fe\u00edna matf\u00f3rn, me\u00f0 \u00f6llum \u00fe\u00ednum g\u00e1fum skaltu frambera salt. <br \/><a name=\"14\"><span class=\"versanumer\">14<\/span><\/a>Ef \u00fe\u00fa vilt frambera fyrir Drottin g\u00e1fu af jar\u00f0ar\u00e1vaxtanna frumgr\u00f3\u00f0a, \u00fe\u00e1 skal s\u00fa g\u00e1fa er \u00fe\u00fa framber af jar\u00f0ar\u00e1vaxtanna frumgr\u00f3\u00f0a vera \u00feurrka\u00f0 vi\u00f0 eld, muli\u00f0 korn.<a name=\"15\"><span class=\"versanumer\">15<\/span><\/a>\u00de\u00fa skalt hella \u00fear \u00e1 vi\u00f0smj\u00f6ri og l\u00e1ta \u00fear ofan \u00e1 reykelsi. \u00dea\u00f0 er r\u00e9tt matf\u00f3rn.<a name=\"16\"><span class=\"versanumer\">16<\/span><\/a>Af nokkrum hluta \u00feess mulda korns og vi\u00f0smj\u00f6rsins og \u00f6llu reykelsinu skal presturinn gj\u00f6ra upptendran, minningarf\u00f3rn, eldf\u00f3rn Drottni til d\u00fdr\u00f0ar.<\/p>\n<div class=\"footnoteVidey\">V. 1. Matf\u00f3rn kallast einungis \u00fe\u00e6r f\u00f3rnir sem voru af jar\u00f0ar\u00e1v\u00f6xtum, en \u00feegar lifandi skepnum var f\u00f3rnf\u00e6rt kalla\u00f0ist \u00fea\u00f0 ekki matf\u00f3rn, \u00fe\u00f3 prestarnir og \u00feeirra heimilisf\u00f3lk \u00e6ti nokku\u00f0 \u00fear af.  V. 2. Minningarf\u00f3rn, \u00fev\u00ed h\u00fan \u00e1tti l\u00edka sem minna Gu\u00f0 \u00e1 \u00feann f\u00f3rnf\u00e6randi og minna hann sj\u00e1lfan \u00e1 hv\u00f6rsu hann v\u00e6ri upp \u00e1 Gu\u00f0 kominn.  V. 10. Ei nema nokku\u00f0 af f\u00f3rnum \u00feessum og fleirum var brennt \u00e1 altarinu. Hitt tilheyr\u00f0i prestunum og \u00fea\u00f0 af \u00feeim sem \u00feeir bor\u00f0a \u00e1ttu \u00e1 helgum sta\u00f0 (\u00fe. e. innan musterisins v\u00e9banda) var eins heilagt eins og \u00fea\u00f0, sem \u00e1 altarinu var brennt.<\/div>\n","protected":false},"excerpt":{"rendered":"<p>Um matf\u00f3rnir. 1Ef nokkur er, sem f\u00e6ra vill Drottni matf\u00f3rn \u00fe\u00e1 skal s\u00fa f\u00f3rnarg\u00e1fa vera af hveitimj\u00f6li, og skal hann hella \u00fear yfir vi\u00f0smj\u00f6ri, og leggja \u00fear ofan \u00e1 reykelsi,2f\u00e6ra \u00fea\u00f0 svo prestunum, sonum Arons; en presturinn skal taka fullan knefa sinn af hveitinu og vi\u00f0smj\u00f6rinu \u00e1samt me\u00f0 \u00f6llu reykelsinu, og gj\u00f6ra \u00fear af upptendran, minningarf\u00f3rn \u00e1 altarinu. \u00dev\u00edl\u00edk f\u00f3rn er eldf\u00f3rn s\u00e6tleiksilms fyrir Drottni.3Leifar f\u00f3rnarinnar tilheyra Aron og sonum hans, og eru \u00fe\u00e6r h\u00e1heilagar \u00e1 me\u00f0al eldf\u00f3rna Drottni f\u00e6r\u00f0ra.4En viljir \u00fe\u00fa f\u00e6ra Drottni matf\u00f3rn af \u00fev\u00ed sem baka\u00f0 er \u00ed ofni, \u00fe\u00e1 s\u00e9u \u00fea\u00f0 \u00f3s\u00fdr\u00f0ar hveitimj\u00f6lsk\u00f6kur, smur\u00f0ar me\u00f0 vi\u00f0smj\u00f6ri <a href=\"https:\/\/biblian.is\/videy\/thridja-mosebok-2-kafli\/\"> [&#8230;]<\/a><\/p>\n","protected":false},"author":1,"featured_media":0,"parent":0,"menu_order":0,"comment_status":"open","ping_status":"open","template":"bibliukaflar.php","meta":{"footnotes":""},"class_list":["post-20941","page","type-page","status-publish","hentry"],"_links":{"self":[{"href":"https:\/\/biblian.is\/videy\/wp-json\/wp\/v2\/pages\/20941","targetHints":{"allow":["GET"]}}],"collection":[{"href":"https:\/\/biblian.is\/videy\/wp-json\/wp\/v2\/pages"}],"about":[{"href":"https:\/\/biblian.is\/videy\/wp-json\/wp\/v2\/types\/page"}],"author":[{"embeddable":true,"href":"https:\/\/biblian.is\/videy\/wp-json\/wp\/v2\/users\/1"}],"replies":[{"embeddable":true,"href":"https:\/\/biblian.is\/videy\/wp-json\/wp\/v2\/comments?post=20941"}],"version-history":[{"count":0,"href":"https:\/\/biblian.is\/videy\/wp-json\/wp\/v2\/pages\/20941\/revisions"}],"wp:attachment":[{"href":"https:\/\/biblian.is\/videy\/wp-json\/wp\/v2\/media?parent=20941"}],"curies":[{"name":"wp","href":"https:\/\/api.w.org\/{rel}","templated":true}]}}