{"id":20940,"date":"2018-01-02T00:59:35","date_gmt":"2018-01-02T00:59:35","guid":{"rendered":"http:\/\/biblian.is\/videy\/thridja-mosebok-1-kafli\/"},"modified":"2018-01-02T00:59:35","modified_gmt":"2018-01-02T00:59:35","slug":"thridja-mosebok-1-kafli","status":"publish","type":"page","link":"https:\/\/biblian.is\/videy\/thridja-mosebok-1-kafli\/","title":{"rendered":"\u00deri\u00f0ja M\u00f3seb\u00f3k 1. kafli"},"content":{"rendered":"<div class=\"fyrirsognVidey\">L\u00f6gm\u00e1l um brennif\u00f3rnir.<\/div>\n<p><a name=\"1\"><span class=\"versanumer\">1<\/span><\/a>Gu\u00f0 kalla\u00f0i \u00e1 M\u00f3ses og tala\u00f0i vi\u00f0 hann \u00far samkundutjaldb\u00fa\u00f0inni \u00feannig:<a name=\"2\"><span class=\"versanumer\">2<\/span><\/a>Tala \u00fe\u00fa til \u00cdsraelsbarna og seg \u00fe\u00fa \u00feeim, a\u00f0 ef einhv\u00f6r \u00feeirra vill f\u00e6ra Drottni f\u00f3rn, af f\u00e9na\u00f0i, \u00fe\u00e1 skal s\u00fa f\u00f3rn hans vera af nautpeningi, sau\u00f0f\u00e9 e\u00f0a geitf\u00e9.<a name=\"3\"><span class=\"versanumer\">3<\/span><\/a>S\u00e9 \u00fea\u00f0 brennif\u00f3rn af st\u00f3rf\u00e9na\u00f0i, skal \u00fea\u00f0 vera naut karlkyns l\u00fdtalaust; hann skal lei\u00f0a \u00fea\u00f0 til dyra samkundutjaldb\u00fa\u00f0arinnar, svo \u00fea\u00f0 afli honum Drottins hylli.<a name=\"4\"><span class=\"versanumer\">4<\/span><\/a>Hann leggi h\u00f6nd s\u00edna \u00e1 h\u00f6fu\u00f0 brennif\u00f3rnarinnar a\u00f0 h\u00fan ver\u00f0i Drottni vel\u00fe\u00f3knanleg og forl\u00edki fyrir hann.<a name=\"5\"><span class=\"versanumer\">5<\/span><\/a>Hann sl\u00e1tri s\u00ed\u00f0an ungneytinu fyrir augliti Drottins, en prestarnir, synir Arons skulu frambera bl\u00f3\u00f0i\u00f0 og st\u00f6kkva \u00fev\u00ed um kring \u00e1 altari \u00fea\u00f0, sem stendur fyrir dyrum samkundutjaldb\u00fa\u00f0arinnar;<a name=\"6\"><span class=\"versanumer\">6<\/span><\/a>\u00fear eftir fl\u00e1i hann brennif\u00f3rnina og h\u00f6ggvi sundur \u00ed viss stykki,<a name=\"7\"><span class=\"versanumer\">7<\/span><\/a>en synir Arons prests skulu gj\u00f6ra eld \u00e1 altarinu og leggja vi\u00f0 yfir eldinn.<a name=\"8\"><span class=\"versanumer\">8<\/span><\/a>\u00dear \u00e1 eftir skulu synir Arons, prestarnir, ra\u00f0a stykkjunum, h\u00f6f\u00f0inu og m\u00f6rnum ofan \u00e1 vi\u00f0inn, sem lag\u00f0ur er a\u00f0 eldinum, sem er \u00e1 altarinu.<a name=\"9\"><span class=\"versanumer\">9<\/span><\/a>Innyflin og f\u00e6turnir skulu \u00fevost \u00ed vatni, en presturinn skal uppbrenna allt \u00fea\u00f0, sem \u00e1 altarinu er. \u00dev\u00edl\u00edk f\u00f3rn er f\u00f3rn s\u00e6tleiksilms fyrir Drottni.<a name=\"10\"><span class=\"versanumer\">10<\/span><\/a>Ef \u00fea\u00f0 sem til f\u00f3rnarg\u00e1fu er \u00e6tla\u00f0, er af sau\u00f0f\u00e9 e\u00f0a geitf\u00e9 \u00fe\u00e1 komi hann me\u00f0 \u00fea\u00f0 sem er karlkyns og l\u00fdtalaust;<a name=\"11\"><span class=\"versanumer\">11<\/span><\/a>hann sl\u00e1tri \u00fev\u00ed nor\u00f0anmegin vi\u00f0 altari\u00f0 fyrir augliti Drottins, en prestarnir, synir Arons, st\u00f6kkvi bl\u00f3\u00f0inu \u00ed kring \u00e1 altari\u00f0;<a name=\"12\"><span class=\"versanumer\">12<\/span><\/a>hann hluti \u00fea\u00f0 \u00ed sundur og presturinn ra\u00f0i \u00fev\u00ed \u00e1samt h\u00f6f\u00f0inu og m\u00f6rnum ofan \u00e1 vi\u00f0inn, sem lag\u00f0ur er a\u00f0 eldinum, sem \u00e1 altarinu er.<a name=\"13\"><span class=\"versanumer\">13<\/span><\/a>Innyflin og f\u00e6turnar skal hann \u00fevo \u00ed vatni, en presturinn frambera \u00fea\u00f0 allt og upptendra \u00e1 altarinu. \u00dev\u00edl\u00edk eldf\u00f3rn er f\u00f3rn s\u00e6tleiksilms fyrir Drottni.<a name=\"14\"><span class=\"versanumer\">14<\/span><\/a>En ef ma\u00f0ur vill f\u00e6ra Drottni brennif\u00f3rnarg\u00e1fu, af fuglum, \u00fe\u00e1 s\u00e9 h\u00fan af turtild\u00fafum e\u00f0a ungum d\u00fafum.<a name=\"15\"><span class=\"versanumer\">15<\/span><\/a>Presturinn skal bera fuglinn til altarisins, sn\u00faa \u00far h\u00e1lsli\u00f0num og upptendra \u00e1 altarinu, en kreista \u00fat bl\u00f3\u00f0i\u00f0 \u00e1 hli\u00f0 altarisins;<a name=\"16\"><span class=\"versanumer\">16<\/span><\/a>hann taki burt innyflin me\u00f0 saurnum sem \u00ed \u00feeim er og kasti \u00feeim vi\u00f0 austurhli\u00f0 altarisins, \u00fear sem askan er l\u00e1tin.<a name=\"17\"><span class=\"versanumer\">17<\/span><\/a>Hann skal klj\u00fafa fuglinn milli v\u00e6ngjanna, en skipta honum \u00fe\u00f3 ekki \u00ed sundur og svo skal presturinn upptendra hann \u00e1 altarinu, ofan \u00e1 vi\u00f0num, sem lag\u00f0ur er a\u00f0 eldinum. \u00dev\u00edl\u00edk brennif\u00f3rn er f\u00f3rn s\u00e6tleiksilms fyrir Drottni.<\/p>\n<div class=\"footnoteVidey\">V. 4. Me\u00f0 a\u00f0 leggja h\u00f6nd \u00e1 h\u00f6fu\u00f0 f\u00f3rnard\u00fdrsins helga\u00f0i hann \u00fea\u00f0 Gu\u00f0i og me\u00f0kenndi a\u00f0 hann v\u00e6ri hans n\u00e1\u00f0ar \u00feurfi.  V. 5. Fyrir augliti Dr: \u00fe. er: fyrir dyrum samkundutjaldb\u00fa\u00f0arinnar.  V. 9. 1. M\u00f3s. 8.21.  V. 16. taka burt innyflin \u00fe. e.: menn f\u00f3rnf\u00e6r\u00f0u ekki \u00f6\u00f0ru en \u00fev\u00ed sem var mannaf\u00e6\u00f0a.<\/div>\n","protected":false},"excerpt":{"rendered":"<p>L\u00f6gm\u00e1l um brennif\u00f3rnir. 1Gu\u00f0 kalla\u00f0i \u00e1 M\u00f3ses og tala\u00f0i vi\u00f0 hann \u00far samkundutjaldb\u00fa\u00f0inni \u00feannig:2Tala \u00fe\u00fa til \u00cdsraelsbarna og seg \u00fe\u00fa \u00feeim, a\u00f0 ef einhv\u00f6r \u00feeirra vill f\u00e6ra Drottni f\u00f3rn, af f\u00e9na\u00f0i, \u00fe\u00e1 skal s\u00fa f\u00f3rn hans vera af nautpeningi, sau\u00f0f\u00e9 e\u00f0a geitf\u00e9.3S\u00e9 \u00fea\u00f0 brennif\u00f3rn af st\u00f3rf\u00e9na\u00f0i, skal \u00fea\u00f0 vera naut karlkyns l\u00fdtalaust; hann skal lei\u00f0a \u00fea\u00f0 til dyra samkundutjaldb\u00fa\u00f0arinnar, svo \u00fea\u00f0 afli honum Drottins hylli.4Hann leggi h\u00f6nd s\u00edna \u00e1 h\u00f6fu\u00f0 brennif\u00f3rnarinnar a\u00f0 h\u00fan ver\u00f0i Drottni vel\u00fe\u00f3knanleg og forl\u00edki fyrir hann.5Hann sl\u00e1tri s\u00ed\u00f0an ungneytinu fyrir augliti Drottins, en prestarnir, synir Arons skulu frambera bl\u00f3\u00f0i\u00f0 og st\u00f6kkva \u00fev\u00ed um kring \u00e1 altari <a href=\"https:\/\/biblian.is\/videy\/thridja-mosebok-1-kafli\/\"> [&#8230;]<\/a><\/p>\n","protected":false},"author":1,"featured_media":0,"parent":0,"menu_order":0,"comment_status":"open","ping_status":"open","template":"bibliukaflar.php","meta":{"footnotes":""},"class_list":["post-20940","page","type-page","status-publish","hentry"],"_links":{"self":[{"href":"https:\/\/biblian.is\/videy\/wp-json\/wp\/v2\/pages\/20940","targetHints":{"allow":["GET"]}}],"collection":[{"href":"https:\/\/biblian.is\/videy\/wp-json\/wp\/v2\/pages"}],"about":[{"href":"https:\/\/biblian.is\/videy\/wp-json\/wp\/v2\/types\/page"}],"author":[{"embeddable":true,"href":"https:\/\/biblian.is\/videy\/wp-json\/wp\/v2\/users\/1"}],"replies":[{"embeddable":true,"href":"https:\/\/biblian.is\/videy\/wp-json\/wp\/v2\/comments?post=20940"}],"version-history":[{"count":0,"href":"https:\/\/biblian.is\/videy\/wp-json\/wp\/v2\/pages\/20940\/revisions"}],"wp:attachment":[{"href":"https:\/\/biblian.is\/videy\/wp-json\/wp\/v2\/media?parent=20940"}],"curies":[{"name":"wp","href":"https:\/\/api.w.org\/{rel}","templated":true}]}}