{"id":20939,"date":"2018-01-02T00:59:35","date_gmt":"2018-01-02T00:59:35","guid":{"rendered":"http:\/\/biblian.is\/videy\/onnur-mosebok-40-kafli\/"},"modified":"2018-01-02T00:59:35","modified_gmt":"2018-01-02T00:59:35","slug":"onnur-mosebok-40-kafli","status":"publish","type":"page","link":"https:\/\/biblian.is\/videy\/onnur-mosebok-40-kafli\/","title":{"rendered":"\u00d6nnur M\u00f3seb\u00f3k 40. kafli"},"content":{"rendered":"<div class=\"fyrirsognVidey\">Tjaldb\u00fa\u00f0in er upp sett og v\u00edg\u00f0.<\/div>\n<p><a name=\"1\"><span class=\"versanumer\">1<\/span><\/a>Drottinn m\u00e6lti vi\u00f0 M\u00f3ses og sag\u00f0i:<a name=\"2\"><span class=\"versanumer\">2<\/span><\/a>\u00e1 fyrsta degi hins fyrsta m\u00e1na\u00f0ar skaltu reisa samkundutjaldb\u00fa\u00f0ina;<a name=\"3\"><span class=\"versanumer\">3<\/span><\/a>\u00fear skaltu setja l\u00f6gm\u00e1ls\u00f6rkina, og byrgja fyrir \u00f6rkina me\u00f0 fortjaldinu.<a name=\"4\"><span class=\"versanumer\">4<\/span><\/a>\u00de\u00fa skalt flytja bor\u00f0i\u00f0 inn, og hagr\u00e6\u00f0a \u00fev\u00ed sem \u00fear til heyrir; s\u00ed\u00f0an skaltu f\u00e6ra \u00feanga\u00f0 lj\u00f3sahj\u00e1lminn, og kveikja \u00e1 l\u00f6mpunum.<a name=\"5\"><span class=\"versanumer\">5<\/span><\/a>\u00de\u00fa skalt setja \u00fea\u00f0 gullna reykelsisaltari fyrir framan l\u00f6gm\u00e1ls\u00f6rkina, og tjalda fyrir b\u00fa\u00f0ardyrnar.<a name=\"6\"><span class=\"versanumer\">6<\/span><\/a>\u00de\u00fa skalt setja brennif\u00f3rnaraltari\u00f0 fyrir framan samkundutjaldb\u00fa\u00f0ardyrnar;<a name=\"7\"><span class=\"versanumer\">7<\/span><\/a>vatnskeri\u00f0 skaltu setja milli samkundutjaldsins og altarins, og l\u00e1ta vatn \u00fear \u00ed.<a name=\"8\"><span class=\"versanumer\">8<\/span><\/a>S\u00ed\u00f0an skaltu reisa forgar\u00f0inn umhverfis, og tjalda fyrir forgar\u00f0sdyrnar.<a name=\"9\"><span class=\"versanumer\">9<\/span><\/a>\u00de\u00e1 skaltu taka smurningarvi\u00f0smj\u00f6ri\u00f0, og smyrja b\u00fa\u00f0ina og allt innan b\u00fa\u00f0ar, og v\u00edgja hana me\u00f0 \u00f6llum hennar b\u00fana\u00f0i, og skal h\u00fan \u00fe\u00e1 vera heil\u00f6g.<a name=\"10\"><span class=\"versanumer\">10<\/span><\/a>\u00de\u00fa skalt smyrja brennif\u00f3rnaraltari\u00f0 og \u00f6ll \u00feess \u00e1h\u00f6ld; \u00fe\u00fa skalt v\u00edgja altari\u00f0, og skal altari\u00f0 \u00fe\u00e1 vera alheilagt.<a name=\"11\"><span class=\"versanumer\">11<\/span><\/a>\u00de\u00fa skalt smyrja vatnskeri\u00f0 og st\u00e9tt \u00feess, og v\u00edgja \u00fea\u00f0.<a name=\"12\"><span class=\"versanumer\">12<\/span><\/a>\u00de\u00e1 skaltu lei\u00f0a Aron og sonu hans a\u00f0 samkundutjaldsdyrunum, og \u00fevo \u00fe\u00e1 \u00far vatni,<a name=\"13\"><span class=\"versanumer\">13<\/span><\/a>f\u00e6ra Aron \u00ed v\u00edgslukl\u00e6\u00f0in, smyrja og v\u00edgja hann, og skal hann \u00fe\u00e1 vera minn kennima\u00f0ur.<a name=\"14\"><span class=\"versanumer\">14<\/span><\/a>\u00de\u00fa skalt og lei\u00f0a fram sonu hans, og f\u00e6ra \u00fe\u00e1 \u00ed serkina,<a name=\"15\"><span class=\"versanumer\">15<\/span><\/a>og smyrja \u00fe\u00e1, eins og \u00fe\u00fa smur\u00f0ir f\u00f6\u00f0ur \u00feeirra, og skulu \u00feeir \u00fe\u00e1 vera m\u00ednir kennimenn; og skal smurningin \u00e1vallt afreka \u00feeim og \u00feeirra eftirkomendum hi\u00f0 kennimannlega emb\u00e6tti.<br \/><a name=\"16\"><span class=\"versanumer\">16<\/span><\/a>M\u00f3ses gj\u00f6r\u00f0i \u00ed \u00f6llum greinum eftir \u00fev\u00ed sem Drottinn haf\u00f0i bo\u00f0i\u00f0 honum.<a name=\"17\"><span class=\"versanumer\">17<\/span><\/a>B\u00fa\u00f0in var reist \u00e1 \u00f6\u00f0ru \u00e1rinu \u00feann fyrsta dag hins fyrsta m\u00e1na\u00f0ar:<a name=\"18\"><span class=\"versanumer\">18<\/span><\/a>reisti M\u00f3ses b\u00fa\u00f0ina, lag\u00f0i pallana, sl\u00f3 upp \u00feiljunum, setti \u00ed \u00e1sana og reisti upp s\u00falurnar;<a name=\"19\"><span class=\"versanumer\">19<\/span><\/a>hann spennti tjaldvo\u00f0ina yfir b\u00fa\u00f0ina, og lag\u00f0i tjald\u00fe\u00f6kin \u00fear ofan yfir, eins og Drottinn haf\u00f0i bo\u00f0i\u00f0 honum.<a name=\"20\"><span class=\"versanumer\">20<\/span><\/a>Hann t\u00f3k l\u00f6gin, og lag\u00f0i \u00feau \u00ed \u00f6rkina, setti \u00e1sana \u00ed \u00f6rkina, og l\u00e9t arkarloki\u00f0 yfir \u00f6rkina;<a name=\"21\"><span class=\"versanumer\">21<\/span><\/a>hann flutti \u00f6rkina inn \u00ed b\u00fa\u00f0ina, setti upp fortjaldsvo\u00f0ina og byrg\u00f0i fyrir l\u00f6gm\u00e1ls\u00f6rkina, eins og Drottinn haf\u00f0i bo\u00f0i\u00f0 honum.<a name=\"22\"><span class=\"versanumer\">22<\/span><\/a>Hann setti bor\u00f0i\u00f0 inn \u00ed samkundutjaldi\u00f0 vi\u00f0 nor\u00f0urhli\u00f0 b\u00fa\u00f0arinnar fyrir framan fortjaldi\u00f0,<a name=\"23\"><span class=\"versanumer\">23<\/span><\/a>og ra\u00f0a\u00f0i \u00fear \u00e1 brau\u00f0unum frammi fyrir Drottni, eins og Drottinn haf\u00f0i bo\u00f0i\u00f0 honum.<a name=\"24\"><span class=\"versanumer\">24<\/span><\/a>Hann setti upp lj\u00f3sahj\u00e1lminn \u00ed samkundutjaldinu gegnt bor\u00f0inu vi\u00f0 su\u00f0urhli\u00f0 b\u00fa\u00f0arinnar,<a name=\"25\"><span class=\"versanumer\">25<\/span><\/a>og kveikti \u00e1 l\u00f6mpunum frammi fyrir Drottni, eins og Drottinn haf\u00f0i bo\u00f0i\u00f0 honum.<a name=\"26\"><span class=\"versanumer\">26<\/span><\/a>Hann setti upp gullaltari\u00f0 inni \u00ed samkundutjaldinu gagnvart fortjaldinu,<a name=\"27\"><span class=\"versanumer\">27<\/span><\/a>og tendra\u00f0i ilmreykelsi \u00e1 \u00fev\u00ed, eins og Drottinn haf\u00f0i bo\u00f0i\u00f0 honum.<a name=\"28\"><span class=\"versanumer\">28<\/span><\/a>S\u00ed\u00f0an l\u00e9t hann dyratjaldi\u00f0 fyrir b\u00fa\u00f0ardyrnar,<a name=\"29\"><span class=\"versanumer\">29<\/span><\/a>og setti brennif\u00f3rnaraltari\u00f0 vi\u00f0 samkundutjaldb\u00fa\u00f0ardyrnar, og f\u00f3rna\u00f0i \u00fear \u00e1 brennif\u00f3rn og matarf\u00f3rn, eins og Drottinn haf\u00f0i bo\u00f0i\u00f0 honum.<a name=\"30\"><span class=\"versanumer\">30<\/span><\/a>Hann setti vatnskeri\u00f0 milli samkundutjaldsins og altarisins, og l\u00e9t \u00fear \u00ed vatn til a\u00f0 \u00fevo s\u00e9r \u00far;<a name=\"31\"><span class=\"versanumer\">31<\/span><\/a>og \u00fevo\u00f0u \u00feeir M\u00f3ses, Aron og synir hans \u00far \u00fev\u00ed hendur s\u00ednar og f\u00e6tur,<a name=\"32\"><span class=\"versanumer\">32<\/span><\/a>\u00fe\u00e1 \u00feeir gengu inn \u00ed samkundutjaldi\u00f0; og \u00feegar \u00feeir n\u00e1l\u00e6g\u00f0u sig altarinu, skyldu \u00feeir og \u00fevo s\u00e9r, eftir \u00fev\u00ed sem Drottinn haf\u00f0i bo\u00f0i\u00f0 M\u00f3ses.<a name=\"33\"><span class=\"versanumer\">33<\/span><\/a>S\u00ed\u00f0an reisti hann forgar\u00f0inn umhverfis um b\u00fa\u00f0ina og altari\u00f0, og l\u00e9t dyratjaldi\u00f0 fyrir forgar\u00f0shli\u00f0i\u00f0, og haf\u00f0i M\u00f3ses \u00fe\u00e1 loki\u00f0 \u00feessu starfi.<a name=\"34\"><span class=\"versanumer\">34<\/span><\/a>\u00de\u00e1 huldi sk\u00fdi\u00f0 samkundutjaldi\u00f0, og d\u00fdr\u00f0in Drottins fyllti b\u00fa\u00f0ina;<a name=\"35\"><span class=\"versanumer\">35<\/span><\/a>og gat M\u00f3ses ekki gengi\u00f0 inn \u00ed samkundutjaldi\u00f0, \u00fev\u00ed sk\u00fdi\u00f0 l\u00e1 yfir tjaldinu og d\u00fdr\u00f0in Drottins fyllti b\u00fa\u00f0ina.<a name=\"36\"><span class=\"versanumer\">36<\/span><\/a>En er sk\u00fdi\u00f0 h\u00f3fst upp fr\u00e1 b\u00fa\u00f0inni, \u00fe\u00e1 l\u00f6g\u00f0u \u00cdsraelsmenn upp \u00e1vallt me\u00f0an \u00feeir voru \u00e1 fer\u00f0alagi s\u00ednu;<a name=\"37\"><span class=\"versanumer\">37<\/span><\/a>en \u00feegar sk\u00fdi\u00f0 h\u00f3fst ekki upp, l\u00f6g\u00f0u \u00cdsraelsmenn ekki af sta\u00f0, fyrr en \u00feann dag a\u00f0 sk\u00fdi\u00f0 h\u00f3f sig upp:<a name=\"38\"><span class=\"versanumer\">38<\/span><\/a>\u00fev\u00ed sk\u00fd Drottins var yfir b\u00fa\u00f0inni um daga, en um n\u00e6tur skein \u00fea\u00f0 sem eldur \u00ed augs\u00fdn allra \u00cdsraelsmanna, \u00e1vallt me\u00f0an \u00feeir voru \u00e1 fer\u00f0alagi s\u00ednu.<\/p>\n<div class=\"footnoteVidey\"><\/div>\n","protected":false},"excerpt":{"rendered":"<p>Tjaldb\u00fa\u00f0in er upp sett og v\u00edg\u00f0. 1Drottinn m\u00e6lti vi\u00f0 M\u00f3ses og sag\u00f0i:2\u00e1 fyrsta degi hins fyrsta m\u00e1na\u00f0ar skaltu reisa samkundutjaldb\u00fa\u00f0ina;3\u00fear skaltu setja l\u00f6gm\u00e1ls\u00f6rkina, og byrgja fyrir \u00f6rkina me\u00f0 fortjaldinu.4\u00de\u00fa skalt flytja bor\u00f0i\u00f0 inn, og hagr\u00e6\u00f0a \u00fev\u00ed sem \u00fear til heyrir; s\u00ed\u00f0an skaltu f\u00e6ra \u00feanga\u00f0 lj\u00f3sahj\u00e1lminn, og kveikja \u00e1 l\u00f6mpunum.5\u00de\u00fa skalt setja \u00fea\u00f0 gullna reykelsisaltari fyrir framan l\u00f6gm\u00e1ls\u00f6rkina, og tjalda fyrir b\u00fa\u00f0ardyrnar.6\u00de\u00fa skalt setja brennif\u00f3rnaraltari\u00f0 fyrir framan samkundutjaldb\u00fa\u00f0ardyrnar;7vatnskeri\u00f0 skaltu setja milli samkundutjaldsins og altarins, og l\u00e1ta vatn \u00fear \u00ed.8S\u00ed\u00f0an skaltu reisa forgar\u00f0inn umhverfis, og tjalda fyrir forgar\u00f0sdyrnar.9\u00de\u00e1 skaltu taka smurningarvi\u00f0smj\u00f6ri\u00f0, og smyrja b\u00fa\u00f0ina og allt innan b\u00fa\u00f0ar, og v\u00edgja hana me\u00f0 <a href=\"https:\/\/biblian.is\/videy\/onnur-mosebok-40-kafli\/\"> [&#8230;]<\/a><\/p>\n","protected":false},"author":1,"featured_media":0,"parent":0,"menu_order":0,"comment_status":"open","ping_status":"open","template":"bibliukaflar.php","meta":{"footnotes":""},"class_list":["post-20939","page","type-page","status-publish","hentry"],"_links":{"self":[{"href":"https:\/\/biblian.is\/videy\/wp-json\/wp\/v2\/pages\/20939","targetHints":{"allow":["GET"]}}],"collection":[{"href":"https:\/\/biblian.is\/videy\/wp-json\/wp\/v2\/pages"}],"about":[{"href":"https:\/\/biblian.is\/videy\/wp-json\/wp\/v2\/types\/page"}],"author":[{"embeddable":true,"href":"https:\/\/biblian.is\/videy\/wp-json\/wp\/v2\/users\/1"}],"replies":[{"embeddable":true,"href":"https:\/\/biblian.is\/videy\/wp-json\/wp\/v2\/comments?post=20939"}],"version-history":[{"count":0,"href":"https:\/\/biblian.is\/videy\/wp-json\/wp\/v2\/pages\/20939\/revisions"}],"wp:attachment":[{"href":"https:\/\/biblian.is\/videy\/wp-json\/wp\/v2\/media?parent=20939"}],"curies":[{"name":"wp","href":"https:\/\/api.w.org\/{rel}","templated":true}]}}