{"id":20938,"date":"2018-01-02T00:59:35","date_gmt":"2018-01-02T00:59:35","guid":{"rendered":"http:\/\/biblian.is\/videy\/onnur-mosebok-39-kafli\/"},"modified":"2018-01-02T00:59:35","modified_gmt":"2018-01-02T00:59:35","slug":"onnur-mosebok-39-kafli","status":"publish","type":"page","link":"https:\/\/biblian.is\/videy\/onnur-mosebok-39-kafli\/","title":{"rendered":"\u00d6nnur M\u00f3seb\u00f3k 39. kafli"},"content":{"rendered":"<div class=\"fyrirsognVidey\">S\u00e1 kennimannlegi skr\u00fa\u00f0i. Loki\u00f0 tjaldb\u00fa\u00f0argj\u00f6r\u00f0inni.<\/div>\n<p><a name=\"1\"><span class=\"versanumer\">1<\/span><\/a>Af d\u00f6kkbl\u00e1u ullinni, purpuranum og skarlatinu gj\u00f6r\u00f0u \u00feeir glitkl\u00e6\u00f0in, til emb\u00e6ttisgj\u00f6r\u00f0ar \u00ed helgid\u00f3minum; og bjuggu til \u00feann helga skr\u00fa\u00f0a handa Aroni, eins og Drottinn haf\u00f0i bo\u00f0i\u00f0 M\u00f3ses.<a name=\"2\"><span class=\"versanumer\">2<\/span><\/a>Hann bj\u00f3 til h\u00f6kulinn af gulli, d\u00f6kkbl\u00e1rri ull, purpura,skarlati, og hv\u00edtri vi\u00f0arull tvinna\u00f0ri;<a name=\"3\"><span class=\"versanumer\">3<\/span><\/a>\u00feeir beittu \u00fat gulli\u00f0 \u00ed \u00feynnur, en hann skar \u00feynnurnar \u00ed \u00fer\u00e6\u00f0i, til a\u00f0 breg\u00f0a \u00feeim inn \u00e1 milli bl\u00e1a bandsins, purpurans, skarlatsins, og \u00feeirrar hv\u00edtu vi\u00f0arullar, eins og gj\u00f6rt er \u00ed myndavefna\u00f0i.<a name=\"4\"><span class=\"versanumer\">4<\/span><\/a>\u00deeir gj\u00f6r\u00f0u axlarhl\u00fdrana vi\u00f0 h\u00f6kulinn, svo a\u00f0 \u00fe\u00e1 m\u00e1tti festa saman, og voru \u00feeir tengdir saman \u00e1 b\u00e1\u00f0um endum.<a name=\"5\"><span class=\"versanumer\">5<\/span><\/a>H\u00f6kulbelti\u00f0, sem l\u00e1 utan um h\u00f6kulinn, var eins vanda\u00f0, og af sama, af gulli, d\u00f6kkbl\u00e1rri ull, purpura, skarlati og hv\u00edtri vi\u00f0arull tvinna\u00f0ri, eins og Drottinn haf\u00f0i bo\u00f0i\u00f0 M\u00f3ses.<br \/><a name=\"6\"><span class=\"versanumer\">6<\/span><\/a>\u00deeir h\u00f6f\u00f0u og vi\u00f0 sardonyxsteina, sem felldir voru inn \u00ed umgjar\u00f0ir af gulli, og grafin \u00e1 \u00fe\u00e1 me\u00f0 innsiglisgrefti n\u00f6fn \u00cdsraelssona;<a name=\"7\"><span class=\"versanumer\">7<\/span><\/a>\u00feessa steina, sem voru minnissteinar \u00cdsraelsmanna, festi hann \u00e1 axlarhl\u00fdra h\u00f6kulsins, eins og Drottinn haf\u00f0i bo\u00f0i\u00f0 M\u00f3ses. <br \/><a name=\"8\"><span class=\"versanumer\">8<\/span><\/a>Hann bj\u00f3 til brj\u00f3stskj\u00f6ldinn me\u00f0 haglegum \u00fatvefna\u00f0i, og vanda\u00f0i hann, eins og h\u00f6kulinn, og gj\u00f6r\u00f0i hann \u00far gulli, d\u00f6kkbl\u00e1rri ull, purpura, skarlati, og hv\u00edtri vi\u00f0arull tvinna\u00f0ri.<a name=\"9\"><span class=\"versanumer\">9<\/span><\/a>Brj\u00f3stskj\u00f6ldurinn var ferskeyttur, og gj\u00f6r\u00f0u \u00feeir hann tv\u00f6faldan; hann var spannarlangur og spannarbrei\u00f0ur, og tv\u00f6faldur.<a name=\"10\"><span class=\"versanumer\">10<\/span><\/a>\u00deeir felldu \u00ed hann fj\u00f3rar steinara\u00f0ir; \u00ed einni r\u00f6\u00f0inni var sard\u00edus, t\u00f3pas og smaragdus: \u00fea\u00f0 var fyrsta r\u00f6\u00f0in;<a name=\"11\"><span class=\"versanumer\">11<\/span><\/a>\u00ed annarri r\u00f6\u00f0inni karbunk\u00falus, saff\u00edrus, demant;<a name=\"12\"><span class=\"versanumer\">12<\/span><\/a>\u00ed \u00feri\u00f0ju r\u00f6\u00f0inni \u00f3pal, agat, ametystus;<a name=\"13\"><span class=\"versanumer\">13<\/span><\/a>\u00ed fj\u00f3r\u00f0u r\u00f6\u00f0 t\u00farkos, sardonyx og jaspis; voru \u00feeir felldir \u00ed gull, hv\u00f6r \u00ed sinni umgj\u00f6r\u00f0.<a name=\"14\"><span class=\"versanumer\">14<\/span><\/a>\u00c1 steinunum voru n\u00f6fn \u00cdsraelssona, \u00feeir voru 12, hv\u00f6r me\u00f0 s\u00ednu nafni; \u00feeir voru grafnir me\u00f0 innsiglisgrefti, og st\u00f3\u00f0 sitt nafn \u00e1 hv\u00f6rjum \u00feeirra eftir \u00feeim 12 kynkv\u00edslum.<a name=\"15\"><span class=\"versanumer\">15<\/span><\/a>\u00deeir gj\u00f6r\u00f0u festar til brj\u00f3stskjaldarins af sk\u00edru gulli, \u00fe\u00e6r voru sn\u00fanar, eins og fl\u00e9ttur;<a name=\"16\"><span class=\"versanumer\">16<\/span><\/a>\u00feeir gj\u00f6r\u00f0u og tv\u00e6r umgjar\u00f0ir af gulli og tvo gullhringa, og \u00feessa tvo hringa settu \u00feeir \u00e1 tv\u00f6 horn brj\u00f3stskjaldarins,<a name=\"18\"><span class=\"versanumer\">18<\/span><\/a>en festu b\u00e1\u00f0a enda beggja fl\u00e9ttanna vi\u00f0 \u00fe\u00e6r tv\u00e6r umgjar\u00f0ir og festu \u00fe\u00e6r svo vi\u00f0 axlarhl\u00fdra h\u00f6kulsins hv\u00f6rja gegnt annarri.<a name=\"19\"><span class=\"versanumer\">19<\/span><\/a>\u00de\u00e1 gj\u00f6r\u00f0u \u00feeir enn tvo hringa af gulli, og festu \u00fe\u00e1 \u00ed hin hornin \u00e1 brj\u00f3stskildinum, innanvert \u00ed \u00fe\u00e1 br\u00fanina, sem a\u00f0 h\u00f6klinum vissi.<a name=\"20\"><span class=\"versanumer\">20<\/span><\/a>Enn gj\u00f6r\u00f0u \u00feeir tvo gullhringa, og festu \u00fe\u00e1 ne\u00f0antil \u00e1 b\u00e1\u00f0um axlarhl\u00fdrum h\u00f6kulsins hv\u00f6rn gegnt \u00f6\u00f0rum, \u00fear sem m\u00e6ttist h\u00f6kull og hl\u00fdrar, fyrir ofan h\u00f6kulbelti\u00f0;<a name=\"21\"><span class=\"versanumer\">21<\/span><\/a>kn\u00fdttu s\u00ed\u00f0an brj\u00f3stskj\u00f6ldinn, me\u00f0 s\u00ednum hringum, vi\u00f0 h\u00f6kulhringana me\u00f0 d\u00f6kkbl\u00e1um ullardregli, svo brj\u00f3stskj\u00f6ldurinn l\u00e6gi fast vi\u00f0 h\u00f6kulbelti\u00f0 og losna\u00f0i ekki vi\u00f0 h\u00f6kulinn, eins og Drottinn haf\u00f0i bo\u00f0i\u00f0 M\u00f3ses.<br \/><a name=\"22\"><span class=\"versanumer\">22<\/span><\/a>S\u00ed\u00f0an gj\u00f6r\u00f0i hann h\u00f6kulkyrtilinn, hann var ofinn og allur \u00far d\u00f6kkbl\u00e1rri ull;<a name=\"23\"><span class=\"versanumer\">23<\/span><\/a>\u00e1 kyrtlinum var h\u00f6fu\u00f0sm\u00e1t, eins og \u00e1 l\u00ednbrynju, og bor\u00f0i kringum h\u00e1lsm\u00e1li\u00f0, a\u00f0 ekki skyldi rifna \u00fat \u00far.<a name=\"24\"><span class=\"versanumer\">24<\/span><\/a>\u00c1 kyrtilfaldinum gj\u00f6r\u00f0u \u00feeir granatepli af d\u00f6kkbl\u00e1u ullarbandi, purpura og skarlati tvinnu\u00f0u;<a name=\"25\"><span class=\"versanumer\">25<\/span><\/a>\u00feeir gj\u00f6r\u00f0u og bj\u00f6llur af sk\u00edru gulli, og festu bj\u00f6llurnar allt um kring millum granateplanna \u00e1 kyrtilfaldinum,<a name=\"26\"><span class=\"versanumer\">26<\/span><\/a>svo a\u00f0 fyrst kom bjalla og granatepli, og svo aftur bjalla og granatepli allt um kring \u00e1 kyrtilfaldinum; \u00feetta skyldi hafa til emb\u00e6ttisgj\u00f6r\u00f0arinnar, eftir \u00fev\u00ed sem Drottinn haf\u00f0i bo\u00f0i\u00f0 M\u00f3ses.<br \/><a name=\"27\"><span class=\"versanumer\">27<\/span><\/a>\u00deeir gj\u00f6r\u00f0u og serki handa Aroni og sonum hans; \u00feeir voru ofnir og \u00far hv\u00edtri vi\u00f0arull;<a name=\"28\"><span class=\"versanumer\">28<\/span><\/a>s\u00f6mulei\u00f0is ennid\u00fakinn af hv\u00edtri vi\u00f0arull, og pr\u00fd\u00f0ilega h\u00f6fu\u00f0d\u00faka af hv\u00edtri vi\u00f0arull, og l\u00ednbr\u00e6kur af hv\u00edtri vi\u00f0arull tvinna\u00f0ri, d\u00f6kkbl\u00e1rri ull, purpura og skarlati, eins og Drottinn haf\u00f0i bo\u00f0i\u00f0 M\u00f3ses. <br \/><a name=\"30\"><span class=\"versanumer\">30<\/span><\/a>S\u00ed\u00f0an gj\u00f6r\u00f0u \u00feeir sp\u00f6ngina \u00e1 \u00feeim helga dregli af sk\u00edru gulli, og gr\u00f3fu \u00e1 hana me\u00f0 innsiglisgrefti \u00feessi or\u00f0: Heilagt fyrir Drottni;<a name=\"31\"><span class=\"versanumer\">31<\/span><\/a>\u00feeir festu vi\u00f0 hana d\u00f6kkbl\u00e1an ullardregil, svo hana m\u00e6tti l\u00e1ta upp \u00e1 ennid\u00fakinn, eins og Drottinn haf\u00f0i bo\u00f0i\u00f0 M\u00f3ses.<br \/><a name=\"32\"><span class=\"versanumer\">32<\/span><\/a>N\u00fa var loki\u00f0 \u00f6llu \u00fev\u00ed er vinna \u00feurfti a\u00f0 samkundutjaldb\u00fa\u00f0argj\u00f6r\u00f0inni og h\u00f6f\u00f0u \u00cdsraelsmenn haga\u00f0 \u00f6llu og gj\u00f6rt allt, eftir \u00fev\u00ed sem Drottinn haf\u00f0i bo\u00f0i\u00f0 M\u00f3ses.<a name=\"33\"><span class=\"versanumer\">33<\/span><\/a>S\u00ed\u00f0an fluttu \u00feeir b\u00fa\u00f0ina til M\u00f3sis, tjaldb\u00fana\u00f0inn me\u00f0 \u00f6llu \u00fev\u00ed sem honum fylgdi, kr\u00f3kana, bor\u00f0vi\u00f0inn, \u00e1sana, sto\u00f0irnar, pallana,<a name=\"34\"><span class=\"versanumer\">34<\/span><\/a>\u00feaki\u00f0 sem tilb\u00fai\u00f0 var af \u00feeim rau\u00f0litu\u00f0u hr\u00fataskinnum, selskinna\u00feaki\u00f0, fortjaldsd\u00fakana,<a name=\"35\"><span class=\"versanumer\">35<\/span><\/a>l\u00f6gm\u00e1ls\u00f6rkina, me\u00f0 hennar \u00e1sum og arkarloki\u00f0,<a name=\"36\"><span class=\"versanumer\">36<\/span><\/a>bor\u00f0i\u00f0 me\u00f0 \u00f6llum \u00feess b\u00fana\u00f0i, og sko\u00f0unarbrau\u00f0in,<a name=\"37\"><span class=\"versanumer\">37<\/span><\/a>\u00feann sk\u00ednanda lj\u00f3sahj\u00e1lm me\u00f0 s\u00ednum l\u00f6mpum, \u00feeim l\u00f6mpum sem \u00ed vissri r\u00f6\u00f0 skyldu uppsetjast <span class='VideyAth'>(r\u00f6\u00f0unarl\u00f6mpunum)<\/span>, \u00e1samt \u00f6llu sem hj\u00e1lminum fylgdi, og vi\u00f0smj\u00f6ri til l\u00fdsingar;<a name=\"38\"><span class=\"versanumer\">38<\/span><\/a>gullaltari\u00f0, smurningarvi\u00f0smj\u00f6ri\u00f0, ilmreykelsi\u00f0, dyratjald b\u00fa\u00f0arinnar,<a name=\"39\"><span class=\"versanumer\">39<\/span><\/a>eiraltari\u00f0, eirgrindina, sem \u00fev\u00ed fylgdi, \u00e1sa \u00feess og \u00f6ll \u00e1h\u00f6ld, vatnskeri\u00f0 og \u00feess st\u00e9tt,<a name=\"40\"><span class=\"versanumer\">40<\/span><\/a>langtj\u00f6ld forgar\u00f0sins, me\u00f0 hans s\u00falum og p\u00f6llum, dyratjald forgar\u00f0sins, st\u00f6g \u00feau og nagla, sem \u00fear til heyra, og \u00f6ll \u00feau \u00e1h\u00f6ld, sem heyra til \u00fej\u00f3nustugj\u00f6r\u00f0inni \u00ed samkundutjaldb\u00fa\u00f0inni;<a name=\"41\"><span class=\"versanumer\">41<\/span><\/a>glitkl\u00e6\u00f0i til emb\u00e6ttisgj\u00f6r\u00f0ar \u00ed helgid\u00f3minum, v\u00edgslukl\u00e6\u00f0i Arons kennimanns, og kennimannab\u00faning sona hans;<a name=\"42\"><span class=\"versanumer\">42<\/span><\/a>h\u00f6f\u00f0u \u00cdsraelsmenn unni\u00f0 a\u00f0 \u00feessu verki \u00ed \u00f6llum greinum eftir \u00fev\u00ed sem Drottinn haf\u00f0i bo\u00f0i\u00f0 M\u00f3ses.<a name=\"43\"><span class=\"versanumer\">43<\/span><\/a>M\u00f3ses leit yfir allt \u00fea\u00f0, sem \u00feeir h\u00f6f\u00f0u af hendi leyst, og \u00feegar hann s\u00e1, a\u00f0 \u00feeir \u00ed alla sta\u00f0i h\u00f6f\u00f0u gj\u00f6rt eins og Drottinn haf\u00f0i fyrir lagt, \u00fe\u00e1 blessa\u00f0i hann \u00fe\u00e1.<\/p>\n<div class=\"footnoteVidey\"><\/div>\n","protected":false},"excerpt":{"rendered":"<p>S\u00e1 kennimannlegi skr\u00fa\u00f0i. Loki\u00f0 tjaldb\u00fa\u00f0argj\u00f6r\u00f0inni. 1Af d\u00f6kkbl\u00e1u ullinni, purpuranum og skarlatinu gj\u00f6r\u00f0u \u00feeir glitkl\u00e6\u00f0in, til emb\u00e6ttisgj\u00f6r\u00f0ar \u00ed helgid\u00f3minum; og bjuggu til \u00feann helga skr\u00fa\u00f0a handa Aroni, eins og Drottinn haf\u00f0i bo\u00f0i\u00f0 M\u00f3ses.2Hann bj\u00f3 til h\u00f6kulinn af gulli, d\u00f6kkbl\u00e1rri ull, purpura,skarlati, og hv\u00edtri vi\u00f0arull tvinna\u00f0ri;3\u00feeir beittu \u00fat gulli\u00f0 \u00ed \u00feynnur, en hann skar \u00feynnurnar \u00ed \u00fer\u00e6\u00f0i, til a\u00f0 breg\u00f0a \u00feeim inn \u00e1 milli bl\u00e1a bandsins, purpurans, skarlatsins, og \u00feeirrar hv\u00edtu vi\u00f0arullar, eins og gj\u00f6rt er \u00ed myndavefna\u00f0i.4\u00deeir gj\u00f6r\u00f0u axlarhl\u00fdrana vi\u00f0 h\u00f6kulinn, svo a\u00f0 \u00fe\u00e1 m\u00e1tti festa saman, og voru \u00feeir tengdir saman \u00e1 b\u00e1\u00f0um endum.5H\u00f6kulbelti\u00f0, sem l\u00e1 utan um h\u00f6kulinn, var <a href=\"https:\/\/biblian.is\/videy\/onnur-mosebok-39-kafli\/\"> [&#8230;]<\/a><\/p>\n","protected":false},"author":1,"featured_media":0,"parent":0,"menu_order":0,"comment_status":"open","ping_status":"open","template":"bibliukaflar.php","meta":{"footnotes":""},"class_list":["post-20938","page","type-page","status-publish","hentry"],"_links":{"self":[{"href":"https:\/\/biblian.is\/videy\/wp-json\/wp\/v2\/pages\/20938","targetHints":{"allow":["GET"]}}],"collection":[{"href":"https:\/\/biblian.is\/videy\/wp-json\/wp\/v2\/pages"}],"about":[{"href":"https:\/\/biblian.is\/videy\/wp-json\/wp\/v2\/types\/page"}],"author":[{"embeddable":true,"href":"https:\/\/biblian.is\/videy\/wp-json\/wp\/v2\/users\/1"}],"replies":[{"embeddable":true,"href":"https:\/\/biblian.is\/videy\/wp-json\/wp\/v2\/comments?post=20938"}],"version-history":[{"count":0,"href":"https:\/\/biblian.is\/videy\/wp-json\/wp\/v2\/pages\/20938\/revisions"}],"wp:attachment":[{"href":"https:\/\/biblian.is\/videy\/wp-json\/wp\/v2\/media?parent=20938"}],"curies":[{"name":"wp","href":"https:\/\/api.w.org\/{rel}","templated":true}]}}