{"id":20937,"date":"2018-01-02T00:59:35","date_gmt":"2018-01-02T00:59:35","guid":{"rendered":"http:\/\/biblian.is\/videy\/onnur-mosebok-38-kafli\/"},"modified":"2018-01-02T00:59:35","modified_gmt":"2018-01-02T00:59:35","slug":"onnur-mosebok-38-kafli","status":"publish","type":"page","link":"https:\/\/biblian.is\/videy\/onnur-mosebok-38-kafli\/","title":{"rendered":"\u00d6nnur M\u00f3seb\u00f3k 38. kafli"},"content":{"rendered":"<div class=\"fyrirsognVidey\">Brennif\u00f3rnaraltari\u00f0. Forgar\u00f0urinn. Reikningur yfir gull, silfur og eir, sem gekk til sm\u00ed\u00f0isins.<\/div>\n<p><a name=\"1\"><span class=\"versanumer\">1<\/span><\/a>Hann gj\u00f6r\u00f0i og brennif\u00f3rnaraltari\u00f0 af belg\u00feornsvi\u00f0i; \u00fea\u00f0 var 5 \u00e1lna langt, og 5 \u00e1lna breitt, jafnt \u00e1 fj\u00f3ra vegu, og \u00feriggja \u00e1lna h\u00e1tt.<a name=\"2\"><span class=\"versanumer\">2<\/span><\/a>Hann gj\u00f6r\u00f0i horn \u00e1 altarinu upp af fj\u00f3rum hyrningum \u00feess, \u00feau horn voru samgj\u00f6r vi\u00f0 altari\u00f0; hann eirbj\u00f3 \u00feetta altari.<a name=\"3\"><span class=\"versanumer\">3<\/span><\/a>Hann gj\u00f6r\u00f0i \u00f6ll verkf\u00e6ri, sem altarinu fylgdu, \u00f6skutrogin, eldspa\u00f0ana, f\u00f3rnarsk\u00e1lirnar, so\u00f0kr\u00f3kana, og gl\u00f3\u00f0arkerin; \u00f6ll \u00e1h\u00f6ld \u00feess bj\u00f3 hann til af eiri.<a name=\"4\"><span class=\"versanumer\">4<\/span><\/a>\u00dev\u00ed n\u00e6st gj\u00f6r\u00f0i hann um altari\u00f0 grind af eiri, eins og ri\u00f0i\u00f0 er net, fyrir ne\u00f0an altari\u00f0 undir ni\u00f0ri og allt upp til \u00feess mi\u00f0s.<a name=\"5\"><span class=\"versanumer\">5<\/span><\/a>Hann steypti fj\u00f3ra hringa, og setti \u00fe\u00e1 \u00ed fj\u00f6gur horn eirgrindarinnar, til a\u00f0 smeygja \u00e1sunum \u00ed \u00fe\u00e1;<a name=\"6\"><span class=\"versanumer\">6<\/span><\/a>en \u00e1sana gj\u00f6r\u00f0i hann af belg\u00feornsvi\u00f0i, og eirbj\u00f3 \u00fe\u00e1;<a name=\"7\"><span class=\"versanumer\">7<\/span><\/a>hann smeyg\u00f0i \u00e1sunum \u00ed hringana, sem voru \u00e1 hli\u00f0vegum altarisins, svo bera m\u00e6tti altari\u00f0 \u00e1 \u00e1sunum; en altari\u00f0 sj\u00e1lft gj\u00f6r\u00f0i hann af \u00feiljum, svo \u00fea\u00f0 var holt innan.<br \/><a name=\"8\"><span class=\"versanumer\">8<\/span><\/a>\u00dev\u00ed n\u00e6st gj\u00f6r\u00f0i hann eirkeri\u00f0, og bj\u00f3 til undir \u00fea\u00f0 st\u00e9tt \u00far eirinu af speglum kvenna \u00feeirra, sem komu flokkum saman a\u00f0 samkundub\u00fa\u00f0ardyrunum.<br \/><a name=\"9\"><span class=\"versanumer\">9<\/span><\/a>Hann gj\u00f6r\u00f0i og forgar\u00f0inn; \u00e1 su\u00f0urhli\u00f0inni voru langtj\u00f6ld forgar\u00f0sins af hv\u00edtri vi\u00f0arull tvinna\u00f0ri, hundra\u00f0 \u00e1lna;<a name=\"10\"><span class=\"versanumer\">10<\/span><\/a>\u00fear til voru 20 sto\u00f0ir og 20 eirpallar, en kr\u00f3karnir \u00e1 sto\u00f0unum og syllurnar yfir \u00feeim voru af silfri.<a name=\"11\"><span class=\"versanumer\">11<\/span><\/a>\u00c1 nor\u00f0urhli\u00f0inni voru og t\u00edr\u00e6\u00f0 langtj\u00f6ld me\u00f0 20 sto\u00f0um \u00e1 20 eirp\u00f6llum, en kr\u00f3karnir \u00e1 sto\u00f0unum og syllurnar yfir \u00feeim af silfri.<a name=\"12\"><span class=\"versanumer\">12<\/span><\/a>Vestanmegin voru tj\u00f6ldin fimmtygir \u00e1lna, me\u00f0 10 sto\u00f0um og 10 p\u00f6llum, en kr\u00f3karnir \u00e1 sto\u00f0unum og syllurnar yfir \u00feeim af silfri.<a name=\"13\"><span class=\"versanumer\">13<\/span><\/a>\u00c1 austurhli\u00f0inni m\u00f3t s\u00f3laruppkomusta\u00f0 var 50 \u00e1lna;<a name=\"14\"><span class=\"versanumer\">14<\/span><\/a>\u00fear var annars vegar 15 \u00e1lna langt tjald me\u00f0 \u00feremur sto\u00f0um og \u00feremur p\u00f6llum,<a name=\"15\"><span class=\"versanumer\">15<\/span><\/a>og hins vegar \u00f6\u00f0rumegin forgar\u00f0s dyranna var s\u00f6mulei\u00f0is 15 \u00e1lna tjald me\u00f0 \u00feremur s\u00falum og \u00feremur p\u00f6llum.<a name=\"16\"><span class=\"versanumer\">16<\/span><\/a>\u00d6ll langtj\u00f6ld umhverfis um forgar\u00f0inn voru \u00far hv\u00edtri vi\u00f0arull tvinna\u00f0ri,<a name=\"17\"><span class=\"versanumer\">17<\/span><\/a>pallarnir undir sto\u00f0unum af eiri, kr\u00f3karnir \u00e1 s\u00falunum og syllurnar yfir \u00feeim af silfri, s\u00falnah\u00f6fu\u00f0in silfurb\u00fain; yfir \u00f6llum s\u00falum forgar\u00f0sins voru silfursyllur.<a name=\"18\"><span class=\"versanumer\">18<\/span><\/a>Fyrir innganginum til forgar\u00f0sins var glitofi\u00f0 tjald \u00far d\u00f6kkbl\u00e1rri ull, purpura, skarlati og hv\u00edtri vi\u00f0arull tvinna\u00f0ri, \u00fea\u00f0 var 20 \u00e1lna \u00e1 lengd, en 5 \u00e1lna \u00e1 h\u00e6\u00f0 eftir d\u00fakbreiddinni, eins og langtj\u00f6ld forgar\u00f0sins voru;<a name=\"19\"><span class=\"versanumer\">19<\/span><\/a>\u00fear til heyr\u00f0u fj\u00f3rar sto\u00f0ir og fj\u00f3rir eirpallar, kr\u00f3karnir \u00e1 s\u00falunum voru af silfri, s\u00falnah\u00f6fu\u00f0in silfurb\u00fain, og syllurnar yfir \u00feeim af silfri.<a name=\"20\"><span class=\"versanumer\">20<\/span><\/a>Allir naglar, sem til tjaldb\u00fa\u00f0arinnar og forgar\u00f0sins voru haf\u00f0ir, voru af eiri. <br \/><a name=\"21\"><span class=\"versanumer\">21<\/span><\/a>\u00deessi er reikningur yfir tjaldb\u00fa\u00f0ina, \u00fe. e. l\u00f6gm\u00e1lsb\u00fa\u00f0ina, samin eftir fyrirs\u00f6gn M\u00f3sis me\u00f0 tilhj\u00e1lp Lev\u00edtanna af \u00cdtamar, syni Arons kennimanns.<a name=\"22\"><span class=\"versanumer\">22<\/span><\/a>Besalel \u00dar\u00edson H\u00farssonar, af J\u00fada \u00e6ttkv\u00edsl, haf\u00f0i gj\u00f6rt allt \u00fea\u00f0, sem Drottinn haf\u00f0i bo\u00f0i\u00f0 M\u00f3ses.<a name=\"23\"><span class=\"versanumer\">23<\/span><\/a>Til a\u00f0sto\u00f0ar honum var settur Ohol\u00edab Ak\u00edsamaksson af Dans \u00e6ttkv\u00edsl, hann var hagur \u00e1 steingr\u00f6ft, myndavefna\u00f0 og glitvefna\u00f0 \u00ed d\u00f6kkbl\u00e1um d\u00fakum, purpura, skarlati og hv\u00edtum vi\u00f0ullard\u00fakum.<a name=\"24\"><span class=\"versanumer\">24<\/span><\/a>Allt \u00fea\u00f0 gull, sem haft var til a\u00f0 gj\u00f6ra af allan b\u00fana\u00f0 helgid\u00f3msins, og sem greitt var \u00ed veifunarf\u00f3rn, var 29 v\u00e6ttir og 730 siklar, eftir helgid\u00f3ms vog.<a name=\"25\"><span class=\"versanumer\">25<\/span><\/a>\u00dea\u00f0 silfur, sem al\u00fe\u00fd\u00f0an lag\u00f0i til, \u00fe\u00e1 manntali\u00f0 var teki\u00f0, var 100 v\u00e6ttir og 1775 siklar, eftir helgid\u00f3ms vog;<a name=\"26\"><span class=\"versanumer\">26<\/span><\/a>\u00fev\u00ed beka, e\u00f0ur h\u00e1lfur sikill eftir helgid\u00f3msvog, var goldinn fyrir hv\u00f6rn \u00feann, sem \u00ed manntali var\u00f0, fr\u00e1 tv\u00edtugu og \u00fear yfir, og \u00fea\u00f0 voru 603550 manns.<a name=\"27\"><span class=\"versanumer\">27<\/span><\/a>\u00de\u00e6r 100 v\u00e6ttir silfurs voru haf\u00f0ar til a\u00f0 steypa \u00far pallana til helgid\u00f3msins og pallana til fortjaldsins, \u00fea\u00f0 voru 100 pallar af 100 v\u00e6ttum, ein v\u00e6tt \u00e1 hv\u00f6rn pall.<a name=\"28\"><span class=\"versanumer\">28<\/span><\/a>Af \u00feeim 1775 siklum gj\u00f6r\u00f0i hann s\u00falnakr\u00f3kana, og silfurbj\u00f3 s\u00falnah\u00f6fu\u00f0in, og gj\u00f6r\u00f0i syllurnar ofan \u00e1 \u00feeim.<a name=\"29\"><span class=\"versanumer\">29<\/span><\/a>Eiri\u00f0, sem gefi\u00f0 var \u00ed veifunarf\u00f3rn, var 70 v\u00e6ttir og 2400 siklar;<a name=\"30\"><span class=\"versanumer\">30<\/span><\/a>\u00fear af gj\u00f6r\u00f0i hann pallana til samkundub\u00fa\u00f0ardyranna, eiraltari\u00f0, eirgrindina, sem \u00fev\u00ed fylgdi, og \u00f6ll \u00e1h\u00f6ld altarisins,<a name=\"31\"><span class=\"versanumer\">31<\/span><\/a>pallana til forgar\u00f0sins allt \u00ed kring, pallana til forgar\u00f0shli\u00f0anna, alla nagla til tjaldb\u00fa\u00f0arinnar, og allan saum til forgar\u00f0sins allt um kring.<\/p>\n<div class=\"footnoteVidey\"><\/div>\n","protected":false},"excerpt":{"rendered":"<p>Brennif\u00f3rnaraltari\u00f0. Forgar\u00f0urinn. Reikningur yfir gull, silfur og eir, sem gekk til sm\u00ed\u00f0isins. 1Hann gj\u00f6r\u00f0i og brennif\u00f3rnaraltari\u00f0 af belg\u00feornsvi\u00f0i; \u00fea\u00f0 var 5 \u00e1lna langt, og 5 \u00e1lna breitt, jafnt \u00e1 fj\u00f3ra vegu, og \u00feriggja \u00e1lna h\u00e1tt.2Hann gj\u00f6r\u00f0i horn \u00e1 altarinu upp af fj\u00f3rum hyrningum \u00feess, \u00feau horn voru samgj\u00f6r vi\u00f0 altari\u00f0; hann eirbj\u00f3 \u00feetta altari.3Hann gj\u00f6r\u00f0i \u00f6ll verkf\u00e6ri, sem altarinu fylgdu, \u00f6skutrogin, eldspa\u00f0ana, f\u00f3rnarsk\u00e1lirnar, so\u00f0kr\u00f3kana, og gl\u00f3\u00f0arkerin; \u00f6ll \u00e1h\u00f6ld \u00feess bj\u00f3 hann til af eiri.4\u00dev\u00ed n\u00e6st gj\u00f6r\u00f0i hann um altari\u00f0 grind af eiri, eins og ri\u00f0i\u00f0 er net, fyrir ne\u00f0an altari\u00f0 undir ni\u00f0ri og allt upp til \u00feess mi\u00f0s.5Hann steypti fj\u00f3ra <a href=\"https:\/\/biblian.is\/videy\/onnur-mosebok-38-kafli\/\"> [&#8230;]<\/a><\/p>\n","protected":false},"author":1,"featured_media":0,"parent":0,"menu_order":0,"comment_status":"open","ping_status":"open","template":"bibliukaflar.php","meta":{"footnotes":""},"class_list":["post-20937","page","type-page","status-publish","hentry"],"_links":{"self":[{"href":"https:\/\/biblian.is\/videy\/wp-json\/wp\/v2\/pages\/20937","targetHints":{"allow":["GET"]}}],"collection":[{"href":"https:\/\/biblian.is\/videy\/wp-json\/wp\/v2\/pages"}],"about":[{"href":"https:\/\/biblian.is\/videy\/wp-json\/wp\/v2\/types\/page"}],"author":[{"embeddable":true,"href":"https:\/\/biblian.is\/videy\/wp-json\/wp\/v2\/users\/1"}],"replies":[{"embeddable":true,"href":"https:\/\/biblian.is\/videy\/wp-json\/wp\/v2\/comments?post=20937"}],"version-history":[{"count":0,"href":"https:\/\/biblian.is\/videy\/wp-json\/wp\/v2\/pages\/20937\/revisions"}],"wp:attachment":[{"href":"https:\/\/biblian.is\/videy\/wp-json\/wp\/v2\/media?parent=20937"}],"curies":[{"name":"wp","href":"https:\/\/api.w.org\/{rel}","templated":true}]}}