{"id":20936,"date":"2018-01-02T00:59:35","date_gmt":"2018-01-02T00:59:35","guid":{"rendered":"http:\/\/biblian.is\/videy\/onnur-mosebok-37-kafli\/"},"modified":"2018-01-02T00:59:35","modified_gmt":"2018-01-02T00:59:35","slug":"onnur-mosebok-37-kafli","status":"publish","type":"page","link":"https:\/\/biblian.is\/videy\/onnur-mosebok-37-kafli\/","title":{"rendered":"\u00d6nnur M\u00f3seb\u00f3k 37. kafli"},"content":{"rendered":"<div class=\"fyrirsognVidey\">Sm\u00ed\u00f0u\u00f0 \u00f6rkin, arkarloki\u00f0, bor\u00f0i\u00f0, lj\u00f3sahj\u00e1lmurinn og reykelsisaltari\u00f0.<\/div>\n<p><a name=\"1\"><span class=\"versanumer\">1<\/span><\/a>S\u00ed\u00f0an gj\u00f6r\u00f0i Besalel \u00f6rkina af belg\u00feornsvi\u00f0i, h\u00fan var h\u00e1lfrar \u00feri\u00f0ju \u00e1lnar \u00e1 lengd, en h\u00e1lfrar annarrar \u00e1lnar \u00e1 breidd og h\u00e6\u00f0;<a name=\"2\"><span class=\"versanumer\">2<\/span><\/a>hann gullbj\u00f3 hana utan og innan me\u00f0 sk\u00edru gulli, og bj\u00f3 til r\u00f6nd \u00e1 henni af gulli umhverfis.<a name=\"3\"><span class=\"versanumer\">3<\/span><\/a>Hann steypti til arkarinnar fj\u00f3ra hringa af gulli, til a\u00f0 setja \u00ed fj\u00f6gur horn hennar, tvo hringa annarsvegar og tvo hinsvegar.<a name=\"4\"><span class=\"versanumer\">4<\/span><\/a>Hann gj\u00f6r\u00f0i \u00e1sa af belg\u00feornsvi\u00f0i, og gullbj\u00f3 \u00fe\u00e1,<a name=\"5\"><span class=\"versanumer\">5<\/span><\/a>smeyg\u00f0i svo \u00e1sunum \u00ed \u00fe\u00e1 hringa, sem voru \u00e1 hli\u00f0vegum arkarinnar, svo bera m\u00e6tti \u00f6rkina \u00e1 \u00feeim. <br \/><a name=\"6\"><span class=\"versanumer\">6<\/span><\/a>\u00de\u00e1 gj\u00f6r\u00f0i hann lok af sk\u00edru gulli, h\u00e1lfrar \u00feri\u00f0ju \u00e1lnar langt, og h\u00e1lfrar annarrar \u00e1lnar breitt.<a name=\"7\"><span class=\"versanumer\">7<\/span><\/a>Hann bj\u00f3 til tvo ker\u00faba \u00far drifnu gulli \u00e1 hvorumtveggja lokendanum,<a name=\"8\"><span class=\"versanumer\">8<\/span><\/a>var annar ker\u00fabinn \u00e1 loksendanum annarsvegar, en hinn \u00e1 hinum endanum, og l\u00e9t hann ker\u00fabana vera upp af lokinu \u00e1 b\u00e1\u00f0um endum \u00feess;<a name=\"9\"><span class=\"versanumer\">9<\/span><\/a>\u00feessir ker\u00fabar voru me\u00f0 \u00fatbreiddum v\u00e6ngjum yfir uppi, svo a\u00f0 \u00feeir huldu loki\u00f0 me\u00f0 v\u00e6ngjunum, en andlit \u00feeirra sneru hv\u00f6rt \u00ed m\u00f3t \u00f6\u00f0ru og horf\u00f0u \u00e1 loki\u00f0. <br \/><a name=\"10\"><span class=\"versanumer\">10<\/span><\/a>\u00de\u00e1 gj\u00f6r\u00f0i hann bor\u00f0i\u00f0 af belg\u00feornsvi\u00f0i, tveggja \u00e1lna langt, \u00e1lnar breitt, og h\u00e1lfrar annarrar \u00e1lnar h\u00e1tt;<a name=\"11\"><span class=\"versanumer\">11<\/span><\/a>hann bj\u00f3 \u00fea\u00f0 me\u00f0 sk\u00edru gulli, og gj\u00f6r\u00f0i gullr\u00f6nd umhverfis \u00e1 \u00fev\u00ed;<a name=\"12\"><span class=\"versanumer\">12<\/span><\/a>umhverfis \u00fea\u00f0 lag\u00f0i hann lista \u00feverhandarbrei\u00f0an, og bj\u00f3 til r\u00f6nd af gulli umhverfis \u00e1 listanum.<a name=\"13\"><span class=\"versanumer\">13<\/span><\/a>Hann steypti til bor\u00f0sins fj\u00f3ra hringa af gulli, og setti \u00fe\u00e1 \u00ed \u00feau fj\u00f6gur horn, sem voru \u00e1 \u00feeim fj\u00f3rum f\u00f3tum bor\u00f0sins;<a name=\"14\"><span class=\"versanumer\">14<\/span><\/a>\u00feessir hringar voru \u00e1 samkomum\u00f3tum listanna, og var \u00fear \u00ed smeygt \u00e1sunum til a\u00f0 bera bor\u00f0i\u00f0 \u00e1;<a name=\"15\"><span class=\"versanumer\">15<\/span><\/a>\u00e1sana til a\u00f0 bera bor\u00f0i\u00f0 \u00e1, bj\u00f3 hann til af belg\u00feornsvi\u00f0i og gullbj\u00f3 \u00fe\u00e1.<a name=\"16\"><span class=\"versanumer\">16<\/span><\/a>Hann bj\u00f3 til \u00feau ker, er bor\u00f0inu fylgdu, af sk\u00edru gulli, b\u00e6\u00f0i f\u00f6tin, sk\u00e1larnar, dreypikerin og bollana, sem til dreypif\u00f3rnar var haft. <br \/><a name=\"17\"><span class=\"versanumer\">17<\/span><\/a>Hann gj\u00f6r\u00f0i lj\u00f3sahj\u00e1lm af sk\u00edru gulli; \u00feann lj\u00f3sahj\u00e1lm gj\u00f6r\u00f0i hann af drifverki; m\u00f6ndullinn, liljurnar, sk\u00e1larnar, knapparnir og laufin voru samgj\u00f6rvingar.<a name=\"18\"><span class=\"versanumer\">18<\/span><\/a>Sex liljur l\u00e1gu \u00fat fr\u00e1 hj\u00e1lminum, \u00ferj\u00e1r liljur annars vegar, og \u00ferj\u00e1r hins vegar;<a name=\"19\"><span class=\"versanumer\">19<\/span><\/a>\u00e1 einni liljunni voru \u00ferj\u00e1r sk\u00e1lar, \u00ed l\u00f6gun sem mandelshvolf, me\u00f0 kn\u00f6ppum og laufum: \u00e1 n\u00e6stu lilju voru og \u00ferj\u00e1r sk\u00e1lar, \u00ed l\u00f6gun sem mandelshvolf, me\u00f0 kn\u00f6ppum og laufum; og svo var \u00e1 \u00f6llum 6 liljunum, sem \u00fat l\u00e1gu fr\u00e1 lj\u00f3sahj\u00e1lminum.<a name=\"20\"><span class=\"versanumer\">20<\/span><\/a>\u00c1 sj\u00e1lfri lj\u00f3sastikunni voru fj\u00f3rar sk\u00e1lar, \u00ed l\u00f6gun sem mandelshvolf, me\u00f0 kn\u00f6ppum og laufum;<a name=\"21\"><span class=\"versanumer\">21<\/span><\/a>var einn knappur undir tveimur liljunum, og samgj\u00f6r vi\u00f0 m\u00f6ndulinn, \u00fe\u00e1 annar knappur samgj\u00f6r undir tveimur n\u00e6stu liljum, og \u00fe\u00e1 enn \u00feri\u00f0ji knappur undir hinum tveimur liljunum, og enn samgj\u00f6r; \u00fea\u00f0 eru \u00fer\u00edr knappar fyrir \u00fe\u00e6r 6 liljur, sem \u00fat l\u00e1gu fr\u00e1 lj\u00f3sastikunni.<a name=\"22\"><span class=\"versanumer\">22<\/span><\/a>Knapparnir og liljurnar voru samgj\u00f6rvingar, var \u00fea\u00f0 allt gj\u00f6rt af einl\u00e6gu drifverki, og af sk\u00edru gulli.<a name=\"23\"><span class=\"versanumer\">23<\/span><\/a>Hann gj\u00f6r\u00f0i 7 lampa me\u00f0 lj\u00f3sahj\u00e1lminum; lj\u00f3sas\u00f6x og skarp\u00f6nnur, sem honum fylgdu, voru af sk\u00edru gulli.<a name=\"24\"><span class=\"versanumer\">24<\/span><\/a>Lj\u00f3sahj\u00e1lminn me\u00f0 \u00f6llum s\u00ednum b\u00fana\u00f0i gj\u00f6r\u00f0i hann af einni v\u00e6tt sk\u00edrs gulls. <br \/><a name=\"25\"><span class=\"versanumer\">25<\/span><\/a>S\u00ed\u00f0an gj\u00f6r\u00f0i hann reykelsisaltari\u00f0 af belg\u00feornsvi\u00f0i, \u00fea\u00f0 var \u00e1lnarlangt og \u00e1lnarbreitt, ferskeytt, tveggja \u00e1lna h\u00e1tt, og horn \u00feess samgj\u00f6r vi\u00f0 altari\u00f0.<a name=\"26\"><span class=\"versanumer\">26<\/span><\/a>Hann bj\u00f3 \u00fea\u00f0 me\u00f0 sk\u00edru gulli, b\u00e6\u00f0i a\u00f0 ofan og \u00e1 hli\u00f0um, og svo horn \u00feess, og gj\u00f6r\u00f0i gullr\u00f6nd \u00e1 \u00fev\u00ed allt umhverfis;<a name=\"27\"><span class=\"versanumer\">27<\/span><\/a>\u00fear til gj\u00f6r\u00f0i hann tvo hringa af gulli fyrir ne\u00f0an r\u00f6ndina, b\u00e1\u00f0umegin \u00e1 hyrningum \u00feess, til a\u00f0 smeygja \u00fear \u00ed \u00e1sum \u00feeim, er altari\u00f0 skyldi berast \u00e1;<a name=\"28\"><span class=\"versanumer\">28<\/span><\/a>\u00e1sana gj\u00f6r\u00f0i hann af belg\u00feornsvi\u00f0i, og gullbj\u00f3 \u00fe\u00e1.<a name=\"29\"><span class=\"versanumer\">29<\/span><\/a>Hann bj\u00f3 og til \u00fea\u00f0 helga smurningarvi\u00f0smj\u00f6r, og hreint ilmreykelsi \u00e1 kryddarah\u00e1tt.<\/p>\n<div class=\"footnoteVidey\"><\/div>\n","protected":false},"excerpt":{"rendered":"<p>Sm\u00ed\u00f0u\u00f0 \u00f6rkin, arkarloki\u00f0, bor\u00f0i\u00f0, lj\u00f3sahj\u00e1lmurinn og reykelsisaltari\u00f0. 1S\u00ed\u00f0an gj\u00f6r\u00f0i Besalel \u00f6rkina af belg\u00feornsvi\u00f0i, h\u00fan var h\u00e1lfrar \u00feri\u00f0ju \u00e1lnar \u00e1 lengd, en h\u00e1lfrar annarrar \u00e1lnar \u00e1 breidd og h\u00e6\u00f0;2hann gullbj\u00f3 hana utan og innan me\u00f0 sk\u00edru gulli, og bj\u00f3 til r\u00f6nd \u00e1 henni af gulli umhverfis.3Hann steypti til arkarinnar fj\u00f3ra hringa af gulli, til a\u00f0 setja \u00ed fj\u00f6gur horn hennar, tvo hringa annarsvegar og tvo hinsvegar.4Hann gj\u00f6r\u00f0i \u00e1sa af belg\u00feornsvi\u00f0i, og gullbj\u00f3 \u00fe\u00e1,5smeyg\u00f0i svo \u00e1sunum \u00ed \u00fe\u00e1 hringa, sem voru \u00e1 hli\u00f0vegum arkarinnar, svo bera m\u00e6tti \u00f6rkina \u00e1 \u00feeim. 6\u00de\u00e1 gj\u00f6r\u00f0i hann lok af sk\u00edru gulli, h\u00e1lfrar \u00feri\u00f0ju \u00e1lnar langt, og <a href=\"https:\/\/biblian.is\/videy\/onnur-mosebok-37-kafli\/\"> [&#8230;]<\/a><\/p>\n","protected":false},"author":1,"featured_media":0,"parent":0,"menu_order":0,"comment_status":"open","ping_status":"open","template":"bibliukaflar.php","meta":{"footnotes":""},"class_list":["post-20936","page","type-page","status-publish","hentry"],"_links":{"self":[{"href":"https:\/\/biblian.is\/videy\/wp-json\/wp\/v2\/pages\/20936","targetHints":{"allow":["GET"]}}],"collection":[{"href":"https:\/\/biblian.is\/videy\/wp-json\/wp\/v2\/pages"}],"about":[{"href":"https:\/\/biblian.is\/videy\/wp-json\/wp\/v2\/types\/page"}],"author":[{"embeddable":true,"href":"https:\/\/biblian.is\/videy\/wp-json\/wp\/v2\/users\/1"}],"replies":[{"embeddable":true,"href":"https:\/\/biblian.is\/videy\/wp-json\/wp\/v2\/comments?post=20936"}],"version-history":[{"count":0,"href":"https:\/\/biblian.is\/videy\/wp-json\/wp\/v2\/pages\/20936\/revisions"}],"wp:attachment":[{"href":"https:\/\/biblian.is\/videy\/wp-json\/wp\/v2\/media?parent=20936"}],"curies":[{"name":"wp","href":"https:\/\/api.w.org\/{rel}","templated":true}]}}