{"id":20934,"date":"2018-01-02T00:59:35","date_gmt":"2018-01-02T00:59:35","guid":{"rendered":"http:\/\/biblian.is\/videy\/onnur-mosebok-35-kafli\/"},"modified":"2018-01-02T00:59:35","modified_gmt":"2018-01-02T00:59:35","slug":"onnur-mosebok-35-kafli","status":"publish","type":"page","link":"https:\/\/biblian.is\/videy\/onnur-mosebok-35-kafli\/","title":{"rendered":"\u00d6nnur M\u00f3seb\u00f3k 35. kafli"},"content":{"rendered":"<div class=\"fyrirsognVidey\">Hv\u00edldardagshald. Upplyftingarf\u00f3rn til tjaldb\u00fa\u00f0arinnar. \u00c1g\u00e6ti Besalels og Ohol\u00edabs.<\/div>\n<p><a name=\"1\"><span class=\"versanumer\">1<\/span><\/a>M\u00f3ses stefndi saman allri al\u00fe\u00fd\u00f0u \u00cdsraelsmanna, og sag\u00f0i til \u00feeirra: \u00deetta er \u00fea\u00f0, sem Drottinn hefir bo\u00f0i\u00f0 a\u00f0 gj\u00f6ra:<a name=\"2\"><span class=\"versanumer\">2<\/span><\/a>Sex daga skaltu verk vinna, en \u00e1 \u00feeim sj\u00f6unda degi skulu\u00f0 \u00fe\u00e9r halda heilagt, \u00fe\u00e1 er h\u00e1t\u00ed\u00f0arhv\u00edld fyrir Drottni; hv\u00f6r sem nokkurt verk vinnur \u00e1 \u00feeim degi, hann skal l\u00e1ta l\u00edf sitt.<a name=\"3\"><span class=\"versanumer\">3<\/span><\/a>\u00de\u00e9r skulu\u00f0 engan eld gj\u00f6ra \u00ed \u00f6llum y\u00f0ar h\u00edb\u00fdlum \u00e1 hv\u00edldardegi.<br \/><a name=\"4\"><span class=\"versanumer\">4<\/span><\/a>M\u00f3ses tala\u00f0i til allrar al\u00fe\u00fd\u00f0u \u00cdsraelsmanna, og sag\u00f0i: \u00feetta er \u00fea\u00f0 sem Drottinn hefir bo\u00f0i, er hann sag\u00f0i:<a name=\"5\"><span class=\"versanumer\">5<\/span><\/a>velji\u00f0 Drottni upplyftingarf\u00f3rn; s\u00e9rhv\u00f6r s\u00e1, sem gefa vill af g\u00f3\u00f0um hug, f\u00e6ri Drottni \u00feessa lyftingarf\u00f3rn, gull, silfur, eir,<a name=\"6\"><span class=\"versanumer\">6<\/span><\/a>bl\u00e1a ull, purpura, skarlat, hv\u00edta vi\u00f0arull, geitah\u00e1r,<a name=\"7\"><span class=\"versanumer\">7<\/span><\/a>rau\u00f0litu\u00f0 hr\u00fataskinn, selskinn, belg\u00feornsvi\u00f0,<a name=\"8\"><span class=\"versanumer\">8<\/span><\/a>vi\u00f0smj\u00f6r til lj\u00f3sa, ilmjurtir til smurningar vi\u00f0smj\u00f6rs og ilmanda reykelsis,<a name=\"9\"><span class=\"versanumer\">9<\/span><\/a>sardonyxsteina og v\u00edgslusteina til h\u00f6kulsins og brj\u00f3stskjaldarins.<a name=\"10\"><span class=\"versanumer\">10<\/span><\/a>Hv\u00f6r af y\u00f0ur, sem er hagrar n\u00e1tt\u00faru, komi, og vinni a\u00f0 \u00f6llu \u00fev\u00ed, sem Drottinn hefir bo\u00f0i\u00f0;<a name=\"11\"><span class=\"versanumer\">11<\/span><\/a>\u00fea\u00f0 er b\u00fa\u00f0in og tj\u00f6ld hennar, og \u00feak, kr\u00f3kar, bor\u00f0vi\u00f0ur, \u00fevertr\u00e9, sto\u00f0ir og pallar;<a name=\"12\"><span class=\"versanumer\">12<\/span><\/a>\u00f6rkin og hennar \u00e1sar, arkarloki\u00f0 og fortjaldi\u00f0 \u00fear fyrir framan;<a name=\"13\"><span class=\"versanumer\">13<\/span><\/a>bor\u00f0i\u00f0 og \u00feess \u00e1sar, \u00f6ll \u00feess \u00e1h\u00f6ld og sko\u00f0unarbrau\u00f0in;<a name=\"14\"><span class=\"versanumer\">14<\/span><\/a>lj\u00f3sahj\u00e1lmurinn til a\u00f0 l\u00fdsa, og \u00fea\u00f0 sem honum fylgir, lampar og vi\u00f0smj\u00f6r til l\u00fdsingar;<a name=\"15\"><span class=\"versanumer\">15<\/span><\/a>reykelsisaltari\u00f0 og \u00feess \u00e1sar, smurningarvi\u00f0smj\u00f6r, ilmreykelsi, dyratjald fyrir b\u00fa\u00f0ardyrnar;<a name=\"16\"><span class=\"versanumer\">16<\/span><\/a>brennif\u00f3rnaraltari\u00f0, og eirgrindin, sem \u00fev\u00ed fylgir, \u00e1sar \u00feess og allur umb\u00fana\u00f0ur, og eirkeri\u00f0 me\u00f0 st\u00e9tt \u00feess;<a name=\"17\"><span class=\"versanumer\">17<\/span><\/a>langtj\u00f6ld forgar\u00f0sins me\u00f0 sto\u00f0um og p\u00f6llum, sem \u00fear til heyra, og dyratjald forgar\u00f0sins;<a name=\"18\"><span class=\"versanumer\">18<\/span><\/a>naglar til b\u00fa\u00f0arinnar og forgar\u00f0sins, og \u00feau st\u00f6g, sem \u00fear fylgja;<a name=\"19\"><span class=\"versanumer\">19<\/span><\/a>glitkl\u00e6\u00f0i til emb\u00e6ttisgj\u00f6r\u00f0ar \u00ed helgid\u00f3minum, v\u00edgslukl\u00e6\u00f0i Arons kennimanns, og kennimannab\u00faningur sona hans.<br \/><a name=\"20\"><span class=\"versanumer\">20<\/span><\/a>S\u00ed\u00f0an gekk \u00f6ll al\u00fe\u00fd\u00f0a \u00cdsraelsmanna \u00fat fr\u00e1 M\u00f3ses,<a name=\"21\"><span class=\"versanumer\">21<\/span><\/a>og allir, sem \u00fear til voru lundlagnir og h\u00f6f\u00f0u g\u00f3\u00f0an vilja, komu, og f\u00e6r\u00f0u upplyftingarf\u00f3rn til Drottins, til a\u00f0 fullgj\u00f6ra samkundutjaldb\u00fa\u00f0ina me\u00f0 \u00f6llu \u00fev\u00ed sem heyr\u00f0i til \u00fej\u00f3nustugj\u00f6r\u00f0arinnar, og b\u00faa til \u00feau helgu kl\u00e6\u00f0i;<a name=\"22\"><span class=\"versanumer\">22<\/span><\/a>komu svo allir \u00feeir, sem g\u00f3\u00f0f\u00fast hjarta h\u00f6f\u00f0u, b\u00e6\u00f0i menn og konur, og f\u00e6r\u00f0u nasanisti, eyrnagull, hringa, gullt\u00f6lur, og alls konar gullb\u00fana\u00f0; og eins hv\u00f6r ma\u00f0ur, sem veifa\u00f0i gulli til veifunarf\u00f3rnar fyrir Drottni;<a name=\"23\"><span class=\"versanumer\">23<\/span><\/a>og hv\u00f6r ma\u00f0ur, sem \u00e1tti \u00ed eigu sinni bl\u00e1a ull, purpura, skarlat, hv\u00edta vi\u00f0arull, geitah\u00e1r, rau\u00f0litu\u00f0 hr\u00fataskinn og selskinn, s\u00e1 bar \u00fea\u00f0 fram;<a name=\"24\"><span class=\"versanumer\">24<\/span><\/a>og hv\u00f6r sem upplyfti silfri e\u00f0a eir \u00ed upplyftingarf\u00f3rn Drottins, og hv\u00f6r sem \u00e1tti belg\u00feornsvi\u00f0, hann bar \u00fea\u00f0 fram til a\u00f0 gj\u00f6ra \u00fear af \u00fdmislegt sm\u00ed\u00f0i til \u00fej\u00f3nustugj\u00f6r\u00f0arinnar.<a name=\"25\"><span class=\"versanumer\">25<\/span><\/a>Allar \u00fe\u00e6r konur, sem hagar voru, spunnu me\u00f0 h\u00f6ndum s\u00ednum, og b\u00e1ru fram spuna sinn \u00far bl\u00e1u bandi, purpura, skarlati, og hv\u00edtri vi\u00f0arull;<a name=\"26\"><span class=\"versanumer\">26<\/span><\/a>og allar konur, sem \u00fear \u00e1 voru lundlagnar og h\u00f6f\u00f0u kunn\u00e1ttu til, spunnu geitah\u00e1r.<a name=\"27\"><span class=\"versanumer\">27<\/span><\/a>En h\u00f6f\u00f0ingjarnir f\u00e6r\u00f0u sardonyxsteina og v\u00edgslusteina til h\u00f6kulsins og brj\u00f3stskjaldarins,<a name=\"28\"><span class=\"versanumer\">28<\/span><\/a>og kryddjurtir og vi\u00f0smj\u00f6r til lj\u00f3sa, smurningarvi\u00f0smj\u00f6rs og ilmreykelsis;<a name=\"29\"><span class=\"versanumer\">29<\/span><\/a>eins gj\u00f6r\u00f0u allir menn og konur, hv\u00f6rra hj\u00f6rtu hneig\u00f0ust til a\u00f0 l\u00e1ta eitthva\u00f0 af hendi rakna til framkv\u00e6mdar \u00feess verks, sem Gu\u00f0 haf\u00f0i bo\u00f0i\u00f0 M\u00f3ses a\u00f0 gj\u00f6ra; \u00cdsraelsmenn f\u00e6r\u00f0u Drottni \u00feetta sj\u00e1lfviljugir. <br \/><a name=\"30\"><span class=\"versanumer\">30<\/span><\/a>M\u00f3ses sag\u00f0i til \u00cdsraelsmanna: sj\u00e1i\u00f0! Drottinn hefir kvatt Besalel \u00dar\u00edson H\u00farssonar af J\u00fada \u00e6ttkv\u00edsl,<a name=\"31\"><span class=\"versanumer\">31<\/span><\/a>og veitt honum gu\u00f0lega andagift, hagleik, kunn\u00e1ttu og skilning til alls konar handi\u00f0na,<a name=\"32\"><span class=\"versanumer\">32<\/span><\/a>svo a\u00f0 hann er mesti hugvitsma\u00f0ur \u00e1 gull, silfur og eir,<a name=\"33\"><span class=\"versanumer\">33<\/span><\/a>\u00e1 steingr\u00f6ft, steinsetning, tr\u00e9skur\u00f0 og alls konar hagleiksi\u00f0nir.<a name=\"34\"><span class=\"versanumer\">34<\/span><\/a>Hann hefir og gefi\u00f0 honum \u00fe\u00e1 g\u00e1fu a\u00f0 kenna \u00feetta \u00fat af s\u00e9r; og sama hefir hann veitt Ohol\u00edab Akisamakssyni af Dans \u00e6ttkv\u00edsl.<a name=\"35\"><span class=\"versanumer\">35<\/span><\/a>Hann hefir veitt \u00feeim gn\u00f3glegt hugvit til \u00fatskur\u00f0ar, myndavefna\u00f0ar, glitvefna\u00f0ar me\u00f0 bl\u00e1um litum, purpura og skarlati, og til d\u00fakvefna\u00f0ar, svo \u00feeir geta gj\u00f6rt alls konar handi\u00f0nir og fundi\u00f0 upp snilliverk af viti s\u00ednu.<\/p>\n<div class=\"footnoteVidey\"><\/div>\n","protected":false},"excerpt":{"rendered":"<p>Hv\u00edldardagshald. Upplyftingarf\u00f3rn til tjaldb\u00fa\u00f0arinnar. \u00c1g\u00e6ti Besalels og Ohol\u00edabs. 1M\u00f3ses stefndi saman allri al\u00fe\u00fd\u00f0u \u00cdsraelsmanna, og sag\u00f0i til \u00feeirra: \u00deetta er \u00fea\u00f0, sem Drottinn hefir bo\u00f0i\u00f0 a\u00f0 gj\u00f6ra:2Sex daga skaltu verk vinna, en \u00e1 \u00feeim sj\u00f6unda degi skulu\u00f0 \u00fe\u00e9r halda heilagt, \u00fe\u00e1 er h\u00e1t\u00ed\u00f0arhv\u00edld fyrir Drottni; hv\u00f6r sem nokkurt verk vinnur \u00e1 \u00feeim degi, hann skal l\u00e1ta l\u00edf sitt.3\u00de\u00e9r skulu\u00f0 engan eld gj\u00f6ra \u00ed \u00f6llum y\u00f0ar h\u00edb\u00fdlum \u00e1 hv\u00edldardegi.4M\u00f3ses tala\u00f0i til allrar al\u00fe\u00fd\u00f0u \u00cdsraelsmanna, og sag\u00f0i: \u00feetta er \u00fea\u00f0 sem Drottinn hefir bo\u00f0i, er hann sag\u00f0i:5velji\u00f0 Drottni upplyftingarf\u00f3rn; s\u00e9rhv\u00f6r s\u00e1, sem gefa vill af g\u00f3\u00f0um hug, f\u00e6ri Drottni \u00feessa lyftingarf\u00f3rn, gull, <a href=\"https:\/\/biblian.is\/videy\/onnur-mosebok-35-kafli\/\"> [&#8230;]<\/a><\/p>\n","protected":false},"author":1,"featured_media":0,"parent":0,"menu_order":0,"comment_status":"open","ping_status":"open","template":"bibliukaflar.php","meta":{"footnotes":""},"class_list":["post-20934","page","type-page","status-publish","hentry"],"_links":{"self":[{"href":"https:\/\/biblian.is\/videy\/wp-json\/wp\/v2\/pages\/20934","targetHints":{"allow":["GET"]}}],"collection":[{"href":"https:\/\/biblian.is\/videy\/wp-json\/wp\/v2\/pages"}],"about":[{"href":"https:\/\/biblian.is\/videy\/wp-json\/wp\/v2\/types\/page"}],"author":[{"embeddable":true,"href":"https:\/\/biblian.is\/videy\/wp-json\/wp\/v2\/users\/1"}],"replies":[{"embeddable":true,"href":"https:\/\/biblian.is\/videy\/wp-json\/wp\/v2\/comments?post=20934"}],"version-history":[{"count":0,"href":"https:\/\/biblian.is\/videy\/wp-json\/wp\/v2\/pages\/20934\/revisions"}],"wp:attachment":[{"href":"https:\/\/biblian.is\/videy\/wp-json\/wp\/v2\/media?parent=20934"}],"curies":[{"name":"wp","href":"https:\/\/api.w.org\/{rel}","templated":true}]}}