{"id":20933,"date":"2018-01-02T00:59:35","date_gmt":"2018-01-02T00:59:35","guid":{"rendered":"http:\/\/biblian.is\/videy\/onnur-mosebok-34-kafli\/"},"modified":"2018-01-02T00:59:35","modified_gmt":"2018-01-02T00:59:35","slug":"onnur-mosebok-34-kafli","status":"publish","type":"page","link":"https:\/\/biblian.is\/videy\/onnur-mosebok-34-kafli\/","title":{"rendered":"\u00d6nnur M\u00f3seb\u00f3k 34. kafli"},"content":{"rendered":"<div class=\"fyrirsognVidey\">N\u00fdjar l\u00f6gm\u00e1lst\u00f6flur. D\u00fdr\u00f0in Drottins. Gu\u00f0s s\u00e1ttm\u00e1li. M\u00f3sis lj\u00f3mandi \u00e1sj\u00f3na.<\/div>\n<p><a name=\"1\"><span class=\"versanumer\">1<\/span><\/a>Drottinn sag\u00f0i til M\u00f3sis: h\u00f6gg \u00fe\u00e9r tv\u00e6r t\u00f6flur af steini, sl\u00edkar sem \u00fe\u00e6r fyrri voru; mun eg \u00fe\u00e1 rita \u00e1 \u00fe\u00e6r t\u00f6flur \u00feau or\u00f0, sem st\u00f3\u00f0u \u00e1 hinum fyrri t\u00f6flunum; er \u00fe\u00fa braust \u00ed sundur.<a name=\"2\"><span class=\"versanumer\">2<\/span><\/a>Vert b\u00fainn \u00e1 morgun, og st\u00edg \u00e1rla upp \u00e1 S\u00edna\u00edfjall, og kom \u00fear til m\u00edn uppi \u00e1 fjallstindinum.<a name=\"3\"><span class=\"versanumer\">3<\/span><\/a>Enginn ma\u00f0ur m\u00e1 fara upp \u00feanga\u00f0 me\u00f0 \u00fe\u00e9r, og enginn m\u00e1 l\u00e1ta sj\u00e1 sig nokkurssta\u00f0ar \u00e1 fjallinu, og ekki m\u00e1 heldur beita nautum e\u00f0a sau\u00f0um h\u00e9r uppi undir fjalli\u00f0.<a name=\"4\"><span class=\"versanumer\">4<\/span><\/a>\u00de\u00e1 hj\u00f3 M\u00f3ses tv\u00e6r t\u00f6flur af steini, sl\u00edkar sem hinar fyrri voru; hann reis upp snemma um morguninn, og gekk upp \u00e1 S\u00edna\u00edfjall, sem Drottinn haf\u00f0i bo\u00f0i\u00f0 honum, og t\u00f3k \u00ed h\u00f6nd s\u00e9r b\u00e1\u00f0ar steint\u00f6flurnar.<a name=\"5\"><span class=\"versanumer\">5<\/span><\/a>\u00de\u00e1 steig Drottinn ni\u00f0ur \u00ed sk\u00fdi, sta\u00f0n\u00e6mdist \u00fear hj\u00e1 honum, og nefndi nafn Drottins;<a name=\"6\"><span class=\"versanumer\">6<\/span><\/a>s\u00ed\u00f0an gekk Drottinn fram fyrir hans augs\u00fdn, og kalla\u00f0i: Drottinn, Drottinn, miskunnsamur og l\u00edknsamur Gu\u00f0, \u00feolinm\u00f3\u00f0ur, g\u00e6skur\u00edkur og tr\u00fafastur,<a name=\"7\"><span class=\"versanumer\">7<\/span><\/a>sem au\u00f0s\u00fdnir g\u00e6sku \u00ed \u00fe\u00fasund li\u00f0u, og fyrirgefur misgj\u00f6r\u00f0ir, afbrot og syndir, en l\u00e6tur \u00fe\u00e6r \u00fe\u00f3 ekki \u00e1vallt \u00f3hegndar, heldur hegnir misgj\u00f6r\u00f0ir fe\u00f0ranna \u00e1 b\u00f6rnum og barnab\u00f6rnum \u00ed \u00feri\u00f0ja og fj\u00f3r\u00f0a li\u00f0.<a name=\"8\"><span class=\"versanumer\">8<\/span><\/a>M\u00f3ses laut \u00feegar til jar\u00f0ar, tilba\u00f0,<a name=\"9\"><span class=\"versanumer\">9<\/span><\/a>og sag\u00f0i: hafi eg, Drottinn, fundi\u00f0 l\u00edkn fyrir \u00fe\u00ednu augliti, \u00fe\u00e1 fari Drottinn me\u00f0 oss, enn \u00fe\u00f3tt \u00feessi l\u00fd\u00f0ur s\u00e9 baldst\u00fdrugur; fyrirgef oss vorar misgj\u00f6r\u00f0ir og syndir, og l\u00e1t oss vera \u00fe\u00edna eign.<a name=\"10\"><span class=\"versanumer\">10<\/span><\/a>Og hann sag\u00f0i: eg vil gj\u00f6ra eitt s\u00e1ttm\u00e1l; \u00ed augs\u00fdn alls \u00fe\u00edns f\u00f3lks vil eg gj\u00f6ra \u00feau st\u00f3rmerki, sem aldrei hafa sl\u00edk or\u00f0i\u00f0 \u00ed nokkuru landi e\u00f0a hj\u00e1 nokkurri \u00fej\u00f3\u00f0; allt f\u00f3lki\u00f0, sem \u00fe\u00fa ert hj\u00e1, skal sj\u00e1 \u00fea\u00f0 verk, sem Drottinn mun vinna, \u00fev\u00ed d\u00e1samlegt skal \u00fea\u00f0 vera, sem eg gj\u00f6ri vi\u00f0 \u00feitt f\u00f3lk.<a name=\"11\"><span class=\"versanumer\">11<\/span><\/a>G\u00e6t \u00fev\u00ed \u00feess, sem eg b\u00fd\u00f0 \u00fe\u00e9r \u00ed dag: sj\u00e1! eg vil \u00fatreka Amor\u00edta, Kanan\u00edta, Het\u00edta, Feres\u00edta, Hev\u00edta og Jeb\u00fas\u00edta undan \u00fe\u00e9r;<a name=\"12\"><span class=\"versanumer\">12<\/span><\/a>varast \u00fev\u00ed a\u00f0 gj\u00f6ra nokkurn s\u00e1ttm\u00e1la vi\u00f0 innb\u00faa \u00feessa lands, sem \u00fe\u00fa kemur til, svo \u00feeir ver\u00f0i \u00fe\u00e9r ekki til falls, ef \u00feeir b\u00faa \u00e1 me\u00f0al \u00fe\u00edn;<a name=\"13\"><span class=\"versanumer\">13<\/span><\/a>heldur skulu\u00f0 \u00fe\u00e9r ni\u00f0urbrj\u00f3ta \u00feeirra \u00f6lturu, m\u00f6lva \u00ed sundur \u00feeirra go\u00f0al\u00edkneskjur, og h\u00f6ggva ni\u00f0ur \u00feeirra afgu\u00f0i;<a name=\"14\"><span class=\"versanumer\">14<\/span><\/a>\u00fev\u00ed \u00fe\u00fa m\u00e1tt ekki falla fram fyrir nokkurum afgu\u00f0i, \u00fev\u00ed Drottinn heitir vandl\u00e6tari, hann er vandl\u00e1tur Gu\u00f0.<a name=\"15\"><span class=\"versanumer\">15<\/span><\/a>Varast a\u00f0 gj\u00f6ra nokkurn s\u00e1ttm\u00e1la vi\u00f0 innb\u00faa landsins; \u00feeir munu bl\u00f3ta afgu\u00f0i s\u00edna og f\u00e6ra \u00feeim f\u00f3rnir, \u00feeir munu bj\u00f3\u00f0a \u00fe\u00e9r, og \u00fe\u00fa munt eta af \u00feeirra f\u00f3rnum;<a name=\"16\"><span class=\"versanumer\">16<\/span><\/a>\u00fe\u00fa munt taka \u00feeirra d\u00e6tur handa sonum \u00fe\u00ednum, en \u00fe\u00e6r munu bl\u00f3ta s\u00edna afgu\u00f0i og lokka syni \u00fe\u00edna til a\u00f0 bl\u00f3ta \u00fe\u00e1 l\u00edka.<a name=\"17\"><span class=\"versanumer\">17<\/span><\/a>\u00de\u00fa m\u00e1tt engin steypt go\u00f0 gj\u00f6ra \u00fe\u00e9r.<a name=\"18\"><span class=\"versanumer\">18<\/span><\/a>\u00de\u00fa skalt halda h\u00e1t\u00ed\u00f0 enna \u00f3s\u00fdr\u00f0u brau\u00f0a; sj\u00f6 daga skalt\u00fa eta \u00f3s\u00fdr\u00f0 brau\u00f0, eins og eg hefi bo\u00f0i\u00f0 \u00fe\u00e9r, \u00e1 \u00e1kve\u00f0num t\u00edma \u00ed m\u00e1nu\u00f0inum ab\u00edb, \u00fev\u00ed \u00ed m\u00e1nu\u00f0inum ab\u00edb f\u00f3rst \u00fe\u00fa \u00fat af Egyptalandi.<a name=\"19\"><span class=\"versanumer\">19<\/span><\/a>Allt \u00fea\u00f0 sem fyrst f\u00e6\u00f0ist, heyrir m\u00e9r til; s\u00f6mulei\u00f0is allt sem karlkyns f\u00e6\u00f0ist af f\u00e9na\u00f0i \u00fe\u00ednum, frumbur\u00f0i nauta og sau\u00f0a.<a name=\"20\"><span class=\"versanumer\">20<\/span><\/a>Frumbur\u00f0i undan \u00f6snum skaltu leysa me\u00f0 lambi; leysir \u00fe\u00fa ekki, skaltu brj\u00f3ta \u00fe\u00e1 \u00far h\u00e1lsli\u00f0um; alla frumbur\u00f0i sona \u00feinna skaltu leysa; enginn skal me\u00f0 t\u00f3mar hendur koma fram fyrir mitt auglit.<a name=\"21\"><span class=\"versanumer\">21<\/span><\/a>Sex daga skaltu vinna, en hv\u00edlast \u00feann sj\u00f6unda dag, \u00fe\u00e1 skaltu ekkert vinna, hv\u00f6rt sem heldur er pl\u00e6gingart\u00edmi e\u00f0a kornskeru.<a name=\"22\"><span class=\"versanumer\">22<\/span><\/a>\u00de\u00fa skalt halda <span class='VideyAth'>(sj\u00f6*)<\/span> viknah\u00e1t\u00ed\u00f0ina, og f\u00f3rna \u00fe\u00e1 frumgr\u00f3\u00f0a hveitiaflans; svo og uppskeruh\u00e1t\u00ed\u00f0ina vi\u00f0 \u00e1rslokin.<a name=\"23\"><span class=\"versanumer\">23<\/span><\/a>\u00derem sinnum \u00e1 \u00e1ri skal allt \u00feitt karlkyn birtast frammi fyrir Drottni alm\u00e1ttugum, Gu\u00f0i \u00cdsraels.<a name=\"24\"><span class=\"versanumer\">24<\/span><\/a>Eg vil st\u00f6kkva hei\u00f0ingjunum undan \u00fe\u00e9r, og f\u00e6ra \u00fat landamerki \u00fe\u00edn, og \u00fe\u00e1 skal enginn \u00e1seilast \u00feitt land, \u00feegar \u00fe\u00fa fer upp \u00ferem sinnum \u00e1 \u00e1ri til a\u00f0 birtast frammi fyrir Drottni, Gu\u00f0i \u00fe\u00ednum.<a name=\"25\"><span class=\"versanumer\">25<\/span><\/a>\u00de\u00fa m\u00e1tt ekki f\u00f3rnf\u00e6ra f\u00f3rnarbl\u00f3\u00f0i m\u00ednu me\u00f0 s\u00fdr\u00f0u brau\u00f0i, og p\u00e1skaf\u00f3rnin m\u00e1 ekki liggja til morguns.<a name=\"26\"><span class=\"versanumer\">26<\/span><\/a>\u00dea\u00f0 besta af frumgr\u00f3\u00f0a \u00fe\u00edns lands skaltu f\u00e6ra til h\u00fas Drottins Gu\u00f0s \u00fe\u00edns. \u00de\u00fa m\u00e1tt ekki sj\u00f3\u00f0a ki\u00f0i\u00f0 \u00ed mj\u00f3lk m\u00f3\u00f0ur sinnar.<a name=\"27\"><span class=\"versanumer\">27<\/span><\/a>Drottinn sag\u00f0i til M\u00f3ses: skrifa \u00fe\u00fa upp \u00feessi or\u00f0, \u00fev\u00ed samkv\u00e6mt \u00feessum or\u00f0um hefi eg gj\u00f6rt s\u00e1ttm\u00e1la vi\u00f0 \u00feig og \u00cdsraelsmenn.<a name=\"28\"><span class=\"versanumer\">28<\/span><\/a>\u00dear var hann hj\u00e1 Drottni \u00ed 40 daga og 40 n\u00e6tur, og \u00e1t ekki brau\u00f0 og drakk ekki vatn. Hann skrifa\u00f0i \u00e1 t\u00f6flurnar or\u00f0 s\u00e1ttm\u00e1lans, \u00feau t\u00edu bo\u00f0or\u00f0in. <br \/><a name=\"29\"><span class=\"versanumer\">29<\/span><\/a>M\u00f3ses gekk ofan af S\u00edna\u00edfjalli, og haf\u00f0i b\u00e1\u00f0ar l\u00f6gm\u00e1lst\u00f6flurnar \u00ed hendi s\u00e9r; en er hann kom ofan af fjallinu, vissi hann ekki, a\u00f0 geislar st\u00f3\u00f0u af andliti s\u00ednu, af \u00fev\u00ed hann haf\u00f0i tala\u00f0 vi\u00f0 Gu\u00f0.<a name=\"30\"><span class=\"versanumer\">30<\/span><\/a>En er Aron og allir \u00cdsraelsmenn s\u00e1u, a\u00f0 geislar st\u00f3\u00f0u af andliti hans, \u00fe\u00e1 \u00feor\u00f0u \u00feeir ekki a\u00f0 koma n\u00e6rri honum.<a name=\"31\"><span class=\"versanumer\">31<\/span><\/a>\u00de\u00e1 kalla\u00f0i M\u00f3ses \u00e1 \u00fe\u00e1, og sneru \u00feeir s\u00e9r \u00fe\u00e1 til hans, Aron og allir h\u00f6f\u00f0ingjar al\u00fe\u00fd\u00f0unnar, og tala\u00f0i M\u00f3ses vi\u00f0 \u00fe\u00e1.<a name=\"32\"><span class=\"versanumer\">32<\/span><\/a>Eftir \u00fea\u00f0 gengu allir \u00cdsraelsmenn til hans, og \u00fe\u00e1 bau\u00f0 hann \u00feeim a\u00f0 halda allt \u00fea\u00f0, sem Drottinn haf\u00f0i tala\u00f0 vi\u00f0 hann \u00e1 S\u00edna\u00edfjalli.<a name=\"33\"><span class=\"versanumer\">33<\/span><\/a>Og er M\u00f3ses haf\u00f0i loki\u00f0 r\u00e6\u00f0u sinni vi\u00f0 \u00fe\u00e1, l\u00e9t hann sk\u00fdlu fyrir sitt andlit;<a name=\"34\"><span class=\"versanumer\">34<\/span><\/a>en er hann gekk fram fyrir Drottin a\u00f0 tala vi\u00f0 hann, t\u00f3k hann sk\u00fdluna fr\u00e1, \u00fear til hann gekk \u00fat aftur; gekk s\u00ed\u00f0an \u00fat, og tala\u00f0i vi\u00f0 \u00cdsraelsmenn \u00fea\u00f0 sem honum var bo\u00f0i\u00f0;<a name=\"35\"><span class=\"versanumer\">35<\/span><\/a>s\u00e1u \u00cdsraelsmenn \u00fe\u00e1 andlit M\u00f3ses, hv\u00f6rsu geislar st\u00f6fu\u00f0u af \u00e1sj\u00f3nu hans; \u00fe\u00e1 l\u00e9t hann sk\u00fdluna aftur fyrir andlit sitt, \u00fear til hann gekk aftur til Gu\u00f0s a\u00f0 tala vi\u00f0 hann.<\/p>\n<div class=\"footnoteVidey\">*) 3 M\u00f3s. 23,15\u201317; 2 M\u00f3s. 23,16.<\/div>\n","protected":false},"excerpt":{"rendered":"<p>N\u00fdjar l\u00f6gm\u00e1lst\u00f6flur. D\u00fdr\u00f0in Drottins. Gu\u00f0s s\u00e1ttm\u00e1li. M\u00f3sis lj\u00f3mandi \u00e1sj\u00f3na. 1Drottinn sag\u00f0i til M\u00f3sis: h\u00f6gg \u00fe\u00e9r tv\u00e6r t\u00f6flur af steini, sl\u00edkar sem \u00fe\u00e6r fyrri voru; mun eg \u00fe\u00e1 rita \u00e1 \u00fe\u00e6r t\u00f6flur \u00feau or\u00f0, sem st\u00f3\u00f0u \u00e1 hinum fyrri t\u00f6flunum; er \u00fe\u00fa braust \u00ed sundur.2Vert b\u00fainn \u00e1 morgun, og st\u00edg \u00e1rla upp \u00e1 S\u00edna\u00edfjall, og kom \u00fear til m\u00edn uppi \u00e1 fjallstindinum.3Enginn ma\u00f0ur m\u00e1 fara upp \u00feanga\u00f0 me\u00f0 \u00fe\u00e9r, og enginn m\u00e1 l\u00e1ta sj\u00e1 sig nokkurssta\u00f0ar \u00e1 fjallinu, og ekki m\u00e1 heldur beita nautum e\u00f0a sau\u00f0um h\u00e9r uppi undir fjalli\u00f0.4\u00de\u00e1 hj\u00f3 M\u00f3ses tv\u00e6r t\u00f6flur af steini, sl\u00edkar sem hinar fyrri voru; <a href=\"https:\/\/biblian.is\/videy\/onnur-mosebok-34-kafli\/\"> [&#8230;]<\/a><\/p>\n","protected":false},"author":1,"featured_media":0,"parent":0,"menu_order":0,"comment_status":"open","ping_status":"open","template":"bibliukaflar.php","meta":{"footnotes":""},"class_list":["post-20933","page","type-page","status-publish","hentry"],"_links":{"self":[{"href":"https:\/\/biblian.is\/videy\/wp-json\/wp\/v2\/pages\/20933","targetHints":{"allow":["GET"]}}],"collection":[{"href":"https:\/\/biblian.is\/videy\/wp-json\/wp\/v2\/pages"}],"about":[{"href":"https:\/\/biblian.is\/videy\/wp-json\/wp\/v2\/types\/page"}],"author":[{"embeddable":true,"href":"https:\/\/biblian.is\/videy\/wp-json\/wp\/v2\/users\/1"}],"replies":[{"embeddable":true,"href":"https:\/\/biblian.is\/videy\/wp-json\/wp\/v2\/comments?post=20933"}],"version-history":[{"count":0,"href":"https:\/\/biblian.is\/videy\/wp-json\/wp\/v2\/pages\/20933\/revisions"}],"wp:attachment":[{"href":"https:\/\/biblian.is\/videy\/wp-json\/wp\/v2\/media?parent=20933"}],"curies":[{"name":"wp","href":"https:\/\/api.w.org\/{rel}","templated":true}]}}