{"id":20932,"date":"2018-01-02T00:59:35","date_gmt":"2018-01-02T00:59:35","guid":{"rendered":"http:\/\/biblian.is\/videy\/onnur-mosebok-33-kafli\/"},"modified":"2018-01-02T00:59:35","modified_gmt":"2018-01-02T00:59:35","slug":"onnur-mosebok-33-kafli","status":"publish","type":"page","link":"https:\/\/biblian.is\/videy\/onnur-mosebok-33-kafli\/","title":{"rendered":"\u00d6nnur M\u00f3seb\u00f3k 33. kafli"},"content":{"rendered":"<div class=\"fyrirsognVidey\">Yfirb\u00f3t f\u00f3lksins; M\u00f3ses bi\u00f0ur fyrir \u00fev\u00ed.<\/div>\n<p><a name=\"1\"><span class=\"versanumer\">1<\/span><\/a>Drottinn sag\u00f0i til M\u00f3sis: gakk, og far h\u00e9\u00f0an me\u00f0 \u00fea\u00f0 f\u00f3lk, sem \u00fe\u00fa fluttir burt af Egyptalandi, til \u00feess lands, sem eg s\u00f3r a\u00f0 gefa Abraham, \u00cdsaak og Jakob, er eg sag\u00f0a: ni\u00f0jum \u00fe\u00ednum vil eg gefa \u00fea\u00f0.<a name=\"2\"><span class=\"versanumer\">2<\/span><\/a>Eg vil senda engil \u00e1 undan \u00fe\u00e9r\u2014og \u00fatreka Kanan\u00edta, Amor\u00edta, Het\u00edta, Feres\u00edta, Hev\u00edta og Jeb\u00fas\u00edta\u2014<a name=\"3\"><span class=\"versanumer\">3<\/span><\/a>til \u00feess lands, sem fl\u00fdtur af mj\u00f3lk og hunangi; en ekki vil eg sj\u00e1lfur fara upp \u00feanga\u00f0 me\u00f0 \u00fe\u00e9r, sem ert svo baldst\u00fdrugur l\u00fd\u00f0ur, svo a\u00f0 eg ekki tort\u00fdni \u00fe\u00e9r \u00e1 lei\u00f0inni.<a name=\"4\"><span class=\"versanumer\">4<\/span><\/a>En er f\u00f3lki\u00f0 heyr\u00f0i \u00feennan \u00f3f\u00f6gnu\u00f0, gr\u00e9t \u00fea\u00f0, og enginn ma\u00f0ur bj\u00f3 sig \u00ed skart.<a name=\"5\"><span class=\"versanumer\">5<\/span><\/a>\u00dev\u00ed Drottinn haf\u00f0i sagt til M\u00f3sis: seg \u00cdsraelsm\u00f6nnum: \u00fe\u00e9r eru\u00f0 baldst\u00fdrug \u00fej\u00f3\u00f0; s\u00e9 eg eitt augnablik me\u00f0al \u00fe\u00edn \u00e1 lei\u00f0inni, \u00fe\u00e1 tort\u00fdni eg \u00fe\u00e9r; en legg n\u00fa af \u00fe\u00e9r skart \u00feitt, svo eg viti, hva\u00f0 eg \u00e1 a\u00f0 gj\u00f6ra vi\u00f0 \u00feig.<a name=\"6\"><span class=\"versanumer\">6<\/span><\/a>\u00de\u00e1 l\u00f6g\u00f0u \u00cdsraelsmenn ni\u00f0ur skart sitt \u00e1 fjallinu H\u00f3reb.<a name=\"7\"><span class=\"versanumer\">7<\/span><\/a>En M\u00f3ses t\u00f3k tjald <span class='VideyAth'>(sitt)<\/span>, og tjalda\u00f0i fyrir utan herb\u00fa\u00f0irnar, langan veg \u00fea\u00f0an fr\u00e1, og kalla\u00f0i \u00fea\u00f0 samkundutjald; og var\u00f0 hv\u00f6r s\u00e1 ma\u00f0ur, sem a\u00f0spyrja vildi Drottin, a\u00f0 fara \u00fat til samkundutjaldsins, sem var fyrir utan herb\u00fa\u00f0irnar.<a name=\"8\"><span class=\"versanumer\">8<\/span><\/a>Og \u00feegar M\u00f3ses gekk \u00fat til tjaldsins, \u00fe\u00e1 st\u00f3\u00f0 upp allur l\u00fd\u00f0urinn, og gekk hv\u00f6r \u00fat \u00ed s\u00ednar tjalddyr, og leit eftir honum, \u00fear til hann kom a\u00f0 tjaldinu;<a name=\"9\"><span class=\"versanumer\">9<\/span><\/a>og er M\u00f3ses kom a\u00f0 tjaldinu, \u00fe\u00e1 seig sk\u00fdst\u00f3lpinn ni\u00f0ur og nam sta\u00f0ar vi\u00f0 tjalddyrnar, og <span class='VideyAth'>(Drottinn)<\/span> tala\u00f0i vi\u00f0 M\u00f3ses.<a name=\"10\"><span class=\"versanumer\">10<\/span><\/a>Allur l\u00fd\u00f0urinn s\u00e1, hvar sk\u00fdst\u00f3lpinn st\u00f3\u00f0 vi\u00f0 tjalddyrnar, st\u00f3\u00f0 \u00fe\u00e1 allt f\u00f3lki\u00f0 upp og f\u00e9ll fram \u00e1 s\u00edna \u00e1sj\u00f3nu, hv\u00f6r fyrir s\u00ednum tjalddyrum.<a name=\"11\"><span class=\"versanumer\">11<\/span><\/a>En Drottinn tala\u00f0i vi\u00f0 M\u00f3ses augliti til auglitis, eins og ma\u00f0ur talar vi\u00f0 mann; og \u00feegar M\u00f3ses gekk aftur til herb\u00fa\u00f0anna, veik hans \u00fej\u00f3n, s\u00e1 ungi J\u00f3s\u00faa, sonur N\u00fans, ekki fr\u00e1 tjaldinu. <br \/><a name=\"12\"><span class=\"versanumer\">12<\/span><\/a>M\u00f3ses sag\u00f0i til Drottins: sj\u00e1! \u00fe\u00fa segir m\u00e9r, a\u00f0 eg skuli fara me\u00f0 f\u00f3lki\u00f0 upp \u00feanga\u00f0, en hefir ekki l\u00e1ti\u00f0 mig vita, hv\u00f6rn \u00fe\u00fa vilt senda me\u00f0 m\u00e9r; og \u00fe\u00f3 hefir \u00fe\u00fa sagt, a\u00f0 eg s\u00e9 \u00fe\u00e9r handgenginn, og hafi fundi\u00f0 l\u00edkn fyrir \u00fe\u00ednu augliti;<a name=\"13\"><span class=\"versanumer\">13<\/span><\/a>hafi eg n\u00fa fundi\u00f0 l\u00edkn fyrir \u00fe\u00ednu augliti, \u00fe\u00e1 bi\u00f0 eg \u00feig v\u00edsa m\u00e9r \u00feinn veg, svo eg megi \u00feekkja \u00feig og finna l\u00edkn fyrir \u00fe\u00ednu augliti; \u00fev\u00ed sj\u00e1! \u00feessi \u00fej\u00f3\u00f0 er \u00feitt f\u00f3lk!<a name=\"14\"><span class=\"versanumer\">14<\/span><\/a>Hann sag\u00f0i: mitt auglit skal fara me\u00f0, og eg vil veita \u00fe\u00e9r hv\u00edld.<a name=\"15\"><span class=\"versanumer\">15<\/span><\/a>Hann svara\u00f0i honum: ef \u00feitt auglit fer ei me\u00f0, \u00fe\u00e1 l\u00e1t oss ekki fara h\u00e9\u00f0an;<a name=\"16\"><span class=\"versanumer\">16<\/span><\/a>af hv\u00f6rju megu menn ella vita, a\u00f0 eg og \u00feitt f\u00f3lk hafi fundi\u00f0 l\u00edkn fyrir \u00fe\u00ednu augliti, utan \u00fear af, a\u00f0 \u00fe\u00fa farir me\u00f0 oss, og eg og \u00feitt f\u00f3lk ver\u00f0um a\u00f0greindir fr\u00e1 \u00f6llum \u00fej\u00f3\u00f0um, sem \u00e1 j\u00f6r\u00f0u b\u00faa?<a name=\"17\"><span class=\"versanumer\">17<\/span><\/a>\u00de\u00e1 sag\u00f0i Drottinn vi\u00f0 M\u00f3ses: einnig \u00feetta, sem \u00fe\u00fa m\u00e6list til, vil eg gj\u00f6ra, \u00fev\u00ed \u00fe\u00fa hefir fundi\u00f0 l\u00edkn fyrir m\u00ednu augliti, og eg \u00feekki \u00feig grannt.<a name=\"18\"><span class=\"versanumer\">18<\/span><\/a>En hann sag\u00f0i: l\u00e1t mig \u00fe\u00e1 sj\u00e1 \u00fe\u00edna d\u00fdr\u00f0!<a name=\"19\"><span class=\"versanumer\">19<\/span><\/a>Hann svara\u00f0i: eg vil l\u00e1ta allan minn fegur\u00f0arlj\u00f3ma l\u00ed\u00f0a framhj\u00e1 \u00fe\u00e9r, og eg vil nefna nafn Drottins frammi fyrir \u00fe\u00e9r; \u00feeim sem eg er l\u00edknsamur, \u00feeim er eg l\u00edknsamur, og \u00feeim sem eg er miskunnsamur, \u00feeim er eg miskunnsamur.<a name=\"20\"><span class=\"versanumer\">20<\/span><\/a>Og enn sag\u00f0i hann: mitt auglit getur \u00fe\u00fa ei s\u00e9\u00f0, \u00fev\u00ed enginn ma\u00f0ur, sem mig s\u00e9r, m\u00e1 lifa.<a name=\"21\"><span class=\"versanumer\">21<\/span><\/a>Og enn sag\u00f0i Drottinn: sj\u00e1! h\u00e9r er sta\u00f0ur hj\u00e1 m\u00e9r; \u00fe\u00fa skalt standa uppi \u00e1 berginu,<a name=\"22\"><span class=\"versanumer\">22<\/span><\/a>en \u00feegar m\u00edn d\u00fdr\u00f0 fer framhj\u00e1, vil eg l\u00e1ta \u00feig standa \u00ed bergskorunni, og mun eg byrgja \u00feig me\u00f0 hendi minni, uns eg em kominn framhj\u00e1,<a name=\"23\"><span class=\"versanumer\">23<\/span><\/a>en \u00feegar eg tek m\u00edna h\u00f6nd fr\u00e1, \u00fe\u00e1 muntu sj\u00e1 \u00e1 bak m\u00e9r; en mitt auglit ver\u00f0ur ekki s\u00e9\u00f0.<\/p>\n<div class=\"footnoteVidey\"><\/div>\n","protected":false},"excerpt":{"rendered":"<p>Yfirb\u00f3t f\u00f3lksins; M\u00f3ses bi\u00f0ur fyrir \u00fev\u00ed. 1Drottinn sag\u00f0i til M\u00f3sis: gakk, og far h\u00e9\u00f0an me\u00f0 \u00fea\u00f0 f\u00f3lk, sem \u00fe\u00fa fluttir burt af Egyptalandi, til \u00feess lands, sem eg s\u00f3r a\u00f0 gefa Abraham, \u00cdsaak og Jakob, er eg sag\u00f0a: ni\u00f0jum \u00fe\u00ednum vil eg gefa \u00fea\u00f0.2Eg vil senda engil \u00e1 undan \u00fe\u00e9r\u2014og \u00fatreka Kanan\u00edta, Amor\u00edta, Het\u00edta, Feres\u00edta, Hev\u00edta og Jeb\u00fas\u00edta\u20143til \u00feess lands, sem fl\u00fdtur af mj\u00f3lk og hunangi; en ekki vil eg sj\u00e1lfur fara upp \u00feanga\u00f0 me\u00f0 \u00fe\u00e9r, sem ert svo baldst\u00fdrugur l\u00fd\u00f0ur, svo a\u00f0 eg ekki tort\u00fdni \u00fe\u00e9r \u00e1 lei\u00f0inni.4En er f\u00f3lki\u00f0 heyr\u00f0i \u00feennan \u00f3f\u00f6gnu\u00f0, gr\u00e9t \u00fea\u00f0, og enginn ma\u00f0ur bj\u00f3 <a href=\"https:\/\/biblian.is\/videy\/onnur-mosebok-33-kafli\/\"> [&#8230;]<\/a><\/p>\n","protected":false},"author":1,"featured_media":0,"parent":0,"menu_order":0,"comment_status":"open","ping_status":"open","template":"bibliukaflar.php","meta":{"footnotes":""},"class_list":["post-20932","page","type-page","status-publish","hentry"],"_links":{"self":[{"href":"https:\/\/biblian.is\/videy\/wp-json\/wp\/v2\/pages\/20932","targetHints":{"allow":["GET"]}}],"collection":[{"href":"https:\/\/biblian.is\/videy\/wp-json\/wp\/v2\/pages"}],"about":[{"href":"https:\/\/biblian.is\/videy\/wp-json\/wp\/v2\/types\/page"}],"author":[{"embeddable":true,"href":"https:\/\/biblian.is\/videy\/wp-json\/wp\/v2\/users\/1"}],"replies":[{"embeddable":true,"href":"https:\/\/biblian.is\/videy\/wp-json\/wp\/v2\/comments?post=20932"}],"version-history":[{"count":0,"href":"https:\/\/biblian.is\/videy\/wp-json\/wp\/v2\/pages\/20932\/revisions"}],"wp:attachment":[{"href":"https:\/\/biblian.is\/videy\/wp-json\/wp\/v2\/media?parent=20932"}],"curies":[{"name":"wp","href":"https:\/\/api.w.org\/{rel}","templated":true}]}}