{"id":20931,"date":"2018-01-02T00:59:35","date_gmt":"2018-01-02T00:59:35","guid":{"rendered":"http:\/\/biblian.is\/videy\/onnur-mosebok-32-kafli\/"},"modified":"2018-01-02T00:59:35","modified_gmt":"2018-01-02T00:59:35","slug":"onnur-mosebok-32-kafli","status":"publish","type":"page","link":"https:\/\/biblian.is\/videy\/onnur-mosebok-32-kafli\/","title":{"rendered":"\u00d6nnur M\u00f3seb\u00f3k 32. kafli"},"content":{"rendered":"<div class=\"fyrirsognVidey\">Gullk\u00e1lfurinn.<\/div>\n<p><a name=\"1\"><span class=\"versanumer\">1<\/span><\/a>En er f\u00f3lki\u00f0 s\u00e1, a\u00f0 seinka\u00f0ist koma M\u00f3sis af fjallinu, \u00fe\u00e1 f\u00f3ru \u00feeir \u00e1 fund Arons, og s\u00f6g\u00f0u til hans: kom og gj\u00f6r oss gu\u00f0i \u00fe\u00e1, er fyrir oss fari, \u00fev\u00ed v\u00e9r vitum ekki, hva\u00f0 af \u00feessum M\u00f3ses er or\u00f0i\u00f0, er oss leiddi burt af Egyptalandi.<a name=\"2\"><span class=\"versanumer\">2<\/span><\/a>Aron sag\u00f0i til \u00feeirra: taki\u00f0 eyrnagullin \u00far eyrum kvenna y\u00f0varra, sona og d\u00e6tra, og f\u00e6ri\u00f0 m\u00e9r!<a name=\"3\"><span class=\"versanumer\">3<\/span><\/a>\u00de\u00e1 t\u00f3k allur l\u00fd\u00f0urinn eyrnagullin \u00far eyrum \u00feeirra, og f\u00e6r\u00f0u Aroni,<a name=\"4\"><span class=\"versanumer\">4<\/span><\/a>en hann t\u00f3k vi\u00f0 gullinu af \u00feeim, laga\u00f0i \u00fea\u00f0 me\u00f0 grafalnum <span class='VideyAth'>*)<\/span> og gj\u00f6r\u00f0i \u00fear af steyptan k\u00e1lf. \u00de\u00e1 s\u00f6g\u00f0u \u00feeir: \u00cdsraelsl\u00fd\u00f0ur, \u00feetta eru \u00fe\u00ednir gu\u00f0ir, sem f\u00e6r\u00f0u \u00feig burt af Egyptalandi.<a name=\"5\"><span class=\"versanumer\">5<\/span><\/a>\u00deegar Aron s\u00e1 \u00fea\u00f0, hl\u00f3\u00f0 hann \u00feeim altari, kalla\u00f0i \u00fe\u00e1 saman og sag\u00f0i: \u00e1 morgun er h\u00e1t\u00ed\u00f0 Drottins.<a name=\"6\"><span class=\"versanumer\">6<\/span><\/a>N\u00e6sta morgun risu \u00feeir upp \u00e1rla, f\u00f3rnu\u00f0u brennif\u00f3rnum og f\u00e6r\u00f0u \u00feakkarf\u00f3rnir; s\u00ed\u00f0an settist f\u00f3lki\u00f0 ni\u00f0ur til a\u00f0 eta og drekka, og \u00fev\u00edn\u00e6st st\u00f3\u00f0u \u00feeir upp til a\u00f0 gamna s\u00e9r. <br \/><a name=\"7\"><span class=\"versanumer\">7<\/span><\/a>\u00de\u00e1 sag\u00f0i Drottinn til M\u00f3sis: far ofan \u00ed skyndi, \u00fev\u00ed landar \u00fe\u00ednir, sem \u00fe\u00fa \u00fatleiddir af Egyptalandi, hafa st\u00f3rum syndga\u00f0;<a name=\"8\"><span class=\"versanumer\">8<\/span><\/a>skj\u00f3tt hafa \u00feeir viki\u00f0 af \u00feeim vegi, sem eg bau\u00f0 \u00feeim, \u00feeir hafa gj\u00f6rt s\u00e9r steyptan k\u00e1lf, falli\u00f0 fram fyrir honum, f\u00f3rna\u00f0 honum, og sagt: \u00cdsraelsl\u00fd\u00f0ur, \u00feetta eru \u00fe\u00ednir gu\u00f0ir, sem leiddu \u00feig \u00fat af Egyptalandi.<a name=\"9\"><span class=\"versanumer\">9<\/span><\/a>Og enn sag\u00f0i Drottinn vi\u00f0 M\u00f3ses: eg hefi reynt \u00feenna l\u00fd\u00f0, og fundi\u00f0, a\u00f0 hann er baldst\u00fdrugur.<a name=\"10\"><span class=\"versanumer\">10<\/span><\/a>L\u00e1t mig n\u00fa kyrran, svo m\u00edn rei\u00f0i upptendrist \u00ed gegn \u00feeim og ey\u00f0ileggi \u00fe\u00e1; s\u00ed\u00f0an vil eg l\u00e1ta st\u00f3ra \u00fej\u00f3\u00f0 \u00e6xlast \u00fat af \u00fe\u00e9r.<a name=\"11\"><span class=\"versanumer\">11<\/span><\/a>\u00de\u00e1 ba\u00f0 M\u00f3ses au\u00f0mj\u00faklega til Drottins Gu\u00f0s s\u00edns, og sag\u00f0i: hv\u00ed skal \u00fe\u00edn rei\u00f0i, Drottinn, upptendrast gegn \u00fe\u00ednu f\u00f3lki, sem \u00fe\u00fa \u00fatleiddir af Egyptalandi me\u00f0 miklum styrk og voldugri hendi?<a name=\"12\"><span class=\"versanumer\">12<\/span><\/a>hv\u00ed skulu Egyptalandsmenn segja, og kve\u00f0a svo a\u00f0 or\u00f0i: til ills leiddi hann \u00fe\u00e1 \u00fat, til a\u00f0 dey\u00f0a \u00fe\u00e1 \u00e1 fj\u00f6llum uppi, og afm\u00e1 \u00fe\u00e1 af j\u00f6r\u00f0unni? Sn\u00fa \u00fe\u00e9r fr\u00e1 \u00feinni brennandi rei\u00f0i, og hl\u00edf \u00fe\u00ednu f\u00f3lki vi\u00f0 sl\u00edku tj\u00f3ni!<a name=\"13\"><span class=\"versanumer\">13<\/span><\/a>Minnst \u00feinna \u00fej\u00f3na, Abrahams, \u00cdsaaks og Jakobs, hv\u00f6rjum \u00fe\u00fa hefir svari\u00f0 vi\u00f0 sj\u00e1lfan \u00feig og gefi\u00f0 \u00feetta fyrirheit: eg vil gj\u00f6ra y\u00f0ar afkomendur eins marga og stj\u00f6rnur himinsins, og allt \u00feetta land, sem eg hefi um tala\u00f0, vil eg gefa y\u00f0ar ni\u00f0jum, og \u00feeir skulu eignast \u00fea\u00f0 \u00e6vinlega.<a name=\"14\"><span class=\"versanumer\">14<\/span><\/a>\u00de\u00e1 hl\u00edf\u00f0ist Drottinn vi\u00f0 a\u00f0 gj\u00f6ra s\u00ednu f\u00f3lki \u00fea\u00f0 tj\u00f3n, sem hann haf\u00f0i um tala\u00f0. <br \/><a name=\"15\"><span class=\"versanumer\">15<\/span><\/a>S\u00ed\u00f0an sneri M\u00f3ses burt, og gekk ofan af fjallinu; hann haf\u00f0i b\u00e1\u00f0ar l\u00f6gm\u00e1lst\u00f6flurnar \u00ed hendi s\u00e9r; \u00fe\u00e6r t\u00f6flur voru skrifa\u00f0ar b\u00e1\u00f0um megin, \u00e1 einni hli\u00f0inni, sem \u00e1 annarri;<a name=\"16\"><span class=\"versanumer\">16<\/span><\/a>\u00feessar t\u00f6flur voru verk Gu\u00f0s, og letri\u00f0, sem grafi\u00f0 var \u00e1 t\u00f6flurnar, var Gu\u00f0s letur.<a name=\"17\"><span class=\"versanumer\">17<\/span><\/a>N\u00fa sem J\u00f3s\u00faa heyr\u00f0i \u00f3pi\u00f0 \u00ed f\u00f3lkinu, sag\u00f0i hann til M\u00f3sis: \u00fea\u00f0 er er her\u00f3p \u00ed b\u00fa\u00f0unum!<a name=\"18\"><span class=\"versanumer\">18<\/span><\/a>Hann svara\u00f0i: \u00fea\u00f0 hlj\u00f3\u00f0, sem eg heyri, er ekki sigur\u00f3p og ekki valhlj\u00f3\u00f0, heldur s\u00f6ngl\u00e6ti.<a name=\"19\"><span class=\"versanumer\">19<\/span><\/a>En er M\u00f3ses n\u00e1lga\u00f0ist herb\u00fa\u00f0irnar, og s\u00e1 k\u00e1lfinn og dansleikinn, \u00fe\u00e1 var\u00f0 hann st\u00f3rrei\u00f0ur, kasta\u00f0i t\u00f6flunum \u00far hendi s\u00e9r, og braut \u00fe\u00e6r \u00ed sundur fyrir ne\u00f0an fjalli\u00f0;<a name=\"20\"><span class=\"versanumer\">20<\/span><\/a>s\u00ed\u00f0an t\u00f3k hann k\u00e1lfinn, sem \u00feeir h\u00f6f\u00f0u gj\u00f6rt, brenndi hann \u00ed eldi, muldi hann \u00ed sm\u00e1tt, og dreif\u00f0i duftinu \u00e1 vatni\u00f0, og l\u00e9t \u00cdsraelsmenn drekka.<a name=\"21\"><span class=\"versanumer\">21<\/span><\/a>\u00de\u00e1 sag\u00f0i M\u00f3ses til Arons: hva\u00f0 hefir \u00feetta f\u00f3lk gj\u00f6rt \u00fe\u00e9r \u00feess, a\u00f0 \u00fe\u00fa skulir hafa leitt \u00fe\u00e1 \u00ed sl\u00edk st\u00f3rm\u00e6li?<a name=\"22\"><span class=\"versanumer\">22<\/span><\/a>Aron svara\u00f0i: rei\u00f0st eigi, herra! \u00fe\u00fa \u00feekkir \u00feetta f\u00f3lk, a\u00f0 \u00fea\u00f0 er lastafullt;<a name=\"23\"><span class=\"versanumer\">23<\/span><\/a>\u00feeir s\u00f6g\u00f0u til m\u00edn: gj\u00f6r oss gu\u00f0i \u00fe\u00e1, er fyrir oss fari, \u00fev\u00ed v\u00e9r vitum ei, hva\u00f0 af \u00feessum M\u00f3ses er or\u00f0i\u00f0, er leiddi oss burt af Egyptalandi.<a name=\"24\"><span class=\"versanumer\">24<\/span><\/a>\u00de\u00e1 sag\u00f0i eg til \u00feeirra: hv\u00f6r sem gull hefir \u00e1 s\u00e9r hann sl\u00edti \u00fea\u00f0 af s\u00e9r; fengu \u00feeir m\u00e9r \u00fe\u00e1 gulli\u00f0, l\u00e9t eg \u00fea\u00f0 \u00ed eld, og kom \u00fe\u00e1 fram \u00feessi k\u00e1lfur.<a name=\"25\"><span class=\"versanumer\">25<\/span><\/a>En er M\u00f3ses s\u00e1, a\u00f0 f\u00f3lki\u00f0 var taumlaust, \u00fev\u00ed Aron haf\u00f0i sleppt vi\u00f0 \u00fe\u00e1 taumnum, til \u00feess \u00feeir skyldu ver\u00f0a fyrir hneisu af m\u00f3tst\u00f6\u00f0um\u00f6nnum s\u00ednum,<a name=\"26\"><span class=\"versanumer\">26<\/span><\/a>\u00fe\u00e1 gekk hann upp \u00ed herb\u00fa\u00f0ahli\u00f0i\u00f0, og m\u00e6lti: komi til m\u00edn hv\u00f6r s\u00e1, er Drottni vill fylgja! \u00de\u00e1 s\u00f6fnu\u00f0ust allir Lev\u00edtar til hans,<a name=\"27\"><span class=\"versanumer\">27<\/span><\/a>og hann sag\u00f0i til \u00feeirra: svo segir Drottinn \u00cdsraels Gu\u00f0: hv\u00f6r einn festi sver\u00f0 \u00e1 hli\u00f0 s\u00e9r, fari svo fram og aftur fr\u00e1 einu hli\u00f0i herb\u00fa\u00f0anna til annars, og sl\u00e1i hv\u00f6r sinn br\u00f3\u00f0ur, vin og fr\u00e6nda \u00ed hel!<a name=\"28\"><span class=\"versanumer\">28<\/span><\/a>Lev\u00edtar gj\u00f6r\u00f0u, sem M\u00f3ses bau\u00f0 \u00feeim, og f\u00e9llu af f\u00f3lkinu \u00e1 \u00feeim degi \u00ferj\u00e1r \u00fe\u00fasundir manna;<a name=\"29\"><span class=\"versanumer\">29<\/span><\/a>\u00fev\u00ed M\u00f3ses haf\u00f0i sagt: veri\u00f0 \u00f6rl\u00e1tir \u00ed dag vi\u00f0 Drottin <span class='VideyAth'>(f\u00e6ri\u00f0 Drottni fullar hendur f\u00f3rna \u00ed dag)<\/span>, og s\u00e6ki hv\u00f6r a\u00f0 syni s\u00ednum og br\u00f3\u00f0ur, og mun hann veita y\u00f0ur blessun \u00ed dag.<a name=\"30\"><span class=\"versanumer\">30<\/span><\/a>N\u00e6sta dags morgun sag\u00f0i M\u00f3ses til l\u00fd\u00f0sins: \u00fe\u00e9r hafi\u00f0 dr\u00fdgt st\u00f3ra synd; en n\u00fa vil eg fara upp til Drottins, m\u00e1 vera a\u00f0 eg f\u00e1i uppgj\u00f6f \u00e1 y\u00f0varri synd.<a name=\"31\"><span class=\"versanumer\">31<\/span><\/a>s\u00ed\u00f0an sneri M\u00f3ses aftur til Drottins, og m\u00e6lti: \u00e6, \u00feetta f\u00f3lk hefir frami\u00f0 st\u00f3ra synd, er \u00fea\u00f0 hefir gj\u00f6rt s\u00e9r go\u00f0 \u00far gulli!<a name=\"32\"><span class=\"versanumer\">32<\/span><\/a>Eg bi\u00f0, fyrirgef \u00feeim n\u00fa \u00feeirra synd! ef ekki, \u00fe\u00e1 bi\u00f0 eg, a\u00f0 \u00fe\u00fa afm\u00e1ir mig af \u00feinni b\u00f3k, sem \u00fe\u00fa hefir skrifa\u00f0.<a name=\"33\"><span class=\"versanumer\">33<\/span><\/a>Drottinn sag\u00f0i til M\u00f3sis: \u00feann, sem syndga\u00f0 hefir m\u00f3ti m\u00e9r, vil eg afm\u00e1 af minni b\u00f3k;<a name=\"34\"><span class=\"versanumer\">34<\/span><\/a>far n\u00fa, og lei\u00f0 f\u00f3lki\u00f0 \u00feanga\u00f0 sem eg hefi sagt \u00fe\u00e9r; sj\u00e1! minn engill skal fara fyrir \u00fe\u00e9r; en \u00feegar minn hegningart\u00edmi kemur, skal eg hegna \u00feeim fyrir \u00feeirra syndir.<a name=\"35\"><span class=\"versanumer\">35<\/span><\/a>En Drottinn sl\u00f3 f\u00f3lki\u00f0, af \u00fev\u00ed \u00feeir h\u00f6f\u00f0u l\u00e1ti\u00f0 Aron gj\u00f6ra k\u00e1lfinn <span class='VideyAth'>(fyrir \u00fea\u00f0, sem \u00feeir h\u00f6f\u00f0u gj\u00f6rt vi\u00f0 k\u00e1lfinn, sem Aron haf\u00f0i gj\u00f6rt)<\/span>.<\/p>\n<div class=\"footnoteVidey\">*) mynda\u00f0i \u00fea\u00f0 \u00ed m\u00f3ti?<\/div>\n","protected":false},"excerpt":{"rendered":"<p>Gullk\u00e1lfurinn. 1En er f\u00f3lki\u00f0 s\u00e1, a\u00f0 seinka\u00f0ist koma M\u00f3sis af fjallinu, \u00fe\u00e1 f\u00f3ru \u00feeir \u00e1 fund Arons, og s\u00f6g\u00f0u til hans: kom og gj\u00f6r oss gu\u00f0i \u00fe\u00e1, er fyrir oss fari, \u00fev\u00ed v\u00e9r vitum ekki, hva\u00f0 af \u00feessum M\u00f3ses er or\u00f0i\u00f0, er oss leiddi burt af Egyptalandi.2Aron sag\u00f0i til \u00feeirra: taki\u00f0 eyrnagullin \u00far eyrum kvenna y\u00f0varra, sona og d\u00e6tra, og f\u00e6ri\u00f0 m\u00e9r!3\u00de\u00e1 t\u00f3k allur l\u00fd\u00f0urinn eyrnagullin \u00far eyrum \u00feeirra, og f\u00e6r\u00f0u Aroni,4en hann t\u00f3k vi\u00f0 gullinu af \u00feeim, laga\u00f0i \u00fea\u00f0 me\u00f0 grafalnum *) og gj\u00f6r\u00f0i \u00fear af steyptan k\u00e1lf. \u00de\u00e1 s\u00f6g\u00f0u \u00feeir: \u00cdsraelsl\u00fd\u00f0ur, \u00feetta eru \u00fe\u00ednir gu\u00f0ir, sem f\u00e6r\u00f0u \u00feig <a href=\"https:\/\/biblian.is\/videy\/onnur-mosebok-32-kafli\/\"> [&#8230;]<\/a><\/p>\n","protected":false},"author":1,"featured_media":0,"parent":0,"menu_order":0,"comment_status":"open","ping_status":"open","template":"bibliukaflar.php","meta":{"footnotes":""},"class_list":["post-20931","page","type-page","status-publish","hentry"],"_links":{"self":[{"href":"https:\/\/biblian.is\/videy\/wp-json\/wp\/v2\/pages\/20931","targetHints":{"allow":["GET"]}}],"collection":[{"href":"https:\/\/biblian.is\/videy\/wp-json\/wp\/v2\/pages"}],"about":[{"href":"https:\/\/biblian.is\/videy\/wp-json\/wp\/v2\/types\/page"}],"author":[{"embeddable":true,"href":"https:\/\/biblian.is\/videy\/wp-json\/wp\/v2\/users\/1"}],"replies":[{"embeddable":true,"href":"https:\/\/biblian.is\/videy\/wp-json\/wp\/v2\/comments?post=20931"}],"version-history":[{"count":0,"href":"https:\/\/biblian.is\/videy\/wp-json\/wp\/v2\/pages\/20931\/revisions"}],"wp:attachment":[{"href":"https:\/\/biblian.is\/videy\/wp-json\/wp\/v2\/media?parent=20931"}],"curies":[{"name":"wp","href":"https:\/\/api.w.org\/{rel}","templated":true}]}}