{"id":20930,"date":"2018-01-02T00:59:35","date_gmt":"2018-01-02T00:59:35","guid":{"rendered":"http:\/\/biblian.is\/videy\/onnur-mosebok-31-kafli\/"},"modified":"2018-01-02T00:59:35","modified_gmt":"2018-01-02T00:59:35","slug":"onnur-mosebok-31-kafli","status":"publish","type":"page","link":"https:\/\/biblian.is\/videy\/onnur-mosebok-31-kafli\/","title":{"rendered":"\u00d6nnur M\u00f3seb\u00f3k 31. kafli"},"content":{"rendered":"<div class=\"fyrirsognVidey\">Drottinn velur meistara til tjaldb\u00fa\u00f0arsm\u00ed\u00f0arinnar. Helgihald hv\u00edldardagsins. L\u00f6gm\u00e1lst\u00f6flurnar.<\/div>\n<p><a name=\"1\"><span class=\"versanumer\">1<\/span><\/a>Drottinn m\u00e6lti vi\u00f0 M\u00f3ses, og sag\u00f0i:<a name=\"2\"><span class=\"versanumer\">2<\/span><\/a>eg hefi kvatt til Besalel \u00dar\u00edson H\u00farssonar af J\u00fada \u00e6ttkv\u00edsl;<a name=\"3\"><span class=\"versanumer\">3<\/span><\/a>eg hefi veitt honum gu\u00f0lega andagift, hagleik, kunn\u00e1ttu og skilning, \u00ed alls konar handi\u00f0num,<a name=\"4\"><span class=\"versanumer\">4<\/span><\/a>svo a\u00f0 hann er mesti hugvitsma\u00f0ur \u00e1 gull og silfur og eir,<a name=\"5\"><span class=\"versanumer\">5<\/span><\/a>\u00e1 steingr\u00f6ft, steinsetning, tr\u00e9skur\u00f0 og alls konar sm\u00ed\u00f0ar.<a name=\"6\"><span class=\"versanumer\">6<\/span><\/a>Eg hefi \u00e6tla\u00f0 honum til a\u00f0sto\u00f0ar Ohol\u00edab Ak\u00edsamaksson af Dans \u00e6ttkv\u00edsl, og veitt hefi eg \u00fdmsum hagleiksm\u00f6nnum \u00fea\u00f0 hugvit, a\u00f0 \u00feeir skulu gj\u00f6rt geta allt \u00fea\u00f0, sem eg hefi fyrir \u00feig lagt,<a name=\"7\"><span class=\"versanumer\">7<\/span><\/a>sem er samkundutjaldb\u00fa\u00f0in, l\u00f6gm\u00e1ls\u00f6rkin, arkarloki\u00f0 og allur umb\u00fana\u00f0ur tjaldb\u00fa\u00f0arinnar,<a name=\"8\"><span class=\"versanumer\">8<\/span><\/a>bor\u00f0i\u00f0 og \u00feess \u00e1h\u00f6ld, s\u00e1 lj\u00f3mandi lj\u00f3sahj\u00e1lmur og allt sem til hans heyrir, reykelsis altari\u00f0,<a name=\"9\"><span class=\"versanumer\">9<\/span><\/a>brennif\u00f3rnaraltari\u00f0 me\u00f0 \u00f6llum s\u00ednum b\u00fana\u00f0i, eirkeri\u00f0 me\u00f0 st\u00e9tt \u00feess,<a name=\"10\"><span class=\"versanumer\">10<\/span><\/a>glitkl\u00e6\u00f0in, v\u00edgslukl\u00e6\u00f0i Arons kennimanns, og kennimannab\u00faningur sona hans,<a name=\"11\"><span class=\"versanumer\">11<\/span><\/a>smurningarvi\u00f0smj\u00f6ri\u00f0, \u00fea\u00f0 ilmandi reykelsi til helgid\u00f3msins; allt sem eg hefi bo\u00f0i\u00f0 \u00fe\u00e9r, skulu \u00feeir gj\u00f6rt geta.<br \/><a name=\"12\"><span class=\"versanumer\">12<\/span><\/a>Drottinn tala\u00f0i til M\u00f3sis, og sag\u00f0i:<a name=\"13\"><span class=\"versanumer\">13<\/span><\/a>tala \u00fe\u00fa til \u00cdsraelsmanna, og seg: \u00fe\u00e9r skulu\u00f0 halda m\u00edna hv\u00edldardaga, \u00fev\u00ed \u00fea\u00f0 er jarteikn me\u00f0al m\u00edn og y\u00f0ar og y\u00f0varra ni\u00f0ja, svo \u00fe\u00e9r viti\u00f0, a\u00f0 eg Drottinn er s\u00e1, sem y\u00f0ur gj\u00f6rir heilaga.<a name=\"14\"><span class=\"versanumer\">14<\/span><\/a>Haldi\u00f0 \u00fev\u00ed hv\u00edldardaginn, \u00fev\u00ed hann skal vera y\u00f0ur heilagur; hv\u00f6r sem vanhelgar hann, skal l\u00e1ta l\u00edf sitt; \u00fev\u00ed hv\u00f6r sem \u00fe\u00e1 vinnur, s\u00e1 ma\u00f0ur skal ver\u00f0a afm\u00e1\u00f0ur af s\u00ednu f\u00f3lki.<a name=\"15\"><span class=\"versanumer\">15<\/span><\/a>Menn skulu vinna \u00ed sex daga, en sj\u00f6unda daginn er h\u00e1t\u00ed\u00f0ishv\u00edld, helgu\u00f0 Drottni; hv\u00f6r sem vinnur \u00e1 hv\u00edldardeginum, skal l\u00e1ta l\u00edf sitt.<a name=\"16\"><span class=\"versanumer\">16<\/span><\/a>\u00dear fyrir skulu \u00cdsraelsmenn halda hv\u00edldardaginn, svo \u00feeir gj\u00f6ri hv\u00edldardaginn a\u00f0 eil\u00edfum s\u00e1ttm\u00e1la fyrir s\u00edna eftirkomendur;<a name=\"17\"><span class=\"versanumer\">17<\/span><\/a>eil\u00edflega skal hann vera jarteikn me\u00f0al m\u00edn og \u00cdsraelsmanna, \u00fev\u00ed \u00e1 sex d\u00f6gum sk\u00f3p Drottin himin og j\u00f6r\u00f0, en l\u00e9t af og hv\u00edldist \u00e1 hinum sj\u00f6unda degi. <br \/><a name=\"18\"><span class=\"versanumer\">18<\/span><\/a>\u00deegar hann haf\u00f0i loki\u00f0 \u00feessum vi\u00f0r\u00e6\u00f0um vi\u00f0 M\u00f3ses \u00e1 S\u00edna\u00ed fjalli, f\u00e9kk hann honum tv\u00e6r l\u00f6gm\u00e1lst\u00f6flur, \u00fe\u00e6r voru af steini og rita\u00f0ar me\u00f0 Gu\u00f0s fingri.<\/p>\n<div class=\"footnoteVidey\"><\/div>\n","protected":false},"excerpt":{"rendered":"<p>Drottinn velur meistara til tjaldb\u00fa\u00f0arsm\u00ed\u00f0arinnar. Helgihald hv\u00edldardagsins. L\u00f6gm\u00e1lst\u00f6flurnar. 1Drottinn m\u00e6lti vi\u00f0 M\u00f3ses, og sag\u00f0i:2eg hefi kvatt til Besalel \u00dar\u00edson H\u00farssonar af J\u00fada \u00e6ttkv\u00edsl;3eg hefi veitt honum gu\u00f0lega andagift, hagleik, kunn\u00e1ttu og skilning, \u00ed alls konar handi\u00f0num,4svo a\u00f0 hann er mesti hugvitsma\u00f0ur \u00e1 gull og silfur og eir,5\u00e1 steingr\u00f6ft, steinsetning, tr\u00e9skur\u00f0 og alls konar sm\u00ed\u00f0ar.6Eg hefi \u00e6tla\u00f0 honum til a\u00f0sto\u00f0ar Ohol\u00edab Ak\u00edsamaksson af Dans \u00e6ttkv\u00edsl, og veitt hefi eg \u00fdmsum hagleiksm\u00f6nnum \u00fea\u00f0 hugvit, a\u00f0 \u00feeir skulu gj\u00f6rt geta allt \u00fea\u00f0, sem eg hefi fyrir \u00feig lagt,7sem er samkundutjaldb\u00fa\u00f0in, l\u00f6gm\u00e1ls\u00f6rkin, arkarloki\u00f0 og allur umb\u00fana\u00f0ur tjaldb\u00fa\u00f0arinnar,8bor\u00f0i\u00f0 og \u00feess \u00e1h\u00f6ld, s\u00e1 lj\u00f3mandi lj\u00f3sahj\u00e1lmur og <a href=\"https:\/\/biblian.is\/videy\/onnur-mosebok-31-kafli\/\"> [&#8230;]<\/a><\/p>\n","protected":false},"author":1,"featured_media":0,"parent":0,"menu_order":0,"comment_status":"open","ping_status":"open","template":"bibliukaflar.php","meta":{"footnotes":""},"class_list":["post-20930","page","type-page","status-publish","hentry"],"_links":{"self":[{"href":"https:\/\/biblian.is\/videy\/wp-json\/wp\/v2\/pages\/20930","targetHints":{"allow":["GET"]}}],"collection":[{"href":"https:\/\/biblian.is\/videy\/wp-json\/wp\/v2\/pages"}],"about":[{"href":"https:\/\/biblian.is\/videy\/wp-json\/wp\/v2\/types\/page"}],"author":[{"embeddable":true,"href":"https:\/\/biblian.is\/videy\/wp-json\/wp\/v2\/users\/1"}],"replies":[{"embeddable":true,"href":"https:\/\/biblian.is\/videy\/wp-json\/wp\/v2\/comments?post=20930"}],"version-history":[{"count":0,"href":"https:\/\/biblian.is\/videy\/wp-json\/wp\/v2\/pages\/20930\/revisions"}],"wp:attachment":[{"href":"https:\/\/biblian.is\/videy\/wp-json\/wp\/v2\/media?parent=20930"}],"curies":[{"name":"wp","href":"https:\/\/api.w.org\/{rel}","templated":true}]}}